{"id":6524,"date":"2025-04-15T09:47:22","date_gmt":"2025-04-15T09:47:22","guid":{"rendered":"https:\/\/xenonkungen.com\/product\/baklampa-125rme-rod\/"},"modified":"2026-04-24T17:09:17","modified_gmt":"2026-04-24T16:09:17","slug":"takavalon-125rme-tanko","status":"publish","type":"product","link":"https:\/\/xenonkungen.com\/fi\/tuote\/takavalon-125rme-tanko\/","title":{"rendered":"Takavalo 125RME Punainen"},"content":{"rendered":"<h1>Jarru- ja takavalo mustalla kehyksell\u00e4 145x145 mm \u2013 T\u00e4ydellinen ajoneuvovalaistuksen p\u00e4ivitt\u00e4miseen<\/h1>\n<p>Kun haluat parantaa ajoneuvosi valaistusta, oikeiden polttimoiden valinta on \u00e4\u00e4rimm\u00e4isen t\u00e4rke\u00e4\u00e4. Mustakehyksiset jarru- ja takavalomme, joiden mitat ovat 145x145 mm, tarjoavat erinomaisen ratkaisun ajoneuvosi valaistuksen parantamiseen. N\u00e4m\u00e4 polttimot on erityisesti suunniteltu helppoon pinta-asennukseen ja niiss\u00e4 on luotettava ja vuotamaton elektroniikka.<\/p>\n<h2>Pitk\u00e4kestoinen suorituskyky:<\/h2>\n<p>Mustakehyksiset jarru- ja takavalomme on tehty kest\u00e4m\u00e4\u00e4n. Mustakehyksinen muotoilu antaa modernin ja tyylikk\u00e4\u00e4n ilmeen ja suojaa valoja korroosiolta ja kulumiselta, mik\u00e4 on erityisen t\u00e4rke\u00e4\u00e4 ulkok\u00e4yt\u00f6ss\u00e4.<\/p>\n<h2>5 vuoden takuu:<\/h2>\n<p>Vahvistaaksemme luottamuksemme tuotteidemme laatuun tarjoamme runsaan 5 vuoden takuun. T\u00e4m\u00e4 antaa sinulle lis\u00e4mielenrauhaa valitessasi polttimoitamme ajoneuvosi p\u00e4ivitettyyn valaistukseen.<\/p>\n<p>Yhteenvetona voidaan todeta, ett\u00e4 mustareunainen ja 145x145 mm:n kokoinen jarru- ja takavalomme ovat t\u00e4ydellinen valinta ajoneuvosi valaistuksen parantamiseen. Niiden tekniset tiedot, kest\u00e4vyys ja takuuaika tekev\u00e4t niist\u00e4 luotettavan ja laadukkaan ratkaisun matkasi turvallisuuden ja tyylin lis\u00e4\u00e4miseksi. Anna ajoneuvollesi ansaitsemansa p\u00e4ivitetty valaistus mustareunainen valomme avulla.<\/p>","protected":false},"excerpt":{"rendered":"<p>Stopp- och Baklampa med Svart Sarg 145x145mm &#8211; Perfekt f\u00f6r Uppgraderad Fordonsbelysning N\u00e4r det g\u00e4ller att f\u00f6rb\u00e4ttra belysningen p\u00e5 ditt fordon \u00e4r valet av de r\u00e4tta lamporna av st\u00f6rsta vikt. V\u00e5ra stopp- och baklampor med svart sarg och dimensioner p\u00e5 145x145mm erbjuder en utm\u00e4rkt l\u00f6sning f\u00f6r att uppgradera din fordonsbelysning. Dessa lampor \u00e4r speciellt utformade [&hellip;]<\/p>","protected":false},"featured_media":6525,"comment_status":"closed","ping_status":"open","template":"","meta":{"_acf_changed":false,"_smort_price_nok":"587","_smort_price_dkk":"373","_smort_price_eur":"50","_smort_sale_price_nok":"","_smort_sale_price_dkk":"","_smort_sale_price_eur":"","smort_restorder":"","shipmondo_restorder":"","_kad_blocks_custom_css":"","_kad_blocks_head_custom_js":"","_kad_blocks_body_custom_js":"","_kad_blocks_footer_custom_js":"","smort_custom_pricelist_1":"308","smort_custom_pricelist_2":"308","smort_custom_pricelist_3":"292.6","smort_custom_pricelist_4":"440","smort_custom_pricelist_5":"308"},"anvandningsomrade":[166,238,2816],"bilmarken":[],"product_brand":[1252],"product_cat":[3049,2552],"product_tag":[],"class_list":{"0":"post-6524","1":"product","2":"type-product","3":"status-publish","4":"has-post-thumbnail","6":"anvandningsomrade-lastbil","7":"anvandningsomrade-slap","8":"anvandningsomrade-trailer","9":"product_brand-lea","10":"product_cat-bakljus-enkel-rektangular","11":"product_cat-bakljus-slap","12":"pa_fuktskydd-varde-ipxx-ip67","13":"pa_storlek-mm-145x145","14":"pa_volt-v-12-24","16":"first","17":"onbackorder","18":"taxable","19":"shipping-taxable","20":"purchasable","21":"product-type-simple"},"bundled_by":[],"bundle_stock_status":"onbackorder","bundle_stock_quantity":0,"bundle_virtual":false,"bundle_layout":"","bundle_add_to_cart_form_location":"","bundle_editable_in_cart":false,"bundle_sold_individually_context":"","bundle_item_grouping":"","bundle_min_size":"","bundle_max_size":"","bundle_price":[],"bundled_items":[],"bundle_sell_ids":[],"acf":[],"yoast_head":"<!-- This site is optimized with the Yoast SEO plugin v27.0 - https:\/\/yoast.com\/product\/yoast-seo-wordpress\/ -->\n<title>Baklampa 125RME R\u00f6d - Xenonkungen<\/title>\n<meta name=\"robots\" content=\"index, follow, max-snippet:-1, max-image-preview:large, max-video-preview:-1\" \/>\n<link rel=\"canonical\" href=\"https:\/\/xenonkungen.com\/fi\/tuote\/takavalon-125rme-tanko\/\" \/>\n<meta property=\"og:locale\" content=\"fi_FI\" \/>\n<meta property=\"og:type\" content=\"article\" \/>\n<meta property=\"og:title\" content=\"Baklampa 125RME R\u00f6d - Xenonkungen\" \/>\n<meta property=\"og:description\" content=\"Stopp- och Baklampa med Svart Sarg 145x145mm &#8211; Perfekt f\u00f6r Uppgraderad Fordonsbelysning N\u00e4r det g\u00e4ller att f\u00f6rb\u00e4ttra belysningen p\u00e5 ditt fordon \u00e4r valet av de r\u00e4tta lamporna av st\u00f6rsta vikt. V\u00e5ra stopp- och baklampor med svart sarg och dimensioner p\u00e5 145x145mm erbjuder en utm\u00e4rkt l\u00f6sning f\u00f6r att uppgradera din fordonsbelysning. Dessa lampor \u00e4r speciellt utformade [&hellip;]\" \/>\n<meta property=\"og:url\" content=\"https:\/\/xenonkungen.com\/fi\/tuote\/takavalon-125rme-tanko\/\" \/>\n<meta property=\"og:site_name\" content=\"Xenonkungen\" \/>\n<meta property=\"article:modified_time\" content=\"2026-04-24T16:09:17+00:00\" \/>\n<meta property=\"og:image\" content=\"https:\/\/xenonkungen.com\/wp-content\/uploads\/2025\/04\/7282977-origpic-896d2e.png\" \/>\n\t<meta property=\"og:image:width\" content=\"600\" \/>\n\t<meta property=\"og:image:height\" content=\"600\" \/>\n\t<meta property=\"og:image:type\" content=\"image\/png\" \/>\n<meta name=\"twitter:card\" content=\"summary_large_image\" \/>\n<meta name=\"twitter:label1\" content=\"Arvioitu lukuaika\" \/>\n\t<meta name=\"twitter:data1\" content=\"1 minuutti\" \/>\n<script type=\"application\/ld+json\" class=\"yoast-schema-graph\">{\"@context\":\"https:\/\/schema.org\",\"@graph\":[{\"@type\":\"WebPage\",\"@id\":\"https:\/\/xenonkungen.com\/produkt\/baklampa-125rme-rod\/\",\"url\":\"https:\/\/xenonkungen.com\/produkt\/baklampa-125rme-rod\/\",\"name\":\"Baklampa 125RME R\u00f6d - Xenonkungen\",\"isPartOf\":{\"@id\":\"https:\/\/xenonkungen.com\/#website\"},\"primaryImageOfPage\":{\"@id\":\"https:\/\/xenonkungen.com\/produkt\/baklampa-125rme-rod\/#primaryimage\"},\"image\":{\"@id\":\"https:\/\/xenonkungen.com\/produkt\/baklampa-125rme-rod\/#primaryimage\"},\"thumbnailUrl\":\"https:\/\/xenonkungen.com\/wp-content\/uploads\/2025\/04\/7282977-origpic-896d2e.png\",\"datePublished\":\"2025-04-15T09:47:22+00:00\",\"dateModified\":\"2026-04-24T16:09:17+00:00\",\"breadcrumb\":{\"@id\":\"https:\/\/xenonkungen.com\/produkt\/baklampa-125rme-rod\/#breadcrumb\"},\"inLanguage\":\"fi\",\"potentialAction\":[{\"@type\":\"ReadAction\",\"target\":[\"https:\/\/xenonkungen.com\/produkt\/baklampa-125rme-rod\/\"]}]},{\"@type\":\"ImageObject\",\"inLanguage\":\"fi\",\"@id\":\"https:\/\/xenonkungen.com\/produkt\/baklampa-125rme-rod\/#primaryimage\",\"url\":\"https:\/\/xenonkungen.com\/wp-content\/uploads\/2025\/04\/7282977-origpic-896d2e.png\",\"contentUrl\":\"https:\/\/xenonkungen.com\/wp-content\/uploads\/2025\/04\/7282977-origpic-896d2e.png\",\"width\":600,\"height\":600},{\"@type\":\"BreadcrumbList\",\"@id\":\"https:\/\/xenonkungen.com\/produkt\/baklampa-125rme-rod\/#breadcrumb\",\"itemListElement\":[{\"@type\":\"ListItem\",\"position\":1,\"name\":\"Hem\",\"item\":\"https:\/\/xenonkungen.com\/\"},{\"@type\":\"ListItem\",\"position\":2,\"name\":\"Shop\",\"item\":\"https:\/\/xenonkungen.com\/shop\/\"},{\"@type\":\"ListItem\",\"position\":3,\"name\":\"Baklampa 125RME R\u00f6d\"}]},{\"@type\":\"WebSite\",\"@id\":\"https:\/\/xenonkungen.com\/#website\",\"url\":\"https:\/\/xenonkungen.com\/\",\"name\":\"Xenonkungen\",\"description\":\"\",\"potentialAction\":[{\"@type\":\"SearchAction\",\"target\":{\"@type\":\"EntryPoint\",\"urlTemplate\":\"https:\/\/xenonkungen.com\/?s={search_term_string}\"},\"query-input\":{\"@type\":\"PropertyValueSpecification\",\"valueRequired\":true,\"valueName\":\"search_term_string\"}}],\"inLanguage\":\"fi\"}]}<\/script>\n<!-- \/ Yoast SEO plugin. -->","yoast_head_json":{"title":"Takavalo 125RME Punainen - Xenonkungen","robots":{"index":"index","follow":"follow","max-snippet":"max-snippet:-1","max-image-preview":"max-image-preview:large","max-video-preview":"max-video-preview:-1"},"canonical":"https:\/\/xenonkungen.com\/fi\/tuote\/takavalon-125rme-tanko\/","og_locale":"fi_FI","og_type":"article","og_title":"Baklampa 125RME R\u00f6d - Xenonkungen","og_description":"Stopp- och Baklampa med Svart Sarg 145x145mm &#8211; Perfekt f\u00f6r Uppgraderad Fordonsbelysning N\u00e4r det g\u00e4ller att f\u00f6rb\u00e4ttra belysningen p\u00e5 ditt fordon \u00e4r valet av de r\u00e4tta lamporna av st\u00f6rsta vikt. V\u00e5ra stopp- och baklampor med svart sarg och dimensioner p\u00e5 145x145mm erbjuder en utm\u00e4rkt l\u00f6sning f\u00f6r att uppgradera din fordonsbelysning. Dessa lampor \u00e4r speciellt utformade [&hellip;]","og_url":"https:\/\/xenonkungen.com\/fi\/tuote\/takavalon-125rme-tanko\/","og_site_name":"Xenonkungen","article_modified_time":"2026-04-24T16:09:17+00:00","og_image":[{"width":600,"height":600,"url":"https:\/\/xenonkungen.com\/wp-content\/uploads\/2025\/04\/7282977-origpic-896d2e.png","type":"image\/png"}],"twitter_card":"summary_large_image","twitter_misc":{"Arvioitu lukuaika":"1 minuutti"},"schema":{"@context":"https:\/\/schema.org","@graph":[{"@type":"WebPage","@id":"https:\/\/xenonkungen.com\/produkt\/baklampa-125rme-rod\/","url":"https:\/\/xenonkungen.com\/produkt\/baklampa-125rme-rod\/","name":"Takavalo 125RME Punainen - Xenonkungen","isPartOf":{"@id":"https:\/\/xenonkungen.com\/#website"},"primaryImageOfPage":{"@id":"https:\/\/xenonkungen.com\/produkt\/baklampa-125rme-rod\/#primaryimage"},"image":{"@id":"https:\/\/xenonkungen.com\/produkt\/baklampa-125rme-rod\/#primaryimage"},"thumbnailUrl":"https:\/\/xenonkungen.com\/wp-content\/uploads\/2025\/04\/7282977-origpic-896d2e.png","datePublished":"2025-04-15T09:47:22+00:00","dateModified":"2026-04-24T16:09:17+00:00","breadcrumb":{"@id":"https:\/\/xenonkungen.com\/produkt\/baklampa-125rme-rod\/#breadcrumb"},"inLanguage":"fi","potentialAction":[{"@type":"ReadAction","target":["https:\/\/xenonkungen.com\/produkt\/baklampa-125rme-rod\/"]}]},{"@type":"ImageObject","inLanguage":"fi","@id":"https:\/\/xenonkungen.com\/produkt\/baklampa-125rme-rod\/#primaryimage","url":"https:\/\/xenonkungen.com\/wp-content\/uploads\/2025\/04\/7282977-origpic-896d2e.png","contentUrl":"https:\/\/xenonkungen.com\/wp-content\/uploads\/2025\/04\/7282977-origpic-896d2e.png","width":600,"height":600},{"@type":"BreadcrumbList","@id":"https:\/\/xenonkungen.com\/produkt\/baklampa-125rme-rod\/#breadcrumb","itemListElement":[{"@type":"ListItem","position":1,"name":"Hem","item":"https:\/\/xenonkungen.com\/"},{"@type":"ListItem","position":2,"name":"Shop","item":"https:\/\/xenonkungen.com\/shop\/"},{"@type":"ListItem","position":3,"name":"Baklampa 125RME R\u00f6d"}]},{"@type":"WebSite","@id":"https:\/\/xenonkungen.com\/#website","url":"https:\/\/xenonkungen.com\/","name":"Xenonkungen","description":"","potentialAction":[{"@type":"SearchAction","target":{"@type":"EntryPoint","urlTemplate":"https:\/\/xenonkungen.com\/?s={search_term_string}"},"query-input":{"@type":"PropertyValueSpecification","valueRequired":true,"valueName":"search_term_string"}}],"inLanguage":"fi"}]}},"taxonomy_info":{"anvandningsomrade":[{"value":166,"label":"Lastbil"},{"value":238,"label":"SL\u00c4P"},{"value":2816,"label":"TRAILER"}],"product_brand":[{"value":1252,"label":"LEA"}],"product_cat":[{"value":3049,"label":"Bakljus Enkel Rektangul\u00e4r"},{"value":2552,"label":"Bakljus"}],"pa_fuktskydd-varde-ipxx":[{"value":333,"label":"IP67"}],"pa_storlek-mm":[{"value":1766,"label":"145x145"}],"pa_volt-v":[{"value":348,"label":"12, 24"}]},"featured_image_src_large":["https:\/\/xenonkungen.com\/wp-content\/uploads\/2025\/04\/7282977-origpic-896d2e.png",600,600,false],"author_info":[],"comment_info":0,"_links":{"self":[{"href":"https:\/\/xenonkungen.com\/fi\/wp-json\/wp\/v2\/product\/6524","targetHints":{"allow":["GET"]}}],"collection":[{"href":"https:\/\/xenonkungen.com\/fi\/wp-json\/wp\/v2\/product"}],"about":[{"href":"https:\/\/xenonkungen.com\/fi\/wp-json\/wp\/v2\/types\/product"}],"replies":[{"embeddable":true,"href":"https:\/\/xenonkungen.com\/fi\/wp-json\/wp\/v2\/comments?post=6524"}],"wp:featuredmedia":[{"embeddable":true,"href":"https:\/\/xenonkungen.com\/fi\/wp-json\/wp\/v2\/media\/6525"}],"wp:attachment":[{"href":"https:\/\/xenonkungen.com\/fi\/wp-json\/wp\/v2\/media?parent=6524"}],"wp:term":[{"taxonomy":"anvandningsomrade","embeddable":true,"href":"https:\/\/xenonkungen.com\/fi\/wp-json\/wp\/v2\/anvandningsomrade?post=6524"},{"taxonomy":"bilmarken","embeddable":true,"href":"https:\/\/xenonkungen.com\/fi\/wp-json\/wp\/v2\/bilmarken?post=6524"},{"taxonomy":"product_brand","embeddable":true,"href":"https:\/\/xenonkungen.com\/fi\/wp-json\/wp\/v2\/product_brand?post=6524"},{"taxonomy":"product_cat","embeddable":true,"href":"https:\/\/xenonkungen.com\/fi\/wp-json\/wp\/v2\/product_cat?post=6524"},{"taxonomy":"product_tag","embeddable":true,"href":"https:\/\/xenonkungen.com\/fi\/wp-json\/wp\/v2\/product_tag?post=6524"}],"curies":[{"name":"wp","href":"https:\/\/api.w.org\/{rel}","templated":true}]}}