{"id":6531,"date":"2025-04-15T09:47:22","date_gmt":"2025-04-15T09:47:22","guid":{"rendered":"https:\/\/xenonkungen.com\/product\/sidomarkering-129am\/"},"modified":"2026-04-11T00:38:31","modified_gmt":"2026-04-10T23:38:31","slug":"sivumerkinta-klo-129","status":"publish","type":"product","link":"https:\/\/xenonkungen.com\/fi\/tuote\/sivumerkinta-klo-129\/","title":{"rendered":"Sivumerkki 129AM"},"content":{"rendered":"<div class=\"container\">\n<h1>Huomaamaton monij\u00e4nnitesivuvalo LEDill\u00e4 ja integroidulla heijastimella<\/h1>\n<p>T\u00e4m\u00e4 sivumerkkivalo yhdist\u00e4\u00e4 korkean toimivuuden huomaamattomaan muotoiluun ja sopii t\u00e4ydellisesti per\u00e4vaunuihin, kuorma-autoihin ja muihin ajoneuvoihin. Matalaprofiilinsa ja monij\u00e4nnitekelpoisuutensa ansiosta se on monipuolinen ratkaisu, joka varmistaa erinomaisen n\u00e4kyvyyden kaikissa olosuhteissa. Valossa on kolme LED-diodia vasemmalla puolella ja integroitu heijastinlevy oikealla puolella, mik\u00e4 tarjoaa optimaalisen n\u00e4kyvyyden ja turvallisuuden.<\/p>\n<h2>Tekniset tiedot<\/h2>\n<ul>\n<li>Valonl\u00e4hde: 3 LED-diodia vasemmalla puolella<\/li>\n<li>Heijastava: Integroitu heijastinlevy oikealla puolella<\/li>\n<li>Asennusvaihtoehdot: Pysty- tai vaakasuora, pinta-asennus 13 mm syvyyteen<\/li>\n<li>Materiaali: Musta ABS-kehys, PMMA-akryylilinssi<\/li>\n<li>Kaapeli: Kiinte\u00e4, 40 cm pituus<\/li>\n<li>Suojaus: Iskunkest\u00e4v\u00e4, 100% vedenpit\u00e4v\u00e4 ja p\u00f6lytiivis<\/li>\n<\/ul>\n<h2>Ominaisuudet ja hy\u00f6dyt<\/h2>\n<p>T\u00e4m\u00e4 sivumerkkivalo tarjoaa poikkeuksellisen yhdistelm\u00e4n tyyli\u00e4 ja toimivuutta. Matala profiili ja joustavat asennusvaihtoehdot sopivat laajaan valikoimaan ajoneuvoja. Integroitu LED-tekniikka ja heijastinlevy parantavat merkitt\u00e4v\u00e4sti n\u00e4kyvyytt\u00e4 ja lis\u00e4\u00e4v\u00e4t turvallisuutta tiell\u00e4. Sen kest\u00e4v\u00e4 rakenne ja s\u00e4\u00e4nkest\u00e4v\u00e4t ominaisuudet varmistavat, ett\u00e4 valo kest\u00e4\u00e4 kovimmatkin haasteet, mik\u00e4 tekee siit\u00e4 luotettavan ratkaisun kaikentyyppisiin ajoneuvoihin.<\/p>\n<ul>\n<li>Optimaalinen n\u00e4kyvyys ja turvallisuus LED-valojen ja heijastimen ansiosta<\/li>\n<li>Huomaamaton ja joustava asennus erilaisiin ajoneuvoihin<\/li>\n<li>Kest\u00e4v\u00e4 ja luotettava vaativissa olosuhteissa<\/li>\n<li>Saatavilla useissa v\u00e4reiss\u00e4 eri k\u00e4ytt\u00f6tarkoituksiin ja esteettisiin mieltymyksiin<\/li>\n<\/ul>\n<\/div>\n<p><strong>Hyv\u00e4 tiet\u00e4\u00e4:<\/strong><br \/>Ruuvinreikien v\u00e4linen et\u00e4isyys on 116 mm.<br \/>Asennuksessa tarvitaan 8 mm:n reik\u00e4, johon kaapeli pujotetaan. <br \/>Saatavilla on valinnaisia lampunpitimi\u00e4, katso linkit alta.<\/p>\n<p><strong>Toimitustiedot<\/strong><br \/>1 sivumerkint\u00e4 keltainen\/oranssi<br \/>2 ruuvia kiinnityst\u00e4 varten<\/p>\n<p><strong>Takuu<\/strong><br \/>2 vuoden toiminnallinen takuu<\/p>","protected":false},"excerpt":{"rendered":"<p><b>Matala profiili sivumerkint\u00f6j\u00e4 varten<\/b><br \/>\n<b>Multivolt<\/b><br \/>\n<b>Oranssi\/keltainen<\/b><br \/>\n<b>IP67<\/b><br \/>\n<b>2 vuoden toiminnallinen takuu<\/b><\/p>","protected":false},"featured_media":6532,"comment_status":"closed","ping_status":"open","template":"","meta":{"_acf_changed":false,"_smort_price_nok":"107","_smort_price_dkk":"68","_smort_price_eur":"9.09","_smort_sale_price_nok":"","_smort_sale_price_dkk":"","_smort_sale_price_eur":"","smort_restorder":"","shipmondo_restorder":"","_kad_blocks_custom_css":"","_kad_blocks_head_custom_js":"","_kad_blocks_body_custom_js":"","_kad_blocks_footer_custom_js":"","smort_custom_pricelist_1":"86.4","smort_custom_pricelist_2":"75.6","smort_custom_pricelist_3":"70.2","smort_custom_pricelist_4":"108","smort_custom_pricelist_5":"75.6"},"anvandningsomrade":[166,238,2816],"bilmarken":[],"product_brand":[1252],"product_cat":[2478,2813],"product_tag":[],"class_list":{"0":"post-6531","1":"product","2":"type-product","3":"status-publish","4":"has-post-thumbnail","6":"anvandningsomrade-lastbil","7":"anvandningsomrade-slap","8":"anvandningsomrade-trailer","9":"product_brand-lea","10":"product_cat-positionsljus-slap","11":"product_cat-sido","12":"pa_fuktskydd-varde-ipxx-ip67","13":"pa_godkannande-ece-e9-emc-ia-sm1","14":"pa_storlek-mm-130x32x13","15":"pa_stromforbrukning-0-02a-13-8v","16":"pa_stromforbrukning-0-03a-28v","17":"pa_volt-v-12-24","19":"first","20":"instock","21":"taxable","22":"shipping-taxable","23":"purchasable","24":"product-type-simple"},"bundled_by":[],"bundle_stock_status":"instock","bundle_stock_quantity":10,"bundle_virtual":false,"bundle_layout":"","bundle_add_to_cart_form_location":"","bundle_editable_in_cart":false,"bundle_sold_individually_context":"","bundle_item_grouping":"","bundle_min_size":"","bundle_max_size":"","bundle_price":[],"bundled_items":[],"bundle_sell_ids":[],"acf":[],"yoast_head":"<!-- This site is optimized with the Yoast SEO plugin v27.0 - https:\/\/yoast.com\/product\/yoast-seo-wordpress\/ -->\n<title>Sidomarkering 129AM - Xenonkungen<\/title>\n<meta name=\"robots\" content=\"index, follow, max-snippet:-1, max-image-preview:large, max-video-preview:-1\" \/>\n<link rel=\"canonical\" href=\"https:\/\/xenonkungen.com\/fi\/tuote\/sivumerkinta-klo-129\/\" \/>\n<meta property=\"og:locale\" content=\"fi_FI\" \/>\n<meta property=\"og:type\" content=\"article\" \/>\n<meta property=\"og:title\" content=\"Sidomarkering 129AM - Xenonkungen\" \/>\n<meta property=\"og:description\" content=\"L\u00e5g profil f\u00f6r sidomarkering Multivolt Orange\/gul IP67 2 \u00e5rs Funktionsgaranti\" \/>\n<meta property=\"og:url\" content=\"https:\/\/xenonkungen.com\/fi\/tuote\/sivumerkinta-klo-129\/\" \/>\n<meta property=\"og:site_name\" content=\"Xenonkungen\" \/>\n<meta property=\"article:modified_time\" content=\"2026-04-10T23:38:31+00:00\" \/>\n<meta property=\"og:image\" content=\"https:\/\/xenonkungen.com\/wp-content\/uploads\/2025\/04\/21677829-origpic-802daa.jpg\" \/>\n\t<meta property=\"og:image:width\" content=\"450\" \/>\n\t<meta property=\"og:image:height\" content=\"450\" \/>\n\t<meta property=\"og:image:type\" content=\"image\/jpeg\" \/>\n<meta name=\"twitter:card\" content=\"summary_large_image\" \/>\n<meta name=\"twitter:label1\" content=\"Arvioitu lukuaika\" \/>\n\t<meta name=\"twitter:data1\" content=\"1 minuutti\" \/>\n<script type=\"application\/ld+json\" class=\"yoast-schema-graph\">{\"@context\":\"https:\/\/schema.org\",\"@graph\":[{\"@type\":\"WebPage\",\"@id\":\"https:\/\/xenonkungen.com\/no\/produkt\/sidemarkering-129\/\",\"url\":\"https:\/\/xenonkungen.com\/no\/produkt\/sidemarkering-129\/\",\"name\":\"Sidomarkering 129AM - Xenonkungen\",\"isPartOf\":{\"@id\":\"https:\/\/xenonkungen.com\/#website\"},\"primaryImageOfPage\":{\"@id\":\"https:\/\/xenonkungen.com\/no\/produkt\/sidemarkering-129\/#primaryimage\"},\"image\":{\"@id\":\"https:\/\/xenonkungen.com\/no\/produkt\/sidemarkering-129\/#primaryimage\"},\"thumbnailUrl\":\"https:\/\/xenonkungen.com\/wp-content\/uploads\/2025\/04\/21677829-origpic-802daa.jpg\",\"datePublished\":\"2025-04-15T09:47:22+00:00\",\"dateModified\":\"2026-04-10T23:38:31+00:00\",\"breadcrumb\":{\"@id\":\"https:\/\/xenonkungen.com\/no\/produkt\/sidemarkering-129\/#breadcrumb\"},\"inLanguage\":\"fi\",\"potentialAction\":[{\"@type\":\"ReadAction\",\"target\":[\"https:\/\/xenonkungen.com\/no\/produkt\/sidemarkering-129\/\"]}]},{\"@type\":\"ImageObject\",\"inLanguage\":\"fi\",\"@id\":\"https:\/\/xenonkungen.com\/no\/produkt\/sidemarkering-129\/#primaryimage\",\"url\":\"https:\/\/xenonkungen.com\/wp-content\/uploads\/2025\/04\/21677829-origpic-802daa.jpg\",\"contentUrl\":\"https:\/\/xenonkungen.com\/wp-content\/uploads\/2025\/04\/21677829-origpic-802daa.jpg\",\"width\":450,\"height\":450},{\"@type\":\"BreadcrumbList\",\"@id\":\"https:\/\/xenonkungen.com\/no\/produkt\/sidemarkering-129\/#breadcrumb\",\"itemListElement\":[{\"@type\":\"ListItem\",\"position\":1,\"name\":\"Hem\",\"item\":\"https:\/\/xenonkungen.com\/\"},{\"@type\":\"ListItem\",\"position\":2,\"name\":\"Shop\",\"item\":\"https:\/\/xenonkungen.com\/shop\/\"},{\"@type\":\"ListItem\",\"position\":3,\"name\":\"Sidomarkering 129AM\"}]},{\"@type\":\"WebSite\",\"@id\":\"https:\/\/xenonkungen.com\/#website\",\"url\":\"https:\/\/xenonkungen.com\/\",\"name\":\"Xenonkungen\",\"description\":\"\",\"potentialAction\":[{\"@type\":\"SearchAction\",\"target\":{\"@type\":\"EntryPoint\",\"urlTemplate\":\"https:\/\/xenonkungen.com\/?s={search_term_string}\"},\"query-input\":{\"@type\":\"PropertyValueSpecification\",\"valueRequired\":true,\"valueName\":\"search_term_string\"}}],\"inLanguage\":\"fi\"}]}<\/script>\n<!-- \/ Yoast SEO plugin. -->","yoast_head_json":{"title":"Sivumerkki 129AM - Xenon King","robots":{"index":"index","follow":"follow","max-snippet":"max-snippet:-1","max-image-preview":"max-image-preview:large","max-video-preview":"max-video-preview:-1"},"canonical":"https:\/\/xenonkungen.com\/fi\/tuote\/sivumerkinta-klo-129\/","og_locale":"fi_FI","og_type":"article","og_title":"Sidomarkering 129AM - Xenonkungen","og_description":"L\u00e5g profil f\u00f6r sidomarkering Multivolt Orange\/gul IP67 2 \u00e5rs Funktionsgaranti","og_url":"https:\/\/xenonkungen.com\/fi\/tuote\/sivumerkinta-klo-129\/","og_site_name":"Xenonkungen","article_modified_time":"2026-04-10T23:38:31+00:00","og_image":[{"width":450,"height":450,"url":"https:\/\/xenonkungen.com\/wp-content\/uploads\/2025\/04\/21677829-origpic-802daa.jpg","type":"image\/jpeg"}],"twitter_card":"summary_large_image","twitter_misc":{"Arvioitu lukuaika":"1 minuutti"},"schema":{"@context":"https:\/\/schema.org","@graph":[{"@type":"WebPage","@id":"https:\/\/xenonkungen.com\/no\/produkt\/sidemarkering-129\/","url":"https:\/\/xenonkungen.com\/no\/produkt\/sidemarkering-129\/","name":"Sivumerkki 129AM - Xenon King","isPartOf":{"@id":"https:\/\/xenonkungen.com\/#website"},"primaryImageOfPage":{"@id":"https:\/\/xenonkungen.com\/no\/produkt\/sidemarkering-129\/#primaryimage"},"image":{"@id":"https:\/\/xenonkungen.com\/no\/produkt\/sidemarkering-129\/#primaryimage"},"thumbnailUrl":"https:\/\/xenonkungen.com\/wp-content\/uploads\/2025\/04\/21677829-origpic-802daa.jpg","datePublished":"2025-04-15T09:47:22+00:00","dateModified":"2026-04-10T23:38:31+00:00","breadcrumb":{"@id":"https:\/\/xenonkungen.com\/no\/produkt\/sidemarkering-129\/#breadcrumb"},"inLanguage":"fi","potentialAction":[{"@type":"ReadAction","target":["https:\/\/xenonkungen.com\/no\/produkt\/sidemarkering-129\/"]}]},{"@type":"ImageObject","inLanguage":"fi","@id":"https:\/\/xenonkungen.com\/no\/produkt\/sidemarkering-129\/#primaryimage","url":"https:\/\/xenonkungen.com\/wp-content\/uploads\/2025\/04\/21677829-origpic-802daa.jpg","contentUrl":"https:\/\/xenonkungen.com\/wp-content\/uploads\/2025\/04\/21677829-origpic-802daa.jpg","width":450,"height":450},{"@type":"BreadcrumbList","@id":"https:\/\/xenonkungen.com\/no\/produkt\/sidemarkering-129\/#breadcrumb","itemListElement":[{"@type":"ListItem","position":1,"name":"Hem","item":"https:\/\/xenonkungen.com\/"},{"@type":"ListItem","position":2,"name":"Shop","item":"https:\/\/xenonkungen.com\/shop\/"},{"@type":"ListItem","position":3,"name":"Sidomarkering 129AM"}]},{"@type":"WebSite","@id":"https:\/\/xenonkungen.com\/#website","url":"https:\/\/xenonkungen.com\/","name":"Xenonkungen","description":"","potentialAction":[{"@type":"SearchAction","target":{"@type":"EntryPoint","urlTemplate":"https:\/\/xenonkungen.com\/?s={search_term_string}"},"query-input":{"@type":"PropertyValueSpecification","valueRequired":true,"valueName":"search_term_string"}}],"inLanguage":"fi"}]}},"taxonomy_info":{"anvandningsomrade":[{"value":166,"label":"Lastbil"},{"value":238,"label":"SL\u00c4P"},{"value":2816,"label":"TRAILER"}],"product_brand":[{"value":1252,"label":"LEA"}],"product_cat":[{"value":2478,"label":"Positionsljus"},{"value":2813,"label":"Sido"}],"pa_fuktskydd-varde-ipxx":[{"value":333,"label":"IP67"}],"pa_godkannande":[{"value":1777,"label":"ECE, E9, EMC, IA, SM1"}],"pa_storlek-mm":[{"value":1774,"label":"130x32x13"}],"pa_stromforbrukning":[{"value":1775,"label":"0.02A @13.8V"},{"value":1776,"label":"0.03A @28V"}],"pa_volt-v":[{"value":348,"label":"12, 24"}]},"featured_image_src_large":["https:\/\/xenonkungen.com\/wp-content\/uploads\/2025\/04\/21677829-origpic-802daa.jpg",450,450,false],"author_info":[],"comment_info":0,"_links":{"self":[{"href":"https:\/\/xenonkungen.com\/fi\/wp-json\/wp\/v2\/product\/6531","targetHints":{"allow":["GET"]}}],"collection":[{"href":"https:\/\/xenonkungen.com\/fi\/wp-json\/wp\/v2\/product"}],"about":[{"href":"https:\/\/xenonkungen.com\/fi\/wp-json\/wp\/v2\/types\/product"}],"replies":[{"embeddable":true,"href":"https:\/\/xenonkungen.com\/fi\/wp-json\/wp\/v2\/comments?post=6531"}],"wp:featuredmedia":[{"embeddable":true,"href":"https:\/\/xenonkungen.com\/fi\/wp-json\/wp\/v2\/media\/6532"}],"wp:attachment":[{"href":"https:\/\/xenonkungen.com\/fi\/wp-json\/wp\/v2\/media?parent=6531"}],"wp:term":[{"taxonomy":"anvandningsomrade","embeddable":true,"href":"https:\/\/xenonkungen.com\/fi\/wp-json\/wp\/v2\/anvandningsomrade?post=6531"},{"taxonomy":"bilmarken","embeddable":true,"href":"https:\/\/xenonkungen.com\/fi\/wp-json\/wp\/v2\/bilmarken?post=6531"},{"taxonomy":"product_brand","embeddable":true,"href":"https:\/\/xenonkungen.com\/fi\/wp-json\/wp\/v2\/product_brand?post=6531"},{"taxonomy":"product_cat","embeddable":true,"href":"https:\/\/xenonkungen.com\/fi\/wp-json\/wp\/v2\/product_cat?post=6531"},{"taxonomy":"product_tag","embeddable":true,"href":"https:\/\/xenonkungen.com\/fi\/wp-json\/wp\/v2\/product_tag?post=6531"}],"curies":[{"name":"wp","href":"https:\/\/api.w.org\/{rel}","templated":true}]}}