{"id":6543,"date":"2025-04-15T09:47:28","date_gmt":"2025-04-15T09:47:28","guid":{"rendered":"https:\/\/xenonkungen.com\/product\/interiorlampa-o130mmip67\/"},"modified":"2025-12-10T14:47:57","modified_gmt":"2025-12-10T13:47:57","slug":"sisavalo-o130mmip67","status":"publish","type":"product","link":"https:\/\/xenonkungen.com\/fi\/tuote\/sisavalo-o130mmip67\/","title":{"rendered":"Sis\u00e4valaisin \u00d8130mm|IP67"},"content":{"rendered":"<div class=\"container\">\n<h1>Py\u00f6re\u00e4 sis\u00e4valaisin suoralla liit\u00e4nn\u00e4ll\u00e4<\/h1>\n<p>Vaikuttavan 750 lumenin kirkkauden ja helpon suoran asennuksen ansiosta t\u00e4m\u00e4 py\u00f6re\u00e4 sis\u00e4valaisin tarjoaa optimaalisen valaistusratkaisun. Se on suunniteltu sopimaan t\u00e4ydellisesti monenlaisiin ymp\u00e4rist\u00f6ihin kompaktien 130 \u00d7 18,5 mm:n mittojensa ansiosta.<\/p>\n<h2>Toiminnot ja ominaisuudet:<\/h2>\n<ul>\n<li><strong>750 lumenin kirkkaus:<\/strong> Tehokas valo valaisemaan mink\u00e4 tahansa alueen.<\/li>\n<li><strong>Suora yhteys:<\/strong> Helppo asennus suoran virtal\u00e4hteeseen kytkenn\u00e4n ansiosta.<\/li>\n<li><strong>Mitat:<\/strong> 130 \u00d7 18,5 mm, t\u00e4ydellinen tilaa s\u00e4\u00e4st\u00e4v\u00e4\u00e4n asennukseen.<\/li>\n<li><strong>IP67 Luokitus:<\/strong> T\u00e4ydellinen suoja p\u00f6ly\u00e4 ja vett\u00e4 vastaan vaativiin olosuhteisiin.<\/li>\n<li><strong>Iskun- ja t\u00e4rin\u00e4nkest\u00e4v\u00e4:<\/strong> Kest\u00e4v\u00e4 rakenne pitk\u00e4aikaiseen k\u00e4ytt\u00f6\u00f6n.<\/li>\n<li><strong>Oikosulkusuojaus:<\/strong> Lis\u00e4turvaa ja luotettavuutta.<\/li>\n<\/ul>\n<h2>K\u00e4ytt\u00f6alueet:<\/h2>\n<p>T\u00e4ydellinen ajoneuvoihin, veneisiin, koteihin ja liiketiloihin, joissa tarvitaan laadukasta valaistusta.<\/p>\n<h2>Asennus:<\/h2>\n<p>T\u00e4m\u00e4 valaisin on suunniteltu helposti ja nopeasti asennettavaksi, ja se on erinomainen valinta sek\u00e4 ammattiasentajille ett\u00e4 tee-se-itse-projekteille.<\/p>\n<\/div>\n<p><span>Ei-kytkent\u00e4inen \u2013 suora yhteys<\/span><\/p>\n<p><strong>Takuu:<\/strong> 2 vuotta<\/p>","protected":false},"excerpt":{"rendered":"<p>Py\u00f6re\u00e4 sis\u00e4valaisin | 750 lumenia | Suora liit\u00e4nt\u00e4<\/p>","protected":false},"featured_media":6544,"comment_status":"closed","ping_status":"open","template":"","meta":{"_acf_changed":false,"_smort_price_nok":"620","_smort_price_dkk":"394","_smort_price_eur":"52.72","_smort_sale_price_nok":"","_smort_sale_price_dkk":"","_smort_sale_price_eur":"","smort_restorder":"","shipmondo_restorder":"","_kad_blocks_custom_css":"","_kad_blocks_head_custom_js":"","_kad_blocks_body_custom_js":"","_kad_blocks_footer_custom_js":"","smort_custom_pricelist_1":"324.8","smort_custom_pricelist_2":"324.8","smort_custom_pricelist_3":"308.56","smort_custom_pricelist_4":"464","smort_custom_pricelist_5":"324.8"},"anvandningsomrade":[166,238,2816],"bilmarken":[],"product_brand":[1252],"product_cat":[2586],"product_tag":[],"class_list":{"0":"post-6543","1":"product","2":"type-product","3":"status-publish","4":"has-post-thumbnail","6":"anvandningsomrade-lastbil","7":"anvandningsomrade-slap","8":"anvandningsomrade-trailer","9":"product_brand-lea","10":"product_cat-interiorbelysning-slap","11":"pa_fargtemperatur-4500k","12":"pa_fuktskydd-varde-ipxx-ip67","13":"pa_storlek-mm-130x185","14":"pa_volt-v-12-24","16":"first","17":"onbackorder","18":"taxable","19":"shipping-taxable","20":"purchasable","21":"product-type-simple"},"bundled_by":[],"bundle_stock_status":"onbackorder","bundle_stock_quantity":0,"bundle_virtual":false,"bundle_layout":"","bundle_add_to_cart_form_location":"","bundle_editable_in_cart":false,"bundle_sold_individually_context":"","bundle_item_grouping":"","bundle_min_size":"","bundle_max_size":"","bundle_price":[],"bundled_items":[],"bundle_sell_ids":[],"acf":[],"yoast_head":"<!-- This site is optimized with the Yoast SEO plugin v27.0 - https:\/\/yoast.com\/product\/yoast-seo-wordpress\/ -->\n<title>Interi\u00f6rlampa \u00d8130mm|IP67 - Xenonkungen<\/title>\n<meta name=\"robots\" content=\"index, follow, max-snippet:-1, max-image-preview:large, max-video-preview:-1\" \/>\n<link rel=\"canonical\" href=\"https:\/\/xenonkungen.com\/fi\/tuote\/sisavalo-o130mmip67\/\" \/>\n<meta property=\"og:locale\" content=\"fi_FI\" \/>\n<meta property=\"og:type\" content=\"article\" \/>\n<meta property=\"og:title\" content=\"Interi\u00f6rlampa \u00d8130mm|IP67 - Xenonkungen\" \/>\n<meta property=\"og:description\" content=\"Round Interior Lamp | 750 Lumen | Direct connection\" \/>\n<meta property=\"og:url\" content=\"https:\/\/xenonkungen.com\/fi\/tuote\/sisavalo-o130mmip67\/\" \/>\n<meta property=\"og:site_name\" content=\"Xenonkungen\" \/>\n<meta property=\"article:modified_time\" content=\"2025-12-10T13:47:57+00:00\" \/>\n<meta property=\"og:image\" content=\"https:\/\/xenonkungen.com\/wp-content\/uploads\/2025\/04\/156153298-origpic-7eb97e.jpg\" \/>\n\t<meta property=\"og:image:width\" content=\"800\" \/>\n\t<meta property=\"og:image:height\" content=\"800\" \/>\n\t<meta property=\"og:image:type\" content=\"image\/jpeg\" \/>\n<meta name=\"twitter:card\" content=\"summary_large_image\" \/>\n<meta name=\"twitter:label1\" content=\"Arvioitu lukuaika\" \/>\n\t<meta name=\"twitter:data1\" content=\"1 minuutti\" \/>\n<script type=\"application\/ld+json\" class=\"yoast-schema-graph\">{\"@context\":\"https:\/\/schema.org\",\"@graph\":[{\"@type\":\"WebPage\",\"@id\":\"https:\/\/xenonkungen.com\/en\/product\/interior-lamp-o130mmip67\/\",\"url\":\"https:\/\/xenonkungen.com\/en\/product\/interior-lamp-o130mmip67\/\",\"name\":\"Interi\u00f6rlampa \u00d8130mm|IP67 - Xenonkungen\",\"isPartOf\":{\"@id\":\"https:\/\/xenonkungen.com\/#website\"},\"primaryImageOfPage\":{\"@id\":\"https:\/\/xenonkungen.com\/en\/product\/interior-lamp-o130mmip67\/#primaryimage\"},\"image\":{\"@id\":\"https:\/\/xenonkungen.com\/en\/product\/interior-lamp-o130mmip67\/#primaryimage\"},\"thumbnailUrl\":\"https:\/\/xenonkungen.com\/wp-content\/uploads\/2025\/04\/156153298-origpic-7eb97e.jpg\",\"datePublished\":\"2025-04-15T09:47:28+00:00\",\"dateModified\":\"2025-12-10T13:47:57+00:00\",\"breadcrumb\":{\"@id\":\"https:\/\/xenonkungen.com\/en\/product\/interior-lamp-o130mmip67\/#breadcrumb\"},\"inLanguage\":\"fi\",\"potentialAction\":[{\"@type\":\"ReadAction\",\"target\":[\"https:\/\/xenonkungen.com\/en\/product\/interior-lamp-o130mmip67\/\"]}]},{\"@type\":\"ImageObject\",\"inLanguage\":\"fi\",\"@id\":\"https:\/\/xenonkungen.com\/en\/product\/interior-lamp-o130mmip67\/#primaryimage\",\"url\":\"https:\/\/xenonkungen.com\/wp-content\/uploads\/2025\/04\/156153298-origpic-7eb97e.jpg\",\"contentUrl\":\"https:\/\/xenonkungen.com\/wp-content\/uploads\/2025\/04\/156153298-origpic-7eb97e.jpg\",\"width\":800,\"height\":800},{\"@type\":\"BreadcrumbList\",\"@id\":\"https:\/\/xenonkungen.com\/en\/product\/interior-lamp-o130mmip67\/#breadcrumb\",\"itemListElement\":[{\"@type\":\"ListItem\",\"position\":1,\"name\":\"Hem\",\"item\":\"https:\/\/xenonkungen.com\/\"},{\"@type\":\"ListItem\",\"position\":2,\"name\":\"Shop\",\"item\":\"https:\/\/xenonkungen.com\/shop\/\"},{\"@type\":\"ListItem\",\"position\":3,\"name\":\"Interi\u00f6rlampa \u00d8130mm|IP67\"}]},{\"@type\":\"WebSite\",\"@id\":\"https:\/\/xenonkungen.com\/#website\",\"url\":\"https:\/\/xenonkungen.com\/\",\"name\":\"Xenonkungen\",\"description\":\"\",\"potentialAction\":[{\"@type\":\"SearchAction\",\"target\":{\"@type\":\"EntryPoint\",\"urlTemplate\":\"https:\/\/xenonkungen.com\/?s={search_term_string}\"},\"query-input\":{\"@type\":\"PropertyValueSpecification\",\"valueRequired\":true,\"valueName\":\"search_term_string\"}}],\"inLanguage\":\"fi\"}]}<\/script>\n<!-- \/ Yoast SEO plugin. -->","yoast_head_json":{"title":"Sis\u00e4valaisin \u00d8130mm|IP67 - Xenonkungen","robots":{"index":"index","follow":"follow","max-snippet":"max-snippet:-1","max-image-preview":"max-image-preview:large","max-video-preview":"max-video-preview:-1"},"canonical":"https:\/\/xenonkungen.com\/fi\/tuote\/sisavalo-o130mmip67\/","og_locale":"fi_FI","og_type":"article","og_title":"Interi\u00f6rlampa \u00d8130mm|IP67 - Xenonkungen","og_description":"Round Interior Lamp | 750 Lumen | Direct connection","og_url":"https:\/\/xenonkungen.com\/fi\/tuote\/sisavalo-o130mmip67\/","og_site_name":"Xenonkungen","article_modified_time":"2025-12-10T13:47:57+00:00","og_image":[{"width":800,"height":800,"url":"https:\/\/xenonkungen.com\/wp-content\/uploads\/2025\/04\/156153298-origpic-7eb97e.jpg","type":"image\/jpeg"}],"twitter_card":"summary_large_image","twitter_misc":{"Arvioitu lukuaika":"1 minuutti"},"schema":{"@context":"https:\/\/schema.org","@graph":[{"@type":"WebPage","@id":"https:\/\/xenonkungen.com\/en\/product\/interior-lamp-o130mmip67\/","url":"https:\/\/xenonkungen.com\/en\/product\/interior-lamp-o130mmip67\/","name":"Sis\u00e4valaisin \u00d8130mm|IP67 - Xenonkungen","isPartOf":{"@id":"https:\/\/xenonkungen.com\/#website"},"primaryImageOfPage":{"@id":"https:\/\/xenonkungen.com\/en\/product\/interior-lamp-o130mmip67\/#primaryimage"},"image":{"@id":"https:\/\/xenonkungen.com\/en\/product\/interior-lamp-o130mmip67\/#primaryimage"},"thumbnailUrl":"https:\/\/xenonkungen.com\/wp-content\/uploads\/2025\/04\/156153298-origpic-7eb97e.jpg","datePublished":"2025-04-15T09:47:28+00:00","dateModified":"2025-12-10T13:47:57+00:00","breadcrumb":{"@id":"https:\/\/xenonkungen.com\/en\/product\/interior-lamp-o130mmip67\/#breadcrumb"},"inLanguage":"fi","potentialAction":[{"@type":"ReadAction","target":["https:\/\/xenonkungen.com\/en\/product\/interior-lamp-o130mmip67\/"]}]},{"@type":"ImageObject","inLanguage":"fi","@id":"https:\/\/xenonkungen.com\/en\/product\/interior-lamp-o130mmip67\/#primaryimage","url":"https:\/\/xenonkungen.com\/wp-content\/uploads\/2025\/04\/156153298-origpic-7eb97e.jpg","contentUrl":"https:\/\/xenonkungen.com\/wp-content\/uploads\/2025\/04\/156153298-origpic-7eb97e.jpg","width":800,"height":800},{"@type":"BreadcrumbList","@id":"https:\/\/xenonkungen.com\/en\/product\/interior-lamp-o130mmip67\/#breadcrumb","itemListElement":[{"@type":"ListItem","position":1,"name":"Hem","item":"https:\/\/xenonkungen.com\/"},{"@type":"ListItem","position":2,"name":"Shop","item":"https:\/\/xenonkungen.com\/shop\/"},{"@type":"ListItem","position":3,"name":"Interi\u00f6rlampa \u00d8130mm|IP67"}]},{"@type":"WebSite","@id":"https:\/\/xenonkungen.com\/#website","url":"https:\/\/xenonkungen.com\/","name":"Xenonkungen","description":"","potentialAction":[{"@type":"SearchAction","target":{"@type":"EntryPoint","urlTemplate":"https:\/\/xenonkungen.com\/?s={search_term_string}"},"query-input":{"@type":"PropertyValueSpecification","valueRequired":true,"valueName":"search_term_string"}}],"inLanguage":"fi"}]}},"taxonomy_info":{"anvandningsomrade":[{"value":166,"label":"Lastbil"},{"value":238,"label":"SL\u00c4P"},{"value":2816,"label":"TRAILER"}],"product_brand":[{"value":1252,"label":"LEA"}],"product_cat":[{"value":2586,"label":"Interi\u00f6rbelysning"}],"pa_fargtemperatur":[{"value":842,"label":"4500K"}],"pa_fuktskydd-varde-ipxx":[{"value":333,"label":"IP67"}],"pa_storlek-mm":[{"value":1782,"label":"130x18,5"}],"pa_volt-v":[{"value":348,"label":"12, 24"}]},"featured_image_src_large":["https:\/\/xenonkungen.com\/wp-content\/uploads\/2025\/04\/156153298-origpic-7eb97e.jpg",800,800,false],"author_info":[],"comment_info":0,"_links":{"self":[{"href":"https:\/\/xenonkungen.com\/fi\/wp-json\/wp\/v2\/product\/6543","targetHints":{"allow":["GET"]}}],"collection":[{"href":"https:\/\/xenonkungen.com\/fi\/wp-json\/wp\/v2\/product"}],"about":[{"href":"https:\/\/xenonkungen.com\/fi\/wp-json\/wp\/v2\/types\/product"}],"replies":[{"embeddable":true,"href":"https:\/\/xenonkungen.com\/fi\/wp-json\/wp\/v2\/comments?post=6543"}],"wp:featuredmedia":[{"embeddable":true,"href":"https:\/\/xenonkungen.com\/fi\/wp-json\/wp\/v2\/media\/6544"}],"wp:attachment":[{"href":"https:\/\/xenonkungen.com\/fi\/wp-json\/wp\/v2\/media?parent=6543"}],"wp:term":[{"taxonomy":"anvandningsomrade","embeddable":true,"href":"https:\/\/xenonkungen.com\/fi\/wp-json\/wp\/v2\/anvandningsomrade?post=6543"},{"taxonomy":"bilmarken","embeddable":true,"href":"https:\/\/xenonkungen.com\/fi\/wp-json\/wp\/v2\/bilmarken?post=6543"},{"taxonomy":"product_brand","embeddable":true,"href":"https:\/\/xenonkungen.com\/fi\/wp-json\/wp\/v2\/product_brand?post=6543"},{"taxonomy":"product_cat","embeddable":true,"href":"https:\/\/xenonkungen.com\/fi\/wp-json\/wp\/v2\/product_cat?post=6543"},{"taxonomy":"product_tag","embeddable":true,"href":"https:\/\/xenonkungen.com\/fi\/wp-json\/wp\/v2\/product_tag?post=6543"}],"curies":[{"name":"wp","href":"https:\/\/api.w.org\/{rel}","templated":true}]}}