{"id":6559,"date":"2025-04-15T09:47:34","date_gmt":"2025-04-15T09:47:34","guid":{"rendered":"https:\/\/xenonkungen.com\/product\/backlampa-130wme-vit\/"},"modified":"2026-04-24T17:09:41","modified_gmt":"2026-04-24T16:09:41","slug":"peruutusvalo-130wme-valkoinen","status":"publish","type":"product","link":"https:\/\/xenonkungen.com\/fi\/tuote\/peruutusvalo-130wme-valkoinen\/","title":{"rendered":"Taustavalo 130WME Valkoinen"},"content":{"rendered":"<div class=\"container\">\n<h1>P\u00e4ivit\u00e4 ajoneuvosi LED-takavalolla 130WME<\/h1>\n<p>Optimoi ajoneuvosi korkealaatuisella LED-takavalolla, jossa on peruutusvalotoiminto. T\u00e4m\u00e4 pienikokoinen, toimiva ja kest\u00e4v\u00e4 valo on ihanteellinen ratkaisu turvallisuuden ja tehokkuuden lis\u00e4\u00e4miseen.<\/p>\n<h2>T\u00e4rkeimm\u00e4t ominaisuudet:<\/h2>\n<ul>\n<li>Erityisesti suunniteltu peruutusvalotoiminto lis\u00e4\u00e4 turvallisuutta peruutettaessa.<\/li>\n<li>Kehittynyt LED-tekniikka takaa poikkeuksellisen kirkkauden ja alhaisen energiankulutuksen.<\/li>\n<li>Vankka, tiivis ja iskunkest\u00e4v\u00e4 lamppukotelo takaa pitk\u00e4aikaisen suorituskyvyn.<\/li>\n<li>Moderni ja kompakti muotoilu helpottaa asennusta eri ajoneuvotyyppeihin.<\/li>\n<\/ul>\n<h2>Edut:<\/h2>\n<ul>\n<li>Parempi n\u00e4kyvyys ja turvallisuus peruutettaessa.<\/li>\n<li>Energiatehokas ja ymp\u00e4rist\u00f6yst\u00e4v\u00e4llinen valaistusratkaisu.<\/li>\n<li>Pitk\u00e4 k\u00e4ytt\u00f6ik\u00e4 v\u00e4hent\u00e4\u00e4 tarvetta vaihtaa lamppuja usein.<\/li>\n<li>K\u00e4ytt\u00e4j\u00e4yst\u00e4v\u00e4llinen asennus nopeaa ja helppoa p\u00e4ivityst\u00e4 varten.<\/li>\n<\/ul>\n<p>Investoi LED-takavaloihin 130WME varmistaaksesi, ett\u00e4 ajoneuvosi on varustettu uusimmalla tekniikalla, joka ei ainoastaan paranna n\u00e4kyvyytt\u00e4 vaan my\u00f6s suojaa sinua ja ymp\u00e4rist\u00f6\u00e4si. Koe ero edistyksellisen LED-valaistuksen ansiosta jo t\u00e4n\u00e4\u00e4n.<\/p>\n<p><span><strong>Takuu:<\/strong> 5 vuotta<\/span><\/p>\n<\/div>","protected":false},"excerpt":{"rendered":"<p>Uppgradera Ditt Fordon med LED Baklampa 130WME Optimera ditt fordon med v\u00e5r h\u00f6gkvalitativa LED baklampa med backljus funktion. Designad f\u00f6r att vara kompakt, funktionell och h\u00e5llbar, \u00e4r denna lampa en idealisk l\u00f6sning f\u00f6r \u00f6kad s\u00e4kerhet och effektivitet. Huvudegenskaper: Specialdesignad backljus funktion f\u00f6r \u00f6kad s\u00e4kerhet vid backning. Avancerad LED-teknik f\u00f6r exceptionell ljusstyrka och l\u00e5g energif\u00f6rbrukning. Robust, [&hellip;]<\/p>","protected":false},"featured_media":6560,"comment_status":"closed","ping_status":"open","template":"","meta":{"_acf_changed":false,"_smort_price_nok":"1025","_smort_price_dkk":"651","_smort_price_eur":"87.27","_smort_sale_price_nok":"","_smort_sale_price_dkk":"","_smort_sale_price_eur":"","smort_restorder":"","shipmondo_restorder":"","_kad_blocks_custom_css":"","_kad_blocks_head_custom_js":"","_kad_blocks_body_custom_js":"","_kad_blocks_footer_custom_js":"","smort_custom_pricelist_1":"537.6","smort_custom_pricelist_2":"537.6","smort_custom_pricelist_3":"510.72","smort_custom_pricelist_4":"768","smort_custom_pricelist_5":"537.6"},"anvandningsomrade":[166,238,2816],"bilmarken":[],"product_brand":[1252],"product_cat":[3049,2585],"product_tag":[],"class_list":{"0":"post-6559","1":"product","2":"type-product","3":"status-publish","4":"has-post-thumbnail","6":"anvandningsomrade-lastbil","7":"anvandningsomrade-slap","8":"anvandningsomrade-trailer","9":"product_brand-lea","10":"product_cat-bakljus-enkel-rektangular","11":"product_cat-backljus","12":"pa_fuktskydd-varde-ipxx-ip67","13":"pa_godkannande-ece-emc","14":"pa_storlek-mm-134x86x48","15":"pa_stromforbrukning-0-08a-28v","16":"pa_stromforbrukning-0-15a-13-8v","17":"pa_volt-v-12-24","19":"first","20":"onbackorder","21":"taxable","22":"shipping-taxable","23":"purchasable","24":"product-type-simple"},"bundled_by":[],"bundle_stock_status":"onbackorder","bundle_stock_quantity":0,"bundle_virtual":false,"bundle_layout":"","bundle_add_to_cart_form_location":"","bundle_editable_in_cart":false,"bundle_sold_individually_context":"","bundle_item_grouping":"","bundle_min_size":"","bundle_max_size":"","bundle_price":[],"bundled_items":[],"bundle_sell_ids":[],"acf":[],"yoast_head":"<!-- This site is optimized with the Yoast SEO plugin v27.0 - https:\/\/yoast.com\/product\/yoast-seo-wordpress\/ -->\n<title>Backlampa 130WME Vit - Xenonkungen<\/title>\n<meta name=\"robots\" content=\"index, follow, max-snippet:-1, max-image-preview:large, max-video-preview:-1\" \/>\n<link rel=\"canonical\" href=\"https:\/\/xenonkungen.com\/fi\/tuote\/peruutusvalo-130wme-valkoinen\/\" \/>\n<meta property=\"og:locale\" content=\"fi_FI\" \/>\n<meta property=\"og:type\" content=\"article\" \/>\n<meta property=\"og:title\" content=\"Backlampa 130WME Vit - Xenonkungen\" \/>\n<meta property=\"og:description\" content=\"Uppgradera Ditt Fordon med LED Baklampa 130WME Optimera ditt fordon med v\u00e5r h\u00f6gkvalitativa LED baklampa med backljus funktion. Designad f\u00f6r att vara kompakt, funktionell och h\u00e5llbar, \u00e4r denna lampa en idealisk l\u00f6sning f\u00f6r \u00f6kad s\u00e4kerhet och effektivitet. Huvudegenskaper: Specialdesignad backljus funktion f\u00f6r \u00f6kad s\u00e4kerhet vid backning. Avancerad LED-teknik f\u00f6r exceptionell ljusstyrka och l\u00e5g energif\u00f6rbrukning. Robust, [&hellip;]\" \/>\n<meta property=\"og:url\" content=\"https:\/\/xenonkungen.com\/fi\/tuote\/peruutusvalo-130wme-valkoinen\/\" \/>\n<meta property=\"og:site_name\" content=\"Xenonkungen\" \/>\n<meta property=\"article:modified_time\" content=\"2026-04-24T16:09:41+00:00\" \/>\n<meta property=\"og:image\" content=\"https:\/\/xenonkungen.com\/wp-content\/uploads\/2025\/04\/7293379-origpic-6348cf.jpg\" \/>\n\t<meta property=\"og:image:width\" content=\"800\" \/>\n\t<meta property=\"og:image:height\" content=\"800\" \/>\n\t<meta property=\"og:image:type\" content=\"image\/jpeg\" \/>\n<meta name=\"twitter:card\" content=\"summary_large_image\" \/>\n<meta name=\"twitter:label1\" content=\"Arvioitu lukuaika\" \/>\n\t<meta name=\"twitter:data1\" content=\"1 minuutti\" \/>\n<script type=\"application\/ld+json\" class=\"yoast-schema-graph\">{\"@context\":\"https:\/\/schema.org\",\"@graph\":[{\"@type\":\"WebPage\",\"@id\":\"https:\/\/xenonkungen.com\/produkt\/backlampa-130wme-vit\/\",\"url\":\"https:\/\/xenonkungen.com\/produkt\/backlampa-130wme-vit\/\",\"name\":\"Backlampa 130WME Vit - Xenonkungen\",\"isPartOf\":{\"@id\":\"https:\/\/xenonkungen.com\/#website\"},\"primaryImageOfPage\":{\"@id\":\"https:\/\/xenonkungen.com\/produkt\/backlampa-130wme-vit\/#primaryimage\"},\"image\":{\"@id\":\"https:\/\/xenonkungen.com\/produkt\/backlampa-130wme-vit\/#primaryimage\"},\"thumbnailUrl\":\"https:\/\/xenonkungen.com\/wp-content\/uploads\/2025\/04\/7293379-origpic-6348cf.jpg\",\"datePublished\":\"2025-04-15T09:47:34+00:00\",\"dateModified\":\"2026-04-24T16:09:41+00:00\",\"breadcrumb\":{\"@id\":\"https:\/\/xenonkungen.com\/produkt\/backlampa-130wme-vit\/#breadcrumb\"},\"inLanguage\":\"fi\",\"potentialAction\":[{\"@type\":\"ReadAction\",\"target\":[\"https:\/\/xenonkungen.com\/produkt\/backlampa-130wme-vit\/\"]}]},{\"@type\":\"ImageObject\",\"inLanguage\":\"fi\",\"@id\":\"https:\/\/xenonkungen.com\/produkt\/backlampa-130wme-vit\/#primaryimage\",\"url\":\"https:\/\/xenonkungen.com\/wp-content\/uploads\/2025\/04\/7293379-origpic-6348cf.jpg\",\"contentUrl\":\"https:\/\/xenonkungen.com\/wp-content\/uploads\/2025\/04\/7293379-origpic-6348cf.jpg\",\"width\":800,\"height\":800},{\"@type\":\"BreadcrumbList\",\"@id\":\"https:\/\/xenonkungen.com\/produkt\/backlampa-130wme-vit\/#breadcrumb\",\"itemListElement\":[{\"@type\":\"ListItem\",\"position\":1,\"name\":\"Hem\",\"item\":\"https:\/\/xenonkungen.com\/\"},{\"@type\":\"ListItem\",\"position\":2,\"name\":\"Shop\",\"item\":\"https:\/\/xenonkungen.com\/shop\/\"},{\"@type\":\"ListItem\",\"position\":3,\"name\":\"Backlampa 130WME Vit\"}]},{\"@type\":\"WebSite\",\"@id\":\"https:\/\/xenonkungen.com\/#website\",\"url\":\"https:\/\/xenonkungen.com\/\",\"name\":\"Xenonkungen\",\"description\":\"\",\"potentialAction\":[{\"@type\":\"SearchAction\",\"target\":{\"@type\":\"EntryPoint\",\"urlTemplate\":\"https:\/\/xenonkungen.com\/?s={search_term_string}\"},\"query-input\":{\"@type\":\"PropertyValueSpecification\",\"valueRequired\":true,\"valueName\":\"search_term_string\"}}],\"inLanguage\":\"fi\"}]}<\/script>\n<!-- \/ Yoast SEO plugin. -->","yoast_head_json":{"title":"Taustavalo 130WME Valkoinen - Xenon King","robots":{"index":"index","follow":"follow","max-snippet":"max-snippet:-1","max-image-preview":"max-image-preview:large","max-video-preview":"max-video-preview:-1"},"canonical":"https:\/\/xenonkungen.com\/fi\/tuote\/peruutusvalo-130wme-valkoinen\/","og_locale":"fi_FI","og_type":"article","og_title":"Backlampa 130WME Vit - Xenonkungen","og_description":"Uppgradera Ditt Fordon med LED Baklampa 130WME Optimera ditt fordon med v\u00e5r h\u00f6gkvalitativa LED baklampa med backljus funktion. Designad f\u00f6r att vara kompakt, funktionell och h\u00e5llbar, \u00e4r denna lampa en idealisk l\u00f6sning f\u00f6r \u00f6kad s\u00e4kerhet och effektivitet. Huvudegenskaper: Specialdesignad backljus funktion f\u00f6r \u00f6kad s\u00e4kerhet vid backning. Avancerad LED-teknik f\u00f6r exceptionell ljusstyrka och l\u00e5g energif\u00f6rbrukning. Robust, [&hellip;]","og_url":"https:\/\/xenonkungen.com\/fi\/tuote\/peruutusvalo-130wme-valkoinen\/","og_site_name":"Xenonkungen","article_modified_time":"2026-04-24T16:09:41+00:00","og_image":[{"width":800,"height":800,"url":"https:\/\/xenonkungen.com\/wp-content\/uploads\/2025\/04\/7293379-origpic-6348cf.jpg","type":"image\/jpeg"}],"twitter_card":"summary_large_image","twitter_misc":{"Arvioitu lukuaika":"1 minuutti"},"schema":{"@context":"https:\/\/schema.org","@graph":[{"@type":"WebPage","@id":"https:\/\/xenonkungen.com\/produkt\/backlampa-130wme-vit\/","url":"https:\/\/xenonkungen.com\/produkt\/backlampa-130wme-vit\/","name":"Taustavalo 130WME Valkoinen - Xenon King","isPartOf":{"@id":"https:\/\/xenonkungen.com\/#website"},"primaryImageOfPage":{"@id":"https:\/\/xenonkungen.com\/produkt\/backlampa-130wme-vit\/#primaryimage"},"image":{"@id":"https:\/\/xenonkungen.com\/produkt\/backlampa-130wme-vit\/#primaryimage"},"thumbnailUrl":"https:\/\/xenonkungen.com\/wp-content\/uploads\/2025\/04\/7293379-origpic-6348cf.jpg","datePublished":"2025-04-15T09:47:34+00:00","dateModified":"2026-04-24T16:09:41+00:00","breadcrumb":{"@id":"https:\/\/xenonkungen.com\/produkt\/backlampa-130wme-vit\/#breadcrumb"},"inLanguage":"fi","potentialAction":[{"@type":"ReadAction","target":["https:\/\/xenonkungen.com\/produkt\/backlampa-130wme-vit\/"]}]},{"@type":"ImageObject","inLanguage":"fi","@id":"https:\/\/xenonkungen.com\/produkt\/backlampa-130wme-vit\/#primaryimage","url":"https:\/\/xenonkungen.com\/wp-content\/uploads\/2025\/04\/7293379-origpic-6348cf.jpg","contentUrl":"https:\/\/xenonkungen.com\/wp-content\/uploads\/2025\/04\/7293379-origpic-6348cf.jpg","width":800,"height":800},{"@type":"BreadcrumbList","@id":"https:\/\/xenonkungen.com\/produkt\/backlampa-130wme-vit\/#breadcrumb","itemListElement":[{"@type":"ListItem","position":1,"name":"Hem","item":"https:\/\/xenonkungen.com\/"},{"@type":"ListItem","position":2,"name":"Shop","item":"https:\/\/xenonkungen.com\/shop\/"},{"@type":"ListItem","position":3,"name":"Backlampa 130WME Vit"}]},{"@type":"WebSite","@id":"https:\/\/xenonkungen.com\/#website","url":"https:\/\/xenonkungen.com\/","name":"Xenonkungen","description":"","potentialAction":[{"@type":"SearchAction","target":{"@type":"EntryPoint","urlTemplate":"https:\/\/xenonkungen.com\/?s={search_term_string}"},"query-input":{"@type":"PropertyValueSpecification","valueRequired":true,"valueName":"search_term_string"}}],"inLanguage":"fi"}]}},"taxonomy_info":{"anvandningsomrade":[{"value":166,"label":"Lastbil"},{"value":238,"label":"SL\u00c4P"},{"value":2816,"label":"TRAILER"}],"product_brand":[{"value":1252,"label":"LEA"}],"product_cat":[{"value":3049,"label":"Bakljus Enkel Rektangul\u00e4r"},{"value":2585,"label":"Backljus"}],"pa_fuktskydd-varde-ipxx":[{"value":333,"label":"IP67"}],"pa_godkannande":[{"value":1262,"label":"ECE, EMC"}],"pa_storlek-mm":[{"value":1783,"label":"134x86x48"}],"pa_stromforbrukning":[{"value":1789,"label":"0.08A @28V"},{"value":1788,"label":"0.15A @13.8V"}],"pa_volt-v":[{"value":348,"label":"12, 24"}]},"featured_image_src_large":["https:\/\/xenonkungen.com\/wp-content\/uploads\/2025\/04\/7293379-origpic-6348cf.jpg",800,800,false],"author_info":[],"comment_info":0,"_links":{"self":[{"href":"https:\/\/xenonkungen.com\/fi\/wp-json\/wp\/v2\/product\/6559","targetHints":{"allow":["GET"]}}],"collection":[{"href":"https:\/\/xenonkungen.com\/fi\/wp-json\/wp\/v2\/product"}],"about":[{"href":"https:\/\/xenonkungen.com\/fi\/wp-json\/wp\/v2\/types\/product"}],"replies":[{"embeddable":true,"href":"https:\/\/xenonkungen.com\/fi\/wp-json\/wp\/v2\/comments?post=6559"}],"wp:featuredmedia":[{"embeddable":true,"href":"https:\/\/xenonkungen.com\/fi\/wp-json\/wp\/v2\/media\/6560"}],"wp:attachment":[{"href":"https:\/\/xenonkungen.com\/fi\/wp-json\/wp\/v2\/media?parent=6559"}],"wp:term":[{"taxonomy":"anvandningsomrade","embeddable":true,"href":"https:\/\/xenonkungen.com\/fi\/wp-json\/wp\/v2\/anvandningsomrade?post=6559"},{"taxonomy":"bilmarken","embeddable":true,"href":"https:\/\/xenonkungen.com\/fi\/wp-json\/wp\/v2\/bilmarken?post=6559"},{"taxonomy":"product_brand","embeddable":true,"href":"https:\/\/xenonkungen.com\/fi\/wp-json\/wp\/v2\/product_brand?post=6559"},{"taxonomy":"product_cat","embeddable":true,"href":"https:\/\/xenonkungen.com\/fi\/wp-json\/wp\/v2\/product_cat?post=6559"},{"taxonomy":"product_tag","embeddable":true,"href":"https:\/\/xenonkungen.com\/fi\/wp-json\/wp\/v2\/product_tag?post=6559"}],"curies":[{"name":"wp","href":"https:\/\/api.w.org\/{rel}","templated":true}]}}