{"id":6630,"date":"2025-04-15T09:48:04","date_gmt":"2025-04-15T09:48:04","guid":{"rendered":"https:\/\/xenonkungen.com\/product\/backlampa-145wme-vit\/"},"modified":"2026-04-24T17:10:37","modified_gmt":"2026-04-24T16:10:37","slug":"peruutusvalo-145wme-valkoinen","status":"publish","type":"product","link":"https:\/\/xenonkungen.com\/fi\/tuote\/peruutusvalo-145wme-valkoinen\/","title":{"rendered":"Taustavalo 145WME Valkoinen"},"content":{"rendered":"<div class=\"container\">\n<h1>Moderni ja tyylik\u00e4s LED-takavalo peruutusvalotoiminnolla 145WME valkoinen<\/h1>\n<p>T\u00e4m\u00e4 LED-takavalo tarjoaa edistyksellisen valaistuksen peruutusvalotoiminnollaan ja tyylikk\u00e4\u00e4n kromiviimeistelyns\u00e4 ansiosta my\u00f6s esteettisen parannuksen ajoneuvoosi. Se sopii t\u00e4ydellisesti pinta-asennukseen ja on ihanteellinen ratkaisu sek\u00e4 n\u00e4kyvyyden ett\u00e4 turvallisuuden parantamiseen ja ajoneuvosi ulkon\u00e4\u00f6n kohentamiseen.<\/p>\n<h2>Ominaisuudet ja edut:<\/h2>\n<ul>\n<li><strong>Peruutusvalon toiminto:<\/strong> Tarjoaa kirkkaan ja tehokkaan valon parantaen n\u00e4kyvyytt\u00e4 peruutettaessa.<\/li>\n<li><strong>Kromattu viimeistely:<\/strong> Tarjoaa tyylikk\u00e4\u00e4n ja modernin ulkon\u00e4\u00f6n, joka sopii kaikkiin ajoneuvotyyppeihin.<\/li>\n<li><strong>Kehittynyt LED-tekniikka:<\/strong> Tarjoaa tehokasta valaistusta, joka on pitk\u00e4ik\u00e4inen ja energiatehokas.<\/li>\n<li><strong>Yksitt\u00e4inen pinta-asennus:<\/strong> Suunniteltu helpoksi asentaa monenlaisiin ajoneuvoihin.<\/li>\n<\/ul>\n<p>Kromipintaisella, pinta-asennukseen tarkoitetulla 145WME valkoisella LED-takavalolla, jossa on peruutustoiminto, nostat ajoneuvosi uudelle tasolle. Et ainoastaan paranna turvallisuuttasi tiell\u00e4, vaan lis\u00e4\u00e4t my\u00f6s erottuvan esteettisen silauksen, joka saa ajoneuvosi erottumaan joukosta.<\/p>\n<h2>Tuotteen tekniset tiedot<\/h2>\n<p><strong>Takuu:<\/strong> 5 vuotta<\/p>\n<\/div>","protected":false},"excerpt":{"rendered":"<p>Modern och Stilfull LED Baklampa med Backljusfunktion 145WME Vit Denna LED-baklampa erbjuder inte bara avancerad belysningsprestanda med sin backljusfunktion, men ocks\u00e5 en estetisk uppgradering f\u00f6r ditt fordon med dess eleganta kromfinish. Perfekt f\u00f6r ytmontage, \u00e4r det en idealisk l\u00f6sning f\u00f6r att \u00f6ka b\u00e5de synlighet och s\u00e4kerhet samtidigt som fordonets utseende f\u00f6rb\u00e4ttras. Egenskaper och F\u00f6rdelar: Backljusfunktion: [&hellip;]<\/p>","protected":false},"featured_media":6631,"comment_status":"closed","ping_status":"open","template":"","meta":{"_acf_changed":false,"_smort_price_nok":"577","_smort_price_dkk":"366","_smort_price_eur":"49.09","_smort_sale_price_nok":"","_smort_sale_price_dkk":"","_smort_sale_price_eur":"","smort_restorder":"","shipmondo_restorder":"","_kad_blocks_custom_css":"","_kad_blocks_head_custom_js":"","_kad_blocks_body_custom_js":"","_kad_blocks_footer_custom_js":"","smort_custom_pricelist_1":"302.4","smort_custom_pricelist_2":"302.4","smort_custom_pricelist_3":"287.28","smort_custom_pricelist_4":"432","smort_custom_pricelist_5":"302.4"},"anvandningsomrade":[166,238,2816],"bilmarken":[],"product_brand":[1252],"product_cat":[3050,2585],"product_tag":[],"class_list":{"0":"post-6630","1":"product","2":"type-product","3":"status-publish","4":"has-post-thumbnail","6":"anvandningsomrade-lastbil","7":"anvandningsomrade-slap","8":"anvandningsomrade-trailer","9":"product_brand-lea","10":"product_cat-bakljus-enkel-rund","11":"product_cat-backljus","12":"pa_godkannande-ece-emc","13":"pa_storlek-mm-145x23","14":"pa_stromforbrukning-0-10a-13-8v","15":"pa_stromforbrukning-0-17a-28v","16":"pa_volt-v-12-24","18":"first","19":"onbackorder","20":"taxable","21":"shipping-taxable","22":"purchasable","23":"product-type-simple"},"bundled_by":[],"bundle_stock_status":"onbackorder","bundle_stock_quantity":0,"bundle_virtual":false,"bundle_layout":"","bundle_add_to_cart_form_location":"","bundle_editable_in_cart":false,"bundle_sold_individually_context":"","bundle_item_grouping":"","bundle_min_size":"","bundle_max_size":"","bundle_price":[],"bundled_items":[],"bundle_sell_ids":[],"acf":[],"yoast_head":"<!-- This site is optimized with the Yoast SEO plugin v27.0 - https:\/\/yoast.com\/product\/yoast-seo-wordpress\/ -->\n<title>Backlampa 145WME Vit - Xenonkungen<\/title>\n<meta name=\"robots\" content=\"index, follow, max-snippet:-1, max-image-preview:large, max-video-preview:-1\" \/>\n<link rel=\"canonical\" href=\"https:\/\/xenonkungen.com\/fi\/tuote\/peruutusvalo-145wme-valkoinen\/\" \/>\n<meta property=\"og:locale\" content=\"fi_FI\" \/>\n<meta property=\"og:type\" content=\"article\" \/>\n<meta property=\"og:title\" content=\"Backlampa 145WME Vit - Xenonkungen\" \/>\n<meta property=\"og:description\" content=\"Modern och Stilfull LED Baklampa med Backljusfunktion 145WME Vit Denna LED-baklampa erbjuder inte bara avancerad belysningsprestanda med sin backljusfunktion, men ocks\u00e5 en estetisk uppgradering f\u00f6r ditt fordon med dess eleganta kromfinish. Perfekt f\u00f6r ytmontage, \u00e4r det en idealisk l\u00f6sning f\u00f6r att \u00f6ka b\u00e5de synlighet och s\u00e4kerhet samtidigt som fordonets utseende f\u00f6rb\u00e4ttras. Egenskaper och F\u00f6rdelar: Backljusfunktion: [&hellip;]\" \/>\n<meta property=\"og:url\" content=\"https:\/\/xenonkungen.com\/fi\/tuote\/peruutusvalo-145wme-valkoinen\/\" \/>\n<meta property=\"og:site_name\" content=\"Xenonkungen\" \/>\n<meta property=\"article:modified_time\" content=\"2026-04-24T16:10:37+00:00\" \/>\n<meta property=\"og:image\" content=\"https:\/\/xenonkungen.com\/wp-content\/uploads\/2025\/04\/7293838-origpic-3f22ff.jpg\" \/>\n\t<meta property=\"og:image:width\" content=\"550\" \/>\n\t<meta property=\"og:image:height\" content=\"550\" \/>\n\t<meta property=\"og:image:type\" content=\"image\/jpeg\" \/>\n<meta name=\"twitter:card\" content=\"summary_large_image\" \/>\n<meta name=\"twitter:label1\" content=\"Arvioitu lukuaika\" \/>\n\t<meta name=\"twitter:data1\" content=\"1 minuutti\" \/>\n<script type=\"application\/ld+json\" class=\"yoast-schema-graph\">{\"@context\":\"https:\/\/schema.org\",\"@graph\":[{\"@type\":\"WebPage\",\"@id\":\"https:\/\/xenonkungen.com\/produkt\/backlampa-145wme-vit\/\",\"url\":\"https:\/\/xenonkungen.com\/produkt\/backlampa-145wme-vit\/\",\"name\":\"Backlampa 145WME Vit - Xenonkungen\",\"isPartOf\":{\"@id\":\"https:\/\/xenonkungen.com\/#website\"},\"primaryImageOfPage\":{\"@id\":\"https:\/\/xenonkungen.com\/produkt\/backlampa-145wme-vit\/#primaryimage\"},\"image\":{\"@id\":\"https:\/\/xenonkungen.com\/produkt\/backlampa-145wme-vit\/#primaryimage\"},\"thumbnailUrl\":\"https:\/\/xenonkungen.com\/wp-content\/uploads\/2025\/04\/7293838-origpic-3f22ff.jpg\",\"datePublished\":\"2025-04-15T09:48:04+00:00\",\"dateModified\":\"2026-04-24T16:10:37+00:00\",\"breadcrumb\":{\"@id\":\"https:\/\/xenonkungen.com\/produkt\/backlampa-145wme-vit\/#breadcrumb\"},\"inLanguage\":\"fi\",\"potentialAction\":[{\"@type\":\"ReadAction\",\"target\":[\"https:\/\/xenonkungen.com\/produkt\/backlampa-145wme-vit\/\"]}]},{\"@type\":\"ImageObject\",\"inLanguage\":\"fi\",\"@id\":\"https:\/\/xenonkungen.com\/produkt\/backlampa-145wme-vit\/#primaryimage\",\"url\":\"https:\/\/xenonkungen.com\/wp-content\/uploads\/2025\/04\/7293838-origpic-3f22ff.jpg\",\"contentUrl\":\"https:\/\/xenonkungen.com\/wp-content\/uploads\/2025\/04\/7293838-origpic-3f22ff.jpg\",\"width\":550,\"height\":550},{\"@type\":\"BreadcrumbList\",\"@id\":\"https:\/\/xenonkungen.com\/produkt\/backlampa-145wme-vit\/#breadcrumb\",\"itemListElement\":[{\"@type\":\"ListItem\",\"position\":1,\"name\":\"Hem\",\"item\":\"https:\/\/xenonkungen.com\/\"},{\"@type\":\"ListItem\",\"position\":2,\"name\":\"Shop\",\"item\":\"https:\/\/xenonkungen.com\/shop\/\"},{\"@type\":\"ListItem\",\"position\":3,\"name\":\"Backlampa 145WME Vit\"}]},{\"@type\":\"WebSite\",\"@id\":\"https:\/\/xenonkungen.com\/#website\",\"url\":\"https:\/\/xenonkungen.com\/\",\"name\":\"Xenonkungen\",\"description\":\"\",\"potentialAction\":[{\"@type\":\"SearchAction\",\"target\":{\"@type\":\"EntryPoint\",\"urlTemplate\":\"https:\/\/xenonkungen.com\/?s={search_term_string}\"},\"query-input\":{\"@type\":\"PropertyValueSpecification\",\"valueRequired\":true,\"valueName\":\"search_term_string\"}}],\"inLanguage\":\"fi\"}]}<\/script>\n<!-- \/ Yoast SEO plugin. -->","yoast_head_json":{"title":"Taustavalo 145WME Valkoinen - Xenon King","robots":{"index":"index","follow":"follow","max-snippet":"max-snippet:-1","max-image-preview":"max-image-preview:large","max-video-preview":"max-video-preview:-1"},"canonical":"https:\/\/xenonkungen.com\/fi\/tuote\/peruutusvalo-145wme-valkoinen\/","og_locale":"fi_FI","og_type":"article","og_title":"Backlampa 145WME Vit - Xenonkungen","og_description":"Modern och Stilfull LED Baklampa med Backljusfunktion 145WME Vit Denna LED-baklampa erbjuder inte bara avancerad belysningsprestanda med sin backljusfunktion, men ocks\u00e5 en estetisk uppgradering f\u00f6r ditt fordon med dess eleganta kromfinish. Perfekt f\u00f6r ytmontage, \u00e4r det en idealisk l\u00f6sning f\u00f6r att \u00f6ka b\u00e5de synlighet och s\u00e4kerhet samtidigt som fordonets utseende f\u00f6rb\u00e4ttras. Egenskaper och F\u00f6rdelar: Backljusfunktion: [&hellip;]","og_url":"https:\/\/xenonkungen.com\/fi\/tuote\/peruutusvalo-145wme-valkoinen\/","og_site_name":"Xenonkungen","article_modified_time":"2026-04-24T16:10:37+00:00","og_image":[{"width":550,"height":550,"url":"https:\/\/xenonkungen.com\/wp-content\/uploads\/2025\/04\/7293838-origpic-3f22ff.jpg","type":"image\/jpeg"}],"twitter_card":"summary_large_image","twitter_misc":{"Arvioitu lukuaika":"1 minuutti"},"schema":{"@context":"https:\/\/schema.org","@graph":[{"@type":"WebPage","@id":"https:\/\/xenonkungen.com\/produkt\/backlampa-145wme-vit\/","url":"https:\/\/xenonkungen.com\/produkt\/backlampa-145wme-vit\/","name":"Taustavalo 145WME Valkoinen - Xenon King","isPartOf":{"@id":"https:\/\/xenonkungen.com\/#website"},"primaryImageOfPage":{"@id":"https:\/\/xenonkungen.com\/produkt\/backlampa-145wme-vit\/#primaryimage"},"image":{"@id":"https:\/\/xenonkungen.com\/produkt\/backlampa-145wme-vit\/#primaryimage"},"thumbnailUrl":"https:\/\/xenonkungen.com\/wp-content\/uploads\/2025\/04\/7293838-origpic-3f22ff.jpg","datePublished":"2025-04-15T09:48:04+00:00","dateModified":"2026-04-24T16:10:37+00:00","breadcrumb":{"@id":"https:\/\/xenonkungen.com\/produkt\/backlampa-145wme-vit\/#breadcrumb"},"inLanguage":"fi","potentialAction":[{"@type":"ReadAction","target":["https:\/\/xenonkungen.com\/produkt\/backlampa-145wme-vit\/"]}]},{"@type":"ImageObject","inLanguage":"fi","@id":"https:\/\/xenonkungen.com\/produkt\/backlampa-145wme-vit\/#primaryimage","url":"https:\/\/xenonkungen.com\/wp-content\/uploads\/2025\/04\/7293838-origpic-3f22ff.jpg","contentUrl":"https:\/\/xenonkungen.com\/wp-content\/uploads\/2025\/04\/7293838-origpic-3f22ff.jpg","width":550,"height":550},{"@type":"BreadcrumbList","@id":"https:\/\/xenonkungen.com\/produkt\/backlampa-145wme-vit\/#breadcrumb","itemListElement":[{"@type":"ListItem","position":1,"name":"Hem","item":"https:\/\/xenonkungen.com\/"},{"@type":"ListItem","position":2,"name":"Shop","item":"https:\/\/xenonkungen.com\/shop\/"},{"@type":"ListItem","position":3,"name":"Backlampa 145WME Vit"}]},{"@type":"WebSite","@id":"https:\/\/xenonkungen.com\/#website","url":"https:\/\/xenonkungen.com\/","name":"Xenonkungen","description":"","potentialAction":[{"@type":"SearchAction","target":{"@type":"EntryPoint","urlTemplate":"https:\/\/xenonkungen.com\/?s={search_term_string}"},"query-input":{"@type":"PropertyValueSpecification","valueRequired":true,"valueName":"search_term_string"}}],"inLanguage":"fi"}]}},"taxonomy_info":{"anvandningsomrade":[{"value":166,"label":"Lastbil"},{"value":238,"label":"SL\u00c4P"},{"value":2816,"label":"TRAILER"}],"product_brand":[{"value":1252,"label":"LEA"}],"product_cat":[{"value":3050,"label":"Bakljus Enkel Rund"},{"value":2585,"label":"Backljus"}],"pa_godkannande":[{"value":1262,"label":"ECE, EMC"}],"pa_storlek-mm":[{"value":1804,"label":"145x23"}],"pa_stromforbrukning":[{"value":1809,"label":"0.10A @13.8V"},{"value":1810,"label":"0.17A @28V"}],"pa_volt-v":[{"value":348,"label":"12, 24"}]},"featured_image_src_large":["https:\/\/xenonkungen.com\/wp-content\/uploads\/2025\/04\/7293838-origpic-3f22ff.jpg",550,550,false],"author_info":[],"comment_info":0,"_links":{"self":[{"href":"https:\/\/xenonkungen.com\/fi\/wp-json\/wp\/v2\/product\/6630","targetHints":{"allow":["GET"]}}],"collection":[{"href":"https:\/\/xenonkungen.com\/fi\/wp-json\/wp\/v2\/product"}],"about":[{"href":"https:\/\/xenonkungen.com\/fi\/wp-json\/wp\/v2\/types\/product"}],"replies":[{"embeddable":true,"href":"https:\/\/xenonkungen.com\/fi\/wp-json\/wp\/v2\/comments?post=6630"}],"wp:featuredmedia":[{"embeddable":true,"href":"https:\/\/xenonkungen.com\/fi\/wp-json\/wp\/v2\/media\/6631"}],"wp:attachment":[{"href":"https:\/\/xenonkungen.com\/fi\/wp-json\/wp\/v2\/media?parent=6630"}],"wp:term":[{"taxonomy":"anvandningsomrade","embeddable":true,"href":"https:\/\/xenonkungen.com\/fi\/wp-json\/wp\/v2\/anvandningsomrade?post=6630"},{"taxonomy":"bilmarken","embeddable":true,"href":"https:\/\/xenonkungen.com\/fi\/wp-json\/wp\/v2\/bilmarken?post=6630"},{"taxonomy":"product_brand","embeddable":true,"href":"https:\/\/xenonkungen.com\/fi\/wp-json\/wp\/v2\/product_brand?post=6630"},{"taxonomy":"product_cat","embeddable":true,"href":"https:\/\/xenonkungen.com\/fi\/wp-json\/wp\/v2\/product_cat?post=6630"},{"taxonomy":"product_tag","embeddable":true,"href":"https:\/\/xenonkungen.com\/fi\/wp-json\/wp\/v2\/product_tag?post=6630"}],"curies":[{"name":"wp","href":"https:\/\/api.w.org\/{rel}","templated":true}]}}