{"id":6694,"date":"2025-04-15T09:48:24","date_gmt":"2025-04-15T09:48:24","guid":{"rendered":"https:\/\/xenonkungen.com\/product\/baklampor-150bare-12v-2-pack\/"},"modified":"2026-04-24T19:19:05","modified_gmt":"2026-04-24T18:19:05","slug":"takavalot-150bare-12v-2-kpl","status":"publish","type":"product","link":"https:\/\/xenonkungen.com\/fi\/tuote\/takavalot-150bare-12v-2-kpl\/","title":{"rendered":"Taustavalo 150BARE 12V | 2-pack"},"content":{"rendered":"<h1>Yksi pari (2 kpl) yhdistelm\u00e4valaisimia, joilla on elinik\u00e4inen takuu.<\/h1>\n<p>Laadukas ja vedenpit\u00e4v\u00e4 k\u00e4ytett\u00e4v\u00e4ksi veneen per\u00e4vaunuissa ja muualla.<\/p>\n<p>Tarjouksemme sis\u00e4lt\u00e4\u00e4 parin yhdistelm\u00e4valaisimia, joilla on vaikuttava elinik\u00e4inen takuu. N\u00e4iss\u00e4 valoissa on tiiviit liit\u00e4nn\u00e4t ja ne ovat t\u00e4ysin upotuskelpoisia, joten ne soveltuvat erinomaisesti k\u00e4ytett\u00e4viksi venetrailereissa ja vastaavissa sovelluksissa.<\/p>\n<p>N\u00e4m\u00e4 yhdistelm\u00e4valot on suunniteltu luotettaviksi ja kest\u00e4viksi kaikissa s\u00e4\u00e4olosuhteissa. Ne ovat t\u00e4ydellisi\u00e4 parantamaan venetrailerisi valaistusta ja turvallisuutta, ja niill\u00e4 on ly\u00f6m\u00e4t\u00f6n elinik\u00e4inen takuu, joka vahvistaa luottamuksemme niiden kest\u00e4vyyteen ja suorituskykyyn. Valitse elinik\u00e4isell\u00e4 takuulla varustetut yhdistelm\u00e4valomme, jos haluat pitk\u00e4ik\u00e4isen ja laadukkaan valaistusratkaisun.<\/p>","protected":false},"excerpt":{"rendered":"<p>Ett par (2 stycken) kombinationslampor med livstidsgaranti H\u00f6gkvalitativa och vattent\u00e4ta f\u00f6r anv\u00e4ndning i b\u00e5tsl\u00e4p med mera V\u00e5rt erbjudande inkluderar ett par kombinationslampor som levereras med en imponerande livstidsgaranti. Dessa lampor \u00e4r utrustade med l\u00e4ckages\u00e4kra anslutningar och \u00e4r helt dr\u00e4nkbara, vilket g\u00f6r dem perfekta f\u00f6r anv\u00e4ndning i b\u00e5tsl\u00e4p och liknande applikationer. Dessa kombinationslampor \u00e4r utformade f\u00f6r [&hellip;]<\/p>","protected":false},"featured_media":6695,"comment_status":"closed","ping_status":"open","template":"","meta":{"_acf_changed":false,"_smort_price_nok":"849","_smort_price_dkk":"539","_smort_price_eur":"72.27","_smort_sale_price_nok":"","_smort_sale_price_dkk":"","_smort_sale_price_eur":"","smort_restorder":"","shipmondo_restorder":"","_kad_blocks_custom_css":"","_kad_blocks_head_custom_js":"","_kad_blocks_body_custom_js":"","_kad_blocks_footer_custom_js":"","smort_custom_pricelist_1":"508.8","smort_custom_pricelist_2":"445.2","smort_custom_pricelist_3":"413.4","smort_custom_pricelist_4":"636","smort_custom_pricelist_5":"445.2"},"anvandningsomrade":[166,238,2816],"bilmarken":[],"product_brand":[1252],"product_cat":[3045,2552],"product_tag":[],"class_list":{"0":"post-6694","1":"product","2":"type-product","3":"status-publish","4":"has-post-thumbnail","6":"anvandningsomrade-lastbil","7":"anvandningsomrade-slap","8":"anvandningsomrade-trailer","9":"product_brand-lea","10":"product_cat-bakljus-kombination-kompakt","11":"product_cat-bakljus-slap","12":"pa_fuktskydd-varde-ipxx-ip67","13":"pa_storlek-mm-150x80x24","14":"pa_volt-v-159","16":"first","17":"instock","18":"taxable","19":"shipping-taxable","20":"purchasable","21":"product-type-simple"},"bundled_by":[],"bundle_stock_status":"instock","bundle_stock_quantity":4,"bundle_virtual":false,"bundle_layout":"","bundle_add_to_cart_form_location":"","bundle_editable_in_cart":false,"bundle_sold_individually_context":"","bundle_item_grouping":"","bundle_min_size":"","bundle_max_size":"","bundle_price":[],"bundled_items":[],"bundle_sell_ids":[],"acf":[],"yoast_head":"<!-- This site is optimized with the Yoast SEO plugin v27.0 - https:\/\/yoast.com\/product\/yoast-seo-wordpress\/ -->\n<title>Baklampor 150BARE 12V | 2-pack - Xenonkungen<\/title>\n<meta name=\"robots\" content=\"index, follow, max-snippet:-1, max-image-preview:large, max-video-preview:-1\" \/>\n<link rel=\"canonical\" href=\"https:\/\/xenonkungen.com\/fi\/tuote\/takavalot-150bare-12v-2-kpl\/\" \/>\n<meta property=\"og:locale\" content=\"fi_FI\" \/>\n<meta property=\"og:type\" content=\"article\" \/>\n<meta property=\"og:title\" content=\"Baklampor 150BARE 12V | 2-pack - Xenonkungen\" \/>\n<meta property=\"og:description\" content=\"Ett par (2 stycken) kombinationslampor med livstidsgaranti H\u00f6gkvalitativa och vattent\u00e4ta f\u00f6r anv\u00e4ndning i b\u00e5tsl\u00e4p med mera V\u00e5rt erbjudande inkluderar ett par kombinationslampor som levereras med en imponerande livstidsgaranti. Dessa lampor \u00e4r utrustade med l\u00e4ckages\u00e4kra anslutningar och \u00e4r helt dr\u00e4nkbara, vilket g\u00f6r dem perfekta f\u00f6r anv\u00e4ndning i b\u00e5tsl\u00e4p och liknande applikationer. Dessa kombinationslampor \u00e4r utformade f\u00f6r [&hellip;]\" \/>\n<meta property=\"og:url\" content=\"https:\/\/xenonkungen.com\/fi\/tuote\/takavalot-150bare-12v-2-kpl\/\" \/>\n<meta property=\"og:site_name\" content=\"Xenonkungen\" \/>\n<meta property=\"article:modified_time\" content=\"2026-04-24T18:19:05+00:00\" \/>\n<meta property=\"og:image\" content=\"https:\/\/xenonkungen.com\/wp-content\/uploads\/2025\/04\/7362632-origpic-45d10a.jpg\" \/>\n\t<meta property=\"og:image:width\" content=\"600\" \/>\n\t<meta property=\"og:image:height\" content=\"600\" \/>\n\t<meta property=\"og:image:type\" content=\"image\/jpeg\" \/>\n<meta name=\"twitter:card\" content=\"summary_large_image\" \/>\n<meta name=\"twitter:label1\" content=\"Arvioitu lukuaika\" \/>\n\t<meta name=\"twitter:data1\" content=\"1 minuutti\" \/>\n<script type=\"application\/ld+json\" class=\"yoast-schema-graph\">{\"@context\":\"https:\/\/schema.org\",\"@graph\":[{\"@type\":\"WebPage\",\"@id\":\"https:\/\/xenonkungen.com\/produkt\/baklampor-150bare-12v-2-pack\/\",\"url\":\"https:\/\/xenonkungen.com\/produkt\/baklampor-150bare-12v-2-pack\/\",\"name\":\"Baklampor 150BARE 12V | 2-pack - Xenonkungen\",\"isPartOf\":{\"@id\":\"https:\/\/xenonkungen.com\/#website\"},\"primaryImageOfPage\":{\"@id\":\"https:\/\/xenonkungen.com\/produkt\/baklampor-150bare-12v-2-pack\/#primaryimage\"},\"image\":{\"@id\":\"https:\/\/xenonkungen.com\/produkt\/baklampor-150bare-12v-2-pack\/#primaryimage\"},\"thumbnailUrl\":\"https:\/\/xenonkungen.com\/wp-content\/uploads\/2025\/04\/7362632-origpic-45d10a.jpg\",\"datePublished\":\"2025-04-15T09:48:24+00:00\",\"dateModified\":\"2026-04-24T18:19:05+00:00\",\"breadcrumb\":{\"@id\":\"https:\/\/xenonkungen.com\/produkt\/baklampor-150bare-12v-2-pack\/#breadcrumb\"},\"inLanguage\":\"fi\",\"potentialAction\":[{\"@type\":\"ReadAction\",\"target\":[\"https:\/\/xenonkungen.com\/produkt\/baklampor-150bare-12v-2-pack\/\"]}]},{\"@type\":\"ImageObject\",\"inLanguage\":\"fi\",\"@id\":\"https:\/\/xenonkungen.com\/produkt\/baklampor-150bare-12v-2-pack\/#primaryimage\",\"url\":\"https:\/\/xenonkungen.com\/wp-content\/uploads\/2025\/04\/7362632-origpic-45d10a.jpg\",\"contentUrl\":\"https:\/\/xenonkungen.com\/wp-content\/uploads\/2025\/04\/7362632-origpic-45d10a.jpg\",\"width\":600,\"height\":600},{\"@type\":\"BreadcrumbList\",\"@id\":\"https:\/\/xenonkungen.com\/produkt\/baklampor-150bare-12v-2-pack\/#breadcrumb\",\"itemListElement\":[{\"@type\":\"ListItem\",\"position\":1,\"name\":\"Hem\",\"item\":\"https:\/\/xenonkungen.com\/\"},{\"@type\":\"ListItem\",\"position\":2,\"name\":\"Shop\",\"item\":\"https:\/\/xenonkungen.com\/shop\/\"},{\"@type\":\"ListItem\",\"position\":3,\"name\":\"Baklampor 150BARE 12V | 2-pack\"}]},{\"@type\":\"WebSite\",\"@id\":\"https:\/\/xenonkungen.com\/#website\",\"url\":\"https:\/\/xenonkungen.com\/\",\"name\":\"Xenonkungen\",\"description\":\"\",\"potentialAction\":[{\"@type\":\"SearchAction\",\"target\":{\"@type\":\"EntryPoint\",\"urlTemplate\":\"https:\/\/xenonkungen.com\/?s={search_term_string}\"},\"query-input\":{\"@type\":\"PropertyValueSpecification\",\"valueRequired\":true,\"valueName\":\"search_term_string\"}}],\"inLanguage\":\"fi\"}]}<\/script>\n<!-- \/ Yoast SEO plugin. -->","yoast_head_json":{"title":"Takavalot 150BARE 12V | 2 kpl - Xenon King","robots":{"index":"index","follow":"follow","max-snippet":"max-snippet:-1","max-image-preview":"max-image-preview:large","max-video-preview":"max-video-preview:-1"},"canonical":"https:\/\/xenonkungen.com\/fi\/tuote\/takavalot-150bare-12v-2-kpl\/","og_locale":"fi_FI","og_type":"article","og_title":"Baklampor 150BARE 12V | 2-pack - Xenonkungen","og_description":"Ett par (2 stycken) kombinationslampor med livstidsgaranti H\u00f6gkvalitativa och vattent\u00e4ta f\u00f6r anv\u00e4ndning i b\u00e5tsl\u00e4p med mera V\u00e5rt erbjudande inkluderar ett par kombinationslampor som levereras med en imponerande livstidsgaranti. Dessa lampor \u00e4r utrustade med l\u00e4ckages\u00e4kra anslutningar och \u00e4r helt dr\u00e4nkbara, vilket g\u00f6r dem perfekta f\u00f6r anv\u00e4ndning i b\u00e5tsl\u00e4p och liknande applikationer. Dessa kombinationslampor \u00e4r utformade f\u00f6r [&hellip;]","og_url":"https:\/\/xenonkungen.com\/fi\/tuote\/takavalot-150bare-12v-2-kpl\/","og_site_name":"Xenonkungen","article_modified_time":"2026-04-24T18:19:05+00:00","og_image":[{"width":600,"height":600,"url":"https:\/\/xenonkungen.com\/wp-content\/uploads\/2025\/04\/7362632-origpic-45d10a.jpg","type":"image\/jpeg"}],"twitter_card":"summary_large_image","twitter_misc":{"Arvioitu lukuaika":"1 minuutti"},"schema":{"@context":"https:\/\/schema.org","@graph":[{"@type":"WebPage","@id":"https:\/\/xenonkungen.com\/produkt\/baklampor-150bare-12v-2-pack\/","url":"https:\/\/xenonkungen.com\/produkt\/baklampor-150bare-12v-2-pack\/","name":"Takavalot 150BARE 12V | 2 kpl - Xenon King","isPartOf":{"@id":"https:\/\/xenonkungen.com\/#website"},"primaryImageOfPage":{"@id":"https:\/\/xenonkungen.com\/produkt\/baklampor-150bare-12v-2-pack\/#primaryimage"},"image":{"@id":"https:\/\/xenonkungen.com\/produkt\/baklampor-150bare-12v-2-pack\/#primaryimage"},"thumbnailUrl":"https:\/\/xenonkungen.com\/wp-content\/uploads\/2025\/04\/7362632-origpic-45d10a.jpg","datePublished":"2025-04-15T09:48:24+00:00","dateModified":"2026-04-24T18:19:05+00:00","breadcrumb":{"@id":"https:\/\/xenonkungen.com\/produkt\/baklampor-150bare-12v-2-pack\/#breadcrumb"},"inLanguage":"fi","potentialAction":[{"@type":"ReadAction","target":["https:\/\/xenonkungen.com\/produkt\/baklampor-150bare-12v-2-pack\/"]}]},{"@type":"ImageObject","inLanguage":"fi","@id":"https:\/\/xenonkungen.com\/produkt\/baklampor-150bare-12v-2-pack\/#primaryimage","url":"https:\/\/xenonkungen.com\/wp-content\/uploads\/2025\/04\/7362632-origpic-45d10a.jpg","contentUrl":"https:\/\/xenonkungen.com\/wp-content\/uploads\/2025\/04\/7362632-origpic-45d10a.jpg","width":600,"height":600},{"@type":"BreadcrumbList","@id":"https:\/\/xenonkungen.com\/produkt\/baklampor-150bare-12v-2-pack\/#breadcrumb","itemListElement":[{"@type":"ListItem","position":1,"name":"Hem","item":"https:\/\/xenonkungen.com\/"},{"@type":"ListItem","position":2,"name":"Shop","item":"https:\/\/xenonkungen.com\/shop\/"},{"@type":"ListItem","position":3,"name":"Baklampor 150BARE 12V | 2-pack"}]},{"@type":"WebSite","@id":"https:\/\/xenonkungen.com\/#website","url":"https:\/\/xenonkungen.com\/","name":"Xenonkungen","description":"","potentialAction":[{"@type":"SearchAction","target":{"@type":"EntryPoint","urlTemplate":"https:\/\/xenonkungen.com\/?s={search_term_string}"},"query-input":{"@type":"PropertyValueSpecification","valueRequired":true,"valueName":"search_term_string"}}],"inLanguage":"fi"}]}},"taxonomy_info":{"anvandningsomrade":[{"value":166,"label":"Lastbil"},{"value":238,"label":"SL\u00c4P"},{"value":2816,"label":"TRAILER"}],"product_brand":[{"value":1252,"label":"LEA"}],"product_cat":[{"value":3045,"label":"Bakljus Kombination Kompakt"},{"value":2552,"label":"Bakljus"}],"pa_fuktskydd-varde-ipxx":[{"value":333,"label":"IP67"}],"pa_storlek-mm":[{"value":1818,"label":"150x80x24"}],"pa_volt-v":[{"value":159,"label":"12"}]},"featured_image_src_large":["https:\/\/xenonkungen.com\/wp-content\/uploads\/2025\/04\/7362632-origpic-45d10a.jpg",600,600,false],"author_info":[],"comment_info":0,"_links":{"self":[{"href":"https:\/\/xenonkungen.com\/fi\/wp-json\/wp\/v2\/product\/6694","targetHints":{"allow":["GET"]}}],"collection":[{"href":"https:\/\/xenonkungen.com\/fi\/wp-json\/wp\/v2\/product"}],"about":[{"href":"https:\/\/xenonkungen.com\/fi\/wp-json\/wp\/v2\/types\/product"}],"replies":[{"embeddable":true,"href":"https:\/\/xenonkungen.com\/fi\/wp-json\/wp\/v2\/comments?post=6694"}],"wp:featuredmedia":[{"embeddable":true,"href":"https:\/\/xenonkungen.com\/fi\/wp-json\/wp\/v2\/media\/6695"}],"wp:attachment":[{"href":"https:\/\/xenonkungen.com\/fi\/wp-json\/wp\/v2\/media?parent=6694"}],"wp:term":[{"taxonomy":"anvandningsomrade","embeddable":true,"href":"https:\/\/xenonkungen.com\/fi\/wp-json\/wp\/v2\/anvandningsomrade?post=6694"},{"taxonomy":"bilmarken","embeddable":true,"href":"https:\/\/xenonkungen.com\/fi\/wp-json\/wp\/v2\/bilmarken?post=6694"},{"taxonomy":"product_brand","embeddable":true,"href":"https:\/\/xenonkungen.com\/fi\/wp-json\/wp\/v2\/product_brand?post=6694"},{"taxonomy":"product_cat","embeddable":true,"href":"https:\/\/xenonkungen.com\/fi\/wp-json\/wp\/v2\/product_cat?post=6694"},{"taxonomy":"product_tag","embeddable":true,"href":"https:\/\/xenonkungen.com\/fi\/wp-json\/wp\/v2\/product_tag?post=6694"}],"curies":[{"name":"wp","href":"https:\/\/api.w.org\/{rel}","templated":true}]}}