{"id":6719,"date":"2025-04-15T09:48:36","date_gmt":"2025-04-15T09:48:36","guid":{"rendered":"https:\/\/xenonkungen.com\/product\/12v-frontmarkeringsljus-16w12-2-pack-58x16mm\/"},"modified":"2026-04-11T00:41:55","modified_gmt":"2026-04-10T23:41:55","slug":"12v-etumerkkivalo-16w12-2-kpl-58x16mm","status":"publish","type":"product","link":"https:\/\/xenonkungen.com\/fi\/tuote\/12v-etumerkkivalo-16w12-2-kpl-58x16mm\/","title":{"rendered":"12V etumerkkivalo 16W12 (2-pack) 58x16mm (2-pack) 58x16mm"},"content":{"rendered":"<div class=\"container\">\n<h1>Kompakti valkoinen LED etumerkkivalo<\/h1>\n<p>T\u00e4m\u00e4 tehokas ja kompakti etumerkkivalo on suunniteltu antamaan kirkkaan valkoista LED-valoa, joka sopii t\u00e4ydellisesti asennettavaksi erilaisiin ajoneuvotyyppeihin. Minimaalisten mittojensa ansiosta, joiden pituus on vain 5,8 cm ja leveys 1,6 cm, t\u00e4m\u00e4 valo on ihanteellinen ratkaisu k\u00e4ytt\u00e4jille, jotka etsiv\u00e4t huomaamatonta mutta tehokasta valonl\u00e4hdett\u00e4. Se on IP67-luokituksen mukainen veden- ja p\u00f6lynkest\u00e4v\u00e4, mik\u00e4 takaa sen luotettavuuden ja kest\u00e4vyyden vaativissa ymp\u00e4rist\u00f6iss\u00e4. Sopii 12 V:n ajoneuvoihin, kuten henkil\u00f6autoihin, pakettiautoihin, per\u00e4vaunuihin tai erikoist\u00f6ihin.<\/p>\n<h2>Tekniset tiedot<\/h2>\n<ul>\n<li>Valonl\u00e4hde: Valkoinen LED<\/li>\n<li>Mitat: 5.8cm pitk\u00e4, 1.6cm leve\u00e4.<\/li>\n<li>Vesitiivis ja p\u00f6lytiivis, IP67-luokitus<\/li>\n<li>Virtal\u00e4hde: 12 V, sopii henkil\u00f6autoihin, pakettiautoihin, per\u00e4vaunuihin ja erikoist\u00f6ihin.<\/li>\n<\/ul>\n<h2>Ominaisuudet ja hy\u00f6dyt<\/h2>\n<p>T\u00e4ss\u00e4 valkoisessa LED-etumerkkivalossa yhdistyv\u00e4t tehokas valaistus sek\u00e4 eritt\u00e4in kompakti ja huomaamaton muotoilu. Se on suunniteltu erityisesti tarjoamaan voimakas ja tehokas valons\u00e4de, joka parantaa ajoneuvon n\u00e4kyvyytt\u00e4 ja turvallisuutta. Sen IP67-luokitus takaa, ett\u00e4 valaisin on riitt\u00e4v\u00e4n kest\u00e4v\u00e4 vaativimpiinkin olosuhteisiin, joten se on luotettava valinta kaikentyyppisiin ajoneuvoihin.<\/p>\n<ul>\n<li>Kirkas valkoinen LED-valons\u00e4de takaa erinomaisen n\u00e4kyvyyden ja turvallisuuden.<\/li>\n<li>Eritt\u00e4in kompakti ja huomaamaton muotoilu monipuolisia asennusvaihtoehtoja varten.<\/li>\n<li>IP67-luokitus tarjoaa erinomaisen suojan vett\u00e4 ja p\u00f6ly\u00e4 vastaan.<\/li>\n<li>Helppo asennus 12V ajoneuvoihin henkil\u00f6autoista erikoisajoneuvoihin.<\/li>\n<\/ul>\n<\/div>\n<p><strong>Erityistoimet:<\/strong><br \/><strong>Volt: <\/strong>12V<br \/><strong>Valonl\u00e4hde:<\/strong> LED, 3kpl<br \/><strong>Vaalea v\u00e4ri:<\/strong> Valkoinen<br \/><strong>Valtuutus:<\/strong> ECE, EMC<br \/><strong>Kosteussuojaus:<\/strong> IP67 (p\u00f6ly- ja vedenpit\u00e4v\u00e4)<br \/><strong>Koko (LxSxK):<\/strong> 58x16x12,5 mm<\/p>\n<p><strong>Takuu: <\/strong>5 vuotta<\/p>","protected":false},"excerpt":{"rendered":"<p>Kompakti etumerkkivalo \/ paikannusvalo 16W12 sopii 12V ajoneuvoihin, kuten pakettiautoihin, per\u00e4vaunuihin, per\u00e4vaunuihin tai erikoist\u00f6ihin.<\/p>\n<p><b>5 vuoden takuu.<\/b><\/p>","protected":false},"featured_media":6720,"comment_status":"closed","ping_status":"open","template":"","meta":{"_acf_changed":false,"_smort_price_nok":"203","_smort_price_dkk":"129","_smort_price_eur":"17.27","_smort_sale_price_nok":"","_smort_sale_price_dkk":"","_smort_sale_price_eur":"","smort_restorder":"","shipmondo_restorder":"","_kad_blocks_custom_css":"","_kad_blocks_head_custom_js":"","_kad_blocks_body_custom_js":"","_kad_blocks_footer_custom_js":"","smort_custom_pricelist_1":"106.4","smort_custom_pricelist_2":"106.4","smort_custom_pricelist_3":"101.08","smort_custom_pricelist_4":"152","smort_custom_pricelist_5":"106.4"},"anvandningsomrade":[166,238,2816],"bilmarken":[],"product_brand":[1252],"product_cat":[2810,2478],"product_tag":[],"class_list":{"0":"post-6719","1":"product","2":"type-product","3":"status-publish","4":"has-post-thumbnail","6":"anvandningsomrade-lastbil","7":"anvandningsomrade-slap","8":"anvandningsomrade-trailer","9":"product_brand-lea","10":"product_cat-front","11":"product_cat-positionsljus-slap","12":"pa_storlek-mm-58x16x12-5","13":"pa_volt-v-160","15":"first","16":"instock","17":"taxable","18":"shipping-taxable","19":"purchasable","20":"product-type-simple"},"bundled_by":[],"bundle_stock_status":"instock","bundle_stock_quantity":1,"bundle_virtual":false,"bundle_layout":"","bundle_add_to_cart_form_location":"","bundle_editable_in_cart":false,"bundle_sold_individually_context":"","bundle_item_grouping":"","bundle_min_size":"","bundle_max_size":"","bundle_price":[],"bundled_items":[],"bundle_sell_ids":[],"acf":[],"yoast_head":"<!-- This site is optimized with the Yoast SEO plugin v27.0 - https:\/\/yoast.com\/product\/yoast-seo-wordpress\/ -->\n<title>12V Frontmarkeringsljus 16W12 (2-Pack) 58x16mm - Xenonkungen<\/title>\n<meta name=\"robots\" content=\"index, follow, max-snippet:-1, max-image-preview:large, max-video-preview:-1\" \/>\n<link rel=\"canonical\" href=\"http:\/\/xenonkungen.com\/fi\/tuote\/12v-etumerkkivalo-16w12-2-kpl-58x16mm\/\" \/>\n<meta property=\"og:locale\" content=\"fi_FI\" \/>\n<meta property=\"og:type\" content=\"article\" \/>\n<meta property=\"og:title\" content=\"12V Frontmarkeringsljus 16W12 (2-Pack) 58x16mm - Xenonkungen\" \/>\n<meta property=\"og:description\" content=\"Kompakt frontmarkeringslampa \/ Positionsljus 16W12 \u00e4r l\u00e4mplig f\u00f6r 12V fordon som transportbilar, trailer, sl\u00e4p eller special-arbeten. 5 \u00e5rs garanti.\" \/>\n<meta property=\"og:url\" content=\"http:\/\/xenonkungen.com\/fi\/tuote\/12v-etumerkkivalo-16w12-2-kpl-58x16mm\/\" \/>\n<meta property=\"og:site_name\" content=\"Xenonkungen\" \/>\n<meta property=\"article:modified_time\" content=\"2026-04-10T23:41:55+00:00\" \/>\n<meta property=\"og:image\" content=\"https:\/\/xenonkungen.com\/wp-content\/uploads\/2025\/04\/177483569-origpic-4b0cce.jpg\" \/>\n\t<meta property=\"og:image:width\" content=\"800\" \/>\n\t<meta property=\"og:image:height\" content=\"800\" \/>\n\t<meta property=\"og:image:type\" content=\"image\/jpeg\" \/>\n<meta name=\"twitter:card\" content=\"summary_large_image\" \/>\n<meta name=\"twitter:label1\" content=\"Arvioitu lukuaika\" \/>\n\t<meta name=\"twitter:data1\" content=\"1 minuutti\" \/>\n<script type=\"application\/ld+json\" class=\"yoast-schema-graph\">{\"@context\":\"https:\/\/schema.org\",\"@graph\":[{\"@type\":\"WebPage\",\"@id\":\"http:\/\/xenonkungen.com\/en\/product\/12v-front-marker-light-16w12-2-pack-58x16mm\/\",\"url\":\"http:\/\/xenonkungen.com\/en\/product\/12v-front-marker-light-16w12-2-pack-58x16mm\/\",\"name\":\"12V Frontmarkeringsljus 16W12 (2-Pack) 58x16mm - Xenonkungen\",\"isPartOf\":{\"@id\":\"https:\/\/xenonkungen.com\/#website\"},\"primaryImageOfPage\":{\"@id\":\"http:\/\/xenonkungen.com\/en\/product\/12v-front-marker-light-16w12-2-pack-58x16mm\/#primaryimage\"},\"image\":{\"@id\":\"http:\/\/xenonkungen.com\/en\/product\/12v-front-marker-light-16w12-2-pack-58x16mm\/#primaryimage\"},\"thumbnailUrl\":\"https:\/\/xenonkungen.com\/wp-content\/uploads\/2025\/04\/177483569-origpic-4b0cce.jpg\",\"datePublished\":\"2025-04-15T09:48:36+00:00\",\"dateModified\":\"2026-04-10T23:41:55+00:00\",\"breadcrumb\":{\"@id\":\"http:\/\/xenonkungen.com\/en\/product\/12v-front-marker-light-16w12-2-pack-58x16mm\/#breadcrumb\"},\"inLanguage\":\"fi\",\"potentialAction\":[{\"@type\":\"ReadAction\",\"target\":[\"http:\/\/xenonkungen.com\/en\/product\/12v-front-marker-light-16w12-2-pack-58x16mm\/\"]}]},{\"@type\":\"ImageObject\",\"inLanguage\":\"fi\",\"@id\":\"http:\/\/xenonkungen.com\/en\/product\/12v-front-marker-light-16w12-2-pack-58x16mm\/#primaryimage\",\"url\":\"https:\/\/xenonkungen.com\/wp-content\/uploads\/2025\/04\/177483569-origpic-4b0cce.jpg\",\"contentUrl\":\"https:\/\/xenonkungen.com\/wp-content\/uploads\/2025\/04\/177483569-origpic-4b0cce.jpg\",\"width\":800,\"height\":800},{\"@type\":\"BreadcrumbList\",\"@id\":\"http:\/\/xenonkungen.com\/en\/product\/12v-front-marker-light-16w12-2-pack-58x16mm\/#breadcrumb\",\"itemListElement\":[{\"@type\":\"ListItem\",\"position\":1,\"name\":\"Hem\",\"item\":\"https:\/\/xenonkungen.com\/\"},{\"@type\":\"ListItem\",\"position\":2,\"name\":\"Shop\",\"item\":\"https:\/\/xenonkungen.com\/shop\/\"},{\"@type\":\"ListItem\",\"position\":3,\"name\":\"12V Frontmarkeringsljus 16W12 (2-Pack) 58x16mm\"}]},{\"@type\":\"WebSite\",\"@id\":\"https:\/\/xenonkungen.com\/#website\",\"url\":\"https:\/\/xenonkungen.com\/\",\"name\":\"Xenonkungen\",\"description\":\"\",\"potentialAction\":[{\"@type\":\"SearchAction\",\"target\":{\"@type\":\"EntryPoint\",\"urlTemplate\":\"https:\/\/xenonkungen.com\/?s={search_term_string}\"},\"query-input\":{\"@type\":\"PropertyValueSpecification\",\"valueRequired\":true,\"valueName\":\"search_term_string\"}}],\"inLanguage\":\"fi\"}]}<\/script>\n<!-- \/ Yoast SEO plugin. -->","yoast_head_json":{"title":"12 V:n etumerkkivalo 16W12 (2 kpl) 58x16 mm - Xenon King","robots":{"index":"index","follow":"follow","max-snippet":"max-snippet:-1","max-image-preview":"max-image-preview:large","max-video-preview":"max-video-preview:-1"},"canonical":"http:\/\/xenonkungen.com\/fi\/tuote\/12v-etumerkkivalo-16w12-2-kpl-58x16mm\/","og_locale":"fi_FI","og_type":"article","og_title":"12V Frontmarkeringsljus 16W12 (2-Pack) 58x16mm - Xenonkungen","og_description":"Kompakt frontmarkeringslampa \/ Positionsljus 16W12 \u00e4r l\u00e4mplig f\u00f6r 12V fordon som transportbilar, trailer, sl\u00e4p eller special-arbeten. 5 \u00e5rs garanti.","og_url":"http:\/\/xenonkungen.com\/fi\/tuote\/12v-etumerkkivalo-16w12-2-kpl-58x16mm\/","og_site_name":"Xenonkungen","article_modified_time":"2026-04-10T23:41:55+00:00","og_image":[{"width":800,"height":800,"url":"https:\/\/xenonkungen.com\/wp-content\/uploads\/2025\/04\/177483569-origpic-4b0cce.jpg","type":"image\/jpeg"}],"twitter_card":"summary_large_image","twitter_misc":{"Arvioitu lukuaika":"1 minuutti"},"schema":{"@context":"https:\/\/schema.org","@graph":[{"@type":"WebPage","@id":"http:\/\/xenonkungen.com\/en\/product\/12v-front-marker-light-16w12-2-pack-58x16mm\/","url":"http:\/\/xenonkungen.com\/en\/product\/12v-front-marker-light-16w12-2-pack-58x16mm\/","name":"12 V:n etumerkkivalo 16W12 (2 kpl) 58x16 mm - Xenon King","isPartOf":{"@id":"https:\/\/xenonkungen.com\/#website"},"primaryImageOfPage":{"@id":"http:\/\/xenonkungen.com\/en\/product\/12v-front-marker-light-16w12-2-pack-58x16mm\/#primaryimage"},"image":{"@id":"http:\/\/xenonkungen.com\/en\/product\/12v-front-marker-light-16w12-2-pack-58x16mm\/#primaryimage"},"thumbnailUrl":"https:\/\/xenonkungen.com\/wp-content\/uploads\/2025\/04\/177483569-origpic-4b0cce.jpg","datePublished":"2025-04-15T09:48:36+00:00","dateModified":"2026-04-10T23:41:55+00:00","breadcrumb":{"@id":"http:\/\/xenonkungen.com\/en\/product\/12v-front-marker-light-16w12-2-pack-58x16mm\/#breadcrumb"},"inLanguage":"fi","potentialAction":[{"@type":"ReadAction","target":["http:\/\/xenonkungen.com\/en\/product\/12v-front-marker-light-16w12-2-pack-58x16mm\/"]}]},{"@type":"ImageObject","inLanguage":"fi","@id":"http:\/\/xenonkungen.com\/en\/product\/12v-front-marker-light-16w12-2-pack-58x16mm\/#primaryimage","url":"https:\/\/xenonkungen.com\/wp-content\/uploads\/2025\/04\/177483569-origpic-4b0cce.jpg","contentUrl":"https:\/\/xenonkungen.com\/wp-content\/uploads\/2025\/04\/177483569-origpic-4b0cce.jpg","width":800,"height":800},{"@type":"BreadcrumbList","@id":"http:\/\/xenonkungen.com\/en\/product\/12v-front-marker-light-16w12-2-pack-58x16mm\/#breadcrumb","itemListElement":[{"@type":"ListItem","position":1,"name":"Hem","item":"https:\/\/xenonkungen.com\/"},{"@type":"ListItem","position":2,"name":"Shop","item":"https:\/\/xenonkungen.com\/shop\/"},{"@type":"ListItem","position":3,"name":"12V Frontmarkeringsljus 16W12 (2-Pack) 58x16mm"}]},{"@type":"WebSite","@id":"https:\/\/xenonkungen.com\/#website","url":"https:\/\/xenonkungen.com\/","name":"Xenonkungen","description":"","potentialAction":[{"@type":"SearchAction","target":{"@type":"EntryPoint","urlTemplate":"https:\/\/xenonkungen.com\/?s={search_term_string}"},"query-input":{"@type":"PropertyValueSpecification","valueRequired":true,"valueName":"search_term_string"}}],"inLanguage":"fi"}]}},"taxonomy_info":{"anvandningsomrade":[{"value":166,"label":"Lastbil"},{"value":238,"label":"SL\u00c4P"},{"value":2816,"label":"TRAILER"}],"product_brand":[{"value":1252,"label":"LEA"}],"product_cat":[{"value":2810,"label":"Front"},{"value":2478,"label":"Positionsljus"}],"pa_storlek-mm":[{"value":1821,"label":"58x16x12.5"}],"pa_volt-v":[{"value":160,"label":"24"}]},"featured_image_src_large":["https:\/\/xenonkungen.com\/wp-content\/uploads\/2025\/04\/177483569-origpic-4b0cce.jpg",800,800,false],"author_info":[],"comment_info":0,"_links":{"self":[{"href":"https:\/\/xenonkungen.com\/fi\/wp-json\/wp\/v2\/product\/6719","targetHints":{"allow":["GET"]}}],"collection":[{"href":"https:\/\/xenonkungen.com\/fi\/wp-json\/wp\/v2\/product"}],"about":[{"href":"https:\/\/xenonkungen.com\/fi\/wp-json\/wp\/v2\/types\/product"}],"replies":[{"embeddable":true,"href":"https:\/\/xenonkungen.com\/fi\/wp-json\/wp\/v2\/comments?post=6719"}],"wp:featuredmedia":[{"embeddable":true,"href":"https:\/\/xenonkungen.com\/fi\/wp-json\/wp\/v2\/media\/6720"}],"wp:attachment":[{"href":"https:\/\/xenonkungen.com\/fi\/wp-json\/wp\/v2\/media?parent=6719"}],"wp:term":[{"taxonomy":"anvandningsomrade","embeddable":true,"href":"https:\/\/xenonkungen.com\/fi\/wp-json\/wp\/v2\/anvandningsomrade?post=6719"},{"taxonomy":"bilmarken","embeddable":true,"href":"https:\/\/xenonkungen.com\/fi\/wp-json\/wp\/v2\/bilmarken?post=6719"},{"taxonomy":"product_brand","embeddable":true,"href":"https:\/\/xenonkungen.com\/fi\/wp-json\/wp\/v2\/product_brand?post=6719"},{"taxonomy":"product_cat","embeddable":true,"href":"https:\/\/xenonkungen.com\/fi\/wp-json\/wp\/v2\/product_cat?post=6719"},{"taxonomy":"product_tag","embeddable":true,"href":"https:\/\/xenonkungen.com\/fi\/wp-json\/wp\/v2\/product_tag?post=6719"}],"curies":[{"name":"wp","href":"https:\/\/api.w.org\/{rel}","templated":true}]}}