{"id":6792,"date":"2025-04-15T09:49:18","date_gmt":"2025-04-15T09:49:18","guid":{"rendered":"https:\/\/xenonkungen.com\/product\/led-blinkerslampa-200mm-amber-chrome\/"},"modified":"2026-04-11T00:43:08","modified_gmt":"2026-04-10T23:43:08","slug":"led-merkkivalo-200-mm-keltainen-kromi","status":"publish","type":"product","link":"https:\/\/xenonkungen.com\/fi\/tuote\/led-merkkivalo-200-mm-keltainen-kromi\/","title":{"rendered":"LED-merkkivalo 200mm Amber | Kromi"},"content":{"rendered":"<h1 class=\"title\">Vilkku\/suuntavilkku kromiviimeistelyll\u00e4 pinta-asennukseen 200x50mm<\/h1>\n<p class=\"description\">Edistyksellisell\u00e4 LED-tekniikalla varustettu vilkku\/suuntavilkku takaa erinomaisen n\u00e4kyvyyden ja turvallisuuden. Se yhdist\u00e4\u00e4 k\u00e4yt\u00e4nn\u00f6llisen toiminnallisuuden ylelliseen kromiviimeistelyyn. Se sopii erinomaisesti monenlaisiin ajoneuvoihin ja varmistaa luotettavan suorituskyvyn kaikissa s\u00e4\u00e4olosuhteissa vuotamattoman elektroniikkansa ansiosta.<\/p>\n<h2>Toiminnot ja ominaisuudet:<\/h2>\n<ul class=\"features-list\">\n<li>Vahvat ja selke\u00e4t signaalit edistyneen LED-tekniikan ansiosta.<\/li>\n<li>Ylellinen kromipinta antaa hienostuneen ja modernin ilmeen.<\/li>\n<li>Yksinkertainen pinta-asennus joustavaan asennukseen.<\/li>\n<li>Vuotamaton elektroniikka pitk\u00e4aikaiseen ja luotettavaan k\u00e4ytt\u00f6\u00f6n.<\/li>\n<li>Optimaalinen koko (200x50 mm) maksimaalisen n\u00e4kyvyyden takaamiseksi h\u00e4iritsem\u00e4tt\u00e4.<\/li>\n<\/ul>\n<h2>Vaihtoehtoiset lis\u00e4varusteet:<\/h2>\n<p class=\"description\">Lis\u00e4mukautusta varten saatavilla on valinnainen lampun kehys ja virtaliitin, jotka tarjoavat asennuksen joustavuutta tiettyjen tarpeiden ja mieltymysten mukaan.<\/p>","protected":false},"excerpt":{"rendered":"<p>Indikator\/Blinker med Kromfinish f\u00f6r Utanp\u00e5liggande Montage 200x50mm Utrustad med avancerad LED-teknologi f\u00f6r \u00f6verl\u00e4gsen synlighet och s\u00e4kerhet, denna indikator\/blinker kombinerar praktisk funktionalitet med en lyxig kromfinish. Den \u00e4r idealisk f\u00f6r ett brett spektrum av fordon och garanterar tillf\u00f6rlitlig prestanda under alla v\u00e4derf\u00f6rh\u00e5llanden tack vare sin l\u00e4ckagef\u00f6rseglade elektronik. Funktioner och Egenskaper: Starka och klara signaler tack vare [&hellip;]<\/p>","protected":false},"featured_media":6793,"comment_status":"closed","ping_status":"open","template":"","meta":{"_acf_changed":false,"_smort_price_nok":"481","_smort_price_dkk":"305","_smort_price_eur":"40.91","_smort_sale_price_nok":"","_smort_sale_price_dkk":"","_smort_sale_price_eur":"","smort_restorder":"","shipmondo_restorder":"","_kad_blocks_custom_css":"","_kad_blocks_head_custom_js":"","_kad_blocks_body_custom_js":"","_kad_blocks_footer_custom_js":"","smort_custom_pricelist_1":"288","smort_custom_pricelist_2":"252","smort_custom_pricelist_3":"234","smort_custom_pricelist_4":"360","smort_custom_pricelist_5":"252"},"anvandningsomrade":[166,238,2816],"bilmarken":[],"product_brand":[1252],"product_cat":[2582],"product_tag":[],"class_list":{"0":"post-6792","1":"product","2":"type-product","3":"status-publish","4":"has-post-thumbnail","6":"anvandningsomrade-lastbil","7":"anvandningsomrade-slap","8":"anvandningsomrade-trailer","9":"product_brand-lea","10":"product_cat-blinkers-slap","11":"pa_fuktskydd-varde-ipxx-ip67","12":"pa_godkannande-ece-emc","13":"pa_storlek-mm-200x50x28","14":"pa_stromforbrukning-019a-28v","15":"pa_stromforbrukning-039a-138v","16":"pa_volt-v-12-24","18":"first","19":"onbackorder","20":"taxable","21":"shipping-taxable","22":"purchasable","23":"product-type-simple"},"bundled_by":[],"bundle_stock_status":"onbackorder","bundle_stock_quantity":0,"bundle_virtual":false,"bundle_layout":"","bundle_add_to_cart_form_location":"","bundle_editable_in_cart":false,"bundle_sold_individually_context":"","bundle_item_grouping":"","bundle_min_size":"","bundle_max_size":"","bundle_price":[],"bundled_items":[],"bundle_sell_ids":[],"acf":[],"yoast_head":"<!-- This site is optimized with the Yoast SEO plugin v27.0 - https:\/\/yoast.com\/product\/yoast-seo-wordpress\/ -->\n<title>LED Blinkerslampa 200mm Amber | Chrome - Xenonkungen<\/title>\n<meta name=\"robots\" content=\"index, follow, max-snippet:-1, max-image-preview:large, max-video-preview:-1\" \/>\n<link rel=\"canonical\" href=\"https:\/\/xenonkungen.com\/fi\/tuote\/led-merkkivalo-200-mm-keltainen-kromi\/\" \/>\n<meta property=\"og:locale\" content=\"fi_FI\" \/>\n<meta property=\"og:type\" content=\"article\" \/>\n<meta property=\"og:title\" content=\"LED Blinkerslampa 200mm Amber | Chrome - Xenonkungen\" \/>\n<meta property=\"og:description\" content=\"Indikator\/Blinker med Kromfinish f\u00f6r Utanp\u00e5liggande Montage 200x50mm Utrustad med avancerad LED-teknologi f\u00f6r \u00f6verl\u00e4gsen synlighet och s\u00e4kerhet, denna indikator\/blinker kombinerar praktisk funktionalitet med en lyxig kromfinish. Den \u00e4r idealisk f\u00f6r ett brett spektrum av fordon och garanterar tillf\u00f6rlitlig prestanda under alla v\u00e4derf\u00f6rh\u00e5llanden tack vare sin l\u00e4ckagef\u00f6rseglade elektronik. Funktioner och Egenskaper: Starka och klara signaler tack vare [&hellip;]\" \/>\n<meta property=\"og:url\" content=\"https:\/\/xenonkungen.com\/fi\/tuote\/led-merkkivalo-200-mm-keltainen-kromi\/\" \/>\n<meta property=\"og:site_name\" content=\"Xenonkungen\" \/>\n<meta property=\"article:modified_time\" content=\"2026-04-10T23:43:08+00:00\" \/>\n<meta property=\"og:image\" content=\"https:\/\/xenonkungen.com\/wp-content\/uploads\/2025\/04\/200CAME-800x800-1.jpg\" \/>\n\t<meta property=\"og:image:width\" content=\"800\" \/>\n\t<meta property=\"og:image:height\" content=\"800\" \/>\n\t<meta property=\"og:image:type\" content=\"image\/jpeg\" \/>\n<meta name=\"twitter:card\" content=\"summary_large_image\" \/>\n<meta name=\"twitter:label1\" content=\"Arvioitu lukuaika\" \/>\n\t<meta name=\"twitter:data1\" content=\"1 minuutti\" \/>\n<script type=\"application\/ld+json\" class=\"yoast-schema-graph\">{\"@context\":\"https:\/\/schema.org\",\"@graph\":[{\"@type\":\"WebPage\",\"@id\":\"https:\/\/xenonkungen.com\/dk\/vare\/led-blinklys-200-mm-ravgul-krom\/\",\"url\":\"https:\/\/xenonkungen.com\/dk\/vare\/led-blinklys-200-mm-ravgul-krom\/\",\"name\":\"LED Blinkerslampa 200mm Amber | Chrome - Xenonkungen\",\"isPartOf\":{\"@id\":\"https:\/\/xenonkungen.com\/#website\"},\"primaryImageOfPage\":{\"@id\":\"https:\/\/xenonkungen.com\/dk\/vare\/led-blinklys-200-mm-ravgul-krom\/#primaryimage\"},\"image\":{\"@id\":\"https:\/\/xenonkungen.com\/dk\/vare\/led-blinklys-200-mm-ravgul-krom\/#primaryimage\"},\"thumbnailUrl\":\"https:\/\/xenonkungen.com\/wp-content\/uploads\/2025\/04\/200CAME-800x800-1.jpg\",\"datePublished\":\"2025-04-15T09:49:18+00:00\",\"dateModified\":\"2026-04-10T23:43:08+00:00\",\"breadcrumb\":{\"@id\":\"https:\/\/xenonkungen.com\/dk\/vare\/led-blinklys-200-mm-ravgul-krom\/#breadcrumb\"},\"inLanguage\":\"fi\",\"potentialAction\":[{\"@type\":\"ReadAction\",\"target\":[\"https:\/\/xenonkungen.com\/dk\/vare\/led-blinklys-200-mm-ravgul-krom\/\"]}]},{\"@type\":\"ImageObject\",\"inLanguage\":\"fi\",\"@id\":\"https:\/\/xenonkungen.com\/dk\/vare\/led-blinklys-200-mm-ravgul-krom\/#primaryimage\",\"url\":\"https:\/\/xenonkungen.com\/wp-content\/uploads\/2025\/04\/200CAME-800x800-1.jpg\",\"contentUrl\":\"https:\/\/xenonkungen.com\/wp-content\/uploads\/2025\/04\/200CAME-800x800-1.jpg\",\"width\":800,\"height\":800},{\"@type\":\"BreadcrumbList\",\"@id\":\"https:\/\/xenonkungen.com\/dk\/vare\/led-blinklys-200-mm-ravgul-krom\/#breadcrumb\",\"itemListElement\":[{\"@type\":\"ListItem\",\"position\":1,\"name\":\"Hem\",\"item\":\"https:\/\/xenonkungen.com\/\"},{\"@type\":\"ListItem\",\"position\":2,\"name\":\"Shop\",\"item\":\"https:\/\/xenonkungen.com\/shop\/\"},{\"@type\":\"ListItem\",\"position\":3,\"name\":\"LED Blinkerslampa 200mm Amber | Chrome\"}]},{\"@type\":\"WebSite\",\"@id\":\"https:\/\/xenonkungen.com\/#website\",\"url\":\"https:\/\/xenonkungen.com\/\",\"name\":\"Xenonkungen\",\"description\":\"\",\"potentialAction\":[{\"@type\":\"SearchAction\",\"target\":{\"@type\":\"EntryPoint\",\"urlTemplate\":\"https:\/\/xenonkungen.com\/?s={search_term_string}\"},\"query-input\":{\"@type\":\"PropertyValueSpecification\",\"valueRequired\":true,\"valueName\":\"search_term_string\"}}],\"inLanguage\":\"fi\"}]}<\/script>\n<!-- \/ Yoast SEO plugin. -->","yoast_head_json":{"title":"LED-merkkivalo 200 mm keltainen | Kromi - Xenon King","robots":{"index":"index","follow":"follow","max-snippet":"max-snippet:-1","max-image-preview":"max-image-preview:large","max-video-preview":"max-video-preview:-1"},"canonical":"https:\/\/xenonkungen.com\/fi\/tuote\/led-merkkivalo-200-mm-keltainen-kromi\/","og_locale":"fi_FI","og_type":"article","og_title":"LED Blinkerslampa 200mm Amber | Chrome - Xenonkungen","og_description":"Indikator\/Blinker med Kromfinish f\u00f6r Utanp\u00e5liggande Montage 200x50mm Utrustad med avancerad LED-teknologi f\u00f6r \u00f6verl\u00e4gsen synlighet och s\u00e4kerhet, denna indikator\/blinker kombinerar praktisk funktionalitet med en lyxig kromfinish. Den \u00e4r idealisk f\u00f6r ett brett spektrum av fordon och garanterar tillf\u00f6rlitlig prestanda under alla v\u00e4derf\u00f6rh\u00e5llanden tack vare sin l\u00e4ckagef\u00f6rseglade elektronik. Funktioner och Egenskaper: Starka och klara signaler tack vare [&hellip;]","og_url":"https:\/\/xenonkungen.com\/fi\/tuote\/led-merkkivalo-200-mm-keltainen-kromi\/","og_site_name":"Xenonkungen","article_modified_time":"2026-04-10T23:43:08+00:00","og_image":[{"width":800,"height":800,"url":"https:\/\/xenonkungen.com\/wp-content\/uploads\/2025\/04\/200CAME-800x800-1.jpg","type":"image\/jpeg"}],"twitter_card":"summary_large_image","twitter_misc":{"Arvioitu lukuaika":"1 minuutti"},"schema":{"@context":"https:\/\/schema.org","@graph":[{"@type":"WebPage","@id":"https:\/\/xenonkungen.com\/dk\/vare\/led-blinklys-200-mm-ravgul-krom\/","url":"https:\/\/xenonkungen.com\/dk\/vare\/led-blinklys-200-mm-ravgul-krom\/","name":"LED-merkkivalo 200 mm keltainen | Kromi - Xenon King","isPartOf":{"@id":"https:\/\/xenonkungen.com\/#website"},"primaryImageOfPage":{"@id":"https:\/\/xenonkungen.com\/dk\/vare\/led-blinklys-200-mm-ravgul-krom\/#primaryimage"},"image":{"@id":"https:\/\/xenonkungen.com\/dk\/vare\/led-blinklys-200-mm-ravgul-krom\/#primaryimage"},"thumbnailUrl":"https:\/\/xenonkungen.com\/wp-content\/uploads\/2025\/04\/200CAME-800x800-1.jpg","datePublished":"2025-04-15T09:49:18+00:00","dateModified":"2026-04-10T23:43:08+00:00","breadcrumb":{"@id":"https:\/\/xenonkungen.com\/dk\/vare\/led-blinklys-200-mm-ravgul-krom\/#breadcrumb"},"inLanguage":"fi","potentialAction":[{"@type":"ReadAction","target":["https:\/\/xenonkungen.com\/dk\/vare\/led-blinklys-200-mm-ravgul-krom\/"]}]},{"@type":"ImageObject","inLanguage":"fi","@id":"https:\/\/xenonkungen.com\/dk\/vare\/led-blinklys-200-mm-ravgul-krom\/#primaryimage","url":"https:\/\/xenonkungen.com\/wp-content\/uploads\/2025\/04\/200CAME-800x800-1.jpg","contentUrl":"https:\/\/xenonkungen.com\/wp-content\/uploads\/2025\/04\/200CAME-800x800-1.jpg","width":800,"height":800},{"@type":"BreadcrumbList","@id":"https:\/\/xenonkungen.com\/dk\/vare\/led-blinklys-200-mm-ravgul-krom\/#breadcrumb","itemListElement":[{"@type":"ListItem","position":1,"name":"Hem","item":"https:\/\/xenonkungen.com\/"},{"@type":"ListItem","position":2,"name":"Shop","item":"https:\/\/xenonkungen.com\/shop\/"},{"@type":"ListItem","position":3,"name":"LED Blinkerslampa 200mm Amber | Chrome"}]},{"@type":"WebSite","@id":"https:\/\/xenonkungen.com\/#website","url":"https:\/\/xenonkungen.com\/","name":"Xenonkungen","description":"","potentialAction":[{"@type":"SearchAction","target":{"@type":"EntryPoint","urlTemplate":"https:\/\/xenonkungen.com\/?s={search_term_string}"},"query-input":{"@type":"PropertyValueSpecification","valueRequired":true,"valueName":"search_term_string"}}],"inLanguage":"fi"}]}},"taxonomy_info":{"anvandningsomrade":[{"value":166,"label":"Lastbil"},{"value":238,"label":"SL\u00c4P"},{"value":2816,"label":"TRAILER"}],"product_brand":[{"value":1252,"label":"LEA"}],"product_cat":[{"value":2582,"label":"Blinkers"}],"pa_fuktskydd-varde-ipxx":[{"value":333,"label":"IP67"}],"pa_godkannande":[{"value":1262,"label":"ECE, EMC"}],"pa_storlek-mm":[{"value":1850,"label":"200x50x28"}],"pa_stromforbrukning":[{"value":1841,"label":"0,19A @28V"},{"value":1840,"label":"0,39A @13,8V"}],"pa_volt-v":[{"value":348,"label":"12, 24"}]},"featured_image_src_large":["https:\/\/xenonkungen.com\/wp-content\/uploads\/2025\/04\/200CAME-800x800-1.jpg",800,800,false],"author_info":[],"comment_info":0,"_links":{"self":[{"href":"https:\/\/xenonkungen.com\/fi\/wp-json\/wp\/v2\/product\/6792","targetHints":{"allow":["GET"]}}],"collection":[{"href":"https:\/\/xenonkungen.com\/fi\/wp-json\/wp\/v2\/product"}],"about":[{"href":"https:\/\/xenonkungen.com\/fi\/wp-json\/wp\/v2\/types\/product"}],"replies":[{"embeddable":true,"href":"https:\/\/xenonkungen.com\/fi\/wp-json\/wp\/v2\/comments?post=6792"}],"wp:featuredmedia":[{"embeddable":true,"href":"https:\/\/xenonkungen.com\/fi\/wp-json\/wp\/v2\/media\/6793"}],"wp:attachment":[{"href":"https:\/\/xenonkungen.com\/fi\/wp-json\/wp\/v2\/media?parent=6792"}],"wp:term":[{"taxonomy":"anvandningsomrade","embeddable":true,"href":"https:\/\/xenonkungen.com\/fi\/wp-json\/wp\/v2\/anvandningsomrade?post=6792"},{"taxonomy":"bilmarken","embeddable":true,"href":"https:\/\/xenonkungen.com\/fi\/wp-json\/wp\/v2\/bilmarken?post=6792"},{"taxonomy":"product_brand","embeddable":true,"href":"https:\/\/xenonkungen.com\/fi\/wp-json\/wp\/v2\/product_brand?post=6792"},{"taxonomy":"product_cat","embeddable":true,"href":"https:\/\/xenonkungen.com\/fi\/wp-json\/wp\/v2\/product_cat?post=6792"},{"taxonomy":"product_tag","embeddable":true,"href":"https:\/\/xenonkungen.com\/fi\/wp-json\/wp\/v2\/product_tag?post=6792"}],"curies":[{"name":"wp","href":"https:\/\/api.w.org\/{rel}","templated":true}]}}