{"id":6864,"date":"2025-04-15T09:49:51","date_gmt":"2025-04-15T09:49:51","guid":{"rendered":"https:\/\/xenonkungen.com\/product\/lazer-faste-mittmontering-triple-r-st-rostfritt-stal\/"},"modified":"2026-04-11T01:13:50","modified_gmt":"2026-04-11T00:13:50","slug":"lazer-kiintea-keskikiinnitys-kolminkertainen-r-ruostumattomasta-teraksesta","status":"publish","type":"product","link":"https:\/\/xenonkungen.com\/fi\/tuote\/lazer-kiintea-keskikiinnitys-kolminkertainen-r-ruostumattomasta-teraksesta\/","title":{"rendered":"Lazerin keskikiinnike Triple-R\/ST (ruostumaton ter\u00e4s)"},"content":{"rendered":"<h2>Lazer Center Mount Bracket \u2013 Tyylik\u00e4s ja kest\u00e4v\u00e4 kiinnitys Triple-R- ja ST-sarjoille<\/h2>\n<p><strong>Turvallinen, vakaa ja tyylik\u00e4s asennus \u2013 joka kerta.<\/strong> Lazerin keskikiinnike on t\u00e4ydellinen ratkaisu niille, jotka haluavat kiinnitt\u00e4\u00e4 <strong>Triple-R- tai ST Evolution -lis\u00e4valopalkki<\/strong> maksimaalisella tarkkuudella ja kest\u00e4vyydell\u00e4. Jalusta on valmistettu <strong>korkealaatuista ruostumatonta ter\u00e4st\u00e4<\/strong> ja takaa pitk\u00e4n k\u00e4ytt\u00f6i\u00e4n ja ammattimaisen ulkon\u00e4\u00f6n.<\/p>\n<h3>Suunniteltu kest\u00e4vyytt\u00e4 ja tyyli\u00e4 ajatellen<\/h3>\n<p>Huomaamattoman ja elegantin muotoilunsa ansiosta t\u00e4m\u00e4 keskikiinnike sopii t\u00e4ydellisesti niille, jotka haluavat <strong>siisti ja keskitetty kokoonpano<\/strong>Se on riitt\u00e4v\u00e4n kest\u00e4v\u00e4 kest\u00e4m\u00e4\u00e4n vaikeaa maastoa ja suuria nopeuksia \u2013 ulkon\u00e4\u00f6st\u00e4 tinkim\u00e4tt\u00e4.<\/p>\n<h3>T\u00e4ydellinen istuvuus<\/h3>\n<p>Kiinnitys on <strong>erityisesti Lazer Triple-R- ja ST-sarjoille mukautettu<\/strong>, mik\u00e4 takaa saumattoman ja vaivattoman asennuksen. Kaikki tarvittava sis\u00e4ltyy toimitukseen, jotta lamppu saadaan nopeasti ja helposti paikoilleen.<\/p>\n<h3>Rakennettu pohjoismaiseen ilmastoon<\/h3>\n<p>Ruostumaton ter\u00e4s kest\u00e4\u00e4 suolaa, sadetta, lunta ja likaa \u2013 joten se sopii t\u00e4ydellisesti muuttuvaan pohjoismaiseen s\u00e4\u00e4h\u00e4n. Investointi <strong>kest\u00e4vyys ja luotettavuus<\/strong> kaikkina vuodenaikoina.<\/p>\n<p><strong>Lazer Center Mount Bracket \u2013 niille, jotka haluavat yksinkertaisen asennuksen maksimaalisella teholla ja pitk\u00e4ik\u00e4isell\u00e4 laadulla.<\/strong><\/p>","protected":false},"excerpt":{"rendered":"<p>Lazer Mittmonteringsf\u00e4ste \u2013 Stilren och robust montering f\u00f6r Triple-R &#038; ST-serien S\u00e4ker, stabil och snygg montering \u2013 varje g\u00e5ng. Lazer mittmonteringsf\u00e4ste \u00e4r den perfekta l\u00f6sningen f\u00f6r dig som vill montera din Triple-R eller ST Evolution extraljusramp med maximal precision och h\u00e5llbarhet. F\u00e4stet \u00e4r tillverkat i h\u00f6gkvalitativt rostfritt st\u00e5l och garanterar l\u00e5ng livsl\u00e4ngd och ett professionellt [&hellip;]<\/p>","protected":false},"featured_media":6865,"comment_status":"closed","ping_status":"open","template":"","meta":{"_acf_changed":false,"_smort_price_nok":"251","_smort_price_dkk":"159","_smort_price_eur":"21.36","_smort_sale_price_nok":"","_smort_sale_price_dkk":"","_smort_sale_price_eur":"","smort_restorder":"","shipmondo_restorder":"","_kad_blocks_custom_css":"","_kad_blocks_head_custom_js":"","_kad_blocks_body_custom_js":"","_kad_blocks_footer_custom_js":"","smort_custom_pricelist_1":"150.4","smort_custom_pricelist_2":"150.4","smort_custom_pricelist_3":"150.4","smort_custom_pricelist_4":"188","smort_custom_pricelist_5":"150.4"},"anvandningsomrade":[165,236,237,207,166,234,167,238,235],"bilmarken":[208,240,194,241,242,195,243,209,244,245,246,247,248,210,249,196,250,251,252,253,197,211,254,212,255,256,257,258,259,213,260,261,198,262,263,264,265,266,267,199,268,269,270,271,200,272,273,274,215,275,276,277,278,201,279,202,280,281,216,282,203,283,284,285,286,204,217,218,287,288,289,290,219,205,169,291],"product_brand":[1124],"product_cat":[727],"product_tag":[2735],"class_list":{"0":"post-6864","1":"product","2":"type-product","3":"status-publish","4":"has-post-thumbnail","6":"anvandningsomrade-atv","7":"anvandningsomrade-entreprenad","8":"anvandningsomrade-fritid","9":"anvandningsomrade-husbil","10":"anvandningsomrade-lastbil","11":"anvandningsomrade-mc","12":"anvandningsomrade-personbil","13":"anvandningsomrade-slap","14":"anvandningsomrade-snoskoter","15":"bilmarken-abarth","16":"bilmarken-acura","17":"bilmarken-alfa-romeo","18":"bilmarken-alpina","19":"bilmarken-aston-martin","20":"bilmarken-audi","21":"bilmarken-bentley","22":"bilmarken-bmw","23":"bilmarken-bugatti","24":"bilmarken-buick","25":"bilmarken-cadillac","26":"bilmarken-chevrolet","27":"bilmarken-chrysler","28":"bilmarken-citroen","29":"bilmarken-cupra","30":"bilmarken-dacia","31":"bilmarken-daewoo","32":"bilmarken-daihatsu","33":"bilmarken-dodge","34":"bilmarken-ds","35":"bilmarken-ferrari","36":"bilmarken-fiat","37":"bilmarken-fisker","38":"bilmarken-ford","39":"bilmarken-geely","40":"bilmarken-genesis","41":"bilmarken-gmc","42":"bilmarken-honda","43":"bilmarken-hummer","44":"bilmarken-hyundai","45":"bilmarken-infiniti","46":"bilmarken-isuzu","47":"bilmarken-iveco","48":"bilmarken-jaguar","49":"bilmarken-jeep","50":"bilmarken-kia","51":"bilmarken-koenigsegg","52":"bilmarken-lada","53":"bilmarken-lamborghini","54":"bilmarken-lancia","55":"bilmarken-land-rover","56":"bilmarken-lexus","57":"bilmarken-lincoln","58":"bilmarken-lotus","59":"bilmarken-maserati","60":"bilmarken-maxus","61":"bilmarken-mazda","62":"bilmarken-mclaren","63":"bilmarken-mercedes-benz","64":"bilmarken-mg","65":"bilmarken-mini","66":"bilmarken-mitsubishi","67":"bilmarken-nissan","68":"bilmarken-opel","69":"bilmarken-pagani","70":"bilmarken-peugeot","71":"bilmarken-polestar","72":"bilmarken-pontiac","73":"bilmarken-porsche","74":"bilmarken-ram","75":"bilmarken-renault","76":"bilmarken-rivian","77":"bilmarken-rolls-royce","78":"bilmarken-rover","79":"bilmarken-saab","80":"bilmarken-seat","81":"bilmarken-skoda","82":"bilmarken-smart","83":"bilmarken-ssangyong","84":"bilmarken-subaru","85":"bilmarken-suzuki","86":"bilmarken-tesla","87":"bilmarken-toyota","88":"bilmarken-volkswagen","89":"bilmarken-volvo","90":"bilmarken-wiesmann","91":"product_brand-lazer","92":"product_cat-tillbehor","93":"product_tag-lazer","95":"first","96":"onbackorder","97":"taxable","98":"shipping-taxable","99":"purchasable","100":"product-type-simple"},"bundled_by":[],"bundle_stock_status":"onbackorder","bundle_stock_quantity":0,"bundle_virtual":false,"bundle_layout":"","bundle_add_to_cart_form_location":"","bundle_editable_in_cart":false,"bundle_sold_individually_context":"","bundle_item_grouping":"","bundle_min_size":"","bundle_max_size":"","bundle_price":[],"bundled_items":[],"bundle_sell_ids":[],"acf":[],"yoast_head":"<!-- This site is optimized with the Yoast SEO plugin v27.0 - https:\/\/yoast.com\/product\/yoast-seo-wordpress\/ -->\n<title>Lazer f\u00e4ste mittmontering Triple-R\/ST (rostfritt st\u00e5l) - Xenonkungen<\/title>\n<meta name=\"robots\" content=\"index, follow, max-snippet:-1, max-image-preview:large, max-video-preview:-1\" \/>\n<link rel=\"canonical\" href=\"https:\/\/xenonkungen.com\/fi\/tuote\/lazer-kiintea-keskikiinnitys-kolminkertainen-r-ruostumattomasta-teraksesta\/\" \/>\n<meta property=\"og:locale\" content=\"fi_FI\" \/>\n<meta property=\"og:type\" content=\"article\" \/>\n<meta property=\"og:title\" content=\"Lazer f\u00e4ste mittmontering Triple-R\/ST (rostfritt st\u00e5l) - Xenonkungen\" \/>\n<meta property=\"og:description\" content=\"Lazer Mittmonteringsf\u00e4ste \u2013 Stilren och robust montering f\u00f6r Triple-R &#038; ST-serien S\u00e4ker, stabil och snygg montering \u2013 varje g\u00e5ng. Lazer mittmonteringsf\u00e4ste \u00e4r den perfekta l\u00f6sningen f\u00f6r dig som vill montera din Triple-R eller ST Evolution extraljusramp med maximal precision och h\u00e5llbarhet. F\u00e4stet \u00e4r tillverkat i h\u00f6gkvalitativt rostfritt st\u00e5l och garanterar l\u00e5ng livsl\u00e4ngd och ett professionellt [&hellip;]\" \/>\n<meta property=\"og:url\" content=\"https:\/\/xenonkungen.com\/fi\/tuote\/lazer-kiintea-keskikiinnitys-kolminkertainen-r-ruostumattomasta-teraksesta\/\" \/>\n<meta property=\"og:site_name\" content=\"Xenonkungen\" \/>\n<meta property=\"article:modified_time\" content=\"2026-04-11T00:13:50+00:00\" \/>\n<meta property=\"og:image\" content=\"https:\/\/xenonkungen.com\/wp-content\/uploads\/2025\/04\/189055207-origpic-cf31de.jpg\" \/>\n\t<meta property=\"og:image:width\" content=\"1000\" \/>\n\t<meta property=\"og:image:height\" content=\"750\" \/>\n\t<meta property=\"og:image:type\" content=\"image\/jpeg\" \/>\n<meta name=\"twitter:card\" content=\"summary_large_image\" \/>\n<meta name=\"twitter:label1\" content=\"Arvioitu lukuaika\" \/>\n\t<meta name=\"twitter:data1\" content=\"1 minuutti\" \/>\n<script type=\"application\/ld+json\" class=\"yoast-schema-graph\">{\"@context\":\"https:\/\/schema.org\",\"@graph\":[{\"@type\":\"WebPage\",\"@id\":\"https:\/\/xenonkungen.com\/produkt\/lazer-faste-mittmontering-triple-r-st-rostfritt-stal\/\",\"url\":\"https:\/\/xenonkungen.com\/produkt\/lazer-faste-mittmontering-triple-r-st-rostfritt-stal\/\",\"name\":\"Lazer f\u00e4ste mittmontering Triple-R\/ST (rostfritt st\u00e5l) - Xenonkungen\",\"isPartOf\":{\"@id\":\"https:\/\/xenonkungen.com\/#website\"},\"primaryImageOfPage\":{\"@id\":\"https:\/\/xenonkungen.com\/produkt\/lazer-faste-mittmontering-triple-r-st-rostfritt-stal\/#primaryimage\"},\"image\":{\"@id\":\"https:\/\/xenonkungen.com\/produkt\/lazer-faste-mittmontering-triple-r-st-rostfritt-stal\/#primaryimage\"},\"thumbnailUrl\":\"https:\/\/xenonkungen.com\/wp-content\/uploads\/2025\/04\/189055207-origpic-cf31de.jpg\",\"datePublished\":\"2025-04-15T09:49:51+00:00\",\"dateModified\":\"2026-04-11T00:13:50+00:00\",\"breadcrumb\":{\"@id\":\"https:\/\/xenonkungen.com\/produkt\/lazer-faste-mittmontering-triple-r-st-rostfritt-stal\/#breadcrumb\"},\"inLanguage\":\"fi\",\"potentialAction\":[{\"@type\":\"ReadAction\",\"target\":[\"https:\/\/xenonkungen.com\/produkt\/lazer-faste-mittmontering-triple-r-st-rostfritt-stal\/\"]}]},{\"@type\":\"ImageObject\",\"inLanguage\":\"fi\",\"@id\":\"https:\/\/xenonkungen.com\/produkt\/lazer-faste-mittmontering-triple-r-st-rostfritt-stal\/#primaryimage\",\"url\":\"https:\/\/xenonkungen.com\/wp-content\/uploads\/2025\/04\/189055207-origpic-cf31de.jpg\",\"contentUrl\":\"https:\/\/xenonkungen.com\/wp-content\/uploads\/2025\/04\/189055207-origpic-cf31de.jpg\",\"width\":1000,\"height\":750},{\"@type\":\"BreadcrumbList\",\"@id\":\"https:\/\/xenonkungen.com\/produkt\/lazer-faste-mittmontering-triple-r-st-rostfritt-stal\/#breadcrumb\",\"itemListElement\":[{\"@type\":\"ListItem\",\"position\":1,\"name\":\"Hem\",\"item\":\"https:\/\/xenonkungen.com\/\"},{\"@type\":\"ListItem\",\"position\":2,\"name\":\"Shop\",\"item\":\"https:\/\/xenonkungen.com\/shop\/\"},{\"@type\":\"ListItem\",\"position\":3,\"name\":\"Lazer f\u00e4ste mittmontering Triple-R\/ST (rostfritt st\u00e5l)\"}]},{\"@type\":\"WebSite\",\"@id\":\"https:\/\/xenonkungen.com\/#website\",\"url\":\"https:\/\/xenonkungen.com\/\",\"name\":\"Xenonkungen\",\"description\":\"\",\"potentialAction\":[{\"@type\":\"SearchAction\",\"target\":{\"@type\":\"EntryPoint\",\"urlTemplate\":\"https:\/\/xenonkungen.com\/?s={search_term_string}\"},\"query-input\":{\"@type\":\"PropertyValueSpecification\",\"valueRequired\":true,\"valueName\":\"search_term_string\"}}],\"inLanguage\":\"fi\"}]}<\/script>\n<!-- \/ Yoast SEO plugin. -->","yoast_head_json":{"title":"Lazer-kiinnike keskikiinnitykseen Triple-R\/ST (ruostumaton ter\u00e4s) - Xenonkungen","robots":{"index":"index","follow":"follow","max-snippet":"max-snippet:-1","max-image-preview":"max-image-preview:large","max-video-preview":"max-video-preview:-1"},"canonical":"https:\/\/xenonkungen.com\/fi\/tuote\/lazer-kiintea-keskikiinnitys-kolminkertainen-r-ruostumattomasta-teraksesta\/","og_locale":"fi_FI","og_type":"article","og_title":"Lazer f\u00e4ste mittmontering Triple-R\/ST (rostfritt st\u00e5l) - Xenonkungen","og_description":"Lazer Mittmonteringsf\u00e4ste \u2013 Stilren och robust montering f\u00f6r Triple-R &#038; ST-serien S\u00e4ker, stabil och snygg montering \u2013 varje g\u00e5ng. Lazer mittmonteringsf\u00e4ste \u00e4r den perfekta l\u00f6sningen f\u00f6r dig som vill montera din Triple-R eller ST Evolution extraljusramp med maximal precision och h\u00e5llbarhet. F\u00e4stet \u00e4r tillverkat i h\u00f6gkvalitativt rostfritt st\u00e5l och garanterar l\u00e5ng livsl\u00e4ngd och ett professionellt [&hellip;]","og_url":"https:\/\/xenonkungen.com\/fi\/tuote\/lazer-kiintea-keskikiinnitys-kolminkertainen-r-ruostumattomasta-teraksesta\/","og_site_name":"Xenonkungen","article_modified_time":"2026-04-11T00:13:50+00:00","og_image":[{"width":1000,"height":750,"url":"https:\/\/xenonkungen.com\/wp-content\/uploads\/2025\/04\/189055207-origpic-cf31de.jpg","type":"image\/jpeg"}],"twitter_card":"summary_large_image","twitter_misc":{"Arvioitu lukuaika":"1 minuutti"},"schema":{"@context":"https:\/\/schema.org","@graph":[{"@type":"WebPage","@id":"https:\/\/xenonkungen.com\/produkt\/lazer-faste-mittmontering-triple-r-st-rostfritt-stal\/","url":"https:\/\/xenonkungen.com\/produkt\/lazer-faste-mittmontering-triple-r-st-rostfritt-stal\/","name":"Lazer-kiinnike keskikiinnitykseen Triple-R\/ST (ruostumaton ter\u00e4s) - Xenonkungen","isPartOf":{"@id":"https:\/\/xenonkungen.com\/#website"},"primaryImageOfPage":{"@id":"https:\/\/xenonkungen.com\/produkt\/lazer-faste-mittmontering-triple-r-st-rostfritt-stal\/#primaryimage"},"image":{"@id":"https:\/\/xenonkungen.com\/produkt\/lazer-faste-mittmontering-triple-r-st-rostfritt-stal\/#primaryimage"},"thumbnailUrl":"https:\/\/xenonkungen.com\/wp-content\/uploads\/2025\/04\/189055207-origpic-cf31de.jpg","datePublished":"2025-04-15T09:49:51+00:00","dateModified":"2026-04-11T00:13:50+00:00","breadcrumb":{"@id":"https:\/\/xenonkungen.com\/produkt\/lazer-faste-mittmontering-triple-r-st-rostfritt-stal\/#breadcrumb"},"inLanguage":"fi","potentialAction":[{"@type":"ReadAction","target":["https:\/\/xenonkungen.com\/produkt\/lazer-faste-mittmontering-triple-r-st-rostfritt-stal\/"]}]},{"@type":"ImageObject","inLanguage":"fi","@id":"https:\/\/xenonkungen.com\/produkt\/lazer-faste-mittmontering-triple-r-st-rostfritt-stal\/#primaryimage","url":"https:\/\/xenonkungen.com\/wp-content\/uploads\/2025\/04\/189055207-origpic-cf31de.jpg","contentUrl":"https:\/\/xenonkungen.com\/wp-content\/uploads\/2025\/04\/189055207-origpic-cf31de.jpg","width":1000,"height":750},{"@type":"BreadcrumbList","@id":"https:\/\/xenonkungen.com\/produkt\/lazer-faste-mittmontering-triple-r-st-rostfritt-stal\/#breadcrumb","itemListElement":[{"@type":"ListItem","position":1,"name":"Hem","item":"https:\/\/xenonkungen.com\/"},{"@type":"ListItem","position":2,"name":"Shop","item":"https:\/\/xenonkungen.com\/shop\/"},{"@type":"ListItem","position":3,"name":"Lazer f\u00e4ste mittmontering Triple-R\/ST (rostfritt st\u00e5l)"}]},{"@type":"WebSite","@id":"https:\/\/xenonkungen.com\/#website","url":"https:\/\/xenonkungen.com\/","name":"Xenonkungen","description":"","potentialAction":[{"@type":"SearchAction","target":{"@type":"EntryPoint","urlTemplate":"https:\/\/xenonkungen.com\/?s={search_term_string}"},"query-input":{"@type":"PropertyValueSpecification","valueRequired":true,"valueName":"search_term_string"}}],"inLanguage":"fi"}]}},"taxonomy_info":{"anvandningsomrade":[{"value":165,"label":"ATV"},{"value":236,"label":"Entreprenad"},{"value":237,"label":"Fritid"},{"value":207,"label":"Husbil"},{"value":166,"label":"Lastbil"},{"value":234,"label":"MC"},{"value":167,"label":"PERSONBIL"},{"value":238,"label":"SL\u00c4P"},{"value":235,"label":"SN\u00d6SKOTER"}],"bilmarken":[{"value":208,"label":"Abarth"},{"value":240,"label":"Acura"},{"value":194,"label":"Alfa Romeo"},{"value":241,"label":"Alpina"},{"value":242,"label":"Aston Martin"},{"value":195,"label":"Audi"},{"value":243,"label":"Bentley"},{"value":209,"label":"BMW"},{"value":244,"label":"Bugatti"},{"value":245,"label":"Buick"},{"value":246,"label":"Cadillac"},{"value":247,"label":"Chevrolet"},{"value":248,"label":"Chrysler"},{"value":210,"label":"Citroen"},{"value":249,"label":"Cupra"},{"value":196,"label":"Dacia"},{"value":250,"label":"Daewoo"},{"value":251,"label":"Daihatsu"},{"value":252,"label":"Dodge"},{"value":253,"label":"DS"},{"value":197,"label":"Ferrari"},{"value":211,"label":"Fiat"},{"value":254,"label":"Fisker"},{"value":212,"label":"Ford"},{"value":255,"label":"Geely"},{"value":256,"label":"Genesis"},{"value":257,"label":"GMC"},{"value":258,"label":"Honda"},{"value":259,"label":"Hummer"},{"value":213,"label":"Hyundai"},{"value":260,"label":"Infiniti"},{"value":261,"label":"Isuzu"},{"value":198,"label":"Iveco"},{"value":262,"label":"Jaguar"},{"value":263,"label":"Jeep"},{"value":264,"label":"Kia"},{"value":265,"label":"Koenigsegg"},{"value":266,"label":"Lada"},{"value":267,"label":"Lamborghini"},{"value":199,"label":"Lancia"},{"value":268,"label":"Land Rover"},{"value":269,"label":"Lexus"},{"value":270,"label":"Lincoln"},{"value":271,"label":"Lotus"},{"value":200,"label":"Maserati"},{"value":272,"label":"Maxus"},{"value":273,"label":"Mazda"},{"value":274,"label":"McLaren"},{"value":215,"label":"Mercedes-Benz"},{"value":275,"label":"MG"},{"value":276,"label":"Mini"},{"value":277,"label":"Mitsubishi"},{"value":278,"label":"Nissan"},{"value":201,"label":"Opel"},{"value":279,"label":"Pagani"},{"value":202,"label":"Peugeot"},{"value":280,"label":"Polestar"},{"value":281,"label":"Pontiac"},{"value":216,"label":"Porsche"},{"value":282,"label":"RAM"},{"value":203,"label":"Renault"},{"value":283,"label":"Rivian"},{"value":284,"label":"Rolls-Royce"},{"value":285,"label":"Rover"},{"value":286,"label":"Saab"},{"value":204,"label":"Seat"},{"value":217,"label":"Skoda"},{"value":218,"label":"Smart"},{"value":287,"label":"SsangYong"},{"value":288,"label":"Subaru"},{"value":289,"label":"Suzuki"},{"value":290,"label":"Tesla"},{"value":219,"label":"Toyota"},{"value":205,"label":"Volkswagen"},{"value":169,"label":"volvo"},{"value":291,"label":"Wiesmann"}],"product_brand":[{"value":1124,"label":"Lazer"}],"product_cat":[{"value":727,"label":"Tillbeh\u00f6r"}],"product_tag":[{"value":2735,"label":"Lazer"}]},"featured_image_src_large":["https:\/\/xenonkungen.com\/wp-content\/uploads\/2025\/04\/189055207-origpic-cf31de.jpg",1000,750,false],"author_info":[],"comment_info":0,"_links":{"self":[{"href":"https:\/\/xenonkungen.com\/fi\/wp-json\/wp\/v2\/product\/6864","targetHints":{"allow":["GET"]}}],"collection":[{"href":"https:\/\/xenonkungen.com\/fi\/wp-json\/wp\/v2\/product"}],"about":[{"href":"https:\/\/xenonkungen.com\/fi\/wp-json\/wp\/v2\/types\/product"}],"replies":[{"embeddable":true,"href":"https:\/\/xenonkungen.com\/fi\/wp-json\/wp\/v2\/comments?post=6864"}],"wp:featuredmedia":[{"embeddable":true,"href":"https:\/\/xenonkungen.com\/fi\/wp-json\/wp\/v2\/media\/6865"}],"wp:attachment":[{"href":"https:\/\/xenonkungen.com\/fi\/wp-json\/wp\/v2\/media?parent=6864"}],"wp:term":[{"taxonomy":"anvandningsomrade","embeddable":true,"href":"https:\/\/xenonkungen.com\/fi\/wp-json\/wp\/v2\/anvandningsomrade?post=6864"},{"taxonomy":"bilmarken","embeddable":true,"href":"https:\/\/xenonkungen.com\/fi\/wp-json\/wp\/v2\/bilmarken?post=6864"},{"taxonomy":"product_brand","embeddable":true,"href":"https:\/\/xenonkungen.com\/fi\/wp-json\/wp\/v2\/product_brand?post=6864"},{"taxonomy":"product_cat","embeddable":true,"href":"https:\/\/xenonkungen.com\/fi\/wp-json\/wp\/v2\/product_cat?post=6864"},{"taxonomy":"product_tag","embeddable":true,"href":"https:\/\/xenonkungen.com\/fi\/wp-json\/wp\/v2\/product_tag?post=6864"}],"curies":[{"name":"wp","href":"https:\/\/api.w.org\/{rel}","templated":true}]}}