{"id":6893,"date":"2025-04-15T09:50:21","date_gmt":"2025-04-15T09:50:21","guid":{"rendered":"https:\/\/xenonkungen.com\/product\/extraljus-nbb-alpha-225-luxtar-premium-led\/"},"modified":"2026-05-11T08:58:10","modified_gmt":"2026-05-11T07:58:10","slug":"lisavalo-nbb-alpha-225-luxtar-premium-led","status":"publish","type":"product","link":"https:\/\/xenonkungen.com\/fi\/tuote\/lisavalo-nbb-alpha-225-luxtar-premium-led\/","title":{"rendered":"Eritt\u00e4in kevyt NBB Alpha 225 LUXTAR\u00ae Premium LED"},"content":{"rendered":"<p>Suosittu NBB Alpha 225 LED-valonl\u00e4hteell\u00e4, joka on kirkkaampi kuin tavallinen ksenon 6000K. T\u00e4m\u00e4 on tulosta Luxtar Premium LED-ajovalosta, jossa on D2-lamppukanta.<\/p>\n<p>NBB 225 -valaisin on suunniteltu H1- (halogeeni- tai ksenon-) ja D2- (ksenon- tai LED-) valaisinkantaan.<\/p>\n<p>LEDin etuna on v\u00e4lit\u00f6n t\u00e4ysi teho ja kaikki on integroitu pieneen painoon. Lis\u00e4ksi se on testattu h\u00e4iri\u00f6tt\u00f6m\u00e4ksi tapauksissa, joissa ksenonvalo voi aiheuttaa h\u00e4iri\u00f6it\u00e4.<\/p>\n<p>Diodilamppu: Luxtar Premium D2<br \/>J\u00e4nnite: 12\/24V DC<br \/>V\u00e4ril\u00e4mp\u00f6tila: 6000K<br \/>Valovirta, todellinen: 3100\u00b1100 lumenia<\/p>\n<p>Valaisinkotelo: NBB 225 Alpha LED, suosittu bestseller, joka t\u00e4ytt\u00e4\u00e4 korkeat laatuvaatimukset. E-merkitty alkuper\u00e4isess\u00e4 halogeenimallissa. Asennetaan pystysuoraan.<br \/>- Lasikuituvahvisteinen muovi<br \/>- Alumiininen vapaamuotoinen heijastin<br \/>- Kirkas lasilinssi polykarbonaatissa<br \/>- Valokuvan kaukos\u00e4\u00e4din<\/p>\n<p>Toimituksen sis\u00e4lt\u00f6:<br \/>1. Eritt\u00e4in kevyt NBB 225<br \/>1. Luxtar Premium LED D2<\/p>\n<p>Lis\u00e4varusteet NBB225 8G LED:lle:<br \/>- relekaapeli<br \/>- Kiven laipion suojaus<\/p>\n<p>Valaisin toimitetaan kokoonpanemattomana.<br \/>Lis\u00e4valo ei ole E-hyv\u00e4ksytty t\u00e4ss\u00e4 versiossa.<\/p>\n<p>Takuu 1 vuosi.<\/p>","protected":false},"excerpt":{"rendered":"<p>Popul\u00e4ra NBB Alpha 225 med LED ljusk\u00e4lla som \u00e4r mer ljusstark \u00e4n standard xenon 6000K. Det \u00e4r resultatet tack vare Luxtar Premium LED Headlight med D2 lampsockel. NBB 225 lyktan \u00e4r konstruerad f\u00f6r lampsockel H1 (halogen eller xenon) och D2 (xenon eller LED). F\u00f6rdel LED \u00e4r omg\u00e5ende full effekt och allt integrerat med l\u00e5g vikt. [&hellip;]<\/p>","protected":false},"featured_media":6894,"comment_status":"closed","ping_status":"closed","template":"","meta":{"_acf_changed":false,"_smort_price_nok":"1810","_smort_price_dkk":"1150","_smort_price_eur":"154.08","_smort_sale_price_nok":"","_smort_sale_price_dkk":"","_smort_sale_price_eur":"115.56","smort_restorder":"","shipmondo_restorder":"","_kad_blocks_custom_css":"","_kad_blocks_head_custom_js":"","_kad_blocks_body_custom_js":"","_kad_blocks_footer_custom_js":"","smort_custom_pricelist_1":"1084.8","smort_custom_pricelist_2":"1084.9","smort_custom_pricelist_3":"1030.66","smort_custom_pricelist_4":"1356","smort_custom_pricelist_5":"1084.9"},"anvandningsomrade":[],"bilmarken":[],"product_brand":[],"product_cat":[2674,142,1859],"product_tag":[],"class_list":{"0":"post-6893","1":"product","2":"type-product","3":"status-publish","4":"has-post-thumbnail","6":"product_cat-paket-extraljus","7":"product_cat-extraljus","8":"product_cat-extraljuspaket","10":"first","11":"onbackorder","12":"taxable","13":"shipping-taxable","14":"purchasable","15":"product-type-simple"},"bundled_by":[],"bundle_stock_status":"onbackorder","bundle_stock_quantity":-66,"bundle_virtual":false,"bundle_layout":"","bundle_add_to_cart_form_location":"","bundle_editable_in_cart":false,"bundle_sold_individually_context":"","bundle_item_grouping":"","bundle_min_size":"","bundle_max_size":"","bundle_price":[],"bundled_items":[],"bundle_sell_ids":[],"acf":[],"yoast_head":"<!-- This site is optimized with the Yoast SEO plugin v27.0 - https:\/\/yoast.com\/product\/yoast-seo-wordpress\/ -->\n<title>Extraljus NBB Alpha 225 LUXTAR\u00ae Premium LED - Xenonkungen<\/title>\n<meta name=\"robots\" content=\"index, follow, max-snippet:-1, max-image-preview:large, max-video-preview:-1\" \/>\n<link rel=\"canonical\" href=\"https:\/\/xenonkungen.com\/fi\/tuote\/lisavalo-nbb-alpha-225-luxtar-premium-led\/\" \/>\n<meta property=\"og:locale\" content=\"fi_FI\" \/>\n<meta property=\"og:type\" content=\"article\" \/>\n<meta property=\"og:title\" content=\"Extraljus NBB Alpha 225 LUXTAR\u00ae Premium LED - Xenonkungen\" \/>\n<meta property=\"og:description\" content=\"Popul\u00e4ra NBB Alpha 225 med LED ljusk\u00e4lla som \u00e4r mer ljusstark \u00e4n standard xenon 6000K. Det \u00e4r resultatet tack vare Luxtar Premium LED Headlight med D2 lampsockel. NBB 225 lyktan \u00e4r konstruerad f\u00f6r lampsockel H1 (halogen eller xenon) och D2 (xenon eller LED). F\u00f6rdel LED \u00e4r omg\u00e5ende full effekt och allt integrerat med l\u00e5g vikt. [&hellip;]\" \/>\n<meta property=\"og:url\" content=\"https:\/\/xenonkungen.com\/fi\/tuote\/lisavalo-nbb-alpha-225-luxtar-premium-led\/\" \/>\n<meta property=\"og:site_name\" content=\"Xenonkungen\" \/>\n<meta property=\"article:modified_time\" content=\"2026-05-11T07:58:10+00:00\" \/>\n<meta property=\"og:image\" content=\"https:\/\/xenonkungen.com\/wp-content\/uploads\/2025\/04\/162405853-origpic-de322a.png\" \/>\n\t<meta property=\"og:image:width\" content=\"810\" \/>\n\t<meta property=\"og:image:height\" content=\"1000\" \/>\n\t<meta property=\"og:image:type\" content=\"image\/png\" \/>\n<meta name=\"twitter:card\" content=\"summary_large_image\" \/>\n<meta name=\"twitter:label1\" content=\"Arvioitu lukuaika\" \/>\n\t<meta name=\"twitter:data1\" content=\"1 minuutti\" \/>\n<script type=\"application\/ld+json\" class=\"yoast-schema-graph\">{\"@context\":\"https:\/\/schema.org\",\"@graph\":[{\"@type\":\"WebPage\",\"@id\":\"https:\/\/xenonkungen.com\/produkt\/extraljus-nbb-alpha-225-luxtar-premium-led\/\",\"url\":\"https:\/\/xenonkungen.com\/produkt\/extraljus-nbb-alpha-225-luxtar-premium-led\/\",\"name\":\"Extraljus NBB Alpha 225 LUXTAR\u00ae Premium LED - Xenonkungen\",\"isPartOf\":{\"@id\":\"https:\/\/xenonkungen.com\/#website\"},\"primaryImageOfPage\":{\"@id\":\"https:\/\/xenonkungen.com\/produkt\/extraljus-nbb-alpha-225-luxtar-premium-led\/#primaryimage\"},\"image\":{\"@id\":\"https:\/\/xenonkungen.com\/produkt\/extraljus-nbb-alpha-225-luxtar-premium-led\/#primaryimage\"},\"thumbnailUrl\":\"https:\/\/xenonkungen.com\/wp-content\/uploads\/2025\/04\/162405853-origpic-de322a.png\",\"datePublished\":\"2025-04-15T09:50:21+00:00\",\"dateModified\":\"2026-05-11T07:58:10+00:00\",\"breadcrumb\":{\"@id\":\"https:\/\/xenonkungen.com\/produkt\/extraljus-nbb-alpha-225-luxtar-premium-led\/#breadcrumb\"},\"inLanguage\":\"fi\",\"potentialAction\":[{\"@type\":\"ReadAction\",\"target\":[\"https:\/\/xenonkungen.com\/produkt\/extraljus-nbb-alpha-225-luxtar-premium-led\/\"]}]},{\"@type\":\"ImageObject\",\"inLanguage\":\"fi\",\"@id\":\"https:\/\/xenonkungen.com\/produkt\/extraljus-nbb-alpha-225-luxtar-premium-led\/#primaryimage\",\"url\":\"https:\/\/xenonkungen.com\/wp-content\/uploads\/2025\/04\/162405853-origpic-de322a.png\",\"contentUrl\":\"https:\/\/xenonkungen.com\/wp-content\/uploads\/2025\/04\/162405853-origpic-de322a.png\",\"width\":810,\"height\":1000},{\"@type\":\"BreadcrumbList\",\"@id\":\"https:\/\/xenonkungen.com\/produkt\/extraljus-nbb-alpha-225-luxtar-premium-led\/#breadcrumb\",\"itemListElement\":[{\"@type\":\"ListItem\",\"position\":1,\"name\":\"Hem\",\"item\":\"https:\/\/xenonkungen.com\/\"},{\"@type\":\"ListItem\",\"position\":2,\"name\":\"Shop\",\"item\":\"https:\/\/xenonkungen.com\/shop\/\"},{\"@type\":\"ListItem\",\"position\":3,\"name\":\"Extraljus NBB Alpha 225 LUXTAR\u00ae Premium LED\"}]},{\"@type\":\"WebSite\",\"@id\":\"https:\/\/xenonkungen.com\/#website\",\"url\":\"https:\/\/xenonkungen.com\/\",\"name\":\"Xenonkungen\",\"description\":\"\",\"potentialAction\":[{\"@type\":\"SearchAction\",\"target\":{\"@type\":\"EntryPoint\",\"urlTemplate\":\"https:\/\/xenonkungen.com\/?s={search_term_string}\"},\"query-input\":{\"@type\":\"PropertyValueSpecification\",\"valueRequired\":true,\"valueName\":\"search_term_string\"}}],\"inLanguage\":\"fi\"}]}<\/script>\n<!-- \/ Yoast SEO plugin. -->","yoast_head_json":{"title":"Lis\u00e4valo NBB Alpha 225 LUXTAR\u00ae Premium LED - Xenonkungen","robots":{"index":"index","follow":"follow","max-snippet":"max-snippet:-1","max-image-preview":"max-image-preview:large","max-video-preview":"max-video-preview:-1"},"canonical":"https:\/\/xenonkungen.com\/fi\/tuote\/lisavalo-nbb-alpha-225-luxtar-premium-led\/","og_locale":"fi_FI","og_type":"article","og_title":"Extraljus NBB Alpha 225 LUXTAR\u00ae Premium LED - Xenonkungen","og_description":"Popul\u00e4ra NBB Alpha 225 med LED ljusk\u00e4lla som \u00e4r mer ljusstark \u00e4n standard xenon 6000K. Det \u00e4r resultatet tack vare Luxtar Premium LED Headlight med D2 lampsockel. NBB 225 lyktan \u00e4r konstruerad f\u00f6r lampsockel H1 (halogen eller xenon) och D2 (xenon eller LED). F\u00f6rdel LED \u00e4r omg\u00e5ende full effekt och allt integrerat med l\u00e5g vikt. [&hellip;]","og_url":"https:\/\/xenonkungen.com\/fi\/tuote\/lisavalo-nbb-alpha-225-luxtar-premium-led\/","og_site_name":"Xenonkungen","article_modified_time":"2026-05-11T07:58:10+00:00","og_image":[{"width":810,"height":1000,"url":"https:\/\/xenonkungen.com\/wp-content\/uploads\/2025\/04\/162405853-origpic-de322a.png","type":"image\/png"}],"twitter_card":"summary_large_image","twitter_misc":{"Arvioitu lukuaika":"1 minuutti"},"schema":{"@context":"https:\/\/schema.org","@graph":[{"@type":"WebPage","@id":"https:\/\/xenonkungen.com\/produkt\/extraljus-nbb-alpha-225-luxtar-premium-led\/","url":"https:\/\/xenonkungen.com\/produkt\/extraljus-nbb-alpha-225-luxtar-premium-led\/","name":"Lis\u00e4valo NBB Alpha 225 LUXTAR\u00ae Premium LED - Xenonkungen","isPartOf":{"@id":"https:\/\/xenonkungen.com\/#website"},"primaryImageOfPage":{"@id":"https:\/\/xenonkungen.com\/produkt\/extraljus-nbb-alpha-225-luxtar-premium-led\/#primaryimage"},"image":{"@id":"https:\/\/xenonkungen.com\/produkt\/extraljus-nbb-alpha-225-luxtar-premium-led\/#primaryimage"},"thumbnailUrl":"https:\/\/xenonkungen.com\/wp-content\/uploads\/2025\/04\/162405853-origpic-de322a.png","datePublished":"2025-04-15T09:50:21+00:00","dateModified":"2026-05-11T07:58:10+00:00","breadcrumb":{"@id":"https:\/\/xenonkungen.com\/produkt\/extraljus-nbb-alpha-225-luxtar-premium-led\/#breadcrumb"},"inLanguage":"fi","potentialAction":[{"@type":"ReadAction","target":["https:\/\/xenonkungen.com\/produkt\/extraljus-nbb-alpha-225-luxtar-premium-led\/"]}]},{"@type":"ImageObject","inLanguage":"fi","@id":"https:\/\/xenonkungen.com\/produkt\/extraljus-nbb-alpha-225-luxtar-premium-led\/#primaryimage","url":"https:\/\/xenonkungen.com\/wp-content\/uploads\/2025\/04\/162405853-origpic-de322a.png","contentUrl":"https:\/\/xenonkungen.com\/wp-content\/uploads\/2025\/04\/162405853-origpic-de322a.png","width":810,"height":1000},{"@type":"BreadcrumbList","@id":"https:\/\/xenonkungen.com\/produkt\/extraljus-nbb-alpha-225-luxtar-premium-led\/#breadcrumb","itemListElement":[{"@type":"ListItem","position":1,"name":"Hem","item":"https:\/\/xenonkungen.com\/"},{"@type":"ListItem","position":2,"name":"Shop","item":"https:\/\/xenonkungen.com\/shop\/"},{"@type":"ListItem","position":3,"name":"Extraljus NBB Alpha 225 LUXTAR\u00ae Premium LED"}]},{"@type":"WebSite","@id":"https:\/\/xenonkungen.com\/#website","url":"https:\/\/xenonkungen.com\/","name":"Xenonkungen","description":"","potentialAction":[{"@type":"SearchAction","target":{"@type":"EntryPoint","urlTemplate":"https:\/\/xenonkungen.com\/?s={search_term_string}"},"query-input":{"@type":"PropertyValueSpecification","valueRequired":true,"valueName":"search_term_string"}}],"inLanguage":"fi"}]}},"taxonomy_info":{"product_cat":[{"value":2674,"label":"Paket"},{"value":142,"label":"Extraljus"},{"value":1859,"label":"Extraljuspaket"}]},"featured_image_src_large":["https:\/\/xenonkungen.com\/wp-content\/uploads\/2025\/04\/162405853-origpic-de322a.png",810,1000,false],"author_info":[],"comment_info":0,"_links":{"self":[{"href":"https:\/\/xenonkungen.com\/fi\/wp-json\/wp\/v2\/product\/6893","targetHints":{"allow":["GET"]}}],"collection":[{"href":"https:\/\/xenonkungen.com\/fi\/wp-json\/wp\/v2\/product"}],"about":[{"href":"https:\/\/xenonkungen.com\/fi\/wp-json\/wp\/v2\/types\/product"}],"replies":[{"embeddable":true,"href":"https:\/\/xenonkungen.com\/fi\/wp-json\/wp\/v2\/comments?post=6893"}],"wp:featuredmedia":[{"embeddable":true,"href":"https:\/\/xenonkungen.com\/fi\/wp-json\/wp\/v2\/media\/6894"}],"wp:attachment":[{"href":"https:\/\/xenonkungen.com\/fi\/wp-json\/wp\/v2\/media?parent=6893"}],"wp:term":[{"taxonomy":"anvandningsomrade","embeddable":true,"href":"https:\/\/xenonkungen.com\/fi\/wp-json\/wp\/v2\/anvandningsomrade?post=6893"},{"taxonomy":"bilmarken","embeddable":true,"href":"https:\/\/xenonkungen.com\/fi\/wp-json\/wp\/v2\/bilmarken?post=6893"},{"taxonomy":"product_brand","embeddable":true,"href":"https:\/\/xenonkungen.com\/fi\/wp-json\/wp\/v2\/product_brand?post=6893"},{"taxonomy":"product_cat","embeddable":true,"href":"https:\/\/xenonkungen.com\/fi\/wp-json\/wp\/v2\/product_cat?post=6893"},{"taxonomy":"product_tag","embeddable":true,"href":"https:\/\/xenonkungen.com\/fi\/wp-json\/wp\/v2\/product_tag?post=6893"}],"curies":[{"name":"wp","href":"https:\/\/api.w.org\/{rel}","templated":true}]}}