{"id":6921,"date":"2025-04-15T09:50:21","date_gmt":"2025-04-15T09:50:21","guid":{"rendered":"https:\/\/xenonkungen.com\/product\/rad4-extraljus-nbb-alpha-225-premium-led-12v\/"},"modified":"2026-04-01T14:19:49","modified_gmt":"2026-04-01T13:19:49","slug":"rad4-lisavalo-nbb-alpha-225-premium-led-12v","status":"publish","type":"product","link":"https:\/\/xenonkungen.com\/fi\/tuote\/rad4-lisavalo-nbb-alpha-225-premium-led-12v\/","title":{"rendered":"RAD4 Lis\u00e4valo NBB Alpha 225 Premium LED 12V NBB Alpha 225 Premium LED 12V"},"content":{"rendered":"<p>T\u00e4ydellinen paketti, jossa on 4 lis\u00e4valoa NBB Alpha 225, jonka halkaisija on 225 mm ja jossa on yksi markkinoiden ehdottomasti parhaista valokuvista. Uusi malli, jossa LED-paikannusvalo yl\u00e4reunassa (valinnainen liit\u00e4nt\u00e4).<\/p>\n<p>Suosittu NBB Alpha 225 LED-valonl\u00e4hteell\u00e4, joka on kirkkaampi kuin tavallinen ksenon 6000K. T\u00e4m\u00e4 on seurausta Luxtar Genesis LED-ajovalosta, jossa on D2-lamppukanta.<\/p>\n<p>NBB Alpha 225 -valaisin on suunniteltu H1- (halogeeni tai ksenon) ja D2- (ksenon tai LED) valaisinkantaan.<\/p>\n<p>Paketti myyd\u00e4\u00e4n 2 kaukos\u00e4\u00e4timell\u00e4 (ajo) ja 2 kyn\u00e4n s\u00e4de (Spot).<\/p>\n<p>muodostumassa FSSF<\/p>\n<p>LEDin etuna on v\u00e4lit\u00f6n t\u00e4ysi teho ja kaikki on integroitu pieneen painoon. Lis\u00e4ksi se on testattu h\u00e4iri\u00f6tt\u00f6m\u00e4ksi tapauksissa, joissa ksenonvalo voi aiheuttaa h\u00e4iri\u00f6it\u00e4.<\/p>\n<p>Diodilamppu: Luxtar Genesis D2<br \/>\nJ\u00e4nnite: 12\/24V DC<br \/>\nV\u00e4ril\u00e4mp\u00f6tila: 6000K<br \/>\nValovirta, todellinen: 3400\u00b1100 lumenia<br \/>\nKoko paketin valovirta: 10400\u00b1400 lumenia.<br \/>\nValaisinkotelo: NBB 225 Alpha LED, suosittu bestseller, joka t\u00e4ytt\u00e4\u00e4 korkeat laatuvaatimukset. E-merkitty alkuper\u00e4isess\u00e4 halogeenimallissa. Asennetaan pystysuoraan.<br \/>\n- Lasikuituvahvisteinen muovi<br \/>\n- Alumiininen vapaamuotoinen heijastin<br \/>\n- Kirkas lasilinssi polykarbonaatissa<br \/>\n- Valokuvio Kauko-(ajo)\/Kyn\u00e4(Spot)<\/p>\n<p>Toimituksen sis\u00e4lt\u00f6:<br \/>\n4kpl <a href=\"https:\/\/www.xenonkungen.com\/sok\/161041\" target=\"_blank\" rel=\"noopener\">Lis\u00e4valo NBB 225 LED F-S-S-F F-S-S-F<\/a><br \/>\n4kpl <a href=\"https:\/\/www.xenonkungen.com\/se\/produkter\/helljus-halvljus\/led\/luxtar-genesis\/luxtarr-genesis-d2h-d2y-gen2.html\" target=\"_blank\" rel=\"noopener\">#20019 Luxtar Genesis D2 LED LED<\/a><br \/>\n2kpl <a href=\"https:\/\/www.xenonkungen.com\/se\/produkter\/xenon\/kablar-kontakter\/extraljus-relakablage.html\" target=\"_blank\" rel=\"noopener\">#103120 Relekaapelisarja 2kpl Lis\u00e4valo 12V|9006<\/a><br \/>\n4kpl <a href=\"https:\/\/www.xenonkungen.com\/se\/produkter\/installationsmaterial\/fasten-universal\/extraljus-stag-rund-svart.html\" target=\"_blank\" rel=\"noopener\">#161107 Lis\u00e4valomerkki<\/a><br \/>\n1. <a href=\"https:\/\/www.xenonkungen.com\/se\/produkter\/installationsmaterial\/fasten-universal\/extraljusfaste-svart-4.html\" target=\"_blank\" rel=\"noopener\">#161106 Lis\u00e4valokannatin 4 - 225mm\/9\u2033.<\/a><\/p>\n<p><strong>Huom!<\/strong> Huomaa, ett\u00e4 diodilampun kaapelissa ei ole vastaavaa relekaapelin liitint\u00e4.<\/p>\n<p>Paketti toimitetaan kokoonpanemattomana.<br \/>\nLis\u00e4valo ei ole E-hyv\u00e4ksytty t\u00e4ss\u00e4 versiossa.<\/p>\n<p>1 vuoden takuu.<\/p>","protected":false},"excerpt":{"rendered":"<p>Paketti niille, jotka haluavat paljon valoa ja samalla LED-lampun salamannopean sytytyksen!<\/p>","protected":false},"featured_media":6922,"comment_status":"closed","ping_status":"closed","template":"","meta":{"_acf_changed":false,"_smort_price_nok":"8006","_smort_price_dkk":"5086","_smort_price_eur":"681.33","_smort_sale_price_nok":"","_smort_sale_price_dkk":"","_smort_sale_price_eur":"511","smort_restorder":"","shipmondo_restorder":"","_kad_blocks_custom_css":"","_kad_blocks_head_custom_js":"","_kad_blocks_body_custom_js":"","_kad_blocks_footer_custom_js":"","smort_custom_pricelist_1":"4796.8","smort_custom_pricelist_2":"4497","smort_custom_pricelist_3":"4272.15","smort_custom_pricelist_4":"5996","smort_custom_pricelist_5":"4497"},"anvandningsomrade":[],"bilmarken":[],"product_brand":[104],"product_cat":[2544,2674,142,1859],"product_tag":[],"class_list":{"0":"post-6921","1":"product","2":"type-product","3":"status-publish","4":"has-post-thumbnail","6":"product_brand-nbb","7":"product_cat-nbb-xenon-led","8":"product_cat-paket-extraljus","9":"product_cat-extraljus","10":"product_cat-extraljuspaket","12":"first","13":"instock","14":"taxable","15":"shipping-taxable","16":"purchasable","17":"product-type-simple"},"bundled_by":[],"bundle_stock_status":"instock","bundle_stock_quantity":12,"bundle_virtual":false,"bundle_layout":"","bundle_add_to_cart_form_location":"","bundle_editable_in_cart":false,"bundle_sold_individually_context":"","bundle_item_grouping":"","bundle_min_size":"","bundle_max_size":"","bundle_price":[],"bundled_items":[],"bundle_sell_ids":[],"acf":[],"yoast_head":"<!-- This site is optimized with the Yoast SEO plugin v27.0 - https:\/\/yoast.com\/product\/yoast-seo-wordpress\/ -->\n<title>RAD4 Extraljus NBB Alpha 225 Premium LED 12V - Xenonkungen<\/title>\n<meta name=\"robots\" content=\"index, follow, max-snippet:-1, max-image-preview:large, max-video-preview:-1\" \/>\n<link rel=\"canonical\" href=\"https:\/\/xenonkungen.com\/fi\/tuote\/rad4-lisavalo-nbb-alpha-225-premium-led-12v\/\" \/>\n<meta property=\"og:locale\" content=\"fi_FI\" \/>\n<meta property=\"og:type\" content=\"article\" \/>\n<meta property=\"og:title\" content=\"RAD4 Extraljus NBB Alpha 225 Premium LED 12V - Xenonkungen\" \/>\n<meta property=\"og:description\" content=\"Ett paket f\u00f6r er som vill ha riktigt mycket ljus, samtidigt som ni f\u00e5r ledlampans blixtsnabba t\u00e4ndning!\" \/>\n<meta property=\"og:url\" content=\"https:\/\/xenonkungen.com\/fi\/tuote\/rad4-lisavalo-nbb-alpha-225-premium-led-12v\/\" \/>\n<meta property=\"og:site_name\" content=\"Xenonkungen\" \/>\n<meta property=\"article:modified_time\" content=\"2026-04-01T13:19:49+00:00\" \/>\n<meta property=\"og:image\" content=\"https:\/\/xenonkungen.com\/wp-content\/uploads\/2025\/04\/178755023-origpic-f1295c.png\" \/>\n\t<meta property=\"og:image:width\" content=\"1000\" \/>\n\t<meta property=\"og:image:height\" content=\"1000\" \/>\n\t<meta property=\"og:image:type\" content=\"image\/png\" \/>\n<meta name=\"twitter:card\" content=\"summary_large_image\" \/>\n<meta name=\"twitter:label1\" content=\"Arvioitu lukuaika\" \/>\n\t<meta name=\"twitter:data1\" content=\"2 minuuttia\" \/>\n<script type=\"application\/ld+json\" class=\"yoast-schema-graph\">{\"@context\":\"https:\/\/schema.org\",\"@graph\":[{\"@type\":\"WebPage\",\"@id\":\"https:\/\/xenonkungen.com\/produkt\/rad4-extraljus-nbb-alpha-225-premium-led-12v\/\",\"url\":\"https:\/\/xenonkungen.com\/produkt\/rad4-extraljus-nbb-alpha-225-premium-led-12v\/\",\"name\":\"RAD4 Extraljus NBB Alpha 225 Premium LED 12V - Xenonkungen\",\"isPartOf\":{\"@id\":\"https:\/\/xenonkungen.com\/#website\"},\"primaryImageOfPage\":{\"@id\":\"https:\/\/xenonkungen.com\/produkt\/rad4-extraljus-nbb-alpha-225-premium-led-12v\/#primaryimage\"},\"image\":{\"@id\":\"https:\/\/xenonkungen.com\/produkt\/rad4-extraljus-nbb-alpha-225-premium-led-12v\/#primaryimage\"},\"thumbnailUrl\":\"https:\/\/xenonkungen.com\/wp-content\/uploads\/2025\/04\/178755023-origpic-f1295c.png\",\"datePublished\":\"2025-04-15T09:50:21+00:00\",\"dateModified\":\"2026-04-01T13:19:49+00:00\",\"breadcrumb\":{\"@id\":\"https:\/\/xenonkungen.com\/produkt\/rad4-extraljus-nbb-alpha-225-premium-led-12v\/#breadcrumb\"},\"inLanguage\":\"fi\",\"potentialAction\":[{\"@type\":\"ReadAction\",\"target\":[\"https:\/\/xenonkungen.com\/produkt\/rad4-extraljus-nbb-alpha-225-premium-led-12v\/\"]}]},{\"@type\":\"ImageObject\",\"inLanguage\":\"fi\",\"@id\":\"https:\/\/xenonkungen.com\/produkt\/rad4-extraljus-nbb-alpha-225-premium-led-12v\/#primaryimage\",\"url\":\"https:\/\/xenonkungen.com\/wp-content\/uploads\/2025\/04\/178755023-origpic-f1295c.png\",\"contentUrl\":\"https:\/\/xenonkungen.com\/wp-content\/uploads\/2025\/04\/178755023-origpic-f1295c.png\",\"width\":1000,\"height\":1000},{\"@type\":\"BreadcrumbList\",\"@id\":\"https:\/\/xenonkungen.com\/produkt\/rad4-extraljus-nbb-alpha-225-premium-led-12v\/#breadcrumb\",\"itemListElement\":[{\"@type\":\"ListItem\",\"position\":1,\"name\":\"Hem\",\"item\":\"https:\/\/xenonkungen.com\/\"},{\"@type\":\"ListItem\",\"position\":2,\"name\":\"Shop\",\"item\":\"https:\/\/xenonkungen.com\/shop\/\"},{\"@type\":\"ListItem\",\"position\":3,\"name\":\"RAD4 Extraljus NBB Alpha 225 Premium LED 12V\"}]},{\"@type\":\"WebSite\",\"@id\":\"https:\/\/xenonkungen.com\/#website\",\"url\":\"https:\/\/xenonkungen.com\/\",\"name\":\"Xenonkungen\",\"description\":\"\",\"potentialAction\":[{\"@type\":\"SearchAction\",\"target\":{\"@type\":\"EntryPoint\",\"urlTemplate\":\"https:\/\/xenonkungen.com\/?s={search_term_string}\"},\"query-input\":{\"@type\":\"PropertyValueSpecification\",\"valueRequired\":true,\"valueName\":\"search_term_string\"}}],\"inLanguage\":\"fi\"}]}<\/script>\n<!-- \/ Yoast SEO plugin. -->","yoast_head_json":{"title":"RAD4 Lis\u00e4valo NBB Alpha 225 Premium LED 12V - Xenonkungen","robots":{"index":"index","follow":"follow","max-snippet":"max-snippet:-1","max-image-preview":"max-image-preview:large","max-video-preview":"max-video-preview:-1"},"canonical":"https:\/\/xenonkungen.com\/fi\/tuote\/rad4-lisavalo-nbb-alpha-225-premium-led-12v\/","og_locale":"fi_FI","og_type":"article","og_title":"RAD4 Extraljus NBB Alpha 225 Premium LED 12V - Xenonkungen","og_description":"Ett paket f\u00f6r er som vill ha riktigt mycket ljus, samtidigt som ni f\u00e5r ledlampans blixtsnabba t\u00e4ndning!","og_url":"https:\/\/xenonkungen.com\/fi\/tuote\/rad4-lisavalo-nbb-alpha-225-premium-led-12v\/","og_site_name":"Xenonkungen","article_modified_time":"2026-04-01T13:19:49+00:00","og_image":[{"width":1000,"height":1000,"url":"https:\/\/xenonkungen.com\/wp-content\/uploads\/2025\/04\/178755023-origpic-f1295c.png","type":"image\/png"}],"twitter_card":"summary_large_image","twitter_misc":{"Arvioitu lukuaika":"2 minuuttia"},"schema":{"@context":"https:\/\/schema.org","@graph":[{"@type":"WebPage","@id":"https:\/\/xenonkungen.com\/produkt\/rad4-extraljus-nbb-alpha-225-premium-led-12v\/","url":"https:\/\/xenonkungen.com\/produkt\/rad4-extraljus-nbb-alpha-225-premium-led-12v\/","name":"RAD4 Lis\u00e4valo NBB Alpha 225 Premium LED 12V - Xenonkungen","isPartOf":{"@id":"https:\/\/xenonkungen.com\/#website"},"primaryImageOfPage":{"@id":"https:\/\/xenonkungen.com\/produkt\/rad4-extraljus-nbb-alpha-225-premium-led-12v\/#primaryimage"},"image":{"@id":"https:\/\/xenonkungen.com\/produkt\/rad4-extraljus-nbb-alpha-225-premium-led-12v\/#primaryimage"},"thumbnailUrl":"https:\/\/xenonkungen.com\/wp-content\/uploads\/2025\/04\/178755023-origpic-f1295c.png","datePublished":"2025-04-15T09:50:21+00:00","dateModified":"2026-04-01T13:19:49+00:00","breadcrumb":{"@id":"https:\/\/xenonkungen.com\/produkt\/rad4-extraljus-nbb-alpha-225-premium-led-12v\/#breadcrumb"},"inLanguage":"fi","potentialAction":[{"@type":"ReadAction","target":["https:\/\/xenonkungen.com\/produkt\/rad4-extraljus-nbb-alpha-225-premium-led-12v\/"]}]},{"@type":"ImageObject","inLanguage":"fi","@id":"https:\/\/xenonkungen.com\/produkt\/rad4-extraljus-nbb-alpha-225-premium-led-12v\/#primaryimage","url":"https:\/\/xenonkungen.com\/wp-content\/uploads\/2025\/04\/178755023-origpic-f1295c.png","contentUrl":"https:\/\/xenonkungen.com\/wp-content\/uploads\/2025\/04\/178755023-origpic-f1295c.png","width":1000,"height":1000},{"@type":"BreadcrumbList","@id":"https:\/\/xenonkungen.com\/produkt\/rad4-extraljus-nbb-alpha-225-premium-led-12v\/#breadcrumb","itemListElement":[{"@type":"ListItem","position":1,"name":"Hem","item":"https:\/\/xenonkungen.com\/"},{"@type":"ListItem","position":2,"name":"Shop","item":"https:\/\/xenonkungen.com\/shop\/"},{"@type":"ListItem","position":3,"name":"RAD4 Extraljus NBB Alpha 225 Premium LED 12V"}]},{"@type":"WebSite","@id":"https:\/\/xenonkungen.com\/#website","url":"https:\/\/xenonkungen.com\/","name":"Xenonkungen","description":"","potentialAction":[{"@type":"SearchAction","target":{"@type":"EntryPoint","urlTemplate":"https:\/\/xenonkungen.com\/?s={search_term_string}"},"query-input":{"@type":"PropertyValueSpecification","valueRequired":true,"valueName":"search_term_string"}}],"inLanguage":"fi"}]}},"taxonomy_info":{"product_brand":[{"value":104,"label":"NBB"}],"product_cat":[{"value":2544,"label":"NBB Xenon\/LED"},{"value":2674,"label":"Paket"},{"value":142,"label":"Extraljus"},{"value":1859,"label":"Extraljuspaket"}]},"featured_image_src_large":["https:\/\/xenonkungen.com\/wp-content\/uploads\/2025\/04\/178755023-origpic-f1295c.png",1000,1000,false],"author_info":[],"comment_info":0,"_links":{"self":[{"href":"https:\/\/xenonkungen.com\/fi\/wp-json\/wp\/v2\/product\/6921","targetHints":{"allow":["GET"]}}],"collection":[{"href":"https:\/\/xenonkungen.com\/fi\/wp-json\/wp\/v2\/product"}],"about":[{"href":"https:\/\/xenonkungen.com\/fi\/wp-json\/wp\/v2\/types\/product"}],"replies":[{"embeddable":true,"href":"https:\/\/xenonkungen.com\/fi\/wp-json\/wp\/v2\/comments?post=6921"}],"wp:featuredmedia":[{"embeddable":true,"href":"https:\/\/xenonkungen.com\/fi\/wp-json\/wp\/v2\/media\/6922"}],"wp:attachment":[{"href":"https:\/\/xenonkungen.com\/fi\/wp-json\/wp\/v2\/media?parent=6921"}],"wp:term":[{"taxonomy":"anvandningsomrade","embeddable":true,"href":"https:\/\/xenonkungen.com\/fi\/wp-json\/wp\/v2\/anvandningsomrade?post=6921"},{"taxonomy":"bilmarken","embeddable":true,"href":"https:\/\/xenonkungen.com\/fi\/wp-json\/wp\/v2\/bilmarken?post=6921"},{"taxonomy":"product_brand","embeddable":true,"href":"https:\/\/xenonkungen.com\/fi\/wp-json\/wp\/v2\/product_brand?post=6921"},{"taxonomy":"product_cat","embeddable":true,"href":"https:\/\/xenonkungen.com\/fi\/wp-json\/wp\/v2\/product_cat?post=6921"},{"taxonomy":"product_tag","embeddable":true,"href":"https:\/\/xenonkungen.com\/fi\/wp-json\/wp\/v2\/product_tag?post=6921"}],"curies":[{"name":"wp","href":"https:\/\/api.w.org\/{rel}","templated":true}]}}