{"id":6931,"date":"2025-04-15T09:50:50","date_gmt":"2025-04-15T09:50:50","guid":{"rendered":"https:\/\/xenonkungen.com\/product\/kombinationslampa-250arwm\/"},"modified":"2026-04-11T00:44:50","modified_gmt":"2026-04-10T23:44:50","slug":"yhdistelmalamppu-250-arwm","status":"publish","type":"product","link":"https:\/\/xenonkungen.com\/fi\/tuote\/yhdistelmalamppu-250-arwm\/","title":{"rendered":"Yhdistelm\u00e4lamppu 250ARWM"},"content":{"rendered":"<h1>Yhdistelm\u00e4lamppu, jossa on edistykselliset toiminnot ja poikkeuksellinen suorituskyky<\/h1>\n<p>T\u00e4m\u00e4 yhdistelm\u00e4valo on uraauurtava ratkaisu, joka yhdist\u00e4\u00e4 useita t\u00e4rkeit\u00e4 toimintoja yhdeksi yksik\u00f6ksi. Jarru-, taka-, vilkku- ja peruutusvaloilla varustettuna se on modernin muotoilunsa ansiosta v\u00e4ltt\u00e4m\u00e4t\u00f6n lis\u00e4 ajoneuvoihin ja ulkok\u00e4ytt\u00f6\u00f6n. T\u00e4ss\u00e4 on perusteellinen katsaus sen vaikuttaviin ominaisuuksiin:<\/p>\n<h2>Vuotamaton elektroniikka takaa ehdottoman luotettavuuden<\/h2>\n<p>Yksi t\u00e4m\u00e4n yhdistelm\u00e4valaisimen merkitt\u00e4vimmist\u00e4 ominaisuuksista on sen t\u00e4ysin vuotamaton elektroniikka. T\u00e4m\u00e4 tarkoittaa, ett\u00e4 kaikki valaisimen sis\u00e4ll\u00e4 olevat elektroniset komponentit on huolellisesti suljettu ja suojattu kosteudelta ja veden p\u00e4\u00e4sylt\u00e4. Sateella, lumella tai kosteissa olosuhteissa t\u00e4m\u00e4 lamppu toimii sujuvasti suorituskyky\u00e4\u00e4n vaarantamatta. T\u00e4m\u00e4 luotettavuustaso varmistaa, ett\u00e4 lamppu on luotettava kumppani pitk\u00e4ksi aikaa.<\/p>\n<h2>Iskunkest\u00e4v\u00e4 lamppukotelo, jolla on erinomainen kest\u00e4vyys<\/h2>\n<p>Valaisimen runko on valmistettu iskunkest\u00e4v\u00e4st\u00e4 akryylist\u00e4 ja se on suunniteltu kest\u00e4m\u00e4\u00e4n luonnonvoimien ja \u00e4\u00e4rimm\u00e4isten olosuhteiden rasitusta. T\u00e4m\u00e4 tarkoittaa, ett\u00e4 valaisin on suunniteltu kest\u00e4m\u00e4\u00e4n vaativimmatkin tilanteet tiell\u00e4 tai ty\u00f6ymp\u00e4rist\u00f6iss\u00e4 vaurioitumatta. Lis\u00e4ksi lasi on polykarbonaattia ja sill\u00e4 on vaikuttava kest\u00e4vyys puhdistusaineissa esiintyvi\u00e4 kemikaaleja vastaan. T\u00e4m\u00e4 tarjoaa ylim\u00e4\u00e4r\u00e4isen kest\u00e4vyyden ja suojan kemiallista korroosiota vastaan. Lis\u00e4ksi valaisimessa on my\u00f6s laajennettu UV-suoja, joka est\u00e4\u00e4 ik\u00e4\u00e4ntymisen ja kellastumisen ajan my\u00f6t\u00e4, mik\u00e4 pident\u00e4\u00e4 k\u00e4ytt\u00f6ik\u00e4\u00e4 ja s\u00e4ilytt\u00e4\u00e4 laadun.<\/p>\n<h2>T\u00e4ysin upotettava, ruostumatonta ter\u00e4st\u00e4 ja iskunkest\u00e4v\u00e4<\/h2>\n<p>T\u00e4m\u00e4 lamppu on suunniteltu t\u00e4ytt\u00e4m\u00e4\u00e4n ja ylitt\u00e4m\u00e4\u00e4n vaativimmatkin vaatimukset. Se on t\u00e4ysin upotettava, mik\u00e4 tarkoittaa, ett\u00e4 se voidaan upottaa veteen ilman, ett\u00e4 se vaikuttaa haitallisesti. Sen ruostumattomasta ter\u00e4ksest\u00e4 valmistettu rakenne varmistaa, ettei se korroosioi edes m\u00e4riss\u00e4 olosuhteissa. Sen iskunkest\u00e4vyysominaisuudet tekev\u00e4t siit\u00e4 kest\u00e4v\u00e4n iskuille ja t\u00f6rm\u00e4yksille, mik\u00e4 on olennaista sen suorituskyvyn ja eheyden s\u00e4ilytt\u00e4miseksi pitk\u00e4aikaisen k\u00e4yt\u00f6n aikana.<\/p>\n<h2>Pistokeliit\u00e4nt\u00e4 kylttivalaistukseen<\/h2>\n<p>Joustavuuden ja toiminnallisuuden lis\u00e4\u00e4miseksi j\u00e4rjestelm\u00e4ss\u00e4 on my\u00f6s pistorasia rekisterikilven valaistukselle. T\u00e4m\u00e4 mahdollistaa valaistuksen r\u00e4\u00e4t\u00e4l\u00f6innin edelleen tiettyjen tarpeiden ja tilanteiden mukaan, mik\u00e4 tekee siit\u00e4 ihanteellisen erilaisiin ajoneuvoihin ja k\u00e4ytt\u00f6tarkoituksiin.<\/p>\n<h2>Lopuksi<\/h2>\n<p>T\u00e4m\u00e4 moderni yhdistelm\u00e4valo, jossa on jarru-, taka-, vilkku- ja peruutusvalotoiminnot, on tehokas ja luotettava valaistusratkaisu, joka t\u00e4ytt\u00e4\u00e4 korkeimmat laatu- ja kest\u00e4vyysstandardit. Sen vuotamaton elektroniikka, iskunkest\u00e4v\u00e4 rakenne ja joustavat ominaisuudet tekev\u00e4t siit\u00e4 v\u00e4ltt\u00e4m\u00e4tt\u00f6m\u00e4n lis\u00e4n ajoneuvoihin ja ulkoymp\u00e4rist\u00f6ihin, joissa luotettava valaistus on ensiarvoisen t\u00e4rke\u00e4\u00e4. T\u00e4m\u00e4n valon avulla saat paitsi erinomaisen toimivuuden, my\u00f6s tuotteen, joka on rakennettu kest\u00e4m\u00e4\u00e4n ja toimimaan vuosia.<\/p>","protected":false},"excerpt":{"rendered":"<p>Kombinationslampa med avancerad funktionalitet och exceptionell prestanda Denna kombinationslampa \u00e4r en banbrytande l\u00f6sning som kombinerar flera viktiga funktioner i en enda enhet. Med stopp-, bak-, blinker- och backljus i ett modernt utf\u00f6rande \u00e4r den ett n\u00f6dv\u00e4ndigt till\u00e4gg f\u00f6r fordon och utomhusapplikationer. H\u00e4r \u00e4r en djupg\u00e5ende \u00f6versikt \u00f6ver dess imponerande funktioner: L\u00e4ckageskyddad elektronik f\u00f6r absolut tillf\u00f6rlitlighet [&hellip;]<\/p>","protected":false},"featured_media":6932,"comment_status":"closed","ping_status":"open","template":"","meta":{"_acf_changed":false,"_smort_price_nok":"1036","_smort_price_dkk":"658","_smort_price_eur":"88.18","_smort_sale_price_nok":"","_smort_sale_price_dkk":"","_smort_sale_price_eur":"","smort_restorder":"","shipmondo_restorder":"","_kad_blocks_custom_css":"","_kad_blocks_head_custom_js":"","_kad_blocks_body_custom_js":"","_kad_blocks_footer_custom_js":"","smort_custom_pricelist_1":"543.2","smort_custom_pricelist_2":"543.2","smort_custom_pricelist_3":"516.04","smort_custom_pricelist_4":"776","smort_custom_pricelist_5":"543.2"},"anvandningsomrade":[166,238,2816],"bilmarken":[],"product_brand":[1252],"product_cat":[2552],"product_tag":[],"class_list":{"0":"post-6931","1":"product","2":"type-product","3":"status-publish","4":"has-post-thumbnail","6":"anvandningsomrade-lastbil","7":"anvandningsomrade-slap","8":"anvandningsomrade-trailer","9":"product_brand-lea","10":"product_cat-bakljus-slap","11":"pa_fuktskydd-varde-ipxx-ip67","12":"pa_godkannande-ece-emc","13":"pa_storlek-mm-250x80x24","14":"pa_volt-v-12-24","16":"first","17":"instock","18":"taxable","19":"shipping-taxable","20":"purchasable","21":"product-type-simple"},"bundled_by":[],"bundle_stock_status":"instock","bundle_stock_quantity":4,"bundle_virtual":false,"bundle_layout":"","bundle_add_to_cart_form_location":"","bundle_editable_in_cart":false,"bundle_sold_individually_context":"","bundle_item_grouping":"","bundle_min_size":"","bundle_max_size":"","bundle_price":[],"bundled_items":[],"bundle_sell_ids":[],"acf":[],"yoast_head":"<!-- This site is optimized with the Yoast SEO plugin v27.0 - https:\/\/yoast.com\/product\/yoast-seo-wordpress\/ -->\n<title>Kombinationslampa 250ARWM - Xenonkungen<\/title>\n<meta name=\"robots\" content=\"index, follow, max-snippet:-1, max-image-preview:large, max-video-preview:-1\" \/>\n<link rel=\"canonical\" href=\"https:\/\/xenonkungen.com\/fi\/tuote\/yhdistelmalamppu-250-arwm\/\" \/>\n<meta property=\"og:locale\" content=\"fi_FI\" \/>\n<meta property=\"og:type\" content=\"article\" \/>\n<meta property=\"og:title\" content=\"Kombinationslampa 250ARWM - Xenonkungen\" \/>\n<meta property=\"og:description\" content=\"Kombinationslampa med avancerad funktionalitet och exceptionell prestanda Denna kombinationslampa \u00e4r en banbrytande l\u00f6sning som kombinerar flera viktiga funktioner i en enda enhet. Med stopp-, bak-, blinker- och backljus i ett modernt utf\u00f6rande \u00e4r den ett n\u00f6dv\u00e4ndigt till\u00e4gg f\u00f6r fordon och utomhusapplikationer. H\u00e4r \u00e4r en djupg\u00e5ende \u00f6versikt \u00f6ver dess imponerande funktioner: L\u00e4ckageskyddad elektronik f\u00f6r absolut tillf\u00f6rlitlighet [&hellip;]\" \/>\n<meta property=\"og:url\" content=\"https:\/\/xenonkungen.com\/fi\/tuote\/yhdistelmalamppu-250-arwm\/\" \/>\n<meta property=\"og:site_name\" content=\"Xenonkungen\" \/>\n<meta property=\"article:modified_time\" content=\"2026-04-10T23:44:50+00:00\" \/>\n<meta property=\"og:image\" content=\"https:\/\/xenonkungen.com\/wp-content\/uploads\/2025\/04\/10191057-origpic-3082a6.jpg\" \/>\n\t<meta property=\"og:image:width\" content=\"600\" \/>\n\t<meta property=\"og:image:height\" content=\"600\" \/>\n\t<meta property=\"og:image:type\" content=\"image\/jpeg\" \/>\n<meta name=\"twitter:card\" content=\"summary_large_image\" \/>\n<meta name=\"twitter:label1\" content=\"Arvioitu lukuaika\" \/>\n\t<meta name=\"twitter:data1\" content=\"3 minuuttia\" \/>\n<script type=\"application\/ld+json\" class=\"yoast-schema-graph\">{\"@context\":\"https:\/\/schema.org\",\"@graph\":[{\"@type\":\"WebPage\",\"@id\":\"https:\/\/xenonkungen.com\/es\/producto\/lampara-combinada-250arwm\/\",\"url\":\"https:\/\/xenonkungen.com\/es\/producto\/lampara-combinada-250arwm\/\",\"name\":\"Kombinationslampa 250ARWM - Xenonkungen\",\"isPartOf\":{\"@id\":\"https:\/\/xenonkungen.com\/#website\"},\"primaryImageOfPage\":{\"@id\":\"https:\/\/xenonkungen.com\/es\/producto\/lampara-combinada-250arwm\/#primaryimage\"},\"image\":{\"@id\":\"https:\/\/xenonkungen.com\/es\/producto\/lampara-combinada-250arwm\/#primaryimage\"},\"thumbnailUrl\":\"https:\/\/xenonkungen.com\/wp-content\/uploads\/2025\/04\/10191057-origpic-3082a6.jpg\",\"datePublished\":\"2025-04-15T09:50:50+00:00\",\"dateModified\":\"2026-04-10T23:44:50+00:00\",\"breadcrumb\":{\"@id\":\"https:\/\/xenonkungen.com\/es\/producto\/lampara-combinada-250arwm\/#breadcrumb\"},\"inLanguage\":\"fi\",\"potentialAction\":[{\"@type\":\"ReadAction\",\"target\":[\"https:\/\/xenonkungen.com\/es\/producto\/lampara-combinada-250arwm\/\"]}]},{\"@type\":\"ImageObject\",\"inLanguage\":\"fi\",\"@id\":\"https:\/\/xenonkungen.com\/es\/producto\/lampara-combinada-250arwm\/#primaryimage\",\"url\":\"https:\/\/xenonkungen.com\/wp-content\/uploads\/2025\/04\/10191057-origpic-3082a6.jpg\",\"contentUrl\":\"https:\/\/xenonkungen.com\/wp-content\/uploads\/2025\/04\/10191057-origpic-3082a6.jpg\",\"width\":600,\"height\":600},{\"@type\":\"BreadcrumbList\",\"@id\":\"https:\/\/xenonkungen.com\/es\/producto\/lampara-combinada-250arwm\/#breadcrumb\",\"itemListElement\":[{\"@type\":\"ListItem\",\"position\":1,\"name\":\"Hem\",\"item\":\"https:\/\/xenonkungen.com\/\"},{\"@type\":\"ListItem\",\"position\":2,\"name\":\"Shop\",\"item\":\"https:\/\/xenonkungen.com\/shop\/\"},{\"@type\":\"ListItem\",\"position\":3,\"name\":\"Kombinationslampa 250ARWM\"}]},{\"@type\":\"WebSite\",\"@id\":\"https:\/\/xenonkungen.com\/#website\",\"url\":\"https:\/\/xenonkungen.com\/\",\"name\":\"Xenonkungen\",\"description\":\"\",\"potentialAction\":[{\"@type\":\"SearchAction\",\"target\":{\"@type\":\"EntryPoint\",\"urlTemplate\":\"https:\/\/xenonkungen.com\/?s={search_term_string}\"},\"query-input\":{\"@type\":\"PropertyValueSpecification\",\"valueRequired\":true,\"valueName\":\"search_term_string\"}}],\"inLanguage\":\"fi\"}]}<\/script>\n<!-- \/ Yoast SEO plugin. -->","yoast_head_json":{"title":"Yhdistelm\u00e4lamppu 250ARWM - Xenon King","robots":{"index":"index","follow":"follow","max-snippet":"max-snippet:-1","max-image-preview":"max-image-preview:large","max-video-preview":"max-video-preview:-1"},"canonical":"https:\/\/xenonkungen.com\/fi\/tuote\/yhdistelmalamppu-250-arwm\/","og_locale":"fi_FI","og_type":"article","og_title":"Kombinationslampa 250ARWM - Xenonkungen","og_description":"Kombinationslampa med avancerad funktionalitet och exceptionell prestanda Denna kombinationslampa \u00e4r en banbrytande l\u00f6sning som kombinerar flera viktiga funktioner i en enda enhet. Med stopp-, bak-, blinker- och backljus i ett modernt utf\u00f6rande \u00e4r den ett n\u00f6dv\u00e4ndigt till\u00e4gg f\u00f6r fordon och utomhusapplikationer. H\u00e4r \u00e4r en djupg\u00e5ende \u00f6versikt \u00f6ver dess imponerande funktioner: L\u00e4ckageskyddad elektronik f\u00f6r absolut tillf\u00f6rlitlighet [&hellip;]","og_url":"https:\/\/xenonkungen.com\/fi\/tuote\/yhdistelmalamppu-250-arwm\/","og_site_name":"Xenonkungen","article_modified_time":"2026-04-10T23:44:50+00:00","og_image":[{"width":600,"height":600,"url":"https:\/\/xenonkungen.com\/wp-content\/uploads\/2025\/04\/10191057-origpic-3082a6.jpg","type":"image\/jpeg"}],"twitter_card":"summary_large_image","twitter_misc":{"Arvioitu lukuaika":"3 minuuttia"},"schema":{"@context":"https:\/\/schema.org","@graph":[{"@type":"WebPage","@id":"https:\/\/xenonkungen.com\/es\/producto\/lampara-combinada-250arwm\/","url":"https:\/\/xenonkungen.com\/es\/producto\/lampara-combinada-250arwm\/","name":"Yhdistelm\u00e4lamppu 250ARWM - Xenon King","isPartOf":{"@id":"https:\/\/xenonkungen.com\/#website"},"primaryImageOfPage":{"@id":"https:\/\/xenonkungen.com\/es\/producto\/lampara-combinada-250arwm\/#primaryimage"},"image":{"@id":"https:\/\/xenonkungen.com\/es\/producto\/lampara-combinada-250arwm\/#primaryimage"},"thumbnailUrl":"https:\/\/xenonkungen.com\/wp-content\/uploads\/2025\/04\/10191057-origpic-3082a6.jpg","datePublished":"2025-04-15T09:50:50+00:00","dateModified":"2026-04-10T23:44:50+00:00","breadcrumb":{"@id":"https:\/\/xenonkungen.com\/es\/producto\/lampara-combinada-250arwm\/#breadcrumb"},"inLanguage":"fi","potentialAction":[{"@type":"ReadAction","target":["https:\/\/xenonkungen.com\/es\/producto\/lampara-combinada-250arwm\/"]}]},{"@type":"ImageObject","inLanguage":"fi","@id":"https:\/\/xenonkungen.com\/es\/producto\/lampara-combinada-250arwm\/#primaryimage","url":"https:\/\/xenonkungen.com\/wp-content\/uploads\/2025\/04\/10191057-origpic-3082a6.jpg","contentUrl":"https:\/\/xenonkungen.com\/wp-content\/uploads\/2025\/04\/10191057-origpic-3082a6.jpg","width":600,"height":600},{"@type":"BreadcrumbList","@id":"https:\/\/xenonkungen.com\/es\/producto\/lampara-combinada-250arwm\/#breadcrumb","itemListElement":[{"@type":"ListItem","position":1,"name":"Hem","item":"https:\/\/xenonkungen.com\/"},{"@type":"ListItem","position":2,"name":"Shop","item":"https:\/\/xenonkungen.com\/shop\/"},{"@type":"ListItem","position":3,"name":"Kombinationslampa 250ARWM"}]},{"@type":"WebSite","@id":"https:\/\/xenonkungen.com\/#website","url":"https:\/\/xenonkungen.com\/","name":"Xenonkungen","description":"","potentialAction":[{"@type":"SearchAction","target":{"@type":"EntryPoint","urlTemplate":"https:\/\/xenonkungen.com\/?s={search_term_string}"},"query-input":{"@type":"PropertyValueSpecification","valueRequired":true,"valueName":"search_term_string"}}],"inLanguage":"fi"}]}},"taxonomy_info":{"anvandningsomrade":[{"value":166,"label":"Lastbil"},{"value":238,"label":"SL\u00c4P"},{"value":2816,"label":"TRAILER"}],"product_brand":[{"value":1252,"label":"LEA"}],"product_cat":[{"value":2552,"label":"Bakljus"}],"pa_fuktskydd-varde-ipxx":[{"value":333,"label":"IP67"}],"pa_godkannande":[{"value":1262,"label":"ECE, EMC"}],"pa_storlek-mm":[{"value":1861,"label":"250x80x24"}],"pa_volt-v":[{"value":348,"label":"12, 24"}]},"featured_image_src_large":["https:\/\/xenonkungen.com\/wp-content\/uploads\/2025\/04\/10191057-origpic-3082a6.jpg",600,600,false],"author_info":[],"comment_info":0,"_links":{"self":[{"href":"https:\/\/xenonkungen.com\/fi\/wp-json\/wp\/v2\/product\/6931","targetHints":{"allow":["GET"]}}],"collection":[{"href":"https:\/\/xenonkungen.com\/fi\/wp-json\/wp\/v2\/product"}],"about":[{"href":"https:\/\/xenonkungen.com\/fi\/wp-json\/wp\/v2\/types\/product"}],"replies":[{"embeddable":true,"href":"https:\/\/xenonkungen.com\/fi\/wp-json\/wp\/v2\/comments?post=6931"}],"wp:featuredmedia":[{"embeddable":true,"href":"https:\/\/xenonkungen.com\/fi\/wp-json\/wp\/v2\/media\/6932"}],"wp:attachment":[{"href":"https:\/\/xenonkungen.com\/fi\/wp-json\/wp\/v2\/media?parent=6931"}],"wp:term":[{"taxonomy":"anvandningsomrade","embeddable":true,"href":"https:\/\/xenonkungen.com\/fi\/wp-json\/wp\/v2\/anvandningsomrade?post=6931"},{"taxonomy":"bilmarken","embeddable":true,"href":"https:\/\/xenonkungen.com\/fi\/wp-json\/wp\/v2\/bilmarken?post=6931"},{"taxonomy":"product_brand","embeddable":true,"href":"https:\/\/xenonkungen.com\/fi\/wp-json\/wp\/v2\/product_brand?post=6931"},{"taxonomy":"product_cat","embeddable":true,"href":"https:\/\/xenonkungen.com\/fi\/wp-json\/wp\/v2\/product_cat?post=6931"},{"taxonomy":"product_tag","embeddable":true,"href":"https:\/\/xenonkungen.com\/fi\/wp-json\/wp\/v2\/product_tag?post=6931"}],"curies":[{"name":"wp","href":"https:\/\/api.w.org\/{rel}","templated":true}]}}