{"id":6934,"date":"2025-04-15T09:50:50","date_gmt":"2025-04-15T09:50:50","guid":{"rendered":"https:\/\/xenonkungen.com\/product\/kombinationslampa-250farm\/"},"modified":"2026-04-11T00:44:52","modified_gmt":"2026-04-10T23:44:52","slug":"yhdistelmalamppu-250farm","status":"publish","type":"product","link":"https:\/\/xenonkungen.com\/fi\/tuote\/yhdistelmalamppu-250farm\/","title":{"rendered":"Yhdistelm\u00e4lamppu 250FARM"},"content":{"rendered":"<h1>Yhdistelm\u00e4valo jarru-, taka-, vilkku- ja sumuvaloilla<\/h1>\n<p>T\u00e4m\u00e4 yhdistelm\u00e4valo edustaa modernin valaistustekniikan uusinta kehityst\u00e4 ja tarjoaa vaikuttavan valikoiman ominaisuuksia ajoneuvoihin ja ulkok\u00e4ytt\u00f6\u00f6n. Yhdistetyll\u00e4 jarru-, taka-, vilkku- ja sumuvalolla tyylikk\u00e4\u00e4ss\u00e4 ja modernissa muotoilussa t\u00e4m\u00e4 valaisin on erinomainen ratkaisu, joka vie valaistuksen uudelle tasolle.<\/p>\n<h2>Vuotamaton elektroniikka takaa vertaansa vailla olevan luotettavuuden<\/h2>\n<p>Yksi t\u00e4m\u00e4n yhdistelm\u00e4valaisimen merkitt\u00e4vimmist\u00e4 eduista on sen t\u00e4ysin vuotamaton elektroniikka. T\u00e4m\u00e4 tarkoittaa, ett\u00e4 kaikki valaisimen sis\u00e4ll\u00e4 olevat elektroniset komponentit on tiivistetty ja suojattu kosteudelta ja veden p\u00e4\u00e4sylt\u00e4. Satoipa lamppu rankasti tai lunta tai k\u00e4ytettiinp\u00e4 sit\u00e4 kosteissa olosuhteissa, se toimii ongelmitta. T\u00e4m\u00e4 takaa erinomaisen kest\u00e4vyyden ja luotettavuuden ajan kuluessa.<\/p>\n<h2>Iskunkest\u00e4v\u00e4 lamppukotelo, jossa on poikkeuksellinen kest\u00e4vyys<\/h2>\n<p>Valaisimen runko on valmistettu iskunkest\u00e4v\u00e4st\u00e4 akryylist\u00e4 ja se on suunniteltu kest\u00e4m\u00e4\u00e4n luonnonvoimien ja ankarien olosuhteiden rasitusta. T\u00e4m\u00e4 tarkoittaa, ett\u00e4 valaisin kest\u00e4\u00e4 erilaisia haastavia tilanteita tiell\u00e4 tai ty\u00f6ymp\u00e4rist\u00f6iss\u00e4 vaurioitumatta. Lis\u00e4ksi lasi on polykarbonaattia ja kest\u00e4\u00e4 hyvin puhdistusaineissa esiintyvi\u00e4 kemikaaleja. Se tarjoaa my\u00f6s laajennetun UV-suojan, joka est\u00e4\u00e4 valaisimen ik\u00e4\u00e4ntymisen ja kellastumisen ajan my\u00f6t\u00e4.<\/p>\n<h2>Upotettava, ruostumaton ja iskunkest\u00e4v\u00e4<\/h2>\n<p>T\u00e4m\u00e4 valaisin kest\u00e4\u00e4 vaativia olosuhteita enemm\u00e4n kuin hyvin. Se on t\u00e4ysin upotettava, mik\u00e4 tarkoittaa, ett\u00e4 se voidaan upottaa veteen vahingoittumatta. Sen ruostumattomasta ter\u00e4ksest\u00e4 valmistettu rakenne varmistaa, ettei se korroosioi edes m\u00e4riss\u00e4 olosuhteissa. Iskunkest\u00e4vyysominaisuudet tekev\u00e4t siit\u00e4 iskun- ja t\u00f6rm\u00e4ysnkest\u00e4v\u00e4n, mik\u00e4 on t\u00e4rke\u00e4\u00e4 suorituskyvyn ja eheyden yll\u00e4pit\u00e4miseksi.<\/p>\n<h2>Pistokepohjainen mainosvalaistus lis\u00e4\u00e4 joustavuutta<\/h2>\n<p>T\u00e4m\u00e4n yhdistelm\u00e4valaisimen lis\u00e4etuna on mahdollisuus liitt\u00e4\u00e4 pistorasiaan kytkett\u00e4vi\u00e4 mainosvaloja. T\u00e4m\u00e4 tarjoaa lis\u00e4\u00e4 joustavuutta ja toimivuutta ja mahdollistaa valaistuksen mukauttamisen tiettyihin tarpeisiin ja tilanteisiin.<\/p>\n<h2>Tiivistelm\u00e4<\/h2>\n<p>T\u00e4m\u00e4 moderni yhdistelm\u00e4valo, jossa on jarru-, taka-, vilkku- ja sumuvalotoiminnot, on tehokas ja luotettava valaistusratkaisu, joka t\u00e4ytt\u00e4\u00e4 korkeimmat laatu- ja kest\u00e4vyysvaatimukset. Sen vuotamaton elektroniikka, iskunkest\u00e4v\u00e4 rakenne ja pistokeliit\u00e4nt\u00e4 tekev\u00e4t siit\u00e4 erinomaisen valinnan ajoneuvoihin ja ulkok\u00e4ytt\u00f6\u00f6n, joissa luotettava ja mukautuva valaistus on ensiarvoisen t\u00e4rke\u00e4\u00e4. T\u00e4m\u00e4n valon avulla saat paitsi paremman n\u00e4kyvyyden tiell\u00e4, my\u00f6s lis\u00e4\u00e4ntyneen turvallisuuden ja luotettavuuden erilaisissa tilanteissa.<\/p>","protected":false},"excerpt":{"rendered":"<p>Kombinationslampa med Stop-, Bak-, Blinker- och Dimljus Denna kombinationslampa representerar den senaste utvecklingen inom modern belysningsteknik och erbjuder en imponerande upps\u00e4ttning funktioner f\u00f6r fordon och utomhusapplikationer. Med dess kombinerade stopp-, bak-, blinker- och dimljus i ett elegant och modernt utf\u00f6rande \u00e4r denna lampa en utm\u00e4rkt l\u00f6sning som tar belysning till en ny niv\u00e5. L\u00e4ckageskyddad Elektronik [&hellip;]<\/p>","protected":false},"featured_media":6935,"comment_status":"closed","ping_status":"open","template":"","meta":{"_acf_changed":false,"_smort_price_nok":"1036","_smort_price_dkk":"658","_smort_price_eur":"88.18","_smort_sale_price_nok":"","_smort_sale_price_dkk":"","_smort_sale_price_eur":"","smort_restorder":"","shipmondo_restorder":"","_kad_blocks_custom_css":"","_kad_blocks_head_custom_js":"","_kad_blocks_body_custom_js":"","_kad_blocks_footer_custom_js":"","smort_custom_pricelist_1":"543.2","smort_custom_pricelist_2":"543.2","smort_custom_pricelist_3":"516.04","smort_custom_pricelist_4":"776","smort_custom_pricelist_5":"543.2"},"anvandningsomrade":[166,238,2816],"bilmarken":[],"product_brand":[1252],"product_cat":[2552],"product_tag":[],"class_list":{"0":"post-6934","1":"product","2":"type-product","3":"status-publish","4":"has-post-thumbnail","6":"anvandningsomrade-lastbil","7":"anvandningsomrade-slap","8":"anvandningsomrade-trailer","9":"product_brand-lea","10":"product_cat-bakljus-slap","11":"pa_fuktskydd-varde-ipxx-ip67","12":"pa_godkannande-ece-emc","13":"pa_storlek-mm-250x80x24","14":"pa_volt-v-12-24","16":"first","17":"onbackorder","18":"taxable","19":"shipping-taxable","20":"purchasable","21":"product-type-simple"},"bundled_by":[],"bundle_stock_status":"onbackorder","bundle_stock_quantity":0,"bundle_virtual":false,"bundle_layout":"","bundle_add_to_cart_form_location":"","bundle_editable_in_cart":false,"bundle_sold_individually_context":"","bundle_item_grouping":"","bundle_min_size":"","bundle_max_size":"","bundle_price":[],"bundled_items":[],"bundle_sell_ids":[],"acf":[],"yoast_head":"<!-- This site is optimized with the Yoast SEO plugin v27.0 - https:\/\/yoast.com\/product\/yoast-seo-wordpress\/ -->\n<title>Kombinationslampa 250FARM - Xenonkungen<\/title>\n<meta name=\"robots\" content=\"index, follow, max-snippet:-1, max-image-preview:large, max-video-preview:-1\" \/>\n<link rel=\"canonical\" href=\"https:\/\/xenonkungen.com\/fi\/tuote\/yhdistelmalamppu-250farm\/\" \/>\n<meta property=\"og:locale\" content=\"fi_FI\" \/>\n<meta property=\"og:type\" content=\"article\" \/>\n<meta property=\"og:title\" content=\"Kombinationslampa 250FARM - Xenonkungen\" \/>\n<meta property=\"og:description\" content=\"Kombinationslampa med Stop-, Bak-, Blinker- och Dimljus Denna kombinationslampa representerar den senaste utvecklingen inom modern belysningsteknik och erbjuder en imponerande upps\u00e4ttning funktioner f\u00f6r fordon och utomhusapplikationer. Med dess kombinerade stopp-, bak-, blinker- och dimljus i ett elegant och modernt utf\u00f6rande \u00e4r denna lampa en utm\u00e4rkt l\u00f6sning som tar belysning till en ny niv\u00e5. L\u00e4ckageskyddad Elektronik [&hellip;]\" \/>\n<meta property=\"og:url\" content=\"https:\/\/xenonkungen.com\/fi\/tuote\/yhdistelmalamppu-250farm\/\" \/>\n<meta property=\"og:site_name\" content=\"Xenonkungen\" \/>\n<meta property=\"article:modified_time\" content=\"2026-04-10T23:44:52+00:00\" \/>\n<meta property=\"og:image\" content=\"https:\/\/xenonkungen.com\/wp-content\/uploads\/2025\/04\/10953975-origpic-fa1cd6.jpg\" \/>\n\t<meta property=\"og:image:width\" content=\"600\" \/>\n\t<meta property=\"og:image:height\" content=\"600\" \/>\n\t<meta property=\"og:image:type\" content=\"image\/jpeg\" \/>\n<meta name=\"twitter:card\" content=\"summary_large_image\" \/>\n<meta name=\"twitter:label1\" content=\"Arvioitu lukuaika\" \/>\n\t<meta name=\"twitter:data1\" content=\"2 minuuttia\" \/>\n<script type=\"application\/ld+json\" class=\"yoast-schema-graph\">{\"@context\":\"https:\/\/schema.org\",\"@graph\":[{\"@type\":\"WebPage\",\"@id\":\"https:\/\/xenonkungen.com\/nl\/product\/combinatielamp-250farm\/\",\"url\":\"https:\/\/xenonkungen.com\/nl\/product\/combinatielamp-250farm\/\",\"name\":\"Kombinationslampa 250FARM - Xenonkungen\",\"isPartOf\":{\"@id\":\"https:\/\/xenonkungen.com\/#website\"},\"primaryImageOfPage\":{\"@id\":\"https:\/\/xenonkungen.com\/nl\/product\/combinatielamp-250farm\/#primaryimage\"},\"image\":{\"@id\":\"https:\/\/xenonkungen.com\/nl\/product\/combinatielamp-250farm\/#primaryimage\"},\"thumbnailUrl\":\"https:\/\/xenonkungen.com\/wp-content\/uploads\/2025\/04\/10953975-origpic-fa1cd6.jpg\",\"datePublished\":\"2025-04-15T09:50:50+00:00\",\"dateModified\":\"2026-04-10T23:44:52+00:00\",\"breadcrumb\":{\"@id\":\"https:\/\/xenonkungen.com\/nl\/product\/combinatielamp-250farm\/#breadcrumb\"},\"inLanguage\":\"fi\",\"potentialAction\":[{\"@type\":\"ReadAction\",\"target\":[\"https:\/\/xenonkungen.com\/nl\/product\/combinatielamp-250farm\/\"]}]},{\"@type\":\"ImageObject\",\"inLanguage\":\"fi\",\"@id\":\"https:\/\/xenonkungen.com\/nl\/product\/combinatielamp-250farm\/#primaryimage\",\"url\":\"https:\/\/xenonkungen.com\/wp-content\/uploads\/2025\/04\/10953975-origpic-fa1cd6.jpg\",\"contentUrl\":\"https:\/\/xenonkungen.com\/wp-content\/uploads\/2025\/04\/10953975-origpic-fa1cd6.jpg\",\"width\":600,\"height\":600},{\"@type\":\"BreadcrumbList\",\"@id\":\"https:\/\/xenonkungen.com\/nl\/product\/combinatielamp-250farm\/#breadcrumb\",\"itemListElement\":[{\"@type\":\"ListItem\",\"position\":1,\"name\":\"Hem\",\"item\":\"https:\/\/xenonkungen.com\/\"},{\"@type\":\"ListItem\",\"position\":2,\"name\":\"Shop\",\"item\":\"https:\/\/xenonkungen.com\/shop\/\"},{\"@type\":\"ListItem\",\"position\":3,\"name\":\"Kombinationslampa 250FARM\"}]},{\"@type\":\"WebSite\",\"@id\":\"https:\/\/xenonkungen.com\/#website\",\"url\":\"https:\/\/xenonkungen.com\/\",\"name\":\"Xenonkungen\",\"description\":\"\",\"potentialAction\":[{\"@type\":\"SearchAction\",\"target\":{\"@type\":\"EntryPoint\",\"urlTemplate\":\"https:\/\/xenonkungen.com\/?s={search_term_string}\"},\"query-input\":{\"@type\":\"PropertyValueSpecification\",\"valueRequired\":true,\"valueName\":\"search_term_string\"}}],\"inLanguage\":\"fi\"}]}<\/script>\n<!-- \/ Yoast SEO plugin. -->","yoast_head_json":{"title":"Yhdistelm\u00e4lamppu 250FARM - Xenonkungen","robots":{"index":"index","follow":"follow","max-snippet":"max-snippet:-1","max-image-preview":"max-image-preview:large","max-video-preview":"max-video-preview:-1"},"canonical":"https:\/\/xenonkungen.com\/fi\/tuote\/yhdistelmalamppu-250farm\/","og_locale":"fi_FI","og_type":"article","og_title":"Kombinationslampa 250FARM - Xenonkungen","og_description":"Kombinationslampa med Stop-, Bak-, Blinker- och Dimljus Denna kombinationslampa representerar den senaste utvecklingen inom modern belysningsteknik och erbjuder en imponerande upps\u00e4ttning funktioner f\u00f6r fordon och utomhusapplikationer. Med dess kombinerade stopp-, bak-, blinker- och dimljus i ett elegant och modernt utf\u00f6rande \u00e4r denna lampa en utm\u00e4rkt l\u00f6sning som tar belysning till en ny niv\u00e5. L\u00e4ckageskyddad Elektronik [&hellip;]","og_url":"https:\/\/xenonkungen.com\/fi\/tuote\/yhdistelmalamppu-250farm\/","og_site_name":"Xenonkungen","article_modified_time":"2026-04-10T23:44:52+00:00","og_image":[{"width":600,"height":600,"url":"https:\/\/xenonkungen.com\/wp-content\/uploads\/2025\/04\/10953975-origpic-fa1cd6.jpg","type":"image\/jpeg"}],"twitter_card":"summary_large_image","twitter_misc":{"Arvioitu lukuaika":"2 minuuttia"},"schema":{"@context":"https:\/\/schema.org","@graph":[{"@type":"WebPage","@id":"https:\/\/xenonkungen.com\/nl\/product\/combinatielamp-250farm\/","url":"https:\/\/xenonkungen.com\/nl\/product\/combinatielamp-250farm\/","name":"Yhdistelm\u00e4lamppu 250FARM - Xenonkungen","isPartOf":{"@id":"https:\/\/xenonkungen.com\/#website"},"primaryImageOfPage":{"@id":"https:\/\/xenonkungen.com\/nl\/product\/combinatielamp-250farm\/#primaryimage"},"image":{"@id":"https:\/\/xenonkungen.com\/nl\/product\/combinatielamp-250farm\/#primaryimage"},"thumbnailUrl":"https:\/\/xenonkungen.com\/wp-content\/uploads\/2025\/04\/10953975-origpic-fa1cd6.jpg","datePublished":"2025-04-15T09:50:50+00:00","dateModified":"2026-04-10T23:44:52+00:00","breadcrumb":{"@id":"https:\/\/xenonkungen.com\/nl\/product\/combinatielamp-250farm\/#breadcrumb"},"inLanguage":"fi","potentialAction":[{"@type":"ReadAction","target":["https:\/\/xenonkungen.com\/nl\/product\/combinatielamp-250farm\/"]}]},{"@type":"ImageObject","inLanguage":"fi","@id":"https:\/\/xenonkungen.com\/nl\/product\/combinatielamp-250farm\/#primaryimage","url":"https:\/\/xenonkungen.com\/wp-content\/uploads\/2025\/04\/10953975-origpic-fa1cd6.jpg","contentUrl":"https:\/\/xenonkungen.com\/wp-content\/uploads\/2025\/04\/10953975-origpic-fa1cd6.jpg","width":600,"height":600},{"@type":"BreadcrumbList","@id":"https:\/\/xenonkungen.com\/nl\/product\/combinatielamp-250farm\/#breadcrumb","itemListElement":[{"@type":"ListItem","position":1,"name":"Hem","item":"https:\/\/xenonkungen.com\/"},{"@type":"ListItem","position":2,"name":"Shop","item":"https:\/\/xenonkungen.com\/shop\/"},{"@type":"ListItem","position":3,"name":"Kombinationslampa 250FARM"}]},{"@type":"WebSite","@id":"https:\/\/xenonkungen.com\/#website","url":"https:\/\/xenonkungen.com\/","name":"Xenonkungen","description":"","potentialAction":[{"@type":"SearchAction","target":{"@type":"EntryPoint","urlTemplate":"https:\/\/xenonkungen.com\/?s={search_term_string}"},"query-input":{"@type":"PropertyValueSpecification","valueRequired":true,"valueName":"search_term_string"}}],"inLanguage":"fi"}]}},"taxonomy_info":{"anvandningsomrade":[{"value":166,"label":"Lastbil"},{"value":238,"label":"SL\u00c4P"},{"value":2816,"label":"TRAILER"}],"product_brand":[{"value":1252,"label":"LEA"}],"product_cat":[{"value":2552,"label":"Bakljus"}],"pa_fuktskydd-varde-ipxx":[{"value":333,"label":"IP67"}],"pa_godkannande":[{"value":1262,"label":"ECE, EMC"}],"pa_storlek-mm":[{"value":1861,"label":"250x80x24"}],"pa_volt-v":[{"value":348,"label":"12, 24"}]},"featured_image_src_large":["https:\/\/xenonkungen.com\/wp-content\/uploads\/2025\/04\/10953975-origpic-fa1cd6.jpg",600,600,false],"author_info":[],"comment_info":0,"_links":{"self":[{"href":"https:\/\/xenonkungen.com\/fi\/wp-json\/wp\/v2\/product\/6934","targetHints":{"allow":["GET"]}}],"collection":[{"href":"https:\/\/xenonkungen.com\/fi\/wp-json\/wp\/v2\/product"}],"about":[{"href":"https:\/\/xenonkungen.com\/fi\/wp-json\/wp\/v2\/types\/product"}],"replies":[{"embeddable":true,"href":"https:\/\/xenonkungen.com\/fi\/wp-json\/wp\/v2\/comments?post=6934"}],"wp:featuredmedia":[{"embeddable":true,"href":"https:\/\/xenonkungen.com\/fi\/wp-json\/wp\/v2\/media\/6935"}],"wp:attachment":[{"href":"https:\/\/xenonkungen.com\/fi\/wp-json\/wp\/v2\/media?parent=6934"}],"wp:term":[{"taxonomy":"anvandningsomrade","embeddable":true,"href":"https:\/\/xenonkungen.com\/fi\/wp-json\/wp\/v2\/anvandningsomrade?post=6934"},{"taxonomy":"bilmarken","embeddable":true,"href":"https:\/\/xenonkungen.com\/fi\/wp-json\/wp\/v2\/bilmarken?post=6934"},{"taxonomy":"product_brand","embeddable":true,"href":"https:\/\/xenonkungen.com\/fi\/wp-json\/wp\/v2\/product_brand?post=6934"},{"taxonomy":"product_cat","embeddable":true,"href":"https:\/\/xenonkungen.com\/fi\/wp-json\/wp\/v2\/product_cat?post=6934"},{"taxonomy":"product_tag","embeddable":true,"href":"https:\/\/xenonkungen.com\/fi\/wp-json\/wp\/v2\/product_tag?post=6934"}],"curies":[{"name":"wp","href":"https:\/\/api.w.org\/{rel}","templated":true}]}}