{"id":6985,"date":"2025-04-15T09:51:22","date_gmt":"2025-04-15T09:51:22","guid":{"rendered":"https:\/\/xenonkungen.com\/product\/kombinationslampa-355arwm-2-2-pack-black\/"},"modified":"2026-04-11T00:45:32","modified_gmt":"2026-04-10T23:45:32","slug":"yhdistelmalamppu-355arwm-2-2-kpl-musta","status":"publish","type":"product","link":"https:\/\/xenonkungen.com\/fi\/tuote\/yhdistelmalamppu-355arwm-2-2-kpl-musta\/","title":{"rendered":"Yhdistelm\u00e4valaisin 355ARWM-2 | 2-pack | Musta"},"content":{"rendered":"<h1>LED Autolamps 355 Series - Innovatiiviset ja tyylikk\u00e4\u00e4t takavalot kaikkiin ajoneuvoihin!<\/h1>\n<p>P\u00e4ivit\u00e4 autosi tai hy\u00f6tyajoneuvosi <strong>LED-auton valot 355-sarja<\/strong>, jossa huippuluokan muotoilu kohtaa ensiluokkaisen toiminnallisuuden. Tyylikk\u00e4\u00e4t hajavalotetut hehkuv\u00e4riset takavalot ja progressiiviset per\u00e4kk\u00e4iset vilkut muodostavat t\u00e4ydellisen yhdistelm\u00e4n tyyli\u00e4 ja turvallisuutta.<\/p>\n<h3>All-in-one-ratkaisu, jossa on uraauurtavia ominaisuuksia<\/h3>\n<ul>\n<li><strong>Pys\u00e4ytys-, takavalot ja merkkivalot<\/strong><\/li>\n<li><strong>peruutusvalo<\/strong><\/li>\n<li><strong>Sis\u00e4\u00e4nrakennetut heijastimet<br \/><\/strong><\/li>\n<\/ul>\n<h3><strong>Kytkent\u00f6jen v\u00e4rikoodit<\/strong><\/h3>\n<ul>\n<li>BROWN: takavalo [+]<\/li>\n<li>PUNAINEN: Jarruvalo [+]<\/li>\n<li>MUSTA: Taustavalo [+]<\/li>\n<li>KELTAINEN \/ VIHRE\u00c4: vilkut [+]<\/li>\n<li>VALKOINEN: Maa [-]<\/li>\n<\/ul>\n<h3>Suunniteltu kest\u00e4m\u00e4\u00e4n<\/h3>\n<p>N\u00e4m\u00e4 valot on suunniteltu kest\u00e4m\u00e4\u00e4n kovia olosuhteita, ja ne sopivat erinomaisesti sek\u00e4 yksityis- ett\u00e4 hy\u00f6tyajoneuvoihin. Kanssa <strong>IP67-luokitus<\/strong>Ne ovat t\u00e4ysin p\u00f6lytiiviit\u00e4, vedenpit\u00e4vi\u00e4 sek\u00e4 iskunkest\u00e4vi\u00e4 ja t\u00e4rin\u00e4nkest\u00e4vi\u00e4. T\u00e4m\u00e4 tekee niist\u00e4 luotettavan kumppanin tien p\u00e4\u00e4ll\u00e4 s\u00e4\u00e4st\u00e4 ja maastosta riippumatta.<\/p>\n<h3>Nykyaikainen ja energiatehokas tekniikka<\/h3>\n<p>Viimeisimm\u00e4n <strong>LED-tekniikka<\/strong> saat:<\/p>\n<ul>\n<li>Poikkeuksellinen pitk\u00e4ik\u00e4isyys<\/li>\n<li>Alhainen energiankulutus<\/li>\n<li>V\u00e4h\u00e4inen vaikutus ajoneuvon akkuun<\/li>\n<\/ul>\n<h3>Tyyli\u00e4 makusi mukaan<\/h3>\n<p>355-sarja on saatavana sek\u00e4 <strong>musta<\/strong> ja <strong>kromattu viimeistely<\/strong>, joten voit sovittaa valot t\u00e4ydellisesti ajoneuvosi tyyliin. Ne ovat my\u00f6s <strong>monivolttiyhteensopiva (12\/24V)<\/strong>, joten ne soveltuvat kaikkeen pakettiautojen muutost\u00f6ist\u00e4 suurempiin hy\u00f6tyajoneuvoihin.<\/p>\n<h3>5 vuoden takuu - mielenrauha vakiona<\/h3>\n<p>Runsaalla <strong>5 vuoden takuu<\/strong> voit olla varma, ett\u00e4 n\u00e4m\u00e4 lamput tuottavat korkeinta laatua pitk\u00e4\u00e4n.<\/p>\n<h3>T\u00e4ydellinen paketti<\/h3>\n<p>Pakkaus sis\u00e4lt\u00e4\u00e4 sek\u00e4 oikean ett\u00e4 vasemman lyhdyn, joten voit helposti p\u00e4ivitt\u00e4\u00e4 koko takaosan yhdell\u00e4 kertaa.<\/p>\n<p><strong>Tee matkoistasi turvallisempia, tyylikk\u00e4\u00e4mpi\u00e4 ja energiatehokkaampia LED Autolamps 355 -sarjan avulla.<\/strong><\/p>","protected":false},"excerpt":{"rendered":"<p><strong>Oikea ja vasen lyhty<\/strong><\/p>\n<p>- Musta muotoilu<br \/>- 12\/24V monij\u00e4nnite<br \/>- Progressiivinen merkkij\u00e4rjestys<br \/>- Hajavalo 'glow-track' takavalo<br \/>- T\u00e4ysin ECE-hyv\u00e4ksytty<br \/>- IP67 - t\u00e4ysin vedenpit\u00e4v\u00e4<br \/>- 5 vuoden takuu<br \/>- Eritt\u00e4in tehokas LED-tekniikka<br \/>- Isku- ja t\u00e4rin\u00e4testattu<\/p>","protected":false},"featured_media":6986,"comment_status":"closed","ping_status":"open","template":"","meta":{"_acf_changed":false,"_smort_price_nok":"3519","_smort_price_dkk":"2236","_smort_price_eur":"299.53","_smort_sale_price_nok":"","_smort_sale_price_dkk":"","_smort_sale_price_eur":"","smort_restorder":"","shipmondo_restorder":"","_kad_blocks_custom_css":"","_kad_blocks_head_custom_js":"","_kad_blocks_body_custom_js":"","_kad_blocks_footer_custom_js":"","smort_custom_pricelist_1":"2108.8","smort_custom_pricelist_2":"1845.2","smort_custom_pricelist_3":"1713.4","smort_custom_pricelist_4":"2636","smort_custom_pricelist_5":"1845.2"},"anvandningsomrade":[166,238,2816],"bilmarken":[],"product_brand":[1252],"product_cat":[2552],"product_tag":[],"class_list":{"0":"post-6985","1":"product","2":"type-product","3":"status-publish","4":"has-post-thumbnail","6":"anvandningsomrade-lastbil","7":"anvandningsomrade-slap","8":"anvandningsomrade-trailer","9":"product_brand-lea","10":"product_cat-bakljus-slap","11":"pa_fuktskydd-varde-ipxx-ip67","12":"pa_godkannande-ece-r10-r3-r6-r7-r23","13":"pa_storlek-mm-356x86x35","14":"pa_volt-v-12-24","16":"first","17":"onbackorder","18":"taxable","19":"shipping-taxable","20":"purchasable","21":"product-type-simple"},"bundled_by":[],"bundle_stock_status":"onbackorder","bundle_stock_quantity":0,"bundle_virtual":false,"bundle_layout":"","bundle_add_to_cart_form_location":"","bundle_editable_in_cart":false,"bundle_sold_individually_context":"","bundle_item_grouping":"","bundle_min_size":"","bundle_max_size":"","bundle_price":[],"bundled_items":[],"bundle_sell_ids":[],"acf":[],"yoast_head":"<!-- This site is optimized with the Yoast SEO plugin v27.0 - https:\/\/yoast.com\/product\/yoast-seo-wordpress\/ -->\n<title>Kombinationslampa 355ARWM-2 | 2-pack | Black - Xenonkungen<\/title>\n<meta name=\"robots\" content=\"index, follow, max-snippet:-1, max-image-preview:large, max-video-preview:-1\" \/>\n<link rel=\"canonical\" href=\"https:\/\/xenonkungen.com\/fi\/tuote\/yhdistelmalamppu-355arwm-2-2-kpl-musta\/\" \/>\n<meta property=\"og:locale\" content=\"fi_FI\" \/>\n<meta property=\"og:type\" content=\"article\" \/>\n<meta property=\"og:title\" content=\"Kombinationslampa 355ARWM-2 | 2-pack | Black - Xenonkungen\" \/>\n<meta property=\"og:description\" content=\"H\u00f6ger Lykta &amp; V\u00e4nster lykta\u2022 Svart Design\u2022 12\/24V multivolt\u2022 Progressiv indikatorsekvens\u2022 Diffusat &#039;glow-track&#039; bakljus\u2022 Helt ECE-godk\u00e4nd\u2022 IP67 \u2013 helt vattent\u00e4t\u2022 5 \u00e5rs garanti\u2022 Mycket effektiv LED-teknik\u2022 St\u00f6t- och vibrationstestade\" \/>\n<meta property=\"og:url\" content=\"https:\/\/xenonkungen.com\/fi\/tuote\/yhdistelmalamppu-355arwm-2-2-kpl-musta\/\" \/>\n<meta property=\"og:site_name\" content=\"Xenonkungen\" \/>\n<meta property=\"article:modified_time\" content=\"2026-04-10T23:45:32+00:00\" \/>\n<meta property=\"og:image\" content=\"https:\/\/xenonkungen.com\/wp-content\/uploads\/2025\/04\/190276657-origpic-de1cf2.jpg\" \/>\n\t<meta property=\"og:image:width\" content=\"1200\" \/>\n\t<meta property=\"og:image:height\" content=\"392\" \/>\n\t<meta property=\"og:image:type\" content=\"image\/jpeg\" \/>\n<meta name=\"twitter:card\" content=\"summary_large_image\" \/>\n<meta name=\"twitter:label1\" content=\"Arvioitu lukuaika\" \/>\n\t<meta name=\"twitter:data1\" content=\"1 minuutti\" \/>\n<script type=\"application\/ld+json\" class=\"yoast-schema-graph\">{\"@context\":\"https:\/\/schema.org\",\"@graph\":[{\"@type\":\"WebPage\",\"@id\":\"https:\/\/xenonkungen.com\/produkt\/kombinationslampa-355arwm-2-2-pack-black\/\",\"url\":\"https:\/\/xenonkungen.com\/produkt\/kombinationslampa-355arwm-2-2-pack-black\/\",\"name\":\"Kombinationslampa 355ARWM-2 | 2-pack | Black - Xenonkungen\",\"isPartOf\":{\"@id\":\"https:\/\/xenonkungen.com\/#website\"},\"primaryImageOfPage\":{\"@id\":\"https:\/\/xenonkungen.com\/produkt\/kombinationslampa-355arwm-2-2-pack-black\/#primaryimage\"},\"image\":{\"@id\":\"https:\/\/xenonkungen.com\/produkt\/kombinationslampa-355arwm-2-2-pack-black\/#primaryimage\"},\"thumbnailUrl\":\"https:\/\/xenonkungen.com\/wp-content\/uploads\/2025\/04\/190276657-origpic-de1cf2.jpg\",\"datePublished\":\"2025-04-15T09:51:22+00:00\",\"dateModified\":\"2026-04-10T23:45:32+00:00\",\"breadcrumb\":{\"@id\":\"https:\/\/xenonkungen.com\/produkt\/kombinationslampa-355arwm-2-2-pack-black\/#breadcrumb\"},\"inLanguage\":\"fi\",\"potentialAction\":[{\"@type\":\"ReadAction\",\"target\":[\"https:\/\/xenonkungen.com\/produkt\/kombinationslampa-355arwm-2-2-pack-black\/\"]}]},{\"@type\":\"ImageObject\",\"inLanguage\":\"fi\",\"@id\":\"https:\/\/xenonkungen.com\/produkt\/kombinationslampa-355arwm-2-2-pack-black\/#primaryimage\",\"url\":\"https:\/\/xenonkungen.com\/wp-content\/uploads\/2025\/04\/190276657-origpic-de1cf2.jpg\",\"contentUrl\":\"https:\/\/xenonkungen.com\/wp-content\/uploads\/2025\/04\/190276657-origpic-de1cf2.jpg\",\"width\":1200,\"height\":392},{\"@type\":\"BreadcrumbList\",\"@id\":\"https:\/\/xenonkungen.com\/produkt\/kombinationslampa-355arwm-2-2-pack-black\/#breadcrumb\",\"itemListElement\":[{\"@type\":\"ListItem\",\"position\":1,\"name\":\"Hem\",\"item\":\"https:\/\/xenonkungen.com\/\"},{\"@type\":\"ListItem\",\"position\":2,\"name\":\"Shop\",\"item\":\"https:\/\/xenonkungen.com\/shop\/\"},{\"@type\":\"ListItem\",\"position\":3,\"name\":\"Kombinationslampa 355ARWM-2 | 2-pack | Black\"}]},{\"@type\":\"WebSite\",\"@id\":\"https:\/\/xenonkungen.com\/#website\",\"url\":\"https:\/\/xenonkungen.com\/\",\"name\":\"Xenonkungen\",\"description\":\"\",\"potentialAction\":[{\"@type\":\"SearchAction\",\"target\":{\"@type\":\"EntryPoint\",\"urlTemplate\":\"https:\/\/xenonkungen.com\/?s={search_term_string}\"},\"query-input\":{\"@type\":\"PropertyValueSpecification\",\"valueRequired\":true,\"valueName\":\"search_term_string\"}}],\"inLanguage\":\"fi\"}]}<\/script>\n<!-- \/ Yoast SEO plugin. -->","yoast_head_json":{"title":"Yhdistelm\u00e4lamppu 355ARWM-2 | 2 kpl | Musta - Xenon King","robots":{"index":"index","follow":"follow","max-snippet":"max-snippet:-1","max-image-preview":"max-image-preview:large","max-video-preview":"max-video-preview:-1"},"canonical":"https:\/\/xenonkungen.com\/fi\/tuote\/yhdistelmalamppu-355arwm-2-2-kpl-musta\/","og_locale":"fi_FI","og_type":"article","og_title":"Kombinationslampa 355ARWM-2 | 2-pack | Black - Xenonkungen","og_description":"H\u00f6ger Lykta &amp; V\u00e4nster lykta\u2022 Svart Design\u2022 12\/24V multivolt\u2022 Progressiv indikatorsekvens\u2022 Diffusat 'glow-track' bakljus\u2022 Helt ECE-godk\u00e4nd\u2022 IP67 \u2013 helt vattent\u00e4t\u2022 5 \u00e5rs garanti\u2022 Mycket effektiv LED-teknik\u2022 St\u00f6t- och vibrationstestade","og_url":"https:\/\/xenonkungen.com\/fi\/tuote\/yhdistelmalamppu-355arwm-2-2-kpl-musta\/","og_site_name":"Xenonkungen","article_modified_time":"2026-04-10T23:45:32+00:00","og_image":[{"width":1200,"height":392,"url":"https:\/\/xenonkungen.com\/wp-content\/uploads\/2025\/04\/190276657-origpic-de1cf2.jpg","type":"image\/jpeg"}],"twitter_card":"summary_large_image","twitter_misc":{"Arvioitu lukuaika":"1 minuutti"},"schema":{"@context":"https:\/\/schema.org","@graph":[{"@type":"WebPage","@id":"https:\/\/xenonkungen.com\/produkt\/kombinationslampa-355arwm-2-2-pack-black\/","url":"https:\/\/xenonkungen.com\/produkt\/kombinationslampa-355arwm-2-2-pack-black\/","name":"Yhdistelm\u00e4lamppu 355ARWM-2 | 2 kpl | Musta - Xenon King","isPartOf":{"@id":"https:\/\/xenonkungen.com\/#website"},"primaryImageOfPage":{"@id":"https:\/\/xenonkungen.com\/produkt\/kombinationslampa-355arwm-2-2-pack-black\/#primaryimage"},"image":{"@id":"https:\/\/xenonkungen.com\/produkt\/kombinationslampa-355arwm-2-2-pack-black\/#primaryimage"},"thumbnailUrl":"https:\/\/xenonkungen.com\/wp-content\/uploads\/2025\/04\/190276657-origpic-de1cf2.jpg","datePublished":"2025-04-15T09:51:22+00:00","dateModified":"2026-04-10T23:45:32+00:00","breadcrumb":{"@id":"https:\/\/xenonkungen.com\/produkt\/kombinationslampa-355arwm-2-2-pack-black\/#breadcrumb"},"inLanguage":"fi","potentialAction":[{"@type":"ReadAction","target":["https:\/\/xenonkungen.com\/produkt\/kombinationslampa-355arwm-2-2-pack-black\/"]}]},{"@type":"ImageObject","inLanguage":"fi","@id":"https:\/\/xenonkungen.com\/produkt\/kombinationslampa-355arwm-2-2-pack-black\/#primaryimage","url":"https:\/\/xenonkungen.com\/wp-content\/uploads\/2025\/04\/190276657-origpic-de1cf2.jpg","contentUrl":"https:\/\/xenonkungen.com\/wp-content\/uploads\/2025\/04\/190276657-origpic-de1cf2.jpg","width":1200,"height":392},{"@type":"BreadcrumbList","@id":"https:\/\/xenonkungen.com\/produkt\/kombinationslampa-355arwm-2-2-pack-black\/#breadcrumb","itemListElement":[{"@type":"ListItem","position":1,"name":"Hem","item":"https:\/\/xenonkungen.com\/"},{"@type":"ListItem","position":2,"name":"Shop","item":"https:\/\/xenonkungen.com\/shop\/"},{"@type":"ListItem","position":3,"name":"Kombinationslampa 355ARWM-2 | 2-pack | Black"}]},{"@type":"WebSite","@id":"https:\/\/xenonkungen.com\/#website","url":"https:\/\/xenonkungen.com\/","name":"Xenonkungen","description":"","potentialAction":[{"@type":"SearchAction","target":{"@type":"EntryPoint","urlTemplate":"https:\/\/xenonkungen.com\/?s={search_term_string}"},"query-input":{"@type":"PropertyValueSpecification","valueRequired":true,"valueName":"search_term_string"}}],"inLanguage":"fi"}]}},"taxonomy_info":{"anvandningsomrade":[{"value":166,"label":"Lastbil"},{"value":238,"label":"SL\u00c4P"},{"value":2816,"label":"TRAILER"}],"product_brand":[{"value":1252,"label":"LEA"}],"product_cat":[{"value":2552,"label":"Bakljus"}],"pa_fuktskydd-varde-ipxx":[{"value":333,"label":"IP67"}],"pa_godkannande":[{"value":1867,"label":"ECE, R10, R3, R6, R7, R23"}],"pa_storlek-mm":[{"value":1866,"label":"356x86x35"}],"pa_volt-v":[{"value":348,"label":"12, 24"}]},"featured_image_src_large":["https:\/\/xenonkungen.com\/wp-content\/uploads\/2025\/04\/190276657-origpic-de1cf2-1024x335.jpg",1024,335,true],"author_info":[],"comment_info":0,"_links":{"self":[{"href":"https:\/\/xenonkungen.com\/fi\/wp-json\/wp\/v2\/product\/6985","targetHints":{"allow":["GET"]}}],"collection":[{"href":"https:\/\/xenonkungen.com\/fi\/wp-json\/wp\/v2\/product"}],"about":[{"href":"https:\/\/xenonkungen.com\/fi\/wp-json\/wp\/v2\/types\/product"}],"replies":[{"embeddable":true,"href":"https:\/\/xenonkungen.com\/fi\/wp-json\/wp\/v2\/comments?post=6985"}],"wp:featuredmedia":[{"embeddable":true,"href":"https:\/\/xenonkungen.com\/fi\/wp-json\/wp\/v2\/media\/6986"}],"wp:attachment":[{"href":"https:\/\/xenonkungen.com\/fi\/wp-json\/wp\/v2\/media?parent=6985"}],"wp:term":[{"taxonomy":"anvandningsomrade","embeddable":true,"href":"https:\/\/xenonkungen.com\/fi\/wp-json\/wp\/v2\/anvandningsomrade?post=6985"},{"taxonomy":"bilmarken","embeddable":true,"href":"https:\/\/xenonkungen.com\/fi\/wp-json\/wp\/v2\/bilmarken?post=6985"},{"taxonomy":"product_brand","embeddable":true,"href":"https:\/\/xenonkungen.com\/fi\/wp-json\/wp\/v2\/product_brand?post=6985"},{"taxonomy":"product_cat","embeddable":true,"href":"https:\/\/xenonkungen.com\/fi\/wp-json\/wp\/v2\/product_cat?post=6985"},{"taxonomy":"product_tag","embeddable":true,"href":"https:\/\/xenonkungen.com\/fi\/wp-json\/wp\/v2\/product_tag?post=6985"}],"curies":[{"name":"wp","href":"https:\/\/api.w.org\/{rel}","templated":true}]}}