{"id":7025,"date":"2025-04-15T09:51:47","date_gmt":"2025-04-15T09:51:47","guid":{"rendered":"https:\/\/xenonkungen.com\/product\/abs-markeringsljus-4led-gron\/"},"modified":"2026-04-11T00:46:01","modified_gmt":"2026-04-10T23:46:01","slug":"abs-merkkivalo-4-ledia-vihrea","status":"publish","type":"product","link":"https:\/\/xenonkungen.com\/fi\/tuote\/abs-merkkivalo-4-ledia-vihrea\/","title":{"rendered":"ABS merkkivalo 4LED vihre\u00e4"},"content":{"rendered":"<h1>Hienostunut musta LED-merkkivalo<\/h1>\n<p>T\u00e4m\u00e4 moderni LED-merkkivalo, jossa on tyylik\u00e4s musta kehys, on t\u00e4ydellinen lis\u00e4 kaikkiin ajoneuvoihin, jotka etsiv\u00e4t tyylin ja toimivuuden yhdistelm\u00e4\u00e4. Nelj\u00e4 tehokasta LEDi\u00e4 tarjoavat kirkkaan ja selke\u00e4n valaistuksen, ja t\u00e4m\u00e4 valo on suunniteltu parantamaan n\u00e4kyvyytt\u00e4 ja turvallisuutta.<\/p>\n<h2>Tekniset tiedot:<\/h2>\n<ul>\n<li><span class=\"highlight\">LED-laitteet:<\/span> 4 kirkasta LED-valoa<\/li>\n<li><span class=\"highlight\">Arkku:<\/span> Elegantit mustat viimeistelyt<\/li>\n<li><span class=\"highlight\">Materiaali:<\/span> Kest\u00e4v\u00e4\u00e4 ABS-muovia<\/li>\n<li><span class=\"highlight\">Suojelu:<\/span> Tiivistetty elektroniikka<\/li>\n<\/ul>\n<h2>Ominaisuudet:<\/h2>\n<ul>\n<li>Suuri valaistusteho nelj\u00e4ll\u00e4 kirkkaalla LED-valolla<\/li>\n<li>Moderni ja elegantti muotoilu mustalla kehyksell\u00e4<\/li>\n<li>Kest\u00e4v\u00e4 ABS-muovista valmistettu kest\u00e4v\u00e4 rakenne<\/li>\n<li>Optimaalinen suorituskyky kaikissa s\u00e4\u00e4olosuhteissa vuotamattoman elektroniikan ansiosta<\/li>\n<\/ul>","protected":false},"excerpt":{"rendered":"<p>Sofistikerad Svart LED Markeringslampa Denna moderna LED markeringslampa, inramad i en elegant svart sarg, \u00e4r den perfekta till\u00e4gget f\u00f6r alla fordonstyper som s\u00f6ker en kombination av stil och funktion. Med fyra kraftfulla LED-ljus som ger en klar och tydlig belysning, \u00e4r denna lampa utformad f\u00f6r att f\u00f6rb\u00e4ttra synligheten och s\u00e4kerheten. Specifikationer: LED-enheter: 4 ljusstarka LED-ljus [&hellip;]<\/p>","protected":false},"featured_media":7026,"comment_status":"closed","ping_status":"open","template":"","meta":{"_acf_changed":false,"_smort_price_nok":"299","_smort_price_dkk":"190","_smort_price_eur":"25.45","_smort_sale_price_nok":"","_smort_sale_price_dkk":"","_smort_sale_price_eur":"","smort_restorder":"","shipmondo_restorder":"","_kad_blocks_custom_css":"","_kad_blocks_head_custom_js":"","_kad_blocks_body_custom_js":"","_kad_blocks_footer_custom_js":"","smort_custom_pricelist_1":"156.8","smort_custom_pricelist_2":"156.8","smort_custom_pricelist_3":"148.96","smort_custom_pricelist_4":"224","smort_custom_pricelist_5":"156.8"},"anvandningsomrade":[166,238,2816],"bilmarken":[],"product_brand":[1252],"product_cat":[2478],"product_tag":[],"class_list":{"0":"post-7025","1":"product","2":"type-product","3":"status-publish","4":"has-post-thumbnail","6":"anvandningsomrade-lastbil","7":"anvandningsomrade-slap","8":"anvandningsomrade-trailer","9":"product_brand-lea","10":"product_cat-positionsljus-slap","11":"pa_fuktskydd-varde-ipxx-ip67","12":"pa_godkannande-ece-r10","13":"pa_storlek-mm-58x35x19","14":"pa_stromforbrukning-002a-28v","15":"pa_stromforbrukning-004a-138v","16":"pa_volt-v-12-24","18":"first","19":"instock","20":"taxable","21":"shipping-taxable","22":"purchasable","23":"product-type-simple"},"bundled_by":[],"bundle_stock_status":"instock","bundle_stock_quantity":3,"bundle_virtual":false,"bundle_layout":"","bundle_add_to_cart_form_location":"","bundle_editable_in_cart":false,"bundle_sold_individually_context":"","bundle_item_grouping":"","bundle_min_size":"","bundle_max_size":"","bundle_price":[],"bundled_items":[],"bundle_sell_ids":[],"acf":[],"yoast_head":"<!-- This site is optimized with the Yoast SEO plugin v27.0 - https:\/\/yoast.com\/product\/yoast-seo-wordpress\/ -->\n<title>ABS Markeringsljus 4LED Gr\u00f6n - Xenonkungen<\/title>\n<meta name=\"robots\" content=\"index, follow, max-snippet:-1, max-image-preview:large, max-video-preview:-1\" \/>\n<link rel=\"canonical\" href=\"https:\/\/xenonkungen.com\/fi\/tuote\/abs-merkkivalo-4-ledia-vihrea\/\" \/>\n<meta property=\"og:locale\" content=\"fi_FI\" \/>\n<meta property=\"og:type\" content=\"article\" \/>\n<meta property=\"og:title\" content=\"ABS Markeringsljus 4LED Gr\u00f6n - Xenonkungen\" \/>\n<meta property=\"og:description\" content=\"Sofistikerad Svart LED Markeringslampa Denna moderna LED markeringslampa, inramad i en elegant svart sarg, \u00e4r den perfekta till\u00e4gget f\u00f6r alla fordonstyper som s\u00f6ker en kombination av stil och funktion. Med fyra kraftfulla LED-ljus som ger en klar och tydlig belysning, \u00e4r denna lampa utformad f\u00f6r att f\u00f6rb\u00e4ttra synligheten och s\u00e4kerheten. Specifikationer: LED-enheter: 4 ljusstarka LED-ljus [&hellip;]\" \/>\n<meta property=\"og:url\" content=\"https:\/\/xenonkungen.com\/fi\/tuote\/abs-merkkivalo-4-ledia-vihrea\/\" \/>\n<meta property=\"og:site_name\" content=\"Xenonkungen\" \/>\n<meta property=\"article:modified_time\" content=\"2026-04-10T23:46:01+00:00\" \/>\n<meta property=\"og:image\" content=\"https:\/\/xenonkungen.com\/wp-content\/uploads\/2025\/04\/7324253-origpic-750cdb.jpg\" \/>\n\t<meta property=\"og:image:width\" content=\"600\" \/>\n\t<meta property=\"og:image:height\" content=\"600\" \/>\n\t<meta property=\"og:image:type\" content=\"image\/jpeg\" \/>\n<meta name=\"twitter:card\" content=\"summary_large_image\" \/>\n<meta name=\"twitter:label1\" content=\"Arvioitu lukuaika\" \/>\n\t<meta name=\"twitter:data1\" content=\"1 minuutti\" \/>\n<script type=\"application\/ld+json\" class=\"yoast-schema-graph\">{\"@context\":\"https:\/\/schema.org\",\"@graph\":[{\"@type\":\"WebPage\",\"@id\":\"https:\/\/xenonkungen.com\/produkt\/abs-markeringsljus-4led-gron\/\",\"url\":\"https:\/\/xenonkungen.com\/produkt\/abs-markeringsljus-4led-gron\/\",\"name\":\"ABS Markeringsljus 4LED Gr\u00f6n - Xenonkungen\",\"isPartOf\":{\"@id\":\"https:\/\/xenonkungen.com\/#website\"},\"primaryImageOfPage\":{\"@id\":\"https:\/\/xenonkungen.com\/produkt\/abs-markeringsljus-4led-gron\/#primaryimage\"},\"image\":{\"@id\":\"https:\/\/xenonkungen.com\/produkt\/abs-markeringsljus-4led-gron\/#primaryimage\"},\"thumbnailUrl\":\"https:\/\/xenonkungen.com\/wp-content\/uploads\/2025\/04\/7324253-origpic-750cdb.jpg\",\"datePublished\":\"2025-04-15T09:51:47+00:00\",\"dateModified\":\"2026-04-10T23:46:01+00:00\",\"breadcrumb\":{\"@id\":\"https:\/\/xenonkungen.com\/produkt\/abs-markeringsljus-4led-gron\/#breadcrumb\"},\"inLanguage\":\"fi\",\"potentialAction\":[{\"@type\":\"ReadAction\",\"target\":[\"https:\/\/xenonkungen.com\/produkt\/abs-markeringsljus-4led-gron\/\"]}]},{\"@type\":\"ImageObject\",\"inLanguage\":\"fi\",\"@id\":\"https:\/\/xenonkungen.com\/produkt\/abs-markeringsljus-4led-gron\/#primaryimage\",\"url\":\"https:\/\/xenonkungen.com\/wp-content\/uploads\/2025\/04\/7324253-origpic-750cdb.jpg\",\"contentUrl\":\"https:\/\/xenonkungen.com\/wp-content\/uploads\/2025\/04\/7324253-origpic-750cdb.jpg\",\"width\":600,\"height\":600},{\"@type\":\"BreadcrumbList\",\"@id\":\"https:\/\/xenonkungen.com\/produkt\/abs-markeringsljus-4led-gron\/#breadcrumb\",\"itemListElement\":[{\"@type\":\"ListItem\",\"position\":1,\"name\":\"Hem\",\"item\":\"https:\/\/xenonkungen.com\/\"},{\"@type\":\"ListItem\",\"position\":2,\"name\":\"Shop\",\"item\":\"https:\/\/xenonkungen.com\/shop\/\"},{\"@type\":\"ListItem\",\"position\":3,\"name\":\"ABS Markeringsljus 4LED Gr\u00f6n\"}]},{\"@type\":\"WebSite\",\"@id\":\"https:\/\/xenonkungen.com\/#website\",\"url\":\"https:\/\/xenonkungen.com\/\",\"name\":\"Xenonkungen\",\"description\":\"\",\"potentialAction\":[{\"@type\":\"SearchAction\",\"target\":{\"@type\":\"EntryPoint\",\"urlTemplate\":\"https:\/\/xenonkungen.com\/?s={search_term_string}\"},\"query-input\":{\"@type\":\"PropertyValueSpecification\",\"valueRequired\":true,\"valueName\":\"search_term_string\"}}],\"inLanguage\":\"fi\"}]}<\/script>\n<!-- \/ Yoast SEO plugin. -->","yoast_head_json":{"title":"ABS-merkkivalo 4LED vihre\u00e4 - Xenonkungen","robots":{"index":"index","follow":"follow","max-snippet":"max-snippet:-1","max-image-preview":"max-image-preview:large","max-video-preview":"max-video-preview:-1"},"canonical":"https:\/\/xenonkungen.com\/fi\/tuote\/abs-merkkivalo-4-ledia-vihrea\/","og_locale":"fi_FI","og_type":"article","og_title":"ABS Markeringsljus 4LED Gr\u00f6n - Xenonkungen","og_description":"Sofistikerad Svart LED Markeringslampa Denna moderna LED markeringslampa, inramad i en elegant svart sarg, \u00e4r den perfekta till\u00e4gget f\u00f6r alla fordonstyper som s\u00f6ker en kombination av stil och funktion. Med fyra kraftfulla LED-ljus som ger en klar och tydlig belysning, \u00e4r denna lampa utformad f\u00f6r att f\u00f6rb\u00e4ttra synligheten och s\u00e4kerheten. Specifikationer: LED-enheter: 4 ljusstarka LED-ljus [&hellip;]","og_url":"https:\/\/xenonkungen.com\/fi\/tuote\/abs-merkkivalo-4-ledia-vihrea\/","og_site_name":"Xenonkungen","article_modified_time":"2026-04-10T23:46:01+00:00","og_image":[{"width":600,"height":600,"url":"https:\/\/xenonkungen.com\/wp-content\/uploads\/2025\/04\/7324253-origpic-750cdb.jpg","type":"image\/jpeg"}],"twitter_card":"summary_large_image","twitter_misc":{"Arvioitu lukuaika":"1 minuutti"},"schema":{"@context":"https:\/\/schema.org","@graph":[{"@type":"WebPage","@id":"https:\/\/xenonkungen.com\/produkt\/abs-markeringsljus-4led-gron\/","url":"https:\/\/xenonkungen.com\/produkt\/abs-markeringsljus-4led-gron\/","name":"ABS-merkkivalo 4LED vihre\u00e4 - Xenonkungen","isPartOf":{"@id":"https:\/\/xenonkungen.com\/#website"},"primaryImageOfPage":{"@id":"https:\/\/xenonkungen.com\/produkt\/abs-markeringsljus-4led-gron\/#primaryimage"},"image":{"@id":"https:\/\/xenonkungen.com\/produkt\/abs-markeringsljus-4led-gron\/#primaryimage"},"thumbnailUrl":"https:\/\/xenonkungen.com\/wp-content\/uploads\/2025\/04\/7324253-origpic-750cdb.jpg","datePublished":"2025-04-15T09:51:47+00:00","dateModified":"2026-04-10T23:46:01+00:00","breadcrumb":{"@id":"https:\/\/xenonkungen.com\/produkt\/abs-markeringsljus-4led-gron\/#breadcrumb"},"inLanguage":"fi","potentialAction":[{"@type":"ReadAction","target":["https:\/\/xenonkungen.com\/produkt\/abs-markeringsljus-4led-gron\/"]}]},{"@type":"ImageObject","inLanguage":"fi","@id":"https:\/\/xenonkungen.com\/produkt\/abs-markeringsljus-4led-gron\/#primaryimage","url":"https:\/\/xenonkungen.com\/wp-content\/uploads\/2025\/04\/7324253-origpic-750cdb.jpg","contentUrl":"https:\/\/xenonkungen.com\/wp-content\/uploads\/2025\/04\/7324253-origpic-750cdb.jpg","width":600,"height":600},{"@type":"BreadcrumbList","@id":"https:\/\/xenonkungen.com\/produkt\/abs-markeringsljus-4led-gron\/#breadcrumb","itemListElement":[{"@type":"ListItem","position":1,"name":"Hem","item":"https:\/\/xenonkungen.com\/"},{"@type":"ListItem","position":2,"name":"Shop","item":"https:\/\/xenonkungen.com\/shop\/"},{"@type":"ListItem","position":3,"name":"ABS Markeringsljus 4LED Gr\u00f6n"}]},{"@type":"WebSite","@id":"https:\/\/xenonkungen.com\/#website","url":"https:\/\/xenonkungen.com\/","name":"Xenonkungen","description":"","potentialAction":[{"@type":"SearchAction","target":{"@type":"EntryPoint","urlTemplate":"https:\/\/xenonkungen.com\/?s={search_term_string}"},"query-input":{"@type":"PropertyValueSpecification","valueRequired":true,"valueName":"search_term_string"}}],"inLanguage":"fi"}]}},"taxonomy_info":{"anvandningsomrade":[{"value":166,"label":"Lastbil"},{"value":238,"label":"SL\u00c4P"},{"value":2816,"label":"TRAILER"}],"product_brand":[{"value":1252,"label":"LEA"}],"product_cat":[{"value":2478,"label":"Positionsljus"}],"pa_fuktskydd-varde-ipxx":[{"value":333,"label":"IP67"}],"pa_godkannande":[{"value":966,"label":"ECE, R10"}],"pa_storlek-mm":[{"value":1868,"label":"58x35x19"}],"pa_stromforbrukning":[{"value":1874,"label":"0,02A @28V"},{"value":1871,"label":"0,04A @13,8V"}],"pa_volt-v":[{"value":348,"label":"12, 24"}]},"featured_image_src_large":["https:\/\/xenonkungen.com\/wp-content\/uploads\/2025\/04\/7324253-origpic-750cdb.jpg",600,600,false],"author_info":[],"comment_info":0,"_links":{"self":[{"href":"https:\/\/xenonkungen.com\/fi\/wp-json\/wp\/v2\/product\/7025","targetHints":{"allow":["GET"]}}],"collection":[{"href":"https:\/\/xenonkungen.com\/fi\/wp-json\/wp\/v2\/product"}],"about":[{"href":"https:\/\/xenonkungen.com\/fi\/wp-json\/wp\/v2\/types\/product"}],"replies":[{"embeddable":true,"href":"https:\/\/xenonkungen.com\/fi\/wp-json\/wp\/v2\/comments?post=7025"}],"wp:featuredmedia":[{"embeddable":true,"href":"https:\/\/xenonkungen.com\/fi\/wp-json\/wp\/v2\/media\/7026"}],"wp:attachment":[{"href":"https:\/\/xenonkungen.com\/fi\/wp-json\/wp\/v2\/media?parent=7025"}],"wp:term":[{"taxonomy":"anvandningsomrade","embeddable":true,"href":"https:\/\/xenonkungen.com\/fi\/wp-json\/wp\/v2\/anvandningsomrade?post=7025"},{"taxonomy":"bilmarken","embeddable":true,"href":"https:\/\/xenonkungen.com\/fi\/wp-json\/wp\/v2\/bilmarken?post=7025"},{"taxonomy":"product_brand","embeddable":true,"href":"https:\/\/xenonkungen.com\/fi\/wp-json\/wp\/v2\/product_brand?post=7025"},{"taxonomy":"product_cat","embeddable":true,"href":"https:\/\/xenonkungen.com\/fi\/wp-json\/wp\/v2\/product_cat?post=7025"},{"taxonomy":"product_tag","embeddable":true,"href":"https:\/\/xenonkungen.com\/fi\/wp-json\/wp\/v2\/product_tag?post=7025"}],"curies":[{"name":"wp","href":"https:\/\/api.w.org\/{rel}","templated":true}]}}