{"id":7094,"date":"2025-04-15T09:52:22","date_gmt":"2025-04-15T09:52:22","guid":{"rendered":"https:\/\/xenonkungen.com\/product\/lampsarg-380mmvit\/"},"modified":"2026-04-11T00:47:14","modified_gmt":"2026-04-10T23:47:14","slug":"lampun-runko-380-mm-valkoinen","status":"publish","type":"product","link":"https:\/\/xenonkungen.com\/fi\/tuote\/lampun-runko-380-mm-valkoinen\/","title":{"rendered":"Valaisimen runko 380mm|valkoinen"},"content":{"rendered":"<h1>Valkoinen lampunvarjostin nauhalamppusarjaan 380<\/h1>\n<p>T\u00e4m\u00e4 valkoinen valaisinkehys on suunniteltu t\u00e4ydent\u00e4m\u00e4\u00e4n nauhalamppusarja 380:t\u00e4, ja se tarjoaa tyylikk\u00e4\u00e4n ja huomaamattoman kiinnitysratkaisun. Sen kest\u00e4v\u00e4 rakenne takaa pitk\u00e4aikaisen k\u00e4yt\u00f6n ja sopii t\u00e4ydellisesti korostamaan ja suojaamaan ajoneuvojen valaistusta.<\/p>\n<h2>Tekniset tiedot:<\/h2>\n<ul>\n<li><strong>V\u00e4ri:<\/strong> Valkoinen, puhdasta ja modernia ilmett\u00e4 varten.<\/li>\n<li><strong>Yhteensopivuus:<\/strong> Suunniteltu erityisesti nauhalamppusarjaan 380.<\/li>\n<li><strong>Materiaali:<\/strong> Valmistettu laadukkaista materiaaleista kest\u00e4vyyden ja pitk\u00e4aikaisen suojan takaamiseksi.<\/li>\n<li><strong>Suunnittelu:<\/strong> Minimalistinen muotoilu, joka sopii hyvin yhteen ajoneuvon estetiikan kanssa.<\/li>\n<li><strong>K\u00e4yt\u00e4:<\/strong> Soveltuu sek\u00e4 ajoneuvojen sis\u00e4- ett\u00e4 ulkopuoliseen asennukseen.<\/li>\n<\/ul>\n<h2>Ominaisuudet ja edut:<\/h2>\n<ul>\n<li><strong>Esteettinen parannus:<\/strong> Korostaa valaistuksen ulkon\u00e4k\u00f6\u00e4 ja t\u00e4ydent\u00e4\u00e4 ajoneuvon estetiikkaa.<\/li>\n<li><strong>Vankka suojaus:<\/strong> Suojaa nauhalamppusarja 380:n p\u00f6lylt\u00e4 ja iskuilta.<\/li>\n<li><strong>Helppo koota:<\/strong> Suunniteltu helppoa ja sujuvaa asennusta varten.<\/li>\n<li><strong>Monipuolisuus:<\/strong> Voidaan k\u00e4ytt\u00e4\u00e4 monenlaisissa ajoneuvoissa, my\u00f6s ty\u00f6- ja matkailuajoneuvoissa.<\/li>\n<li><strong>Pitk\u00e4aikainen k\u00e4ytt\u00f6:<\/strong> Valmistettu laadukkaista materiaaleista, jotka kest\u00e4v\u00e4t ankaria s\u00e4\u00e4olosuhteita.<\/li>\n<\/ul>","protected":false},"excerpt":{"rendered":"<p>Vit Lampsarg f\u00f6r Strip Lamp Serie 380 Designad f\u00f6r att komplementera Strip Lamp serie 380, denna vita lampsarg erbjuder en stilren och diskret monteringsl\u00f6sning. Dess h\u00e5llbara utf\u00f6rande s\u00e4kerst\u00e4ller l\u00e5ngvarig anv\u00e4ndning och \u00e4r perfekt f\u00f6r att framh\u00e4va och skydda din belysning p\u00e5 fordon. Specifikationer: F\u00e4rg: Vit, f\u00f6r en ren och modern look. Kompatibilitet: Specifikt utformad f\u00f6r [&hellip;]<\/p>","protected":false},"featured_media":7095,"comment_status":"closed","ping_status":"open","template":"","meta":{"_acf_changed":false,"_smort_price_nok":"64","_smort_price_dkk":"41","_smort_price_eur":"5.45","_smort_sale_price_nok":"","_smort_sale_price_dkk":"","_smort_sale_price_eur":"","smort_restorder":"","shipmondo_restorder":"","_kad_blocks_custom_css":"","_kad_blocks_head_custom_js":"","_kad_blocks_body_custom_js":"","_kad_blocks_footer_custom_js":"","smort_custom_pricelist_1":"33.6","smort_custom_pricelist_2":"33.6","smort_custom_pricelist_3":"31.92","smort_custom_pricelist_4":"48","smort_custom_pricelist_5":"33.6"},"anvandningsomrade":[166,238,2816],"bilmarken":[],"product_brand":[1252],"product_cat":[2583],"product_tag":[],"class_list":{"0":"post-7094","1":"product","2":"type-product","3":"status-publish","4":"has-post-thumbnail","6":"anvandningsomrade-lastbil","7":"anvandningsomrade-slap","8":"anvandningsomrade-trailer","9":"product_brand-lea","10":"product_cat-lampsarg-slap","12":"first","13":"onbackorder","14":"taxable","15":"shipping-taxable","16":"purchasable","17":"product-type-simple"},"bundled_by":[],"bundle_stock_status":"onbackorder","bundle_stock_quantity":0,"bundle_virtual":false,"bundle_layout":"","bundle_add_to_cart_form_location":"","bundle_editable_in_cart":false,"bundle_sold_individually_context":"","bundle_item_grouping":"","bundle_min_size":"","bundle_max_size":"","bundle_price":[],"bundled_items":[],"bundle_sell_ids":[],"acf":[],"yoast_head":"<!-- This site is optimized with the Yoast SEO plugin v27.0 - https:\/\/yoast.com\/product\/yoast-seo-wordpress\/ -->\n<title>Lampsarg 380mm|Vit - Xenonkungen<\/title>\n<meta name=\"robots\" content=\"index, follow, max-snippet:-1, max-image-preview:large, max-video-preview:-1\" \/>\n<link rel=\"canonical\" href=\"https:\/\/xenonkungen.com\/fi\/tuote\/lampun-runko-380-mm-valkoinen\/\" \/>\n<meta property=\"og:locale\" content=\"fi_FI\" \/>\n<meta property=\"og:type\" content=\"article\" \/>\n<meta property=\"og:title\" content=\"Lampsarg 380mm|Vit - Xenonkungen\" \/>\n<meta property=\"og:description\" content=\"Vit Lampsarg f\u00f6r Strip Lamp Serie 380 Designad f\u00f6r att komplementera Strip Lamp serie 380, denna vita lampsarg erbjuder en stilren och diskret monteringsl\u00f6sning. Dess h\u00e5llbara utf\u00f6rande s\u00e4kerst\u00e4ller l\u00e5ngvarig anv\u00e4ndning och \u00e4r perfekt f\u00f6r att framh\u00e4va och skydda din belysning p\u00e5 fordon. Specifikationer: F\u00e4rg: Vit, f\u00f6r en ren och modern look. Kompatibilitet: Specifikt utformad f\u00f6r [&hellip;]\" \/>\n<meta property=\"og:url\" content=\"https:\/\/xenonkungen.com\/fi\/tuote\/lampun-runko-380-mm-valkoinen\/\" \/>\n<meta property=\"og:site_name\" content=\"Xenonkungen\" \/>\n<meta property=\"article:modified_time\" content=\"2026-04-10T23:47:14+00:00\" \/>\n<meta property=\"og:image\" content=\"https:\/\/xenonkungen.com\/wp-content\/uploads\/2025\/04\/380W1B-800x800-1.jpg\" \/>\n\t<meta property=\"og:image:width\" content=\"800\" \/>\n\t<meta property=\"og:image:height\" content=\"800\" \/>\n\t<meta property=\"og:image:type\" content=\"image\/jpeg\" \/>\n<meta name=\"twitter:card\" content=\"summary_large_image\" \/>\n<meta name=\"twitter:label1\" content=\"Arvioitu lukuaika\" \/>\n\t<meta name=\"twitter:data1\" content=\"1 minuutti\" \/>\n<script type=\"application\/ld+json\" class=\"yoast-schema-graph\">{\"@context\":\"https:\/\/schema.org\",\"@graph\":[{\"@type\":\"WebPage\",\"@id\":\"https:\/\/xenonkungen.com\/fi\/tuote\/lampsarg-380mmvit\/\",\"url\":\"https:\/\/xenonkungen.com\/fi\/tuote\/lampsarg-380mmvit\/\",\"name\":\"Lampsarg 380mm|Vit - Xenonkungen\",\"isPartOf\":{\"@id\":\"https:\/\/xenonkungen.com\/#website\"},\"primaryImageOfPage\":{\"@id\":\"https:\/\/xenonkungen.com\/fi\/tuote\/lampsarg-380mmvit\/#primaryimage\"},\"image\":{\"@id\":\"https:\/\/xenonkungen.com\/fi\/tuote\/lampsarg-380mmvit\/#primaryimage\"},\"thumbnailUrl\":\"https:\/\/xenonkungen.com\/wp-content\/uploads\/2025\/04\/380W1B-800x800-1.jpg\",\"datePublished\":\"2025-04-15T09:52:22+00:00\",\"dateModified\":\"2026-04-10T23:47:14+00:00\",\"breadcrumb\":{\"@id\":\"https:\/\/xenonkungen.com\/fi\/tuote\/lampsarg-380mmvit\/#breadcrumb\"},\"inLanguage\":\"fi\",\"potentialAction\":[{\"@type\":\"ReadAction\",\"target\":[\"https:\/\/xenonkungen.com\/fi\/tuote\/lampsarg-380mmvit\/\"]}]},{\"@type\":\"ImageObject\",\"inLanguage\":\"fi\",\"@id\":\"https:\/\/xenonkungen.com\/fi\/tuote\/lampsarg-380mmvit\/#primaryimage\",\"url\":\"https:\/\/xenonkungen.com\/wp-content\/uploads\/2025\/04\/380W1B-800x800-1.jpg\",\"contentUrl\":\"https:\/\/xenonkungen.com\/wp-content\/uploads\/2025\/04\/380W1B-800x800-1.jpg\",\"width\":800,\"height\":800},{\"@type\":\"BreadcrumbList\",\"@id\":\"https:\/\/xenonkungen.com\/fi\/tuote\/lampsarg-380mmvit\/#breadcrumb\",\"itemListElement\":[{\"@type\":\"ListItem\",\"position\":1,\"name\":\"Hem\",\"item\":\"https:\/\/xenonkungen.com\/\"},{\"@type\":\"ListItem\",\"position\":2,\"name\":\"Shop\",\"item\":\"https:\/\/xenonkungen.com\/shop\/\"},{\"@type\":\"ListItem\",\"position\":3,\"name\":\"Lampsarg 380mm|Vit\"}]},{\"@type\":\"WebSite\",\"@id\":\"https:\/\/xenonkungen.com\/#website\",\"url\":\"https:\/\/xenonkungen.com\/\",\"name\":\"Xenonkungen\",\"description\":\"\",\"potentialAction\":[{\"@type\":\"SearchAction\",\"target\":{\"@type\":\"EntryPoint\",\"urlTemplate\":\"https:\/\/xenonkungen.com\/?s={search_term_string}\"},\"query-input\":{\"@type\":\"PropertyValueSpecification\",\"valueRequired\":true,\"valueName\":\"search_term_string\"}}],\"inLanguage\":\"fi\"}]}<\/script>\n<!-- \/ Yoast SEO plugin. -->","yoast_head_json":{"title":"Lampun kehys 380 mm | Valkoinen - Xenon King","robots":{"index":"index","follow":"follow","max-snippet":"max-snippet:-1","max-image-preview":"max-image-preview:large","max-video-preview":"max-video-preview:-1"},"canonical":"https:\/\/xenonkungen.com\/fi\/tuote\/lampun-runko-380-mm-valkoinen\/","og_locale":"fi_FI","og_type":"article","og_title":"Lampsarg 380mm|Vit - Xenonkungen","og_description":"Vit Lampsarg f\u00f6r Strip Lamp Serie 380 Designad f\u00f6r att komplementera Strip Lamp serie 380, denna vita lampsarg erbjuder en stilren och diskret monteringsl\u00f6sning. Dess h\u00e5llbara utf\u00f6rande s\u00e4kerst\u00e4ller l\u00e5ngvarig anv\u00e4ndning och \u00e4r perfekt f\u00f6r att framh\u00e4va och skydda din belysning p\u00e5 fordon. Specifikationer: F\u00e4rg: Vit, f\u00f6r en ren och modern look. Kompatibilitet: Specifikt utformad f\u00f6r [&hellip;]","og_url":"https:\/\/xenonkungen.com\/fi\/tuote\/lampun-runko-380-mm-valkoinen\/","og_site_name":"Xenonkungen","article_modified_time":"2026-04-10T23:47:14+00:00","og_image":[{"width":800,"height":800,"url":"https:\/\/xenonkungen.com\/wp-content\/uploads\/2025\/04\/380W1B-800x800-1.jpg","type":"image\/jpeg"}],"twitter_card":"summary_large_image","twitter_misc":{"Arvioitu lukuaika":"1 minuutti"},"schema":{"@context":"https:\/\/schema.org","@graph":[{"@type":"WebPage","@id":"https:\/\/xenonkungen.com\/fi\/tuote\/lampsarg-380mmvit\/","url":"https:\/\/xenonkungen.com\/fi\/tuote\/lampsarg-380mmvit\/","name":"Lampun kehys 380 mm | Valkoinen - Xenon King","isPartOf":{"@id":"https:\/\/xenonkungen.com\/#website"},"primaryImageOfPage":{"@id":"https:\/\/xenonkungen.com\/fi\/tuote\/lampsarg-380mmvit\/#primaryimage"},"image":{"@id":"https:\/\/xenonkungen.com\/fi\/tuote\/lampsarg-380mmvit\/#primaryimage"},"thumbnailUrl":"https:\/\/xenonkungen.com\/wp-content\/uploads\/2025\/04\/380W1B-800x800-1.jpg","datePublished":"2025-04-15T09:52:22+00:00","dateModified":"2026-04-10T23:47:14+00:00","breadcrumb":{"@id":"https:\/\/xenonkungen.com\/fi\/tuote\/lampsarg-380mmvit\/#breadcrumb"},"inLanguage":"fi","potentialAction":[{"@type":"ReadAction","target":["https:\/\/xenonkungen.com\/fi\/tuote\/lampsarg-380mmvit\/"]}]},{"@type":"ImageObject","inLanguage":"fi","@id":"https:\/\/xenonkungen.com\/fi\/tuote\/lampsarg-380mmvit\/#primaryimage","url":"https:\/\/xenonkungen.com\/wp-content\/uploads\/2025\/04\/380W1B-800x800-1.jpg","contentUrl":"https:\/\/xenonkungen.com\/wp-content\/uploads\/2025\/04\/380W1B-800x800-1.jpg","width":800,"height":800},{"@type":"BreadcrumbList","@id":"https:\/\/xenonkungen.com\/fi\/tuote\/lampsarg-380mmvit\/#breadcrumb","itemListElement":[{"@type":"ListItem","position":1,"name":"Hem","item":"https:\/\/xenonkungen.com\/"},{"@type":"ListItem","position":2,"name":"Shop","item":"https:\/\/xenonkungen.com\/shop\/"},{"@type":"ListItem","position":3,"name":"Lampsarg 380mm|Vit"}]},{"@type":"WebSite","@id":"https:\/\/xenonkungen.com\/#website","url":"https:\/\/xenonkungen.com\/","name":"Xenonkungen","description":"","potentialAction":[{"@type":"SearchAction","target":{"@type":"EntryPoint","urlTemplate":"https:\/\/xenonkungen.com\/?s={search_term_string}"},"query-input":{"@type":"PropertyValueSpecification","valueRequired":true,"valueName":"search_term_string"}}],"inLanguage":"fi"}]}},"taxonomy_info":{"anvandningsomrade":[{"value":166,"label":"Lastbil"},{"value":238,"label":"SL\u00c4P"},{"value":2816,"label":"TRAILER"}],"product_brand":[{"value":1252,"label":"LEA"}],"product_cat":[{"value":2583,"label":"Lampsarg"}]},"featured_image_src_large":["https:\/\/xenonkungen.com\/wp-content\/uploads\/2025\/04\/380W1B-800x800-1.jpg",800,800,false],"author_info":[],"comment_info":0,"_links":{"self":[{"href":"https:\/\/xenonkungen.com\/fi\/wp-json\/wp\/v2\/product\/7094","targetHints":{"allow":["GET"]}}],"collection":[{"href":"https:\/\/xenonkungen.com\/fi\/wp-json\/wp\/v2\/product"}],"about":[{"href":"https:\/\/xenonkungen.com\/fi\/wp-json\/wp\/v2\/types\/product"}],"replies":[{"embeddable":true,"href":"https:\/\/xenonkungen.com\/fi\/wp-json\/wp\/v2\/comments?post=7094"}],"wp:featuredmedia":[{"embeddable":true,"href":"https:\/\/xenonkungen.com\/fi\/wp-json\/wp\/v2\/media\/7095"}],"wp:attachment":[{"href":"https:\/\/xenonkungen.com\/fi\/wp-json\/wp\/v2\/media?parent=7094"}],"wp:term":[{"taxonomy":"anvandningsomrade","embeddable":true,"href":"https:\/\/xenonkungen.com\/fi\/wp-json\/wp\/v2\/anvandningsomrade?post=7094"},{"taxonomy":"bilmarken","embeddable":true,"href":"https:\/\/xenonkungen.com\/fi\/wp-json\/wp\/v2\/bilmarken?post=7094"},{"taxonomy":"product_brand","embeddable":true,"href":"https:\/\/xenonkungen.com\/fi\/wp-json\/wp\/v2\/product_brand?post=7094"},{"taxonomy":"product_cat","embeddable":true,"href":"https:\/\/xenonkungen.com\/fi\/wp-json\/wp\/v2\/product_cat?post=7094"},{"taxonomy":"product_tag","embeddable":true,"href":"https:\/\/xenonkungen.com\/fi\/wp-json\/wp\/v2\/product_tag?post=7094"}],"curies":[{"name":"wp","href":"https:\/\/api.w.org\/{rel}","templated":true}]}}