{"id":7107,"date":"2025-04-15T09:52:30","date_gmt":"2025-04-15T09:52:30","guid":{"rendered":"https:\/\/xenonkungen.com\/product\/sidomarkeringslampa-med-integrerad-cat-5-indikator-reflex\/"},"modified":"2026-04-11T00:48:27","modified_gmt":"2026-04-10T23:48:27","slug":"sivumerkkivalo-integroidulla-cat-5-vilkkuheijastimella","status":"publish","type":"product","link":"https:\/\/xenonkungen.com\/fi\/tuote\/sivumerkkivalo-integroidulla-cat-5-vilkkuheijastimella\/","title":{"rendered":"Sivuvalaisin integroidulla Cat.5 -merkkivalolla | Reflex"},"content":{"rendered":"<h2>Sivumerkkivalo integroidulla Cat.5-vilkulla ja heijastimella<\/h2>\n<p>Anna ajoneuvollesi maksimaalinen n\u00e4kyvyys ja turvallisuus meid\u00e4n avullamme <strong>sivumerkkivalo integroidulla Cat.5-vilkulla ja heijastimella<\/strong>T\u00e4m\u00e4 valo yhdist\u00e4\u00e4 tehokkaat sivumerkinn\u00e4t valaistuun sivuvilkkuun, mik\u00e4 tekee matkasta turvallisemman sek\u00e4 p\u00e4iv\u00e4ll\u00e4 ett\u00e4 y\u00f6ll\u00e4. T\u00e4ydellinen ajoneuvoille, jotka vaativat luotettavaa merkint\u00f6j\u00e4 ja keltaista varoitusvaloa, joka n\u00e4kyy selv\u00e4sti kaikissa valaistusolosuhteissa.<\/p>\n<h3>Tuotteen ominaisuudet:<\/h3>\n<ul>\n<li><strong>Valaistu sivuvilkku ja sivumerkkivalo<\/strong>Parantaa n\u00e4kyvyytt\u00e4 ja lis\u00e4\u00e4 turvallisuutta kaistanvaihdoissa ja pys\u00e4k\u00f6inniss\u00e4. Oranssit varoitusvalot tekev\u00e4t ajoneuvostasi n\u00e4kyv\u00e4n pitkien matkojen p\u00e4\u00e4st\u00e4 liikenteest\u00e4 ja s\u00e4\u00e4olosuhteista riippumatta.<\/li>\n<li><strong>Heijastin passiivista n\u00e4kyvyytt\u00e4 varten<\/strong>Heijastin parantaa n\u00e4kyvyytt\u00e4 entisest\u00e4\u00e4n heijastamalla tulevaa valoa, kun valo on sammutettu, jolloin ajoneuvo n\u00e4kyy my\u00f6s pime\u00e4ss\u00e4.<\/li>\n<li><strong>IP67-luokiteltu ja t\u00e4ysin vedenpit\u00e4v\u00e4<\/strong>IP67-luokituksen ansiosta lamppu on t\u00e4ysin suojattu p\u00f6lylt\u00e4 ja vedelt\u00e4, mik\u00e4 varmistaa sen optimaalisen toiminnan sek\u00e4 m\u00e4riss\u00e4 ett\u00e4 kuivissa olosuhteissa.<\/li>\n<li><strong>Sopii sek\u00e4 12 V ett\u00e4 24 V j\u00e4rjestelmiin<\/strong>T\u00e4m\u00e4 lamppu on yhteensopiva 12 V:n ja 24 V:n s\u00e4hk\u00f6j\u00e4rjestelmien kanssa, joten se sopii useille ajoneuvoille henkil\u00f6autoista raskaampiin kuorma-autoihin.<\/li>\n<li><strong>Pinta-asennus helppoa asennusta varten<\/strong>Helppo asentaa suoraan ajoneuvosi pinnalle sujuvaa ja turvallista asennusta varten.<\/li>\n<li><strong>Kest\u00e4v\u00e4 akryylilinssi<\/strong>Valmistettu kest\u00e4v\u00e4st\u00e4 akryylist\u00e4, joka kest\u00e4\u00e4 sek\u00e4 iskuja ett\u00e4 s\u00e4\u00e4olosuhteita, mik\u00e4 takaa pitk\u00e4n k\u00e4ytt\u00f6i\u00e4n ja kirkkaan linssin koko tuotteen k\u00e4ytt\u00f6i\u00e4n ajan.<\/li>\n<\/ul>\n<p>Valitse yksi <strong>sivumerkkivalo<\/strong> joka on tehty kest\u00e4m\u00e4\u00e4n \u2013 investointi laatuun ja turvallisuuteen valolla, joka sopii tarpeisiisi tien p\u00e4\u00e4ll\u00e4. Tilaa omasi jo t\u00e4n\u00e4\u00e4n ja koe, miten paljon premium-valaistus voi tehd\u00e4!<\/p>","protected":false},"excerpt":{"rendered":"<p>Sidomarkeringslampa med Integrerad Cat.5-indikator och Reflexreflektor Ge ditt fordon maximal synlighet och s\u00e4kerhet med v\u00e5r sidomarkeringslampa med integrerad Cat.5-indikator och reflexreflektor. Denna lampa kombinerar kraftfull sidomarkering med en belyst sidoindikator, vilket ger dig och dina medtrafikanter en tryggare resa b\u00e5de dag och natt. Perfekt f\u00f6r fordon som kr\u00e4ver p\u00e5litlig markering och orange varningsljus som syns [&hellip;]<\/p>","protected":false},"featured_media":7108,"comment_status":"closed","ping_status":"open","template":"","meta":{"_acf_changed":false,"_smort_price_nok":"240","_smort_price_dkk":"153","_smort_price_eur":"20.45","_smort_sale_price_nok":"","_smort_sale_price_dkk":"","_smort_sale_price_eur":"","smort_restorder":"","shipmondo_restorder":"","_kad_blocks_custom_css":"","_kad_blocks_head_custom_js":"","_kad_blocks_body_custom_js":"","_kad_blocks_footer_custom_js":"","smort_custom_pricelist_1":"144","smort_custom_pricelist_2":"126","smort_custom_pricelist_3":"126","smort_custom_pricelist_4":"180","smort_custom_pricelist_5":"126"},"anvandningsomrade":[166,238,2816],"bilmarken":[],"product_brand":[1252],"product_cat":[2478,2813],"product_tag":[],"class_list":{"0":"post-7107","1":"product","2":"type-product","3":"status-publish","4":"has-post-thumbnail","6":"anvandningsomrade-lastbil","7":"anvandningsomrade-slap","8":"anvandningsomrade-trailer","9":"product_brand-lea","10":"product_cat-positionsljus-slap","11":"product_cat-sido","12":"pa_fuktskydd-varde-ipxx-ip67","13":"pa_godkannande-ece-r6-c5-r91","14":"pa_storlek-mm-100x44x12","15":"pa_stromforbrukning-005a-28v","16":"pa_stromforbrukning-007a-138v","17":"pa_volt-v-12-24","19":"first","20":"onbackorder","21":"taxable","22":"shipping-taxable","23":"purchasable","24":"product-type-simple"},"bundled_by":[],"bundle_stock_status":"onbackorder","bundle_stock_quantity":0,"bundle_virtual":false,"bundle_layout":"","bundle_add_to_cart_form_location":"","bundle_editable_in_cart":false,"bundle_sold_individually_context":"","bundle_item_grouping":"","bundle_min_size":"","bundle_max_size":"","bundle_price":[],"bundled_items":[],"bundle_sell_ids":[],"acf":[],"yoast_head":"<!-- This site is optimized with the Yoast SEO plugin v27.0 - https:\/\/yoast.com\/product\/yoast-seo-wordpress\/ -->\n<title>Sidomarkeringslampa med integrerad Cat.5-indikator | Reflex - Xenonkungen<\/title>\n<meta name=\"robots\" content=\"index, follow, max-snippet:-1, max-image-preview:large, max-video-preview:-1\" \/>\n<link rel=\"canonical\" href=\"https:\/\/xenonkungen.com\/fi\/tuote\/sivumerkkivalo-integroidulla-cat-5-vilkkuheijastimella\/\" \/>\n<meta property=\"og:locale\" content=\"fi_FI\" \/>\n<meta property=\"og:type\" content=\"article\" \/>\n<meta property=\"og:title\" content=\"Sidomarkeringslampa med integrerad Cat.5-indikator | Reflex - Xenonkungen\" \/>\n<meta property=\"og:description\" content=\"Sidomarkeringslampa med Integrerad Cat.5-indikator och Reflexreflektor Ge ditt fordon maximal synlighet och s\u00e4kerhet med v\u00e5r sidomarkeringslampa med integrerad Cat.5-indikator och reflexreflektor. Denna lampa kombinerar kraftfull sidomarkering med en belyst sidoindikator, vilket ger dig och dina medtrafikanter en tryggare resa b\u00e5de dag och natt. Perfekt f\u00f6r fordon som kr\u00e4ver p\u00e5litlig markering och orange varningsljus som syns [&hellip;]\" \/>\n<meta property=\"og:url\" content=\"https:\/\/xenonkungen.com\/fi\/tuote\/sivumerkkivalo-integroidulla-cat-5-vilkkuheijastimella\/\" \/>\n<meta property=\"og:site_name\" content=\"Xenonkungen\" \/>\n<meta property=\"article:modified_time\" content=\"2026-04-10T23:48:27+00:00\" \/>\n<meta property=\"og:image\" content=\"https:\/\/xenonkungen.com\/wp-content\/uploads\/2025\/04\/44AMEC5-800x800-1.png\" \/>\n\t<meta property=\"og:image:width\" content=\"800\" \/>\n\t<meta property=\"og:image:height\" content=\"800\" \/>\n\t<meta property=\"og:image:type\" content=\"image\/png\" \/>\n<meta name=\"twitter:card\" content=\"summary_large_image\" \/>\n<meta name=\"twitter:label1\" content=\"Arvioitu lukuaika\" \/>\n\t<meta name=\"twitter:data1\" content=\"2 minuuttia\" \/>\n<script type=\"application\/ld+json\" class=\"yoast-schema-graph\">{\"@context\":\"https:\/\/schema.org\",\"@graph\":[{\"@type\":\"WebPage\",\"@id\":\"https:\/\/xenonkungen.com\/de\/produkt\/seitenmarkierungsleuchte-mit-integriertem-kat-5-blinkerreflektor\/\",\"url\":\"https:\/\/xenonkungen.com\/de\/produkt\/seitenmarkierungsleuchte-mit-integriertem-kat-5-blinkerreflektor\/\",\"name\":\"Sidomarkeringslampa med integrerad Cat.5-indikator | Reflex - Xenonkungen\",\"isPartOf\":{\"@id\":\"https:\/\/xenonkungen.com\/#website\"},\"primaryImageOfPage\":{\"@id\":\"https:\/\/xenonkungen.com\/de\/produkt\/seitenmarkierungsleuchte-mit-integriertem-kat-5-blinkerreflektor\/#primaryimage\"},\"image\":{\"@id\":\"https:\/\/xenonkungen.com\/de\/produkt\/seitenmarkierungsleuchte-mit-integriertem-kat-5-blinkerreflektor\/#primaryimage\"},\"thumbnailUrl\":\"https:\/\/xenonkungen.com\/wp-content\/uploads\/2025\/04\/44AMEC5-800x800-1.png\",\"datePublished\":\"2025-04-15T09:52:30+00:00\",\"dateModified\":\"2026-04-10T23:48:27+00:00\",\"breadcrumb\":{\"@id\":\"https:\/\/xenonkungen.com\/de\/produkt\/seitenmarkierungsleuchte-mit-integriertem-kat-5-blinkerreflektor\/#breadcrumb\"},\"inLanguage\":\"fi\",\"potentialAction\":[{\"@type\":\"ReadAction\",\"target\":[\"https:\/\/xenonkungen.com\/de\/produkt\/seitenmarkierungsleuchte-mit-integriertem-kat-5-blinkerreflektor\/\"]}]},{\"@type\":\"ImageObject\",\"inLanguage\":\"fi\",\"@id\":\"https:\/\/xenonkungen.com\/de\/produkt\/seitenmarkierungsleuchte-mit-integriertem-kat-5-blinkerreflektor\/#primaryimage\",\"url\":\"https:\/\/xenonkungen.com\/wp-content\/uploads\/2025\/04\/44AMEC5-800x800-1.png\",\"contentUrl\":\"https:\/\/xenonkungen.com\/wp-content\/uploads\/2025\/04\/44AMEC5-800x800-1.png\",\"width\":800,\"height\":800},{\"@type\":\"BreadcrumbList\",\"@id\":\"https:\/\/xenonkungen.com\/de\/produkt\/seitenmarkierungsleuchte-mit-integriertem-kat-5-blinkerreflektor\/#breadcrumb\",\"itemListElement\":[{\"@type\":\"ListItem\",\"position\":1,\"name\":\"Hem\",\"item\":\"https:\/\/xenonkungen.com\/\"},{\"@type\":\"ListItem\",\"position\":2,\"name\":\"Shop\",\"item\":\"https:\/\/xenonkungen.com\/shop\/\"},{\"@type\":\"ListItem\",\"position\":3,\"name\":\"Sidomarkeringslampa med integrerad Cat.5-indikator | Reflex\"}]},{\"@type\":\"WebSite\",\"@id\":\"https:\/\/xenonkungen.com\/#website\",\"url\":\"https:\/\/xenonkungen.com\/\",\"name\":\"Xenonkungen\",\"description\":\"\",\"potentialAction\":[{\"@type\":\"SearchAction\",\"target\":{\"@type\":\"EntryPoint\",\"urlTemplate\":\"https:\/\/xenonkungen.com\/?s={search_term_string}\"},\"query-input\":{\"@type\":\"PropertyValueSpecification\",\"valueRequired\":true,\"valueName\":\"search_term_string\"}}],\"inLanguage\":\"fi\"}]}<\/script>\n<!-- \/ Yoast SEO plugin. -->","yoast_head_json":{"title":"Sivumerkkivalo integroidulla Cat.5-vilkulla | Reflex - Xenonkungen","robots":{"index":"index","follow":"follow","max-snippet":"max-snippet:-1","max-image-preview":"max-image-preview:large","max-video-preview":"max-video-preview:-1"},"canonical":"https:\/\/xenonkungen.com\/fi\/tuote\/sivumerkkivalo-integroidulla-cat-5-vilkkuheijastimella\/","og_locale":"fi_FI","og_type":"article","og_title":"Sidomarkeringslampa med integrerad Cat.5-indikator | Reflex - Xenonkungen","og_description":"Sidomarkeringslampa med Integrerad Cat.5-indikator och Reflexreflektor Ge ditt fordon maximal synlighet och s\u00e4kerhet med v\u00e5r sidomarkeringslampa med integrerad Cat.5-indikator och reflexreflektor. Denna lampa kombinerar kraftfull sidomarkering med en belyst sidoindikator, vilket ger dig och dina medtrafikanter en tryggare resa b\u00e5de dag och natt. Perfekt f\u00f6r fordon som kr\u00e4ver p\u00e5litlig markering och orange varningsljus som syns [&hellip;]","og_url":"https:\/\/xenonkungen.com\/fi\/tuote\/sivumerkkivalo-integroidulla-cat-5-vilkkuheijastimella\/","og_site_name":"Xenonkungen","article_modified_time":"2026-04-10T23:48:27+00:00","og_image":[{"width":800,"height":800,"url":"https:\/\/xenonkungen.com\/wp-content\/uploads\/2025\/04\/44AMEC5-800x800-1.png","type":"image\/png"}],"twitter_card":"summary_large_image","twitter_misc":{"Arvioitu lukuaika":"2 minuuttia"},"schema":{"@context":"https:\/\/schema.org","@graph":[{"@type":"WebPage","@id":"https:\/\/xenonkungen.com\/de\/produkt\/seitenmarkierungsleuchte-mit-integriertem-kat-5-blinkerreflektor\/","url":"https:\/\/xenonkungen.com\/de\/produkt\/seitenmarkierungsleuchte-mit-integriertem-kat-5-blinkerreflektor\/","name":"Sivumerkkivalo integroidulla Cat.5-vilkulla | Reflex - Xenonkungen","isPartOf":{"@id":"https:\/\/xenonkungen.com\/#website"},"primaryImageOfPage":{"@id":"https:\/\/xenonkungen.com\/de\/produkt\/seitenmarkierungsleuchte-mit-integriertem-kat-5-blinkerreflektor\/#primaryimage"},"image":{"@id":"https:\/\/xenonkungen.com\/de\/produkt\/seitenmarkierungsleuchte-mit-integriertem-kat-5-blinkerreflektor\/#primaryimage"},"thumbnailUrl":"https:\/\/xenonkungen.com\/wp-content\/uploads\/2025\/04\/44AMEC5-800x800-1.png","datePublished":"2025-04-15T09:52:30+00:00","dateModified":"2026-04-10T23:48:27+00:00","breadcrumb":{"@id":"https:\/\/xenonkungen.com\/de\/produkt\/seitenmarkierungsleuchte-mit-integriertem-kat-5-blinkerreflektor\/#breadcrumb"},"inLanguage":"fi","potentialAction":[{"@type":"ReadAction","target":["https:\/\/xenonkungen.com\/de\/produkt\/seitenmarkierungsleuchte-mit-integriertem-kat-5-blinkerreflektor\/"]}]},{"@type":"ImageObject","inLanguage":"fi","@id":"https:\/\/xenonkungen.com\/de\/produkt\/seitenmarkierungsleuchte-mit-integriertem-kat-5-blinkerreflektor\/#primaryimage","url":"https:\/\/xenonkungen.com\/wp-content\/uploads\/2025\/04\/44AMEC5-800x800-1.png","contentUrl":"https:\/\/xenonkungen.com\/wp-content\/uploads\/2025\/04\/44AMEC5-800x800-1.png","width":800,"height":800},{"@type":"BreadcrumbList","@id":"https:\/\/xenonkungen.com\/de\/produkt\/seitenmarkierungsleuchte-mit-integriertem-kat-5-blinkerreflektor\/#breadcrumb","itemListElement":[{"@type":"ListItem","position":1,"name":"Hem","item":"https:\/\/xenonkungen.com\/"},{"@type":"ListItem","position":2,"name":"Shop","item":"https:\/\/xenonkungen.com\/shop\/"},{"@type":"ListItem","position":3,"name":"Sidomarkeringslampa med integrerad Cat.5-indikator | Reflex"}]},{"@type":"WebSite","@id":"https:\/\/xenonkungen.com\/#website","url":"https:\/\/xenonkungen.com\/","name":"Xenonkungen","description":"","potentialAction":[{"@type":"SearchAction","target":{"@type":"EntryPoint","urlTemplate":"https:\/\/xenonkungen.com\/?s={search_term_string}"},"query-input":{"@type":"PropertyValueSpecification","valueRequired":true,"valueName":"search_term_string"}}],"inLanguage":"fi"}]}},"taxonomy_info":{"anvandningsomrade":[{"value":166,"label":"Lastbil"},{"value":238,"label":"SL\u00c4P"},{"value":2816,"label":"TRAILER"}],"product_brand":[{"value":1252,"label":"LEA"}],"product_cat":[{"value":2478,"label":"Positionsljus"},{"value":2813,"label":"Sido"}],"pa_fuktskydd-varde-ipxx":[{"value":333,"label":"IP67"}],"pa_godkannande":[{"value":1885,"label":"ECE, R6-C5, R91"}],"pa_storlek-mm":[{"value":1823,"label":"100x44x12"}],"pa_stromforbrukning":[{"value":1881,"label":"0,05A @28V"},{"value":1880,"label":"0,07A @13,8V"}],"pa_volt-v":[{"value":348,"label":"12, 24"}]},"featured_image_src_large":["https:\/\/xenonkungen.com\/wp-content\/uploads\/2025\/04\/44AMEC5-800x800-1.png",800,800,false],"author_info":[],"comment_info":0,"_links":{"self":[{"href":"https:\/\/xenonkungen.com\/fi\/wp-json\/wp\/v2\/product\/7107","targetHints":{"allow":["GET"]}}],"collection":[{"href":"https:\/\/xenonkungen.com\/fi\/wp-json\/wp\/v2\/product"}],"about":[{"href":"https:\/\/xenonkungen.com\/fi\/wp-json\/wp\/v2\/types\/product"}],"replies":[{"embeddable":true,"href":"https:\/\/xenonkungen.com\/fi\/wp-json\/wp\/v2\/comments?post=7107"}],"wp:featuredmedia":[{"embeddable":true,"href":"https:\/\/xenonkungen.com\/fi\/wp-json\/wp\/v2\/media\/7108"}],"wp:attachment":[{"href":"https:\/\/xenonkungen.com\/fi\/wp-json\/wp\/v2\/media?parent=7107"}],"wp:term":[{"taxonomy":"anvandningsomrade","embeddable":true,"href":"https:\/\/xenonkungen.com\/fi\/wp-json\/wp\/v2\/anvandningsomrade?post=7107"},{"taxonomy":"bilmarken","embeddable":true,"href":"https:\/\/xenonkungen.com\/fi\/wp-json\/wp\/v2\/bilmarken?post=7107"},{"taxonomy":"product_brand","embeddable":true,"href":"https:\/\/xenonkungen.com\/fi\/wp-json\/wp\/v2\/product_brand?post=7107"},{"taxonomy":"product_cat","embeddable":true,"href":"https:\/\/xenonkungen.com\/fi\/wp-json\/wp\/v2\/product_cat?post=7107"},{"taxonomy":"product_tag","embeddable":true,"href":"https:\/\/xenonkungen.com\/fi\/wp-json\/wp\/v2\/product_tag?post=7107"}],"curies":[{"name":"wp","href":"https:\/\/api.w.org\/{rel}","templated":true}]}}