{"id":7151,"date":"2025-04-15T09:52:46","date_gmt":"2025-04-15T09:52:46","guid":{"rendered":"https:\/\/xenonkungen.com\/product\/bakmarkering-2led-rod\/"},"modified":"2026-04-21T16:22:38","modified_gmt":"2026-04-21T15:22:38","slug":"takamerkinta-2-ledinen-tanko","status":"publish","type":"product","link":"https:\/\/xenonkungen.com\/fi\/tuote\/takamerkinta-2-ledinen-tanko\/","title":{"rendered":"Takamerkint\u00e4 2 LEDi\u00e4 Punainen"},"content":{"rendered":"<h1>Virtaviivainen LED-takamerkkivalo mustalla kehyksell\u00e4 ja kahdella LEDill\u00e4<\/h1>\n<p>T\u00e4m\u00e4 moderni LED-takavalo on erinomainen ratkaisu ajoneuvosi turvallisuuden ja estetiikan parantamiseen. Se yhdist\u00e4\u00e4 minimalistisen muotoilun tehokkaisiin LED-valoihin, hillityn mustan kehyksen sis\u00e4\u00e4n ja tarjoaa luotettavan suorituskyvyn kaikissa s\u00e4\u00e4olosuhteissa.<\/p>\n<h2>Tekniset tiedot:<\/h2>\n<ul>\n<li>Valaistus: Kaksi tehokasta LED-valoa<\/li>\n<li>Kehys: Hienostunut musta kehys<\/li>\n<li>Suojaus: Vuototiivistetty elektroniikka<\/li>\n<li>Vesitiivis: IP67-luokitus<\/li>\n<li>Kokoonpano: Helppo ja joustava asennus<\/li>\n<\/ul>\n<h2>Ominaisuudet ja edut:<\/h2>\n<ul>\n<li>Tehokas ja kirkas valaistus parantaa turvallisuutta<\/li>\n<li>Moderni ja huomaamaton muotoilu<\/li>\n<li>Korkea suojaustaso IP67-luokituksella<\/li>\n<li>Helppo asennus r\u00e4\u00e4t\u00e4l\u00f6ity\u00e4 istuvuutta varten<\/li>\n<li>Pitk\u00e4ik\u00e4inen ja edistynyt LED-tekniikka<\/li>\n<\/ul>","protected":false},"excerpt":{"rendered":"<p>Str\u00f6mlinjeformad LED Bakmarkeringslampa med Svart Sarg och Dubbla LED Denna moderna LED bakmarkeringslampa \u00e4r en utm\u00e4rkt l\u00f6sning f\u00f6r att f\u00f6rh\u00f6ja s\u00e4kerheten och estetiken p\u00e5 ditt fordon. Den kombinerar minimalistisk design med h\u00f6geffektiva LED-lampor, inramade i en diskret svart sarg, och erbjuder p\u00e5litlig prestanda i alla v\u00e4derf\u00f6rh\u00e5llanden. Specifikationer: Belysning: Tv\u00e5 h\u00f6geffektiva LED-lampor Sarg: Sofistikerad svart sarg [&hellip;]<\/p>","protected":false},"featured_media":7152,"comment_status":"closed","ping_status":"open","template":"","meta":{"_acf_changed":false,"_smort_price_nok":"117","_smort_price_dkk":"75","_smort_price_eur":"10","_smort_sale_price_nok":"","_smort_sale_price_dkk":"","_smort_sale_price_eur":"","smort_restorder":"","shipmondo_restorder":"","_kad_blocks_custom_css":"","_kad_blocks_head_custom_js":"","_kad_blocks_body_custom_js":"","_kad_blocks_footer_custom_js":"","smort_custom_pricelist_1":"61.6","smort_custom_pricelist_2":"61.6","smort_custom_pricelist_3":"58.52","smort_custom_pricelist_4":"88","smort_custom_pricelist_5":"61.6"},"anvandningsomrade":[166,238,2816],"bilmarken":[],"product_brand":[1252],"product_cat":[2811,2478],"product_tag":[],"class_list":{"0":"post-7151","1":"product","2":"type-product","3":"status-publish","4":"has-post-thumbnail","6":"anvandningsomrade-lastbil","7":"anvandningsomrade-slap","8":"anvandningsomrade-trailer","9":"product_brand-lea","10":"product_cat-bak","11":"product_cat-positionsljus-slap","12":"pa_fuktskydd-varde-ipxx-ip67","13":"pa_godkannande-ece-r7","14":"pa_storlek-mm-58x35x19","15":"pa_stromforbrukning-004a-28v","16":"pa_stromforbrukning-010a-138v","17":"pa_volt-v-12-24","19":"first","20":"instock","21":"taxable","22":"shipping-taxable","23":"purchasable","24":"product-type-simple"},"bundled_by":[],"bundle_stock_status":"instock","bundle_stock_quantity":4,"bundle_virtual":false,"bundle_layout":"","bundle_add_to_cart_form_location":"","bundle_editable_in_cart":false,"bundle_sold_individually_context":"","bundle_item_grouping":"","bundle_min_size":"","bundle_max_size":"","bundle_price":[],"bundled_items":[],"bundle_sell_ids":[],"acf":[],"yoast_head":"<!-- This site is optimized with the Yoast SEO plugin v27.0 - https:\/\/yoast.com\/product\/yoast-seo-wordpress\/ -->\n<title>Bakmarkering 2LED R\u00f6d - Xenonkungen<\/title>\n<meta name=\"robots\" content=\"index, follow, max-snippet:-1, max-image-preview:large, max-video-preview:-1\" \/>\n<link rel=\"canonical\" href=\"https:\/\/xenonkungen.com\/fi\/tuote\/takamerkinta-2-ledinen-tanko\/\" \/>\n<meta property=\"og:locale\" content=\"fi_FI\" \/>\n<meta property=\"og:type\" content=\"article\" \/>\n<meta property=\"og:title\" content=\"Bakmarkering 2LED R\u00f6d - Xenonkungen\" \/>\n<meta property=\"og:description\" content=\"Str\u00f6mlinjeformad LED Bakmarkeringslampa med Svart Sarg och Dubbla LED Denna moderna LED bakmarkeringslampa \u00e4r en utm\u00e4rkt l\u00f6sning f\u00f6r att f\u00f6rh\u00f6ja s\u00e4kerheten och estetiken p\u00e5 ditt fordon. Den kombinerar minimalistisk design med h\u00f6geffektiva LED-lampor, inramade i en diskret svart sarg, och erbjuder p\u00e5litlig prestanda i alla v\u00e4derf\u00f6rh\u00e5llanden. Specifikationer: Belysning: Tv\u00e5 h\u00f6geffektiva LED-lampor Sarg: Sofistikerad svart sarg [&hellip;]\" \/>\n<meta property=\"og:url\" content=\"https:\/\/xenonkungen.com\/fi\/tuote\/takamerkinta-2-ledinen-tanko\/\" \/>\n<meta property=\"og:site_name\" content=\"Xenonkungen\" \/>\n<meta property=\"article:modified_time\" content=\"2026-04-21T15:22:38+00:00\" \/>\n<meta property=\"og:image\" content=\"https:\/\/xenonkungen.com\/wp-content\/uploads\/2025\/04\/58RM_inactive-800x800-1.jpg\" \/>\n\t<meta property=\"og:image:width\" content=\"800\" \/>\n\t<meta property=\"og:image:height\" content=\"800\" \/>\n\t<meta property=\"og:image:type\" content=\"image\/jpeg\" \/>\n<meta name=\"twitter:card\" content=\"summary_large_image\" \/>\n<meta name=\"twitter:label1\" content=\"Arvioitu lukuaika\" \/>\n\t<meta name=\"twitter:data1\" content=\"1 minuutti\" \/>\n<script type=\"application\/ld+json\" class=\"yoast-schema-graph\">{\"@context\":\"https:\/\/schema.org\",\"@graph\":[{\"@type\":\"WebPage\",\"@id\":\"https:\/\/xenonkungen.com\/produkt\/bakmarkering-2led-rod\/\",\"url\":\"https:\/\/xenonkungen.com\/produkt\/bakmarkering-2led-rod\/\",\"name\":\"Bakmarkering 2LED R\u00f6d - Xenonkungen\",\"isPartOf\":{\"@id\":\"https:\/\/xenonkungen.com\/#website\"},\"primaryImageOfPage\":{\"@id\":\"https:\/\/xenonkungen.com\/produkt\/bakmarkering-2led-rod\/#primaryimage\"},\"image\":{\"@id\":\"https:\/\/xenonkungen.com\/produkt\/bakmarkering-2led-rod\/#primaryimage\"},\"thumbnailUrl\":\"https:\/\/xenonkungen.com\/wp-content\/uploads\/2025\/04\/58RM_inactive-800x800-1.jpg\",\"datePublished\":\"2025-04-15T09:52:46+00:00\",\"dateModified\":\"2026-04-21T15:22:38+00:00\",\"breadcrumb\":{\"@id\":\"https:\/\/xenonkungen.com\/produkt\/bakmarkering-2led-rod\/#breadcrumb\"},\"inLanguage\":\"fi\",\"potentialAction\":[{\"@type\":\"ReadAction\",\"target\":[\"https:\/\/xenonkungen.com\/produkt\/bakmarkering-2led-rod\/\"]}]},{\"@type\":\"ImageObject\",\"inLanguage\":\"fi\",\"@id\":\"https:\/\/xenonkungen.com\/produkt\/bakmarkering-2led-rod\/#primaryimage\",\"url\":\"https:\/\/xenonkungen.com\/wp-content\/uploads\/2025\/04\/58RM_inactive-800x800-1.jpg\",\"contentUrl\":\"https:\/\/xenonkungen.com\/wp-content\/uploads\/2025\/04\/58RM_inactive-800x800-1.jpg\",\"width\":800,\"height\":800},{\"@type\":\"BreadcrumbList\",\"@id\":\"https:\/\/xenonkungen.com\/produkt\/bakmarkering-2led-rod\/#breadcrumb\",\"itemListElement\":[{\"@type\":\"ListItem\",\"position\":1,\"name\":\"Hem\",\"item\":\"https:\/\/xenonkungen.com\/\"},{\"@type\":\"ListItem\",\"position\":2,\"name\":\"Shop\",\"item\":\"https:\/\/xenonkungen.com\/shop\/\"},{\"@type\":\"ListItem\",\"position\":3,\"name\":\"Bakmarkering 2LED R\u00f6d\"}]},{\"@type\":\"WebSite\",\"@id\":\"https:\/\/xenonkungen.com\/#website\",\"url\":\"https:\/\/xenonkungen.com\/\",\"name\":\"Xenonkungen\",\"description\":\"\",\"potentialAction\":[{\"@type\":\"SearchAction\",\"target\":{\"@type\":\"EntryPoint\",\"urlTemplate\":\"https:\/\/xenonkungen.com\/?s={search_term_string}\"},\"query-input\":{\"@type\":\"PropertyValueSpecification\",\"valueRequired\":true,\"valueName\":\"search_term_string\"}}],\"inLanguage\":\"fi\"}]}<\/script>\n<!-- \/ Yoast SEO plugin. -->","yoast_head_json":{"title":"Takamerkint\u00e4 2LED Punainen - Xenonkungen","robots":{"index":"index","follow":"follow","max-snippet":"max-snippet:-1","max-image-preview":"max-image-preview:large","max-video-preview":"max-video-preview:-1"},"canonical":"https:\/\/xenonkungen.com\/fi\/tuote\/takamerkinta-2-ledinen-tanko\/","og_locale":"fi_FI","og_type":"article","og_title":"Bakmarkering 2LED R\u00f6d - Xenonkungen","og_description":"Str\u00f6mlinjeformad LED Bakmarkeringslampa med Svart Sarg och Dubbla LED Denna moderna LED bakmarkeringslampa \u00e4r en utm\u00e4rkt l\u00f6sning f\u00f6r att f\u00f6rh\u00f6ja s\u00e4kerheten och estetiken p\u00e5 ditt fordon. Den kombinerar minimalistisk design med h\u00f6geffektiva LED-lampor, inramade i en diskret svart sarg, och erbjuder p\u00e5litlig prestanda i alla v\u00e4derf\u00f6rh\u00e5llanden. Specifikationer: Belysning: Tv\u00e5 h\u00f6geffektiva LED-lampor Sarg: Sofistikerad svart sarg [&hellip;]","og_url":"https:\/\/xenonkungen.com\/fi\/tuote\/takamerkinta-2-ledinen-tanko\/","og_site_name":"Xenonkungen","article_modified_time":"2026-04-21T15:22:38+00:00","og_image":[{"width":800,"height":800,"url":"https:\/\/xenonkungen.com\/wp-content\/uploads\/2025\/04\/58RM_inactive-800x800-1.jpg","type":"image\/jpeg"}],"twitter_card":"summary_large_image","twitter_misc":{"Arvioitu lukuaika":"1 minuutti"},"schema":{"@context":"https:\/\/schema.org","@graph":[{"@type":"WebPage","@id":"https:\/\/xenonkungen.com\/produkt\/bakmarkering-2led-rod\/","url":"https:\/\/xenonkungen.com\/produkt\/bakmarkering-2led-rod\/","name":"Takamerkint\u00e4 2LED Punainen - Xenonkungen","isPartOf":{"@id":"https:\/\/xenonkungen.com\/#website"},"primaryImageOfPage":{"@id":"https:\/\/xenonkungen.com\/produkt\/bakmarkering-2led-rod\/#primaryimage"},"image":{"@id":"https:\/\/xenonkungen.com\/produkt\/bakmarkering-2led-rod\/#primaryimage"},"thumbnailUrl":"https:\/\/xenonkungen.com\/wp-content\/uploads\/2025\/04\/58RM_inactive-800x800-1.jpg","datePublished":"2025-04-15T09:52:46+00:00","dateModified":"2026-04-21T15:22:38+00:00","breadcrumb":{"@id":"https:\/\/xenonkungen.com\/produkt\/bakmarkering-2led-rod\/#breadcrumb"},"inLanguage":"fi","potentialAction":[{"@type":"ReadAction","target":["https:\/\/xenonkungen.com\/produkt\/bakmarkering-2led-rod\/"]}]},{"@type":"ImageObject","inLanguage":"fi","@id":"https:\/\/xenonkungen.com\/produkt\/bakmarkering-2led-rod\/#primaryimage","url":"https:\/\/xenonkungen.com\/wp-content\/uploads\/2025\/04\/58RM_inactive-800x800-1.jpg","contentUrl":"https:\/\/xenonkungen.com\/wp-content\/uploads\/2025\/04\/58RM_inactive-800x800-1.jpg","width":800,"height":800},{"@type":"BreadcrumbList","@id":"https:\/\/xenonkungen.com\/produkt\/bakmarkering-2led-rod\/#breadcrumb","itemListElement":[{"@type":"ListItem","position":1,"name":"Hem","item":"https:\/\/xenonkungen.com\/"},{"@type":"ListItem","position":2,"name":"Shop","item":"https:\/\/xenonkungen.com\/shop\/"},{"@type":"ListItem","position":3,"name":"Bakmarkering 2LED R\u00f6d"}]},{"@type":"WebSite","@id":"https:\/\/xenonkungen.com\/#website","url":"https:\/\/xenonkungen.com\/","name":"Xenonkungen","description":"","potentialAction":[{"@type":"SearchAction","target":{"@type":"EntryPoint","urlTemplate":"https:\/\/xenonkungen.com\/?s={search_term_string}"},"query-input":{"@type":"PropertyValueSpecification","valueRequired":true,"valueName":"search_term_string"}}],"inLanguage":"fi"}]}},"taxonomy_info":{"anvandningsomrade":[{"value":166,"label":"Lastbil"},{"value":238,"label":"SL\u00c4P"},{"value":2816,"label":"TRAILER"}],"product_brand":[{"value":1252,"label":"LEA"}],"product_cat":[{"value":2811,"label":"Bak"},{"value":2478,"label":"Positionsljus"}],"pa_fuktskydd-varde-ipxx":[{"value":333,"label":"IP67"}],"pa_godkannande":[{"value":1347,"label":"ECE, R7"}],"pa_storlek-mm":[{"value":1868,"label":"58x35x19"}],"pa_stromforbrukning":[{"value":1872,"label":"0,04A @28V"},{"value":1886,"label":"0,10A @13,8V"}],"pa_volt-v":[{"value":348,"label":"12, 24"}]},"featured_image_src_large":["https:\/\/xenonkungen.com\/wp-content\/uploads\/2025\/04\/58RM_inactive-800x800-1.jpg",800,800,false],"author_info":[],"comment_info":0,"_links":{"self":[{"href":"https:\/\/xenonkungen.com\/fi\/wp-json\/wp\/v2\/product\/7151","targetHints":{"allow":["GET"]}}],"collection":[{"href":"https:\/\/xenonkungen.com\/fi\/wp-json\/wp\/v2\/product"}],"about":[{"href":"https:\/\/xenonkungen.com\/fi\/wp-json\/wp\/v2\/types\/product"}],"replies":[{"embeddable":true,"href":"https:\/\/xenonkungen.com\/fi\/wp-json\/wp\/v2\/comments?post=7151"}],"wp:featuredmedia":[{"embeddable":true,"href":"https:\/\/xenonkungen.com\/fi\/wp-json\/wp\/v2\/media\/7152"}],"wp:attachment":[{"href":"https:\/\/xenonkungen.com\/fi\/wp-json\/wp\/v2\/media?parent=7151"}],"wp:term":[{"taxonomy":"anvandningsomrade","embeddable":true,"href":"https:\/\/xenonkungen.com\/fi\/wp-json\/wp\/v2\/anvandningsomrade?post=7151"},{"taxonomy":"bilmarken","embeddable":true,"href":"https:\/\/xenonkungen.com\/fi\/wp-json\/wp\/v2\/bilmarken?post=7151"},{"taxonomy":"product_brand","embeddable":true,"href":"https:\/\/xenonkungen.com\/fi\/wp-json\/wp\/v2\/product_brand?post=7151"},{"taxonomy":"product_cat","embeddable":true,"href":"https:\/\/xenonkungen.com\/fi\/wp-json\/wp\/v2\/product_cat?post=7151"},{"taxonomy":"product_tag","embeddable":true,"href":"https:\/\/xenonkungen.com\/fi\/wp-json\/wp\/v2\/product_tag?post=7151"}],"curies":[{"name":"wp","href":"https:\/\/api.w.org\/{rel}","templated":true}]}}