{"id":7160,"date":"2025-04-15T09:52:46","date_gmt":"2025-04-15T09:52:46","guid":{"rendered":"https:\/\/xenonkungen.com\/product\/frontmarkering-2led-vit\/"},"modified":"2026-04-11T00:49:56","modified_gmt":"2026-04-10T23:49:56","slug":"etumerkinta-2-led-valkoinen","status":"publish","type":"product","link":"https:\/\/xenonkungen.com\/fi\/tuote\/etumerkinta-2-led-valkoinen\/","title":{"rendered":"Etumerkint\u00e4 2LED Valkoinen"},"content":{"rendered":"<h1>Moderni LED-etumerkkivalo<\/h1>\n<p>T\u00e4m\u00e4 moderni LED-merkkivalo, jossa on huomaamaton musta kehys ja kaksi tehokasta LEDi\u00e4, tarjoaa eritt\u00e4in tehokkaan ja kest\u00e4v\u00e4n valaistusratkaisun ajoneuvoosi. Se on erityisesti suunniteltu lis\u00e4\u00e4m\u00e4\u00e4n n\u00e4kyvyytt\u00e4 ja turvallisuutta ajoneuvon etuosassa, joten se sopii erinomaisesti k\u00e4ytett\u00e4v\u00e4ksi useissa eri ajoneuvotyypeiss\u00e4 raskaista kuorma-autoista henkil\u00f6autoihin ja per\u00e4vaunuihin.<\/p>\n<p>Tiivistetty elektroniikkansa ansiosta t\u00e4m\u00e4 lamppu on suunniteltu kest\u00e4m\u00e4\u00e4n ankaria s\u00e4\u00e4olosuhteita ja on sek\u00e4 isku- ett\u00e4 t\u00e4rin\u00e4nkest\u00e4v\u00e4. T\u00e4m\u00e4 varmistaa, ett\u00e4 lamppu s\u00e4ilytt\u00e4\u00e4 eheytens\u00e4 ja toimintansa vaativimmissakin olosuhteissa, tarjoten luotettavan ratkaisun ajoneuvojen valaistukseen.<\/p>\n<p>Lampun musta kehys t\u00e4ydent\u00e4\u00e4 ajoneuvon esteettist\u00e4 ulkon\u00e4k\u00f6\u00e4, ja kaksi LEDi\u00e4 tarjoavat kirkkaan ja energiatehokkaan valaistuksen. Se on suunniteltu helppoa asennusta varten ja se voidaan asentaa sek\u00e4 vaaka- ett\u00e4 pystysuoraan tarpeidesi mukaan.<\/p>\n<p>IP67-luokituksen ansiosta t\u00e4m\u00e4 valo on t\u00e4ysin upotettava ja p\u00f6lylt\u00e4 suojattu, joten se on erinomainen valinta k\u00e4ytett\u00e4v\u00e4ksi kaikenlaisissa ulkoymp\u00e4rist\u00f6iss\u00e4. Halusitpa sitten p\u00e4ivitt\u00e4\u00e4 ajoneuvosi turvallisuuden parantamiseksi tai vain parantaa sen ulkon\u00e4k\u00f6\u00e4 moderneilla valaistuksilla, t\u00e4m\u00e4 LED-etuvalo tarjoaa yhdistelm\u00e4n kest\u00e4vyytt\u00e4, suorituskyky\u00e4 ja tyyli\u00e4.<\/p>","protected":false},"excerpt":{"rendered":"<p>Modern LED Frontmarkeringslampa Denna moderna LED frontmarkeringslampa, framtagen med en diskret svart sarg och utrustad med tv\u00e5 kraftfulla LED-dioder, erbjuder en h\u00f6geffektiv och h\u00e5llbar belysningsl\u00f6sning f\u00f6r ditt fordon. Den \u00e4r s\u00e4rskilt designad f\u00f6r att \u00f6ka synligheten och s\u00e4kerheten p\u00e5 fordonets frontparti, vilket g\u00f6r den idealisk f\u00f6r anv\u00e4ndning p\u00e5 en m\u00e4ngd olika fordonstyper, fr\u00e5n tunga lastbilar [&hellip;]<\/p>","protected":false},"featured_media":7161,"comment_status":"closed","ping_status":"open","template":"","meta":{"_acf_changed":false,"_smort_price_nok":"171","_smort_price_dkk":"109","_smort_price_eur":"14.54","_smort_sale_price_nok":"","_smort_sale_price_dkk":"","_smort_sale_price_eur":"","smort_restorder":"","shipmondo_restorder":"","_kad_blocks_custom_css":"","_kad_blocks_head_custom_js":"","_kad_blocks_body_custom_js":"","_kad_blocks_footer_custom_js":"","smort_custom_pricelist_1":"89.6","smort_custom_pricelist_2":"89.6","smort_custom_pricelist_3":"85.12","smort_custom_pricelist_4":"128","smort_custom_pricelist_5":"89.6"},"anvandningsomrade":[166,238,2816],"bilmarken":[],"product_brand":[1252],"product_cat":[2810,2478],"product_tag":[],"class_list":{"0":"post-7160","1":"product","2":"type-product","3":"status-publish","4":"has-post-thumbnail","6":"anvandningsomrade-lastbil","7":"anvandningsomrade-slap","8":"anvandningsomrade-trailer","9":"product_brand-lea","10":"product_cat-front","11":"product_cat-positionsljus-slap","12":"pa_fuktskydd-varde-ipxx-ip67","13":"pa_godkannande-ece-r7","14":"pa_storlek-mm-58x35x19","15":"pa_stromforbrukning-004a-28v","16":"pa_stromforbrukning-010a-138v","17":"pa_volt-v-12-24","19":"first","20":"instock","21":"taxable","22":"shipping-taxable","23":"purchasable","24":"product-type-simple"},"bundled_by":[],"bundle_stock_status":"instock","bundle_stock_quantity":3,"bundle_virtual":false,"bundle_layout":"","bundle_add_to_cart_form_location":"","bundle_editable_in_cart":false,"bundle_sold_individually_context":"","bundle_item_grouping":"","bundle_min_size":"","bundle_max_size":"","bundle_price":[],"bundled_items":[],"bundle_sell_ids":[],"acf":[],"yoast_head":"<!-- This site is optimized with the Yoast SEO plugin v27.0 - https:\/\/yoast.com\/product\/yoast-seo-wordpress\/ -->\n<title>Frontmarkering 2LED Vit - Xenonkungen<\/title>\n<meta name=\"robots\" content=\"index, follow, max-snippet:-1, max-image-preview:large, max-video-preview:-1\" \/>\n<link rel=\"canonical\" href=\"https:\/\/xenonkungen.com\/fi\/tuote\/etumerkinta-2-led-valkoinen\/\" \/>\n<meta property=\"og:locale\" content=\"fi_FI\" \/>\n<meta property=\"og:type\" content=\"article\" \/>\n<meta property=\"og:title\" content=\"Frontmarkering 2LED Vit - Xenonkungen\" \/>\n<meta property=\"og:description\" content=\"Modern LED Frontmarkeringslampa Denna moderna LED frontmarkeringslampa, framtagen med en diskret svart sarg och utrustad med tv\u00e5 kraftfulla LED-dioder, erbjuder en h\u00f6geffektiv och h\u00e5llbar belysningsl\u00f6sning f\u00f6r ditt fordon. Den \u00e4r s\u00e4rskilt designad f\u00f6r att \u00f6ka synligheten och s\u00e4kerheten p\u00e5 fordonets frontparti, vilket g\u00f6r den idealisk f\u00f6r anv\u00e4ndning p\u00e5 en m\u00e4ngd olika fordonstyper, fr\u00e5n tunga lastbilar [&hellip;]\" \/>\n<meta property=\"og:url\" content=\"https:\/\/xenonkungen.com\/fi\/tuote\/etumerkinta-2-led-valkoinen\/\" \/>\n<meta property=\"og:site_name\" content=\"Xenonkungen\" \/>\n<meta property=\"article:modified_time\" content=\"2026-04-10T23:49:56+00:00\" \/>\n<meta property=\"og:image\" content=\"https:\/\/xenonkungen.com\/wp-content\/uploads\/2025\/04\/7323108-origpic-9d115d.jpg\" \/>\n\t<meta property=\"og:image:width\" content=\"600\" \/>\n\t<meta property=\"og:image:height\" content=\"600\" \/>\n\t<meta property=\"og:image:type\" content=\"image\/jpeg\" \/>\n<meta name=\"twitter:card\" content=\"summary_large_image\" \/>\n<meta name=\"twitter:label1\" content=\"Arvioitu lukuaika\" \/>\n\t<meta name=\"twitter:data1\" content=\"1 minuutti\" \/>\n<script type=\"application\/ld+json\" class=\"yoast-schema-graph\">{\"@context\":\"https:\/\/schema.org\",\"@graph\":[{\"@type\":\"WebPage\",\"@id\":\"https:\/\/xenonkungen.com\/en\/product\/front-marking-2-led-white\/\",\"url\":\"https:\/\/xenonkungen.com\/en\/product\/front-marking-2-led-white\/\",\"name\":\"Frontmarkering 2LED Vit - Xenonkungen\",\"isPartOf\":{\"@id\":\"https:\/\/xenonkungen.com\/#website\"},\"primaryImageOfPage\":{\"@id\":\"https:\/\/xenonkungen.com\/en\/product\/front-marking-2-led-white\/#primaryimage\"},\"image\":{\"@id\":\"https:\/\/xenonkungen.com\/en\/product\/front-marking-2-led-white\/#primaryimage\"},\"thumbnailUrl\":\"https:\/\/xenonkungen.com\/wp-content\/uploads\/2025\/04\/7323108-origpic-9d115d.jpg\",\"datePublished\":\"2025-04-15T09:52:46+00:00\",\"dateModified\":\"2026-04-10T23:49:56+00:00\",\"breadcrumb\":{\"@id\":\"https:\/\/xenonkungen.com\/en\/product\/front-marking-2-led-white\/#breadcrumb\"},\"inLanguage\":\"fi\",\"potentialAction\":[{\"@type\":\"ReadAction\",\"target\":[\"https:\/\/xenonkungen.com\/en\/product\/front-marking-2-led-white\/\"]}]},{\"@type\":\"ImageObject\",\"inLanguage\":\"fi\",\"@id\":\"https:\/\/xenonkungen.com\/en\/product\/front-marking-2-led-white\/#primaryimage\",\"url\":\"https:\/\/xenonkungen.com\/wp-content\/uploads\/2025\/04\/7323108-origpic-9d115d.jpg\",\"contentUrl\":\"https:\/\/xenonkungen.com\/wp-content\/uploads\/2025\/04\/7323108-origpic-9d115d.jpg\",\"width\":600,\"height\":600},{\"@type\":\"BreadcrumbList\",\"@id\":\"https:\/\/xenonkungen.com\/en\/product\/front-marking-2-led-white\/#breadcrumb\",\"itemListElement\":[{\"@type\":\"ListItem\",\"position\":1,\"name\":\"Hem\",\"item\":\"https:\/\/xenonkungen.com\/\"},{\"@type\":\"ListItem\",\"position\":2,\"name\":\"Shop\",\"item\":\"https:\/\/xenonkungen.com\/shop\/\"},{\"@type\":\"ListItem\",\"position\":3,\"name\":\"Frontmarkering 2LED Vit\"}]},{\"@type\":\"WebSite\",\"@id\":\"https:\/\/xenonkungen.com\/#website\",\"url\":\"https:\/\/xenonkungen.com\/\",\"name\":\"Xenonkungen\",\"description\":\"\",\"potentialAction\":[{\"@type\":\"SearchAction\",\"target\":{\"@type\":\"EntryPoint\",\"urlTemplate\":\"https:\/\/xenonkungen.com\/?s={search_term_string}\"},\"query-input\":{\"@type\":\"PropertyValueSpecification\",\"valueRequired\":true,\"valueName\":\"search_term_string\"}}],\"inLanguage\":\"fi\"}]}<\/script>\n<!-- \/ Yoast SEO plugin. -->","yoast_head_json":{"title":"Etumerkint\u00e4 2LED Valkoinen - Xenon-kuningas","robots":{"index":"index","follow":"follow","max-snippet":"max-snippet:-1","max-image-preview":"max-image-preview:large","max-video-preview":"max-video-preview:-1"},"canonical":"https:\/\/xenonkungen.com\/fi\/tuote\/etumerkinta-2-led-valkoinen\/","og_locale":"fi_FI","og_type":"article","og_title":"Frontmarkering 2LED Vit - Xenonkungen","og_description":"Modern LED Frontmarkeringslampa Denna moderna LED frontmarkeringslampa, framtagen med en diskret svart sarg och utrustad med tv\u00e5 kraftfulla LED-dioder, erbjuder en h\u00f6geffektiv och h\u00e5llbar belysningsl\u00f6sning f\u00f6r ditt fordon. Den \u00e4r s\u00e4rskilt designad f\u00f6r att \u00f6ka synligheten och s\u00e4kerheten p\u00e5 fordonets frontparti, vilket g\u00f6r den idealisk f\u00f6r anv\u00e4ndning p\u00e5 en m\u00e4ngd olika fordonstyper, fr\u00e5n tunga lastbilar [&hellip;]","og_url":"https:\/\/xenonkungen.com\/fi\/tuote\/etumerkinta-2-led-valkoinen\/","og_site_name":"Xenonkungen","article_modified_time":"2026-04-10T23:49:56+00:00","og_image":[{"width":600,"height":600,"url":"https:\/\/xenonkungen.com\/wp-content\/uploads\/2025\/04\/7323108-origpic-9d115d.jpg","type":"image\/jpeg"}],"twitter_card":"summary_large_image","twitter_misc":{"Arvioitu lukuaika":"1 minuutti"},"schema":{"@context":"https:\/\/schema.org","@graph":[{"@type":"WebPage","@id":"https:\/\/xenonkungen.com\/en\/product\/front-marking-2-led-white\/","url":"https:\/\/xenonkungen.com\/en\/product\/front-marking-2-led-white\/","name":"Etumerkint\u00e4 2LED Valkoinen - Xenon-kuningas","isPartOf":{"@id":"https:\/\/xenonkungen.com\/#website"},"primaryImageOfPage":{"@id":"https:\/\/xenonkungen.com\/en\/product\/front-marking-2-led-white\/#primaryimage"},"image":{"@id":"https:\/\/xenonkungen.com\/en\/product\/front-marking-2-led-white\/#primaryimage"},"thumbnailUrl":"https:\/\/xenonkungen.com\/wp-content\/uploads\/2025\/04\/7323108-origpic-9d115d.jpg","datePublished":"2025-04-15T09:52:46+00:00","dateModified":"2026-04-10T23:49:56+00:00","breadcrumb":{"@id":"https:\/\/xenonkungen.com\/en\/product\/front-marking-2-led-white\/#breadcrumb"},"inLanguage":"fi","potentialAction":[{"@type":"ReadAction","target":["https:\/\/xenonkungen.com\/en\/product\/front-marking-2-led-white\/"]}]},{"@type":"ImageObject","inLanguage":"fi","@id":"https:\/\/xenonkungen.com\/en\/product\/front-marking-2-led-white\/#primaryimage","url":"https:\/\/xenonkungen.com\/wp-content\/uploads\/2025\/04\/7323108-origpic-9d115d.jpg","contentUrl":"https:\/\/xenonkungen.com\/wp-content\/uploads\/2025\/04\/7323108-origpic-9d115d.jpg","width":600,"height":600},{"@type":"BreadcrumbList","@id":"https:\/\/xenonkungen.com\/en\/product\/front-marking-2-led-white\/#breadcrumb","itemListElement":[{"@type":"ListItem","position":1,"name":"Hem","item":"https:\/\/xenonkungen.com\/"},{"@type":"ListItem","position":2,"name":"Shop","item":"https:\/\/xenonkungen.com\/shop\/"},{"@type":"ListItem","position":3,"name":"Frontmarkering 2LED Vit"}]},{"@type":"WebSite","@id":"https:\/\/xenonkungen.com\/#website","url":"https:\/\/xenonkungen.com\/","name":"Xenonkungen","description":"","potentialAction":[{"@type":"SearchAction","target":{"@type":"EntryPoint","urlTemplate":"https:\/\/xenonkungen.com\/?s={search_term_string}"},"query-input":{"@type":"PropertyValueSpecification","valueRequired":true,"valueName":"search_term_string"}}],"inLanguage":"fi"}]}},"taxonomy_info":{"anvandningsomrade":[{"value":166,"label":"Lastbil"},{"value":238,"label":"SL\u00c4P"},{"value":2816,"label":"TRAILER"}],"product_brand":[{"value":1252,"label":"LEA"}],"product_cat":[{"value":2810,"label":"Front"},{"value":2478,"label":"Positionsljus"}],"pa_fuktskydd-varde-ipxx":[{"value":333,"label":"IP67"}],"pa_godkannande":[{"value":1347,"label":"ECE, R7"}],"pa_storlek-mm":[{"value":1868,"label":"58x35x19"}],"pa_stromforbrukning":[{"value":1872,"label":"0,04A @28V"},{"value":1886,"label":"0,10A @13,8V"}],"pa_volt-v":[{"value":348,"label":"12, 24"}]},"featured_image_src_large":["https:\/\/xenonkungen.com\/wp-content\/uploads\/2025\/04\/7323108-origpic-9d115d.jpg",600,600,false],"author_info":[],"comment_info":0,"_links":{"self":[{"href":"https:\/\/xenonkungen.com\/fi\/wp-json\/wp\/v2\/product\/7160","targetHints":{"allow":["GET"]}}],"collection":[{"href":"https:\/\/xenonkungen.com\/fi\/wp-json\/wp\/v2\/product"}],"about":[{"href":"https:\/\/xenonkungen.com\/fi\/wp-json\/wp\/v2\/types\/product"}],"replies":[{"embeddable":true,"href":"https:\/\/xenonkungen.com\/fi\/wp-json\/wp\/v2\/comments?post=7160"}],"wp:featuredmedia":[{"embeddable":true,"href":"https:\/\/xenonkungen.com\/fi\/wp-json\/wp\/v2\/media\/7161"}],"wp:attachment":[{"href":"https:\/\/xenonkungen.com\/fi\/wp-json\/wp\/v2\/media?parent=7160"}],"wp:term":[{"taxonomy":"anvandningsomrade","embeddable":true,"href":"https:\/\/xenonkungen.com\/fi\/wp-json\/wp\/v2\/anvandningsomrade?post=7160"},{"taxonomy":"bilmarken","embeddable":true,"href":"https:\/\/xenonkungen.com\/fi\/wp-json\/wp\/v2\/bilmarken?post=7160"},{"taxonomy":"product_brand","embeddable":true,"href":"https:\/\/xenonkungen.com\/fi\/wp-json\/wp\/v2\/product_brand?post=7160"},{"taxonomy":"product_cat","embeddable":true,"href":"https:\/\/xenonkungen.com\/fi\/wp-json\/wp\/v2\/product_cat?post=7160"},{"taxonomy":"product_tag","embeddable":true,"href":"https:\/\/xenonkungen.com\/fi\/wp-json\/wp\/v2\/product_tag?post=7160"}],"curies":[{"name":"wp","href":"https:\/\/api.w.org\/{rel}","templated":true}]}}