{"id":7247,"date":"2025-04-15T09:53:28","date_gmt":"2025-04-15T09:53:28","guid":{"rendered":"https:\/\/xenonkungen.com\/product\/d3s-osram-xenarc-cool-blue-boost\/"},"modified":"2026-04-11T01:27:06","modified_gmt":"2026-04-11T00:27:06","slug":"osram-d3s-xenarc-cool-blue-boost","status":"publish","type":"product","link":"https:\/\/xenonkungen.com\/fi\/tuote\/osram-d3s-xenarc-cool-blue-boost\/","title":{"rendered":"D3S Osram Xenarc\u00ae Cool blue boost D3S Osram Xenarc\u00ae Cool blue boost"},"content":{"rendered":"<h1>XENARC COOL BLUE BOOST - \u00c4\u00e4rimm\u00e4isen valkoinen ksenonvalo maastok\u00e4ytt\u00f6\u00f6n.<\/h1>\n<p>P\u00e4ivit\u00e4 valaistus <strong>XENARC VIILE\u00c4 SININEN BOOST<\/strong>, valaisin, joka tuottaa vaikuttavaa valkoista ksenonvaloa, jonka v\u00e4ril\u00e4mp\u00f6tila on jopa 7 000 K. Koe LED-valon kaltainen valoteho ja parannettu kirkkaus, joka antaa ajoneuvollesi modernin ja tehokkaan ilmeen - t\u00e4ydellinen maasto- ja erikoisk\u00e4ytt\u00f6\u00f6n.<\/p>\n<ul>\n<li><strong>Poikkeuksellinen valkoinen valo:<\/strong> Luo LED-tunnelma ksenonvaloilla, jotka todella erottuvat edukseen.<\/li>\n<li><strong>Korkea v\u00e4ril\u00e4mp\u00f6tila:<\/strong> Jopa 7000 K ainutlaatuisen ja eksklusiivisen valokuvan aikaansaamiseksi.<\/li>\n<li><strong>Kehittynyt teknologia:<\/strong> Innovatiivinen t\u00e4yte perinteisen pinnoitetun lasin sijasta tarjoaa paremman suorituskyvyn.<\/li>\n<li><strong>Lis\u00e4\u00e4ntynyt kirkkaus:<\/strong> Tee maasto- ja erikoisk\u00e4yt\u00f6st\u00e4 sek\u00e4 tyylikk\u00e4\u00e4mp\u00e4\u00e4 ett\u00e4 toimivampaa.<\/li>\n<\/ul>\n<p><strong>T\u00e4rke\u00e4\u00e4:<\/strong> N\u00e4m\u00e4 tuotteet eiv\u00e4t ole ECE-hyv\u00e4ksyttyj\u00e4, ja ne on tarkoitettu ainoastaan maasto- ja muihin kuin maantiek\u00e4ytt\u00f6\u00f6n. K\u00e4ytt\u00f6 yleisill\u00e4 teill\u00e4 voi johtaa ajokieltoon ja vaikuttaa vakuutukseesi. Joissakin maissa on my\u00f6s rajoituksia t\u00e4m\u00e4n tuotteen myynnille ja k\u00e4yt\u00f6lle.<\/p>\n<p><strong>Tekniset tiedot<\/strong><\/p>\n<p><strong>S\u00e4hk\u00f6iset tiedot<br \/><\/strong>- Testij\u00e4nnite: 13,5 V<br \/>- Maksimiteho: 35 W<br \/>- Nimellinen teho: 35 W<br \/>- Nimellinen nimellisj\u00e4nnite: 42,0 V<br \/>- Varattu virran sietokyky: <span>\u00b13<\/span><\/p>\n<p><strong>Fotometriset tiedot<\/strong><br \/>- Valovirta: 3200 lm<br \/>- Valovirta, toleranssi: \u00b115 % %<br \/>- V\u00e4ril\u00e4mp\u00f6tila: Jopa 7000K<\/p>\n<p><strong>Fyysiset ominaisuudet ja mitat<br \/><\/strong>- Pistorasia: PX32d-5<br \/>- Pituus: 83.2 mm<br \/>- Halkaisija: 9 mm<br \/>- Tuotteen paino: 60,20 g<\/p>\n<p><strong>Elinik\u00e4iset tiedot<\/strong><br \/>- Elinik\u00e4 Tc: 1500 tuntia<br \/>- Elinik\u00e4 B3: 1000 tuntia<\/p>","protected":false},"excerpt":{"rendered":"<p>Eritt\u00e4in valkoinen ksenonvalo, joka luo LED-tunnelman.<\/p>","protected":false},"featured_media":7248,"comment_status":"closed","ping_status":"open","template":"","meta":{"_acf_changed":false,"_smort_price_nok":"1885","_smort_price_dkk":"1198","_smort_price_eur":"160.45","_smort_sale_price_nok":"","_smort_sale_price_dkk":"","_smort_sale_price_eur":"120.34","smort_restorder":"","shipmondo_restorder":"","_kad_blocks_custom_css":"","_kad_blocks_head_custom_js":"","_kad_blocks_body_custom_js":"","_kad_blocks_footer_custom_js":"","smort_custom_pricelist_1":"1292.8","smort_custom_pricelist_2":"1292.8","smort_custom_pricelist_3":"1228.16","smort_custom_pricelist_4":"1616","smort_custom_pricelist_5":"1292.8"},"anvandningsomrade":[],"bilmarken":[],"product_brand":[108],"product_cat":[2483,733],"product_tag":[],"class_list":{"0":"post-7247","1":"product","2":"type-product","3":"status-publish","4":"has-post-thumbnail","6":"product_brand-osram","7":"product_cat-xenon","8":"product_cat-halvljus-helljus","9":"pa_faktisk-effekts-forbrukning-847","10":"pa_fargtemperatur-7000k","11":"pa_lampsockel-kontakt-d3s","13":"first","14":"instock","15":"taxable","16":"shipping-taxable","17":"purchasable","18":"product-type-simple"},"bundled_by":[],"bundle_stock_status":"instock","bundle_stock_quantity":13,"bundle_virtual":false,"bundle_layout":"","bundle_add_to_cart_form_location":"","bundle_editable_in_cart":false,"bundle_sold_individually_context":"","bundle_item_grouping":"","bundle_min_size":"","bundle_max_size":"","bundle_price":[],"bundled_items":[],"bundle_sell_ids":[],"acf":[],"yoast_head":"<!-- This site is optimized with the Yoast SEO plugin v27.0 - https:\/\/yoast.com\/product\/yoast-seo-wordpress\/ -->\n<title>D3S Osram Xenarc\u00ae Cool blue boost - Xenonkungen<\/title>\n<meta name=\"robots\" content=\"index, follow, max-snippet:-1, max-image-preview:large, max-video-preview:-1\" \/>\n<link rel=\"canonical\" href=\"https:\/\/xenonkungen.com\/fi\/tuote\/osram-d3s-xenarc-cool-blue-boost\/\" \/>\n<meta property=\"og:locale\" content=\"fi_FI\" \/>\n<meta property=\"og:type\" content=\"article\" \/>\n<meta property=\"og:title\" content=\"D3S Osram Xenarc\u00ae Cool blue boost - Xenonkungen\" \/>\n<meta property=\"og:description\" content=\"Extremt vitt xenonljus som skapar LED-k\u00e4nsla\" \/>\n<meta property=\"og:url\" content=\"https:\/\/xenonkungen.com\/fi\/tuote\/osram-d3s-xenarc-cool-blue-boost\/\" \/>\n<meta property=\"og:site_name\" content=\"Xenonkungen\" \/>\n<meta property=\"article:modified_time\" content=\"2026-04-11T00:27:06+00:00\" \/>\n<meta property=\"og:image\" content=\"https:\/\/xenonkungen.com\/wp-content\/uploads\/2025\/04\/182469879-origpic-5ecaca.jpg\" \/>\n\t<meta property=\"og:image:width\" content=\"900\" \/>\n\t<meta property=\"og:image:height\" content=\"900\" \/>\n\t<meta property=\"og:image:type\" content=\"image\/jpeg\" \/>\n<meta name=\"twitter:card\" content=\"summary_large_image\" \/>\n<meta name=\"twitter:label1\" content=\"Arvioitu lukuaika\" \/>\n\t<meta name=\"twitter:data1\" content=\"1 minuutti\" \/>\n<script type=\"application\/ld+json\" class=\"yoast-schema-graph\">{\"@context\":\"https:\/\/schema.org\",\"@graph\":[{\"@type\":\"WebPage\",\"@id\":\"https:\/\/xenonkungen.com\/produkt\/d3s-osram-xenarc-cool-blue-boost\/\",\"url\":\"https:\/\/xenonkungen.com\/produkt\/d3s-osram-xenarc-cool-blue-boost\/\",\"name\":\"D3S Osram Xenarc\u00ae Cool blue boost - Xenonkungen\",\"isPartOf\":{\"@id\":\"https:\/\/xenonkungen.com\/#website\"},\"primaryImageOfPage\":{\"@id\":\"https:\/\/xenonkungen.com\/produkt\/d3s-osram-xenarc-cool-blue-boost\/#primaryimage\"},\"image\":{\"@id\":\"https:\/\/xenonkungen.com\/produkt\/d3s-osram-xenarc-cool-blue-boost\/#primaryimage\"},\"thumbnailUrl\":\"https:\/\/xenonkungen.com\/wp-content\/uploads\/2025\/04\/182469879-origpic-5ecaca.jpg\",\"datePublished\":\"2025-04-15T09:53:28+00:00\",\"dateModified\":\"2026-04-11T00:27:06+00:00\",\"breadcrumb\":{\"@id\":\"https:\/\/xenonkungen.com\/produkt\/d3s-osram-xenarc-cool-blue-boost\/#breadcrumb\"},\"inLanguage\":\"fi\",\"potentialAction\":[{\"@type\":\"ReadAction\",\"target\":[\"https:\/\/xenonkungen.com\/produkt\/d3s-osram-xenarc-cool-blue-boost\/\"]}]},{\"@type\":\"ImageObject\",\"inLanguage\":\"fi\",\"@id\":\"https:\/\/xenonkungen.com\/produkt\/d3s-osram-xenarc-cool-blue-boost\/#primaryimage\",\"url\":\"https:\/\/xenonkungen.com\/wp-content\/uploads\/2025\/04\/182469879-origpic-5ecaca.jpg\",\"contentUrl\":\"https:\/\/xenonkungen.com\/wp-content\/uploads\/2025\/04\/182469879-origpic-5ecaca.jpg\",\"width\":900,\"height\":900},{\"@type\":\"BreadcrumbList\",\"@id\":\"https:\/\/xenonkungen.com\/produkt\/d3s-osram-xenarc-cool-blue-boost\/#breadcrumb\",\"itemListElement\":[{\"@type\":\"ListItem\",\"position\":1,\"name\":\"Hem\",\"item\":\"https:\/\/xenonkungen.com\/\"},{\"@type\":\"ListItem\",\"position\":2,\"name\":\"Shop\",\"item\":\"https:\/\/xenonkungen.com\/shop\/\"},{\"@type\":\"ListItem\",\"position\":3,\"name\":\"D3S Osram Xenarc\u00ae Cool blue boost\"}]},{\"@type\":\"WebSite\",\"@id\":\"https:\/\/xenonkungen.com\/#website\",\"url\":\"https:\/\/xenonkungen.com\/\",\"name\":\"Xenonkungen\",\"description\":\"\",\"potentialAction\":[{\"@type\":\"SearchAction\",\"target\":{\"@type\":\"EntryPoint\",\"urlTemplate\":\"https:\/\/xenonkungen.com\/?s={search_term_string}\"},\"query-input\":{\"@type\":\"PropertyValueSpecification\",\"valueRequired\":true,\"valueName\":\"search_term_string\"}}],\"inLanguage\":\"fi\"}]}<\/script>\n<!-- \/ Yoast SEO plugin. -->","yoast_head_json":{"title":"D3S Osram Xenarc\u00ae Viile\u00e4n sinisen tehostuksen polttimo - Ksenonkuningas","robots":{"index":"index","follow":"follow","max-snippet":"max-snippet:-1","max-image-preview":"max-image-preview:large","max-video-preview":"max-video-preview:-1"},"canonical":"https:\/\/xenonkungen.com\/fi\/tuote\/osram-d3s-xenarc-cool-blue-boost\/","og_locale":"fi_FI","og_type":"article","og_title":"D3S Osram Xenarc\u00ae Cool blue boost - Xenonkungen","og_description":"Extremt vitt xenonljus som skapar LED-k\u00e4nsla","og_url":"https:\/\/xenonkungen.com\/fi\/tuote\/osram-d3s-xenarc-cool-blue-boost\/","og_site_name":"Xenonkungen","article_modified_time":"2026-04-11T00:27:06+00:00","og_image":[{"width":900,"height":900,"url":"https:\/\/xenonkungen.com\/wp-content\/uploads\/2025\/04\/182469879-origpic-5ecaca.jpg","type":"image\/jpeg"}],"twitter_card":"summary_large_image","twitter_misc":{"Arvioitu lukuaika":"1 minuutti"},"schema":{"@context":"https:\/\/schema.org","@graph":[{"@type":"WebPage","@id":"https:\/\/xenonkungen.com\/produkt\/d3s-osram-xenarc-cool-blue-boost\/","url":"https:\/\/xenonkungen.com\/produkt\/d3s-osram-xenarc-cool-blue-boost\/","name":"D3S Osram Xenarc\u00ae Viile\u00e4n sinisen tehostuksen polttimo - Ksenonkuningas","isPartOf":{"@id":"https:\/\/xenonkungen.com\/#website"},"primaryImageOfPage":{"@id":"https:\/\/xenonkungen.com\/produkt\/d3s-osram-xenarc-cool-blue-boost\/#primaryimage"},"image":{"@id":"https:\/\/xenonkungen.com\/produkt\/d3s-osram-xenarc-cool-blue-boost\/#primaryimage"},"thumbnailUrl":"https:\/\/xenonkungen.com\/wp-content\/uploads\/2025\/04\/182469879-origpic-5ecaca.jpg","datePublished":"2025-04-15T09:53:28+00:00","dateModified":"2026-04-11T00:27:06+00:00","breadcrumb":{"@id":"https:\/\/xenonkungen.com\/produkt\/d3s-osram-xenarc-cool-blue-boost\/#breadcrumb"},"inLanguage":"fi","potentialAction":[{"@type":"ReadAction","target":["https:\/\/xenonkungen.com\/produkt\/d3s-osram-xenarc-cool-blue-boost\/"]}]},{"@type":"ImageObject","inLanguage":"fi","@id":"https:\/\/xenonkungen.com\/produkt\/d3s-osram-xenarc-cool-blue-boost\/#primaryimage","url":"https:\/\/xenonkungen.com\/wp-content\/uploads\/2025\/04\/182469879-origpic-5ecaca.jpg","contentUrl":"https:\/\/xenonkungen.com\/wp-content\/uploads\/2025\/04\/182469879-origpic-5ecaca.jpg","width":900,"height":900},{"@type":"BreadcrumbList","@id":"https:\/\/xenonkungen.com\/produkt\/d3s-osram-xenarc-cool-blue-boost\/#breadcrumb","itemListElement":[{"@type":"ListItem","position":1,"name":"Hem","item":"https:\/\/xenonkungen.com\/"},{"@type":"ListItem","position":2,"name":"Shop","item":"https:\/\/xenonkungen.com\/shop\/"},{"@type":"ListItem","position":3,"name":"D3S Osram Xenarc\u00ae Cool blue boost"}]},{"@type":"WebSite","@id":"https:\/\/xenonkungen.com\/#website","url":"https:\/\/xenonkungen.com\/","name":"Xenonkungen","description":"","potentialAction":[{"@type":"SearchAction","target":{"@type":"EntryPoint","urlTemplate":"https:\/\/xenonkungen.com\/?s={search_term_string}"},"query-input":{"@type":"PropertyValueSpecification","valueRequired":true,"valueName":"search_term_string"}}],"inLanguage":"fi"}]}},"taxonomy_info":{"product_brand":[{"value":108,"label":"OSRAM"}],"product_cat":[{"value":2483,"label":"Xenon"},{"value":733,"label":"Halvljus \/ Helljus"}],"pa_faktisk-effekts-forbrukning":[{"value":847,"label":"35"}],"pa_fargtemperatur":[{"value":1888,"label":"7000K"}],"pa_lampsockel-kontakt":[{"value":759,"label":"D3S"}]},"featured_image_src_large":["https:\/\/xenonkungen.com\/wp-content\/uploads\/2025\/04\/182469879-origpic-5ecaca.jpg",900,900,false],"author_info":[],"comment_info":0,"_links":{"self":[{"href":"https:\/\/xenonkungen.com\/fi\/wp-json\/wp\/v2\/product\/7247","targetHints":{"allow":["GET"]}}],"collection":[{"href":"https:\/\/xenonkungen.com\/fi\/wp-json\/wp\/v2\/product"}],"about":[{"href":"https:\/\/xenonkungen.com\/fi\/wp-json\/wp\/v2\/types\/product"}],"replies":[{"embeddable":true,"href":"https:\/\/xenonkungen.com\/fi\/wp-json\/wp\/v2\/comments?post=7247"}],"wp:featuredmedia":[{"embeddable":true,"href":"https:\/\/xenonkungen.com\/fi\/wp-json\/wp\/v2\/media\/7248"}],"wp:attachment":[{"href":"https:\/\/xenonkungen.com\/fi\/wp-json\/wp\/v2\/media?parent=7247"}],"wp:term":[{"taxonomy":"anvandningsomrade","embeddable":true,"href":"https:\/\/xenonkungen.com\/fi\/wp-json\/wp\/v2\/anvandningsomrade?post=7247"},{"taxonomy":"bilmarken","embeddable":true,"href":"https:\/\/xenonkungen.com\/fi\/wp-json\/wp\/v2\/bilmarken?post=7247"},{"taxonomy":"product_brand","embeddable":true,"href":"https:\/\/xenonkungen.com\/fi\/wp-json\/wp\/v2\/product_brand?post=7247"},{"taxonomy":"product_cat","embeddable":true,"href":"https:\/\/xenonkungen.com\/fi\/wp-json\/wp\/v2\/product_cat?post=7247"},{"taxonomy":"product_tag","embeddable":true,"href":"https:\/\/xenonkungen.com\/fi\/wp-json\/wp\/v2\/product_tag?post=7247"}],"curies":[{"name":"wp","href":"https:\/\/api.w.org\/{rel}","templated":true}]}}