{"id":7295,"date":"2025-04-15T09:53:57","date_gmt":"2025-04-15T09:53:57","guid":{"rendered":"https:\/\/xenonkungen.com\/product\/d8s-xenarc-cool-blue-intense-ng-styck\/"},"modified":"2026-04-11T01:27:41","modified_gmt":"2026-04-11T00:27:41","slug":"d8s-xenarc-viilean-sininen-intensiivinen-ng-kukin","status":"publish","type":"product","link":"https:\/\/xenonkungen.com\/fi\/tuote\/d8s-xenarc-viilean-sininen-intensiivinen-ng-kukin\/","title":{"rendered":"D8S XENARC\u00ae Cool Blue Intense (NG) | kpl"},"content":{"rendered":"<p>Eritt\u00e4in valkoinen valo jopa 6 200 K<\/p>\n<p>XENARC COOL BLUE INTENSE tarjoaa modernin ilmeen ja suuren kirkkauden! Korkean kontrastin omaavan ksenonvalon, jonka ylim\u00e4\u00e4r\u00e4inen valkoinen valo muistuttaa LED-valaistusta, ansiosta t\u00e4m\u00e4 autovalaisin sopii kuljettajille, jotka pit\u00e4v\u00e4t tyylikk\u00e4\u00e4n ja yksil\u00f6llisen muotoilun ja tien poikkeuksellisen valaistuksen yhdistelm\u00e4st\u00e4. <\/p>\n<p>Huipputekninen ksenonlamppu, jonka v\u00e4ril\u00e4mp\u00f6tila on jopa 6 200 kelvini\u00e4, tarjoaa eritt\u00e4in tehokasta tekniikkaa, voimakkaan valotehon ja tinkim\u00e4tt\u00f6m\u00e4n muotoilun. Tavallisen pinnoitetun lasin sijasta k\u00e4ytetyn erityisen t\u00e4ytteen ansiosta lamppu voi s\u00e4teill\u00e4 erityisen valkoista valoa. Tyylik\u00e4s valo luo ohittamattoman vaikutelman, jonka ansiosta muut autoilijat n\u00e4kev\u00e4t sinut paremmin. <\/p>\n<p>Tutustu poikkeuksellisen kirkkaaseen, kontrastikkaaseen ja eritt\u00e4in valkoiseen valoon, jonka v\u00e4ril\u00e4mp\u00f6tila on jopa 6 200 kelvini\u00e4 ja jonka valoteho on 150 % suurempi! XENARC COOL BLUE INTENSE -valon avulla y\u00f6 muuttuu p\u00e4iv\u00e4ksi. <\/p>\n<p>Lamppu ei ole yhteensopiva muiden ksenonvaloj\u00e4rjestelmien (D1S, D3S) kanssa.<\/p>\n<p>Xenon-valo D8S on saatavana muun muassa seuraaviin autoihin:<br \/>Audi A1 Sportback<br \/>Audi A1<br \/>Tesla<br \/>VW Caddy 2017<\/p>\n<p>Osramin takuu 1 vuosi.<\/p>\n<p>Huomaa, ett\u00e4 t\u00e4m\u00e4 valaisin myyd\u00e4\u00e4n yksitt\u00e4in.<\/p>","protected":false},"excerpt":{"rendered":"<p>XENARC COOL BLUE INTENSE D8S ksenonvalaisin Osramilta, sopii Teslaan, VW Amarokiin jne. <\/p>\n<p>Eritt\u00e4in valkoinen valo jopa 6 200 K<\/p>","protected":false},"featured_media":7296,"comment_status":"closed","ping_status":"open","template":"","meta":{"_acf_changed":false,"_smort_price_nok":"1175","_smort_price_dkk":"746","_smort_price_eur":"100","_smort_sale_price_nok":"","_smort_sale_price_dkk":"","_smort_sale_price_eur":"75","smort_restorder":"","shipmondo_restorder":"","_kad_blocks_custom_css":"","_kad_blocks_head_custom_js":"","_kad_blocks_body_custom_js":"","_kad_blocks_footer_custom_js":"","smort_custom_pricelist_1":"704","smort_custom_pricelist_2":"704","smort_custom_pricelist_3":"668.8","smort_custom_pricelist_4":"880","smort_custom_pricelist_5":"704"},"anvandningsomrade":[],"bilmarken":[],"product_brand":[108],"product_cat":[2483,733],"product_tag":[],"class_list":{"0":"post-7295","1":"product","2":"type-product","3":"status-publish","4":"has-post-thumbnail","6":"product_brand-osram","7":"product_cat-xenon","8":"product_cat-halvljus-helljus","9":"pa_faktisk-effekts-forbrukning-847","10":"pa_fargtemperatur-6200k","11":"pa_lampsockel-kontakt-d8s","13":"first","14":"instock","15":"taxable","16":"shipping-taxable","17":"purchasable","18":"product-type-simple"},"bundled_by":[],"bundle_stock_status":"instock","bundle_stock_quantity":6,"bundle_virtual":false,"bundle_layout":"","bundle_add_to_cart_form_location":"","bundle_editable_in_cart":false,"bundle_sold_individually_context":"","bundle_item_grouping":"","bundle_min_size":"","bundle_max_size":"","bundle_price":[],"bundled_items":[],"bundle_sell_ids":[],"acf":[],"yoast_head":"<!-- This site is optimized with the Yoast SEO plugin v27.0 - https:\/\/yoast.com\/product\/yoast-seo-wordpress\/ -->\n<title>D8S XENARC\u00ae Cool Blue Intense (NG) | Styck - Xenonkungen<\/title>\n<meta name=\"robots\" content=\"index, follow, max-snippet:-1, max-image-preview:large, max-video-preview:-1\" \/>\n<link rel=\"canonical\" href=\"https:\/\/xenonkungen.com\/fi\/tuote\/d8s-xenarc-viilean-sininen-intensiivinen-ng-kukin\/\" \/>\n<meta property=\"og:locale\" content=\"fi_FI\" \/>\n<meta property=\"og:type\" content=\"article\" \/>\n<meta property=\"og:title\" content=\"D8S XENARC\u00ae Cool Blue Intense (NG) | Styck - Xenonkungen\" \/>\n<meta property=\"og:description\" content=\"XENARC COOL BLUE INTENSE D8S Xenonlampa fr\u00e5n Osram. Passar tex Tesla, VW Amarok mfl.  Extra vitt ljus med upp till 6 200 K\" \/>\n<meta property=\"og:url\" content=\"https:\/\/xenonkungen.com\/fi\/tuote\/d8s-xenarc-viilean-sininen-intensiivinen-ng-kukin\/\" \/>\n<meta property=\"og:site_name\" content=\"Xenonkungen\" \/>\n<meta property=\"article:modified_time\" content=\"2026-04-11T00:27:41+00:00\" \/>\n<meta property=\"og:image\" content=\"https:\/\/xenonkungen.com\/wp-content\/uploads\/2025\/04\/185559251-origpic-5ebf01.jpg\" \/>\n\t<meta property=\"og:image:width\" content=\"900\" \/>\n\t<meta property=\"og:image:height\" content=\"1174\" \/>\n\t<meta property=\"og:image:type\" content=\"image\/jpeg\" \/>\n<meta name=\"twitter:card\" content=\"summary_large_image\" \/>\n<meta name=\"twitter:label1\" content=\"Arvioitu lukuaika\" \/>\n\t<meta name=\"twitter:data1\" content=\"1 minuutti\" \/>\n<script type=\"application\/ld+json\" class=\"yoast-schema-graph\">{\"@context\":\"https:\/\/schema.org\",\"@graph\":[{\"@type\":\"WebPage\",\"@id\":\"https:\/\/xenonkungen.com\/produkt\/d8s-xenarc-cool-blue-intense-ng-styck\/\",\"url\":\"https:\/\/xenonkungen.com\/produkt\/d8s-xenarc-cool-blue-intense-ng-styck\/\",\"name\":\"D8S XENARC\u00ae Cool Blue Intense (NG) | Styck - Xenonkungen\",\"isPartOf\":{\"@id\":\"https:\/\/xenonkungen.com\/#website\"},\"primaryImageOfPage\":{\"@id\":\"https:\/\/xenonkungen.com\/produkt\/d8s-xenarc-cool-blue-intense-ng-styck\/#primaryimage\"},\"image\":{\"@id\":\"https:\/\/xenonkungen.com\/produkt\/d8s-xenarc-cool-blue-intense-ng-styck\/#primaryimage\"},\"thumbnailUrl\":\"https:\/\/xenonkungen.com\/wp-content\/uploads\/2025\/04\/185559251-origpic-5ebf01.jpg\",\"datePublished\":\"2025-04-15T09:53:57+00:00\",\"dateModified\":\"2026-04-11T00:27:41+00:00\",\"breadcrumb\":{\"@id\":\"https:\/\/xenonkungen.com\/produkt\/d8s-xenarc-cool-blue-intense-ng-styck\/#breadcrumb\"},\"inLanguage\":\"fi\",\"potentialAction\":[{\"@type\":\"ReadAction\",\"target\":[\"https:\/\/xenonkungen.com\/produkt\/d8s-xenarc-cool-blue-intense-ng-styck\/\"]}]},{\"@type\":\"ImageObject\",\"inLanguage\":\"fi\",\"@id\":\"https:\/\/xenonkungen.com\/produkt\/d8s-xenarc-cool-blue-intense-ng-styck\/#primaryimage\",\"url\":\"https:\/\/xenonkungen.com\/wp-content\/uploads\/2025\/04\/185559251-origpic-5ebf01.jpg\",\"contentUrl\":\"https:\/\/xenonkungen.com\/wp-content\/uploads\/2025\/04\/185559251-origpic-5ebf01.jpg\",\"width\":900,\"height\":1174},{\"@type\":\"BreadcrumbList\",\"@id\":\"https:\/\/xenonkungen.com\/produkt\/d8s-xenarc-cool-blue-intense-ng-styck\/#breadcrumb\",\"itemListElement\":[{\"@type\":\"ListItem\",\"position\":1,\"name\":\"Hem\",\"item\":\"https:\/\/xenonkungen.com\/\"},{\"@type\":\"ListItem\",\"position\":2,\"name\":\"Shop\",\"item\":\"https:\/\/xenonkungen.com\/shop\/\"},{\"@type\":\"ListItem\",\"position\":3,\"name\":\"D8S XENARC\u00ae Cool Blue Intense (NG) | Styck\"}]},{\"@type\":\"WebSite\",\"@id\":\"https:\/\/xenonkungen.com\/#website\",\"url\":\"https:\/\/xenonkungen.com\/\",\"name\":\"Xenonkungen\",\"description\":\"\",\"potentialAction\":[{\"@type\":\"SearchAction\",\"target\":{\"@type\":\"EntryPoint\",\"urlTemplate\":\"https:\/\/xenonkungen.com\/?s={search_term_string}\"},\"query-input\":{\"@type\":\"PropertyValueSpecification\",\"valueRequired\":true,\"valueName\":\"search_term_string\"}}],\"inLanguage\":\"fi\"}]}<\/script>\n<!-- \/ Yoast SEO plugin. -->","yoast_head_json":{"title":"D8S XENARC\u00ae Cool Blue Intense (NG) | Pala - Ksenonkuningas","robots":{"index":"index","follow":"follow","max-snippet":"max-snippet:-1","max-image-preview":"max-image-preview:large","max-video-preview":"max-video-preview:-1"},"canonical":"https:\/\/xenonkungen.com\/fi\/tuote\/d8s-xenarc-viilean-sininen-intensiivinen-ng-kukin\/","og_locale":"fi_FI","og_type":"article","og_title":"D8S XENARC\u00ae Cool Blue Intense (NG) | Styck - Xenonkungen","og_description":"XENARC COOL BLUE INTENSE D8S Xenonlampa fr\u00e5n Osram. Passar tex Tesla, VW Amarok mfl.  Extra vitt ljus med upp till 6 200 K","og_url":"https:\/\/xenonkungen.com\/fi\/tuote\/d8s-xenarc-viilean-sininen-intensiivinen-ng-kukin\/","og_site_name":"Xenonkungen","article_modified_time":"2026-04-11T00:27:41+00:00","og_image":[{"width":900,"height":1174,"url":"https:\/\/xenonkungen.com\/wp-content\/uploads\/2025\/04\/185559251-origpic-5ebf01.jpg","type":"image\/jpeg"}],"twitter_card":"summary_large_image","twitter_misc":{"Arvioitu lukuaika":"1 minuutti"},"schema":{"@context":"https:\/\/schema.org","@graph":[{"@type":"WebPage","@id":"https:\/\/xenonkungen.com\/produkt\/d8s-xenarc-cool-blue-intense-ng-styck\/","url":"https:\/\/xenonkungen.com\/produkt\/d8s-xenarc-cool-blue-intense-ng-styck\/","name":"D8S XENARC\u00ae Cool Blue Intense (NG) | Pala - Ksenonkuningas","isPartOf":{"@id":"https:\/\/xenonkungen.com\/#website"},"primaryImageOfPage":{"@id":"https:\/\/xenonkungen.com\/produkt\/d8s-xenarc-cool-blue-intense-ng-styck\/#primaryimage"},"image":{"@id":"https:\/\/xenonkungen.com\/produkt\/d8s-xenarc-cool-blue-intense-ng-styck\/#primaryimage"},"thumbnailUrl":"https:\/\/xenonkungen.com\/wp-content\/uploads\/2025\/04\/185559251-origpic-5ebf01.jpg","datePublished":"2025-04-15T09:53:57+00:00","dateModified":"2026-04-11T00:27:41+00:00","breadcrumb":{"@id":"https:\/\/xenonkungen.com\/produkt\/d8s-xenarc-cool-blue-intense-ng-styck\/#breadcrumb"},"inLanguage":"fi","potentialAction":[{"@type":"ReadAction","target":["https:\/\/xenonkungen.com\/produkt\/d8s-xenarc-cool-blue-intense-ng-styck\/"]}]},{"@type":"ImageObject","inLanguage":"fi","@id":"https:\/\/xenonkungen.com\/produkt\/d8s-xenarc-cool-blue-intense-ng-styck\/#primaryimage","url":"https:\/\/xenonkungen.com\/wp-content\/uploads\/2025\/04\/185559251-origpic-5ebf01.jpg","contentUrl":"https:\/\/xenonkungen.com\/wp-content\/uploads\/2025\/04\/185559251-origpic-5ebf01.jpg","width":900,"height":1174},{"@type":"BreadcrumbList","@id":"https:\/\/xenonkungen.com\/produkt\/d8s-xenarc-cool-blue-intense-ng-styck\/#breadcrumb","itemListElement":[{"@type":"ListItem","position":1,"name":"Hem","item":"https:\/\/xenonkungen.com\/"},{"@type":"ListItem","position":2,"name":"Shop","item":"https:\/\/xenonkungen.com\/shop\/"},{"@type":"ListItem","position":3,"name":"D8S XENARC\u00ae Cool Blue Intense (NG) | Styck"}]},{"@type":"WebSite","@id":"https:\/\/xenonkungen.com\/#website","url":"https:\/\/xenonkungen.com\/","name":"Xenonkungen","description":"","potentialAction":[{"@type":"SearchAction","target":{"@type":"EntryPoint","urlTemplate":"https:\/\/xenonkungen.com\/?s={search_term_string}"},"query-input":{"@type":"PropertyValueSpecification","valueRequired":true,"valueName":"search_term_string"}}],"inLanguage":"fi"}]}},"taxonomy_info":{"product_brand":[{"value":108,"label":"OSRAM"}],"product_cat":[{"value":2483,"label":"Xenon"},{"value":733,"label":"Halvljus \/ Helljus"}],"pa_faktisk-effekts-forbrukning":[{"value":847,"label":"35"}],"pa_fargtemperatur":[{"value":1889,"label":"6200K"}],"pa_lampsockel-kontakt":[{"value":764,"label":"D8S"}]},"featured_image_src_large":["https:\/\/xenonkungen.com\/wp-content\/uploads\/2025\/04\/185559251-origpic-5ebf01-785x1024.jpg",785,1024,true],"author_info":[],"comment_info":0,"_links":{"self":[{"href":"https:\/\/xenonkungen.com\/fi\/wp-json\/wp\/v2\/product\/7295","targetHints":{"allow":["GET"]}}],"collection":[{"href":"https:\/\/xenonkungen.com\/fi\/wp-json\/wp\/v2\/product"}],"about":[{"href":"https:\/\/xenonkungen.com\/fi\/wp-json\/wp\/v2\/types\/product"}],"replies":[{"embeddable":true,"href":"https:\/\/xenonkungen.com\/fi\/wp-json\/wp\/v2\/comments?post=7295"}],"wp:featuredmedia":[{"embeddable":true,"href":"https:\/\/xenonkungen.com\/fi\/wp-json\/wp\/v2\/media\/7296"}],"wp:attachment":[{"href":"https:\/\/xenonkungen.com\/fi\/wp-json\/wp\/v2\/media?parent=7295"}],"wp:term":[{"taxonomy":"anvandningsomrade","embeddable":true,"href":"https:\/\/xenonkungen.com\/fi\/wp-json\/wp\/v2\/anvandningsomrade?post=7295"},{"taxonomy":"bilmarken","embeddable":true,"href":"https:\/\/xenonkungen.com\/fi\/wp-json\/wp\/v2\/bilmarken?post=7295"},{"taxonomy":"product_brand","embeddable":true,"href":"https:\/\/xenonkungen.com\/fi\/wp-json\/wp\/v2\/product_brand?post=7295"},{"taxonomy":"product_cat","embeddable":true,"href":"https:\/\/xenonkungen.com\/fi\/wp-json\/wp\/v2\/product_cat?post=7295"},{"taxonomy":"product_tag","embeddable":true,"href":"https:\/\/xenonkungen.com\/fi\/wp-json\/wp\/v2\/product_tag?post=7295"}],"curies":[{"name":"wp","href":"https:\/\/api.w.org\/{rel}","templated":true}]}}