{"id":7350,"date":"2025-04-15T09:54:34","date_gmt":"2025-04-15T09:54:34","guid":{"rendered":"https:\/\/xenonkungen.com\/product\/ledriving-ledlampa-sl-p21-5w-2\/"},"modified":"2026-03-25T09:15:44","modified_gmt":"2026-03-25T08:15:44","slug":"ledriving-led-lamppu-sl-p21-5w-2","status":"publish","type":"product","link":"https:\/\/xenonkungen.com\/fi\/tuote\/ledriving-led-lamppu-sl-p21-5w-2\/","title":{"rendered":"LEDriving\u00ae LED-valaisin SL P21\/5W"},"content":{"rendered":"<p>Sopiva LED-vaihtolamppu P21\/5W:lle<\/p>\n<p>LEDriving SL P21\/5W -korvauslamput tarjoavat modernin ja voimakkaan valon. N\u00e4m\u00e4 korvaavat lamput sopivat kaikkiin tavanomaisiin P21\/5W-lampun kantaan.<br \/>Tavallisiin lamppuihin verrattuna n\u00e4m\u00e4 LED-vaihtolamput kuluttavat jopa 80 % v\u00e4hemm\u00e4n energiaa. OSRAM my\u00f6nt\u00e4\u00e4 4 vuoden takuun n\u00e4ille LEDriving SL -lampuille.<\/p>\n<p>N\u00e4m\u00e4 tuotteet eiv\u00e4t ole ECE-hyv\u00e4ksyttyj\u00e4, eik\u00e4 niit\u00e4 saa k\u00e4ytt\u00e4\u00e4 yleisill\u00e4 teill\u00e4 ulkok\u00e4yt\u00f6ss\u00e4.<br \/>T\u00e4ss\u00e4 on p\u00e4ivitetty eritelm\u00e4, joka perustuu toimittamiisi uusimpiin tietoihin:<\/p>\n<p>S\u00e4hk\u00f6iset tiedot:<br \/>- Maksimiteho: 1,49 \/ 0,92 W<br \/>- Nimellinen nimellisj\u00e4nnite: 12,0 V<br \/>- Nimellinen teho: 1,30\/0,80 W<br \/>- Virrankulutuksen toleranssi: \u00b125 %<br \/>- Testij\u00e4nnite voltteina: 13,5 V<\/p>\n<p>Fotometriset tiedot:<br \/>- Valovirta: 55\/10 lm<br \/>- Valovirta, toleranssi: \u00b125 % %<br \/>- LED-valon v\u00e4ri: keltainen<\/p>\n<p>Mitat:<br \/>- Halkaisija: 27,0 mm<br \/>- Tuotteen paino: 16,00 g<br \/>- Pituus: 52,5 mm<\/p>\n<p>Elinajanodote:<br \/>- K\u00e4ytt\u00f6ik\u00e4 B3: 1500 h<br \/>- Elinik\u00e4 Tc tunteina: 4000 h<br \/>- Takuu: 4 vuotta<\/p>\n<p>T\u00e4ydent\u00e4v\u00e4t tuotetiedot:<br \/>- Pohja: BAY15d<\/p>","protected":false},"excerpt":{"rendered":"<p>P21\/5W-BAY15d Osramin keltaisella valolla varustettu lamppu.<\/p>","protected":false},"featured_media":7351,"comment_status":"closed","ping_status":"open","template":"","meta":{"_acf_changed":false,"_smort_price_nok":"198","_smort_price_dkk":"126","_smort_price_eur":"16.82","_smort_sale_price_nok":"","_smort_sale_price_dkk":"","_smort_sale_price_eur":"","smort_restorder":"","shipmondo_restorder":"","_kad_blocks_custom_css":"","_kad_blocks_head_custom_js":"","_kad_blocks_body_custom_js":"","_kad_blocks_footer_custom_js":"","smort_custom_pricelist_1":"118.4","smort_custom_pricelist_2":"111","smort_custom_pricelist_3":"105.45","smort_custom_pricelist_4":"148","smort_custom_pricelist_5":"110.19"},"anvandningsomrade":[167],"bilmarken":[208,240,194,241,242,195,243,209,244,245,246,247,248,210,249,196,250,251,252,253,197,211,254,212,255,256,257,258,259,213,260,261,198,262,263,264,265,266,267,199,268,269,270,271,200,272,273,274,215,275,276,277,278,201,279,202,280,281,216,282,203,283,284,285,286,204,217,218,287,288,289,290,219,205,169,291],"product_brand":[108],"product_cat":[1894],"product_tag":[],"class_list":{"0":"post-7350","1":"product","2":"type-product","3":"status-publish","4":"has-post-thumbnail","6":"anvandningsomrade-personbil","7":"bilmarken-abarth","8":"bilmarken-acura","9":"bilmarken-alfa-romeo","10":"bilmarken-alpina","11":"bilmarken-aston-martin","12":"bilmarken-audi","13":"bilmarken-bentley","14":"bilmarken-bmw","15":"bilmarken-bugatti","16":"bilmarken-buick","17":"bilmarken-cadillac","18":"bilmarken-chevrolet","19":"bilmarken-chrysler","20":"bilmarken-citroen","21":"bilmarken-cupra","22":"bilmarken-dacia","23":"bilmarken-daewoo","24":"bilmarken-daihatsu","25":"bilmarken-dodge","26":"bilmarken-ds","27":"bilmarken-ferrari","28":"bilmarken-fiat","29":"bilmarken-fisker","30":"bilmarken-ford","31":"bilmarken-geely","32":"bilmarken-genesis","33":"bilmarken-gmc","34":"bilmarken-honda","35":"bilmarken-hummer","36":"bilmarken-hyundai","37":"bilmarken-infiniti","38":"bilmarken-isuzu","39":"bilmarken-iveco","40":"bilmarken-jaguar","41":"bilmarken-jeep","42":"bilmarken-kia","43":"bilmarken-koenigsegg","44":"bilmarken-lada","45":"bilmarken-lamborghini","46":"bilmarken-lancia","47":"bilmarken-land-rover","48":"bilmarken-lexus","49":"bilmarken-lincoln","50":"bilmarken-lotus","51":"bilmarken-maserati","52":"bilmarken-maxus","53":"bilmarken-mazda","54":"bilmarken-mclaren","55":"bilmarken-mercedes-benz","56":"bilmarken-mg","57":"bilmarken-mini","58":"bilmarken-mitsubishi","59":"bilmarken-nissan","60":"bilmarken-opel","61":"bilmarken-pagani","62":"bilmarken-peugeot","63":"bilmarken-polestar","64":"bilmarken-pontiac","65":"bilmarken-porsche","66":"bilmarken-ram","67":"bilmarken-renault","68":"bilmarken-rivian","69":"bilmarken-rolls-royce","70":"bilmarken-rover","71":"bilmarken-saab","72":"bilmarken-seat","73":"bilmarken-skoda","74":"bilmarken-smart","75":"bilmarken-ssangyong","76":"bilmarken-subaru","77":"bilmarken-suzuki","78":"bilmarken-tesla","79":"bilmarken-toyota","80":"bilmarken-volkswagen","81":"bilmarken-volvo","82":"bilmarken-wiesmann","83":"product_brand-osram","84":"product_cat-diodlampa","85":"pa_faktisk-effekts-forbrukning-1903","86":"pa_fargtemperatur-gul","87":"pa_lampsockel-kontakt-p215w","88":"pa_volt-v-159","90":"first","91":"instock","92":"taxable","93":"shipping-taxable","94":"purchasable","95":"product-type-simple"},"bundled_by":[],"bundle_stock_status":"instock","bundle_stock_quantity":3,"bundle_virtual":false,"bundle_layout":"","bundle_add_to_cart_form_location":"","bundle_editable_in_cart":false,"bundle_sold_individually_context":"","bundle_item_grouping":"","bundle_min_size":"","bundle_max_size":"","bundle_price":[],"bundled_items":[],"bundle_sell_ids":[],"acf":[],"yoast_head":"<!-- This site is optimized with the Yoast SEO plugin v27.0 - https:\/\/yoast.com\/product\/yoast-seo-wordpress\/ -->\n<title>LEDriving\u00ae LEDlampa SL P21\/5W - Xenonkungen<\/title>\n<meta name=\"robots\" content=\"index, follow, max-snippet:-1, max-image-preview:large, max-video-preview:-1\" \/>\n<link rel=\"canonical\" href=\"https:\/\/xenonkungen.com\/fi\/tuote\/ledriving-led-lamppu-sl-p21-5w-2\/\" \/>\n<meta property=\"og:locale\" content=\"fi_FI\" \/>\n<meta property=\"og:type\" content=\"article\" \/>\n<meta property=\"og:title\" content=\"LEDriving\u00ae LEDlampa SL P21\/5W - Xenonkungen\" \/>\n<meta property=\"og:description\" content=\"P21\/5W-BAY15d Lampa med gult sken fr\u00e5n Osram.\" \/>\n<meta property=\"og:url\" content=\"https:\/\/xenonkungen.com\/fi\/tuote\/ledriving-led-lamppu-sl-p21-5w-2\/\" \/>\n<meta property=\"og:site_name\" content=\"Xenonkungen\" \/>\n<meta property=\"article:modified_time\" content=\"2026-03-25T08:15:44+00:00\" \/>\n<meta property=\"og:image\" content=\"https:\/\/xenonkungen.com\/wp-content\/uploads\/2025\/04\/201830693-origpic-7a4394.jpg\" \/>\n\t<meta property=\"og:image:width\" content=\"691\" \/>\n\t<meta property=\"og:image:height\" content=\"1000\" \/>\n\t<meta property=\"og:image:type\" content=\"image\/jpeg\" \/>\n<meta name=\"twitter:card\" content=\"summary_large_image\" \/>\n<meta name=\"twitter:label1\" content=\"Arvioitu lukuaika\" \/>\n\t<meta name=\"twitter:data1\" content=\"1 minuutti\" \/>\n<script type=\"application\/ld+json\" class=\"yoast-schema-graph\">{\"@context\":\"https:\/\/schema.org\",\"@graph\":[{\"@type\":\"WebPage\",\"@id\":\"https:\/\/xenonkungen.com\/produkt\/ledriving-ledlampa-sl-p21-5w-2\/\",\"url\":\"https:\/\/xenonkungen.com\/produkt\/ledriving-ledlampa-sl-p21-5w-2\/\",\"name\":\"LEDriving\u00ae LEDlampa SL P21\/5W - Xenonkungen\",\"isPartOf\":{\"@id\":\"https:\/\/xenonkungen.com\/#website\"},\"primaryImageOfPage\":{\"@id\":\"https:\/\/xenonkungen.com\/produkt\/ledriving-ledlampa-sl-p21-5w-2\/#primaryimage\"},\"image\":{\"@id\":\"https:\/\/xenonkungen.com\/produkt\/ledriving-ledlampa-sl-p21-5w-2\/#primaryimage\"},\"thumbnailUrl\":\"https:\/\/xenonkungen.com\/wp-content\/uploads\/2025\/04\/201830693-origpic-7a4394.jpg\",\"datePublished\":\"2025-04-15T09:54:34+00:00\",\"dateModified\":\"2026-03-25T08:15:44+00:00\",\"breadcrumb\":{\"@id\":\"https:\/\/xenonkungen.com\/produkt\/ledriving-ledlampa-sl-p21-5w-2\/#breadcrumb\"},\"inLanguage\":\"fi\",\"potentialAction\":[{\"@type\":\"ReadAction\",\"target\":[\"https:\/\/xenonkungen.com\/produkt\/ledriving-ledlampa-sl-p21-5w-2\/\"]}]},{\"@type\":\"ImageObject\",\"inLanguage\":\"fi\",\"@id\":\"https:\/\/xenonkungen.com\/produkt\/ledriving-ledlampa-sl-p21-5w-2\/#primaryimage\",\"url\":\"https:\/\/xenonkungen.com\/wp-content\/uploads\/2025\/04\/201830693-origpic-7a4394.jpg\",\"contentUrl\":\"https:\/\/xenonkungen.com\/wp-content\/uploads\/2025\/04\/201830693-origpic-7a4394.jpg\",\"width\":691,\"height\":1000},{\"@type\":\"BreadcrumbList\",\"@id\":\"https:\/\/xenonkungen.com\/produkt\/ledriving-ledlampa-sl-p21-5w-2\/#breadcrumb\",\"itemListElement\":[{\"@type\":\"ListItem\",\"position\":1,\"name\":\"Hem\",\"item\":\"https:\/\/xenonkungen.com\/\"},{\"@type\":\"ListItem\",\"position\":2,\"name\":\"Shop\",\"item\":\"https:\/\/xenonkungen.com\/shop\/\"},{\"@type\":\"ListItem\",\"position\":3,\"name\":\"LEDriving\u00ae LEDlampa SL P21\/5W\"}]},{\"@type\":\"WebSite\",\"@id\":\"https:\/\/xenonkungen.com\/#website\",\"url\":\"https:\/\/xenonkungen.com\/\",\"name\":\"Xenonkungen\",\"description\":\"\",\"potentialAction\":[{\"@type\":\"SearchAction\",\"target\":{\"@type\":\"EntryPoint\",\"urlTemplate\":\"https:\/\/xenonkungen.com\/?s={search_term_string}\"},\"query-input\":{\"@type\":\"PropertyValueSpecification\",\"valueRequired\":true,\"valueName\":\"search_term_string\"}}],\"inLanguage\":\"fi\"}]}<\/script>\n<!-- \/ Yoast SEO plugin. -->","yoast_head_json":{"title":"LEDriving\u00ae LED-lamppu SL P21\/5W - Ksenonkuningas","robots":{"index":"index","follow":"follow","max-snippet":"max-snippet:-1","max-image-preview":"max-image-preview:large","max-video-preview":"max-video-preview:-1"},"canonical":"https:\/\/xenonkungen.com\/fi\/tuote\/ledriving-led-lamppu-sl-p21-5w-2\/","og_locale":"fi_FI","og_type":"article","og_title":"LEDriving\u00ae LEDlampa SL P21\/5W - Xenonkungen","og_description":"P21\/5W-BAY15d Lampa med gult sken fr\u00e5n Osram.","og_url":"https:\/\/xenonkungen.com\/fi\/tuote\/ledriving-led-lamppu-sl-p21-5w-2\/","og_site_name":"Xenonkungen","article_modified_time":"2026-03-25T08:15:44+00:00","og_image":[{"width":691,"height":1000,"url":"https:\/\/xenonkungen.com\/wp-content\/uploads\/2025\/04\/201830693-origpic-7a4394.jpg","type":"image\/jpeg"}],"twitter_card":"summary_large_image","twitter_misc":{"Arvioitu lukuaika":"1 minuutti"},"schema":{"@context":"https:\/\/schema.org","@graph":[{"@type":"WebPage","@id":"https:\/\/xenonkungen.com\/produkt\/ledriving-ledlampa-sl-p21-5w-2\/","url":"https:\/\/xenonkungen.com\/produkt\/ledriving-ledlampa-sl-p21-5w-2\/","name":"LEDriving\u00ae LED-lamppu SL P21\/5W - Ksenonkuningas","isPartOf":{"@id":"https:\/\/xenonkungen.com\/#website"},"primaryImageOfPage":{"@id":"https:\/\/xenonkungen.com\/produkt\/ledriving-ledlampa-sl-p21-5w-2\/#primaryimage"},"image":{"@id":"https:\/\/xenonkungen.com\/produkt\/ledriving-ledlampa-sl-p21-5w-2\/#primaryimage"},"thumbnailUrl":"https:\/\/xenonkungen.com\/wp-content\/uploads\/2025\/04\/201830693-origpic-7a4394.jpg","datePublished":"2025-04-15T09:54:34+00:00","dateModified":"2026-03-25T08:15:44+00:00","breadcrumb":{"@id":"https:\/\/xenonkungen.com\/produkt\/ledriving-ledlampa-sl-p21-5w-2\/#breadcrumb"},"inLanguage":"fi","potentialAction":[{"@type":"ReadAction","target":["https:\/\/xenonkungen.com\/produkt\/ledriving-ledlampa-sl-p21-5w-2\/"]}]},{"@type":"ImageObject","inLanguage":"fi","@id":"https:\/\/xenonkungen.com\/produkt\/ledriving-ledlampa-sl-p21-5w-2\/#primaryimage","url":"https:\/\/xenonkungen.com\/wp-content\/uploads\/2025\/04\/201830693-origpic-7a4394.jpg","contentUrl":"https:\/\/xenonkungen.com\/wp-content\/uploads\/2025\/04\/201830693-origpic-7a4394.jpg","width":691,"height":1000},{"@type":"BreadcrumbList","@id":"https:\/\/xenonkungen.com\/produkt\/ledriving-ledlampa-sl-p21-5w-2\/#breadcrumb","itemListElement":[{"@type":"ListItem","position":1,"name":"Hem","item":"https:\/\/xenonkungen.com\/"},{"@type":"ListItem","position":2,"name":"Shop","item":"https:\/\/xenonkungen.com\/shop\/"},{"@type":"ListItem","position":3,"name":"LEDriving\u00ae LEDlampa SL P21\/5W"}]},{"@type":"WebSite","@id":"https:\/\/xenonkungen.com\/#website","url":"https:\/\/xenonkungen.com\/","name":"Xenonkungen","description":"","potentialAction":[{"@type":"SearchAction","target":{"@type":"EntryPoint","urlTemplate":"https:\/\/xenonkungen.com\/?s={search_term_string}"},"query-input":{"@type":"PropertyValueSpecification","valueRequired":true,"valueName":"search_term_string"}}],"inLanguage":"fi"}]}},"taxonomy_info":{"anvandningsomrade":[{"value":167,"label":"PERSONBIL"}],"bilmarken":[{"value":208,"label":"Abarth"},{"value":240,"label":"Acura"},{"value":194,"label":"Alfa Romeo"},{"value":241,"label":"Alpina"},{"value":242,"label":"Aston Martin"},{"value":195,"label":"Audi"},{"value":243,"label":"Bentley"},{"value":209,"label":"BMW"},{"value":244,"label":"Bugatti"},{"value":245,"label":"Buick"},{"value":246,"label":"Cadillac"},{"value":247,"label":"Chevrolet"},{"value":248,"label":"Chrysler"},{"value":210,"label":"Citroen"},{"value":249,"label":"Cupra"},{"value":196,"label":"Dacia"},{"value":250,"label":"Daewoo"},{"value":251,"label":"Daihatsu"},{"value":252,"label":"Dodge"},{"value":253,"label":"DS"},{"value":197,"label":"Ferrari"},{"value":211,"label":"Fiat"},{"value":254,"label":"Fisker"},{"value":212,"label":"Ford"},{"value":255,"label":"Geely"},{"value":256,"label":"Genesis"},{"value":257,"label":"GMC"},{"value":258,"label":"Honda"},{"value":259,"label":"Hummer"},{"value":213,"label":"Hyundai"},{"value":260,"label":"Infiniti"},{"value":261,"label":"Isuzu"},{"value":198,"label":"Iveco"},{"value":262,"label":"Jaguar"},{"value":263,"label":"Jeep"},{"value":264,"label":"Kia"},{"value":265,"label":"Koenigsegg"},{"value":266,"label":"Lada"},{"value":267,"label":"Lamborghini"},{"value":199,"label":"Lancia"},{"value":268,"label":"Land Rover"},{"value":269,"label":"Lexus"},{"value":270,"label":"Lincoln"},{"value":271,"label":"Lotus"},{"value":200,"label":"Maserati"},{"value":272,"label":"Maxus"},{"value":273,"label":"Mazda"},{"value":274,"label":"McLaren"},{"value":215,"label":"Mercedes-Benz"},{"value":275,"label":"MG"},{"value":276,"label":"Mini"},{"value":277,"label":"Mitsubishi"},{"value":278,"label":"Nissan"},{"value":201,"label":"Opel"},{"value":279,"label":"Pagani"},{"value":202,"label":"Peugeot"},{"value":280,"label":"Polestar"},{"value":281,"label":"Pontiac"},{"value":216,"label":"Porsche"},{"value":282,"label":"RAM"},{"value":203,"label":"Renault"},{"value":283,"label":"Rivian"},{"value":284,"label":"Rolls-Royce"},{"value":285,"label":"Rover"},{"value":286,"label":"Saab"},{"value":204,"label":"Seat"},{"value":217,"label":"Skoda"},{"value":218,"label":"Smart"},{"value":287,"label":"SsangYong"},{"value":288,"label":"Subaru"},{"value":289,"label":"Suzuki"},{"value":290,"label":"Tesla"},{"value":219,"label":"Toyota"},{"value":205,"label":"Volkswagen"},{"value":169,"label":"volvo"},{"value":291,"label":"Wiesmann"}],"product_brand":[{"value":108,"label":"OSRAM"}],"product_cat":[{"value":1894,"label":"Diodlampa"}],"pa_faktisk-effekts-forbrukning":[{"value":1903,"label":"1,49"}],"pa_fargtemperatur":[{"value":1579,"label":"Gul"}],"pa_lampsockel-kontakt":[{"value":1902,"label":"P215W"}],"pa_volt-v":[{"value":159,"label":"12"}]},"featured_image_src_large":["https:\/\/xenonkungen.com\/wp-content\/uploads\/2025\/04\/201830693-origpic-7a4394.jpg",691,1000,false],"author_info":[],"comment_info":0,"_links":{"self":[{"href":"https:\/\/xenonkungen.com\/fi\/wp-json\/wp\/v2\/product\/7350","targetHints":{"allow":["GET"]}}],"collection":[{"href":"https:\/\/xenonkungen.com\/fi\/wp-json\/wp\/v2\/product"}],"about":[{"href":"https:\/\/xenonkungen.com\/fi\/wp-json\/wp\/v2\/types\/product"}],"replies":[{"embeddable":true,"href":"https:\/\/xenonkungen.com\/fi\/wp-json\/wp\/v2\/comments?post=7350"}],"wp:featuredmedia":[{"embeddable":true,"href":"https:\/\/xenonkungen.com\/fi\/wp-json\/wp\/v2\/media\/7351"}],"wp:attachment":[{"href":"https:\/\/xenonkungen.com\/fi\/wp-json\/wp\/v2\/media?parent=7350"}],"wp:term":[{"taxonomy":"anvandningsomrade","embeddable":true,"href":"https:\/\/xenonkungen.com\/fi\/wp-json\/wp\/v2\/anvandningsomrade?post=7350"},{"taxonomy":"bilmarken","embeddable":true,"href":"https:\/\/xenonkungen.com\/fi\/wp-json\/wp\/v2\/bilmarken?post=7350"},{"taxonomy":"product_brand","embeddable":true,"href":"https:\/\/xenonkungen.com\/fi\/wp-json\/wp\/v2\/product_brand?post=7350"},{"taxonomy":"product_cat","embeddable":true,"href":"https:\/\/xenonkungen.com\/fi\/wp-json\/wp\/v2\/product_cat?post=7350"},{"taxonomy":"product_tag","embeddable":true,"href":"https:\/\/xenonkungen.com\/fi\/wp-json\/wp\/v2\/product_tag?post=7350"}],"curies":[{"name":"wp","href":"https:\/\/api.w.org\/{rel}","templated":true}]}}