{"id":7393,"date":"2025-04-15T09:55:06","date_gmt":"2025-04-15T09:55:06","guid":{"rendered":"https:\/\/xenonkungen.com\/product\/ledriving-hl-easy-h8-h11-h16\/"},"modified":"2026-04-11T01:25:37","modified_gmt":"2026-04-11T00:25:37","slug":"led-ajovalot-hl-easy-h8-h11-h16","status":"publish","type":"product","link":"https:\/\/xenonkungen.com\/fi\/tuote\/led-ajovalot-hl-easy-h8-h11-h16\/","title":{"rendered":"LEDriving\u00ae HL EASY H8\/H11\/H16"},"content":{"rendered":"<h2>P\u00e4ivit\u00e4 ajoneuvosi valaistus OSRAM LEDriving HL EASY -valaisimella.<\/h2>\n<p>Tutustu ajoneuvosi valaistuksen seuraavaan tasoon seuraavilla tuotteilla <strong>OSRAM LEDriving HL EASY<\/strong> - t\u00e4ydellinen LED-ratkaisu sek\u00e4 kauko- ett\u00e4 l\u00e4hivalosovelluksiin. Perinteiset H7\/H18-, H4\/H19- ja H15-halogeenilamput korvaavat n\u00e4m\u00e4 tehokkaat LEDit, jotka tarjoavat voimakkaan kylm\u00e4nvalkoisen valon, joka parantaa sek\u00e4 turvallisuutta ett\u00e4 autosi tyylik\u00e4st\u00e4 ulkon\u00e4k\u00f6\u00e4.<\/p>\n<h3>Helppo asennus plug &amp; play -periaatteella<\/h3>\n<p>Med <strong>plug &amp; play -asennus<\/strong> ja optimoidun yhteensopivuuden ansiosta vanhojen lamppujen vaihtaminen on helpompaa kuin koskaan. Eritt\u00e4in pienikokoisen rakenteen ansiosta adaptereita tai ylim\u00e4\u00e4r\u00e4isi\u00e4 ty\u00f6kaluja ei tarvita - asennus on vain helppoa ja vaivatonta. Integroitu nopea tuuletin huolehtii aktiivisesta j\u00e4\u00e4hdytyksest\u00e4 ja maksimaalisesta l\u00e4mm\u00f6npoistosta, mik\u00e4 takaa pitk\u00e4aikaisen suorituskyvyn ja optimaalisen kirkkauden.<\/p>\n<h3>Edut:<\/h3>\n<ul>\n<li>Helppo plug &amp; play -asennus - sovittimia ei tarvita<\/li>\n<li>Yhteensopiva 12V j\u00e4rjestelm\u00e4n kanssa<\/li>\n<li>Viile\u00e4n valkoinen valo moderniin ja tyylikk\u00e4\u00e4seen ulkon\u00e4k\u00f6\u00f6n<\/li>\n<li>Ylivoimainen kirkkaus ja kest\u00e4vyys<\/li>\n<li>Kompakti ja tehokas muotoilu sek\u00e4 tehokas j\u00e4\u00e4hdytys<\/li>\n<\/ul>\n<p><strong>T\u00e4rke\u00e4\u00e4 tietoa:<\/strong> N\u00e4m\u00e4 LEDit eiv\u00e4t ole ECE-hyv\u00e4ksyttyj\u00e4, ja ne on tarkoitettu k\u00e4ytett\u00e4v\u00e4ksi maastok\u00e4yt\u00f6ss\u00e4 tai yksityisteill\u00e4. Tarkista paikalliset m\u00e4\u00e4r\u00e4ykset ennen ostamista.<\/p>\n<p>Anna autollesi sen ansaitsema valo - valitse OSRAM LEDriving HL EASY, niin saat turvallisen ja tyylikk\u00e4\u00e4n ajokokemuksen!<\/p>\n<p><span><strong>S\u00e4hk\u00f6iset tiedot:<\/strong><br \/>\u2013 Virrankulutus: 8,2 W<br \/>- Nimellisj\u00e4nnite: 12,0 V<br \/>\u2013 Nimellisteho: 8,2 W<br \/>- Testij\u00e4nnite: 13,2 V<br \/>\u2013 Tehotoleranssi: \u00b125 %<br \/><\/span><\/p>\n<p><span><strong>Fotometriset tiedot:<\/strong><br \/>\u2013 Nimellinen valovirta: 720 lm<br \/>\u2013 Valovirran toleranssi: \u00b125 %<br \/>\u2013 LED-valon v\u00e4ri: Viile\u00e4 valkoinen<br \/>- V\u00e4ril\u00e4mp\u00f6tila: 6500 K<br \/><\/span><\/p>\n<p><span><strong>Mitat:<\/strong><br \/>\u2013 Lampunpidin: PGJ19<br \/><\/span><\/p>\n<p><span><strong>Elinajanodote:<\/strong><br \/>- Elinik\u00e4 Tc tunteina: 1000 h<\/span><\/p>","protected":false},"excerpt":{"rendered":"<p>P\u00e4ivit\u00e4 autosi valaistus OSRAM LEDriving HL EASY -valaisimilla. N\u00e4m\u00e4 tehokkaat LEDit tarjoavat helpon plug &amp; play -asennuksen, erinomaisen kirkkauden ja tyylikk\u00e4\u00e4n viile\u00e4n valkoisen valon. T\u00e4ydellinen kauko- ja l\u00e4hivaloille ilman adaptereita tai erikoisty\u00f6kaluja.<\/p>","protected":false},"featured_media":7394,"comment_status":"closed","ping_status":"open","template":"","meta":{"_acf_changed":false,"_smort_price_nok":"1170","_smort_price_dkk":"743","_smort_price_eur":"99.54","_smort_sale_price_nok":"","_smort_sale_price_dkk":"","_smort_sale_price_eur":"","smort_restorder":"","shipmondo_restorder":"","_kad_blocks_custom_css":"","_kad_blocks_head_custom_js":"","_kad_blocks_body_custom_js":"","_kad_blocks_footer_custom_js":"","smort_custom_pricelist_1":"700.8","smort_custom_pricelist_2":"613.2","smort_custom_pricelist_3":"569.4","smort_custom_pricelist_4":"876","smort_custom_pricelist_5":"613.2"},"anvandningsomrade":[],"bilmarken":[],"product_brand":[108],"product_cat":[2633,733],"product_tag":[],"class_list":{"0":"post-7393","1":"product","2":"type-product","3":"status-publish","4":"has-post-thumbnail","6":"product_brand-osram","7":"product_cat-osram-ledriving-halvljus-helljus","8":"product_cat-halvljus-helljus","9":"pa_faktisk-effekts-forbrukning-943","10":"pa_fargtemperatur-6500k","11":"pa_lampsockel-kontakt-h8-h11-h16","12":"pa_volt-v-159","14":"first","15":"instock","16":"taxable","17":"shipping-taxable","18":"purchasable","19":"product-type-simple"},"bundled_by":[],"bundle_stock_status":"instock","bundle_stock_quantity":1,"bundle_virtual":false,"bundle_layout":"","bundle_add_to_cart_form_location":"","bundle_editable_in_cart":false,"bundle_sold_individually_context":"","bundle_item_grouping":"","bundle_min_size":"","bundle_max_size":"","bundle_price":[],"bundled_items":[],"bundle_sell_ids":[],"acf":[],"yoast_head":"<!-- This site is optimized with the Yoast SEO plugin v27.0 - https:\/\/yoast.com\/product\/yoast-seo-wordpress\/ -->\n<title>LEDriving\u00ae HL EASY H8\/H11\/H16 - Xenonkungen<\/title>\n<meta name=\"robots\" content=\"index, follow, max-snippet:-1, max-image-preview:large, max-video-preview:-1\" \/>\n<link rel=\"canonical\" href=\"https:\/\/xenonkungen.com\/fi\/tuote\/led-ajovalot-hl-easy-h8-h11-h16\/\" \/>\n<meta property=\"og:locale\" content=\"fi_FI\" \/>\n<meta property=\"og:type\" content=\"article\" \/>\n<meta property=\"og:title\" content=\"LEDriving\u00ae HL EASY H8\/H11\/H16 - Xenonkungen\" \/>\n<meta property=\"og:description\" content=\"Uppgradera din bils belysning med OSRAM LEDriving HL EASY. Dessa h\u00f6gpresterande LED-lampor erbjuder enkel plug &amp; play-installation, \u00f6verl\u00e4gsen ljusstyrka och ett stilrent kallvitt ljus. Perfekt f\u00f6r helljus och halvljus utan behov av adaptrar eller specialverktyg.\" \/>\n<meta property=\"og:url\" content=\"https:\/\/xenonkungen.com\/fi\/tuote\/led-ajovalot-hl-easy-h8-h11-h16\/\" \/>\n<meta property=\"og:site_name\" content=\"Xenonkungen\" \/>\n<meta property=\"article:modified_time\" content=\"2026-04-11T00:25:37+00:00\" \/>\n<meta property=\"og:image\" content=\"https:\/\/xenonkungen.com\/wp-content\/uploads\/2025\/04\/215811631-origpic-d036fd.jpg\" \/>\n\t<meta property=\"og:image:width\" content=\"1024\" \/>\n\t<meta property=\"og:image:height\" content=\"1024\" \/>\n\t<meta property=\"og:image:type\" content=\"image\/jpeg\" \/>\n<meta name=\"twitter:card\" content=\"summary_large_image\" \/>\n<meta name=\"twitter:label1\" content=\"Arvioitu lukuaika\" \/>\n\t<meta name=\"twitter:data1\" content=\"1 minuutti\" \/>\n<script type=\"application\/ld+json\" class=\"yoast-schema-graph\">{\"@context\":\"https:\/\/schema.org\",\"@graph\":[{\"@type\":\"WebPage\",\"@id\":\"https:\/\/xenonkungen.com\/produkt\/ledriving-hl-easy-h8-h11-h16\/\",\"url\":\"https:\/\/xenonkungen.com\/produkt\/ledriving-hl-easy-h8-h11-h16\/\",\"name\":\"LEDriving\u00ae HL EASY H8\/H11\/H16 - Xenonkungen\",\"isPartOf\":{\"@id\":\"https:\/\/xenonkungen.com\/#website\"},\"primaryImageOfPage\":{\"@id\":\"https:\/\/xenonkungen.com\/produkt\/ledriving-hl-easy-h8-h11-h16\/#primaryimage\"},\"image\":{\"@id\":\"https:\/\/xenonkungen.com\/produkt\/ledriving-hl-easy-h8-h11-h16\/#primaryimage\"},\"thumbnailUrl\":\"https:\/\/xenonkungen.com\/wp-content\/uploads\/2025\/04\/215811631-origpic-d036fd.jpg\",\"datePublished\":\"2025-04-15T09:55:06+00:00\",\"dateModified\":\"2026-04-11T00:25:37+00:00\",\"breadcrumb\":{\"@id\":\"https:\/\/xenonkungen.com\/produkt\/ledriving-hl-easy-h8-h11-h16\/#breadcrumb\"},\"inLanguage\":\"fi\",\"potentialAction\":[{\"@type\":\"ReadAction\",\"target\":[\"https:\/\/xenonkungen.com\/produkt\/ledriving-hl-easy-h8-h11-h16\/\"]}]},{\"@type\":\"ImageObject\",\"inLanguage\":\"fi\",\"@id\":\"https:\/\/xenonkungen.com\/produkt\/ledriving-hl-easy-h8-h11-h16\/#primaryimage\",\"url\":\"https:\/\/xenonkungen.com\/wp-content\/uploads\/2025\/04\/215811631-origpic-d036fd.jpg\",\"contentUrl\":\"https:\/\/xenonkungen.com\/wp-content\/uploads\/2025\/04\/215811631-origpic-d036fd.jpg\",\"width\":1024,\"height\":1024},{\"@type\":\"BreadcrumbList\",\"@id\":\"https:\/\/xenonkungen.com\/produkt\/ledriving-hl-easy-h8-h11-h16\/#breadcrumb\",\"itemListElement\":[{\"@type\":\"ListItem\",\"position\":1,\"name\":\"Hem\",\"item\":\"https:\/\/xenonkungen.com\/\"},{\"@type\":\"ListItem\",\"position\":2,\"name\":\"Shop\",\"item\":\"https:\/\/xenonkungen.com\/shop\/\"},{\"@type\":\"ListItem\",\"position\":3,\"name\":\"LEDriving\u00ae HL EASY H8\/H11\/H16\"}]},{\"@type\":\"WebSite\",\"@id\":\"https:\/\/xenonkungen.com\/#website\",\"url\":\"https:\/\/xenonkungen.com\/\",\"name\":\"Xenonkungen\",\"description\":\"\",\"potentialAction\":[{\"@type\":\"SearchAction\",\"target\":{\"@type\":\"EntryPoint\",\"urlTemplate\":\"https:\/\/xenonkungen.com\/?s={search_term_string}\"},\"query-input\":{\"@type\":\"PropertyValueSpecification\",\"valueRequired\":true,\"valueName\":\"search_term_string\"}}],\"inLanguage\":\"fi\"}]}<\/script>\n<!-- \/ Yoast SEO plugin. -->","yoast_head_json":{"title":"LEDriving\u00ae HL EASY H8\/H11\/H16 - Ksenonpolttimoiden kuningas","robots":{"index":"index","follow":"follow","max-snippet":"max-snippet:-1","max-image-preview":"max-image-preview:large","max-video-preview":"max-video-preview:-1"},"canonical":"https:\/\/xenonkungen.com\/fi\/tuote\/led-ajovalot-hl-easy-h8-h11-h16\/","og_locale":"fi_FI","og_type":"article","og_title":"LEDriving\u00ae HL EASY H8\/H11\/H16 - Xenonkungen","og_description":"Uppgradera din bils belysning med OSRAM LEDriving HL EASY. Dessa h\u00f6gpresterande LED-lampor erbjuder enkel plug & play-installation, \u00f6verl\u00e4gsen ljusstyrka och ett stilrent kallvitt ljus. Perfekt f\u00f6r helljus och halvljus utan behov av adaptrar eller specialverktyg.","og_url":"https:\/\/xenonkungen.com\/fi\/tuote\/led-ajovalot-hl-easy-h8-h11-h16\/","og_site_name":"Xenonkungen","article_modified_time":"2026-04-11T00:25:37+00:00","og_image":[{"width":1024,"height":1024,"url":"https:\/\/xenonkungen.com\/wp-content\/uploads\/2025\/04\/215811631-origpic-d036fd.jpg","type":"image\/jpeg"}],"twitter_card":"summary_large_image","twitter_misc":{"Arvioitu lukuaika":"1 minuutti"},"schema":{"@context":"https:\/\/schema.org","@graph":[{"@type":"WebPage","@id":"https:\/\/xenonkungen.com\/produkt\/ledriving-hl-easy-h8-h11-h16\/","url":"https:\/\/xenonkungen.com\/produkt\/ledriving-hl-easy-h8-h11-h16\/","name":"LEDriving\u00ae HL EASY H8\/H11\/H16 - Ksenonpolttimoiden kuningas","isPartOf":{"@id":"https:\/\/xenonkungen.com\/#website"},"primaryImageOfPage":{"@id":"https:\/\/xenonkungen.com\/produkt\/ledriving-hl-easy-h8-h11-h16\/#primaryimage"},"image":{"@id":"https:\/\/xenonkungen.com\/produkt\/ledriving-hl-easy-h8-h11-h16\/#primaryimage"},"thumbnailUrl":"https:\/\/xenonkungen.com\/wp-content\/uploads\/2025\/04\/215811631-origpic-d036fd.jpg","datePublished":"2025-04-15T09:55:06+00:00","dateModified":"2026-04-11T00:25:37+00:00","breadcrumb":{"@id":"https:\/\/xenonkungen.com\/produkt\/ledriving-hl-easy-h8-h11-h16\/#breadcrumb"},"inLanguage":"fi","potentialAction":[{"@type":"ReadAction","target":["https:\/\/xenonkungen.com\/produkt\/ledriving-hl-easy-h8-h11-h16\/"]}]},{"@type":"ImageObject","inLanguage":"fi","@id":"https:\/\/xenonkungen.com\/produkt\/ledriving-hl-easy-h8-h11-h16\/#primaryimage","url":"https:\/\/xenonkungen.com\/wp-content\/uploads\/2025\/04\/215811631-origpic-d036fd.jpg","contentUrl":"https:\/\/xenonkungen.com\/wp-content\/uploads\/2025\/04\/215811631-origpic-d036fd.jpg","width":1024,"height":1024},{"@type":"BreadcrumbList","@id":"https:\/\/xenonkungen.com\/produkt\/ledriving-hl-easy-h8-h11-h16\/#breadcrumb","itemListElement":[{"@type":"ListItem","position":1,"name":"Hem","item":"https:\/\/xenonkungen.com\/"},{"@type":"ListItem","position":2,"name":"Shop","item":"https:\/\/xenonkungen.com\/shop\/"},{"@type":"ListItem","position":3,"name":"LEDriving\u00ae HL EASY H8\/H11\/H16"}]},{"@type":"WebSite","@id":"https:\/\/xenonkungen.com\/#website","url":"https:\/\/xenonkungen.com\/","name":"Xenonkungen","description":"","potentialAction":[{"@type":"SearchAction","target":{"@type":"EntryPoint","urlTemplate":"https:\/\/xenonkungen.com\/?s={search_term_string}"},"query-input":{"@type":"PropertyValueSpecification","valueRequired":true,"valueName":"search_term_string"}}],"inLanguage":"fi"}]}},"taxonomy_info":{"product_brand":[{"value":108,"label":"OSRAM"}],"product_cat":[{"value":2633,"label":"OSRAM Ledriving"},{"value":733,"label":"Halvljus \/ Helljus"}],"pa_faktisk-effekts-forbrukning":[{"value":943,"label":"82"}],"pa_fargtemperatur":[{"value":353,"label":"6500K"}],"pa_lampsockel-kontakt":[{"value":1910,"label":"H8\/H11\/H16"}],"pa_volt-v":[{"value":159,"label":"12"}]},"featured_image_src_large":["https:\/\/xenonkungen.com\/wp-content\/uploads\/2025\/04\/215811631-origpic-d036fd.jpg",1024,1024,false],"author_info":[],"comment_info":0,"_links":{"self":[{"href":"https:\/\/xenonkungen.com\/fi\/wp-json\/wp\/v2\/product\/7393","targetHints":{"allow":["GET"]}}],"collection":[{"href":"https:\/\/xenonkungen.com\/fi\/wp-json\/wp\/v2\/product"}],"about":[{"href":"https:\/\/xenonkungen.com\/fi\/wp-json\/wp\/v2\/types\/product"}],"replies":[{"embeddable":true,"href":"https:\/\/xenonkungen.com\/fi\/wp-json\/wp\/v2\/comments?post=7393"}],"wp:featuredmedia":[{"embeddable":true,"href":"https:\/\/xenonkungen.com\/fi\/wp-json\/wp\/v2\/media\/7394"}],"wp:attachment":[{"href":"https:\/\/xenonkungen.com\/fi\/wp-json\/wp\/v2\/media?parent=7393"}],"wp:term":[{"taxonomy":"anvandningsomrade","embeddable":true,"href":"https:\/\/xenonkungen.com\/fi\/wp-json\/wp\/v2\/anvandningsomrade?post=7393"},{"taxonomy":"bilmarken","embeddable":true,"href":"https:\/\/xenonkungen.com\/fi\/wp-json\/wp\/v2\/bilmarken?post=7393"},{"taxonomy":"product_brand","embeddable":true,"href":"https:\/\/xenonkungen.com\/fi\/wp-json\/wp\/v2\/product_brand?post=7393"},{"taxonomy":"product_cat","embeddable":true,"href":"https:\/\/xenonkungen.com\/fi\/wp-json\/wp\/v2\/product_cat?post=7393"},{"taxonomy":"product_tag","embeddable":true,"href":"https:\/\/xenonkungen.com\/fi\/wp-json\/wp\/v2\/product_tag?post=7393"}],"curies":[{"name":"wp","href":"https:\/\/api.w.org\/{rel}","templated":true}]}}