{"id":7437,"date":"2025-04-15T09:55:19","date_gmt":"2025-04-15T09:55:19","guid":{"rendered":"https:\/\/xenonkungen.com\/product\/osram-truckstar-pro-h7\/"},"modified":"2026-04-24T17:38:05","modified_gmt":"2026-04-24T16:38:05","slug":"osram-truckstar-pro-h7-polttimo","status":"publish","type":"product","link":"https:\/\/xenonkungen.com\/fi\/tuote\/osram-truckstar-pro-h7-polttimo\/","title":{"rendered":"OSRAM Truckstar Pro | H7"},"content":{"rendered":"<h1>TRUCKSTAR PRO \u2013 OSRAMin tehokkaimmat halogeeni- ja merkinantolamput kuorma-autoihin<\/h1>\n<p>Anna kuorma-autollesi valoisampi tulevaisuus <strong>OSRAM TRUCKSTAR PRO<\/strong> \u2013 investointi turvallisuuteen, kest\u00e4vyyteen ja luotettavuuteen. N\u00e4m\u00e4 tehokkaat 24 voltin lamput on r\u00e4\u00e4t\u00e4l\u00f6ity ammattikuljettajille, jotka vaativat parasta.<\/p>\n<ul>\n<li><strong>Jopa 120 % suurempi kirkkaus:<\/strong> N\u00e4e kauemmas ja selke\u00e4mmin, jopa vaikeimmissa olosuhteissa.<\/li>\n<li><strong>Eritt\u00e4in pitk\u00e4 k\u00e4ytt\u00f6ik\u00e4:<\/strong> Yli 2,5 kertaa pidempi k\u00e4ytt\u00f6ik\u00e4 verrattuna tavallisiin lamppuihin \u2013 v\u00e4hemm\u00e4n vaihtoja, alhaisemmat kustannukset.<\/li>\n<li><strong>Maksimaalinen t\u00e4rin\u00e4nkest\u00e4vyys:<\/strong> T\u00e4ydellinen vaativiin olosuhteisiin ja ep\u00e4tasaisille teille.<\/li>\n<li><strong>Edullinen laatu:<\/strong> Luotettava ratkaisu, joka alentaa k\u00e4ytt\u00f6kustannuksia ja minimoi seisokkiajat.<\/li>\n<\/ul>\n<p>Med <strong>TRUCKSTAR PRO<\/strong> Saat paitsi tehokkaan valon, my\u00f6s itsevarmuuden ratin takana ja v\u00e4hemm\u00e4n huolia tiell\u00e4. Tee jokaisesta ajosta turvallisempaa ja tehokkaampaa \u2013 valitse OSRAMin paras ratkaisu kuorma-auton valaistukseen!<\/p>\n<p><strong>Tekniset tiedot<\/strong><\/p>\n<p><strong>S\u00e4hk\u00f6iset tiedot<br \/><\/strong>\u2013 Testij\u00e4nnite: 28 V<br \/>\u2013 Maksimiteho: 75 W<br \/>\u2013 Nimellisteho: 70 W<br \/>\u2013 Nimellisj\u00e4nnite: 24,0 V<\/p>\n<p><strong>Fotometriset tiedot<\/strong><br \/>\u2013 Valovirta: 1750 lm<br \/>- Valovirta, toleranssi: \u00b110 % %<\/p>\n<p><strong>Fyysiset ominaisuudet ja mitat<br \/><\/strong>- Pistorasia: PX26d<br \/>- Pituus: 59.0 mm<br \/>- Halkaisija: 12,0 mm<br \/>- Tuotteen paino: 12,50 g<\/p>\n<p><strong>Elinik\u00e4iset tiedot<\/strong><br \/>\u2013 Elinik\u00e4 Tc: 1000 tuntia<br \/>\u2013 Elinik\u00e4 B3: 500 tuntia<\/p>","protected":false},"excerpt":{"rendered":"<p>OSRAMin tehokkain halogeenivalaisin kuorma-autoihin<\/p>","protected":false},"featured_media":7438,"comment_status":"closed","ping_status":"open","template":"","meta":{"_acf_changed":false,"_smort_price_nok":"107","_smort_price_dkk":"68","_smort_price_eur":"9.09","_smort_sale_price_nok":"","_smort_sale_price_dkk":"","_smort_sale_price_eur":"","smort_restorder":"","shipmondo_restorder":"","_kad_blocks_custom_css":"","_kad_blocks_head_custom_js":"","_kad_blocks_body_custom_js":"","_kad_blocks_footer_custom_js":"","smort_custom_pricelist_1":"64","smort_custom_pricelist_2":"56","smort_custom_pricelist_3":"52","smort_custom_pricelist_4":"80","smort_custom_pricelist_5":"56"},"anvandningsomrade":[166,238,2816],"bilmarken":[],"product_brand":[108],"product_cat":[16],"product_tag":[],"class_list":{"0":"post-7437","1":"product","2":"type-product","3":"status-publish","4":"has-post-thumbnail","6":"anvandningsomrade-lastbil","7":"anvandningsomrade-slap","8":"anvandningsomrade-trailer","9":"product_brand-osram","10":"product_cat-uncategorized","11":"pa_faktisk-effekts-forbrukning-311","12":"pa_lampsockel-kontakt-h7","13":"pa_volt-v-160","15":"first","16":"instock","17":"taxable","18":"shipping-taxable","19":"purchasable","20":"product-type-simple"},"bundled_by":[],"bundle_stock_status":"instock","bundle_stock_quantity":41,"bundle_virtual":false,"bundle_layout":"","bundle_add_to_cart_form_location":"","bundle_editable_in_cart":false,"bundle_sold_individually_context":"","bundle_item_grouping":"","bundle_min_size":"","bundle_max_size":"","bundle_price":[],"bundled_items":[],"bundle_sell_ids":[],"acf":[],"yoast_head":"<!-- This site is optimized with the Yoast SEO plugin v27.0 - https:\/\/yoast.com\/product\/yoast-seo-wordpress\/ -->\n<title>OSRAM Truckstar Pro | H7 - Xenonkungen<\/title>\n<meta name=\"robots\" content=\"index, follow, max-snippet:-1, max-image-preview:large, max-video-preview:-1\" \/>\n<link rel=\"canonical\" href=\"https:\/\/xenonkungen.com\/fi\/tuote\/osram-truckstar-pro-h7-polttimo\/\" \/>\n<meta property=\"og:locale\" content=\"fi_FI\" \/>\n<meta property=\"og:type\" content=\"article\" \/>\n<meta property=\"og:title\" content=\"OSRAM Truckstar Pro | H7 - Xenonkungen\" \/>\n<meta property=\"og:description\" content=\"OSRAM:s kraftfullaste halogenlampa f\u00f6r lastbilar\" \/>\n<meta property=\"og:url\" content=\"https:\/\/xenonkungen.com\/fi\/tuote\/osram-truckstar-pro-h7-polttimo\/\" \/>\n<meta property=\"og:site_name\" content=\"Xenonkungen\" \/>\n<meta property=\"article:modified_time\" content=\"2026-04-24T16:38:05+00:00\" \/>\n<meta property=\"og:image\" content=\"https:\/\/xenonkungen.com\/wp-content\/uploads\/2025\/04\/216539575-origpic-c1b149.jpg\" \/>\n\t<meta property=\"og:image:width\" content=\"1024\" \/>\n\t<meta property=\"og:image:height\" content=\"1126\" \/>\n\t<meta property=\"og:image:type\" content=\"image\/jpeg\" \/>\n<meta name=\"twitter:card\" content=\"summary_large_image\" \/>\n<meta name=\"twitter:label1\" content=\"Arvioitu lukuaika\" \/>\n\t<meta name=\"twitter:data1\" content=\"1 minuutti\" \/>\n<script type=\"application\/ld+json\" class=\"yoast-schema-graph\">{\"@context\":\"https:\/\/schema.org\",\"@graph\":[{\"@type\":\"WebPage\",\"@id\":\"https:\/\/xenonkungen.com\/produkt\/osram-truckstar-pro-h7\/\",\"url\":\"https:\/\/xenonkungen.com\/produkt\/osram-truckstar-pro-h7\/\",\"name\":\"OSRAM Truckstar Pro | H7 - Xenonkungen\",\"isPartOf\":{\"@id\":\"https:\/\/xenonkungen.com\/#website\"},\"primaryImageOfPage\":{\"@id\":\"https:\/\/xenonkungen.com\/produkt\/osram-truckstar-pro-h7\/#primaryimage\"},\"image\":{\"@id\":\"https:\/\/xenonkungen.com\/produkt\/osram-truckstar-pro-h7\/#primaryimage\"},\"thumbnailUrl\":\"https:\/\/xenonkungen.com\/wp-content\/uploads\/2025\/04\/216539575-origpic-c1b149.jpg\",\"datePublished\":\"2025-04-15T09:55:19+00:00\",\"dateModified\":\"2026-04-24T16:38:05+00:00\",\"breadcrumb\":{\"@id\":\"https:\/\/xenonkungen.com\/produkt\/osram-truckstar-pro-h7\/#breadcrumb\"},\"inLanguage\":\"fi\",\"potentialAction\":[{\"@type\":\"ReadAction\",\"target\":[\"https:\/\/xenonkungen.com\/produkt\/osram-truckstar-pro-h7\/\"]}]},{\"@type\":\"ImageObject\",\"inLanguage\":\"fi\",\"@id\":\"https:\/\/xenonkungen.com\/produkt\/osram-truckstar-pro-h7\/#primaryimage\",\"url\":\"https:\/\/xenonkungen.com\/wp-content\/uploads\/2025\/04\/216539575-origpic-c1b149.jpg\",\"contentUrl\":\"https:\/\/xenonkungen.com\/wp-content\/uploads\/2025\/04\/216539575-origpic-c1b149.jpg\",\"width\":1024,\"height\":1126},{\"@type\":\"BreadcrumbList\",\"@id\":\"https:\/\/xenonkungen.com\/produkt\/osram-truckstar-pro-h7\/#breadcrumb\",\"itemListElement\":[{\"@type\":\"ListItem\",\"position\":1,\"name\":\"Hem\",\"item\":\"https:\/\/xenonkungen.com\/\"},{\"@type\":\"ListItem\",\"position\":2,\"name\":\"Shop\",\"item\":\"https:\/\/xenonkungen.com\/shop\/\"},{\"@type\":\"ListItem\",\"position\":3,\"name\":\"OSRAM Truckstar Pro | H7\"}]},{\"@type\":\"WebSite\",\"@id\":\"https:\/\/xenonkungen.com\/#website\",\"url\":\"https:\/\/xenonkungen.com\/\",\"name\":\"Xenonkungen\",\"description\":\"\",\"potentialAction\":[{\"@type\":\"SearchAction\",\"target\":{\"@type\":\"EntryPoint\",\"urlTemplate\":\"https:\/\/xenonkungen.com\/?s={search_term_string}\"},\"query-input\":{\"@type\":\"PropertyValueSpecification\",\"valueRequired\":true,\"valueName\":\"search_term_string\"}}],\"inLanguage\":\"fi\"}]}<\/script>\n<!-- \/ Yoast SEO plugin. -->","yoast_head_json":{"title":"OSRAM Truckstar Pro | H7 - Ksenonkuningas","robots":{"index":"index","follow":"follow","max-snippet":"max-snippet:-1","max-image-preview":"max-image-preview:large","max-video-preview":"max-video-preview:-1"},"canonical":"https:\/\/xenonkungen.com\/fi\/tuote\/osram-truckstar-pro-h7-polttimo\/","og_locale":"fi_FI","og_type":"article","og_title":"OSRAM Truckstar Pro | H7 - Xenonkungen","og_description":"OSRAM:s kraftfullaste halogenlampa f\u00f6r lastbilar","og_url":"https:\/\/xenonkungen.com\/fi\/tuote\/osram-truckstar-pro-h7-polttimo\/","og_site_name":"Xenonkungen","article_modified_time":"2026-04-24T16:38:05+00:00","og_image":[{"width":1024,"height":1126,"url":"https:\/\/xenonkungen.com\/wp-content\/uploads\/2025\/04\/216539575-origpic-c1b149.jpg","type":"image\/jpeg"}],"twitter_card":"summary_large_image","twitter_misc":{"Arvioitu lukuaika":"1 minuutti"},"schema":{"@context":"https:\/\/schema.org","@graph":[{"@type":"WebPage","@id":"https:\/\/xenonkungen.com\/produkt\/osram-truckstar-pro-h7\/","url":"https:\/\/xenonkungen.com\/produkt\/osram-truckstar-pro-h7\/","name":"OSRAM Truckstar Pro | H7 - Ksenonkuningas","isPartOf":{"@id":"https:\/\/xenonkungen.com\/#website"},"primaryImageOfPage":{"@id":"https:\/\/xenonkungen.com\/produkt\/osram-truckstar-pro-h7\/#primaryimage"},"image":{"@id":"https:\/\/xenonkungen.com\/produkt\/osram-truckstar-pro-h7\/#primaryimage"},"thumbnailUrl":"https:\/\/xenonkungen.com\/wp-content\/uploads\/2025\/04\/216539575-origpic-c1b149.jpg","datePublished":"2025-04-15T09:55:19+00:00","dateModified":"2026-04-24T16:38:05+00:00","breadcrumb":{"@id":"https:\/\/xenonkungen.com\/produkt\/osram-truckstar-pro-h7\/#breadcrumb"},"inLanguage":"fi","potentialAction":[{"@type":"ReadAction","target":["https:\/\/xenonkungen.com\/produkt\/osram-truckstar-pro-h7\/"]}]},{"@type":"ImageObject","inLanguage":"fi","@id":"https:\/\/xenonkungen.com\/produkt\/osram-truckstar-pro-h7\/#primaryimage","url":"https:\/\/xenonkungen.com\/wp-content\/uploads\/2025\/04\/216539575-origpic-c1b149.jpg","contentUrl":"https:\/\/xenonkungen.com\/wp-content\/uploads\/2025\/04\/216539575-origpic-c1b149.jpg","width":1024,"height":1126},{"@type":"BreadcrumbList","@id":"https:\/\/xenonkungen.com\/produkt\/osram-truckstar-pro-h7\/#breadcrumb","itemListElement":[{"@type":"ListItem","position":1,"name":"Hem","item":"https:\/\/xenonkungen.com\/"},{"@type":"ListItem","position":2,"name":"Shop","item":"https:\/\/xenonkungen.com\/shop\/"},{"@type":"ListItem","position":3,"name":"OSRAM Truckstar Pro | H7"}]},{"@type":"WebSite","@id":"https:\/\/xenonkungen.com\/#website","url":"https:\/\/xenonkungen.com\/","name":"Xenonkungen","description":"","potentialAction":[{"@type":"SearchAction","target":{"@type":"EntryPoint","urlTemplate":"https:\/\/xenonkungen.com\/?s={search_term_string}"},"query-input":{"@type":"PropertyValueSpecification","valueRequired":true,"valueName":"search_term_string"}}],"inLanguage":"fi"}]}},"taxonomy_info":{"anvandningsomrade":[{"value":166,"label":"Lastbil"},{"value":238,"label":"SL\u00c4P"},{"value":2816,"label":"TRAILER"}],"product_brand":[{"value":108,"label":"OSRAM"}],"product_cat":[{"value":16,"label":"Uncategorized"}],"pa_faktisk-effekts-forbrukning":[{"value":311,"label":"75"}],"pa_lampsockel-kontakt":[{"value":206,"label":"H7"}],"pa_volt-v":[{"value":160,"label":"24"}]},"featured_image_src_large":["https:\/\/xenonkungen.com\/wp-content\/uploads\/2025\/04\/216539575-origpic-c1b149-931x1024.jpg",931,1024,true],"author_info":[],"comment_info":0,"_links":{"self":[{"href":"https:\/\/xenonkungen.com\/fi\/wp-json\/wp\/v2\/product\/7437","targetHints":{"allow":["GET"]}}],"collection":[{"href":"https:\/\/xenonkungen.com\/fi\/wp-json\/wp\/v2\/product"}],"about":[{"href":"https:\/\/xenonkungen.com\/fi\/wp-json\/wp\/v2\/types\/product"}],"replies":[{"embeddable":true,"href":"https:\/\/xenonkungen.com\/fi\/wp-json\/wp\/v2\/comments?post=7437"}],"wp:featuredmedia":[{"embeddable":true,"href":"https:\/\/xenonkungen.com\/fi\/wp-json\/wp\/v2\/media\/7438"}],"wp:attachment":[{"href":"https:\/\/xenonkungen.com\/fi\/wp-json\/wp\/v2\/media?parent=7437"}],"wp:term":[{"taxonomy":"anvandningsomrade","embeddable":true,"href":"https:\/\/xenonkungen.com\/fi\/wp-json\/wp\/v2\/anvandningsomrade?post=7437"},{"taxonomy":"bilmarken","embeddable":true,"href":"https:\/\/xenonkungen.com\/fi\/wp-json\/wp\/v2\/bilmarken?post=7437"},{"taxonomy":"product_brand","embeddable":true,"href":"https:\/\/xenonkungen.com\/fi\/wp-json\/wp\/v2\/product_brand?post=7437"},{"taxonomy":"product_cat","embeddable":true,"href":"https:\/\/xenonkungen.com\/fi\/wp-json\/wp\/v2\/product_cat?post=7437"},{"taxonomy":"product_tag","embeddable":true,"href":"https:\/\/xenonkungen.com\/fi\/wp-json\/wp\/v2\/product_tag?post=7437"}],"curies":[{"name":"wp","href":"https:\/\/api.w.org\/{rel}","templated":true}]}}