{"id":7455,"date":"2025-04-15T09:55:46","date_gmt":"2025-04-15T09:55:46","guid":{"rendered":"https:\/\/xenonkungen.com\/product\/osram-ledriving-compact-mx140\/"},"modified":"2025-12-10T14:49:07","modified_gmt":"2025-12-10T13:49:07","slug":"osram-ledriving-compact-mx140-lamppu","status":"publish","type":"product","link":"https:\/\/xenonkungen.com\/fi\/tuote\/osram-ledriving-compact-mx140-lamppu\/","title":{"rendered":"OSRAM LEDriving\u00ae Compact MX140"},"content":{"rendered":"<h1>OSRAM LEDriving\u00ae Compact MX140<\/h1>\n<p>T\u00e4st\u00e4 ty\u00f6valaisimesta on saatavana 2 eri versiota.<br \/><strong>Spotlight<\/strong> ja ajaminen.<\/p>\n<p><strong>Spotlight<\/strong> on suuntavalo, jonka ansiosta valo ulottuu mahdollisimman kauas.<\/p>\n<p><strong>Ajaminen<\/strong> niiss\u00e4 on heijastimet, jotka levitt\u00e4v\u00e4t valoa laajemmaksi valokuvioksi.<\/p>","protected":false},"excerpt":{"rendered":"<p>OSRAM LEDriving\u00ae Compact MX140 T\u00e4t\u00e4 ty\u00f6valoa on saatavilla kahtena eri versiona: kohdevalona ja ajovalona. Kohdevalossa on suunnattu valo, joka ylt\u00e4\u00e4 mahdollisimman pitk\u00e4lle. Ajovalossa on heijastimet, jotka levitt\u00e4v\u00e4t valoa laajemmalla valokuviolla.<\/p>","protected":false},"featured_media":7456,"comment_status":"closed","ping_status":"open","template":"","meta":{"_acf_changed":false,"_smort_price_nok":"1709","_smort_price_dkk":"1086","_smort_price_eur":"145.45","_smort_sale_price_nok":"","_smort_sale_price_dkk":"","_smort_sale_price_eur":"","smort_restorder":"","shipmondo_restorder":"","_kad_blocks_custom_css":"","_kad_blocks_head_custom_js":"","_kad_blocks_body_custom_js":"","_kad_blocks_footer_custom_js":"","smort_custom_pricelist_1":"1024","smort_custom_pricelist_2":"1024","smort_custom_pricelist_3":"972.8","smort_custom_pricelist_4":"1280","smort_custom_pricelist_5":"1024"},"anvandningsomrade":[],"bilmarken":[],"product_brand":[108],"product_cat":[2639,2183,508],"product_tag":[],"class_list":{"0":"post-7455","1":"product","2":"type-product","3":"status-publish","4":"has-post-thumbnail","6":"product_brand-osram","7":"product_cat-osram-ledriving-arbetsbelysning","8":"product_cat-osram-ledriving","9":"product_cat-arbetsbelysning","10":"pa_faktisk-effekts-forbrukning-533","11":"pa_fuktskydd-varde-ipxx-ip67","12":"pa_godkannande-r7-r112","13":"pa_ljusbild-spot","14":"pa_storlek-mm-140x86x69","15":"pa_volt-v-12-24","17":"first","18":"instock","19":"taxable","20":"shipping-taxable","21":"purchasable","22":"product-type-simple"},"bundled_by":[],"bundle_stock_status":"instock","bundle_stock_quantity":2,"bundle_virtual":false,"bundle_layout":"","bundle_add_to_cart_form_location":"","bundle_editable_in_cart":false,"bundle_sold_individually_context":"","bundle_item_grouping":"","bundle_min_size":"","bundle_max_size":"","bundle_price":[],"bundled_items":[],"bundle_sell_ids":[],"acf":[],"yoast_head":"<!-- This site is optimized with the Yoast SEO plugin v27.0 - https:\/\/yoast.com\/product\/yoast-seo-wordpress\/ -->\n<title>OSRAM LEDriving\u00ae Compact MX140 - Xenonkungen<\/title>\n<meta name=\"robots\" content=\"index, follow, max-snippet:-1, max-image-preview:large, max-video-preview:-1\" \/>\n<link rel=\"canonical\" href=\"https:\/\/xenonkungen.com\/fi\/tuote\/osram-ledriving-compact-mx140-lamppu\/\" \/>\n<meta property=\"og:locale\" content=\"fi_FI\" \/>\n<meta property=\"og:type\" content=\"article\" \/>\n<meta property=\"og:title\" content=\"OSRAM LEDriving\u00ae Compact MX140 - Xenonkungen\" \/>\n<meta property=\"og:description\" content=\"OSRAM LEDriving\u00ae Compact MX140 Denna arbetslampa kommer i 2 olika versioner.Spot och Driving. Spot har ett riktat ljus som g\u00f6r att ljuset kommer s\u00e5 l\u00e5ngt som m\u00f6jligt. Driving har reflektorer som sprider ljuset i en bredare ljusbild\" \/>\n<meta property=\"og:url\" content=\"https:\/\/xenonkungen.com\/fi\/tuote\/osram-ledriving-compact-mx140-lamppu\/\" \/>\n<meta property=\"og:site_name\" content=\"Xenonkungen\" \/>\n<meta property=\"article:modified_time\" content=\"2025-12-10T13:49:07+00:00\" \/>\n<meta property=\"og:image\" content=\"https:\/\/xenonkungen.com\/wp-content\/uploads\/2025\/04\/163584143-origpic-c4ff8e.png\" \/>\n\t<meta property=\"og:image:width\" content=\"1000\" \/>\n\t<meta property=\"og:image:height\" content=\"765\" \/>\n\t<meta property=\"og:image:type\" content=\"image\/png\" \/>\n<meta name=\"twitter:card\" content=\"summary_large_image\" \/>\n<script type=\"application\/ld+json\" class=\"yoast-schema-graph\">{\"@context\":\"https:\/\/schema.org\",\"@graph\":[{\"@type\":\"WebPage\",\"@id\":\"https:\/\/xenonkungen.com\/produkt\/osram-ledriving-compact-mx140\/\",\"url\":\"https:\/\/xenonkungen.com\/produkt\/osram-ledriving-compact-mx140\/\",\"name\":\"OSRAM LEDriving\u00ae Compact MX140 - Xenonkungen\",\"isPartOf\":{\"@id\":\"https:\/\/xenonkungen.com\/#website\"},\"primaryImageOfPage\":{\"@id\":\"https:\/\/xenonkungen.com\/produkt\/osram-ledriving-compact-mx140\/#primaryimage\"},\"image\":{\"@id\":\"https:\/\/xenonkungen.com\/produkt\/osram-ledriving-compact-mx140\/#primaryimage\"},\"thumbnailUrl\":\"https:\/\/xenonkungen.com\/wp-content\/uploads\/2025\/04\/163584143-origpic-c4ff8e.png\",\"datePublished\":\"2025-04-15T09:55:46+00:00\",\"dateModified\":\"2025-12-10T13:49:07+00:00\",\"breadcrumb\":{\"@id\":\"https:\/\/xenonkungen.com\/produkt\/osram-ledriving-compact-mx140\/#breadcrumb\"},\"inLanguage\":\"fi\",\"potentialAction\":[{\"@type\":\"ReadAction\",\"target\":[\"https:\/\/xenonkungen.com\/produkt\/osram-ledriving-compact-mx140\/\"]}]},{\"@type\":\"ImageObject\",\"inLanguage\":\"fi\",\"@id\":\"https:\/\/xenonkungen.com\/produkt\/osram-ledriving-compact-mx140\/#primaryimage\",\"url\":\"https:\/\/xenonkungen.com\/wp-content\/uploads\/2025\/04\/163584143-origpic-c4ff8e.png\",\"contentUrl\":\"https:\/\/xenonkungen.com\/wp-content\/uploads\/2025\/04\/163584143-origpic-c4ff8e.png\",\"width\":1000,\"height\":765},{\"@type\":\"BreadcrumbList\",\"@id\":\"https:\/\/xenonkungen.com\/produkt\/osram-ledriving-compact-mx140\/#breadcrumb\",\"itemListElement\":[{\"@type\":\"ListItem\",\"position\":1,\"name\":\"Hem\",\"item\":\"https:\/\/xenonkungen.com\/\"},{\"@type\":\"ListItem\",\"position\":2,\"name\":\"Shop\",\"item\":\"https:\/\/xenonkungen.com\/shop\/\"},{\"@type\":\"ListItem\",\"position\":3,\"name\":\"OSRAM LEDriving\u00ae Compact MX140\"}]},{\"@type\":\"WebSite\",\"@id\":\"https:\/\/xenonkungen.com\/#website\",\"url\":\"https:\/\/xenonkungen.com\/\",\"name\":\"Xenonkungen\",\"description\":\"\",\"potentialAction\":[{\"@type\":\"SearchAction\",\"target\":{\"@type\":\"EntryPoint\",\"urlTemplate\":\"https:\/\/xenonkungen.com\/?s={search_term_string}\"},\"query-input\":{\"@type\":\"PropertyValueSpecification\",\"valueRequired\":true,\"valueName\":\"search_term_string\"}}],\"inLanguage\":\"fi\"}]}<\/script>\n<!-- \/ Yoast SEO plugin. -->","yoast_head_json":{"title":"OSRAM LEDriving\u00ae Compact MX140 - Ksenonkuningas","robots":{"index":"index","follow":"follow","max-snippet":"max-snippet:-1","max-image-preview":"max-image-preview:large","max-video-preview":"max-video-preview:-1"},"canonical":"https:\/\/xenonkungen.com\/fi\/tuote\/osram-ledriving-compact-mx140-lamppu\/","og_locale":"fi_FI","og_type":"article","og_title":"OSRAM LEDriving\u00ae Compact MX140 - Xenonkungen","og_description":"OSRAM LEDriving\u00ae Compact MX140 Denna arbetslampa kommer i 2 olika versioner.Spot och Driving. Spot har ett riktat ljus som g\u00f6r att ljuset kommer s\u00e5 l\u00e5ngt som m\u00f6jligt. Driving har reflektorer som sprider ljuset i en bredare ljusbild","og_url":"https:\/\/xenonkungen.com\/fi\/tuote\/osram-ledriving-compact-mx140-lamppu\/","og_site_name":"Xenonkungen","article_modified_time":"2025-12-10T13:49:07+00:00","og_image":[{"width":1000,"height":765,"url":"https:\/\/xenonkungen.com\/wp-content\/uploads\/2025\/04\/163584143-origpic-c4ff8e.png","type":"image\/png"}],"twitter_card":"summary_large_image","schema":{"@context":"https:\/\/schema.org","@graph":[{"@type":"WebPage","@id":"https:\/\/xenonkungen.com\/produkt\/osram-ledriving-compact-mx140\/","url":"https:\/\/xenonkungen.com\/produkt\/osram-ledriving-compact-mx140\/","name":"OSRAM LEDriving\u00ae Compact MX140 - Ksenonkuningas","isPartOf":{"@id":"https:\/\/xenonkungen.com\/#website"},"primaryImageOfPage":{"@id":"https:\/\/xenonkungen.com\/produkt\/osram-ledriving-compact-mx140\/#primaryimage"},"image":{"@id":"https:\/\/xenonkungen.com\/produkt\/osram-ledriving-compact-mx140\/#primaryimage"},"thumbnailUrl":"https:\/\/xenonkungen.com\/wp-content\/uploads\/2025\/04\/163584143-origpic-c4ff8e.png","datePublished":"2025-04-15T09:55:46+00:00","dateModified":"2025-12-10T13:49:07+00:00","breadcrumb":{"@id":"https:\/\/xenonkungen.com\/produkt\/osram-ledriving-compact-mx140\/#breadcrumb"},"inLanguage":"fi","potentialAction":[{"@type":"ReadAction","target":["https:\/\/xenonkungen.com\/produkt\/osram-ledriving-compact-mx140\/"]}]},{"@type":"ImageObject","inLanguage":"fi","@id":"https:\/\/xenonkungen.com\/produkt\/osram-ledriving-compact-mx140\/#primaryimage","url":"https:\/\/xenonkungen.com\/wp-content\/uploads\/2025\/04\/163584143-origpic-c4ff8e.png","contentUrl":"https:\/\/xenonkungen.com\/wp-content\/uploads\/2025\/04\/163584143-origpic-c4ff8e.png","width":1000,"height":765},{"@type":"BreadcrumbList","@id":"https:\/\/xenonkungen.com\/produkt\/osram-ledriving-compact-mx140\/#breadcrumb","itemListElement":[{"@type":"ListItem","position":1,"name":"Hem","item":"https:\/\/xenonkungen.com\/"},{"@type":"ListItem","position":2,"name":"Shop","item":"https:\/\/xenonkungen.com\/shop\/"},{"@type":"ListItem","position":3,"name":"OSRAM LEDriving\u00ae Compact MX140"}]},{"@type":"WebSite","@id":"https:\/\/xenonkungen.com\/#website","url":"https:\/\/xenonkungen.com\/","name":"Xenonkungen","description":"","potentialAction":[{"@type":"SearchAction","target":{"@type":"EntryPoint","urlTemplate":"https:\/\/xenonkungen.com\/?s={search_term_string}"},"query-input":{"@type":"PropertyValueSpecification","valueRequired":true,"valueName":"search_term_string"}}],"inLanguage":"fi"}]}},"taxonomy_info":{"product_brand":[{"value":108,"label":"OSRAM"}],"product_cat":[{"value":2639,"label":"OSRAM Ledriving"},{"value":2183,"label":"OSRAM LEDriving\u00ae"},{"value":508,"label":"Arbetsbelysning"}],"pa_faktisk-effekts-forbrukning":[{"value":533,"label":"30"}],"pa_fuktskydd-varde-ipxx":[{"value":333,"label":"IP67"}],"pa_godkannande":[{"value":1928,"label":"R7 , R112"}],"pa_ljusbild":[{"value":1177,"label":"Spot"}],"pa_storlek-mm":[{"value":1927,"label":"140x86x69"}],"pa_volt-v":[{"value":348,"label":"12, 24"}]},"featured_image_src_large":["https:\/\/xenonkungen.com\/wp-content\/uploads\/2025\/04\/163584143-origpic-c4ff8e.png",1000,765,false],"author_info":[],"comment_info":0,"_links":{"self":[{"href":"https:\/\/xenonkungen.com\/fi\/wp-json\/wp\/v2\/product\/7455","targetHints":{"allow":["GET"]}}],"collection":[{"href":"https:\/\/xenonkungen.com\/fi\/wp-json\/wp\/v2\/product"}],"about":[{"href":"https:\/\/xenonkungen.com\/fi\/wp-json\/wp\/v2\/types\/product"}],"replies":[{"embeddable":true,"href":"https:\/\/xenonkungen.com\/fi\/wp-json\/wp\/v2\/comments?post=7455"}],"wp:featuredmedia":[{"embeddable":true,"href":"https:\/\/xenonkungen.com\/fi\/wp-json\/wp\/v2\/media\/7456"}],"wp:attachment":[{"href":"https:\/\/xenonkungen.com\/fi\/wp-json\/wp\/v2\/media?parent=7455"}],"wp:term":[{"taxonomy":"anvandningsomrade","embeddable":true,"href":"https:\/\/xenonkungen.com\/fi\/wp-json\/wp\/v2\/anvandningsomrade?post=7455"},{"taxonomy":"bilmarken","embeddable":true,"href":"https:\/\/xenonkungen.com\/fi\/wp-json\/wp\/v2\/bilmarken?post=7455"},{"taxonomy":"product_brand","embeddable":true,"href":"https:\/\/xenonkungen.com\/fi\/wp-json\/wp\/v2\/product_brand?post=7455"},{"taxonomy":"product_cat","embeddable":true,"href":"https:\/\/xenonkungen.com\/fi\/wp-json\/wp\/v2\/product_cat?post=7455"},{"taxonomy":"product_tag","embeddable":true,"href":"https:\/\/xenonkungen.com\/fi\/wp-json\/wp\/v2\/product_tag?post=7455"}],"curies":[{"name":"wp","href":"https:\/\/api.w.org\/{rel}","templated":true}]}}