{"id":7479,"date":"2025-04-15T09:56:07","date_gmt":"2025-04-15T09:56:07","guid":{"rendered":"https:\/\/xenonkungen.com\/product\/ledriving-lightbar-fx500-cb-sm\/"},"modified":"2026-04-24T17:40:51","modified_gmt":"2026-04-24T16:40:51","slug":"ledriving-valopalkki-fx500-cb-sm","status":"publish","type":"product","link":"https:\/\/xenonkungen.com\/fi\/tuote\/ledriving-valopalkki-fx500-cb-sm\/","title":{"rendered":"LEDriving\u00ae LIGHTBAR FX500-CB SM LEDriving\u00ae LIGHTBAR FX500-CB SM <56cm>"},"content":{"rendered":"<p>LED-lis\u00e4valot lis\u00e4\u00e4v\u00e4t ajamisen nautintoa<br \/>Parempi valaistus pitkill\u00e4 matkoilla pimeill\u00e4 maa- ja sorateill\u00e4 \u2013 ei ongelma LEDriving Lightbar FX500-CB:lle. 20 tehokasta ja tehokasta LEDi\u00e4 antavat LED-kaukovaloille jopa 440 metrin pituisen valokeilan ja lis\u00e4\u00e4v\u00e4t kuljettajien turvallisuutta.<\/p>\n<p>LED-valonauhat tarjoavat p\u00e4iv\u00e4nvaloa muistuttavat olosuhteet kirkkaalla 6 000 kelvinin valolla jopa h\u00e4m\u00e4r\u00e4ss\u00e4 tai huonoissa valaistusolosuhteissa h\u00e4ik\u00e4isem\u00e4tt\u00e4 vastaantulevaa liikennett\u00e4 tarpeettomasti. Heijastimien nerokas suunnittelu ohjaa LED-valon poisp\u00e4in siten, ett\u00e4 vastaantulevaan liikenteeseen osuu vain ep\u00e4suora valo. Valo jakautuu tasaisesti viiden asteen kulmaan.<\/p>\n<p>Kest\u00e4v\u00e4, kest\u00e4v\u00e4 ja joustava<br \/>K\u00e4ytettiinp\u00e4 sit\u00e4 sitten LED-ty\u00f6valona tai henkil\u00f6auton lis\u00e4kaukovalona, LEDriving Lightbar FX500-CB:n tehokas suorituskyky ja pitk\u00e4 k\u00e4ytt\u00f6ik\u00e4 tekev\u00e4t siit\u00e4 vakuuttavan valinnan. Se sopii monenlaisiin k\u00e4ytt\u00f6tarkoituksiin, kest\u00e4\u00e4 ankaria ymp\u00e4rist\u00f6olosuhteita ja on eritt\u00e4in kest\u00e4v\u00e4 korkealaatuisten materiaalien ja kest\u00e4v\u00e4n polykarbonaattilinssin ansiosta.<\/p>\n<p>Integroitu ohjain ja l\u00e4mm\u00f6nhallintaj\u00e4rjestelm\u00e4 s\u00e4\u00e4telev\u00e4t LED-ajovalon l\u00e4mp\u00f6tilaa ja est\u00e4v\u00e4t ylikuumenemisen aiheuttamat mahdolliset vauriot. T\u00e4ydellinen napaisuussuoja varmistaa, ett\u00e4 LEDit sammuvat automaattisesti ylij\u00e4nnitteen sattuessa.<\/p>\n<p>Valoa moniin eri k\u00e4ytt\u00f6tarkoituksiin<br \/>LEDriving Lightbar FX500-CB -valopalkkia on ilo k\u00e4ytt\u00e4\u00e4 sek\u00e4 tiell\u00e4 ett\u00e4 maastossa. ECE-hyv\u00e4ksytty LED-lis\u00e4valo tarjoaa paremman n\u00e4kyvyyden ja siten lis\u00e4\u00e4 turvallisuutta tiell\u00e4. Se my\u00f6s parantaa ajoneuvon maastoajo-ominaisuuksia.<br \/>LED-ajovalot voidaan asentaa 12 V:n j\u00e4rjestelmill\u00e4 varustettuihin ajoneuvoihin sek\u00e4 maatalouskoneisiin, hy\u00f6tyajoneuvoihin, vapaa-ajan ajoneuvoihin, maastoajoneuvoihin ja nelivetoisiin ajoneuvoihin. Voimakas 5 500 lumenin valoteho yhdistyy eritt\u00e4in korkeaan optiseen hy\u00f6tysuhteeseen, tasaiseen valonjakoon ja v\u00e4h\u00e4iseen h\u00e4ik\u00e4isyyn.<\/p>\n<p><\/p>","protected":false},"excerpt":{"rendered":"<p>Yksi Osramin suurimmista LED-rampeista. 1 luksin valoteho 440 metriss\u00e4!<\/p>","protected":false},"featured_media":7480,"comment_status":"closed","ping_status":"open","template":"","meta":{"_acf_changed":false,"_smort_price_nok":"4337","_smort_price_dkk":"2755","_smort_price_eur":"369.07","_smort_sale_price_nok":"","_smort_sale_price_dkk":"","_smort_sale_price_eur":"","smort_restorder":"","shipmondo_restorder":"","_kad_blocks_custom_css":"","_kad_blocks_head_custom_js":"","_kad_blocks_body_custom_js":"","_kad_blocks_footer_custom_js":"","smort_custom_pricelist_1":"2598.4","smort_custom_pricelist_2":"2598.4","smort_custom_pricelist_3":"2468.48","smort_custom_pricelist_4":"3248","smort_custom_pricelist_5":"2598.4"},"anvandningsomrade":[],"bilmarken":[],"product_brand":[108],"product_cat":[2966,2539,2640,2183],"product_tag":[],"class_list":{"0":"post-7479","1":"product","2":"type-product","3":"status-publish","4":"has-post-thumbnail","6":"product_brand-osram","7":"product_cat-ledramp-rak","8":"product_cat-ledramper","9":"product_cat-osram-ledriving-ledramper","10":"product_cat-osram-ledriving","11":"pa_faktisk-effekts-forbrukning-700","12":"pa_fargtemperatur-1428","13":"pa_fuktskydd-varde-ipxx-ip67","14":"pa_godkannande-r10-r112","15":"pa_ljusbild-combo","16":"pa_storlek-mm-564x935x77","17":"pa_volt-v-12-24","19":"first","20":"onbackorder","21":"taxable","22":"shipping-taxable","23":"purchasable","24":"product-type-simple"},"bundled_by":[],"bundle_stock_status":"onbackorder","bundle_stock_quantity":0,"bundle_virtual":false,"bundle_layout":"","bundle_add_to_cart_form_location":"","bundle_editable_in_cart":false,"bundle_sold_individually_context":"","bundle_item_grouping":"","bundle_min_size":"","bundle_max_size":"","bundle_price":[],"bundled_items":[],"bundle_sell_ids":[],"acf":[],"yoast_head":"<!-- This site is optimized with the Yoast SEO plugin v27.0 - https:\/\/yoast.com\/product\/yoast-seo-wordpress\/ -->\n<title>LEDriving\u00ae LIGHTBAR FX500-CB SM  - Xenonkungen<\/title>\n<meta name=\"robots\" content=\"index, follow, max-snippet:-1, max-image-preview:large, max-video-preview:-1\" \/>\n<link rel=\"canonical\" href=\"https:\/\/xenonkungen.com\/fi\/tuote\/ledriving-valopalkki-fx500-cb-sm\/\" \/>\n<meta property=\"og:locale\" content=\"fi_FI\" \/>\n<meta property=\"og:type\" content=\"article\" \/>\n<meta property=\"og:title\" content=\"LEDriving\u00ae LIGHTBAR FX500-CB SM  - Xenonkungen\" \/>\n<meta property=\"og:description\" content=\"En av Osrams st\u00f6rsta LEDramper. Med 1 Lux vid 440 meter!\" \/>\n<meta property=\"og:url\" content=\"https:\/\/xenonkungen.com\/fi\/tuote\/ledriving-valopalkki-fx500-cb-sm\/\" \/>\n<meta property=\"og:site_name\" content=\"Xenonkungen\" \/>\n<meta property=\"article:modified_time\" content=\"2026-04-24T16:40:51+00:00\" \/>\n<meta property=\"og:image\" content=\"https:\/\/xenonkungen.com\/wp-content\/uploads\/2025\/04\/178261779-origpic-1d2b20.jpg\" \/>\n\t<meta property=\"og:image:width\" content=\"760\" \/>\n\t<meta property=\"og:image:height\" content=\"639\" \/>\n\t<meta property=\"og:image:type\" content=\"image\/jpeg\" \/>\n<meta name=\"twitter:card\" content=\"summary_large_image\" \/>\n<meta name=\"twitter:label1\" content=\"Arvioitu lukuaika\" \/>\n\t<meta name=\"twitter:data1\" content=\"2 minuuttia\" \/>\n<script type=\"application\/ld+json\" class=\"yoast-schema-graph\">{\"@context\":\"https:\/\/schema.org\",\"@graph\":[{\"@type\":\"WebPage\",\"@id\":\"https:\/\/xenonkungen.com\/produkt\/ledriving-lightbar-fx500-cb-sm\/\",\"url\":\"https:\/\/xenonkungen.com\/produkt\/ledriving-lightbar-fx500-cb-sm\/\",\"name\":\"LEDriving\u00ae LIGHTBAR FX500-CB SM - Xenonkungen\",\"isPartOf\":{\"@id\":\"https:\/\/xenonkungen.com\/#website\"},\"primaryImageOfPage\":{\"@id\":\"https:\/\/xenonkungen.com\/produkt\/ledriving-lightbar-fx500-cb-sm\/#primaryimage\"},\"image\":{\"@id\":\"https:\/\/xenonkungen.com\/produkt\/ledriving-lightbar-fx500-cb-sm\/#primaryimage\"},\"thumbnailUrl\":\"https:\/\/xenonkungen.com\/wp-content\/uploads\/2025\/04\/178261779-origpic-1d2b20.jpg\",\"datePublished\":\"2025-04-15T09:56:07+00:00\",\"dateModified\":\"2026-04-24T16:40:51+00:00\",\"breadcrumb\":{\"@id\":\"https:\/\/xenonkungen.com\/produkt\/ledriving-lightbar-fx500-cb-sm\/#breadcrumb\"},\"inLanguage\":\"fi\",\"potentialAction\":[{\"@type\":\"ReadAction\",\"target\":[\"https:\/\/xenonkungen.com\/produkt\/ledriving-lightbar-fx500-cb-sm\/\"]}]},{\"@type\":\"ImageObject\",\"inLanguage\":\"fi\",\"@id\":\"https:\/\/xenonkungen.com\/produkt\/ledriving-lightbar-fx500-cb-sm\/#primaryimage\",\"url\":\"https:\/\/xenonkungen.com\/wp-content\/uploads\/2025\/04\/178261779-origpic-1d2b20.jpg\",\"contentUrl\":\"https:\/\/xenonkungen.com\/wp-content\/uploads\/2025\/04\/178261779-origpic-1d2b20.jpg\",\"width\":760,\"height\":639},{\"@type\":\"BreadcrumbList\",\"@id\":\"https:\/\/xenonkungen.com\/produkt\/ledriving-lightbar-fx500-cb-sm\/#breadcrumb\",\"itemListElement\":[{\"@type\":\"ListItem\",\"position\":1,\"name\":\"Hem\",\"item\":\"https:\/\/xenonkungen.com\/\"},{\"@type\":\"ListItem\",\"position\":2,\"name\":\"Shop\",\"item\":\"https:\/\/xenonkungen.com\/shop\/\"},{\"@type\":\"ListItem\",\"position\":3,\"name\":\"LEDriving\u00ae LIGHTBAR FX500-CB SM\"}]},{\"@type\":\"WebSite\",\"@id\":\"https:\/\/xenonkungen.com\/#website\",\"url\":\"https:\/\/xenonkungen.com\/\",\"name\":\"Xenonkungen\",\"description\":\"\",\"potentialAction\":[{\"@type\":\"SearchAction\",\"target\":{\"@type\":\"EntryPoint\",\"urlTemplate\":\"https:\/\/xenonkungen.com\/?s={search_term_string}\"},\"query-input\":{\"@type\":\"PropertyValueSpecification\",\"valueRequired\":true,\"valueName\":\"search_term_string\"}}],\"inLanguage\":\"fi\"}]}<\/script>\n<!-- \/ Yoast SEO plugin. -->","yoast_head_json":{"title":"LEDriving\u00ae VALOPALSTA FX500-CB SM - Ksenonkuningas","robots":{"index":"index","follow":"follow","max-snippet":"max-snippet:-1","max-image-preview":"max-image-preview:large","max-video-preview":"max-video-preview:-1"},"canonical":"https:\/\/xenonkungen.com\/fi\/tuote\/ledriving-valopalkki-fx500-cb-sm\/","og_locale":"fi_FI","og_type":"article","og_title":"LEDriving\u00ae LIGHTBAR FX500-CB SM  - Xenonkungen","og_description":"En av Osrams st\u00f6rsta LEDramper. Med 1 Lux vid 440 meter!","og_url":"https:\/\/xenonkungen.com\/fi\/tuote\/ledriving-valopalkki-fx500-cb-sm\/","og_site_name":"Xenonkungen","article_modified_time":"2026-04-24T16:40:51+00:00","og_image":[{"width":760,"height":639,"url":"https:\/\/xenonkungen.com\/wp-content\/uploads\/2025\/04\/178261779-origpic-1d2b20.jpg","type":"image\/jpeg"}],"twitter_card":"summary_large_image","twitter_misc":{"Arvioitu lukuaika":"2 minuuttia"},"schema":{"@context":"https:\/\/schema.org","@graph":[{"@type":"WebPage","@id":"https:\/\/xenonkungen.com\/produkt\/ledriving-lightbar-fx500-cb-sm\/","url":"https:\/\/xenonkungen.com\/produkt\/ledriving-lightbar-fx500-cb-sm\/","name":"LEDriving\u00ae VALOPALSTA FX500-CB SM - Ksenonkuningas","isPartOf":{"@id":"https:\/\/xenonkungen.com\/#website"},"primaryImageOfPage":{"@id":"https:\/\/xenonkungen.com\/produkt\/ledriving-lightbar-fx500-cb-sm\/#primaryimage"},"image":{"@id":"https:\/\/xenonkungen.com\/produkt\/ledriving-lightbar-fx500-cb-sm\/#primaryimage"},"thumbnailUrl":"https:\/\/xenonkungen.com\/wp-content\/uploads\/2025\/04\/178261779-origpic-1d2b20.jpg","datePublished":"2025-04-15T09:56:07+00:00","dateModified":"2026-04-24T16:40:51+00:00","breadcrumb":{"@id":"https:\/\/xenonkungen.com\/produkt\/ledriving-lightbar-fx500-cb-sm\/#breadcrumb"},"inLanguage":"fi","potentialAction":[{"@type":"ReadAction","target":["https:\/\/xenonkungen.com\/produkt\/ledriving-lightbar-fx500-cb-sm\/"]}]},{"@type":"ImageObject","inLanguage":"fi","@id":"https:\/\/xenonkungen.com\/produkt\/ledriving-lightbar-fx500-cb-sm\/#primaryimage","url":"https:\/\/xenonkungen.com\/wp-content\/uploads\/2025\/04\/178261779-origpic-1d2b20.jpg","contentUrl":"https:\/\/xenonkungen.com\/wp-content\/uploads\/2025\/04\/178261779-origpic-1d2b20.jpg","width":760,"height":639},{"@type":"BreadcrumbList","@id":"https:\/\/xenonkungen.com\/produkt\/ledriving-lightbar-fx500-cb-sm\/#breadcrumb","itemListElement":[{"@type":"ListItem","position":1,"name":"Hem","item":"https:\/\/xenonkungen.com\/"},{"@type":"ListItem","position":2,"name":"Shop","item":"https:\/\/xenonkungen.com\/shop\/"},{"@type":"ListItem","position":3,"name":"LEDriving\u00ae LIGHTBAR FX500-CB SM"}]},{"@type":"WebSite","@id":"https:\/\/xenonkungen.com\/#website","url":"https:\/\/xenonkungen.com\/","name":"Xenonkungen","description":"","potentialAction":[{"@type":"SearchAction","target":{"@type":"EntryPoint","urlTemplate":"https:\/\/xenonkungen.com\/?s={search_term_string}"},"query-input":{"@type":"PropertyValueSpecification","valueRequired":true,"valueName":"search_term_string"}}],"inLanguage":"fi"}]}},"taxonomy_info":{"product_brand":[{"value":108,"label":"OSRAM"}],"product_cat":[{"value":2966,"label":"Ledramp Rak"},{"value":2539,"label":"LEDRAMPER"},{"value":2640,"label":"OSRAM Ledriving Serie"},{"value":2183,"label":"OSRAM LEDriving\u00ae"}],"pa_faktisk-effekts-forbrukning":[{"value":700,"label":"68"}],"pa_fargtemperatur":[{"value":1428,"label":"6000"}],"pa_fuktskydd-varde-ipxx":[{"value":333,"label":"IP67"}],"pa_godkannande":[{"value":1933,"label":"R10 R112"}],"pa_ljusbild":[{"value":804,"label":"Combo"}],"pa_storlek-mm":[{"value":1932,"label":"564x93,5x77"}],"pa_volt-v":[{"value":348,"label":"12, 24"}]},"featured_image_src_large":["https:\/\/xenonkungen.com\/wp-content\/uploads\/2025\/04\/178261779-origpic-1d2b20.jpg",760,639,false],"author_info":[],"comment_info":0,"_links":{"self":[{"href":"https:\/\/xenonkungen.com\/fi\/wp-json\/wp\/v2\/product\/7479","targetHints":{"allow":["GET"]}}],"collection":[{"href":"https:\/\/xenonkungen.com\/fi\/wp-json\/wp\/v2\/product"}],"about":[{"href":"https:\/\/xenonkungen.com\/fi\/wp-json\/wp\/v2\/types\/product"}],"replies":[{"embeddable":true,"href":"https:\/\/xenonkungen.com\/fi\/wp-json\/wp\/v2\/comments?post=7479"}],"wp:featuredmedia":[{"embeddable":true,"href":"https:\/\/xenonkungen.com\/fi\/wp-json\/wp\/v2\/media\/7480"}],"wp:attachment":[{"href":"https:\/\/xenonkungen.com\/fi\/wp-json\/wp\/v2\/media?parent=7479"}],"wp:term":[{"taxonomy":"anvandningsomrade","embeddable":true,"href":"https:\/\/xenonkungen.com\/fi\/wp-json\/wp\/v2\/anvandningsomrade?post=7479"},{"taxonomy":"bilmarken","embeddable":true,"href":"https:\/\/xenonkungen.com\/fi\/wp-json\/wp\/v2\/bilmarken?post=7479"},{"taxonomy":"product_brand","embeddable":true,"href":"https:\/\/xenonkungen.com\/fi\/wp-json\/wp\/v2\/product_brand?post=7479"},{"taxonomy":"product_cat","embeddable":true,"href":"https:\/\/xenonkungen.com\/fi\/wp-json\/wp\/v2\/product_cat?post=7479"},{"taxonomy":"product_tag","embeddable":true,"href":"https:\/\/xenonkungen.com\/fi\/wp-json\/wp\/v2\/product_tag?post=7479"}],"curies":[{"name":"wp","href":"https:\/\/api.w.org\/{rel}","templated":true}]}}