{"id":7481,"date":"2025-04-15T09:56:07","date_gmt":"2025-04-15T09:56:07","guid":{"rendered":"https:\/\/xenonkungen.com\/product\/osram-ledriving-ledramp-fx500-spot\/"},"modified":"2026-04-11T01:30:36","modified_gmt":"2026-04-11T00:30:36","slug":"osram-ledriving-ledramp-fx500-kohdevalo","status":"publish","type":"product","link":"https:\/\/xenonkungen.com\/fi\/tuote\/osram-ledriving-ledramp-fx500-kohdevalo\/","title":{"rendered":"OSRAM LEDriving\u00ae LEDramp FX500 -valonheitin <56cm>"},"content":{"rendered":"<p>Osramin uusi LED-ramppivalikoima on t\u00e4\u00e4ll\u00e4!<\/p>\n<p>LED-lis\u00e4valaistus parantaa ajamisen iloa.<br \/>\nParempi pitk\u00e4n kantaman valaistus pimeill\u00e4 maaseutu- ja sorateill\u00e4 - se ei ole ongelma LEDriving Lightbar FX500-SP:lle. LED-valopalkin 20 voimakkaan ja tehokkaan LED-valon ansiosta valaistuset\u00e4isyys on jopa 450 metri\u00e4, ja se takaa kuljettajille paremman liikenneturvallisuuden.<br \/>\nJopa h\u00e4m\u00e4r\u00e4ss\u00e4 tai heikentyneiss\u00e4 valaistusolosuhteissa LED-autorampit tarjoavat p\u00e4iv\u00e4nvaloa vahvan 6000 kelvinin voimakkuudella h\u00e4ik\u00e4isem\u00e4tt\u00e4 tarpeettomasti vastaantulevaa liikennett\u00e4. \u00c4lyk\u00e4s heijastinrakenne ohjaa ledien valon niin, ett\u00e4 vastaantuleva liikenne altistuu valolle vain ep\u00e4suorasti. Valo jakautuu tasaisesti viiden asteen kulmassa.<\/p>\n<p>Vankka, kest\u00e4v\u00e4 ja monipuolinen.<br \/>\nK\u00e4ytettiinp\u00e4 LED-ty\u00f6valona tai auton lis\u00e4kaukovalona - LEDriving Lightbar FX500-SP on erinomainen valinta tehokkaan suorituskyvyn ja pitk\u00e4n k\u00e4ytt\u00f6i\u00e4n ansiosta. Se on varustettu monenlaisiin k\u00e4ytt\u00f6tarkoituksiin, uhmaa ymp\u00e4rist\u00f6tekij\u00f6it\u00e4 ja on erityisen kest\u00e4v\u00e4 materiaaliensa laadukkaan valmistuksen ja kest\u00e4vien polykarbonaattilinssien ansiosta.<br \/>\nIntegroitu ohjain ja l\u00e4mm\u00f6nhallintaj\u00e4rjestelm\u00e4 s\u00e4\u00e4telee LED-ramppien l\u00e4mp\u00f6tilaa ja est\u00e4\u00e4 ylikuumenemisen aiheuttamat vahingot. T\u00e4ydellinen napaisuussuojaus varmistaa, ett\u00e4 LEDit kytkeytyv\u00e4t automaattisesti pois p\u00e4\u00e4lt\u00e4 ylij\u00e4nnitteen sattuessa.<\/p>\n<p>Kirkkaus moniin sovelluksiin.<br \/>\nLEDriving Lightbar FX500-SP on puhdas nautinto sek\u00e4 tiell\u00e4 ett\u00e4 sen ulkopuolella. ECE-vaatimusten mukainen LED-lis\u00e4valaistus tarjoaa paremman n\u00e4kyvyyden ja siten paremman turvallisuuden maanteill\u00e4. Lis\u00e4ksi se tuo \u00e4lykk\u00e4\u00e4n lis\u00e4n, joka parantaa ajoneuvon maastotyyli\u00e4.<br \/>\nLED-ajovalo voidaan asentaa moniin 12 V:n ajoneuvoihin sek\u00e4 maatalouskoneisiin, hy\u00f6tyajoneuvoihin, harraste-, maasto- ja 4\u00d74-ajoneuvoihin. Voimanl\u00e4hde, jonka voimakas kirkkaus on 4700 lumenia, korkein optinen hy\u00f6tysuhde ja homogeeninen valonjako, joka v\u00e4hent\u00e4\u00e4 h\u00e4ik\u00e4isy\u00e4.<\/p>\n<p><strong>Spotlight<\/strong> on suuntavalo, jonka ansiosta valo ulottuu mahdollisimman kauas.<\/p>","protected":false},"excerpt":{"rendered":"<p>Osrams nya serie med LED-ramper \u00e4r h\u00e4r! LED-extrabelysning f\u00f6rb\u00e4ttrar k\u00f6rgl\u00e4dje. F\u00f6rb\u00e4ttrad fj\u00e4rrbelysning p\u00e5 m\u00f6rka landsbygds- och grusv\u00e4gar &#8211; det \u00e4r inga problem f\u00f6r LEDriving Lightbar FX500-SP. De 20 intensiva, h\u00f6gpresterande lysdioderna ger LED-str\u00e5lkastaren ett ljusavst\u00e5nd upp till 450 meter och s\u00e4kerst\u00e4ller f\u00f6rb\u00e4ttrad trafiks\u00e4kerhet f\u00f6r f\u00f6rarna. Till och med i skymningen eller under komprometterade belysningsf\u00f6rh\u00e5llanden ger [&hellip;]<\/p>","protected":false},"featured_media":7482,"comment_status":"closed","ping_status":"closed","template":"","meta":{"_acf_changed":false,"_smort_price_nok":"1061","_smort_price_dkk":"2361","_smort_price_eur":"316.35","_smort_sale_price_nok":"1061","_smort_sale_price_dkk":"","_smort_sale_price_eur":"173.99","smort_restorder":"","shipmondo_restorder":"","_kad_blocks_custom_css":"","_kad_blocks_head_custom_js":"","_kad_blocks_body_custom_js":"","_kad_blocks_footer_custom_js":"","smort_custom_pricelist_1":"2227.2","smort_custom_pricelist_2":"2227.2","smort_custom_pricelist_3":"2115.84","smort_custom_pricelist_4":"2784","smort_custom_pricelist_5":"2227.2"},"anvandningsomrade":[],"bilmarken":[],"product_brand":[108],"product_cat":[2966,2539,2640,2183],"product_tag":[],"class_list":{"0":"post-7481","1":"product","2":"type-product","3":"status-publish","4":"has-post-thumbnail","6":"product_brand-osram","7":"product_cat-ledramp-rak","8":"product_cat-ledramper","9":"product_cat-osram-ledriving-ledramper","10":"product_cat-osram-ledriving","11":"pa_faktisk-effekts-forbrukning-847","12":"pa_fuktskydd-varde-ipxx-ip67","13":"pa_godkannande-r10","14":"pa_ljusbild-spot","15":"pa_storlek-mm-564x77x94","16":"pa_volt-v-9-30","18":"first","19":"instock","20":"taxable","21":"shipping-taxable","22":"purchasable","23":"product-type-simple"},"bundled_by":[],"bundle_stock_status":"instock","bundle_stock_quantity":6,"bundle_virtual":false,"bundle_layout":"","bundle_add_to_cart_form_location":"","bundle_editable_in_cart":false,"bundle_sold_individually_context":"","bundle_item_grouping":"","bundle_min_size":"","bundle_max_size":"","bundle_price":[],"bundled_items":[],"bundle_sell_ids":[],"acf":[],"yoast_head":"<!-- This site is optimized with the Yoast SEO plugin v27.0 - https:\/\/yoast.com\/product\/yoast-seo-wordpress\/ -->\n<title>OSRAM LEDriving\u00ae LEDramp FX500 Spot  - Xenonkungen<\/title>\n<meta name=\"robots\" content=\"index, follow, max-snippet:-1, max-image-preview:large, max-video-preview:-1\" \/>\n<link rel=\"canonical\" href=\"https:\/\/xenonkungen.com\/fi\/tuote\/osram-ledriving-ledramp-fx500-kohdevalo\/\" \/>\n<meta property=\"og:locale\" content=\"fi_FI\" \/>\n<meta property=\"og:type\" content=\"article\" \/>\n<meta property=\"og:title\" content=\"OSRAM LEDriving\u00ae LEDramp FX500 Spot  - Xenonkungen\" \/>\n<meta property=\"og:description\" content=\"Osrams nya serie med LED-ramper \u00e4r h\u00e4r! LED-extrabelysning f\u00f6rb\u00e4ttrar k\u00f6rgl\u00e4dje. F\u00f6rb\u00e4ttrad fj\u00e4rrbelysning p\u00e5 m\u00f6rka landsbygds- och grusv\u00e4gar &#8211; det \u00e4r inga problem f\u00f6r LEDriving Lightbar FX500-SP. De 20 intensiva, h\u00f6gpresterande lysdioderna ger LED-str\u00e5lkastaren ett ljusavst\u00e5nd upp till 450 meter och s\u00e4kerst\u00e4ller f\u00f6rb\u00e4ttrad trafiks\u00e4kerhet f\u00f6r f\u00f6rarna. Till och med i skymningen eller under komprometterade belysningsf\u00f6rh\u00e5llanden ger [&hellip;]\" \/>\n<meta property=\"og:url\" content=\"https:\/\/xenonkungen.com\/fi\/tuote\/osram-ledriving-ledramp-fx500-kohdevalo\/\" \/>\n<meta property=\"og:site_name\" content=\"Xenonkungen\" \/>\n<meta property=\"article:modified_time\" content=\"2026-04-11T00:30:36+00:00\" \/>\n<meta property=\"og:image\" content=\"https:\/\/xenonkungen.com\/wp-content\/uploads\/2025\/04\/163018301-origpic-c80a7d.png\" \/>\n\t<meta property=\"og:image:width\" content=\"1000\" \/>\n\t<meta property=\"og:image:height\" content=\"725\" \/>\n\t<meta property=\"og:image:type\" content=\"image\/png\" \/>\n<meta name=\"twitter:card\" content=\"summary_large_image\" \/>\n<meta name=\"twitter:label1\" content=\"Arvioitu lukuaika\" \/>\n\t<meta name=\"twitter:data1\" content=\"2 minuuttia\" \/>\n<script type=\"application\/ld+json\" class=\"yoast-schema-graph\">{\"@context\":\"https:\/\/schema.org\",\"@graph\":[{\"@type\":\"WebPage\",\"@id\":\"https:\/\/xenonkungen.com\/produkt\/osram-ledriving-ledramp-fx500-spot\/\",\"url\":\"https:\/\/xenonkungen.com\/produkt\/osram-ledriving-ledramp-fx500-spot\/\",\"name\":\"OSRAM LEDriving\u00ae LEDramp FX500 Spot - Xenonkungen\",\"isPartOf\":{\"@id\":\"https:\/\/xenonkungen.com\/#website\"},\"primaryImageOfPage\":{\"@id\":\"https:\/\/xenonkungen.com\/produkt\/osram-ledriving-ledramp-fx500-spot\/#primaryimage\"},\"image\":{\"@id\":\"https:\/\/xenonkungen.com\/produkt\/osram-ledriving-ledramp-fx500-spot\/#primaryimage\"},\"thumbnailUrl\":\"https:\/\/xenonkungen.com\/wp-content\/uploads\/2025\/04\/163018301-origpic-c80a7d.png\",\"datePublished\":\"2025-04-15T09:56:07+00:00\",\"dateModified\":\"2026-04-11T00:30:36+00:00\",\"breadcrumb\":{\"@id\":\"https:\/\/xenonkungen.com\/produkt\/osram-ledriving-ledramp-fx500-spot\/#breadcrumb\"},\"inLanguage\":\"fi\",\"potentialAction\":[{\"@type\":\"ReadAction\",\"target\":[\"https:\/\/xenonkungen.com\/produkt\/osram-ledriving-ledramp-fx500-spot\/\"]}]},{\"@type\":\"ImageObject\",\"inLanguage\":\"fi\",\"@id\":\"https:\/\/xenonkungen.com\/produkt\/osram-ledriving-ledramp-fx500-spot\/#primaryimage\",\"url\":\"https:\/\/xenonkungen.com\/wp-content\/uploads\/2025\/04\/163018301-origpic-c80a7d.png\",\"contentUrl\":\"https:\/\/xenonkungen.com\/wp-content\/uploads\/2025\/04\/163018301-origpic-c80a7d.png\",\"width\":1000,\"height\":725},{\"@type\":\"BreadcrumbList\",\"@id\":\"https:\/\/xenonkungen.com\/produkt\/osram-ledriving-ledramp-fx500-spot\/#breadcrumb\",\"itemListElement\":[{\"@type\":\"ListItem\",\"position\":1,\"name\":\"Hem\",\"item\":\"https:\/\/xenonkungen.com\/\"},{\"@type\":\"ListItem\",\"position\":2,\"name\":\"Shop\",\"item\":\"https:\/\/xenonkungen.com\/shop\/\"},{\"@type\":\"ListItem\",\"position\":3,\"name\":\"OSRAM LEDriving\u00ae LEDramp FX500 Spot\"}]},{\"@type\":\"WebSite\",\"@id\":\"https:\/\/xenonkungen.com\/#website\",\"url\":\"https:\/\/xenonkungen.com\/\",\"name\":\"Xenonkungen\",\"description\":\"\",\"potentialAction\":[{\"@type\":\"SearchAction\",\"target\":{\"@type\":\"EntryPoint\",\"urlTemplate\":\"https:\/\/xenonkungen.com\/?s={search_term_string}\"},\"query-input\":{\"@type\":\"PropertyValueSpecification\",\"valueRequired\":true,\"valueName\":\"search_term_string\"}}],\"inLanguage\":\"fi\"}]}<\/script>\n<!-- \/ Yoast SEO plugin. -->","yoast_head_json":{"title":"OSRAM LEDriving\u00ae LEDramp FX500 -kohdevalo \u2013 ksenonkuningas","robots":{"index":"index","follow":"follow","max-snippet":"max-snippet:-1","max-image-preview":"max-image-preview:large","max-video-preview":"max-video-preview:-1"},"canonical":"https:\/\/xenonkungen.com\/fi\/tuote\/osram-ledriving-ledramp-fx500-kohdevalo\/","og_locale":"fi_FI","og_type":"article","og_title":"OSRAM LEDriving\u00ae LEDramp FX500 Spot  - Xenonkungen","og_description":"Osrams nya serie med LED-ramper \u00e4r h\u00e4r! LED-extrabelysning f\u00f6rb\u00e4ttrar k\u00f6rgl\u00e4dje. F\u00f6rb\u00e4ttrad fj\u00e4rrbelysning p\u00e5 m\u00f6rka landsbygds- och grusv\u00e4gar &#8211; det \u00e4r inga problem f\u00f6r LEDriving Lightbar FX500-SP. De 20 intensiva, h\u00f6gpresterande lysdioderna ger LED-str\u00e5lkastaren ett ljusavst\u00e5nd upp till 450 meter och s\u00e4kerst\u00e4ller f\u00f6rb\u00e4ttrad trafiks\u00e4kerhet f\u00f6r f\u00f6rarna. Till och med i skymningen eller under komprometterade belysningsf\u00f6rh\u00e5llanden ger [&hellip;]","og_url":"https:\/\/xenonkungen.com\/fi\/tuote\/osram-ledriving-ledramp-fx500-kohdevalo\/","og_site_name":"Xenonkungen","article_modified_time":"2026-04-11T00:30:36+00:00","og_image":[{"width":1000,"height":725,"url":"https:\/\/xenonkungen.com\/wp-content\/uploads\/2025\/04\/163018301-origpic-c80a7d.png","type":"image\/png"}],"twitter_card":"summary_large_image","twitter_misc":{"Arvioitu lukuaika":"2 minuuttia"},"schema":{"@context":"https:\/\/schema.org","@graph":[{"@type":"WebPage","@id":"https:\/\/xenonkungen.com\/produkt\/osram-ledriving-ledramp-fx500-spot\/","url":"https:\/\/xenonkungen.com\/produkt\/osram-ledriving-ledramp-fx500-spot\/","name":"OSRAM LEDriving\u00ae LEDramp FX500 -kohdevalo \u2013 ksenonkuningas","isPartOf":{"@id":"https:\/\/xenonkungen.com\/#website"},"primaryImageOfPage":{"@id":"https:\/\/xenonkungen.com\/produkt\/osram-ledriving-ledramp-fx500-spot\/#primaryimage"},"image":{"@id":"https:\/\/xenonkungen.com\/produkt\/osram-ledriving-ledramp-fx500-spot\/#primaryimage"},"thumbnailUrl":"https:\/\/xenonkungen.com\/wp-content\/uploads\/2025\/04\/163018301-origpic-c80a7d.png","datePublished":"2025-04-15T09:56:07+00:00","dateModified":"2026-04-11T00:30:36+00:00","breadcrumb":{"@id":"https:\/\/xenonkungen.com\/produkt\/osram-ledriving-ledramp-fx500-spot\/#breadcrumb"},"inLanguage":"fi","potentialAction":[{"@type":"ReadAction","target":["https:\/\/xenonkungen.com\/produkt\/osram-ledriving-ledramp-fx500-spot\/"]}]},{"@type":"ImageObject","inLanguage":"fi","@id":"https:\/\/xenonkungen.com\/produkt\/osram-ledriving-ledramp-fx500-spot\/#primaryimage","url":"https:\/\/xenonkungen.com\/wp-content\/uploads\/2025\/04\/163018301-origpic-c80a7d.png","contentUrl":"https:\/\/xenonkungen.com\/wp-content\/uploads\/2025\/04\/163018301-origpic-c80a7d.png","width":1000,"height":725},{"@type":"BreadcrumbList","@id":"https:\/\/xenonkungen.com\/produkt\/osram-ledriving-ledramp-fx500-spot\/#breadcrumb","itemListElement":[{"@type":"ListItem","position":1,"name":"Hem","item":"https:\/\/xenonkungen.com\/"},{"@type":"ListItem","position":2,"name":"Shop","item":"https:\/\/xenonkungen.com\/shop\/"},{"@type":"ListItem","position":3,"name":"OSRAM LEDriving\u00ae LEDramp FX500 Spot"}]},{"@type":"WebSite","@id":"https:\/\/xenonkungen.com\/#website","url":"https:\/\/xenonkungen.com\/","name":"Xenonkungen","description":"","potentialAction":[{"@type":"SearchAction","target":{"@type":"EntryPoint","urlTemplate":"https:\/\/xenonkungen.com\/?s={search_term_string}"},"query-input":{"@type":"PropertyValueSpecification","valueRequired":true,"valueName":"search_term_string"}}],"inLanguage":"fi"}]}},"taxonomy_info":{"product_brand":[{"value":108,"label":"OSRAM"}],"product_cat":[{"value":2966,"label":"Ledramp Rak"},{"value":2539,"label":"LEDRAMPER"},{"value":2640,"label":"OSRAM Ledriving"},{"value":2183,"label":"OSRAM LEDriving\u00ae"}],"pa_faktisk-effekts-forbrukning":[{"value":847,"label":"35"}],"pa_fuktskydd-varde-ipxx":[{"value":333,"label":"IP67"}],"pa_godkannande":[{"value":184,"label":"R10"}],"pa_ljusbild":[{"value":1177,"label":"Spot"}],"pa_storlek-mm":[{"value":1934,"label":"564x77x94"}],"pa_volt-v":[{"value":1538,"label":"9-30"}]},"featured_image_src_large":["https:\/\/xenonkungen.com\/wp-content\/uploads\/2025\/04\/163018301-origpic-c80a7d.png",1000,725,false],"author_info":[],"comment_info":0,"_links":{"self":[{"href":"https:\/\/xenonkungen.com\/fi\/wp-json\/wp\/v2\/product\/7481","targetHints":{"allow":["GET"]}}],"collection":[{"href":"https:\/\/xenonkungen.com\/fi\/wp-json\/wp\/v2\/product"}],"about":[{"href":"https:\/\/xenonkungen.com\/fi\/wp-json\/wp\/v2\/types\/product"}],"replies":[{"embeddable":true,"href":"https:\/\/xenonkungen.com\/fi\/wp-json\/wp\/v2\/comments?post=7481"}],"wp:featuredmedia":[{"embeddable":true,"href":"https:\/\/xenonkungen.com\/fi\/wp-json\/wp\/v2\/media\/7482"}],"wp:attachment":[{"href":"https:\/\/xenonkungen.com\/fi\/wp-json\/wp\/v2\/media?parent=7481"}],"wp:term":[{"taxonomy":"anvandningsomrade","embeddable":true,"href":"https:\/\/xenonkungen.com\/fi\/wp-json\/wp\/v2\/anvandningsomrade?post=7481"},{"taxonomy":"bilmarken","embeddable":true,"href":"https:\/\/xenonkungen.com\/fi\/wp-json\/wp\/v2\/bilmarken?post=7481"},{"taxonomy":"product_brand","embeddable":true,"href":"https:\/\/xenonkungen.com\/fi\/wp-json\/wp\/v2\/product_brand?post=7481"},{"taxonomy":"product_cat","embeddable":true,"href":"https:\/\/xenonkungen.com\/fi\/wp-json\/wp\/v2\/product_cat?post=7481"},{"taxonomy":"product_tag","embeddable":true,"href":"https:\/\/xenonkungen.com\/fi\/wp-json\/wp\/v2\/product_tag?post=7481"}],"curies":[{"name":"wp","href":"https:\/\/api.w.org\/{rel}","templated":true}]}}