{"id":7488,"date":"2025-04-15T09:56:07","date_gmt":"2025-04-15T09:56:07","guid":{"rendered":"https:\/\/xenonkungen.com\/product\/osram-ledriving-ledramp-sx180-spot\/"},"modified":"2026-04-24T17:40:53","modified_gmt":"2026-04-24T16:40:53","slug":"osram-ledriving-ledramp-sx180-kohdelamppu","status":"publish","type":"product","link":"https:\/\/xenonkungen.com\/fi\/tuote\/osram-ledriving-ledramp-sx180-kohdelamppu\/","title":{"rendered":"OSRAM LEDriving\u00ae LEDramp SX180 -valonheittimet <19cm>"},"content":{"rendered":"<h2 class=\"font-headline-text-bold orange\">Kest\u00e4v\u00e4 ja lujatekoinen LED-lis\u00e4valo, joka on hyv\u00e4ksytty k\u00e4ytett\u00e4v\u00e4ksi julkisilla teill\u00e4<\/h2>\n<div class=\"product-text\">\n<div class=\"space-paragraph\" data-attr-id=\"ZPIM1TE00821\">Kirkas valo on erityisen t\u00e4rke\u00e4 valaisemattomilla kaduilla ja maanteill\u00e4. Sen avulla kuljettajat voivat havaita esteet hyviss\u00e4 ajoin etuk\u00e4teen. Kuuden tehokkaan LEDin ansiosta LEDriving Lightbar SX180-SP -lis\u00e4valo parantaa kuljettajien n\u00e4kyvyytt\u00e4 ja turvallisuutta tiell\u00e4.<br \/>LED-lis\u00e4valo tekee vaikutuksen my\u00f6s lyhyemmill\u00e4 et\u00e4isyyksill\u00e4. Yhden luksin valaistusvoimakkuudella ja 8 asteen valokeilakulmalla valokeila ulottuu jopa 190 metriin. T\u00e4m\u00e4 riitt\u00e4\u00e4, jotta kuljettajat havaitsevat tiell\u00e4 olevat esteet hyviss\u00e4 ajoin etuk\u00e4teen.<br \/>LED-valonheijastimien nerokas suunnittelu tarjoaa eritt\u00e4in korkean optisen hy\u00f6tysuhteen tasaisella valonjaolla ja v\u00e4h\u00e4isell\u00e4 h\u00e4ik\u00e4isyll\u00e4. H\u00e4ik\u00e4isyn v\u00e4hent\u00e4minen on erityisen t\u00e4rke\u00e4\u00e4 vastaantulevalle liikenteelle ja on toinen t\u00e4rke\u00e4 tekij\u00e4 liikenneturvallisuuden kannalta.<br \/>Tehokkaan valotehon lis\u00e4ksi LED-kaukovalo parantaa my\u00f6s ajoneuvon maastoajoa. Koska sertifioitu LED-lis\u00e4valo on tarkoitettu tieliikenteeseen, sen k\u00e4ytt\u00f6 ei rajoitu maastoajoon.<\/p>\n<p><strong>Erilaisia kiinnitysvaihtoehtoja ja kest\u00e4vyytt\u00e4<\/strong><br \/>On sanomattakin selv\u00e4\u00e4, ett\u00e4 LED-lis\u00e4valojen on kestett\u00e4v\u00e4 paljon, jos niit\u00e4 k\u00e4ytet\u00e4\u00e4n l\u00e4hes p\u00e4ivitt\u00e4in. Kest\u00e4v\u00e4 polykarbonaattilinssi t\u00e4ytt\u00e4\u00e4 tiukimmatkin vaatimukset ja pident\u00e4\u00e4 samalla lis\u00e4valon k\u00e4ytt\u00f6ik\u00e4\u00e4.<br \/>Integroitu k\u00e4ytt\u00f6- ja l\u00e4mm\u00f6nhallintaj\u00e4rjestelm\u00e4 est\u00e4\u00e4 ylikuumenemisesta johtuvat mahdolliset vauriot. Yli- ja alij\u00e4nnitesuoja katkaisee virtapiirin automaattisesti, kun ennalta m\u00e4\u00e4r\u00e4tty virta ylitet\u00e4\u00e4n tietyn ajan.<br \/>Suuretkaan l\u00e4mp\u00f6tilanvaihtelut eiv\u00e4t ole ongelma LEDriving Lightbar SX180-SP LED-lis\u00e4valolle. Valo toimii riippumatta siit\u00e4, onko ilman l\u00e4mp\u00f6tila -30 vai +60 \u00b0C. T\u00e4m\u00e4 on eritt\u00e4in k\u00e4yt\u00e4nn\u00f6llist\u00e4 erityisesti maastoajossa.<br \/>Kompaktien mittojensa ansiosta LED-ty\u00f6valo voidaan asentaa monella eri tavalla. LED-lis\u00e4valo voidaan helposti asentaa nelivetoisten ja maastoajoneuvojen sek\u00e4 hy\u00f6ty- ja teollisuusajoneuvojen etuosaan.<\/div>\n<\/div>\n<p><strong>Spotlight<\/strong> on suuntavalo, jonka ansiosta valo ulottuu mahdollisimman kauas.<\/p>","protected":false},"excerpt":{"rendered":"<p>H\u00e5llbart och robust LED-extraljus som \u00e4r till\u00e5tet f\u00f6r anv\u00e4ndning p\u00e5 allm\u00e4nna v\u00e4gar Ett starkt ljus \u00e4r s\u00e4rskilt viktigt p\u00e5 oupplysta gator och landsv\u00e4gar. Det g\u00f6r att f\u00f6rare uppt\u00e4cker hinder l\u00e5ngt i f\u00f6rv\u00e4g. Med sex h\u00f6gpresterande LED-lampor ger extraljuset LEDriving Lightbar SX180-SP f\u00f6rare b\u00e4ttre sikt och st\u00f6rre s\u00e4kerhet p\u00e5 v\u00e4gen.LED-extraljuset imponerar ocks\u00e5 p\u00e5 kortare avst\u00e5nd. Med [&hellip;]<\/p>","protected":false},"featured_media":7489,"comment_status":"closed","ping_status":"open","template":"","meta":{"_acf_changed":false,"_smort_price_nok":"1399","_smort_price_dkk":"889","_smort_price_eur":"119.09","_smort_sale_price_nok":"","_smort_sale_price_dkk":"","_smort_sale_price_eur":"","smort_restorder":"","shipmondo_restorder":"","_kad_blocks_custom_css":"","_kad_blocks_head_custom_js":"","_kad_blocks_body_custom_js":"","_kad_blocks_footer_custom_js":"","smort_custom_pricelist_1":"838.4","smort_custom_pricelist_2":"838.4","smort_custom_pricelist_3":"796.48","smort_custom_pricelist_4":"1048","smort_custom_pricelist_5":"838.4"},"anvandningsomrade":[],"bilmarken":[],"product_brand":[108],"product_cat":[2966,2539,2640,2183],"product_tag":[],"class_list":{"0":"post-7488","1":"product","2":"type-product","3":"status-publish","4":"has-post-thumbnail","6":"product_brand-osram","7":"product_cat-ledramp-rak","8":"product_cat-ledramper","9":"product_cat-osram-ledriving-ledramper","10":"product_cat-osram-ledriving","11":"pa_faktisk-effekts-forbrukning-537","12":"pa_fargtemperatur-1428","13":"pa_fuktskydd-varde-ipxx-ip69","14":"pa_godkannande-e4-ece-r10-r112","15":"pa_lampsockel-kontakt-dt","16":"pa_ljusbild-spot","17":"pa_storlek-mm-62x38x182","18":"pa_volt-v-12-24","20":"first","21":"onbackorder","22":"taxable","23":"shipping-taxable","24":"purchasable","25":"product-type-simple"},"bundled_by":[],"bundle_stock_status":"onbackorder","bundle_stock_quantity":0,"bundle_virtual":false,"bundle_layout":"","bundle_add_to_cart_form_location":"","bundle_editable_in_cart":false,"bundle_sold_individually_context":"","bundle_item_grouping":"","bundle_min_size":"","bundle_max_size":"","bundle_price":[],"bundled_items":[],"bundle_sell_ids":[],"acf":[],"yoast_head":"<!-- This site is optimized with the Yoast SEO plugin v27.0 - https:\/\/yoast.com\/product\/yoast-seo-wordpress\/ -->\n<title>OSRAM LEDriving\u00ae LEDramp SX180 Spot  - Xenonkungen<\/title>\n<meta name=\"robots\" content=\"index, follow, max-snippet:-1, max-image-preview:large, max-video-preview:-1\" \/>\n<link rel=\"canonical\" href=\"https:\/\/xenonkungen.com\/fi\/tuote\/osram-ledriving-ledramp-sx180-kohdelamppu\/\" \/>\n<meta property=\"og:locale\" content=\"fi_FI\" \/>\n<meta property=\"og:type\" content=\"article\" \/>\n<meta property=\"og:title\" content=\"OSRAM LEDriving\u00ae LEDramp SX180 Spot  - Xenonkungen\" \/>\n<meta property=\"og:description\" content=\"H\u00e5llbart och robust LED-extraljus som \u00e4r till\u00e5tet f\u00f6r anv\u00e4ndning p\u00e5 allm\u00e4nna v\u00e4gar Ett starkt ljus \u00e4r s\u00e4rskilt viktigt p\u00e5 oupplysta gator och landsv\u00e4gar. Det g\u00f6r att f\u00f6rare uppt\u00e4cker hinder l\u00e5ngt i f\u00f6rv\u00e4g. Med sex h\u00f6gpresterande LED-lampor ger extraljuset LEDriving Lightbar SX180-SP f\u00f6rare b\u00e4ttre sikt och st\u00f6rre s\u00e4kerhet p\u00e5 v\u00e4gen.LED-extraljuset imponerar ocks\u00e5 p\u00e5 kortare avst\u00e5nd. Med [&hellip;]\" \/>\n<meta property=\"og:url\" content=\"https:\/\/xenonkungen.com\/fi\/tuote\/osram-ledriving-ledramp-sx180-kohdelamppu\/\" \/>\n<meta property=\"og:site_name\" content=\"Xenonkungen\" \/>\n<meta property=\"article:modified_time\" content=\"2026-04-24T16:40:53+00:00\" \/>\n<meta property=\"og:image\" content=\"https:\/\/xenonkungen.com\/wp-content\/uploads\/2025\/04\/164508685-origpic-48db63.png\" \/>\n\t<meta property=\"og:image:width\" content=\"1000\" \/>\n\t<meta property=\"og:image:height\" content=\"792\" \/>\n\t<meta property=\"og:image:type\" content=\"image\/png\" \/>\n<meta name=\"twitter:card\" content=\"summary_large_image\" \/>\n<meta name=\"twitter:label1\" content=\"Arvioitu lukuaika\" \/>\n\t<meta name=\"twitter:data1\" content=\"2 minuuttia\" \/>\n<script type=\"application\/ld+json\" class=\"yoast-schema-graph\">{\"@context\":\"https:\/\/schema.org\",\"@graph\":[{\"@type\":\"WebPage\",\"@id\":\"https:\/\/xenonkungen.com\/produkt\/osram-ledriving-ledramp-sx180-spot\/\",\"url\":\"https:\/\/xenonkungen.com\/produkt\/osram-ledriving-ledramp-sx180-spot\/\",\"name\":\"OSRAM LEDriving\u00ae LEDramp SX180 Spot - Xenonkungen\",\"isPartOf\":{\"@id\":\"https:\/\/xenonkungen.com\/#website\"},\"primaryImageOfPage\":{\"@id\":\"https:\/\/xenonkungen.com\/produkt\/osram-ledriving-ledramp-sx180-spot\/#primaryimage\"},\"image\":{\"@id\":\"https:\/\/xenonkungen.com\/produkt\/osram-ledriving-ledramp-sx180-spot\/#primaryimage\"},\"thumbnailUrl\":\"https:\/\/xenonkungen.com\/wp-content\/uploads\/2025\/04\/164508685-origpic-48db63.png\",\"datePublished\":\"2025-04-15T09:56:07+00:00\",\"dateModified\":\"2026-04-24T16:40:53+00:00\",\"breadcrumb\":{\"@id\":\"https:\/\/xenonkungen.com\/produkt\/osram-ledriving-ledramp-sx180-spot\/#breadcrumb\"},\"inLanguage\":\"fi\",\"potentialAction\":[{\"@type\":\"ReadAction\",\"target\":[\"https:\/\/xenonkungen.com\/produkt\/osram-ledriving-ledramp-sx180-spot\/\"]}]},{\"@type\":\"ImageObject\",\"inLanguage\":\"fi\",\"@id\":\"https:\/\/xenonkungen.com\/produkt\/osram-ledriving-ledramp-sx180-spot\/#primaryimage\",\"url\":\"https:\/\/xenonkungen.com\/wp-content\/uploads\/2025\/04\/164508685-origpic-48db63.png\",\"contentUrl\":\"https:\/\/xenonkungen.com\/wp-content\/uploads\/2025\/04\/164508685-origpic-48db63.png\",\"width\":1000,\"height\":792},{\"@type\":\"BreadcrumbList\",\"@id\":\"https:\/\/xenonkungen.com\/produkt\/osram-ledriving-ledramp-sx180-spot\/#breadcrumb\",\"itemListElement\":[{\"@type\":\"ListItem\",\"position\":1,\"name\":\"Hem\",\"item\":\"https:\/\/xenonkungen.com\/\"},{\"@type\":\"ListItem\",\"position\":2,\"name\":\"Shop\",\"item\":\"https:\/\/xenonkungen.com\/shop\/\"},{\"@type\":\"ListItem\",\"position\":3,\"name\":\"OSRAM LEDriving\u00ae LEDramp SX180 Spot\"}]},{\"@type\":\"WebSite\",\"@id\":\"https:\/\/xenonkungen.com\/#website\",\"url\":\"https:\/\/xenonkungen.com\/\",\"name\":\"Xenonkungen\",\"description\":\"\",\"potentialAction\":[{\"@type\":\"SearchAction\",\"target\":{\"@type\":\"EntryPoint\",\"urlTemplate\":\"https:\/\/xenonkungen.com\/?s={search_term_string}\"},\"query-input\":{\"@type\":\"PropertyValueSpecification\",\"valueRequired\":true,\"valueName\":\"search_term_string\"}}],\"inLanguage\":\"fi\"}]}<\/script>\n<!-- \/ Yoast SEO plugin. -->","yoast_head_json":{"title":"OSRAM LEDriving\u00ae LEDramp SX180 -kohdevalo \u2013 ksenonkuningas","robots":{"index":"index","follow":"follow","max-snippet":"max-snippet:-1","max-image-preview":"max-image-preview:large","max-video-preview":"max-video-preview:-1"},"canonical":"https:\/\/xenonkungen.com\/fi\/tuote\/osram-ledriving-ledramp-sx180-kohdelamppu\/","og_locale":"fi_FI","og_type":"article","og_title":"OSRAM LEDriving\u00ae LEDramp SX180 Spot  - Xenonkungen","og_description":"H\u00e5llbart och robust LED-extraljus som \u00e4r till\u00e5tet f\u00f6r anv\u00e4ndning p\u00e5 allm\u00e4nna v\u00e4gar Ett starkt ljus \u00e4r s\u00e4rskilt viktigt p\u00e5 oupplysta gator och landsv\u00e4gar. Det g\u00f6r att f\u00f6rare uppt\u00e4cker hinder l\u00e5ngt i f\u00f6rv\u00e4g. Med sex h\u00f6gpresterande LED-lampor ger extraljuset LEDriving Lightbar SX180-SP f\u00f6rare b\u00e4ttre sikt och st\u00f6rre s\u00e4kerhet p\u00e5 v\u00e4gen.LED-extraljuset imponerar ocks\u00e5 p\u00e5 kortare avst\u00e5nd. Med [&hellip;]","og_url":"https:\/\/xenonkungen.com\/fi\/tuote\/osram-ledriving-ledramp-sx180-kohdelamppu\/","og_site_name":"Xenonkungen","article_modified_time":"2026-04-24T16:40:53+00:00","og_image":[{"width":1000,"height":792,"url":"https:\/\/xenonkungen.com\/wp-content\/uploads\/2025\/04\/164508685-origpic-48db63.png","type":"image\/png"}],"twitter_card":"summary_large_image","twitter_misc":{"Arvioitu lukuaika":"2 minuuttia"},"schema":{"@context":"https:\/\/schema.org","@graph":[{"@type":"WebPage","@id":"https:\/\/xenonkungen.com\/produkt\/osram-ledriving-ledramp-sx180-spot\/","url":"https:\/\/xenonkungen.com\/produkt\/osram-ledriving-ledramp-sx180-spot\/","name":"OSRAM LEDriving\u00ae LEDramp SX180 -kohdevalo \u2013 ksenonkuningas","isPartOf":{"@id":"https:\/\/xenonkungen.com\/#website"},"primaryImageOfPage":{"@id":"https:\/\/xenonkungen.com\/produkt\/osram-ledriving-ledramp-sx180-spot\/#primaryimage"},"image":{"@id":"https:\/\/xenonkungen.com\/produkt\/osram-ledriving-ledramp-sx180-spot\/#primaryimage"},"thumbnailUrl":"https:\/\/xenonkungen.com\/wp-content\/uploads\/2025\/04\/164508685-origpic-48db63.png","datePublished":"2025-04-15T09:56:07+00:00","dateModified":"2026-04-24T16:40:53+00:00","breadcrumb":{"@id":"https:\/\/xenonkungen.com\/produkt\/osram-ledriving-ledramp-sx180-spot\/#breadcrumb"},"inLanguage":"fi","potentialAction":[{"@type":"ReadAction","target":["https:\/\/xenonkungen.com\/produkt\/osram-ledriving-ledramp-sx180-spot\/"]}]},{"@type":"ImageObject","inLanguage":"fi","@id":"https:\/\/xenonkungen.com\/produkt\/osram-ledriving-ledramp-sx180-spot\/#primaryimage","url":"https:\/\/xenonkungen.com\/wp-content\/uploads\/2025\/04\/164508685-origpic-48db63.png","contentUrl":"https:\/\/xenonkungen.com\/wp-content\/uploads\/2025\/04\/164508685-origpic-48db63.png","width":1000,"height":792},{"@type":"BreadcrumbList","@id":"https:\/\/xenonkungen.com\/produkt\/osram-ledriving-ledramp-sx180-spot\/#breadcrumb","itemListElement":[{"@type":"ListItem","position":1,"name":"Hem","item":"https:\/\/xenonkungen.com\/"},{"@type":"ListItem","position":2,"name":"Shop","item":"https:\/\/xenonkungen.com\/shop\/"},{"@type":"ListItem","position":3,"name":"OSRAM LEDriving\u00ae LEDramp SX180 Spot"}]},{"@type":"WebSite","@id":"https:\/\/xenonkungen.com\/#website","url":"https:\/\/xenonkungen.com\/","name":"Xenonkungen","description":"","potentialAction":[{"@type":"SearchAction","target":{"@type":"EntryPoint","urlTemplate":"https:\/\/xenonkungen.com\/?s={search_term_string}"},"query-input":{"@type":"PropertyValueSpecification","valueRequired":true,"valueName":"search_term_string"}}],"inLanguage":"fi"}]}},"taxonomy_info":{"product_brand":[{"value":108,"label":"OSRAM"}],"product_cat":[{"value":2966,"label":"Ledramp Rak"},{"value":2539,"label":"LEDRAMPER"},{"value":2640,"label":"OSRAM Ledriving Serie"},{"value":2183,"label":"OSRAM LEDriving\u00ae"}],"pa_faktisk-effekts-forbrukning":[{"value":537,"label":"15"}],"pa_fargtemperatur":[{"value":1428,"label":"6000"}],"pa_fuktskydd-varde-ipxx":[{"value":960,"label":"IP69"}],"pa_godkannande":[{"value":1930,"label":"E4, ECE R10, R112"}],"pa_lampsockel-kontakt":[{"value":329,"label":"DT"}],"pa_ljusbild":[{"value":1177,"label":"Spot"}],"pa_storlek-mm":[{"value":1935,"label":"62x38x182"}],"pa_volt-v":[{"value":348,"label":"12, 24"}]},"featured_image_src_large":["https:\/\/xenonkungen.com\/wp-content\/uploads\/2025\/04\/164508685-origpic-48db63.png",1000,792,false],"author_info":[],"comment_info":0,"_links":{"self":[{"href":"https:\/\/xenonkungen.com\/fi\/wp-json\/wp\/v2\/product\/7488","targetHints":{"allow":["GET"]}}],"collection":[{"href":"https:\/\/xenonkungen.com\/fi\/wp-json\/wp\/v2\/product"}],"about":[{"href":"https:\/\/xenonkungen.com\/fi\/wp-json\/wp\/v2\/types\/product"}],"replies":[{"embeddable":true,"href":"https:\/\/xenonkungen.com\/fi\/wp-json\/wp\/v2\/comments?post=7488"}],"wp:featuredmedia":[{"embeddable":true,"href":"https:\/\/xenonkungen.com\/fi\/wp-json\/wp\/v2\/media\/7489"}],"wp:attachment":[{"href":"https:\/\/xenonkungen.com\/fi\/wp-json\/wp\/v2\/media?parent=7488"}],"wp:term":[{"taxonomy":"anvandningsomrade","embeddable":true,"href":"https:\/\/xenonkungen.com\/fi\/wp-json\/wp\/v2\/anvandningsomrade?post=7488"},{"taxonomy":"bilmarken","embeddable":true,"href":"https:\/\/xenonkungen.com\/fi\/wp-json\/wp\/v2\/bilmarken?post=7488"},{"taxonomy":"product_brand","embeddable":true,"href":"https:\/\/xenonkungen.com\/fi\/wp-json\/wp\/v2\/product_brand?post=7488"},{"taxonomy":"product_cat","embeddable":true,"href":"https:\/\/xenonkungen.com\/fi\/wp-json\/wp\/v2\/product_cat?post=7488"},{"taxonomy":"product_tag","embeddable":true,"href":"https:\/\/xenonkungen.com\/fi\/wp-json\/wp\/v2\/product_tag?post=7488"}],"curies":[{"name":"wp","href":"https:\/\/api.w.org\/{rel}","templated":true}]}}