{"id":7498,"date":"2025-04-15T09:56:25","date_gmt":"2025-04-15T09:56:25","guid":{"rendered":"https:\/\/xenonkungen.com\/product\/osram-ledriving-ledramp-sx300-spot\/"},"modified":"2026-04-24T17:40:56","modified_gmt":"2026-04-24T16:40:56","slug":"osram-ledriving-ledramp-sx300-kohdelamppu","status":"publish","type":"product","link":"https:\/\/xenonkungen.com\/fi\/tuote\/osram-ledriving-ledramp-sx300-kohdelamppu\/","title":{"rendered":"OSRAM LEDriving\u00ae LEDramp SX300 -valonheitin <35cm>"},"content":{"rendered":"<h1 class=\"font-headline-text-bold orange\">Tehokas LED-valo parantaa liikenneturvallisuutta<\/h1>\n<div class=\"product-text\">\n<div class=\"space-paragraph\" data-attr-id=\"ZPIM1TE00821\">Valaisemattomat kadut ja hiekkatiet aiheuttavat aina suuren onnettomuusriskin. LEDriving Lightbar SX300-SP LED ei ainoastaan kirkasta pimeytt\u00e4, vaan se my\u00f6s lis\u00e4\u00e4 liikenneturvallisuutta.<br \/>LED-lis\u00e4valo on hyv\u00e4ksytty julkisille teille ja siin\u00e4 on 12 tehokasta LED-valoa, jotka parantavat kuljettajan n\u00e4kyvyytt\u00e4. My\u00f6s vastaantuleva liikenne havaitsee valon paremmin. N\u00e4in valonheitin parantaa liikenneturvallisuutta.<br \/>Kuljettajat voivat tunnistaa esteet tai mahdolliset vaarat hyviss\u00e4 ajoin lis\u00e4valon pitk\u00e4n valokeilan ansiosta. Yhden luksin valaistusvoimakkuudella ja 8 asteen valokeilakulmalla valokeila ulottuu jopa 270 metriin.<br \/>LED-kaukovalojen nerokas suunnittelu takaa eritt\u00e4in tehokkaan ja tasaisen valonjaon, mik\u00e4 tarkoittaa, ett\u00e4 2 600 lumenin LED-valo h\u00e4ik\u00e4isee vastaantulevaa liikennett\u00e4 v\u00e4hemm\u00e4n.<br \/>Kirkkaan valon ja liikenneturvallisuuden parantamisen lis\u00e4ksi valonheitin on my\u00f6s esteettisesti miellytt\u00e4v\u00e4: se korostaa ajoneuvon maastoajo-ominaisuuksia.<\/p>\n<p><strong>Kest\u00e4vyys ja kest\u00e4vyys tiell\u00e4 ja maastossa<\/strong><br \/>Voimakkaat iskut ja ankarat s\u00e4\u00e4olosuhteet rasittavat materiaalia suuresti. Kest\u00e4v\u00e4 polykarbonaattilinssi t\u00e4ytt\u00e4\u00e4 tiukimmatkin vaatimukset ja pident\u00e4\u00e4 samalla LED-lis\u00e4valon k\u00e4ytt\u00f6ik\u00e4\u00e4.<br \/>LEDriving Lightbar SX300-SP LED-lis\u00e4valo toimii luotettavasti \u00e4\u00e4rimm\u00e4isiss\u00e4 l\u00e4mp\u00f6tiloissa -30 ja +60 \u00b0C v\u00e4lill\u00e4. T\u00e4m\u00e4 tekee siit\u00e4 ihanteellisen kumppanin erityisesti maastoajossa.<br \/>Integroitu ohjain ja l\u00e4mm\u00f6nhallintaj\u00e4rjestelm\u00e4 suojaavat tehokkaita LEDej\u00e4 ylikuumenemiselta. Yli- ja alij\u00e4nnitesuoja est\u00e4\u00e4 ennalta m\u00e4\u00e4r\u00e4tyn virran ylittymisen tietyn ajan.<br \/>Kompaktien asennusmittojen ansiosta LED-lis\u00e4valoa voidaan k\u00e4ytt\u00e4\u00e4 monenlaisissa sovelluksissa. LED-lis\u00e4valon suuresta valovirrasta voivat hy\u00f6ty\u00e4 paitsi neliveto- ja maastoajoneuvot, my\u00f6s teollisuusajoneuvot.<\/div>\n<div class=\"space-paragraph\" data-attr-id=\"ZPIM1TE00821\">","protected":false},"excerpt":{"rendered":"<p>Intensivt LED-ljus f\u00f6r f\u00f6rb\u00e4ttrad trafiks\u00e4kerhet Oupplysta gator och grusv\u00e4gar utg\u00f6r alltid en stor risk f\u00f6r olyckor. LED-extraljuset LEDriving Lightbar SX300-SP LED lyser inte bara upp m\u00f6rkret, det \u00f6kar \u00e4ven trafiks\u00e4kerheten.LED-extraljuset \u00e4r godk\u00e4nt f\u00f6r allm\u00e4nna v\u00e4gar och \u00e4r utrustat med 12 h\u00f6gpresterande LED-lampor som ger f\u00f6raren b\u00e4ttre sikt. M\u00f6tande trafik uppfattar \u00e4ven ljuset b\u00e4ttre. S\u00f6kljuset bidrar [&hellip;]<\/p>","protected":false},"featured_media":7499,"comment_status":"closed","ping_status":"open","template":"","meta":{"_acf_changed":false,"_smort_price_nok":"2061","_smort_price_dkk":"1310","_smort_price_eur":"175.45","_smort_sale_price_nok":"","_smort_sale_price_dkk":"","_smort_sale_price_eur":"","smort_restorder":"","shipmondo_restorder":"","_kad_blocks_custom_css":"","_kad_blocks_head_custom_js":"","_kad_blocks_body_custom_js":"","_kad_blocks_footer_custom_js":"","smort_custom_pricelist_1":"1235.2","smort_custom_pricelist_2":"1235.2","smort_custom_pricelist_3":"1173.44","smort_custom_pricelist_4":"1544","smort_custom_pricelist_5":"1235.2"},"anvandningsomrade":[],"bilmarken":[],"product_brand":[108],"product_cat":[2966,2539,2640,2183],"product_tag":[],"class_list":{"0":"post-7498","1":"product","2":"type-product","3":"status-publish","4":"has-post-thumbnail","6":"product_brand-osram","7":"product_cat-ledramp-rak","8":"product_cat-ledramper","9":"product_cat-osram-ledriving-ledramper","10":"product_cat-osram-ledriving","11":"pa_faktisk-effekts-forbrukning-533","12":"pa_fargtemperatur-1428","13":"pa_fuktskydd-varde-ipxx-ip69","14":"pa_godkannande-e4-ece-r10-r112","15":"pa_lampsockel-kontakt-dt","16":"pa_ljusbild-spot","17":"pa_storlek-mm-62x38x350","18":"pa_volt-v-12-24","20":"first","21":"onbackorder","22":"taxable","23":"shipping-taxable","24":"purchasable","25":"product-type-simple"},"bundled_by":[],"bundle_stock_status":"onbackorder","bundle_stock_quantity":0,"bundle_virtual":false,"bundle_layout":"","bundle_add_to_cart_form_location":"","bundle_editable_in_cart":false,"bundle_sold_individually_context":"","bundle_item_grouping":"","bundle_min_size":"","bundle_max_size":"","bundle_price":[],"bundled_items":[],"bundle_sell_ids":[],"acf":[],"yoast_head":"<!-- This site is optimized with the Yoast SEO plugin v27.0 - https:\/\/yoast.com\/product\/yoast-seo-wordpress\/ -->\n<title>OSRAM LEDriving\u00ae LEDramp SX300 Spot  - Xenonkungen<\/title>\n<meta name=\"robots\" content=\"index, follow, max-snippet:-1, max-image-preview:large, max-video-preview:-1\" \/>\n<link rel=\"canonical\" href=\"https:\/\/xenonkungen.com\/fi\/tuote\/osram-ledriving-ledramp-sx300-kohdelamppu\/\" \/>\n<meta property=\"og:locale\" content=\"fi_FI\" \/>\n<meta property=\"og:type\" content=\"article\" \/>\n<meta property=\"og:title\" content=\"OSRAM LEDriving\u00ae LEDramp SX300 Spot  - Xenonkungen\" \/>\n<meta property=\"og:description\" content=\"Intensivt LED-ljus f\u00f6r f\u00f6rb\u00e4ttrad trafiks\u00e4kerhet Oupplysta gator och grusv\u00e4gar utg\u00f6r alltid en stor risk f\u00f6r olyckor. LED-extraljuset LEDriving Lightbar SX300-SP LED lyser inte bara upp m\u00f6rkret, det \u00f6kar \u00e4ven trafiks\u00e4kerheten.LED-extraljuset \u00e4r godk\u00e4nt f\u00f6r allm\u00e4nna v\u00e4gar och \u00e4r utrustat med 12 h\u00f6gpresterande LED-lampor som ger f\u00f6raren b\u00e4ttre sikt. M\u00f6tande trafik uppfattar \u00e4ven ljuset b\u00e4ttre. S\u00f6kljuset bidrar [&hellip;]\" \/>\n<meta property=\"og:url\" content=\"https:\/\/xenonkungen.com\/fi\/tuote\/osram-ledriving-ledramp-sx300-kohdelamppu\/\" \/>\n<meta property=\"og:site_name\" content=\"Xenonkungen\" \/>\n<meta property=\"article:modified_time\" content=\"2026-04-24T16:40:56+00:00\" \/>\n<meta property=\"og:image\" content=\"https:\/\/xenonkungen.com\/wp-content\/uploads\/2025\/04\/163016411-origpic-9c8c16.png\" \/>\n\t<meta property=\"og:image:width\" content=\"1000\" \/>\n\t<meta property=\"og:image:height\" content=\"704\" \/>\n\t<meta property=\"og:image:type\" content=\"image\/png\" \/>\n<meta name=\"twitter:card\" content=\"summary_large_image\" \/>\n<meta name=\"twitter:label1\" content=\"Arvioitu lukuaika\" \/>\n\t<meta name=\"twitter:data1\" content=\"2 minuuttia\" \/>\n<script type=\"application\/ld+json\" class=\"yoast-schema-graph\">{\"@context\":\"https:\/\/schema.org\",\"@graph\":[{\"@type\":\"WebPage\",\"@id\":\"https:\/\/xenonkungen.com\/produkt\/osram-ledriving-ledramp-sx300-spot\/\",\"url\":\"https:\/\/xenonkungen.com\/produkt\/osram-ledriving-ledramp-sx300-spot\/\",\"name\":\"OSRAM LEDriving\u00ae LEDramp SX300 Spot - Xenonkungen\",\"isPartOf\":{\"@id\":\"https:\/\/xenonkungen.com\/#website\"},\"primaryImageOfPage\":{\"@id\":\"https:\/\/xenonkungen.com\/produkt\/osram-ledriving-ledramp-sx300-spot\/#primaryimage\"},\"image\":{\"@id\":\"https:\/\/xenonkungen.com\/produkt\/osram-ledriving-ledramp-sx300-spot\/#primaryimage\"},\"thumbnailUrl\":\"https:\/\/xenonkungen.com\/wp-content\/uploads\/2025\/04\/163016411-origpic-9c8c16.png\",\"datePublished\":\"2025-04-15T09:56:25+00:00\",\"dateModified\":\"2026-04-24T16:40:56+00:00\",\"breadcrumb\":{\"@id\":\"https:\/\/xenonkungen.com\/produkt\/osram-ledriving-ledramp-sx300-spot\/#breadcrumb\"},\"inLanguage\":\"fi\",\"potentialAction\":[{\"@type\":\"ReadAction\",\"target\":[\"https:\/\/xenonkungen.com\/produkt\/osram-ledriving-ledramp-sx300-spot\/\"]}]},{\"@type\":\"ImageObject\",\"inLanguage\":\"fi\",\"@id\":\"https:\/\/xenonkungen.com\/produkt\/osram-ledriving-ledramp-sx300-spot\/#primaryimage\",\"url\":\"https:\/\/xenonkungen.com\/wp-content\/uploads\/2025\/04\/163016411-origpic-9c8c16.png\",\"contentUrl\":\"https:\/\/xenonkungen.com\/wp-content\/uploads\/2025\/04\/163016411-origpic-9c8c16.png\",\"width\":1000,\"height\":704},{\"@type\":\"BreadcrumbList\",\"@id\":\"https:\/\/xenonkungen.com\/produkt\/osram-ledriving-ledramp-sx300-spot\/#breadcrumb\",\"itemListElement\":[{\"@type\":\"ListItem\",\"position\":1,\"name\":\"Hem\",\"item\":\"https:\/\/xenonkungen.com\/\"},{\"@type\":\"ListItem\",\"position\":2,\"name\":\"Shop\",\"item\":\"https:\/\/xenonkungen.com\/shop\/\"},{\"@type\":\"ListItem\",\"position\":3,\"name\":\"OSRAM LEDriving\u00ae LEDramp SX300 Spot\"}]},{\"@type\":\"WebSite\",\"@id\":\"https:\/\/xenonkungen.com\/#website\",\"url\":\"https:\/\/xenonkungen.com\/\",\"name\":\"Xenonkungen\",\"description\":\"\",\"potentialAction\":[{\"@type\":\"SearchAction\",\"target\":{\"@type\":\"EntryPoint\",\"urlTemplate\":\"https:\/\/xenonkungen.com\/?s={search_term_string}\"},\"query-input\":{\"@type\":\"PropertyValueSpecification\",\"valueRequired\":true,\"valueName\":\"search_term_string\"}}],\"inLanguage\":\"fi\"}]}<\/script>\n<!-- \/ Yoast SEO plugin. -->","yoast_head_json":{"title":"OSRAM LEDriving\u00ae LEDramp SX300 -kohdevalo \u2013 ksenonkuningas","robots":{"index":"index","follow":"follow","max-snippet":"max-snippet:-1","max-image-preview":"max-image-preview:large","max-video-preview":"max-video-preview:-1"},"canonical":"https:\/\/xenonkungen.com\/fi\/tuote\/osram-ledriving-ledramp-sx300-kohdelamppu\/","og_locale":"fi_FI","og_type":"article","og_title":"OSRAM LEDriving\u00ae LEDramp SX300 Spot  - Xenonkungen","og_description":"Intensivt LED-ljus f\u00f6r f\u00f6rb\u00e4ttrad trafiks\u00e4kerhet Oupplysta gator och grusv\u00e4gar utg\u00f6r alltid en stor risk f\u00f6r olyckor. LED-extraljuset LEDriving Lightbar SX300-SP LED lyser inte bara upp m\u00f6rkret, det \u00f6kar \u00e4ven trafiks\u00e4kerheten.LED-extraljuset \u00e4r godk\u00e4nt f\u00f6r allm\u00e4nna v\u00e4gar och \u00e4r utrustat med 12 h\u00f6gpresterande LED-lampor som ger f\u00f6raren b\u00e4ttre sikt. M\u00f6tande trafik uppfattar \u00e4ven ljuset b\u00e4ttre. S\u00f6kljuset bidrar [&hellip;]","og_url":"https:\/\/xenonkungen.com\/fi\/tuote\/osram-ledriving-ledramp-sx300-kohdelamppu\/","og_site_name":"Xenonkungen","article_modified_time":"2026-04-24T16:40:56+00:00","og_image":[{"width":1000,"height":704,"url":"https:\/\/xenonkungen.com\/wp-content\/uploads\/2025\/04\/163016411-origpic-9c8c16.png","type":"image\/png"}],"twitter_card":"summary_large_image","twitter_misc":{"Arvioitu lukuaika":"2 minuuttia"},"schema":{"@context":"https:\/\/schema.org","@graph":[{"@type":"WebPage","@id":"https:\/\/xenonkungen.com\/produkt\/osram-ledriving-ledramp-sx300-spot\/","url":"https:\/\/xenonkungen.com\/produkt\/osram-ledriving-ledramp-sx300-spot\/","name":"OSRAM LEDriving\u00ae LEDramp SX300 -kohdevalo \u2013 ksenonkuningas","isPartOf":{"@id":"https:\/\/xenonkungen.com\/#website"},"primaryImageOfPage":{"@id":"https:\/\/xenonkungen.com\/produkt\/osram-ledriving-ledramp-sx300-spot\/#primaryimage"},"image":{"@id":"https:\/\/xenonkungen.com\/produkt\/osram-ledriving-ledramp-sx300-spot\/#primaryimage"},"thumbnailUrl":"https:\/\/xenonkungen.com\/wp-content\/uploads\/2025\/04\/163016411-origpic-9c8c16.png","datePublished":"2025-04-15T09:56:25+00:00","dateModified":"2026-04-24T16:40:56+00:00","breadcrumb":{"@id":"https:\/\/xenonkungen.com\/produkt\/osram-ledriving-ledramp-sx300-spot\/#breadcrumb"},"inLanguage":"fi","potentialAction":[{"@type":"ReadAction","target":["https:\/\/xenonkungen.com\/produkt\/osram-ledriving-ledramp-sx300-spot\/"]}]},{"@type":"ImageObject","inLanguage":"fi","@id":"https:\/\/xenonkungen.com\/produkt\/osram-ledriving-ledramp-sx300-spot\/#primaryimage","url":"https:\/\/xenonkungen.com\/wp-content\/uploads\/2025\/04\/163016411-origpic-9c8c16.png","contentUrl":"https:\/\/xenonkungen.com\/wp-content\/uploads\/2025\/04\/163016411-origpic-9c8c16.png","width":1000,"height":704},{"@type":"BreadcrumbList","@id":"https:\/\/xenonkungen.com\/produkt\/osram-ledriving-ledramp-sx300-spot\/#breadcrumb","itemListElement":[{"@type":"ListItem","position":1,"name":"Hem","item":"https:\/\/xenonkungen.com\/"},{"@type":"ListItem","position":2,"name":"Shop","item":"https:\/\/xenonkungen.com\/shop\/"},{"@type":"ListItem","position":3,"name":"OSRAM LEDriving\u00ae LEDramp SX300 Spot"}]},{"@type":"WebSite","@id":"https:\/\/xenonkungen.com\/#website","url":"https:\/\/xenonkungen.com\/","name":"Xenonkungen","description":"","potentialAction":[{"@type":"SearchAction","target":{"@type":"EntryPoint","urlTemplate":"https:\/\/xenonkungen.com\/?s={search_term_string}"},"query-input":{"@type":"PropertyValueSpecification","valueRequired":true,"valueName":"search_term_string"}}],"inLanguage":"fi"}]}},"taxonomy_info":{"product_brand":[{"value":108,"label":"OSRAM"}],"product_cat":[{"value":2966,"label":"Ledramp Rak"},{"value":2539,"label":"LEDRAMPER"},{"value":2640,"label":"OSRAM Ledriving Serie"},{"value":2183,"label":"OSRAM LEDriving\u00ae"}],"pa_faktisk-effekts-forbrukning":[{"value":533,"label":"30"}],"pa_fargtemperatur":[{"value":1428,"label":"6000"}],"pa_fuktskydd-varde-ipxx":[{"value":960,"label":"IP69"}],"pa_godkannande":[{"value":1930,"label":"E4, ECE R10, R112"}],"pa_lampsockel-kontakt":[{"value":329,"label":"DT"}],"pa_ljusbild":[{"value":1177,"label":"Spot"}],"pa_storlek-mm":[{"value":1938,"label":"62x38x350"}],"pa_volt-v":[{"value":348,"label":"12, 24"}]},"featured_image_src_large":["https:\/\/xenonkungen.com\/wp-content\/uploads\/2025\/04\/163016411-origpic-9c8c16.png",1000,704,false],"author_info":[],"comment_info":0,"_links":{"self":[{"href":"https:\/\/xenonkungen.com\/fi\/wp-json\/wp\/v2\/product\/7498","targetHints":{"allow":["GET"]}}],"collection":[{"href":"https:\/\/xenonkungen.com\/fi\/wp-json\/wp\/v2\/product"}],"about":[{"href":"https:\/\/xenonkungen.com\/fi\/wp-json\/wp\/v2\/types\/product"}],"replies":[{"embeddable":true,"href":"https:\/\/xenonkungen.com\/fi\/wp-json\/wp\/v2\/comments?post=7498"}],"wp:featuredmedia":[{"embeddable":true,"href":"https:\/\/xenonkungen.com\/fi\/wp-json\/wp\/v2\/media\/7499"}],"wp:attachment":[{"href":"https:\/\/xenonkungen.com\/fi\/wp-json\/wp\/v2\/media?parent=7498"}],"wp:term":[{"taxonomy":"anvandningsomrade","embeddable":true,"href":"https:\/\/xenonkungen.com\/fi\/wp-json\/wp\/v2\/anvandningsomrade?post=7498"},{"taxonomy":"bilmarken","embeddable":true,"href":"https:\/\/xenonkungen.com\/fi\/wp-json\/wp\/v2\/bilmarken?post=7498"},{"taxonomy":"product_brand","embeddable":true,"href":"https:\/\/xenonkungen.com\/fi\/wp-json\/wp\/v2\/product_brand?post=7498"},{"taxonomy":"product_cat","embeddable":true,"href":"https:\/\/xenonkungen.com\/fi\/wp-json\/wp\/v2\/product_cat?post=7498"},{"taxonomy":"product_tag","embeddable":true,"href":"https:\/\/xenonkungen.com\/fi\/wp-json\/wp\/v2\/product_tag?post=7498"}],"curies":[{"name":"wp","href":"https:\/\/api.w.org\/{rel}","templated":true}]}}