{"id":7509,"date":"2025-04-15T09:56:25","date_gmt":"2025-04-15T09:56:25","guid":{"rendered":"https:\/\/xenonkungen.com\/product\/ledriving-lightbar-sx500-sp\/"},"modified":"2026-04-11T01:30:51","modified_gmt":"2026-04-11T00:30:51","slug":"led-ajovalopalkki-sx500-sp","status":"publish","type":"product","link":"https:\/\/xenonkungen.com\/fi\/tuote\/led-ajovalopalkki-sx500-sp\/","title":{"rendered":"LEDriving\u00ae LIGHTBAR SX500-SP LEDriving\u00ae LIGHTBAR SX500-SP"},"content":{"rendered":"<h1>Osram \u2013 LEDriving\u00ae -valopalkki<\/h1>\n<h2 class=\"font-headline-text-bold orange\">Kest\u00e4v\u00e4 LED-valo parantaa liikenneturvallisuutta<\/h2>\n<div class=\"product-text\">\n<div class=\"space-paragraph\" data-attr-id=\"ZPIM1TE00821\">LEDriving Lightbar SX500-SP -valonheitin yhdist\u00e4\u00e4 \u00e4lykk\u00e4\u00e4n valaistusteknologian ja pitk\u00e4n k\u00e4ytt\u00f6i\u00e4n. Sertifioidun LED-lis\u00e4valon k\u00e4ytt\u00f6ik\u00e4 on 5 000 tuntia, ja se tarjoaa paremman liikenneturvallisuuden eritt\u00e4in pitk\u00e4ksi aikaa.<br \/>Yhden luksin valaistusvoimakkuudella ja 8 asteen valokeilakulmalla LED-lis\u00e4valon valokeila ulottuu jopa 360 metriin. 18 tehokasta LEDi\u00e4 tarjoavat valoa, joka on erityisen hy\u00f6dyllist\u00e4 valaisemattomilla kaduilla ja vaikeissa n\u00e4kyvyysolosuhteissa.<br \/>LED-nauhan heijastinten \u00e4lyk\u00e4s suunnittelu tarjoaa eritt\u00e4in korkean optisen hy\u00f6tysuhteen tasaisella valonjaolla ja v\u00e4hent\u00e4\u00e4 vastaantulevan liikenteen h\u00e4ik\u00e4isy\u00e4. H\u00e4ik\u00e4isyn v\u00e4hent\u00e4minen on erityisen t\u00e4rke\u00e4 tekij\u00e4 liikenneturvallisuuden kannalta.<br \/>LED-kaukovalojen 3 900 lumenin valovirta ei kuitenkaan ole ainoa etu: ne my\u00f6s parantavat auton maastoajo-ominaisuuksia.<\/div>\n<\/div>\n<ul>\n<li>Kantama: 1 luksia 370 metrin et\u00e4isyydell\u00e4<\/li>\n<li>Ohut muotoilu<\/li>\n<li>Spot-s\u00e4de<\/li>\n<\/ul>\n<p><strong>Kest\u00e4v\u00e4 LED-ty\u00f6valo turvalliseen ja mukavaan ajoon<\/strong><br \/><span>P\u00e4ivitt\u00e4inen k\u00e4ytt\u00f6 rasittaa materiaalia paljon. LED-lis\u00e4valo on siksi varustettu kest\u00e4v\u00e4ll\u00e4 polykarbonaattilinssill\u00e4. Valonheitin toimii my\u00f6s \u00e4\u00e4rimm\u00e4isiss\u00e4 l\u00e4mp\u00f6tiloissa -30 ja +60 \u00b0C v\u00e4lill\u00e4.<\/span><br \/><span>Integroitu ohjain ja l\u00e4mm\u00f6nhallintaj\u00e4rjestelm\u00e4 s\u00e4\u00e4telev\u00e4t l\u00e4mm\u00f6ntuotantoa k\u00e4yt\u00f6n aikana ja suojaavat 18 tehokasta LEDi\u00e4 mahdolliselta ylikuumenemiselta.<\/span><br \/><span>Yli- ja alij\u00e4nnitesuoja katkaisee virtapiirin automaattisesti, kun teho ylitt\u00e4\u00e4 ennalta m\u00e4\u00e4ritetyn virran tietyn ajan. T\u00e4m\u00e4 k\u00e4yt\u00e4nn\u00f6llinen ominaisuus tarjoaa lis\u00e4suojaa toiminnallisia vaurioita vastaan.<\/span><br \/><span>LEDriving Lightbar SX500-SP sopii henkil\u00f6autoihin, nelivetoisiin ja maastoajoneuvoihin sek\u00e4 hy\u00f6ty- ja teollisuusajoneuvoihin. Kompaktien asennusmittojen ansiosta my\u00f6s maatalousajoneuvot voivat hy\u00f6ty\u00e4 LED-lis\u00e4valojen voimakkaasta valosta.<\/span><\/p>\n<p>","protected":false},"excerpt":{"rendered":"<p>Tunnetun Osramin kohdevalo kohdevalokuvalla. Antaa 1 luksin valotehon 370 metriss\u00e4!<\/p>","protected":false},"featured_media":7510,"comment_status":"closed","ping_status":"open","template":"","meta":{"_acf_changed":false,"_smort_price_nok":"2724","_smort_price_dkk":"1730","_smort_price_eur":"231.81","_smort_sale_price_nok":"","_smort_sale_price_dkk":"","_smort_sale_price_eur":"","smort_restorder":"","shipmondo_restorder":"","_kad_blocks_custom_css":"","_kad_blocks_head_custom_js":"","_kad_blocks_body_custom_js":"","_kad_blocks_footer_custom_js":"","smort_custom_pricelist_1":"1632","smort_custom_pricelist_2":"1632","smort_custom_pricelist_3":"1550.4","smort_custom_pricelist_4":"2040","smort_custom_pricelist_5":"1632"},"anvandningsomrade":[],"bilmarken":[],"product_brand":[108],"product_cat":[2966,2539,2640,2183],"product_tag":[],"class_list":{"0":"post-7509","1":"product","2":"type-product","3":"status-publish","4":"has-post-thumbnail","6":"product_brand-osram","7":"product_cat-ledramp-rak","8":"product_cat-ledramper","9":"product_cat-osram-ledriving-ledramper","10":"product_cat-osram-ledriving","11":"pa_faktisk-effekts-forbrukning-695","12":"pa_fargtemperatur-1428","13":"pa_fuktskydd-varde-ipxx-ip69k","14":"pa_godkannande-r112-r10","15":"pa_lampsockel-kontakt-dt","16":"pa_ljusbild-spot","17":"pa_storlek-mm-556x62x38","18":"pa_stromforbrukning-333a135v","19":"pa_volt-v-9-32","21":"first","22":"onbackorder","23":"taxable","24":"shipping-taxable","25":"purchasable","26":"product-type-simple"},"bundled_by":[],"bundle_stock_status":"onbackorder","bundle_stock_quantity":0,"bundle_virtual":false,"bundle_layout":"","bundle_add_to_cart_form_location":"","bundle_editable_in_cart":false,"bundle_sold_individually_context":"","bundle_item_grouping":"","bundle_min_size":"","bundle_max_size":"","bundle_price":[],"bundled_items":[],"bundle_sell_ids":[],"acf":[],"yoast_head":"<!-- This site is optimized with the Yoast SEO plugin v27.0 - https:\/\/yoast.com\/product\/yoast-seo-wordpress\/ -->\n<title>LEDriving\u00ae LIGHTBAR SX500-SP - Xenonkungen<\/title>\n<meta name=\"robots\" content=\"index, follow, max-snippet:-1, max-image-preview:large, max-video-preview:-1\" \/>\n<link rel=\"canonical\" href=\"https:\/\/xenonkungen.com\/fi\/tuote\/led-ajovalopalkki-sx500-sp\/\" \/>\n<meta property=\"og:locale\" content=\"fi_FI\" \/>\n<meta property=\"og:type\" content=\"article\" \/>\n<meta property=\"og:title\" content=\"LEDriving\u00ae LIGHTBAR SX500-SP - Xenonkungen\" \/>\n<meta property=\"og:description\" content=\"Spotljusramp fr\u00e5n v\u00e4lk\u00e4nda Osram med en Spotljusbild. Ger er 1 lux p\u00e5 370 meter!\" \/>\n<meta property=\"og:url\" content=\"https:\/\/xenonkungen.com\/fi\/tuote\/led-ajovalopalkki-sx500-sp\/\" \/>\n<meta property=\"og:site_name\" content=\"Xenonkungen\" \/>\n<meta property=\"article:modified_time\" content=\"2026-04-11T00:30:51+00:00\" \/>\n<meta property=\"og:image\" content=\"https:\/\/xenonkungen.com\/wp-content\/uploads\/2025\/04\/209726651-origpic-933d6b.jpg\" \/>\n\t<meta property=\"og:image:width\" content=\"900\" \/>\n\t<meta property=\"og:image:height\" content=\"900\" \/>\n\t<meta property=\"og:image:type\" content=\"image\/jpeg\" \/>\n<meta name=\"twitter:card\" content=\"summary_large_image\" \/>\n<meta name=\"twitter:label1\" content=\"Arvioitu lukuaika\" \/>\n\t<meta name=\"twitter:data1\" content=\"1 minuutti\" \/>\n<script type=\"application\/ld+json\" class=\"yoast-schema-graph\">{\"@context\":\"https:\/\/schema.org\",\"@graph\":[{\"@type\":\"WebPage\",\"@id\":\"https:\/\/xenonkungen.com\/produkt\/ledriving-lightbar-sx500-sp\/\",\"url\":\"https:\/\/xenonkungen.com\/produkt\/ledriving-lightbar-sx500-sp\/\",\"name\":\"LEDriving\u00ae LIGHTBAR SX500-SP - Xenonkungen\",\"isPartOf\":{\"@id\":\"https:\/\/xenonkungen.com\/#website\"},\"primaryImageOfPage\":{\"@id\":\"https:\/\/xenonkungen.com\/produkt\/ledriving-lightbar-sx500-sp\/#primaryimage\"},\"image\":{\"@id\":\"https:\/\/xenonkungen.com\/produkt\/ledriving-lightbar-sx500-sp\/#primaryimage\"},\"thumbnailUrl\":\"https:\/\/xenonkungen.com\/wp-content\/uploads\/2025\/04\/209726651-origpic-933d6b.jpg\",\"datePublished\":\"2025-04-15T09:56:25+00:00\",\"dateModified\":\"2026-04-11T00:30:51+00:00\",\"breadcrumb\":{\"@id\":\"https:\/\/xenonkungen.com\/produkt\/ledriving-lightbar-sx500-sp\/#breadcrumb\"},\"inLanguage\":\"fi\",\"potentialAction\":[{\"@type\":\"ReadAction\",\"target\":[\"https:\/\/xenonkungen.com\/produkt\/ledriving-lightbar-sx500-sp\/\"]}]},{\"@type\":\"ImageObject\",\"inLanguage\":\"fi\",\"@id\":\"https:\/\/xenonkungen.com\/produkt\/ledriving-lightbar-sx500-sp\/#primaryimage\",\"url\":\"https:\/\/xenonkungen.com\/wp-content\/uploads\/2025\/04\/209726651-origpic-933d6b.jpg\",\"contentUrl\":\"https:\/\/xenonkungen.com\/wp-content\/uploads\/2025\/04\/209726651-origpic-933d6b.jpg\",\"width\":900,\"height\":900},{\"@type\":\"BreadcrumbList\",\"@id\":\"https:\/\/xenonkungen.com\/produkt\/ledriving-lightbar-sx500-sp\/#breadcrumb\",\"itemListElement\":[{\"@type\":\"ListItem\",\"position\":1,\"name\":\"Hem\",\"item\":\"https:\/\/xenonkungen.com\/\"},{\"@type\":\"ListItem\",\"position\":2,\"name\":\"Shop\",\"item\":\"https:\/\/xenonkungen.com\/shop\/\"},{\"@type\":\"ListItem\",\"position\":3,\"name\":\"LEDriving\u00ae LIGHTBAR SX500-SP\"}]},{\"@type\":\"WebSite\",\"@id\":\"https:\/\/xenonkungen.com\/#website\",\"url\":\"https:\/\/xenonkungen.com\/\",\"name\":\"Xenonkungen\",\"description\":\"\",\"potentialAction\":[{\"@type\":\"SearchAction\",\"target\":{\"@type\":\"EntryPoint\",\"urlTemplate\":\"https:\/\/xenonkungen.com\/?s={search_term_string}\"},\"query-input\":{\"@type\":\"PropertyValueSpecification\",\"valueRequired\":true,\"valueName\":\"search_term_string\"}}],\"inLanguage\":\"fi\"}]}<\/script>\n<!-- \/ Yoast SEO plugin. -->","yoast_head_json":{"title":"LEDriving\u00ae VALOPALSTA SX500-SP - Ksenonkuningas","robots":{"index":"index","follow":"follow","max-snippet":"max-snippet:-1","max-image-preview":"max-image-preview:large","max-video-preview":"max-video-preview:-1"},"canonical":"https:\/\/xenonkungen.com\/fi\/tuote\/led-ajovalopalkki-sx500-sp\/","og_locale":"fi_FI","og_type":"article","og_title":"LEDriving\u00ae LIGHTBAR SX500-SP - Xenonkungen","og_description":"Spotljusramp fr\u00e5n v\u00e4lk\u00e4nda Osram med en Spotljusbild. Ger er 1 lux p\u00e5 370 meter!","og_url":"https:\/\/xenonkungen.com\/fi\/tuote\/led-ajovalopalkki-sx500-sp\/","og_site_name":"Xenonkungen","article_modified_time":"2026-04-11T00:30:51+00:00","og_image":[{"width":900,"height":900,"url":"https:\/\/xenonkungen.com\/wp-content\/uploads\/2025\/04\/209726651-origpic-933d6b.jpg","type":"image\/jpeg"}],"twitter_card":"summary_large_image","twitter_misc":{"Arvioitu lukuaika":"1 minuutti"},"schema":{"@context":"https:\/\/schema.org","@graph":[{"@type":"WebPage","@id":"https:\/\/xenonkungen.com\/produkt\/ledriving-lightbar-sx500-sp\/","url":"https:\/\/xenonkungen.com\/produkt\/ledriving-lightbar-sx500-sp\/","name":"LEDriving\u00ae VALOPALSTA SX500-SP - Ksenonkuningas","isPartOf":{"@id":"https:\/\/xenonkungen.com\/#website"},"primaryImageOfPage":{"@id":"https:\/\/xenonkungen.com\/produkt\/ledriving-lightbar-sx500-sp\/#primaryimage"},"image":{"@id":"https:\/\/xenonkungen.com\/produkt\/ledriving-lightbar-sx500-sp\/#primaryimage"},"thumbnailUrl":"https:\/\/xenonkungen.com\/wp-content\/uploads\/2025\/04\/209726651-origpic-933d6b.jpg","datePublished":"2025-04-15T09:56:25+00:00","dateModified":"2026-04-11T00:30:51+00:00","breadcrumb":{"@id":"https:\/\/xenonkungen.com\/produkt\/ledriving-lightbar-sx500-sp\/#breadcrumb"},"inLanguage":"fi","potentialAction":[{"@type":"ReadAction","target":["https:\/\/xenonkungen.com\/produkt\/ledriving-lightbar-sx500-sp\/"]}]},{"@type":"ImageObject","inLanguage":"fi","@id":"https:\/\/xenonkungen.com\/produkt\/ledriving-lightbar-sx500-sp\/#primaryimage","url":"https:\/\/xenonkungen.com\/wp-content\/uploads\/2025\/04\/209726651-origpic-933d6b.jpg","contentUrl":"https:\/\/xenonkungen.com\/wp-content\/uploads\/2025\/04\/209726651-origpic-933d6b.jpg","width":900,"height":900},{"@type":"BreadcrumbList","@id":"https:\/\/xenonkungen.com\/produkt\/ledriving-lightbar-sx500-sp\/#breadcrumb","itemListElement":[{"@type":"ListItem","position":1,"name":"Hem","item":"https:\/\/xenonkungen.com\/"},{"@type":"ListItem","position":2,"name":"Shop","item":"https:\/\/xenonkungen.com\/shop\/"},{"@type":"ListItem","position":3,"name":"LEDriving\u00ae LIGHTBAR SX500-SP"}]},{"@type":"WebSite","@id":"https:\/\/xenonkungen.com\/#website","url":"https:\/\/xenonkungen.com\/","name":"Xenonkungen","description":"","potentialAction":[{"@type":"SearchAction","target":{"@type":"EntryPoint","urlTemplate":"https:\/\/xenonkungen.com\/?s={search_term_string}"},"query-input":{"@type":"PropertyValueSpecification","valueRequired":true,"valueName":"search_term_string"}}],"inLanguage":"fi"}]}},"taxonomy_info":{"product_brand":[{"value":108,"label":"OSRAM"}],"product_cat":[{"value":2966,"label":"Ledramp Rak"},{"value":2539,"label":"LEDRAMPER"},{"value":2640,"label":"OSRAM Ledriving"},{"value":2183,"label":"OSRAM LEDriving\u00ae"}],"pa_faktisk-effekts-forbrukning":[{"value":695,"label":"45"}],"pa_fargtemperatur":[{"value":1428,"label":"6000"}],"pa_fuktskydd-varde-ipxx":[{"value":155,"label":"IP69K"}],"pa_godkannande":[{"value":1942,"label":"R112, R10"}],"pa_lampsockel-kontakt":[{"value":329,"label":"DT"}],"pa_ljusbild":[{"value":1177,"label":"Spot"}],"pa_storlek-mm":[{"value":1940,"label":"556x62x38"}],"pa_stromforbrukning":[{"value":1941,"label":"3,33A@13,5V"}],"pa_volt-v":[{"value":1434,"label":"9-32"}]},"featured_image_src_large":["https:\/\/xenonkungen.com\/wp-content\/uploads\/2025\/04\/209726651-origpic-933d6b.jpg",900,900,false],"author_info":[],"comment_info":0,"_links":{"self":[{"href":"https:\/\/xenonkungen.com\/fi\/wp-json\/wp\/v2\/product\/7509","targetHints":{"allow":["GET"]}}],"collection":[{"href":"https:\/\/xenonkungen.com\/fi\/wp-json\/wp\/v2\/product"}],"about":[{"href":"https:\/\/xenonkungen.com\/fi\/wp-json\/wp\/v2\/types\/product"}],"replies":[{"embeddable":true,"href":"https:\/\/xenonkungen.com\/fi\/wp-json\/wp\/v2\/comments?post=7509"}],"wp:featuredmedia":[{"embeddable":true,"href":"https:\/\/xenonkungen.com\/fi\/wp-json\/wp\/v2\/media\/7510"}],"wp:attachment":[{"href":"https:\/\/xenonkungen.com\/fi\/wp-json\/wp\/v2\/media?parent=7509"}],"wp:term":[{"taxonomy":"anvandningsomrade","embeddable":true,"href":"https:\/\/xenonkungen.com\/fi\/wp-json\/wp\/v2\/anvandningsomrade?post=7509"},{"taxonomy":"bilmarken","embeddable":true,"href":"https:\/\/xenonkungen.com\/fi\/wp-json\/wp\/v2\/bilmarken?post=7509"},{"taxonomy":"product_brand","embeddable":true,"href":"https:\/\/xenonkungen.com\/fi\/wp-json\/wp\/v2\/product_brand?post=7509"},{"taxonomy":"product_cat","embeddable":true,"href":"https:\/\/xenonkungen.com\/fi\/wp-json\/wp\/v2\/product_cat?post=7509"},{"taxonomy":"product_tag","embeddable":true,"href":"https:\/\/xenonkungen.com\/fi\/wp-json\/wp\/v2\/product_tag?post=7509"}],"curies":[{"name":"wp","href":"https:\/\/api.w.org\/{rel}","templated":true}]}}