{"id":7515,"date":"2025-04-15T09:56:25","date_gmt":"2025-04-15T09:56:25","guid":{"rendered":"https:\/\/xenonkungen.com\/product\/ledriving-reversing-vx120r-wd\/"},"modified":"2026-04-11T01:30:54","modified_gmt":"2026-04-11T00:30:54","slug":"ledriving-peruutusvaihteisto-vx120r-wd","status":"publish","type":"product","link":"https:\/\/xenonkungen.com\/fi\/tuote\/ledriving-peruutusvaihteisto-vx120r-wd\/","title":{"rendered":"LEDriving\u00ae K\u00c4\u00c4NT\u00d6 VX120R-WD"},"content":{"rendered":"<h1>Valaise el\u00e4m\u00e4si OSRAM LEDriving -ajo- ja ty\u00f6valojen avulla.<\/h1>\n<p>OSRAM LEDriving Reversing FX120R-WD -peruutusvalot valaisevat pime\u00e4t maantiet ja mets\u00e4polut.<\/p>\n<p>14 tehokkaan ja suorituskykyisen LEDin kantama on 36 metri\u00e4, ja ne antavat kuljettajalle runsaasti varoitusta sek\u00e4 tiell\u00e4 ett\u00e4 maastossa. Jopa huonoissa valaistusolosuhteissa OSRAM LEDriving Reversing FX120R-WD tarjoaa p\u00e4iv\u00e4nvaloa muistuttavan ymp\u00e4rist\u00f6n jopa 6 000 kelvinin v\u00e4ril\u00e4mp\u00f6tilansa ansiosta. <\/p>\n<p>Voimakas 1 100 lumenin valoteho yhdistyy eritt\u00e4in korkeaan optiseen hy\u00f6tysuhteeseen ja tasaiseen valonjakoon. T\u00e4m\u00e4 tarkoittaa, ett\u00e4 n\u00e4et paremmin ja muut tienk\u00e4ytt\u00e4j\u00e4t havaitsevat ajoneuvosi helpommin, mik\u00e4 lis\u00e4\u00e4 liikenneturvallisuutta sek\u00e4 tiell\u00e4 ett\u00e4 maastossa.<\/p>\n<p>Tiell\u00e4 vai maastossa? <br \/>OSRAM LEDriving Reversing FX120R-WD -peruutusvalo vakuuttaa tehokkaalla suorituskyvyll\u00e4\u00e4n ja pitk\u00e4ll\u00e4 k\u00e4ytt\u00f6i\u00e4ll\u00e4\u00e4n. Monipuolinen peruutusvalo kest\u00e4\u00e4 ankariakin ymp\u00e4rist\u00f6olosuhteita korkealaatuisten materiaalien, kuten termoplastisen kotelon ja kest\u00e4v\u00e4n polykarbonaattilinssin, ansiosta, ja se on sek\u00e4 kevyt ett\u00e4 kest\u00e4v\u00e4. LEDriving Reversing FX120R-WD -peruutusvaloa on testattu DIN-sertifioidussa ymp\u00e4rist\u00f6simulaatiolaboratoriossamme \u00e4\u00e4rimm\u00e4isi\u00e4 ulkoisia olosuhteita, kuten vett\u00e4, p\u00f6ly\u00e4, iskuja, korkeita ja matalia l\u00e4mp\u00f6tiloja sek\u00e4 jatkuvaa t\u00e4rin\u00e4\u00e4, vastaan, ja sen IP-suojausluokka on validoitu IP69K. Integroitu ohjain ja l\u00e4mm\u00f6nhallintaj\u00e4rjestelm\u00e4 s\u00e4\u00e4telev\u00e4t LED-peruutusvalon l\u00e4mp\u00f6tilaa ja est\u00e4v\u00e4t ylikuumenemisen aiheuttamat vauriot. Napaisuussuoja est\u00e4\u00e4 virtal\u00e4hteen v\u00e4\u00e4r\u00e4n napaisuuden ja est\u00e4\u00e4 mahdolliset vauriot sammuttamalla LED-valot automaattisesti. <\/p>\n<p>Tiell\u00e4 vai maastossa? <br \/>OSRAM LEDriving Reversing FX120R-WD -peruutusvalo on tehokas p\u00e4ivitys ajoneuvoosi. ECE-sertifioidut LED-peruutusvalot eiv\u00e4t vaadi uudelleenrekister\u00f6inti\u00e4 eiv\u00e4tk\u00e4 lis\u00e4yksi\u00e4 ajoneuvon asiakirjoihin.<\/p>\n<p>LED-takavalo voidaan asentaa henkil\u00f6autoihin, kuorma-autoihin, maatalouskoneisiin, hy\u00f6tyajoneuvoihin, rakennusajoneuvoihin, mets\u00e4koneisiin, asuntovaunuihin, maastoajoneuvoihin ja m\u00f6nkij\u00f6ihin.<\/p>\n<p>OSRAM LEDriving Reversing FX120R-WD -peruutusvalot ovat monipuolisia ja joustavia.<\/p>","protected":false},"excerpt":{"rendered":"<p>Osramin vankka ty\u00f6valo. 1 luksin valoteho 36 metrill\u00e4. T\u00e4ydellinen ty\u00f6valoksi\/peruutusvaloksi.<\/p>","protected":false},"featured_media":7516,"comment_status":"closed","ping_status":"open","template":"","meta":{"_acf_changed":false,"_smort_price_nok":"566","_smort_price_dkk":"360","_smort_price_eur":"48.18","_smort_sale_price_nok":"","_smort_sale_price_dkk":"","_smort_sale_price_eur":"","smort_restorder":"","shipmondo_restorder":"","_kad_blocks_custom_css":"","_kad_blocks_head_custom_js":"","_kad_blocks_body_custom_js":"","_kad_blocks_footer_custom_js":"","smort_custom_pricelist_1":"339.2","smort_custom_pricelist_2":"339.2","smort_custom_pricelist_3":"322.24","smort_custom_pricelist_4":"424","smort_custom_pricelist_5":"339.2"},"anvandningsomrade":[],"bilmarken":[],"product_brand":[108],"product_cat":[2639,2642,508],"product_tag":[],"class_list":{"0":"post-7515","1":"product","2":"type-product","3":"status-publish","4":"has-post-thumbnail","6":"product_brand-osram","7":"product_cat-osram-ledriving-arbetsbelysning","8":"product_cat-osram-ledriving-backljus-backljus-osram-ledriving-arbetsbelysning","9":"product_cat-arbetsbelysning","10":"pa_faktisk-effekts-forbrukning-537","11":"pa_fargtemperatur-1428","12":"pa_fuktskydd-varde-ipxx-ip69","13":"pa_godkannande-e9-ece-r10-r23","14":"pa_lampsockel-kontakt-dt","15":"pa_storlek-mm-48x131x121","16":"pa_volt-v-12-24","18":"first","19":"instock","20":"taxable","21":"shipping-taxable","22":"purchasable","23":"product-type-simple"},"bundled_by":[],"bundle_stock_status":"instock","bundle_stock_quantity":5,"bundle_virtual":false,"bundle_layout":"","bundle_add_to_cart_form_location":"","bundle_editable_in_cart":false,"bundle_sold_individually_context":"","bundle_item_grouping":"","bundle_min_size":"","bundle_max_size":"","bundle_price":[],"bundled_items":[],"bundle_sell_ids":[],"acf":[],"yoast_head":"<!-- This site is optimized with the Yoast SEO plugin v27.0 - https:\/\/yoast.com\/product\/yoast-seo-wordpress\/ -->\n<title>LEDriving\u00ae REVERSING VX120R-WD - Xenonkungen<\/title>\n<meta name=\"robots\" content=\"index, follow, max-snippet:-1, max-image-preview:large, max-video-preview:-1\" \/>\n<link rel=\"canonical\" href=\"https:\/\/xenonkungen.com\/fi\/tuote\/ledriving-peruutusvaihteisto-vx120r-wd\/\" \/>\n<meta property=\"og:locale\" content=\"fi_FI\" \/>\n<meta property=\"og:type\" content=\"article\" \/>\n<meta property=\"og:title\" content=\"LEDriving\u00ae REVERSING VX120R-WD - Xenonkungen\" \/>\n<meta property=\"og:description\" content=\"Rej\u00e4lt Arbetsljus fr\u00e5n Osram. Med 1 Lux p\u00e5 36 meter. Passar perfekt som arbetsljus\/backljus\" \/>\n<meta property=\"og:url\" content=\"https:\/\/xenonkungen.com\/fi\/tuote\/ledriving-peruutusvaihteisto-vx120r-wd\/\" \/>\n<meta property=\"og:site_name\" content=\"Xenonkungen\" \/>\n<meta property=\"article:modified_time\" content=\"2026-04-11T00:30:54+00:00\" \/>\n<meta property=\"og:image\" content=\"https:\/\/xenonkungen.com\/wp-content\/uploads\/2025\/04\/178262325-origpic-a4ca1e.jpg\" \/>\n\t<meta property=\"og:image:width\" content=\"760\" \/>\n\t<meta property=\"og:image:height\" content=\"760\" \/>\n\t<meta property=\"og:image:type\" content=\"image\/jpeg\" \/>\n<meta name=\"twitter:card\" content=\"summary_large_image\" \/>\n<meta name=\"twitter:label1\" content=\"Arvioitu lukuaika\" \/>\n\t<meta name=\"twitter:data1\" content=\"2 minuuttia\" \/>\n<script type=\"application\/ld+json\" class=\"yoast-schema-graph\">{\"@context\":\"https:\/\/schema.org\",\"@graph\":[{\"@type\":\"WebPage\",\"@id\":\"https:\/\/xenonkungen.com\/produkt\/ledriving-reversing-vx120r-wd\/\",\"url\":\"https:\/\/xenonkungen.com\/produkt\/ledriving-reversing-vx120r-wd\/\",\"name\":\"LEDriving\u00ae REVERSING VX120R-WD - Xenonkungen\",\"isPartOf\":{\"@id\":\"https:\/\/xenonkungen.com\/#website\"},\"primaryImageOfPage\":{\"@id\":\"https:\/\/xenonkungen.com\/produkt\/ledriving-reversing-vx120r-wd\/#primaryimage\"},\"image\":{\"@id\":\"https:\/\/xenonkungen.com\/produkt\/ledriving-reversing-vx120r-wd\/#primaryimage\"},\"thumbnailUrl\":\"https:\/\/xenonkungen.com\/wp-content\/uploads\/2025\/04\/178262325-origpic-a4ca1e.jpg\",\"datePublished\":\"2025-04-15T09:56:25+00:00\",\"dateModified\":\"2026-04-11T00:30:54+00:00\",\"breadcrumb\":{\"@id\":\"https:\/\/xenonkungen.com\/produkt\/ledriving-reversing-vx120r-wd\/#breadcrumb\"},\"inLanguage\":\"fi\",\"potentialAction\":[{\"@type\":\"ReadAction\",\"target\":[\"https:\/\/xenonkungen.com\/produkt\/ledriving-reversing-vx120r-wd\/\"]}]},{\"@type\":\"ImageObject\",\"inLanguage\":\"fi\",\"@id\":\"https:\/\/xenonkungen.com\/produkt\/ledriving-reversing-vx120r-wd\/#primaryimage\",\"url\":\"https:\/\/xenonkungen.com\/wp-content\/uploads\/2025\/04\/178262325-origpic-a4ca1e.jpg\",\"contentUrl\":\"https:\/\/xenonkungen.com\/wp-content\/uploads\/2025\/04\/178262325-origpic-a4ca1e.jpg\",\"width\":760,\"height\":760},{\"@type\":\"BreadcrumbList\",\"@id\":\"https:\/\/xenonkungen.com\/produkt\/ledriving-reversing-vx120r-wd\/#breadcrumb\",\"itemListElement\":[{\"@type\":\"ListItem\",\"position\":1,\"name\":\"Hem\",\"item\":\"https:\/\/xenonkungen.com\/\"},{\"@type\":\"ListItem\",\"position\":2,\"name\":\"Shop\",\"item\":\"https:\/\/xenonkungen.com\/shop\/\"},{\"@type\":\"ListItem\",\"position\":3,\"name\":\"LEDriving\u00ae REVERSING VX120R-WD\"}]},{\"@type\":\"WebSite\",\"@id\":\"https:\/\/xenonkungen.com\/#website\",\"url\":\"https:\/\/xenonkungen.com\/\",\"name\":\"Xenonkungen\",\"description\":\"\",\"potentialAction\":[{\"@type\":\"SearchAction\",\"target\":{\"@type\":\"EntryPoint\",\"urlTemplate\":\"https:\/\/xenonkungen.com\/?s={search_term_string}\"},\"query-input\":{\"@type\":\"PropertyValueSpecification\",\"valueRequired\":true,\"valueName\":\"search_term_string\"}}],\"inLanguage\":\"fi\"}]}<\/script>\n<!-- \/ Yoast SEO plugin. -->","yoast_head_json":{"title":"LEDriving\u00ae REVERSING VX120R-WD - Ksenonkuningas","robots":{"index":"index","follow":"follow","max-snippet":"max-snippet:-1","max-image-preview":"max-image-preview:large","max-video-preview":"max-video-preview:-1"},"canonical":"https:\/\/xenonkungen.com\/fi\/tuote\/ledriving-peruutusvaihteisto-vx120r-wd\/","og_locale":"fi_FI","og_type":"article","og_title":"LEDriving\u00ae REVERSING VX120R-WD - Xenonkungen","og_description":"Rej\u00e4lt Arbetsljus fr\u00e5n Osram. Med 1 Lux p\u00e5 36 meter. Passar perfekt som arbetsljus\/backljus","og_url":"https:\/\/xenonkungen.com\/fi\/tuote\/ledriving-peruutusvaihteisto-vx120r-wd\/","og_site_name":"Xenonkungen","article_modified_time":"2026-04-11T00:30:54+00:00","og_image":[{"width":760,"height":760,"url":"https:\/\/xenonkungen.com\/wp-content\/uploads\/2025\/04\/178262325-origpic-a4ca1e.jpg","type":"image\/jpeg"}],"twitter_card":"summary_large_image","twitter_misc":{"Arvioitu lukuaika":"2 minuuttia"},"schema":{"@context":"https:\/\/schema.org","@graph":[{"@type":"WebPage","@id":"https:\/\/xenonkungen.com\/produkt\/ledriving-reversing-vx120r-wd\/","url":"https:\/\/xenonkungen.com\/produkt\/ledriving-reversing-vx120r-wd\/","name":"LEDriving\u00ae REVERSING VX120R-WD - Ksenonkuningas","isPartOf":{"@id":"https:\/\/xenonkungen.com\/#website"},"primaryImageOfPage":{"@id":"https:\/\/xenonkungen.com\/produkt\/ledriving-reversing-vx120r-wd\/#primaryimage"},"image":{"@id":"https:\/\/xenonkungen.com\/produkt\/ledriving-reversing-vx120r-wd\/#primaryimage"},"thumbnailUrl":"https:\/\/xenonkungen.com\/wp-content\/uploads\/2025\/04\/178262325-origpic-a4ca1e.jpg","datePublished":"2025-04-15T09:56:25+00:00","dateModified":"2026-04-11T00:30:54+00:00","breadcrumb":{"@id":"https:\/\/xenonkungen.com\/produkt\/ledriving-reversing-vx120r-wd\/#breadcrumb"},"inLanguage":"fi","potentialAction":[{"@type":"ReadAction","target":["https:\/\/xenonkungen.com\/produkt\/ledriving-reversing-vx120r-wd\/"]}]},{"@type":"ImageObject","inLanguage":"fi","@id":"https:\/\/xenonkungen.com\/produkt\/ledriving-reversing-vx120r-wd\/#primaryimage","url":"https:\/\/xenonkungen.com\/wp-content\/uploads\/2025\/04\/178262325-origpic-a4ca1e.jpg","contentUrl":"https:\/\/xenonkungen.com\/wp-content\/uploads\/2025\/04\/178262325-origpic-a4ca1e.jpg","width":760,"height":760},{"@type":"BreadcrumbList","@id":"https:\/\/xenonkungen.com\/produkt\/ledriving-reversing-vx120r-wd\/#breadcrumb","itemListElement":[{"@type":"ListItem","position":1,"name":"Hem","item":"https:\/\/xenonkungen.com\/"},{"@type":"ListItem","position":2,"name":"Shop","item":"https:\/\/xenonkungen.com\/shop\/"},{"@type":"ListItem","position":3,"name":"LEDriving\u00ae REVERSING VX120R-WD"}]},{"@type":"WebSite","@id":"https:\/\/xenonkungen.com\/#website","url":"https:\/\/xenonkungen.com\/","name":"Xenonkungen","description":"","potentialAction":[{"@type":"SearchAction","target":{"@type":"EntryPoint","urlTemplate":"https:\/\/xenonkungen.com\/?s={search_term_string}"},"query-input":{"@type":"PropertyValueSpecification","valueRequired":true,"valueName":"search_term_string"}}],"inLanguage":"fi"}]}},"taxonomy_info":{"product_brand":[{"value":108,"label":"OSRAM"}],"product_cat":[{"value":2639,"label":"OSRAM Ledriving"},{"value":2642,"label":"OSRAM Ledriving"},{"value":508,"label":"Arbetsbelysning"}],"pa_faktisk-effekts-forbrukning":[{"value":537,"label":"15"}],"pa_fargtemperatur":[{"value":1428,"label":"6000"}],"pa_fuktskydd-varde-ipxx":[{"value":960,"label":"IP69"}],"pa_godkannande":[{"value":1944,"label":"E9 , ECE R10 , R23"}],"pa_lampsockel-kontakt":[{"value":329,"label":"DT"}],"pa_storlek-mm":[{"value":1943,"label":"48x131x121"}],"pa_volt-v":[{"value":348,"label":"12, 24"}]},"featured_image_src_large":["https:\/\/xenonkungen.com\/wp-content\/uploads\/2025\/04\/178262325-origpic-a4ca1e.jpg",760,760,false],"author_info":[],"comment_info":1,"_links":{"self":[{"href":"https:\/\/xenonkungen.com\/fi\/wp-json\/wp\/v2\/product\/7515","targetHints":{"allow":["GET"]}}],"collection":[{"href":"https:\/\/xenonkungen.com\/fi\/wp-json\/wp\/v2\/product"}],"about":[{"href":"https:\/\/xenonkungen.com\/fi\/wp-json\/wp\/v2\/types\/product"}],"replies":[{"embeddable":true,"href":"https:\/\/xenonkungen.com\/fi\/wp-json\/wp\/v2\/comments?post=7515"}],"wp:featuredmedia":[{"embeddable":true,"href":"https:\/\/xenonkungen.com\/fi\/wp-json\/wp\/v2\/media\/7516"}],"wp:attachment":[{"href":"https:\/\/xenonkungen.com\/fi\/wp-json\/wp\/v2\/media?parent=7515"}],"wp:term":[{"taxonomy":"anvandningsomrade","embeddable":true,"href":"https:\/\/xenonkungen.com\/fi\/wp-json\/wp\/v2\/anvandningsomrade?post=7515"},{"taxonomy":"bilmarken","embeddable":true,"href":"https:\/\/xenonkungen.com\/fi\/wp-json\/wp\/v2\/bilmarken?post=7515"},{"taxonomy":"product_brand","embeddable":true,"href":"https:\/\/xenonkungen.com\/fi\/wp-json\/wp\/v2\/product_brand?post=7515"},{"taxonomy":"product_cat","embeddable":true,"href":"https:\/\/xenonkungen.com\/fi\/wp-json\/wp\/v2\/product_cat?post=7515"},{"taxonomy":"product_tag","embeddable":true,"href":"https:\/\/xenonkungen.com\/fi\/wp-json\/wp\/v2\/product_tag?post=7515"}],"curies":[{"name":"wp","href":"https:\/\/api.w.org\/{rel}","templated":true}]}}