{"id":7547,"date":"2025-04-15T09:56:39","date_gmt":"2025-04-15T09:56:39","guid":{"rendered":"https:\/\/xenonkungen.com\/product\/ledriving-cube-mx240-cb\/"},"modified":"2025-12-10T14:49:12","modified_gmt":"2025-12-10T13:49:12","slug":"ledriving-cube-mx240-cb","status":"publish","type":"product","link":"https:\/\/xenonkungen.com\/fi\/tuote\/ledriving-cube-mx240-cb\/","title":{"rendered":"LED-ohjaus\u00ae CUBE MX240-CB"},"content":{"rendered":"<h2>Sytyt\u00e4 el\u00e4m\u00e4si OSRAM LEDriving Extra Light -valolla<\/h2>\n<p>OSRAM LEDriving Cube MX240-CB valaisee pime\u00e4t maantie- ja mets\u00e4tiet. OSRAM LEDriving Cube MX240-CB:n 16 tehokkaan ja pitk\u00e4ik\u00e4isen LED-valon kantama on jopa 430 metri\u00e4, ja se antaa kuljettajalle runsaasti varoituksia sek\u00e4 tiell\u00e4 ett\u00e4 maastossa. <\/p>\n<p>OSRAM LEDriving Cube MX240-CB tarjoaa jopa 6 000 kelvinin v\u00e4ril\u00e4mp\u00f6tilan ansiosta p\u00e4iv\u00e4nvalon kaltaisen ymp\u00e4rist\u00f6n my\u00f6s heikossa valaistuksessa. Voimakas, jopa 4 000 lumenin valovirta yhdistyy eritt\u00e4in korkeaan optiseen hy\u00f6tysuhteeseen ja tasaiseen valonjakoon. N\u00e4in n\u00e4et paremmin ja muut tienk\u00e4ytt\u00e4j\u00e4t havaitsevat ajoneuvosi helpommin, mik\u00e4 lis\u00e4\u00e4 liikenneturvallisuutta sek\u00e4 tiell\u00e4 ett\u00e4 maastossa.<\/p>\n<p>Tiell\u00e4 vai maastossa? <br \/>OSRAM LEDriving Cube MX240-CB tekee vaikutuksen tehokkaalla suorituskyvyll\u00e4\u00e4n ja pitk\u00e4ll\u00e4, jopa 5 000 tunnin k\u00e4ytt\u00f6i\u00e4ll\u00e4. Monipuolinen valaisin kest\u00e4\u00e4 vaativia ymp\u00e4rist\u00f6olosuhteita laadukkaiden materiaaliensa, kuten alumiinikotelon ja vankan polykarbonaattilinssin, ansiosta ja on sek\u00e4 kevyt ett\u00e4 kest\u00e4v\u00e4. <\/p>\n<p>OSRAM LEDriving Cube MX240-CB on testattu DIN-sertifioidussa ymp\u00e4rist\u00f6simulointilaboratoriossamme \u00e4\u00e4rimm\u00e4isten ulkoisten olosuhteiden, kuten veden, p\u00f6lyn, iskujen, korkeiden ja matalien l\u00e4mp\u00f6tilojen sek\u00e4 jatkuvan t\u00e4rin\u00e4n varalta, ja se on validoitu IP69K-suojausluokkaan. Integroitu taajuusmuuttaja- ja l\u00e4mm\u00f6nhallintaj\u00e4rjestelm\u00e4 s\u00e4\u00e4telee LED-valopalkin l\u00e4mp\u00f6tilaa ja est\u00e4\u00e4 ylikuumenemisen aiheuttamat vahingot. Napaisuuden suojaus est\u00e4\u00e4 virtal\u00e4hteen v\u00e4\u00e4r\u00e4n napaisuuden ja est\u00e4\u00e4 mahdolliset vahingot sammuttamalla LEDit automaattisesti. <\/p>\n<p>Tiell\u00e4 vai maastossa? <br \/>OSRAM LEDriving Cube MX240-CB on tehokas p\u00e4ivitys ajoneuvoosi. ECE-sertifioidut LED-ajovalot eiv\u00e4t vaadi uudelleenrekister\u00f6inti\u00e4 eiv\u00e4tk\u00e4 lis\u00e4yksi\u00e4 ajoneuvon asiakirjoihin.<br \/>ECE:n viitenumero: 50<br \/>OSRAM LEDriving Cube MX240-CB voidaan asentaa henkil\u00f6autoihin, kuorma-autoihin, maatalouskoneisiin, hy\u00f6tyajoneuvoihin, rakennusajoneuvoihin, mets\u00e4koneisiin, asuntovaunuihin, maastoajoneuvoihin ja m\u00f6nkij\u00f6ihin.<\/p>\n<p>OSRAM LEDriving Cube MX240-CB on monipuolinen ja joustava.<\/p>\n<p>OSRAM LEDriving -lis\u00e4valot ovat ECE-hyv\u00e4ksyttyj\u00e4, joten ne voidaan asentaa ja k\u00e4ytt\u00e4\u00e4 yleisill\u00e4 teill\u00e4. <br \/><strong>HUOM:<\/strong> Sovelletaan erityisi\u00e4 kokoonpanos\u00e4\u00e4nt\u00f6j\u00e4. ECE-hyv\u00e4ksynn\u00e4n lis\u00e4ksi on noudatettava yksitt\u00e4isten maiden erityisvaatimuksia ja lains\u00e4\u00e4d\u00e4nt\u00f6\u00e4.<\/p>","protected":false},"excerpt":{"rendered":"<p>Nelikulmaiset tehokkaat lis\u00e4valot Osramilta!<\/p>","protected":false},"featured_media":7548,"comment_status":"closed","ping_status":"open","template":"","meta":{"_acf_changed":false,"_smort_price_nok":"4710","_smort_price_dkk":"2992","_smort_price_eur":"400.89","_smort_sale_price_nok":"","_smort_sale_price_dkk":"","_smort_sale_price_eur":"","smort_restorder":"","shipmondo_restorder":"","_kad_blocks_custom_css":"","_kad_blocks_head_custom_js":"","_kad_blocks_body_custom_js":"","_kad_blocks_footer_custom_js":"","smort_custom_pricelist_1":"2822.4","smort_custom_pricelist_2":"2822.4","smort_custom_pricelist_3":"2681.28","smort_custom_pricelist_4":"3528","smort_custom_pricelist_5":"2822.4"},"anvandningsomrade":[],"bilmarken":[],"product_brand":[108],"product_cat":[142],"product_tag":[],"class_list":{"0":"post-7547","1":"product","2":"type-product","3":"status-publish","4":"has-post-thumbnail","6":"product_brand-osram","7":"product_cat-extraljus","8":"pa_faktisk-effekts-forbrukning-1694","9":"pa_fargtemperatur-1428","10":"pa_fuktskydd-varde-ipxx-ip69k","11":"pa_godkannande-e4-ece-r10-r1-12-r7","12":"pa_lampsockel-kontakt-open-wire","13":"pa_storlek-mm-169x134x241","14":"pa_volt-v-12-24","16":"first","17":"onbackorder","18":"taxable","19":"shipping-taxable","20":"purchasable","21":"product-type-simple"},"bundled_by":[],"bundle_stock_status":"onbackorder","bundle_stock_quantity":0,"bundle_virtual":false,"bundle_layout":"","bundle_add_to_cart_form_location":"","bundle_editable_in_cart":false,"bundle_sold_individually_context":"","bundle_item_grouping":"","bundle_min_size":"","bundle_max_size":"","bundle_price":[],"bundled_items":[],"bundle_sell_ids":[],"acf":[],"yoast_head":"<!-- This site is optimized with the Yoast SEO plugin v27.0 - https:\/\/yoast.com\/product\/yoast-seo-wordpress\/ -->\n<title>LEDriving\u00ae CUBE MX240-CB - Xenonkungen<\/title>\n<meta name=\"robots\" content=\"index, follow, max-snippet:-1, max-image-preview:large, max-video-preview:-1\" \/>\n<link rel=\"canonical\" href=\"https:\/\/xenonkungen.com\/fi\/tuote\/ledriving-cube-mx240-cb\/\" \/>\n<meta property=\"og:locale\" content=\"fi_FI\" \/>\n<meta property=\"og:type\" content=\"article\" \/>\n<meta property=\"og:title\" content=\"LEDriving\u00ae CUBE MX240-CB - Xenonkungen\" \/>\n<meta property=\"og:description\" content=\"Fyrkantiga kraftfulla Extraljus fr\u00e5n Osram!\" \/>\n<meta property=\"og:url\" content=\"https:\/\/xenonkungen.com\/fi\/tuote\/ledriving-cube-mx240-cb\/\" \/>\n<meta property=\"og:site_name\" content=\"Xenonkungen\" \/>\n<meta property=\"article:modified_time\" content=\"2025-12-10T13:49:12+00:00\" \/>\n<meta property=\"og:image\" content=\"https:\/\/xenonkungen.com\/wp-content\/uploads\/2025\/04\/178265649-origpic-d1ff8b.jpg\" \/>\n\t<meta property=\"og:image:width\" content=\"900\" \/>\n\t<meta property=\"og:image:height\" content=\"900\" \/>\n\t<meta property=\"og:image:type\" content=\"image\/jpeg\" \/>\n<meta name=\"twitter:card\" content=\"summary_large_image\" \/>\n<meta name=\"twitter:label1\" content=\"Arvioitu lukuaika\" \/>\n\t<meta name=\"twitter:data1\" content=\"2 minuuttia\" \/>\n<script type=\"application\/ld+json\" class=\"yoast-schema-graph\">{\"@context\":\"https:\/\/schema.org\",\"@graph\":[{\"@type\":\"WebPage\",\"@id\":\"https:\/\/xenonkungen.com\/produkt\/ledriving-cube-mx240-cb\/\",\"url\":\"https:\/\/xenonkungen.com\/produkt\/ledriving-cube-mx240-cb\/\",\"name\":\"LEDriving\u00ae CUBE MX240-CB - Xenonkungen\",\"isPartOf\":{\"@id\":\"https:\/\/xenonkungen.com\/#website\"},\"primaryImageOfPage\":{\"@id\":\"https:\/\/xenonkungen.com\/produkt\/ledriving-cube-mx240-cb\/#primaryimage\"},\"image\":{\"@id\":\"https:\/\/xenonkungen.com\/produkt\/ledriving-cube-mx240-cb\/#primaryimage\"},\"thumbnailUrl\":\"https:\/\/xenonkungen.com\/wp-content\/uploads\/2025\/04\/178265649-origpic-d1ff8b.jpg\",\"datePublished\":\"2025-04-15T09:56:39+00:00\",\"dateModified\":\"2025-12-10T13:49:12+00:00\",\"breadcrumb\":{\"@id\":\"https:\/\/xenonkungen.com\/produkt\/ledriving-cube-mx240-cb\/#breadcrumb\"},\"inLanguage\":\"fi\",\"potentialAction\":[{\"@type\":\"ReadAction\",\"target\":[\"https:\/\/xenonkungen.com\/produkt\/ledriving-cube-mx240-cb\/\"]}]},{\"@type\":\"ImageObject\",\"inLanguage\":\"fi\",\"@id\":\"https:\/\/xenonkungen.com\/produkt\/ledriving-cube-mx240-cb\/#primaryimage\",\"url\":\"https:\/\/xenonkungen.com\/wp-content\/uploads\/2025\/04\/178265649-origpic-d1ff8b.jpg\",\"contentUrl\":\"https:\/\/xenonkungen.com\/wp-content\/uploads\/2025\/04\/178265649-origpic-d1ff8b.jpg\",\"width\":900,\"height\":900},{\"@type\":\"BreadcrumbList\",\"@id\":\"https:\/\/xenonkungen.com\/produkt\/ledriving-cube-mx240-cb\/#breadcrumb\",\"itemListElement\":[{\"@type\":\"ListItem\",\"position\":1,\"name\":\"Hem\",\"item\":\"https:\/\/xenonkungen.com\/\"},{\"@type\":\"ListItem\",\"position\":2,\"name\":\"Shop\",\"item\":\"https:\/\/xenonkungen.com\/shop\/\"},{\"@type\":\"ListItem\",\"position\":3,\"name\":\"LEDriving\u00ae CUBE MX240-CB\"}]},{\"@type\":\"WebSite\",\"@id\":\"https:\/\/xenonkungen.com\/#website\",\"url\":\"https:\/\/xenonkungen.com\/\",\"name\":\"Xenonkungen\",\"description\":\"\",\"potentialAction\":[{\"@type\":\"SearchAction\",\"target\":{\"@type\":\"EntryPoint\",\"urlTemplate\":\"https:\/\/xenonkungen.com\/?s={search_term_string}\"},\"query-input\":{\"@type\":\"PropertyValueSpecification\",\"valueRequired\":true,\"valueName\":\"search_term_string\"}}],\"inLanguage\":\"fi\"}]}<\/script>\n<!-- \/ Yoast SEO plugin. -->","yoast_head_json":{"title":"LEDriving\u00ae CUBE MX240-CB - Ksenonkuningas","robots":{"index":"index","follow":"follow","max-snippet":"max-snippet:-1","max-image-preview":"max-image-preview:large","max-video-preview":"max-video-preview:-1"},"canonical":"https:\/\/xenonkungen.com\/fi\/tuote\/ledriving-cube-mx240-cb\/","og_locale":"fi_FI","og_type":"article","og_title":"LEDriving\u00ae CUBE MX240-CB - Xenonkungen","og_description":"Fyrkantiga kraftfulla Extraljus fr\u00e5n Osram!","og_url":"https:\/\/xenonkungen.com\/fi\/tuote\/ledriving-cube-mx240-cb\/","og_site_name":"Xenonkungen","article_modified_time":"2025-12-10T13:49:12+00:00","og_image":[{"width":900,"height":900,"url":"https:\/\/xenonkungen.com\/wp-content\/uploads\/2025\/04\/178265649-origpic-d1ff8b.jpg","type":"image\/jpeg"}],"twitter_card":"summary_large_image","twitter_misc":{"Arvioitu lukuaika":"2 minuuttia"},"schema":{"@context":"https:\/\/schema.org","@graph":[{"@type":"WebPage","@id":"https:\/\/xenonkungen.com\/produkt\/ledriving-cube-mx240-cb\/","url":"https:\/\/xenonkungen.com\/produkt\/ledriving-cube-mx240-cb\/","name":"LEDriving\u00ae CUBE MX240-CB - Ksenonkuningas","isPartOf":{"@id":"https:\/\/xenonkungen.com\/#website"},"primaryImageOfPage":{"@id":"https:\/\/xenonkungen.com\/produkt\/ledriving-cube-mx240-cb\/#primaryimage"},"image":{"@id":"https:\/\/xenonkungen.com\/produkt\/ledriving-cube-mx240-cb\/#primaryimage"},"thumbnailUrl":"https:\/\/xenonkungen.com\/wp-content\/uploads\/2025\/04\/178265649-origpic-d1ff8b.jpg","datePublished":"2025-04-15T09:56:39+00:00","dateModified":"2025-12-10T13:49:12+00:00","breadcrumb":{"@id":"https:\/\/xenonkungen.com\/produkt\/ledriving-cube-mx240-cb\/#breadcrumb"},"inLanguage":"fi","potentialAction":[{"@type":"ReadAction","target":["https:\/\/xenonkungen.com\/produkt\/ledriving-cube-mx240-cb\/"]}]},{"@type":"ImageObject","inLanguage":"fi","@id":"https:\/\/xenonkungen.com\/produkt\/ledriving-cube-mx240-cb\/#primaryimage","url":"https:\/\/xenonkungen.com\/wp-content\/uploads\/2025\/04\/178265649-origpic-d1ff8b.jpg","contentUrl":"https:\/\/xenonkungen.com\/wp-content\/uploads\/2025\/04\/178265649-origpic-d1ff8b.jpg","width":900,"height":900},{"@type":"BreadcrumbList","@id":"https:\/\/xenonkungen.com\/produkt\/ledriving-cube-mx240-cb\/#breadcrumb","itemListElement":[{"@type":"ListItem","position":1,"name":"Hem","item":"https:\/\/xenonkungen.com\/"},{"@type":"ListItem","position":2,"name":"Shop","item":"https:\/\/xenonkungen.com\/shop\/"},{"@type":"ListItem","position":3,"name":"LEDriving\u00ae CUBE MX240-CB"}]},{"@type":"WebSite","@id":"https:\/\/xenonkungen.com\/#website","url":"https:\/\/xenonkungen.com\/","name":"Xenonkungen","description":"","potentialAction":[{"@type":"SearchAction","target":{"@type":"EntryPoint","urlTemplate":"https:\/\/xenonkungen.com\/?s={search_term_string}"},"query-input":{"@type":"PropertyValueSpecification","valueRequired":true,"valueName":"search_term_string"}}],"inLanguage":"fi"}]}},"taxonomy_info":{"product_brand":[{"value":108,"label":"OSRAM"}],"product_cat":[{"value":142,"label":"Extraljus"}],"pa_faktisk-effekts-forbrukning":[{"value":1694,"label":"70"}],"pa_fargtemperatur":[{"value":1428,"label":"6000"}],"pa_fuktskydd-varde-ipxx":[{"value":155,"label":"IP69K"}],"pa_godkannande":[{"value":1952,"label":"E4, ECE R10, R1 12 , R7"}],"pa_lampsockel-kontakt":[{"value":324,"label":"Open Wire"}],"pa_storlek-mm":[{"value":1951,"label":"169x134x241"}],"pa_volt-v":[{"value":348,"label":"12, 24"}]},"featured_image_src_large":["https:\/\/xenonkungen.com\/wp-content\/uploads\/2025\/04\/178265649-origpic-d1ff8b.jpg",900,900,false],"author_info":[],"comment_info":0,"_links":{"self":[{"href":"https:\/\/xenonkungen.com\/fi\/wp-json\/wp\/v2\/product\/7547","targetHints":{"allow":["GET"]}}],"collection":[{"href":"https:\/\/xenonkungen.com\/fi\/wp-json\/wp\/v2\/product"}],"about":[{"href":"https:\/\/xenonkungen.com\/fi\/wp-json\/wp\/v2\/types\/product"}],"replies":[{"embeddable":true,"href":"https:\/\/xenonkungen.com\/fi\/wp-json\/wp\/v2\/comments?post=7547"}],"wp:featuredmedia":[{"embeddable":true,"href":"https:\/\/xenonkungen.com\/fi\/wp-json\/wp\/v2\/media\/7548"}],"wp:attachment":[{"href":"https:\/\/xenonkungen.com\/fi\/wp-json\/wp\/v2\/media?parent=7547"}],"wp:term":[{"taxonomy":"anvandningsomrade","embeddable":true,"href":"https:\/\/xenonkungen.com\/fi\/wp-json\/wp\/v2\/anvandningsomrade?post=7547"},{"taxonomy":"bilmarken","embeddable":true,"href":"https:\/\/xenonkungen.com\/fi\/wp-json\/wp\/v2\/bilmarken?post=7547"},{"taxonomy":"product_brand","embeddable":true,"href":"https:\/\/xenonkungen.com\/fi\/wp-json\/wp\/v2\/product_brand?post=7547"},{"taxonomy":"product_cat","embeddable":true,"href":"https:\/\/xenonkungen.com\/fi\/wp-json\/wp\/v2\/product_cat?post=7547"},{"taxonomy":"product_tag","embeddable":true,"href":"https:\/\/xenonkungen.com\/fi\/wp-json\/wp\/v2\/product_tag?post=7547"}],"curies":[{"name":"wp","href":"https:\/\/api.w.org\/{rel}","templated":true}]}}