{"id":7607,"date":"2025-04-15T09:57:25","date_gmt":"2025-04-15T09:57:25","guid":{"rendered":"https:\/\/xenonkungen.com\/product\/dashcam-roadsight-rear-10-fs1\/"},"modified":"2025-12-25T21:17:01","modified_gmt":"2025-12-25T20:17:01","slug":"kojelautakamera-roadsight-taka-10-fs1","status":"publish","type":"product","link":"https:\/\/xenonkungen.com\/fi\/tuote\/kojelautakamera-roadsight-taka-10-fs1\/","title":{"rendered":"Kojelautakamera ROADSIGHT REAR 10 FS1"},"content":{"rendered":"<h1>OSRAM ROADsight TAKA 10<\/h1>\n<p>Autokamera antaa mielenrauhaa ajon aikana. Yhdess\u00e4 OSRAM ROADsight 50:n kanssa t\u00e4m\u00e4 taaksep\u00e4in suunnattu kamera antaa sinulle tiedon takanasi tapahtuvasta ajon aikana. 1080p, 30 fps -tallennuksen ansiosta OSRAM ROADsight REAR 10 tarjoaa selke\u00e4n ja korkealaatuisen tallenteen, joka tallentaa kaikki hy\u00f6dylliset yksityiskohdat. <\/p>\n<p>OSRAM ROADsight Rear 10 on huomaamaton autokamera \u2013 sen koko ja v\u00e4ri pit\u00e4v\u00e4t kameran poissa n\u00e4kyvist\u00e4 eiv\u00e4tk\u00e4 h\u00e4iritse ajon aikana. 130 asteen linssi tarjoaa laajakulmakuvan takanasi olevasta tiest\u00e4.<br \/>OSRAM ROADsight 50:n avulla saat eritt\u00e4in hyv\u00e4n yleiskuvan autostasi eteen- ja taaksep\u00e4in.<\/p>","protected":false},"excerpt":{"rendered":"<p>Lis\u00e4kamera OSRAM ROADsight 50 -kameran takaosassa kuvaamiseen<\/p>","protected":false},"featured_media":7608,"comment_status":"closed","ping_status":"closed","template":"","meta":{"_acf_changed":false,"_smort_price_nok":"422","_smort_price_dkk":"353","_smort_price_eur":"47.27","_smort_sale_price_nok":"422","_smort_sale_price_dkk":"","_smort_sale_price_eur":"","smort_restorder":"","shipmondo_restorder":"","_kad_blocks_custom_css":"","_kad_blocks_head_custom_js":"","_kad_blocks_body_custom_js":"","_kad_blocks_footer_custom_js":"","smort_custom_pricelist_1":"332.8","smort_custom_pricelist_2":"332.8","smort_custom_pricelist_3":"316.16","smort_custom_pricelist_4":"416","smort_custom_pricelist_5":"332.8"},"anvandningsomrade":[],"bilmarken":[],"product_brand":[108],"product_cat":[2652,377,1402],"product_tag":[],"class_list":{"0":"post-7607","1":"product","2":"type-product","3":"status-publish","4":"has-post-thumbnail","6":"product_brand-osram","7":"product_cat-dashcam","8":"product_cat-biltillbehor","9":"product_cat-outlet","10":"pa_storlek-mm-195x150x390","12":"first","13":"instock","14":"sale","15":"taxable","16":"shipping-taxable","17":"purchasable","18":"product-type-simple"},"bundled_by":[],"bundle_stock_status":"instock","bundle_stock_quantity":9,"bundle_virtual":false,"bundle_layout":"","bundle_add_to_cart_form_location":"","bundle_editable_in_cart":false,"bundle_sold_individually_context":"","bundle_item_grouping":"","bundle_min_size":"","bundle_max_size":"","bundle_price":[],"bundled_items":[],"bundle_sell_ids":[],"acf":[],"yoast_head":"<!-- This site is optimized with the Yoast SEO plugin v27.0 - https:\/\/yoast.com\/product\/yoast-seo-wordpress\/ -->\n<title>Dashcam ROADSIGHT REAR 10 FS1 - Xenonkungen<\/title>\n<meta name=\"robots\" content=\"index, follow, max-snippet:-1, max-image-preview:large, max-video-preview:-1\" \/>\n<link rel=\"canonical\" href=\"https:\/\/xenonkungen.com\/fi\/tuote\/kojelautakamera-roadsight-taka-10-fs1\/\" \/>\n<meta property=\"og:locale\" content=\"fi_FI\" \/>\n<meta property=\"og:type\" content=\"article\" \/>\n<meta property=\"og:title\" content=\"Dashcam ROADSIGHT REAR 10 FS1 - Xenonkungen\" \/>\n<meta property=\"og:description\" content=\"Till\u00e4ggskamera f\u00f6r filmning bak\u00e5t p\u00e5 OSRAM ROADsight 50\" \/>\n<meta property=\"og:url\" content=\"https:\/\/xenonkungen.com\/fi\/tuote\/kojelautakamera-roadsight-taka-10-fs1\/\" \/>\n<meta property=\"og:site_name\" content=\"Xenonkungen\" \/>\n<meta property=\"article:modified_time\" content=\"2025-12-25T20:17:01+00:00\" \/>\n<meta property=\"og:image\" content=\"https:\/\/xenonkungen.com\/wp-content\/uploads\/2025\/04\/182441147-origpic-10b5d0.jpg\" \/>\n\t<meta property=\"og:image:width\" content=\"900\" \/>\n\t<meta property=\"og:image:height\" content=\"900\" \/>\n\t<meta property=\"og:image:type\" content=\"image\/jpeg\" \/>\n<meta name=\"twitter:card\" content=\"summary_large_image\" \/>\n<meta name=\"twitter:label1\" content=\"Arvioitu lukuaika\" \/>\n\t<meta name=\"twitter:data1\" content=\"1 minuutti\" \/>\n<script type=\"application\/ld+json\" class=\"yoast-schema-graph\">{\"@context\":\"https:\/\/schema.org\",\"@graph\":[{\"@type\":\"WebPage\",\"@id\":\"https:\/\/xenonkungen.com\/produkt\/dashcam-roadsight-rear-10-fs1\/\",\"url\":\"https:\/\/xenonkungen.com\/produkt\/dashcam-roadsight-rear-10-fs1\/\",\"name\":\"Dashcam ROADSIGHT REAR 10 FS1 - Xenonkungen\",\"isPartOf\":{\"@id\":\"https:\/\/xenonkungen.com\/#website\"},\"primaryImageOfPage\":{\"@id\":\"https:\/\/xenonkungen.com\/produkt\/dashcam-roadsight-rear-10-fs1\/#primaryimage\"},\"image\":{\"@id\":\"https:\/\/xenonkungen.com\/produkt\/dashcam-roadsight-rear-10-fs1\/#primaryimage\"},\"thumbnailUrl\":\"https:\/\/xenonkungen.com\/wp-content\/uploads\/2025\/04\/182441147-origpic-10b5d0.jpg\",\"datePublished\":\"2025-04-15T09:57:25+00:00\",\"dateModified\":\"2025-12-25T20:17:01+00:00\",\"breadcrumb\":{\"@id\":\"https:\/\/xenonkungen.com\/produkt\/dashcam-roadsight-rear-10-fs1\/#breadcrumb\"},\"inLanguage\":\"fi\",\"potentialAction\":[{\"@type\":\"ReadAction\",\"target\":[\"https:\/\/xenonkungen.com\/produkt\/dashcam-roadsight-rear-10-fs1\/\"]}]},{\"@type\":\"ImageObject\",\"inLanguage\":\"fi\",\"@id\":\"https:\/\/xenonkungen.com\/produkt\/dashcam-roadsight-rear-10-fs1\/#primaryimage\",\"url\":\"https:\/\/xenonkungen.com\/wp-content\/uploads\/2025\/04\/182441147-origpic-10b5d0.jpg\",\"contentUrl\":\"https:\/\/xenonkungen.com\/wp-content\/uploads\/2025\/04\/182441147-origpic-10b5d0.jpg\",\"width\":900,\"height\":900},{\"@type\":\"BreadcrumbList\",\"@id\":\"https:\/\/xenonkungen.com\/produkt\/dashcam-roadsight-rear-10-fs1\/#breadcrumb\",\"itemListElement\":[{\"@type\":\"ListItem\",\"position\":1,\"name\":\"Hem\",\"item\":\"https:\/\/xenonkungen.com\/\"},{\"@type\":\"ListItem\",\"position\":2,\"name\":\"Shop\",\"item\":\"https:\/\/xenonkungen.com\/shop\/\"},{\"@type\":\"ListItem\",\"position\":3,\"name\":\"Dashcam ROADSIGHT REAR 10 FS1\"}]},{\"@type\":\"WebSite\",\"@id\":\"https:\/\/xenonkungen.com\/#website\",\"url\":\"https:\/\/xenonkungen.com\/\",\"name\":\"Xenonkungen\",\"description\":\"\",\"potentialAction\":[{\"@type\":\"SearchAction\",\"target\":{\"@type\":\"EntryPoint\",\"urlTemplate\":\"https:\/\/xenonkungen.com\/?s={search_term_string}\"},\"query-input\":{\"@type\":\"PropertyValueSpecification\",\"valueRequired\":true,\"valueName\":\"search_term_string\"}}],\"inLanguage\":\"fi\"}]}<\/script>\n<!-- \/ Yoast SEO plugin. -->","yoast_head_json":{"title":"Kojelautakamera ROADSIGHT REAR 10 FS1 - Xenon King","robots":{"index":"index","follow":"follow","max-snippet":"max-snippet:-1","max-image-preview":"max-image-preview:large","max-video-preview":"max-video-preview:-1"},"canonical":"https:\/\/xenonkungen.com\/fi\/tuote\/kojelautakamera-roadsight-taka-10-fs1\/","og_locale":"fi_FI","og_type":"article","og_title":"Dashcam ROADSIGHT REAR 10 FS1 - Xenonkungen","og_description":"Till\u00e4ggskamera f\u00f6r filmning bak\u00e5t p\u00e5 OSRAM ROADsight 50","og_url":"https:\/\/xenonkungen.com\/fi\/tuote\/kojelautakamera-roadsight-taka-10-fs1\/","og_site_name":"Xenonkungen","article_modified_time":"2025-12-25T20:17:01+00:00","og_image":[{"width":900,"height":900,"url":"https:\/\/xenonkungen.com\/wp-content\/uploads\/2025\/04\/182441147-origpic-10b5d0.jpg","type":"image\/jpeg"}],"twitter_card":"summary_large_image","twitter_misc":{"Arvioitu lukuaika":"1 minuutti"},"schema":{"@context":"https:\/\/schema.org","@graph":[{"@type":"WebPage","@id":"https:\/\/xenonkungen.com\/produkt\/dashcam-roadsight-rear-10-fs1\/","url":"https:\/\/xenonkungen.com\/produkt\/dashcam-roadsight-rear-10-fs1\/","name":"Kojelautakamera ROADSIGHT REAR 10 FS1 - Xenon King","isPartOf":{"@id":"https:\/\/xenonkungen.com\/#website"},"primaryImageOfPage":{"@id":"https:\/\/xenonkungen.com\/produkt\/dashcam-roadsight-rear-10-fs1\/#primaryimage"},"image":{"@id":"https:\/\/xenonkungen.com\/produkt\/dashcam-roadsight-rear-10-fs1\/#primaryimage"},"thumbnailUrl":"https:\/\/xenonkungen.com\/wp-content\/uploads\/2025\/04\/182441147-origpic-10b5d0.jpg","datePublished":"2025-04-15T09:57:25+00:00","dateModified":"2025-12-25T20:17:01+00:00","breadcrumb":{"@id":"https:\/\/xenonkungen.com\/produkt\/dashcam-roadsight-rear-10-fs1\/#breadcrumb"},"inLanguage":"fi","potentialAction":[{"@type":"ReadAction","target":["https:\/\/xenonkungen.com\/produkt\/dashcam-roadsight-rear-10-fs1\/"]}]},{"@type":"ImageObject","inLanguage":"fi","@id":"https:\/\/xenonkungen.com\/produkt\/dashcam-roadsight-rear-10-fs1\/#primaryimage","url":"https:\/\/xenonkungen.com\/wp-content\/uploads\/2025\/04\/182441147-origpic-10b5d0.jpg","contentUrl":"https:\/\/xenonkungen.com\/wp-content\/uploads\/2025\/04\/182441147-origpic-10b5d0.jpg","width":900,"height":900},{"@type":"BreadcrumbList","@id":"https:\/\/xenonkungen.com\/produkt\/dashcam-roadsight-rear-10-fs1\/#breadcrumb","itemListElement":[{"@type":"ListItem","position":1,"name":"Hem","item":"https:\/\/xenonkungen.com\/"},{"@type":"ListItem","position":2,"name":"Shop","item":"https:\/\/xenonkungen.com\/shop\/"},{"@type":"ListItem","position":3,"name":"Dashcam ROADSIGHT REAR 10 FS1"}]},{"@type":"WebSite","@id":"https:\/\/xenonkungen.com\/#website","url":"https:\/\/xenonkungen.com\/","name":"Xenonkungen","description":"","potentialAction":[{"@type":"SearchAction","target":{"@type":"EntryPoint","urlTemplate":"https:\/\/xenonkungen.com\/?s={search_term_string}"},"query-input":{"@type":"PropertyValueSpecification","valueRequired":true,"valueName":"search_term_string"}}],"inLanguage":"fi"}]}},"taxonomy_info":{"product_brand":[{"value":108,"label":"OSRAM"}],"product_cat":[{"value":2652,"label":"Dashcam"},{"value":377,"label":"Biltillbeh\u00f6r"},{"value":1402,"label":"Outlet"}],"pa_storlek-mm":[{"value":1966,"label":"195x150x390"}]},"featured_image_src_large":["https:\/\/xenonkungen.com\/wp-content\/uploads\/2025\/04\/182441147-origpic-10b5d0.jpg",900,900,false],"author_info":[],"comment_info":0,"_links":{"self":[{"href":"https:\/\/xenonkungen.com\/fi\/wp-json\/wp\/v2\/product\/7607","targetHints":{"allow":["GET"]}}],"collection":[{"href":"https:\/\/xenonkungen.com\/fi\/wp-json\/wp\/v2\/product"}],"about":[{"href":"https:\/\/xenonkungen.com\/fi\/wp-json\/wp\/v2\/types\/product"}],"replies":[{"embeddable":true,"href":"https:\/\/xenonkungen.com\/fi\/wp-json\/wp\/v2\/comments?post=7607"}],"wp:featuredmedia":[{"embeddable":true,"href":"https:\/\/xenonkungen.com\/fi\/wp-json\/wp\/v2\/media\/7608"}],"wp:attachment":[{"href":"https:\/\/xenonkungen.com\/fi\/wp-json\/wp\/v2\/media?parent=7607"}],"wp:term":[{"taxonomy":"anvandningsomrade","embeddable":true,"href":"https:\/\/xenonkungen.com\/fi\/wp-json\/wp\/v2\/anvandningsomrade?post=7607"},{"taxonomy":"bilmarken","embeddable":true,"href":"https:\/\/xenonkungen.com\/fi\/wp-json\/wp\/v2\/bilmarken?post=7607"},{"taxonomy":"product_brand","embeddable":true,"href":"https:\/\/xenonkungen.com\/fi\/wp-json\/wp\/v2\/product_brand?post=7607"},{"taxonomy":"product_cat","embeddable":true,"href":"https:\/\/xenonkungen.com\/fi\/wp-json\/wp\/v2\/product_cat?post=7607"},{"taxonomy":"product_tag","embeddable":true,"href":"https:\/\/xenonkungen.com\/fi\/wp-json\/wp\/v2\/product_tag?post=7607"}],"curies":[{"name":"wp","href":"https:\/\/api.w.org\/{rel}","templated":true}]}}