{"id":7626,"date":"2025-04-15T09:57:38","date_gmt":"2025-04-15T09:57:38","guid":{"rendered":"https:\/\/xenonkungen.com\/product\/batteriladdare-osr-908\/"},"modified":"2026-03-04T17:03:30","modified_gmt":"2026-03-04T16:03:30","slug":"akkulaturi-osr-908","status":"publish","type":"product","link":"https:\/\/xenonkungen.com\/fi\/tuote\/akkulaturi-osr-908\/","title":{"rendered":"Akkulaturi OSR 908"},"content":{"rendered":"<h1>OSRAM-akkulaturi 908<\/h1>\n<p>\u00c4lyk\u00e4s 8 A:n laturi ja akun yll\u00e4pitolaite 12 V:n ja 24 V:n ajoneuvoille, mukaan lukien useimmat henkil\u00f6autot, pakettiautot ja pienemm\u00e4t kuorma-autot. <br \/>Yll\u00e4pit\u00e4\u00e4 ja lataa ajoneuvon akun 7-vaiheisella lataussyklill\u00e4 litiumakuille ja 9-vaiheisella lataussyklill\u00e4 lyijyhappo-\/AGM-akuille napin painalluksella. Varustettu taustavalaistulla digitaalisella LCD-n\u00e4yt\u00f6ll\u00e4 helppoa latausta varten h\u00e4m\u00e4r\u00e4ss\u00e4. <\/p>\n<p>Varustettu useilla suojausominaisuuksilla, kuten k\u00e4\u00e4nteisen napaisuuden ja oikosulkusuojauksen avulla, jotka pit\u00e4v\u00e4t sek\u00e4 k\u00e4ytt\u00e4j\u00e4n ett\u00e4 ajoneuvon turvassa. Kytke laturi pistorasiaan ja varmista, ett\u00e4 se huolehtii akustasi \u2013 laturi siirtyy automaattisesti pitk\u00e4aikaiseen yll\u00e4pitotilaan, kun akku on t\u00e4yteen latautunut.<\/p>","protected":false},"excerpt":{"rendered":"<p>\u00c4lyk\u00e4s akun lataus ja yll\u00e4pito monivaiheisella lataussyklill\u00e4<\/p>","protected":false},"featured_media":7627,"comment_status":"closed","ping_status":"closed","template":"","meta":{"_acf_changed":false,"_smort_price_nok":"788","_smort_price_dkk":"672","_smort_price_eur":"90","_smort_sale_price_nok":"788","_smort_sale_price_dkk":"","_smort_sale_price_eur":"75.06","smort_restorder":"","shipmondo_restorder":"","_kad_blocks_custom_css":"","_kad_blocks_head_custom_js":"","_kad_blocks_body_custom_js":"","_kad_blocks_footer_custom_js":"","smort_custom_pricelist_1":"633.6","smort_custom_pricelist_2":"633.6","smort_custom_pricelist_3":"601.92","smort_custom_pricelist_4":"792","smort_custom_pricelist_5":"633.6"},"anvandningsomrade":[],"bilmarken":[],"product_brand":[108],"product_cat":[2651,377,1402],"product_tag":[],"class_list":{"0":"post-7626","1":"product","2":"type-product","3":"status-publish","4":"has-post-thumbnail","6":"product_brand-osram","7":"product_cat-batteriladdare","8":"product_cat-biltillbehor","9":"product_cat-outlet","10":"pa_godkannande-emc-rohs-ce","11":"pa_storlek-mm-106x70x185","12":"pa_volt-v-12-24","14":"first","15":"instock","16":"sale","17":"taxable","18":"shipping-taxable","19":"purchasable","20":"product-type-simple"},"bundled_by":[],"bundle_stock_status":"instock","bundle_stock_quantity":8,"bundle_virtual":false,"bundle_layout":"","bundle_add_to_cart_form_location":"","bundle_editable_in_cart":false,"bundle_sold_individually_context":"","bundle_item_grouping":"","bundle_min_size":"","bundle_max_size":"","bundle_price":[],"bundled_items":[],"bundle_sell_ids":[],"acf":[],"yoast_head":"<!-- This site is optimized with the Yoast SEO plugin v27.0 - https:\/\/yoast.com\/product\/yoast-seo-wordpress\/ -->\n<title>Batteriladdare OSR 908 - Xenonkungen<\/title>\n<meta name=\"robots\" content=\"index, follow, max-snippet:-1, max-image-preview:large, max-video-preview:-1\" \/>\n<link rel=\"canonical\" href=\"https:\/\/xenonkungen.com\/fi\/tuote\/akkulaturi-osr-908\/\" \/>\n<meta property=\"og:locale\" content=\"fi_FI\" \/>\n<meta property=\"og:type\" content=\"article\" \/>\n<meta property=\"og:title\" content=\"Batteriladdare OSR 908 - Xenonkungen\" \/>\n<meta property=\"og:description\" content=\"Smart batteriladdning och underh\u00e5ll med laddningscykel i flera steg\" \/>\n<meta property=\"og:url\" content=\"https:\/\/xenonkungen.com\/fi\/tuote\/akkulaturi-osr-908\/\" \/>\n<meta property=\"og:site_name\" content=\"Xenonkungen\" \/>\n<meta property=\"article:modified_time\" content=\"2026-03-04T16:03:30+00:00\" \/>\n<meta property=\"og:image\" content=\"https:\/\/xenonkungen.com\/wp-content\/uploads\/2025\/04\/182438383-origpic-bfeec8.jpg\" \/>\n\t<meta property=\"og:image:width\" content=\"900\" \/>\n\t<meta property=\"og:image:height\" content=\"900\" \/>\n\t<meta property=\"og:image:type\" content=\"image\/jpeg\" \/>\n<meta name=\"twitter:card\" content=\"summary_large_image\" \/>\n<meta name=\"twitter:label1\" content=\"Arvioitu lukuaika\" \/>\n\t<meta name=\"twitter:data1\" content=\"1 minuutti\" \/>\n<script type=\"application\/ld+json\" class=\"yoast-schema-graph\">{\"@context\":\"https:\/\/schema.org\",\"@graph\":[{\"@type\":\"WebPage\",\"@id\":\"https:\/\/xenonkungen.com\/produkt\/batteriladdare-osr-908\/\",\"url\":\"https:\/\/xenonkungen.com\/produkt\/batteriladdare-osr-908\/\",\"name\":\"Batteriladdare OSR 908 - Xenonkungen\",\"isPartOf\":{\"@id\":\"https:\/\/xenonkungen.com\/#website\"},\"primaryImageOfPage\":{\"@id\":\"https:\/\/xenonkungen.com\/produkt\/batteriladdare-osr-908\/#primaryimage\"},\"image\":{\"@id\":\"https:\/\/xenonkungen.com\/produkt\/batteriladdare-osr-908\/#primaryimage\"},\"thumbnailUrl\":\"https:\/\/xenonkungen.com\/wp-content\/uploads\/2025\/04\/182438383-origpic-bfeec8.jpg\",\"datePublished\":\"2025-04-15T09:57:38+00:00\",\"dateModified\":\"2026-03-04T16:03:30+00:00\",\"breadcrumb\":{\"@id\":\"https:\/\/xenonkungen.com\/produkt\/batteriladdare-osr-908\/#breadcrumb\"},\"inLanguage\":\"fi\",\"potentialAction\":[{\"@type\":\"ReadAction\",\"target\":[\"https:\/\/xenonkungen.com\/produkt\/batteriladdare-osr-908\/\"]}]},{\"@type\":\"ImageObject\",\"inLanguage\":\"fi\",\"@id\":\"https:\/\/xenonkungen.com\/produkt\/batteriladdare-osr-908\/#primaryimage\",\"url\":\"https:\/\/xenonkungen.com\/wp-content\/uploads\/2025\/04\/182438383-origpic-bfeec8.jpg\",\"contentUrl\":\"https:\/\/xenonkungen.com\/wp-content\/uploads\/2025\/04\/182438383-origpic-bfeec8.jpg\",\"width\":900,\"height\":900},{\"@type\":\"BreadcrumbList\",\"@id\":\"https:\/\/xenonkungen.com\/produkt\/batteriladdare-osr-908\/#breadcrumb\",\"itemListElement\":[{\"@type\":\"ListItem\",\"position\":1,\"name\":\"Hem\",\"item\":\"https:\/\/xenonkungen.com\/\"},{\"@type\":\"ListItem\",\"position\":2,\"name\":\"Shop\",\"item\":\"https:\/\/xenonkungen.com\/shop\/\"},{\"@type\":\"ListItem\",\"position\":3,\"name\":\"Batteriladdare OSR 908\"}]},{\"@type\":\"WebSite\",\"@id\":\"https:\/\/xenonkungen.com\/#website\",\"url\":\"https:\/\/xenonkungen.com\/\",\"name\":\"Xenonkungen\",\"description\":\"\",\"potentialAction\":[{\"@type\":\"SearchAction\",\"target\":{\"@type\":\"EntryPoint\",\"urlTemplate\":\"https:\/\/xenonkungen.com\/?s={search_term_string}\"},\"query-input\":{\"@type\":\"PropertyValueSpecification\",\"valueRequired\":true,\"valueName\":\"search_term_string\"}}],\"inLanguage\":\"fi\"}]}<\/script>\n<!-- \/ Yoast SEO plugin. -->","yoast_head_json":{"title":"Akkulaturi OSR 908 - Xenonkungen","robots":{"index":"index","follow":"follow","max-snippet":"max-snippet:-1","max-image-preview":"max-image-preview:large","max-video-preview":"max-video-preview:-1"},"canonical":"https:\/\/xenonkungen.com\/fi\/tuote\/akkulaturi-osr-908\/","og_locale":"fi_FI","og_type":"article","og_title":"Batteriladdare OSR 908 - Xenonkungen","og_description":"Smart batteriladdning och underh\u00e5ll med laddningscykel i flera steg","og_url":"https:\/\/xenonkungen.com\/fi\/tuote\/akkulaturi-osr-908\/","og_site_name":"Xenonkungen","article_modified_time":"2026-03-04T16:03:30+00:00","og_image":[{"width":900,"height":900,"url":"https:\/\/xenonkungen.com\/wp-content\/uploads\/2025\/04\/182438383-origpic-bfeec8.jpg","type":"image\/jpeg"}],"twitter_card":"summary_large_image","twitter_misc":{"Arvioitu lukuaika":"1 minuutti"},"schema":{"@context":"https:\/\/schema.org","@graph":[{"@type":"WebPage","@id":"https:\/\/xenonkungen.com\/produkt\/batteriladdare-osr-908\/","url":"https:\/\/xenonkungen.com\/produkt\/batteriladdare-osr-908\/","name":"Akkulaturi OSR 908 - Xenonkungen","isPartOf":{"@id":"https:\/\/xenonkungen.com\/#website"},"primaryImageOfPage":{"@id":"https:\/\/xenonkungen.com\/produkt\/batteriladdare-osr-908\/#primaryimage"},"image":{"@id":"https:\/\/xenonkungen.com\/produkt\/batteriladdare-osr-908\/#primaryimage"},"thumbnailUrl":"https:\/\/xenonkungen.com\/wp-content\/uploads\/2025\/04\/182438383-origpic-bfeec8.jpg","datePublished":"2025-04-15T09:57:38+00:00","dateModified":"2026-03-04T16:03:30+00:00","breadcrumb":{"@id":"https:\/\/xenonkungen.com\/produkt\/batteriladdare-osr-908\/#breadcrumb"},"inLanguage":"fi","potentialAction":[{"@type":"ReadAction","target":["https:\/\/xenonkungen.com\/produkt\/batteriladdare-osr-908\/"]}]},{"@type":"ImageObject","inLanguage":"fi","@id":"https:\/\/xenonkungen.com\/produkt\/batteriladdare-osr-908\/#primaryimage","url":"https:\/\/xenonkungen.com\/wp-content\/uploads\/2025\/04\/182438383-origpic-bfeec8.jpg","contentUrl":"https:\/\/xenonkungen.com\/wp-content\/uploads\/2025\/04\/182438383-origpic-bfeec8.jpg","width":900,"height":900},{"@type":"BreadcrumbList","@id":"https:\/\/xenonkungen.com\/produkt\/batteriladdare-osr-908\/#breadcrumb","itemListElement":[{"@type":"ListItem","position":1,"name":"Hem","item":"https:\/\/xenonkungen.com\/"},{"@type":"ListItem","position":2,"name":"Shop","item":"https:\/\/xenonkungen.com\/shop\/"},{"@type":"ListItem","position":3,"name":"Batteriladdare OSR 908"}]},{"@type":"WebSite","@id":"https:\/\/xenonkungen.com\/#website","url":"https:\/\/xenonkungen.com\/","name":"Xenonkungen","description":"","potentialAction":[{"@type":"SearchAction","target":{"@type":"EntryPoint","urlTemplate":"https:\/\/xenonkungen.com\/?s={search_term_string}"},"query-input":{"@type":"PropertyValueSpecification","valueRequired":true,"valueName":"search_term_string"}}],"inLanguage":"fi"}]}},"taxonomy_info":{"product_brand":[{"value":108,"label":"OSRAM"}],"product_cat":[{"value":2651,"label":"Batteriladdare"},{"value":377,"label":"Biltillbeh\u00f6r"},{"value":1402,"label":"Outlet"}],"pa_godkannande":[{"value":1968,"label":"EMC, RoHs, CE"}],"pa_storlek-mm":[{"value":1967,"label":"106x70x185"}],"pa_volt-v":[{"value":348,"label":"12, 24"}]},"featured_image_src_large":["https:\/\/xenonkungen.com\/wp-content\/uploads\/2025\/04\/182438383-origpic-bfeec8.jpg",900,900,false],"author_info":[],"comment_info":0,"_links":{"self":[{"href":"https:\/\/xenonkungen.com\/fi\/wp-json\/wp\/v2\/product\/7626","targetHints":{"allow":["GET"]}}],"collection":[{"href":"https:\/\/xenonkungen.com\/fi\/wp-json\/wp\/v2\/product"}],"about":[{"href":"https:\/\/xenonkungen.com\/fi\/wp-json\/wp\/v2\/types\/product"}],"replies":[{"embeddable":true,"href":"https:\/\/xenonkungen.com\/fi\/wp-json\/wp\/v2\/comments?post=7626"}],"wp:featuredmedia":[{"embeddable":true,"href":"https:\/\/xenonkungen.com\/fi\/wp-json\/wp\/v2\/media\/7627"}],"wp:attachment":[{"href":"https:\/\/xenonkungen.com\/fi\/wp-json\/wp\/v2\/media?parent=7626"}],"wp:term":[{"taxonomy":"anvandningsomrade","embeddable":true,"href":"https:\/\/xenonkungen.com\/fi\/wp-json\/wp\/v2\/anvandningsomrade?post=7626"},{"taxonomy":"bilmarken","embeddable":true,"href":"https:\/\/xenonkungen.com\/fi\/wp-json\/wp\/v2\/bilmarken?post=7626"},{"taxonomy":"product_brand","embeddable":true,"href":"https:\/\/xenonkungen.com\/fi\/wp-json\/wp\/v2\/product_brand?post=7626"},{"taxonomy":"product_cat","embeddable":true,"href":"https:\/\/xenonkungen.com\/fi\/wp-json\/wp\/v2\/product_cat?post=7626"},{"taxonomy":"product_tag","embeddable":true,"href":"https:\/\/xenonkungen.com\/fi\/wp-json\/wp\/v2\/product_tag?post=7626"}],"curies":[{"name":"wp","href":"https:\/\/api.w.org\/{rel}","templated":true}]}}