{"id":7630,"date":"2025-04-15T09:57:38","date_gmt":"2025-04-15T09:57:38","guid":{"rendered":"https:\/\/xenonkungen.com\/product\/batteriladdare-osr-906\/"},"modified":"2026-03-27T09:54:40","modified_gmt":"2026-03-27T08:54:40","slug":"akkulaturi-osr-906","status":"publish","type":"product","link":"https:\/\/xenonkungen.com\/fi\/tuote\/akkulaturi-osr-906\/","title":{"rendered":"Akkulaturi OSR 906"},"content":{"rendered":"<h1>OSRAM-akkulaturi 906<\/h1>\n<p>\u00c4lyk\u00e4s 6 A:n laturi ja akun yll\u00e4pitolaite 6 V:n ja 12 V:n ajoneuvoille, mukaan lukien useimmat henkil\u00f6- ja pakettiautot. 7-vaiheinen lataussykli litiumakuille ja 9-vaiheinen lataussykli lyijyhappo-\/AGM-akuille napin painalluksella. <\/p>\n<p>Varustettu digitaalisella n\u00e4yt\u00f6ll\u00e4, joka helpottaa lataamista, sek\u00e4 useilla suojausominaisuuksilla, kuten suojauksella v\u00e4\u00e4r\u00e4\u00e4 napaisuutta ja oikosulkua vastaan. Kytke laturi pistorasiaan ja varmista, ett\u00e4 se pit\u00e4\u00e4 huolta akustasi \u2013 laturi siirtyy automaattisesti pitk\u00e4aikaiseen yll\u00e4pitotilaan, kun akku on t\u00e4yteen latautunut.<\/p>\n<p class=\"font-headline-text-bold grey\"><iframe loading=\"lazy\" frameborder=\"0\" height=\"315\" allow=\"accelerometer; autoplay; clipboard-write; encrypted-media; gyroscope; picture-in-picture\" src=\"https:\/\/www.youtube.com\/embed\/oWj2iVHoFXo\" title=\"YouTube-videosoitin\" width=\"560\" allowfullscreen=\"allowfullscreen\"><\/iframe><\/p>\n<p><iframe loading=\"lazy\" frameborder=\"0\" height=\"315\" allow=\"accelerometer; autoplay; clipboard-write; encrypted-media; gyroscope; picture-in-picture\" src=\"https:\/\/www.youtube.com\/embed\/OflFrm_67lw\" title=\"YouTube-videosoitin\" width=\"560\" allowfullscreen=\"allowfullscreen\"><\/iframe><\/p>","protected":false},"excerpt":{"rendered":"<p>\u00c4lyk\u00e4s akun lataus ja yll\u00e4pito monivaiheisella lataussyklill\u00e4<\/p>","protected":false},"featured_media":7631,"comment_status":"closed","ping_status":"closed","template":"","meta":{"_acf_changed":false,"_smort_price_nok":"668","_smort_price_dkk":"570","_smort_price_eur":"76.36","_smort_sale_price_nok":"668","_smort_sale_price_dkk":"","_smort_sale_price_eur":"62.97","smort_restorder":"","shipmondo_restorder":"","_kad_blocks_custom_css":"","_kad_blocks_head_custom_js":"","_kad_blocks_body_custom_js":"","_kad_blocks_footer_custom_js":"","smort_custom_pricelist_1":"537.6","smort_custom_pricelist_2":"537.6","smort_custom_pricelist_3":"510.72","smort_custom_pricelist_4":"672","smort_custom_pricelist_5":"537.6"},"anvandningsomrade":[],"bilmarken":[],"product_brand":[108],"product_cat":[2651,377,1402],"product_tag":[],"class_list":{"0":"post-7630","1":"product","2":"type-product","3":"status-publish","4":"has-post-thumbnail","6":"product_brand-osram","7":"product_cat-batteriladdare","8":"product_cat-biltillbehor","9":"product_cat-outlet","10":"pa_fuktskydd-varde-ipxx-ip67","11":"pa_godkannande-e-markt-emc-rohs-ce","12":"pa_storlek-mm-106x70x185","13":"pa_volt-v-6-12","15":"first","16":"instock","17":"sale","18":"taxable","19":"shipping-taxable","20":"purchasable","21":"product-type-simple"},"bundled_by":[],"bundle_stock_status":"instock","bundle_stock_quantity":2,"bundle_virtual":false,"bundle_layout":"","bundle_add_to_cart_form_location":"","bundle_editable_in_cart":false,"bundle_sold_individually_context":"","bundle_item_grouping":"","bundle_min_size":"","bundle_max_size":"","bundle_price":[],"bundled_items":[],"bundle_sell_ids":[],"acf":[],"yoast_head":"<!-- This site is optimized with the Yoast SEO plugin v27.0 - https:\/\/yoast.com\/product\/yoast-seo-wordpress\/ -->\n<title>Batteriladdare OSR 906 - Xenonkungen<\/title>\n<meta name=\"robots\" content=\"index, follow, max-snippet:-1, max-image-preview:large, max-video-preview:-1\" \/>\n<link rel=\"canonical\" href=\"https:\/\/xenonkungen.com\/fi\/tuote\/akkulaturi-osr-906\/\" \/>\n<meta property=\"og:locale\" content=\"fi_FI\" \/>\n<meta property=\"og:type\" content=\"article\" \/>\n<meta property=\"og:title\" content=\"Batteriladdare OSR 906 - Xenonkungen\" \/>\n<meta property=\"og:description\" content=\"Smart batteriladdning och underh\u00e5ll med laddningscykel i flera steg\" \/>\n<meta property=\"og:url\" content=\"https:\/\/xenonkungen.com\/fi\/tuote\/akkulaturi-osr-906\/\" \/>\n<meta property=\"og:site_name\" content=\"Xenonkungen\" \/>\n<meta property=\"article:modified_time\" content=\"2026-03-27T08:54:40+00:00\" \/>\n<meta property=\"og:image\" content=\"https:\/\/xenonkungen.com\/wp-content\/uploads\/2025\/04\/182438375-origpic-23d26d.jpg\" \/>\n\t<meta property=\"og:image:width\" content=\"900\" \/>\n\t<meta property=\"og:image:height\" content=\"900\" \/>\n\t<meta property=\"og:image:type\" content=\"image\/jpeg\" \/>\n<meta name=\"twitter:card\" content=\"summary_large_image\" \/>\n<script type=\"application\/ld+json\" class=\"yoast-schema-graph\">{\"@context\":\"https:\/\/schema.org\",\"@graph\":[{\"@type\":\"WebPage\",\"@id\":\"https:\/\/xenonkungen.com\/produkt\/batteriladdare-osr-906\/\",\"url\":\"https:\/\/xenonkungen.com\/produkt\/batteriladdare-osr-906\/\",\"name\":\"Batteriladdare OSR 906 - Xenonkungen\",\"isPartOf\":{\"@id\":\"https:\/\/xenonkungen.com\/#website\"},\"primaryImageOfPage\":{\"@id\":\"https:\/\/xenonkungen.com\/produkt\/batteriladdare-osr-906\/#primaryimage\"},\"image\":{\"@id\":\"https:\/\/xenonkungen.com\/produkt\/batteriladdare-osr-906\/#primaryimage\"},\"thumbnailUrl\":\"https:\/\/xenonkungen.com\/wp-content\/uploads\/2025\/04\/182438375-origpic-23d26d.jpg\",\"datePublished\":\"2025-04-15T09:57:38+00:00\",\"dateModified\":\"2026-03-27T08:54:40+00:00\",\"breadcrumb\":{\"@id\":\"https:\/\/xenonkungen.com\/produkt\/batteriladdare-osr-906\/#breadcrumb\"},\"inLanguage\":\"fi\",\"potentialAction\":[{\"@type\":\"ReadAction\",\"target\":[\"https:\/\/xenonkungen.com\/produkt\/batteriladdare-osr-906\/\"]}]},{\"@type\":\"ImageObject\",\"inLanguage\":\"fi\",\"@id\":\"https:\/\/xenonkungen.com\/produkt\/batteriladdare-osr-906\/#primaryimage\",\"url\":\"https:\/\/xenonkungen.com\/wp-content\/uploads\/2025\/04\/182438375-origpic-23d26d.jpg\",\"contentUrl\":\"https:\/\/xenonkungen.com\/wp-content\/uploads\/2025\/04\/182438375-origpic-23d26d.jpg\",\"width\":900,\"height\":900},{\"@type\":\"BreadcrumbList\",\"@id\":\"https:\/\/xenonkungen.com\/produkt\/batteriladdare-osr-906\/#breadcrumb\",\"itemListElement\":[{\"@type\":\"ListItem\",\"position\":1,\"name\":\"Hem\",\"item\":\"https:\/\/xenonkungen.com\/\"},{\"@type\":\"ListItem\",\"position\":2,\"name\":\"Shop\",\"item\":\"https:\/\/xenonkungen.com\/shop\/\"},{\"@type\":\"ListItem\",\"position\":3,\"name\":\"Batteriladdare OSR 906\"}]},{\"@type\":\"WebSite\",\"@id\":\"https:\/\/xenonkungen.com\/#website\",\"url\":\"https:\/\/xenonkungen.com\/\",\"name\":\"Xenonkungen\",\"description\":\"\",\"potentialAction\":[{\"@type\":\"SearchAction\",\"target\":{\"@type\":\"EntryPoint\",\"urlTemplate\":\"https:\/\/xenonkungen.com\/?s={search_term_string}\"},\"query-input\":{\"@type\":\"PropertyValueSpecification\",\"valueRequired\":true,\"valueName\":\"search_term_string\"}}],\"inLanguage\":\"fi\"}]}<\/script>\n<!-- \/ Yoast SEO plugin. -->","yoast_head_json":{"title":"Akkulaturi OSR 906 - Xenonkungen","robots":{"index":"index","follow":"follow","max-snippet":"max-snippet:-1","max-image-preview":"max-image-preview:large","max-video-preview":"max-video-preview:-1"},"canonical":"https:\/\/xenonkungen.com\/fi\/tuote\/akkulaturi-osr-906\/","og_locale":"fi_FI","og_type":"article","og_title":"Batteriladdare OSR 906 - Xenonkungen","og_description":"Smart batteriladdning och underh\u00e5ll med laddningscykel i flera steg","og_url":"https:\/\/xenonkungen.com\/fi\/tuote\/akkulaturi-osr-906\/","og_site_name":"Xenonkungen","article_modified_time":"2026-03-27T08:54:40+00:00","og_image":[{"width":900,"height":900,"url":"https:\/\/xenonkungen.com\/wp-content\/uploads\/2025\/04\/182438375-origpic-23d26d.jpg","type":"image\/jpeg"}],"twitter_card":"summary_large_image","schema":{"@context":"https:\/\/schema.org","@graph":[{"@type":"WebPage","@id":"https:\/\/xenonkungen.com\/produkt\/batteriladdare-osr-906\/","url":"https:\/\/xenonkungen.com\/produkt\/batteriladdare-osr-906\/","name":"Akkulaturi OSR 906 - Xenonkungen","isPartOf":{"@id":"https:\/\/xenonkungen.com\/#website"},"primaryImageOfPage":{"@id":"https:\/\/xenonkungen.com\/produkt\/batteriladdare-osr-906\/#primaryimage"},"image":{"@id":"https:\/\/xenonkungen.com\/produkt\/batteriladdare-osr-906\/#primaryimage"},"thumbnailUrl":"https:\/\/xenonkungen.com\/wp-content\/uploads\/2025\/04\/182438375-origpic-23d26d.jpg","datePublished":"2025-04-15T09:57:38+00:00","dateModified":"2026-03-27T08:54:40+00:00","breadcrumb":{"@id":"https:\/\/xenonkungen.com\/produkt\/batteriladdare-osr-906\/#breadcrumb"},"inLanguage":"fi","potentialAction":[{"@type":"ReadAction","target":["https:\/\/xenonkungen.com\/produkt\/batteriladdare-osr-906\/"]}]},{"@type":"ImageObject","inLanguage":"fi","@id":"https:\/\/xenonkungen.com\/produkt\/batteriladdare-osr-906\/#primaryimage","url":"https:\/\/xenonkungen.com\/wp-content\/uploads\/2025\/04\/182438375-origpic-23d26d.jpg","contentUrl":"https:\/\/xenonkungen.com\/wp-content\/uploads\/2025\/04\/182438375-origpic-23d26d.jpg","width":900,"height":900},{"@type":"BreadcrumbList","@id":"https:\/\/xenonkungen.com\/produkt\/batteriladdare-osr-906\/#breadcrumb","itemListElement":[{"@type":"ListItem","position":1,"name":"Hem","item":"https:\/\/xenonkungen.com\/"},{"@type":"ListItem","position":2,"name":"Shop","item":"https:\/\/xenonkungen.com\/shop\/"},{"@type":"ListItem","position":3,"name":"Batteriladdare OSR 906"}]},{"@type":"WebSite","@id":"https:\/\/xenonkungen.com\/#website","url":"https:\/\/xenonkungen.com\/","name":"Xenonkungen","description":"","potentialAction":[{"@type":"SearchAction","target":{"@type":"EntryPoint","urlTemplate":"https:\/\/xenonkungen.com\/?s={search_term_string}"},"query-input":{"@type":"PropertyValueSpecification","valueRequired":true,"valueName":"search_term_string"}}],"inLanguage":"fi"}]}},"taxonomy_info":{"product_brand":[{"value":108,"label":"OSRAM"}],"product_cat":[{"value":2651,"label":"Batteriladdare"},{"value":377,"label":"Biltillbeh\u00f6r"},{"value":1402,"label":"Outlet"}],"pa_fuktskydd-varde-ipxx":[{"value":333,"label":"IP67"}],"pa_godkannande":[{"value":1970,"label":"E-m\u00e4rkt, EMC, RoHs, CE"}],"pa_storlek-mm":[{"value":1967,"label":"106x70x185"}],"pa_volt-v":[{"value":1969,"label":"6 , 12"}]},"featured_image_src_large":["https:\/\/xenonkungen.com\/wp-content\/uploads\/2025\/04\/182438375-origpic-23d26d.jpg",900,900,false],"author_info":[],"comment_info":0,"_links":{"self":[{"href":"https:\/\/xenonkungen.com\/fi\/wp-json\/wp\/v2\/product\/7630","targetHints":{"allow":["GET"]}}],"collection":[{"href":"https:\/\/xenonkungen.com\/fi\/wp-json\/wp\/v2\/product"}],"about":[{"href":"https:\/\/xenonkungen.com\/fi\/wp-json\/wp\/v2\/types\/product"}],"replies":[{"embeddable":true,"href":"https:\/\/xenonkungen.com\/fi\/wp-json\/wp\/v2\/comments?post=7630"}],"wp:featuredmedia":[{"embeddable":true,"href":"https:\/\/xenonkungen.com\/fi\/wp-json\/wp\/v2\/media\/7631"}],"wp:attachment":[{"href":"https:\/\/xenonkungen.com\/fi\/wp-json\/wp\/v2\/media?parent=7630"}],"wp:term":[{"taxonomy":"anvandningsomrade","embeddable":true,"href":"https:\/\/xenonkungen.com\/fi\/wp-json\/wp\/v2\/anvandningsomrade?post=7630"},{"taxonomy":"bilmarken","embeddable":true,"href":"https:\/\/xenonkungen.com\/fi\/wp-json\/wp\/v2\/bilmarken?post=7630"},{"taxonomy":"product_brand","embeddable":true,"href":"https:\/\/xenonkungen.com\/fi\/wp-json\/wp\/v2\/product_brand?post=7630"},{"taxonomy":"product_cat","embeddable":true,"href":"https:\/\/xenonkungen.com\/fi\/wp-json\/wp\/v2\/product_cat?post=7630"},{"taxonomy":"product_tag","embeddable":true,"href":"https:\/\/xenonkungen.com\/fi\/wp-json\/wp\/v2\/product_tag?post=7630"}],"curies":[{"name":"wp","href":"https:\/\/api.w.org\/{rel}","templated":true}]}}