{"id":7647,"date":"2025-04-15T09:57:53","date_gmt":"2025-04-15T09:57:53","guid":{"rendered":"https:\/\/xenonkungen.com\/product\/batterycharge-7pin-1phase-16-amp\/"},"modified":"2025-12-25T21:16:34","modified_gmt":"2025-12-25T20:16:34","slug":"akun-lataus-7-nastainen-1-vaiheinen-16-ampeeria","status":"publish","type":"product","link":"https:\/\/xenonkungen.com\/fi\/tuote\/akun-lataus-7-nastainen-1-vaiheinen-16-ampeeria\/","title":{"rendered":"BATTERILATAUS 7PIN | 1PHASE | 16 AMP"},"content":{"rendered":"<div class=\"container\">\n<h1 class=\"product-title\">OSRAMin tulevaisuudenkest\u00e4v\u00e4t s\u00e4hk\u00f6auton laturit \u2013 tehokkuutta ja turvallisuutta harmoniassa<\/h1>\n<p class=\"product-description\">Astu tulevaisuuteen OSRAMin innovatiivisella s\u00e4hk\u00f6auton laturilla. Xenon King tarjoaa latausratkaisun, joka on paitsi tehokas, my\u00f6s ymp\u00e4rist\u00f6yst\u00e4v\u00e4llinen ja k\u00e4ytt\u00e4j\u00e4yst\u00e4v\u00e4llinen. T\u00e4m\u00e4 laturi sopii t\u00e4ydellisesti kaikkiin s\u00e4hk\u00f6autosi ja ladattavien hybridien tarpeisiin, ja siin\u00e4 on k\u00e4yt\u00e4nn\u00f6llinen tyypin 2 liitin, joka sopii useimpiin nykyaikaisiin ajoneuvoihin. 5 metrin kaapelin ja ergonomisen kahvan ansiosta se on sek\u00e4 mukava ett\u00e4 joustava k\u00e4ytt\u00e4\u00e4, lataatpa sitten kotona tai julkisella latausasemalla.<\/p>\n<p class=\"product-description\">Latauskaapeli on paitsi kest\u00e4v\u00e4, my\u00f6s hyvin suojattu IP65-sertifioidulla vedenkest\u00e4vyydell\u00e4 ja IK10-sertifioidulla iskunvaimennuksella, mik\u00e4 takaa pitk\u00e4n k\u00e4ytt\u00f6i\u00e4n. Mukana toimitettava liittimien p\u00f6lysuoja varmistaa, ett\u00e4 latauskokemuksesi on h\u00e4iri\u00f6t\u00f6n my\u00f6s ankarissa olosuhteissa. Mukana on my\u00f6s kest\u00e4v\u00e4 ja kompakti s\u00e4ilytyskotelo, jossa kaapelia on helppo s\u00e4ilytt\u00e4\u00e4, kun sit\u00e4 ei k\u00e4ytet\u00e4.<\/p>\n<p class=\"product-description\">Tuote on T\u00dcV- ja CE-sertifioitu ja sill\u00e4 on kahden vuoden takuu, mik\u00e4 vahvistaa sen korkean laadun ja turvallisuuden.<\/p>","protected":false},"excerpt":{"rendered":"<p>\u201dTutustu OSRAMin tyypin 2 s\u00e4hk\u00f6auton laturiin Xenon Kingin kanssa, joka on suunniteltu modernille kuljettajalle. Vankan 16 A:n kapasiteetin ansiosta t\u00e4m\u00e4 laturi varmistaa nopean ja tehokkaan latauksen, on yhteensopiva useiden ajoneuvojen kanssa ja varustettu tulevaisuutta varten.\u201d<\/p>","protected":false},"featured_media":7648,"comment_status":"closed","ping_status":"closed","template":"","meta":{"_acf_changed":false,"_smort_price_nok":"1972","_smort_price_dkk":"1693","_smort_price_eur":"226.81","_smort_sale_price_nok":"1972","_smort_sale_price_dkk":"","_smort_sale_price_eur":"209.79","smort_restorder":"","shipmondo_restorder":"","_kad_blocks_custom_css":"","_kad_blocks_head_custom_js":"","_kad_blocks_body_custom_js":"","_kad_blocks_footer_custom_js":"","smort_custom_pricelist_1":"1796.4","smort_custom_pricelist_2":"1596.8","smort_custom_pricelist_3":"1596.8","smort_custom_pricelist_4":"1996","smort_custom_pricelist_5":"1596.8"},"anvandningsomrade":[],"bilmarken":[],"product_brand":[108],"product_cat":[2650,377,1402],"product_tag":[],"class_list":{"0":"post-7647","1":"product","2":"type-product","3":"status-publish","4":"has-post-thumbnail","6":"product_brand-osram","7":"product_cat-elbilsladdare","8":"product_cat-biltillbehor","9":"product_cat-outlet","10":"pa_fuktskydd-varde-ipxx-ip65","11":"pa_storlek-mm-5000x120x70","13":"first","14":"instock","15":"sale","16":"taxable","17":"shipping-taxable","18":"purchasable","19":"product-type-simple"},"bundled_by":[],"bundle_stock_status":"instock","bundle_stock_quantity":1,"bundle_virtual":false,"bundle_layout":"","bundle_add_to_cart_form_location":"","bundle_editable_in_cart":false,"bundle_sold_individually_context":"","bundle_item_grouping":"","bundle_min_size":"","bundle_max_size":"","bundle_price":[],"bundled_items":[],"bundle_sell_ids":[],"acf":[],"yoast_head":"<!-- This site is optimized with the Yoast SEO plugin v27.0 - https:\/\/yoast.com\/product\/yoast-seo-wordpress\/ -->\n<title>BATTERYcharge 7PIN | 1PHASE | 16 AMP - Xenonkungen<\/title>\n<meta name=\"robots\" content=\"index, follow, max-snippet:-1, max-image-preview:large, max-video-preview:-1\" \/>\n<link rel=\"canonical\" href=\"https:\/\/xenonkungen.com\/fi\/tuote\/akun-lataus-7-nastainen-1-vaiheinen-16-ampeeria\/\" \/>\n<meta property=\"og:locale\" content=\"fi_FI\" \/>\n<meta property=\"og:type\" content=\"article\" \/>\n<meta property=\"og:title\" content=\"BATTERYcharge 7PIN | 1PHASE | 16 AMP - Xenonkungen\" \/>\n<meta property=\"og:description\" content=\"&quot;Uppt\u00e4ck OSRAMs Typ 2-elbilsladdare med Xenonkungen, utformad f\u00f6r den moderna f\u00f6raren. Med en robust 16 A-kapacitet s\u00e4kerst\u00e4ller denna laddare snabb och effektiv laddning, kompatibel med en m\u00e4ngd fordon och utrustad f\u00f6r framtiden.&quot;\" \/>\n<meta property=\"og:url\" content=\"https:\/\/xenonkungen.com\/fi\/tuote\/akun-lataus-7-nastainen-1-vaiheinen-16-ampeeria\/\" \/>\n<meta property=\"og:site_name\" content=\"Xenonkungen\" \/>\n<meta property=\"article:modified_time\" content=\"2025-12-25T20:16:34+00:00\" \/>\n<meta property=\"og:image\" content=\"https:\/\/xenonkungen.com\/wp-content\/uploads\/2025\/04\/208003923-origpic-b28800.jpg\" \/>\n\t<meta property=\"og:image:width\" content=\"900\" \/>\n\t<meta property=\"og:image:height\" content=\"900\" \/>\n\t<meta property=\"og:image:type\" content=\"image\/jpeg\" \/>\n<meta name=\"twitter:card\" content=\"summary_large_image\" \/>\n<meta name=\"twitter:label1\" content=\"Arvioitu lukuaika\" \/>\n\t<meta name=\"twitter:data1\" content=\"1 minuutti\" \/>\n<script type=\"application\/ld+json\" class=\"yoast-schema-graph\">{\"@context\":\"https:\/\/schema.org\",\"@graph\":[{\"@type\":\"WebPage\",\"@id\":\"https:\/\/xenonkungen.com\/produkt\/batterycharge-7pin-1phase-16-amp\/\",\"url\":\"https:\/\/xenonkungen.com\/produkt\/batterycharge-7pin-1phase-16-amp\/\",\"name\":\"BATTERYcharge 7PIN | 1PHASE | 16 AMP - Xenonkungen\",\"isPartOf\":{\"@id\":\"https:\/\/xenonkungen.com\/#website\"},\"primaryImageOfPage\":{\"@id\":\"https:\/\/xenonkungen.com\/produkt\/batterycharge-7pin-1phase-16-amp\/#primaryimage\"},\"image\":{\"@id\":\"https:\/\/xenonkungen.com\/produkt\/batterycharge-7pin-1phase-16-amp\/#primaryimage\"},\"thumbnailUrl\":\"https:\/\/xenonkungen.com\/wp-content\/uploads\/2025\/04\/208003923-origpic-b28800.jpg\",\"datePublished\":\"2025-04-15T09:57:53+00:00\",\"dateModified\":\"2025-12-25T20:16:34+00:00\",\"breadcrumb\":{\"@id\":\"https:\/\/xenonkungen.com\/produkt\/batterycharge-7pin-1phase-16-amp\/#breadcrumb\"},\"inLanguage\":\"fi\",\"potentialAction\":[{\"@type\":\"ReadAction\",\"target\":[\"https:\/\/xenonkungen.com\/produkt\/batterycharge-7pin-1phase-16-amp\/\"]}]},{\"@type\":\"ImageObject\",\"inLanguage\":\"fi\",\"@id\":\"https:\/\/xenonkungen.com\/produkt\/batterycharge-7pin-1phase-16-amp\/#primaryimage\",\"url\":\"https:\/\/xenonkungen.com\/wp-content\/uploads\/2025\/04\/208003923-origpic-b28800.jpg\",\"contentUrl\":\"https:\/\/xenonkungen.com\/wp-content\/uploads\/2025\/04\/208003923-origpic-b28800.jpg\",\"width\":900,\"height\":900},{\"@type\":\"BreadcrumbList\",\"@id\":\"https:\/\/xenonkungen.com\/produkt\/batterycharge-7pin-1phase-16-amp\/#breadcrumb\",\"itemListElement\":[{\"@type\":\"ListItem\",\"position\":1,\"name\":\"Hem\",\"item\":\"https:\/\/xenonkungen.com\/\"},{\"@type\":\"ListItem\",\"position\":2,\"name\":\"Shop\",\"item\":\"https:\/\/xenonkungen.com\/shop\/\"},{\"@type\":\"ListItem\",\"position\":3,\"name\":\"BATTERYcharge 7PIN | 1PHASE | 16 AMP\"}]},{\"@type\":\"WebSite\",\"@id\":\"https:\/\/xenonkungen.com\/#website\",\"url\":\"https:\/\/xenonkungen.com\/\",\"name\":\"Xenonkungen\",\"description\":\"\",\"potentialAction\":[{\"@type\":\"SearchAction\",\"target\":{\"@type\":\"EntryPoint\",\"urlTemplate\":\"https:\/\/xenonkungen.com\/?s={search_term_string}\"},\"query-input\":{\"@type\":\"PropertyValueSpecification\",\"valueRequired\":true,\"valueName\":\"search_term_string\"}}],\"inLanguage\":\"fi\"}]}<\/script>\n<!-- \/ Yoast SEO plugin. -->","yoast_head_json":{"title":"AKUNLATAUS 7-NASTAINEN | 1-VAIHEISET | 16 AMPEERIN - Ksenonkuningas","robots":{"index":"index","follow":"follow","max-snippet":"max-snippet:-1","max-image-preview":"max-image-preview:large","max-video-preview":"max-video-preview:-1"},"canonical":"https:\/\/xenonkungen.com\/fi\/tuote\/akun-lataus-7-nastainen-1-vaiheinen-16-ampeeria\/","og_locale":"fi_FI","og_type":"article","og_title":"BATTERYcharge 7PIN | 1PHASE | 16 AMP - Xenonkungen","og_description":"\"Uppt\u00e4ck OSRAMs Typ 2-elbilsladdare med Xenonkungen, utformad f\u00f6r den moderna f\u00f6raren. Med en robust 16 A-kapacitet s\u00e4kerst\u00e4ller denna laddare snabb och effektiv laddning, kompatibel med en m\u00e4ngd fordon och utrustad f\u00f6r framtiden.\"","og_url":"https:\/\/xenonkungen.com\/fi\/tuote\/akun-lataus-7-nastainen-1-vaiheinen-16-ampeeria\/","og_site_name":"Xenonkungen","article_modified_time":"2025-12-25T20:16:34+00:00","og_image":[{"width":900,"height":900,"url":"https:\/\/xenonkungen.com\/wp-content\/uploads\/2025\/04\/208003923-origpic-b28800.jpg","type":"image\/jpeg"}],"twitter_card":"summary_large_image","twitter_misc":{"Arvioitu lukuaika":"1 minuutti"},"schema":{"@context":"https:\/\/schema.org","@graph":[{"@type":"WebPage","@id":"https:\/\/xenonkungen.com\/produkt\/batterycharge-7pin-1phase-16-amp\/","url":"https:\/\/xenonkungen.com\/produkt\/batterycharge-7pin-1phase-16-amp\/","name":"AKUNLATAUS 7-NASTAINEN | 1-VAIHEISET | 16 AMPEERIN - Ksenonkuningas","isPartOf":{"@id":"https:\/\/xenonkungen.com\/#website"},"primaryImageOfPage":{"@id":"https:\/\/xenonkungen.com\/produkt\/batterycharge-7pin-1phase-16-amp\/#primaryimage"},"image":{"@id":"https:\/\/xenonkungen.com\/produkt\/batterycharge-7pin-1phase-16-amp\/#primaryimage"},"thumbnailUrl":"https:\/\/xenonkungen.com\/wp-content\/uploads\/2025\/04\/208003923-origpic-b28800.jpg","datePublished":"2025-04-15T09:57:53+00:00","dateModified":"2025-12-25T20:16:34+00:00","breadcrumb":{"@id":"https:\/\/xenonkungen.com\/produkt\/batterycharge-7pin-1phase-16-amp\/#breadcrumb"},"inLanguage":"fi","potentialAction":[{"@type":"ReadAction","target":["https:\/\/xenonkungen.com\/produkt\/batterycharge-7pin-1phase-16-amp\/"]}]},{"@type":"ImageObject","inLanguage":"fi","@id":"https:\/\/xenonkungen.com\/produkt\/batterycharge-7pin-1phase-16-amp\/#primaryimage","url":"https:\/\/xenonkungen.com\/wp-content\/uploads\/2025\/04\/208003923-origpic-b28800.jpg","contentUrl":"https:\/\/xenonkungen.com\/wp-content\/uploads\/2025\/04\/208003923-origpic-b28800.jpg","width":900,"height":900},{"@type":"BreadcrumbList","@id":"https:\/\/xenonkungen.com\/produkt\/batterycharge-7pin-1phase-16-amp\/#breadcrumb","itemListElement":[{"@type":"ListItem","position":1,"name":"Hem","item":"https:\/\/xenonkungen.com\/"},{"@type":"ListItem","position":2,"name":"Shop","item":"https:\/\/xenonkungen.com\/shop\/"},{"@type":"ListItem","position":3,"name":"BATTERYcharge 7PIN | 1PHASE | 16 AMP"}]},{"@type":"WebSite","@id":"https:\/\/xenonkungen.com\/#website","url":"https:\/\/xenonkungen.com\/","name":"Xenonkungen","description":"","potentialAction":[{"@type":"SearchAction","target":{"@type":"EntryPoint","urlTemplate":"https:\/\/xenonkungen.com\/?s={search_term_string}"},"query-input":{"@type":"PropertyValueSpecification","valueRequired":true,"valueName":"search_term_string"}}],"inLanguage":"fi"}]}},"taxonomy_info":{"product_brand":[{"value":108,"label":"OSRAM"}],"product_cat":[{"value":2650,"label":"Elbilsladdare"},{"value":377,"label":"Biltillbeh\u00f6r"},{"value":1402,"label":"Outlet"}],"pa_fuktskydd-varde-ipxx":[{"value":520,"label":"IP65"}],"pa_storlek-mm":[{"value":1973,"label":"5000x120x70"}]},"featured_image_src_large":["https:\/\/xenonkungen.com\/wp-content\/uploads\/2025\/04\/208003923-origpic-b28800.jpg",900,900,false],"author_info":[],"comment_info":0,"_links":{"self":[{"href":"https:\/\/xenonkungen.com\/fi\/wp-json\/wp\/v2\/product\/7647","targetHints":{"allow":["GET"]}}],"collection":[{"href":"https:\/\/xenonkungen.com\/fi\/wp-json\/wp\/v2\/product"}],"about":[{"href":"https:\/\/xenonkungen.com\/fi\/wp-json\/wp\/v2\/types\/product"}],"replies":[{"embeddable":true,"href":"https:\/\/xenonkungen.com\/fi\/wp-json\/wp\/v2\/comments?post=7647"}],"wp:featuredmedia":[{"embeddable":true,"href":"https:\/\/xenonkungen.com\/fi\/wp-json\/wp\/v2\/media\/7648"}],"wp:attachment":[{"href":"https:\/\/xenonkungen.com\/fi\/wp-json\/wp\/v2\/media?parent=7647"}],"wp:term":[{"taxonomy":"anvandningsomrade","embeddable":true,"href":"https:\/\/xenonkungen.com\/fi\/wp-json\/wp\/v2\/anvandningsomrade?post=7647"},{"taxonomy":"bilmarken","embeddable":true,"href":"https:\/\/xenonkungen.com\/fi\/wp-json\/wp\/v2\/bilmarken?post=7647"},{"taxonomy":"product_brand","embeddable":true,"href":"https:\/\/xenonkungen.com\/fi\/wp-json\/wp\/v2\/product_brand?post=7647"},{"taxonomy":"product_cat","embeddable":true,"href":"https:\/\/xenonkungen.com\/fi\/wp-json\/wp\/v2\/product_cat?post=7647"},{"taxonomy":"product_tag","embeddable":true,"href":"https:\/\/xenonkungen.com\/fi\/wp-json\/wp\/v2\/product_tag?post=7647"}],"curies":[{"name":"wp","href":"https:\/\/api.w.org\/{rel}","templated":true}]}}