{"id":7678,"date":"2025-04-15T09:58:07","date_gmt":"2025-04-15T09:58:07","guid":{"rendered":"https:\/\/xenonkungen.com\/product\/ledriving-cube-vx80-sp\/"},"modified":"2025-12-10T14:49:19","modified_gmt":"2025-12-10T13:49:19","slug":"ledriving-cube-vx80-sp","status":"publish","type":"product","link":"https:\/\/xenonkungen.com\/fi\/tuote\/ledriving-cube-vx80-sp\/","title":{"rendered":"LEDriving\u00ae CUBE VX80-SP LEDriving\u00ae CUBE VX80-SP"},"content":{"rendered":"<p>Valaise el\u00e4m\u00e4\u00e4si OSRAM LEDriving -ajo- ja ty\u00f6valoilla.<\/p>\n<p>OSRAM LEDriving Cube VX80-SP valaisee pime\u00e4t maantiet, mets\u00e4polut ja pellot. Nelj\u00e4n tehokkaan, suorituskykyisen ja pitk\u00e4ik\u00e4isen LEDin ansiosta OSRAM LEDriving Cube VX80-SP:n kantama on jopa 114 metri\u00e4, ja se antaa kuljettajalle runsaasti varoitusta sek\u00e4 ty\u00f6ss\u00e4 ett\u00e4 pellolla. Jopa huonoissa valaistusolosuhteissa OSRAM LEDriving Cube VX80-SP tarjoaa p\u00e4iv\u00e4nvaloa muistuttavan ymp\u00e4rist\u00f6n jopa 6 000 kelvinin v\u00e4ril\u00e4mp\u00f6tilansa ansiosta. Jopa 1 300 lumenin voimakas valoteho yhdistyy eritt\u00e4in korkeaan optiseen hy\u00f6tysuhteeseen ja tasaiseen valonjakoon. T\u00e4m\u00e4 tarkoittaa, ett\u00e4 n\u00e4et paremmin ja havaitset ty\u00f6ymp\u00e4rist\u00f6si selke\u00e4mmin, mik\u00e4 lis\u00e4\u00e4 turvallisuutta.<\/p>\n<p>OSRAM LEDriving Cube VX80-SP vakuuttaa tehokkaalla suorituskyvyll\u00e4\u00e4n ja jopa 5 000 tunnin k\u00e4ytt\u00f6i\u00e4ll\u00e4\u00e4n. Monipuolinen valaisin kest\u00e4\u00e4 vaativia ymp\u00e4rist\u00f6olosuhteita korkealaatuisten materiaalien, kuten alumiinikotelon ja kest\u00e4v\u00e4n polykarbonaattilinssin, ansiosta, ja se on sek\u00e4 kevyt ett\u00e4 kest\u00e4v\u00e4. OSRAM LEDriving Cube VX80-SP on testattu DIN-sertifioidussa ymp\u00e4rist\u00f6simulointilaboratoriossamme \u00e4\u00e4rimm\u00e4isten ulkoisten olosuhteiden, kuten veden, p\u00f6lyn, iskun, korkeiden ja matalien l\u00e4mp\u00f6tilojen sek\u00e4 jatkuvan t\u00e4rin\u00e4n, varalta, ja sen IP-suojausluokka on IP67. Integroitu ohjain ja l\u00e4mm\u00f6nhallintaj\u00e4rjestelm\u00e4 s\u00e4\u00e4telev\u00e4t LED-kohdevalon l\u00e4mp\u00f6tilaa ja est\u00e4v\u00e4t ylikuumenemisen aiheuttamat vauriot. Napaisuussuoja est\u00e4\u00e4 virtal\u00e4hteen v\u00e4\u00e4r\u00e4n napaisuuden ja est\u00e4\u00e4 mahdolliset vauriot sammuttamalla LED-lamput automaattisesti. <br \/>OSRAM LEDriving Cube VX80-SP on tehokas p\u00e4ivitys ajoneuvoosi.<br \/>OSRAM LEDriving Cube VX80-SP voidaan asentaa autoihin, kuorma-autoihin, maatalouskoneisiin, hy\u00f6tyajoneuvoihin, rakennuskoneisiin, mets\u00e4koneisiin, maastoajoneuvoihin ja m\u00f6nkij\u00f6ihin.<br \/>OSRAM LEDriving Cube VX80-SP on monipuolinen ja joustava.<\/p>","protected":false},"excerpt":{"rendered":"<p>Ty\u00f6valo kohdevaloefektill\u00e4, kun tarvitset hyv\u00e4\u00e4 valaistusta kauempana.<\/p>","protected":false},"featured_media":7679,"comment_status":"closed","ping_status":"open","template":"","meta":{"_acf_changed":false,"_smort_price_nok":"1196","_smort_price_dkk":"760","_smort_price_eur":"101.81","_smort_sale_price_nok":"","_smort_sale_price_dkk":"","_smort_sale_price_eur":"","smort_restorder":"","shipmondo_restorder":"","_kad_blocks_custom_css":"","_kad_blocks_head_custom_js":"","_kad_blocks_body_custom_js":"","_kad_blocks_footer_custom_js":"","smort_custom_pricelist_1":"716.8","smort_custom_pricelist_2":"716.8","smort_custom_pricelist_3":"680.96","smort_custom_pricelist_4":"896","smort_custom_pricelist_5":"716.8"},"anvandningsomrade":[],"bilmarken":[],"product_brand":[108],"product_cat":[2639,508],"product_tag":[],"class_list":{"0":"post-7678","1":"product","2":"type-product","3":"status-publish","4":"has-post-thumbnail","6":"product_brand-osram","7":"product_cat-osram-ledriving-arbetsbelysning","8":"product_cat-arbetsbelysning","9":"pa_fargtemperatur-6000k","10":"pa_fuktskydd-varde-ipxx-ip67","11":"pa_godkannande-ece-r10","12":"pa_storlek-mm-80x70x85","13":"pa_volt-v-12-24","15":"first","16":"instock","17":"taxable","18":"shipping-taxable","19":"purchasable","20":"product-type-simple"},"bundled_by":[],"bundle_stock_status":"instock","bundle_stock_quantity":2,"bundle_virtual":false,"bundle_layout":"","bundle_add_to_cart_form_location":"","bundle_editable_in_cart":false,"bundle_sold_individually_context":"","bundle_item_grouping":"","bundle_min_size":"","bundle_max_size":"","bundle_price":[],"bundled_items":[],"bundle_sell_ids":[],"acf":[],"yoast_head":"<!-- This site is optimized with the Yoast SEO plugin v27.0 - https:\/\/yoast.com\/product\/yoast-seo-wordpress\/ -->\n<title>LEDriving\u00ae CUBE VX80-SP - Xenonkungen<\/title>\n<meta name=\"robots\" content=\"index, follow, max-snippet:-1, max-image-preview:large, max-video-preview:-1\" \/>\n<link rel=\"canonical\" href=\"https:\/\/xenonkungen.com\/fi\/tuote\/ledriving-cube-vx80-sp\/\" \/>\n<meta property=\"og:locale\" content=\"fi_FI\" \/>\n<meta property=\"og:type\" content=\"article\" \/>\n<meta property=\"og:title\" content=\"LEDriving\u00ae CUBE VX80-SP - Xenonkungen\" \/>\n<meta property=\"og:description\" content=\"Arbetsljus med spotljusbild, n\u00e4r ni beh\u00f6ver bra belysning l\u00e4ngre bort.\" \/>\n<meta property=\"og:url\" content=\"https:\/\/xenonkungen.com\/fi\/tuote\/ledriving-cube-vx80-sp\/\" \/>\n<meta property=\"og:site_name\" content=\"Xenonkungen\" \/>\n<meta property=\"article:modified_time\" content=\"2025-12-10T13:49:19+00:00\" \/>\n<meta property=\"og:image\" content=\"https:\/\/xenonkungen.com\/wp-content\/uploads\/2025\/04\/178266353-origpic-da9ecc.jpg\" \/>\n\t<meta property=\"og:image:width\" content=\"900\" \/>\n\t<meta property=\"og:image:height\" content=\"900\" \/>\n\t<meta property=\"og:image:type\" content=\"image\/jpeg\" \/>\n<meta name=\"twitter:card\" content=\"summary_large_image\" \/>\n<meta name=\"twitter:label1\" content=\"Arvioitu lukuaika\" \/>\n\t<meta name=\"twitter:data1\" content=\"2 minuuttia\" \/>\n<script type=\"application\/ld+json\" class=\"yoast-schema-graph\">{\"@context\":\"https:\/\/schema.org\",\"@graph\":[{\"@type\":\"WebPage\",\"@id\":\"https:\/\/xenonkungen.com\/produkt\/ledriving-cube-vx80-sp\/\",\"url\":\"https:\/\/xenonkungen.com\/produkt\/ledriving-cube-vx80-sp\/\",\"name\":\"LEDriving\u00ae CUBE VX80-SP - Xenonkungen\",\"isPartOf\":{\"@id\":\"https:\/\/xenonkungen.com\/#website\"},\"primaryImageOfPage\":{\"@id\":\"https:\/\/xenonkungen.com\/produkt\/ledriving-cube-vx80-sp\/#primaryimage\"},\"image\":{\"@id\":\"https:\/\/xenonkungen.com\/produkt\/ledriving-cube-vx80-sp\/#primaryimage\"},\"thumbnailUrl\":\"https:\/\/xenonkungen.com\/wp-content\/uploads\/2025\/04\/178266353-origpic-da9ecc.jpg\",\"datePublished\":\"2025-04-15T09:58:07+00:00\",\"dateModified\":\"2025-12-10T13:49:19+00:00\",\"breadcrumb\":{\"@id\":\"https:\/\/xenonkungen.com\/produkt\/ledriving-cube-vx80-sp\/#breadcrumb\"},\"inLanguage\":\"fi\",\"potentialAction\":[{\"@type\":\"ReadAction\",\"target\":[\"https:\/\/xenonkungen.com\/produkt\/ledriving-cube-vx80-sp\/\"]}]},{\"@type\":\"ImageObject\",\"inLanguage\":\"fi\",\"@id\":\"https:\/\/xenonkungen.com\/produkt\/ledriving-cube-vx80-sp\/#primaryimage\",\"url\":\"https:\/\/xenonkungen.com\/wp-content\/uploads\/2025\/04\/178266353-origpic-da9ecc.jpg\",\"contentUrl\":\"https:\/\/xenonkungen.com\/wp-content\/uploads\/2025\/04\/178266353-origpic-da9ecc.jpg\",\"width\":900,\"height\":900},{\"@type\":\"BreadcrumbList\",\"@id\":\"https:\/\/xenonkungen.com\/produkt\/ledriving-cube-vx80-sp\/#breadcrumb\",\"itemListElement\":[{\"@type\":\"ListItem\",\"position\":1,\"name\":\"Hem\",\"item\":\"https:\/\/xenonkungen.com\/\"},{\"@type\":\"ListItem\",\"position\":2,\"name\":\"Shop\",\"item\":\"https:\/\/xenonkungen.com\/shop\/\"},{\"@type\":\"ListItem\",\"position\":3,\"name\":\"LEDriving\u00ae CUBE VX80-SP\"}]},{\"@type\":\"WebSite\",\"@id\":\"https:\/\/xenonkungen.com\/#website\",\"url\":\"https:\/\/xenonkungen.com\/\",\"name\":\"Xenonkungen\",\"description\":\"\",\"potentialAction\":[{\"@type\":\"SearchAction\",\"target\":{\"@type\":\"EntryPoint\",\"urlTemplate\":\"https:\/\/xenonkungen.com\/?s={search_term_string}\"},\"query-input\":{\"@type\":\"PropertyValueSpecification\",\"valueRequired\":true,\"valueName\":\"search_term_string\"}}],\"inLanguage\":\"fi\"}]}<\/script>\n<!-- \/ Yoast SEO plugin. -->","yoast_head_json":{"title":"LEDriving\u00ae CUBE VX80-SP - Ksenonkuningas","robots":{"index":"index","follow":"follow","max-snippet":"max-snippet:-1","max-image-preview":"max-image-preview:large","max-video-preview":"max-video-preview:-1"},"canonical":"https:\/\/xenonkungen.com\/fi\/tuote\/ledriving-cube-vx80-sp\/","og_locale":"fi_FI","og_type":"article","og_title":"LEDriving\u00ae CUBE VX80-SP - Xenonkungen","og_description":"Arbetsljus med spotljusbild, n\u00e4r ni beh\u00f6ver bra belysning l\u00e4ngre bort.","og_url":"https:\/\/xenonkungen.com\/fi\/tuote\/ledriving-cube-vx80-sp\/","og_site_name":"Xenonkungen","article_modified_time":"2025-12-10T13:49:19+00:00","og_image":[{"width":900,"height":900,"url":"https:\/\/xenonkungen.com\/wp-content\/uploads\/2025\/04\/178266353-origpic-da9ecc.jpg","type":"image\/jpeg"}],"twitter_card":"summary_large_image","twitter_misc":{"Arvioitu lukuaika":"2 minuuttia"},"schema":{"@context":"https:\/\/schema.org","@graph":[{"@type":"WebPage","@id":"https:\/\/xenonkungen.com\/produkt\/ledriving-cube-vx80-sp\/","url":"https:\/\/xenonkungen.com\/produkt\/ledriving-cube-vx80-sp\/","name":"LEDriving\u00ae CUBE VX80-SP - Ksenonkuningas","isPartOf":{"@id":"https:\/\/xenonkungen.com\/#website"},"primaryImageOfPage":{"@id":"https:\/\/xenonkungen.com\/produkt\/ledriving-cube-vx80-sp\/#primaryimage"},"image":{"@id":"https:\/\/xenonkungen.com\/produkt\/ledriving-cube-vx80-sp\/#primaryimage"},"thumbnailUrl":"https:\/\/xenonkungen.com\/wp-content\/uploads\/2025\/04\/178266353-origpic-da9ecc.jpg","datePublished":"2025-04-15T09:58:07+00:00","dateModified":"2025-12-10T13:49:19+00:00","breadcrumb":{"@id":"https:\/\/xenonkungen.com\/produkt\/ledriving-cube-vx80-sp\/#breadcrumb"},"inLanguage":"fi","potentialAction":[{"@type":"ReadAction","target":["https:\/\/xenonkungen.com\/produkt\/ledriving-cube-vx80-sp\/"]}]},{"@type":"ImageObject","inLanguage":"fi","@id":"https:\/\/xenonkungen.com\/produkt\/ledriving-cube-vx80-sp\/#primaryimage","url":"https:\/\/xenonkungen.com\/wp-content\/uploads\/2025\/04\/178266353-origpic-da9ecc.jpg","contentUrl":"https:\/\/xenonkungen.com\/wp-content\/uploads\/2025\/04\/178266353-origpic-da9ecc.jpg","width":900,"height":900},{"@type":"BreadcrumbList","@id":"https:\/\/xenonkungen.com\/produkt\/ledriving-cube-vx80-sp\/#breadcrumb","itemListElement":[{"@type":"ListItem","position":1,"name":"Hem","item":"https:\/\/xenonkungen.com\/"},{"@type":"ListItem","position":2,"name":"Shop","item":"https:\/\/xenonkungen.com\/shop\/"},{"@type":"ListItem","position":3,"name":"LEDriving\u00ae CUBE VX80-SP"}]},{"@type":"WebSite","@id":"https:\/\/xenonkungen.com\/#website","url":"https:\/\/xenonkungen.com\/","name":"Xenonkungen","description":"","potentialAction":[{"@type":"SearchAction","target":{"@type":"EntryPoint","urlTemplate":"https:\/\/xenonkungen.com\/?s={search_term_string}"},"query-input":{"@type":"PropertyValueSpecification","valueRequired":true,"valueName":"search_term_string"}}],"inLanguage":"fi"}]}},"taxonomy_info":{"product_brand":[{"value":108,"label":"OSRAM"}],"product_cat":[{"value":2639,"label":"OSRAM Ledriving"},{"value":508,"label":"Arbetsbelysning"}],"pa_fargtemperatur":[{"value":188,"label":"6000K"}],"pa_fuktskydd-varde-ipxx":[{"value":333,"label":"IP67"}],"pa_godkannande":[{"value":966,"label":"ECE, R10"}],"pa_storlek-mm":[{"value":1981,"label":"80x70x85"}],"pa_volt-v":[{"value":348,"label":"12, 24"}]},"featured_image_src_large":["https:\/\/xenonkungen.com\/wp-content\/uploads\/2025\/04\/178266353-origpic-da9ecc.jpg",900,900,false],"author_info":[],"comment_info":0,"_links":{"self":[{"href":"https:\/\/xenonkungen.com\/fi\/wp-json\/wp\/v2\/product\/7678","targetHints":{"allow":["GET"]}}],"collection":[{"href":"https:\/\/xenonkungen.com\/fi\/wp-json\/wp\/v2\/product"}],"about":[{"href":"https:\/\/xenonkungen.com\/fi\/wp-json\/wp\/v2\/types\/product"}],"replies":[{"embeddable":true,"href":"https:\/\/xenonkungen.com\/fi\/wp-json\/wp\/v2\/comments?post=7678"}],"wp:featuredmedia":[{"embeddable":true,"href":"https:\/\/xenonkungen.com\/fi\/wp-json\/wp\/v2\/media\/7679"}],"wp:attachment":[{"href":"https:\/\/xenonkungen.com\/fi\/wp-json\/wp\/v2\/media?parent=7678"}],"wp:term":[{"taxonomy":"anvandningsomrade","embeddable":true,"href":"https:\/\/xenonkungen.com\/fi\/wp-json\/wp\/v2\/anvandningsomrade?post=7678"},{"taxonomy":"bilmarken","embeddable":true,"href":"https:\/\/xenonkungen.com\/fi\/wp-json\/wp\/v2\/bilmarken?post=7678"},{"taxonomy":"product_brand","embeddable":true,"href":"https:\/\/xenonkungen.com\/fi\/wp-json\/wp\/v2\/product_brand?post=7678"},{"taxonomy":"product_cat","embeddable":true,"href":"https:\/\/xenonkungen.com\/fi\/wp-json\/wp\/v2\/product_cat?post=7678"},{"taxonomy":"product_tag","embeddable":true,"href":"https:\/\/xenonkungen.com\/fi\/wp-json\/wp\/v2\/product_tag?post=7678"}],"curies":[{"name":"wp","href":"https:\/\/api.w.org\/{rel}","templated":true}]}}