{"id":7682,"date":"2025-04-15T09:58:07","date_gmt":"2025-04-15T09:58:07","guid":{"rendered":"https:\/\/xenonkungen.com\/product\/ledguardian-road-flare\/"},"modified":"2026-03-04T17:03:28","modified_gmt":"2026-03-04T16:03:28","slug":"ledguardian-tien-soihdun","status":"publish","type":"product","link":"https:\/\/xenonkungen.com\/fi\/tuote\/ledguardian-tien-soihdun\/","title":{"rendered":"LEDguardian\u00ae Road Flare"},"content":{"rendered":"<h1>Lis\u00e4\u00e4 turvallisuutta tiell\u00e4 OSRAM LEDguardian ROAD FLARE -valonl\u00e4hteell\u00e4 Xenon Kingilt\u00e4.<\/h1>\n<p>Me Xenonkungen.se:ss\u00e4 ymm\u00e4rr\u00e4mme, ett\u00e4 turvallisuus on ratkaisevan t\u00e4rke\u00e4\u00e4, kun olet liikkeell\u00e4. OSRAM LEDguardian ROAD FLARE ei ole vain tuote - se on v\u00e4ltt\u00e4m\u00e4tt\u00f6myys jokaiselle auton omistajalle, joka arvostaa turvallisuutta ja varautumista. Se on suunniteltu tarjoamaan maksimaalista n\u00e4kyvyytt\u00e4 ja turvallisuutta kaikissa tilanteissa, olipa kyseess\u00e4 sitten h\u00e4t\u00e4tilanne tai ajoneuvon rutiinitarkastus.<\/p>\n<h2>Tuotteen kohokohdat:<\/h2>\n<ul>\n<li>Erinomainen turvaominaisuus: LEDguardian ROAD FLARE on hengenpelastaja h\u00e4t\u00e4tilanteissa. Sen kirkkaan valon avulla voit nopeasti viestitt\u00e4\u00e4 muille tienk\u00e4ytt\u00e4jille mahdollisista vaaroista tai l\u00e4sn\u00e4olostasi tiell\u00e4.<\/li>\n<li>Monitoimivalo: Kolme valotilaa - py\u00f6riv\u00e4 keltainen varoitusvalo, kiinte\u00e4 keltainen valo ja valkoinen taskulampputoiminto - antavat sinulle joustavuutta tilanteen mukaan.<\/li>\n<li>Kest\u00e4v\u00e4 ja pitk\u00e4ik\u00e4inen: (IP54- ja IK07-sertifioitu). Se voi jopa j\u00e4\u00e4d\u00e4 auton alle ja jatkaa toimintaansa.<\/li>\n<\/ul>\n<p>Kun autossasi on LEDguardian ROAD FLARE, lis\u00e4\u00e4t oman turvallisuutesi lis\u00e4ksi my\u00f6s muiden tienk\u00e4ytt\u00e4jien turvallisuutta.<br \/>Lis\u00e4tietoja on PDF-muodossa olevassa tuotetiedotteessa. Tee viisas valinta turvallisuutesi puolesta - hanki OSRAM LEDguardian ROAD FLARE jo t\u00e4n\u00e4\u00e4n!<\/p>","protected":false},"excerpt":{"rendered":"<p>Turvallisuutta silloin, kun sit\u00e4 todella tarvitset. Kest\u00e4v\u00e4n ulkokuorensa ja tehokkaan valonsa ansiosta t\u00e4m\u00e4 on matkakumppani, jota et halua olla ilman.<\/p>","protected":false},"featured_media":7683,"comment_status":"closed","ping_status":"open","template":"","meta":{"_acf_changed":false,"_smort_price_nok":"405","_smort_price_dkk":"257","_smort_price_eur":"34.45","_smort_sale_price_nok":"","_smort_sale_price_dkk":"","_smort_sale_price_eur":"","smort_restorder":"","shipmondo_restorder":"","_kad_blocks_custom_css":"","_kad_blocks_head_custom_js":"","_kad_blocks_body_custom_js":"","_kad_blocks_footer_custom_js":"","smort_custom_pricelist_1":"242.56","smort_custom_pricelist_2":"212.24","smort_custom_pricelist_3":"197.08","smort_custom_pricelist_4":"303.2","smort_custom_pricelist_5":"212.24"},"anvandningsomrade":[],"bilmarken":[],"product_brand":[108],"product_cat":[2554,1061],"product_tag":[],"class_list":{"0":"post-7682","1":"product","2":"type-product","3":"status-publish","4":"has-post-thumbnail","6":"product_brand-osram","7":"product_cat-portabla-varningsljus","8":"product_cat-varningsljus","9":"pa_fargtemperatur-gul-1800-2000-k-vit-6500-k","10":"pa_fuktskydd-varde-ipxx-ip69","11":"pa_godkannande-ce","12":"pa_storlek-mm-101x33x111","13":"pa_volt-v-4-5","15":"first","16":"instock","17":"taxable","18":"shipping-taxable","19":"purchasable","20":"product-type-simple"},"bundled_by":[],"bundle_stock_status":"instock","bundle_stock_quantity":1,"bundle_virtual":false,"bundle_layout":"","bundle_add_to_cart_form_location":"","bundle_editable_in_cart":false,"bundle_sold_individually_context":"","bundle_item_grouping":"","bundle_min_size":"","bundle_max_size":"","bundle_price":[],"bundled_items":[],"bundle_sell_ids":[],"acf":[],"yoast_head":"<!-- This site is optimized with the Yoast SEO plugin v27.0 - https:\/\/yoast.com\/product\/yoast-seo-wordpress\/ -->\n<title>LEDguardian\u00ae Road Flare - Xenonkungen<\/title>\n<meta name=\"robots\" content=\"index, follow, max-snippet:-1, max-image-preview:large, max-video-preview:-1\" \/>\n<link rel=\"canonical\" href=\"https:\/\/xenonkungen.com\/fi\/tuote\/ledguardian-tien-soihdun\/\" \/>\n<meta property=\"og:locale\" content=\"fi_FI\" \/>\n<meta property=\"og:type\" content=\"article\" \/>\n<meta property=\"og:title\" content=\"LEDguardian\u00ae Road Flare - Xenonkungen\" \/>\n<meta property=\"og:description\" content=\"S\u00e4kerhet n\u00e4r du verkligen beh\u00f6ver den. Med sitt t\u00e5liga yttre och sitt kraftiga ljus \u00e4r detta en resekamrat man inte vill vara utan.\" \/>\n<meta property=\"og:url\" content=\"https:\/\/xenonkungen.com\/fi\/tuote\/ledguardian-tien-soihdun\/\" \/>\n<meta property=\"og:site_name\" content=\"Xenonkungen\" \/>\n<meta property=\"article:modified_time\" content=\"2026-03-04T16:03:28+00:00\" \/>\n<meta property=\"og:image\" content=\"https:\/\/xenonkungen.com\/wp-content\/uploads\/2025\/04\/207706609-origpic-9d40fc-scaled.jpg\" \/>\n\t<meta property=\"og:image:width\" content=\"2560\" \/>\n\t<meta property=\"og:image:height\" content=\"2560\" \/>\n\t<meta property=\"og:image:type\" content=\"image\/jpeg\" \/>\n<meta name=\"twitter:card\" content=\"summary_large_image\" \/>\n<meta name=\"twitter:label1\" content=\"Arvioitu lukuaika\" \/>\n\t<meta name=\"twitter:data1\" content=\"1 minuutti\" \/>\n<script type=\"application\/ld+json\" class=\"yoast-schema-graph\">{\"@context\":\"https:\/\/schema.org\",\"@graph\":[{\"@type\":\"WebPage\",\"@id\":\"https:\/\/xenonkungen.com\/produkt\/ledguardian-road-flare\/\",\"url\":\"https:\/\/xenonkungen.com\/produkt\/ledguardian-road-flare\/\",\"name\":\"LEDguardian\u00ae Road Flare - Xenonkungen\",\"isPartOf\":{\"@id\":\"https:\/\/xenonkungen.com\/#website\"},\"primaryImageOfPage\":{\"@id\":\"https:\/\/xenonkungen.com\/produkt\/ledguardian-road-flare\/#primaryimage\"},\"image\":{\"@id\":\"https:\/\/xenonkungen.com\/produkt\/ledguardian-road-flare\/#primaryimage\"},\"thumbnailUrl\":\"https:\/\/xenonkungen.com\/wp-content\/uploads\/2025\/04\/207706609-origpic-9d40fc-scaled.jpg\",\"datePublished\":\"2025-04-15T09:58:07+00:00\",\"dateModified\":\"2026-03-04T16:03:28+00:00\",\"breadcrumb\":{\"@id\":\"https:\/\/xenonkungen.com\/produkt\/ledguardian-road-flare\/#breadcrumb\"},\"inLanguage\":\"fi\",\"potentialAction\":[{\"@type\":\"ReadAction\",\"target\":[\"https:\/\/xenonkungen.com\/produkt\/ledguardian-road-flare\/\"]}]},{\"@type\":\"ImageObject\",\"inLanguage\":\"fi\",\"@id\":\"https:\/\/xenonkungen.com\/produkt\/ledguardian-road-flare\/#primaryimage\",\"url\":\"https:\/\/xenonkungen.com\/wp-content\/uploads\/2025\/04\/207706609-origpic-9d40fc-scaled.jpg\",\"contentUrl\":\"https:\/\/xenonkungen.com\/wp-content\/uploads\/2025\/04\/207706609-origpic-9d40fc-scaled.jpg\",\"width\":2560,\"height\":2560},{\"@type\":\"BreadcrumbList\",\"@id\":\"https:\/\/xenonkungen.com\/produkt\/ledguardian-road-flare\/#breadcrumb\",\"itemListElement\":[{\"@type\":\"ListItem\",\"position\":1,\"name\":\"Hem\",\"item\":\"https:\/\/xenonkungen.com\/\"},{\"@type\":\"ListItem\",\"position\":2,\"name\":\"Shop\",\"item\":\"https:\/\/xenonkungen.com\/shop\/\"},{\"@type\":\"ListItem\",\"position\":3,\"name\":\"LEDguardian\u00ae Road Flare\"}]},{\"@type\":\"WebSite\",\"@id\":\"https:\/\/xenonkungen.com\/#website\",\"url\":\"https:\/\/xenonkungen.com\/\",\"name\":\"Xenonkungen\",\"description\":\"\",\"potentialAction\":[{\"@type\":\"SearchAction\",\"target\":{\"@type\":\"EntryPoint\",\"urlTemplate\":\"https:\/\/xenonkungen.com\/?s={search_term_string}\"},\"query-input\":{\"@type\":\"PropertyValueSpecification\",\"valueRequired\":true,\"valueName\":\"search_term_string\"}}],\"inLanguage\":\"fi\"}]}<\/script>\n<!-- \/ Yoast SEO plugin. -->","yoast_head_json":{"title":"LEDguardian\u00ae tieleveysvalo - ksenonkuningas","robots":{"index":"index","follow":"follow","max-snippet":"max-snippet:-1","max-image-preview":"max-image-preview:large","max-video-preview":"max-video-preview:-1"},"canonical":"https:\/\/xenonkungen.com\/fi\/tuote\/ledguardian-tien-soihdun\/","og_locale":"fi_FI","og_type":"article","og_title":"LEDguardian\u00ae Road Flare - Xenonkungen","og_description":"S\u00e4kerhet n\u00e4r du verkligen beh\u00f6ver den. Med sitt t\u00e5liga yttre och sitt kraftiga ljus \u00e4r detta en resekamrat man inte vill vara utan.","og_url":"https:\/\/xenonkungen.com\/fi\/tuote\/ledguardian-tien-soihdun\/","og_site_name":"Xenonkungen","article_modified_time":"2026-03-04T16:03:28+00:00","og_image":[{"width":2560,"height":2560,"url":"https:\/\/xenonkungen.com\/wp-content\/uploads\/2025\/04\/207706609-origpic-9d40fc-scaled.jpg","type":"image\/jpeg"}],"twitter_card":"summary_large_image","twitter_misc":{"Arvioitu lukuaika":"1 minuutti"},"schema":{"@context":"https:\/\/schema.org","@graph":[{"@type":"WebPage","@id":"https:\/\/xenonkungen.com\/produkt\/ledguardian-road-flare\/","url":"https:\/\/xenonkungen.com\/produkt\/ledguardian-road-flare\/","name":"LEDguardian\u00ae tieleveysvalo - ksenonkuningas","isPartOf":{"@id":"https:\/\/xenonkungen.com\/#website"},"primaryImageOfPage":{"@id":"https:\/\/xenonkungen.com\/produkt\/ledguardian-road-flare\/#primaryimage"},"image":{"@id":"https:\/\/xenonkungen.com\/produkt\/ledguardian-road-flare\/#primaryimage"},"thumbnailUrl":"https:\/\/xenonkungen.com\/wp-content\/uploads\/2025\/04\/207706609-origpic-9d40fc-scaled.jpg","datePublished":"2025-04-15T09:58:07+00:00","dateModified":"2026-03-04T16:03:28+00:00","breadcrumb":{"@id":"https:\/\/xenonkungen.com\/produkt\/ledguardian-road-flare\/#breadcrumb"},"inLanguage":"fi","potentialAction":[{"@type":"ReadAction","target":["https:\/\/xenonkungen.com\/produkt\/ledguardian-road-flare\/"]}]},{"@type":"ImageObject","inLanguage":"fi","@id":"https:\/\/xenonkungen.com\/produkt\/ledguardian-road-flare\/#primaryimage","url":"https:\/\/xenonkungen.com\/wp-content\/uploads\/2025\/04\/207706609-origpic-9d40fc-scaled.jpg","contentUrl":"https:\/\/xenonkungen.com\/wp-content\/uploads\/2025\/04\/207706609-origpic-9d40fc-scaled.jpg","width":2560,"height":2560},{"@type":"BreadcrumbList","@id":"https:\/\/xenonkungen.com\/produkt\/ledguardian-road-flare\/#breadcrumb","itemListElement":[{"@type":"ListItem","position":1,"name":"Hem","item":"https:\/\/xenonkungen.com\/"},{"@type":"ListItem","position":2,"name":"Shop","item":"https:\/\/xenonkungen.com\/shop\/"},{"@type":"ListItem","position":3,"name":"LEDguardian\u00ae Road Flare"}]},{"@type":"WebSite","@id":"https:\/\/xenonkungen.com\/#website","url":"https:\/\/xenonkungen.com\/","name":"Xenonkungen","description":"","potentialAction":[{"@type":"SearchAction","target":{"@type":"EntryPoint","urlTemplate":"https:\/\/xenonkungen.com\/?s={search_term_string}"},"query-input":{"@type":"PropertyValueSpecification","valueRequired":true,"valueName":"search_term_string"}}],"inLanguage":"fi"}]}},"taxonomy_info":{"product_brand":[{"value":108,"label":"OSRAM"}],"product_cat":[{"value":2554,"label":"Portabla varningsljus"},{"value":1061,"label":"Varningsljus"}],"pa_fargtemperatur":[{"value":1983,"label":"Gul: 1800-2000 K , Vit: 6500 K"}],"pa_fuktskydd-varde-ipxx":[{"value":960,"label":"IP69"}],"pa_godkannande":[{"value":794,"label":"CE"}],"pa_storlek-mm":[{"value":1982,"label":"101x33x111"}],"pa_volt-v":[{"value":1984,"label":"4.5"}]},"featured_image_src_large":["https:\/\/xenonkungen.com\/wp-content\/uploads\/2025\/04\/207706609-origpic-9d40fc-1024x1024.jpg",1024,1024,true],"author_info":[],"comment_info":0,"_links":{"self":[{"href":"https:\/\/xenonkungen.com\/fi\/wp-json\/wp\/v2\/product\/7682","targetHints":{"allow":["GET"]}}],"collection":[{"href":"https:\/\/xenonkungen.com\/fi\/wp-json\/wp\/v2\/product"}],"about":[{"href":"https:\/\/xenonkungen.com\/fi\/wp-json\/wp\/v2\/types\/product"}],"replies":[{"embeddable":true,"href":"https:\/\/xenonkungen.com\/fi\/wp-json\/wp\/v2\/comments?post=7682"}],"wp:featuredmedia":[{"embeddable":true,"href":"https:\/\/xenonkungen.com\/fi\/wp-json\/wp\/v2\/media\/7683"}],"wp:attachment":[{"href":"https:\/\/xenonkungen.com\/fi\/wp-json\/wp\/v2\/media?parent=7682"}],"wp:term":[{"taxonomy":"anvandningsomrade","embeddable":true,"href":"https:\/\/xenonkungen.com\/fi\/wp-json\/wp\/v2\/anvandningsomrade?post=7682"},{"taxonomy":"bilmarken","embeddable":true,"href":"https:\/\/xenonkungen.com\/fi\/wp-json\/wp\/v2\/bilmarken?post=7682"},{"taxonomy":"product_brand","embeddable":true,"href":"https:\/\/xenonkungen.com\/fi\/wp-json\/wp\/v2\/product_brand?post=7682"},{"taxonomy":"product_cat","embeddable":true,"href":"https:\/\/xenonkungen.com\/fi\/wp-json\/wp\/v2\/product_cat?post=7682"},{"taxonomy":"product_tag","embeddable":true,"href":"https:\/\/xenonkungen.com\/fi\/wp-json\/wp\/v2\/product_tag?post=7682"}],"curies":[{"name":"wp","href":"https:\/\/api.w.org\/{rel}","templated":true}]}}