{"id":7686,"date":"2025-04-15T09:58:35","date_gmt":"2025-04-15T09:58:35","guid":{"rendered":"https:\/\/xenonkungen.com\/product\/ledguardian-road-flare-signal-ta20\/"},"modified":"2026-03-04T16:36:51","modified_gmt":"2026-03-04T15:36:51","slug":"ledguardian-tieliikennemerkki-ta20","status":"publish","type":"product","link":"https:\/\/xenonkungen.com\/fi\/tuote\/ledguardian-tieliikennemerkki-ta20\/","title":{"rendered":"LEDguardian\u00ae ROAD FLARE -merkkivalo TA20"},"content":{"rendered":"<h1>Aina valmiina OSRAM LEDguardian ROAD FLARE Signal TA20 -valolla<\/h1>\n<p>Kun turvallisuus on vaakalaudalla, on t\u00e4rke\u00e4\u00e4 olla hyvin valmistautunut. OSRAM LEDguardian ROAD FLARE Signal TA20 on luotettava kumppanisi h\u00e4t\u00e4tilanteissa tiell\u00e4. Se on hyv\u00e4ksytty \u00a753(a) TA20 StVZO:n mukaisesti ja t\u00e4ytt\u00e4\u00e4 kaikki Saksassa k\u00e4ytett\u00e4v\u00e4t vaatimukset pakollisen varoituskolmion t\u00e4ydennykseksi. Sen 360 asteen n\u00e4kyv\u00e4n keltaisen valon ansiosta se n\u00e4kyy kaukaa ja varoittaa tehokkaasti muita tiell\u00e4liikkujia mahdollisista vaaroista.<\/p>\n<p>Onnettomuuden tai auton rikkoutumisen sattuessa voit kiinnitt\u00e4\u00e4 LEDguardian ROAD FLARE -tievilkun nopeasti ja helposti auton katolle sen tehokkaan magneettikiinnityksen avulla. Toisin kuin passiivisesti heijastavat varoituskolmiot, t\u00e4m\u00e4 varoitusvalo tarjoaa aktiivisen vilkkuvan valaistuksen, joka kiinnitt\u00e4\u00e4 v\u00e4litt\u00f6m\u00e4sti huomion vaara-alueelle \u2013 sek\u00e4 p\u00e4iv\u00e4ll\u00e4 ett\u00e4 y\u00f6ll\u00e4. 18 pitk\u00e4ik\u00e4isen LEDin, jopa 140 lumenin kirkkauden ja 2 000 K:n v\u00e4ril\u00e4mp\u00f6tilan ansiosta olet selv\u00e4sti n\u00e4kyviss\u00e4 kellonajasta riippumatta.<\/p>\n<p>Kompaktiksi ja helppok\u00e4ytt\u00f6iseksi suunniteltu varoitusvalo s\u00e4ilyy siististi autossasi ja on aina k\u00e4ytt\u00f6valmis tarvittaessa. Integroitu 5 200 mAh:n litiumioniakku ladataan helposti mukana tulevalla USB-C-kaapelilla, joten sinulla on aina virtaa tarvittaessa.<\/p>\n<p>\u00c4\u00e4rimm\u00e4isiin olosuhteisiin suunniteltu OSRAM LEDguardian ROAD FLARE Signal TA20 on l\u00e4pik\u00e4ynyt tiukat testit sertifioidussa ymp\u00e4rist\u00f6simulointilaboratoriossamme ja t\u00e4ytt\u00e4\u00e4 IP54-suojausluokan, mik\u00e4 tarkoittaa, ett\u00e4 se on veden-, p\u00f6lyn- ja iskunkest\u00e4vyysinen ja kest\u00e4\u00e4 jopa 210 N\/m:n tuulia.<\/p>\n<p>Varaudu odottamattomiin tilanteisiin miss\u00e4 tahansa OSRAM LEDguardian ROAD FLARE Signal TA20 -varoitusvalon avulla. Huomaa, ett\u00e4 t\u00e4m\u00e4n tyyppisen varoitusvalon k\u00e4ytt\u00f6\u00f6n Saksan ulkopuolella saattaa liitty\u00e4 erityisi\u00e4 lakis\u00e4\u00e4teisi\u00e4 vaatimuksia. Tarjoamme t\u00e4lle tuotteelle kahden vuoden takuun* \u2013 mielenrauhasi takaamiseksi tien p\u00e4\u00e4ll\u00e4.<\/p>","protected":false},"excerpt":{"rendered":"<p>Valo on turvallisuutta, ja OSRAMin avulla saat tarvitsemaasi mielenrauhaa tiell\u00e4. Ajatpa sitten pime\u00e4ss\u00e4 maastossa tai vilkkaassa liikenteess\u00e4, on t\u00e4rke\u00e4\u00e4 sek\u00e4 n\u00e4hd\u00e4 ett\u00e4 tulla n\u00e4hdyksi. OSRAMin innovatiiviset valaistusratkaisut eiv\u00e4t ainoastaan takaa optimaalista n\u00e4kyvyytt\u00e4, vaan my\u00f6s lis\u00e4\u00e4v\u00e4t turvallisuutta sinulle ja muille tiell\u00e4liikkujillesi. Investoi laatuun, investoi turvallisuuteen \u2013 valitse OSRAM valaisemaan tiet\u00e4 ja varmistamaan, ett\u00e4 olet aina n\u00e4kyviss\u00e4.<\/p>","protected":false},"featured_media":7687,"comment_status":"closed","ping_status":"open","template":"","meta":{"_acf_changed":false,"_smort_price_nok":"849","_smort_price_dkk":"539","_smort_price_eur":"72.27","_smort_sale_price_nok":"","_smort_sale_price_dkk":"","_smort_sale_price_eur":"","smort_restorder":"","shipmondo_restorder":"","_kad_blocks_custom_css":"","_kad_blocks_head_custom_js":"","_kad_blocks_body_custom_js":"","_kad_blocks_footer_custom_js":"","smort_custom_pricelist_1":"508.8","smort_custom_pricelist_2":"445.2","smort_custom_pricelist_3":"413.4","smort_custom_pricelist_4":"636","smort_custom_pricelist_5":"445.2"},"anvandningsomrade":[],"bilmarken":[],"product_brand":[108],"product_cat":[2554,1061],"product_tag":[],"class_list":{"0":"post-7686","1":"product","2":"type-product","3":"status-publish","4":"has-post-thumbnail","6":"product_brand-osram","7":"product_cat-portabla-varningsljus","8":"product_cat-varningsljus","9":"pa_fargtemperatur-amber-1900k","10":"pa_fuktskydd-varde-ipxx-ip54","11":"pa_storlek-mm-73x91x91","12":"pa_volt-v-1987","14":"first","15":"instock","16":"taxable","17":"shipping-taxable","18":"purchasable","19":"product-type-simple"},"bundled_by":[],"bundle_stock_status":"instock","bundle_stock_quantity":3,"bundle_virtual":false,"bundle_layout":"","bundle_add_to_cart_form_location":"","bundle_editable_in_cart":false,"bundle_sold_individually_context":"","bundle_item_grouping":"","bundle_min_size":"","bundle_max_size":"","bundle_price":[],"bundled_items":[],"bundle_sell_ids":[],"acf":[],"yoast_head":"<!-- This site is optimized with the Yoast SEO plugin v27.0 - https:\/\/yoast.com\/product\/yoast-seo-wordpress\/ -->\n<title>LEDguardian\u00ae ROAD FLARE Signal TA20 - Xenonkungen<\/title>\n<meta name=\"robots\" content=\"index, follow, max-snippet:-1, max-image-preview:large, max-video-preview:-1\" \/>\n<link rel=\"canonical\" href=\"https:\/\/xenonkungen.com\/fi\/tuote\/ledguardian-tieliikennemerkki-ta20\/\" \/>\n<meta property=\"og:locale\" content=\"fi_FI\" \/>\n<meta property=\"og:type\" content=\"article\" \/>\n<meta property=\"og:title\" content=\"LEDguardian\u00ae ROAD FLARE Signal TA20 - Xenonkungen\" \/>\n<meta property=\"og:description\" content=\"Ljus \u00e4r s\u00e4kerhet, och med OSRAM f\u00e5r du den trygghet du beh\u00f6ver p\u00e5 v\u00e4gen. Oavsett om du k\u00f6r genom m\u00f6rka landskap eller i t\u00e4t trafik, \u00e4r det avg\u00f6rande att b\u00e5de se och bli sedd. OSRAM innovativa belysningsl\u00f6sningar garanterar inte bara optimal synlighet, utan ocks\u00e5 \u00f6kad s\u00e4kerhet f\u00f6r dig och dina medtrafikanter. Investera i kvalitet, investera i s\u00e4kerhet \u2013 v\u00e4lj OSRAM f\u00f6r att lysa upp v\u00e4gen och s\u00e4kerst\u00e4lla att du alltid \u00e4r synlig.\" \/>\n<meta property=\"og:url\" content=\"https:\/\/xenonkungen.com\/fi\/tuote\/ledguardian-tieliikennemerkki-ta20\/\" \/>\n<meta property=\"og:site_name\" content=\"Xenonkungen\" \/>\n<meta property=\"article:modified_time\" content=\"2026-03-04T15:36:51+00:00\" \/>\n<meta property=\"og:image\" content=\"https:\/\/xenonkungen.com\/wp-content\/uploads\/2025\/04\/215221483-origpic-cffc5e.jpg\" \/>\n\t<meta property=\"og:image:width\" content=\"736\" \/>\n\t<meta property=\"og:image:height\" content=\"770\" \/>\n\t<meta property=\"og:image:type\" content=\"image\/jpeg\" \/>\n<meta name=\"twitter:card\" content=\"summary_large_image\" \/>\n<meta name=\"twitter:label1\" content=\"Arvioitu lukuaika\" \/>\n\t<meta name=\"twitter:data1\" content=\"2 minuuttia\" \/>\n<script type=\"application\/ld+json\" class=\"yoast-schema-graph\">{\"@context\":\"https:\/\/schema.org\",\"@graph\":[{\"@type\":\"WebPage\",\"@id\":\"https:\/\/xenonkungen.com\/produkt\/ledguardian-road-flare-signal-ta20\/\",\"url\":\"https:\/\/xenonkungen.com\/produkt\/ledguardian-road-flare-signal-ta20\/\",\"name\":\"LEDguardian\u00ae ROAD FLARE Signal TA20 - Xenonkungen\",\"isPartOf\":{\"@id\":\"https:\/\/xenonkungen.com\/#website\"},\"primaryImageOfPage\":{\"@id\":\"https:\/\/xenonkungen.com\/produkt\/ledguardian-road-flare-signal-ta20\/#primaryimage\"},\"image\":{\"@id\":\"https:\/\/xenonkungen.com\/produkt\/ledguardian-road-flare-signal-ta20\/#primaryimage\"},\"thumbnailUrl\":\"https:\/\/xenonkungen.com\/wp-content\/uploads\/2025\/04\/215221483-origpic-cffc5e.jpg\",\"datePublished\":\"2025-04-15T09:58:35+00:00\",\"dateModified\":\"2026-03-04T15:36:51+00:00\",\"breadcrumb\":{\"@id\":\"https:\/\/xenonkungen.com\/produkt\/ledguardian-road-flare-signal-ta20\/#breadcrumb\"},\"inLanguage\":\"fi\",\"potentialAction\":[{\"@type\":\"ReadAction\",\"target\":[\"https:\/\/xenonkungen.com\/produkt\/ledguardian-road-flare-signal-ta20\/\"]}]},{\"@type\":\"ImageObject\",\"inLanguage\":\"fi\",\"@id\":\"https:\/\/xenonkungen.com\/produkt\/ledguardian-road-flare-signal-ta20\/#primaryimage\",\"url\":\"https:\/\/xenonkungen.com\/wp-content\/uploads\/2025\/04\/215221483-origpic-cffc5e.jpg\",\"contentUrl\":\"https:\/\/xenonkungen.com\/wp-content\/uploads\/2025\/04\/215221483-origpic-cffc5e.jpg\",\"width\":736,\"height\":770},{\"@type\":\"BreadcrumbList\",\"@id\":\"https:\/\/xenonkungen.com\/produkt\/ledguardian-road-flare-signal-ta20\/#breadcrumb\",\"itemListElement\":[{\"@type\":\"ListItem\",\"position\":1,\"name\":\"Hem\",\"item\":\"https:\/\/xenonkungen.com\/\"},{\"@type\":\"ListItem\",\"position\":2,\"name\":\"Shop\",\"item\":\"https:\/\/xenonkungen.com\/shop\/\"},{\"@type\":\"ListItem\",\"position\":3,\"name\":\"LEDguardian\u00ae ROAD FLARE Signal TA20\"}]},{\"@type\":\"WebSite\",\"@id\":\"https:\/\/xenonkungen.com\/#website\",\"url\":\"https:\/\/xenonkungen.com\/\",\"name\":\"Xenonkungen\",\"description\":\"\",\"potentialAction\":[{\"@type\":\"SearchAction\",\"target\":{\"@type\":\"EntryPoint\",\"urlTemplate\":\"https:\/\/xenonkungen.com\/?s={search_term_string}\"},\"query-input\":{\"@type\":\"PropertyValueSpecification\",\"valueRequired\":true,\"valueName\":\"search_term_string\"}}],\"inLanguage\":\"fi\"}]}<\/script>\n<!-- \/ Yoast SEO plugin. -->","yoast_head_json":{"title":"LEDguardian\u00ae ROAD FLARE Signal TA20 - Ksenonlamppujen kuningas","robots":{"index":"index","follow":"follow","max-snippet":"max-snippet:-1","max-image-preview":"max-image-preview:large","max-video-preview":"max-video-preview:-1"},"canonical":"https:\/\/xenonkungen.com\/fi\/tuote\/ledguardian-tieliikennemerkki-ta20\/","og_locale":"fi_FI","og_type":"article","og_title":"LEDguardian\u00ae ROAD FLARE Signal TA20 - Xenonkungen","og_description":"Ljus \u00e4r s\u00e4kerhet, och med OSRAM f\u00e5r du den trygghet du beh\u00f6ver p\u00e5 v\u00e4gen. Oavsett om du k\u00f6r genom m\u00f6rka landskap eller i t\u00e4t trafik, \u00e4r det avg\u00f6rande att b\u00e5de se och bli sedd. OSRAM innovativa belysningsl\u00f6sningar garanterar inte bara optimal synlighet, utan ocks\u00e5 \u00f6kad s\u00e4kerhet f\u00f6r dig och dina medtrafikanter. Investera i kvalitet, investera i s\u00e4kerhet \u2013 v\u00e4lj OSRAM f\u00f6r att lysa upp v\u00e4gen och s\u00e4kerst\u00e4lla att du alltid \u00e4r synlig.","og_url":"https:\/\/xenonkungen.com\/fi\/tuote\/ledguardian-tieliikennemerkki-ta20\/","og_site_name":"Xenonkungen","article_modified_time":"2026-03-04T15:36:51+00:00","og_image":[{"width":736,"height":770,"url":"https:\/\/xenonkungen.com\/wp-content\/uploads\/2025\/04\/215221483-origpic-cffc5e.jpg","type":"image\/jpeg"}],"twitter_card":"summary_large_image","twitter_misc":{"Arvioitu lukuaika":"2 minuuttia"},"schema":{"@context":"https:\/\/schema.org","@graph":[{"@type":"WebPage","@id":"https:\/\/xenonkungen.com\/produkt\/ledguardian-road-flare-signal-ta20\/","url":"https:\/\/xenonkungen.com\/produkt\/ledguardian-road-flare-signal-ta20\/","name":"LEDguardian\u00ae ROAD FLARE Signal TA20 - Ksenonlamppujen kuningas","isPartOf":{"@id":"https:\/\/xenonkungen.com\/#website"},"primaryImageOfPage":{"@id":"https:\/\/xenonkungen.com\/produkt\/ledguardian-road-flare-signal-ta20\/#primaryimage"},"image":{"@id":"https:\/\/xenonkungen.com\/produkt\/ledguardian-road-flare-signal-ta20\/#primaryimage"},"thumbnailUrl":"https:\/\/xenonkungen.com\/wp-content\/uploads\/2025\/04\/215221483-origpic-cffc5e.jpg","datePublished":"2025-04-15T09:58:35+00:00","dateModified":"2026-03-04T15:36:51+00:00","breadcrumb":{"@id":"https:\/\/xenonkungen.com\/produkt\/ledguardian-road-flare-signal-ta20\/#breadcrumb"},"inLanguage":"fi","potentialAction":[{"@type":"ReadAction","target":["https:\/\/xenonkungen.com\/produkt\/ledguardian-road-flare-signal-ta20\/"]}]},{"@type":"ImageObject","inLanguage":"fi","@id":"https:\/\/xenonkungen.com\/produkt\/ledguardian-road-flare-signal-ta20\/#primaryimage","url":"https:\/\/xenonkungen.com\/wp-content\/uploads\/2025\/04\/215221483-origpic-cffc5e.jpg","contentUrl":"https:\/\/xenonkungen.com\/wp-content\/uploads\/2025\/04\/215221483-origpic-cffc5e.jpg","width":736,"height":770},{"@type":"BreadcrumbList","@id":"https:\/\/xenonkungen.com\/produkt\/ledguardian-road-flare-signal-ta20\/#breadcrumb","itemListElement":[{"@type":"ListItem","position":1,"name":"Hem","item":"https:\/\/xenonkungen.com\/"},{"@type":"ListItem","position":2,"name":"Shop","item":"https:\/\/xenonkungen.com\/shop\/"},{"@type":"ListItem","position":3,"name":"LEDguardian\u00ae ROAD FLARE Signal TA20"}]},{"@type":"WebSite","@id":"https:\/\/xenonkungen.com\/#website","url":"https:\/\/xenonkungen.com\/","name":"Xenonkungen","description":"","potentialAction":[{"@type":"SearchAction","target":{"@type":"EntryPoint","urlTemplate":"https:\/\/xenonkungen.com\/?s={search_term_string}"},"query-input":{"@type":"PropertyValueSpecification","valueRequired":true,"valueName":"search_term_string"}}],"inLanguage":"fi"}]}},"taxonomy_info":{"product_brand":[{"value":108,"label":"OSRAM"}],"product_cat":[{"value":2554,"label":"Portabla varningsljus"},{"value":1061,"label":"Varningsljus"}],"pa_fargtemperatur":[{"value":1986,"label":"Amber 1900K"}],"pa_fuktskydd-varde-ipxx":[{"value":1318,"label":"IP54"}],"pa_storlek-mm":[{"value":1985,"label":"73x91x91"}],"pa_volt-v":[{"value":1987,"label":"5"}]},"featured_image_src_large":["https:\/\/xenonkungen.com\/wp-content\/uploads\/2025\/04\/215221483-origpic-cffc5e.jpg",736,770,false],"author_info":[],"comment_info":0,"_links":{"self":[{"href":"https:\/\/xenonkungen.com\/fi\/wp-json\/wp\/v2\/product\/7686","targetHints":{"allow":["GET"]}}],"collection":[{"href":"https:\/\/xenonkungen.com\/fi\/wp-json\/wp\/v2\/product"}],"about":[{"href":"https:\/\/xenonkungen.com\/fi\/wp-json\/wp\/v2\/types\/product"}],"replies":[{"embeddable":true,"href":"https:\/\/xenonkungen.com\/fi\/wp-json\/wp\/v2\/comments?post=7686"}],"wp:featuredmedia":[{"embeddable":true,"href":"https:\/\/xenonkungen.com\/fi\/wp-json\/wp\/v2\/media\/7687"}],"wp:attachment":[{"href":"https:\/\/xenonkungen.com\/fi\/wp-json\/wp\/v2\/media?parent=7686"}],"wp:term":[{"taxonomy":"anvandningsomrade","embeddable":true,"href":"https:\/\/xenonkungen.com\/fi\/wp-json\/wp\/v2\/anvandningsomrade?post=7686"},{"taxonomy":"bilmarken","embeddable":true,"href":"https:\/\/xenonkungen.com\/fi\/wp-json\/wp\/v2\/bilmarken?post=7686"},{"taxonomy":"product_brand","embeddable":true,"href":"https:\/\/xenonkungen.com\/fi\/wp-json\/wp\/v2\/product_brand?post=7686"},{"taxonomy":"product_cat","embeddable":true,"href":"https:\/\/xenonkungen.com\/fi\/wp-json\/wp\/v2\/product_cat?post=7686"},{"taxonomy":"product_tag","embeddable":true,"href":"https:\/\/xenonkungen.com\/fi\/wp-json\/wp\/v2\/product_tag?post=7686"}],"curies":[{"name":"wp","href":"https:\/\/api.w.org\/{rel}","templated":true}]}}