{"id":7718,"date":"2025-04-15T09:58:35","date_gmt":"2025-04-15T09:58:35","guid":{"rendered":"https:\/\/xenonkungen.com\/product\/ledriving-kablage-3-meter-dt-kontakt\/"},"modified":"2026-04-24T17:42:43","modified_gmt":"2026-04-24T16:42:43","slug":"led-ajokaapeli-3-metria-dt-liitin","status":"publish","type":"product","link":"https:\/\/xenonkungen.com\/fi\/tuote\/led-ajokaapeli-3-metria-dt-liitin\/","title":{"rendered":"LEDriving\u00ae Johdinsarja 3 metri\u00e4 DT-liitin"},"content":{"rendered":"<h1>Tutustu OSRAM LEDriving Professional Series PX -sarjaan \u2013 T\u00e4ydellinen valaistus ammattilaisten tarpeisiin<\/h1>\n<p>OSRAM LEDriving Professional Series PX -ty\u00f6valojen ansiosta saat nyt juuri oikean valaistuksen erilaisiin ammattiteht\u00e4viin ja sovelluksiin. N\u00e4m\u00e4 ty\u00f6valot voidaan asentaa kolmella eri tavalla: suoraan asennukseen, joustavaan vakioasennukseen ja eritt\u00e4in raskaaseen k\u00e4ytt\u00f6\u00f6n. Erityisesti suunniteltujen asennussarjojen ja koko OSRAM LEDriving -sarjan kanssa yhteensopivan LEDriving-liit\u00e4nt\u00e4kaapelin 300 DT AX avulla asennus on helppoa ja sujuvaa.<\/p>\n<h2>Joustava asennus kaikkiin ajoneuvoihin<\/h2>\n<p>LEDriving Connection Cable 300 DT AX sopii sek\u00e4 12 V:n ett\u00e4 24 V:n ajoneuvoihin ja tarjoaa nopean liit\u00e4nn\u00e4n virtal\u00e4hteeseen lis\u00e4- ja ty\u00f6valojen asentamista varten. Puhtaiden kuparijohtimien ja reilun 3 metrin pituisen kaapelin ansiosta voit asentaa sopivan valaistuksen my\u00f6s suuriin ajoneuvoihin.<\/p>\n<h2>Mielenrauhaa OSRAMin takuulla<\/h2>\n<p>OSRAMilla arvostamme laatua ja kest\u00e4vyytt\u00e4. Siksi tarjoamme kahden vuoden takuun kaikille tuotteillemme, my\u00f6s LEDriving Professional Series PX -lampuille.<\/p>","protected":false},"excerpt":{"rendered":"<p>&quot;LEDriving\u00ae-johtosarja 3 metrin DT-liittimell\u00e4 nyt saatavilla verkkokaupastamme! T\u00e4ydellinen LEDriving\u00ae-valojen helppoon kytkemiseen autoosi. Johtosarja on valmistettu korkealaatuisesta materiaalista ja riitt\u00e4\u00e4 useimpiin asennuksiin. Tilaa johtosarjasi jo t\u00e4n\u00e4\u00e4n ja anna autollesi upea LED-ilme!&quot;<\/p>","protected":false},"featured_media":7719,"comment_status":"closed","ping_status":"open","template":"","meta":{"_acf_changed":false,"_smort_price_nok":"288","_smort_price_dkk":"183","_smort_price_eur":"24.54","_smort_sale_price_nok":"","_smort_sale_price_dkk":"","_smort_sale_price_eur":"","smort_restorder":"","shipmondo_restorder":"","_kad_blocks_custom_css":"","_kad_blocks_head_custom_js":"","_kad_blocks_body_custom_js":"","_kad_blocks_footer_custom_js":"","smort_custom_pricelist_1":"172.8","smort_custom_pricelist_2":"162","smort_custom_pricelist_3":"153.9","smort_custom_pricelist_4":"216","smort_custom_pricelist_5":"160.82"},"anvandningsomrade":[],"bilmarken":[],"product_brand":[108],"product_cat":[2841,2488,2491,2489,2490,390],"product_tag":[],"class_list":{"0":"post-7718","1":"product","2":"type-product","3":"status-publish","4":"has-post-thumbnail","6":"product_brand-osram","7":"product_cat-installation-extraljus","8":"product_cat-relasats-arbetsbelysning","9":"product_cat-relasats","10":"product_cat-relasats-extraljus","11":"product_cat-relasats-2","12":"product_cat-installation","13":"pa_storlek-mm-1573","14":"pa_volt-v-12-24","16":"first","17":"onbackorder","18":"taxable","19":"shipping-taxable","20":"purchasable","21":"product-type-simple"},"bundled_by":[],"bundle_stock_status":"onbackorder","bundle_stock_quantity":0,"bundle_virtual":false,"bundle_layout":"","bundle_add_to_cart_form_location":"","bundle_editable_in_cart":false,"bundle_sold_individually_context":"","bundle_item_grouping":"","bundle_min_size":"","bundle_max_size":"","bundle_price":[],"bundled_items":[],"bundle_sell_ids":[],"acf":[],"yoast_head":"<!-- This site is optimized with the Yoast SEO plugin v27.0 - https:\/\/yoast.com\/product\/yoast-seo-wordpress\/ -->\n<title>LEDriving\u00ae Kablage 3 meter DT kontakt - Xenonkungen<\/title>\n<meta name=\"robots\" content=\"index, follow, max-snippet:-1, max-image-preview:large, max-video-preview:-1\" \/>\n<link rel=\"canonical\" href=\"https:\/\/xenonkungen.com\/fi\/tuote\/led-ajokaapeli-3-metria-dt-liitin\/\" \/>\n<meta property=\"og:locale\" content=\"fi_FI\" \/>\n<meta property=\"og:type\" content=\"article\" \/>\n<meta property=\"og:title\" content=\"LEDriving\u00ae Kablage 3 meter DT kontakt - Xenonkungen\" \/>\n<meta property=\"og:description\" content=\"&quot;LEDriving\u00ae Kablage med 3 meter DT kontakt nu tillg\u00e4ngligt i v\u00e5r webbutik! Perfekt f\u00f6r att enkelt ansluta dina LEDriving\u00ae ljus till din bil. Kablaget \u00e4r tillverkat med h\u00f6gsta kvalitet och r\u00e4cker till de flesta installationer. Best\u00e4ll ditt kablage idag och ge din bil ett fantastiskt LED-utseende!&quot;\" \/>\n<meta property=\"og:url\" content=\"https:\/\/xenonkungen.com\/fi\/tuote\/led-ajokaapeli-3-metria-dt-liitin\/\" \/>\n<meta property=\"og:site_name\" content=\"Xenonkungen\" \/>\n<meta property=\"article:modified_time\" content=\"2026-04-24T16:42:43+00:00\" \/>\n<meta property=\"og:image\" content=\"https:\/\/xenonkungen.com\/wp-content\/uploads\/2025\/04\/201830737-origpic-d42ab2.jpg\" \/>\n\t<meta property=\"og:image:width\" content=\"900\" \/>\n\t<meta property=\"og:image:height\" content=\"900\" \/>\n\t<meta property=\"og:image:type\" content=\"image\/jpeg\" \/>\n<meta name=\"twitter:card\" content=\"summary_large_image\" \/>\n<meta name=\"twitter:label1\" content=\"Arvioitu lukuaika\" \/>\n\t<meta name=\"twitter:data1\" content=\"1 minuutti\" \/>\n<script type=\"application\/ld+json\" class=\"yoast-schema-graph\">{\"@context\":\"https:\/\/schema.org\",\"@graph\":[{\"@type\":\"WebPage\",\"@id\":\"https:\/\/xenonkungen.com\/produkt\/ledriving-kablage-3-meter-dt-kontakt\/\",\"url\":\"https:\/\/xenonkungen.com\/produkt\/ledriving-kablage-3-meter-dt-kontakt\/\",\"name\":\"LEDriving\u00ae Kablage 3 meter DT kontakt - Xenonkungen\",\"isPartOf\":{\"@id\":\"https:\/\/xenonkungen.com\/#website\"},\"primaryImageOfPage\":{\"@id\":\"https:\/\/xenonkungen.com\/produkt\/ledriving-kablage-3-meter-dt-kontakt\/#primaryimage\"},\"image\":{\"@id\":\"https:\/\/xenonkungen.com\/produkt\/ledriving-kablage-3-meter-dt-kontakt\/#primaryimage\"},\"thumbnailUrl\":\"https:\/\/xenonkungen.com\/wp-content\/uploads\/2025\/04\/201830737-origpic-d42ab2.jpg\",\"datePublished\":\"2025-04-15T09:58:35+00:00\",\"dateModified\":\"2026-04-24T16:42:43+00:00\",\"breadcrumb\":{\"@id\":\"https:\/\/xenonkungen.com\/produkt\/ledriving-kablage-3-meter-dt-kontakt\/#breadcrumb\"},\"inLanguage\":\"fi\",\"potentialAction\":[{\"@type\":\"ReadAction\",\"target\":[\"https:\/\/xenonkungen.com\/produkt\/ledriving-kablage-3-meter-dt-kontakt\/\"]}]},{\"@type\":\"ImageObject\",\"inLanguage\":\"fi\",\"@id\":\"https:\/\/xenonkungen.com\/produkt\/ledriving-kablage-3-meter-dt-kontakt\/#primaryimage\",\"url\":\"https:\/\/xenonkungen.com\/wp-content\/uploads\/2025\/04\/201830737-origpic-d42ab2.jpg\",\"contentUrl\":\"https:\/\/xenonkungen.com\/wp-content\/uploads\/2025\/04\/201830737-origpic-d42ab2.jpg\",\"width\":900,\"height\":900},{\"@type\":\"BreadcrumbList\",\"@id\":\"https:\/\/xenonkungen.com\/produkt\/ledriving-kablage-3-meter-dt-kontakt\/#breadcrumb\",\"itemListElement\":[{\"@type\":\"ListItem\",\"position\":1,\"name\":\"Hem\",\"item\":\"https:\/\/xenonkungen.com\/\"},{\"@type\":\"ListItem\",\"position\":2,\"name\":\"Shop\",\"item\":\"https:\/\/xenonkungen.com\/shop\/\"},{\"@type\":\"ListItem\",\"position\":3,\"name\":\"LEDriving\u00ae Kablage 3 meter DT kontakt\"}]},{\"@type\":\"WebSite\",\"@id\":\"https:\/\/xenonkungen.com\/#website\",\"url\":\"https:\/\/xenonkungen.com\/\",\"name\":\"Xenonkungen\",\"description\":\"\",\"potentialAction\":[{\"@type\":\"SearchAction\",\"target\":{\"@type\":\"EntryPoint\",\"urlTemplate\":\"https:\/\/xenonkungen.com\/?s={search_term_string}\"},\"query-input\":{\"@type\":\"PropertyValueSpecification\",\"valueRequired\":true,\"valueName\":\"search_term_string\"}}],\"inLanguage\":\"fi\"}]}<\/script>\n<!-- \/ Yoast SEO plugin. -->","yoast_head_json":{"title":"LEDriving\u00ae Wiring 3 metrin DT-liitin - Xenonkungen","robots":{"index":"index","follow":"follow","max-snippet":"max-snippet:-1","max-image-preview":"max-image-preview:large","max-video-preview":"max-video-preview:-1"},"canonical":"https:\/\/xenonkungen.com\/fi\/tuote\/led-ajokaapeli-3-metria-dt-liitin\/","og_locale":"fi_FI","og_type":"article","og_title":"LEDriving\u00ae Kablage 3 meter DT kontakt - Xenonkungen","og_description":"\"LEDriving\u00ae Kablage med 3 meter DT kontakt nu tillg\u00e4ngligt i v\u00e5r webbutik! Perfekt f\u00f6r att enkelt ansluta dina LEDriving\u00ae ljus till din bil. Kablaget \u00e4r tillverkat med h\u00f6gsta kvalitet och r\u00e4cker till de flesta installationer. Best\u00e4ll ditt kablage idag och ge din bil ett fantastiskt LED-utseende!\"","og_url":"https:\/\/xenonkungen.com\/fi\/tuote\/led-ajokaapeli-3-metria-dt-liitin\/","og_site_name":"Xenonkungen","article_modified_time":"2026-04-24T16:42:43+00:00","og_image":[{"width":900,"height":900,"url":"https:\/\/xenonkungen.com\/wp-content\/uploads\/2025\/04\/201830737-origpic-d42ab2.jpg","type":"image\/jpeg"}],"twitter_card":"summary_large_image","twitter_misc":{"Arvioitu lukuaika":"1 minuutti"},"schema":{"@context":"https:\/\/schema.org","@graph":[{"@type":"WebPage","@id":"https:\/\/xenonkungen.com\/produkt\/ledriving-kablage-3-meter-dt-kontakt\/","url":"https:\/\/xenonkungen.com\/produkt\/ledriving-kablage-3-meter-dt-kontakt\/","name":"LEDriving\u00ae Wiring 3 metrin DT-liitin - Xenonkungen","isPartOf":{"@id":"https:\/\/xenonkungen.com\/#website"},"primaryImageOfPage":{"@id":"https:\/\/xenonkungen.com\/produkt\/ledriving-kablage-3-meter-dt-kontakt\/#primaryimage"},"image":{"@id":"https:\/\/xenonkungen.com\/produkt\/ledriving-kablage-3-meter-dt-kontakt\/#primaryimage"},"thumbnailUrl":"https:\/\/xenonkungen.com\/wp-content\/uploads\/2025\/04\/201830737-origpic-d42ab2.jpg","datePublished":"2025-04-15T09:58:35+00:00","dateModified":"2026-04-24T16:42:43+00:00","breadcrumb":{"@id":"https:\/\/xenonkungen.com\/produkt\/ledriving-kablage-3-meter-dt-kontakt\/#breadcrumb"},"inLanguage":"fi","potentialAction":[{"@type":"ReadAction","target":["https:\/\/xenonkungen.com\/produkt\/ledriving-kablage-3-meter-dt-kontakt\/"]}]},{"@type":"ImageObject","inLanguage":"fi","@id":"https:\/\/xenonkungen.com\/produkt\/ledriving-kablage-3-meter-dt-kontakt\/#primaryimage","url":"https:\/\/xenonkungen.com\/wp-content\/uploads\/2025\/04\/201830737-origpic-d42ab2.jpg","contentUrl":"https:\/\/xenonkungen.com\/wp-content\/uploads\/2025\/04\/201830737-origpic-d42ab2.jpg","width":900,"height":900},{"@type":"BreadcrumbList","@id":"https:\/\/xenonkungen.com\/produkt\/ledriving-kablage-3-meter-dt-kontakt\/#breadcrumb","itemListElement":[{"@type":"ListItem","position":1,"name":"Hem","item":"https:\/\/xenonkungen.com\/"},{"@type":"ListItem","position":2,"name":"Shop","item":"https:\/\/xenonkungen.com\/shop\/"},{"@type":"ListItem","position":3,"name":"LEDriving\u00ae Kablage 3 meter DT kontakt"}]},{"@type":"WebSite","@id":"https:\/\/xenonkungen.com\/#website","url":"https:\/\/xenonkungen.com\/","name":"Xenonkungen","description":"","potentialAction":[{"@type":"SearchAction","target":{"@type":"EntryPoint","urlTemplate":"https:\/\/xenonkungen.com\/?s={search_term_string}"},"query-input":{"@type":"PropertyValueSpecification","valueRequired":true,"valueName":"search_term_string"}}],"inLanguage":"fi"}]}},"taxonomy_info":{"product_brand":[{"value":108,"label":"OSRAM"}],"product_cat":[{"value":2841,"label":"Installation extraljus"},{"value":2488,"label":"Rel\u00e4sats"},{"value":2491,"label":"Rel\u00e4sats"},{"value":2489,"label":"Rel\u00e4satser"},{"value":2490,"label":"Rel\u00e4satser"},{"value":390,"label":"Installation"}],"pa_storlek-mm":[{"value":1573,"label":"3000"}],"pa_volt-v":[{"value":348,"label":"12, 24"}]},"featured_image_src_large":["https:\/\/xenonkungen.com\/wp-content\/uploads\/2025\/04\/201830737-origpic-d42ab2.jpg",900,900,false],"author_info":[],"comment_info":0,"_links":{"self":[{"href":"https:\/\/xenonkungen.com\/fi\/wp-json\/wp\/v2\/product\/7718","targetHints":{"allow":["GET"]}}],"collection":[{"href":"https:\/\/xenonkungen.com\/fi\/wp-json\/wp\/v2\/product"}],"about":[{"href":"https:\/\/xenonkungen.com\/fi\/wp-json\/wp\/v2\/types\/product"}],"replies":[{"embeddable":true,"href":"https:\/\/xenonkungen.com\/fi\/wp-json\/wp\/v2\/comments?post=7718"}],"wp:featuredmedia":[{"embeddable":true,"href":"https:\/\/xenonkungen.com\/fi\/wp-json\/wp\/v2\/media\/7719"}],"wp:attachment":[{"href":"https:\/\/xenonkungen.com\/fi\/wp-json\/wp\/v2\/media?parent=7718"}],"wp:term":[{"taxonomy":"anvandningsomrade","embeddable":true,"href":"https:\/\/xenonkungen.com\/fi\/wp-json\/wp\/v2\/anvandningsomrade?post=7718"},{"taxonomy":"bilmarken","embeddable":true,"href":"https:\/\/xenonkungen.com\/fi\/wp-json\/wp\/v2\/bilmarken?post=7718"},{"taxonomy":"product_brand","embeddable":true,"href":"https:\/\/xenonkungen.com\/fi\/wp-json\/wp\/v2\/product_brand?post=7718"},{"taxonomy":"product_cat","embeddable":true,"href":"https:\/\/xenonkungen.com\/fi\/wp-json\/wp\/v2\/product_cat?post=7718"},{"taxonomy":"product_tag","embeddable":true,"href":"https:\/\/xenonkungen.com\/fi\/wp-json\/wp\/v2\/product_tag?post=7718"}],"curies":[{"name":"wp","href":"https:\/\/api.w.org\/{rel}","templated":true}]}}