{"id":7722,"date":"2025-04-15T09:58:58","date_gmt":"2025-04-15T09:58:58","guid":{"rendered":"https:\/\/xenonkungen.com\/product\/ledriving-monterings-kit-px-serien-heavy-duty\/"},"modified":"2026-04-24T17:42:42","modified_gmt":"2026-04-24T16:42:42","slug":"ledriving-asennussarja-px-sarja-raskaaseen-kayttoon","status":"publish","type":"product","link":"https:\/\/xenonkungen.com\/fi\/tuote\/ledriving-asennussarja-px-sarja-raskaaseen-kayttoon\/","title":{"rendered":"LEDriving\u00ae PX-sarjan asennussarja raskaaseen k\u00e4ytt\u00f6\u00f6n"},"content":{"rendered":"<h1>OSRAM LEDriving Professional Series PX: Optimaalinen ty\u00f6valaistus jokaiseen teht\u00e4v\u00e4\u00e4n<\/h1>\n<h2>Valitse oikea valaistus jokaiseen teht\u00e4v\u00e4\u00e4n OSRAMin avulla<\/h2>\n<p>OSRAM LEDriving Professional Series PX:n kattavan ty\u00f6valovalikoiman ansiosta voit nyt valita juuri tarvitsemasi valaistuksen erilaisiin ammattiteht\u00e4viin ja sovelluksiin. Lis\u00e4ksi n\u00e4m\u00e4 valot voidaan asentaa kolmella eri tavalla maksimaalisen joustavuuden takaamiseksi: suora asennus, joustava vakioasennus ja eritt\u00e4in vahva asennus.<\/p>\n<h2>Mukautetut asennussarjat ja DT-liitinkaapeli<\/h2>\n<p>OSRAM on kehitt\u00e4nyt erityisesti suunnitellut asennussarjat ja DT-liittimell\u00e4 varustetun kaapelin, jotta asennus olisi mahdollisimman helppoa ja sujuvaa.<\/p>\n<h2>LEDriving Heavy Duty -asennussarja PX<\/h2>\n<p>LEDriving Heavy Duty -asennussarja PX on yhteensopiva kaikkien OSRAM LEDriving Professional -sarjan PX-ty\u00f6valojen kanssa. Asennus on nopeaa ja helppoa, joten saat LEDriving Professional -sarjan PX-ty\u00f6valot k\u00e4ytt\u00f6\u00f6n hetkess\u00e4.<\/p>","protected":false},"excerpt":{"rendered":"<p>Ammattimainen valo ammattimaiseen ty\u00f6h\u00f6n<\/p>","protected":false},"featured_media":7723,"comment_status":"closed","ping_status":"open","template":"","meta":{"_acf_changed":false,"_smort_price_nok":"427","_smort_price_dkk":"271","_smort_price_eur":"36.36","_smort_sale_price_nok":"","_smort_sale_price_dkk":"","_smort_sale_price_eur":"","smort_restorder":"","shipmondo_restorder":"","_kad_blocks_custom_css":"","_kad_blocks_head_custom_js":"","_kad_blocks_body_custom_js":"","_kad_blocks_footer_custom_js":"","smort_custom_pricelist_1":"256","smort_custom_pricelist_2":"240","smort_custom_pricelist_3":"228","smort_custom_pricelist_4":"320","smort_custom_pricelist_5":"238.25"},"anvandningsomrade":[],"bilmarken":[],"product_brand":[108],"product_cat":[2841,390],"product_tag":[],"class_list":{"0":"post-7722","1":"product","2":"type-product","3":"status-publish","4":"has-post-thumbnail","6":"product_brand-osram","7":"product_cat-installation-extraljus","8":"product_cat-installation","10":"first","11":"onbackorder","12":"taxable","13":"shipping-taxable","14":"purchasable","15":"product-type-simple"},"bundled_by":[],"bundle_stock_status":"onbackorder","bundle_stock_quantity":0,"bundle_virtual":false,"bundle_layout":"","bundle_add_to_cart_form_location":"","bundle_editable_in_cart":false,"bundle_sold_individually_context":"","bundle_item_grouping":"","bundle_min_size":"","bundle_max_size":"","bundle_price":[],"bundled_items":[],"bundle_sell_ids":[],"acf":[],"yoast_head":"<!-- This site is optimized with the Yoast SEO plugin v27.0 - https:\/\/yoast.com\/product\/yoast-seo-wordpress\/ -->\n<title>LEDriving\u00ae Monterings Kit PX-serien Heavy Duty - Xenonkungen<\/title>\n<meta name=\"robots\" content=\"index, follow, max-snippet:-1, max-image-preview:large, max-video-preview:-1\" \/>\n<link rel=\"canonical\" href=\"https:\/\/xenonkungen.com\/fi\/tuote\/ledriving-asennussarja-px-sarja-raskaaseen-kayttoon\/\" \/>\n<meta property=\"og:locale\" content=\"fi_FI\" \/>\n<meta property=\"og:type\" content=\"article\" \/>\n<meta property=\"og:title\" content=\"LEDriving\u00ae Monterings Kit PX-serien Heavy Duty - Xenonkungen\" \/>\n<meta property=\"og:description\" content=\"Professionellt ljus f\u00f6r professionellt arbete\" \/>\n<meta property=\"og:url\" content=\"https:\/\/xenonkungen.com\/fi\/tuote\/ledriving-asennussarja-px-sarja-raskaaseen-kayttoon\/\" \/>\n<meta property=\"og:site_name\" content=\"Xenonkungen\" \/>\n<meta property=\"article:modified_time\" content=\"2026-04-24T16:42:42+00:00\" \/>\n<meta property=\"og:image\" content=\"https:\/\/xenonkungen.com\/wp-content\/uploads\/2025\/04\/201830735-origpic-66cb53.jpg\" \/>\n\t<meta property=\"og:image:width\" content=\"900\" \/>\n\t<meta property=\"og:image:height\" content=\"900\" \/>\n\t<meta property=\"og:image:type\" content=\"image\/jpeg\" \/>\n<meta name=\"twitter:card\" content=\"summary_large_image\" \/>\n<meta name=\"twitter:label1\" content=\"Arvioitu lukuaika\" \/>\n\t<meta name=\"twitter:data1\" content=\"1 minuutti\" \/>\n<script type=\"application\/ld+json\" class=\"yoast-schema-graph\">{\"@context\":\"https:\/\/schema.org\",\"@graph\":[{\"@type\":\"WebPage\",\"@id\":\"https:\/\/xenonkungen.com\/produkt\/ledriving-monterings-kit-px-serien-heavy-duty\/\",\"url\":\"https:\/\/xenonkungen.com\/produkt\/ledriving-monterings-kit-px-serien-heavy-duty\/\",\"name\":\"LEDriving\u00ae Monterings Kit PX-serien Heavy Duty - Xenonkungen\",\"isPartOf\":{\"@id\":\"https:\/\/xenonkungen.com\/#website\"},\"primaryImageOfPage\":{\"@id\":\"https:\/\/xenonkungen.com\/produkt\/ledriving-monterings-kit-px-serien-heavy-duty\/#primaryimage\"},\"image\":{\"@id\":\"https:\/\/xenonkungen.com\/produkt\/ledriving-monterings-kit-px-serien-heavy-duty\/#primaryimage\"},\"thumbnailUrl\":\"https:\/\/xenonkungen.com\/wp-content\/uploads\/2025\/04\/201830735-origpic-66cb53.jpg\",\"datePublished\":\"2025-04-15T09:58:58+00:00\",\"dateModified\":\"2026-04-24T16:42:42+00:00\",\"breadcrumb\":{\"@id\":\"https:\/\/xenonkungen.com\/produkt\/ledriving-monterings-kit-px-serien-heavy-duty\/#breadcrumb\"},\"inLanguage\":\"fi\",\"potentialAction\":[{\"@type\":\"ReadAction\",\"target\":[\"https:\/\/xenonkungen.com\/produkt\/ledriving-monterings-kit-px-serien-heavy-duty\/\"]}]},{\"@type\":\"ImageObject\",\"inLanguage\":\"fi\",\"@id\":\"https:\/\/xenonkungen.com\/produkt\/ledriving-monterings-kit-px-serien-heavy-duty\/#primaryimage\",\"url\":\"https:\/\/xenonkungen.com\/wp-content\/uploads\/2025\/04\/201830735-origpic-66cb53.jpg\",\"contentUrl\":\"https:\/\/xenonkungen.com\/wp-content\/uploads\/2025\/04\/201830735-origpic-66cb53.jpg\",\"width\":900,\"height\":900},{\"@type\":\"BreadcrumbList\",\"@id\":\"https:\/\/xenonkungen.com\/produkt\/ledriving-monterings-kit-px-serien-heavy-duty\/#breadcrumb\",\"itemListElement\":[{\"@type\":\"ListItem\",\"position\":1,\"name\":\"Hem\",\"item\":\"https:\/\/xenonkungen.com\/\"},{\"@type\":\"ListItem\",\"position\":2,\"name\":\"Shop\",\"item\":\"https:\/\/xenonkungen.com\/shop\/\"},{\"@type\":\"ListItem\",\"position\":3,\"name\":\"LEDriving\u00ae Monterings Kit PX-serien Heavy Duty\"}]},{\"@type\":\"WebSite\",\"@id\":\"https:\/\/xenonkungen.com\/#website\",\"url\":\"https:\/\/xenonkungen.com\/\",\"name\":\"Xenonkungen\",\"description\":\"\",\"potentialAction\":[{\"@type\":\"SearchAction\",\"target\":{\"@type\":\"EntryPoint\",\"urlTemplate\":\"https:\/\/xenonkungen.com\/?s={search_term_string}\"},\"query-input\":{\"@type\":\"PropertyValueSpecification\",\"valueRequired\":true,\"valueName\":\"search_term_string\"}}],\"inLanguage\":\"fi\"}]}<\/script>\n<!-- \/ Yoast SEO plugin. -->","yoast_head_json":{"title":"LEDriving\u00ae PX-sarjan kiinnityssarja raskaaseen k\u00e4ytt\u00f6\u00f6n - Xenon-kuningas","robots":{"index":"index","follow":"follow","max-snippet":"max-snippet:-1","max-image-preview":"max-image-preview:large","max-video-preview":"max-video-preview:-1"},"canonical":"https:\/\/xenonkungen.com\/fi\/tuote\/ledriving-asennussarja-px-sarja-raskaaseen-kayttoon\/","og_locale":"fi_FI","og_type":"article","og_title":"LEDriving\u00ae Monterings Kit PX-serien Heavy Duty - Xenonkungen","og_description":"Professionellt ljus f\u00f6r professionellt arbete","og_url":"https:\/\/xenonkungen.com\/fi\/tuote\/ledriving-asennussarja-px-sarja-raskaaseen-kayttoon\/","og_site_name":"Xenonkungen","article_modified_time":"2026-04-24T16:42:42+00:00","og_image":[{"width":900,"height":900,"url":"https:\/\/xenonkungen.com\/wp-content\/uploads\/2025\/04\/201830735-origpic-66cb53.jpg","type":"image\/jpeg"}],"twitter_card":"summary_large_image","twitter_misc":{"Arvioitu lukuaika":"1 minuutti"},"schema":{"@context":"https:\/\/schema.org","@graph":[{"@type":"WebPage","@id":"https:\/\/xenonkungen.com\/produkt\/ledriving-monterings-kit-px-serien-heavy-duty\/","url":"https:\/\/xenonkungen.com\/produkt\/ledriving-monterings-kit-px-serien-heavy-duty\/","name":"LEDriving\u00ae PX-sarjan kiinnityssarja raskaaseen k\u00e4ytt\u00f6\u00f6n - Xenon-kuningas","isPartOf":{"@id":"https:\/\/xenonkungen.com\/#website"},"primaryImageOfPage":{"@id":"https:\/\/xenonkungen.com\/produkt\/ledriving-monterings-kit-px-serien-heavy-duty\/#primaryimage"},"image":{"@id":"https:\/\/xenonkungen.com\/produkt\/ledriving-monterings-kit-px-serien-heavy-duty\/#primaryimage"},"thumbnailUrl":"https:\/\/xenonkungen.com\/wp-content\/uploads\/2025\/04\/201830735-origpic-66cb53.jpg","datePublished":"2025-04-15T09:58:58+00:00","dateModified":"2026-04-24T16:42:42+00:00","breadcrumb":{"@id":"https:\/\/xenonkungen.com\/produkt\/ledriving-monterings-kit-px-serien-heavy-duty\/#breadcrumb"},"inLanguage":"fi","potentialAction":[{"@type":"ReadAction","target":["https:\/\/xenonkungen.com\/produkt\/ledriving-monterings-kit-px-serien-heavy-duty\/"]}]},{"@type":"ImageObject","inLanguage":"fi","@id":"https:\/\/xenonkungen.com\/produkt\/ledriving-monterings-kit-px-serien-heavy-duty\/#primaryimage","url":"https:\/\/xenonkungen.com\/wp-content\/uploads\/2025\/04\/201830735-origpic-66cb53.jpg","contentUrl":"https:\/\/xenonkungen.com\/wp-content\/uploads\/2025\/04\/201830735-origpic-66cb53.jpg","width":900,"height":900},{"@type":"BreadcrumbList","@id":"https:\/\/xenonkungen.com\/produkt\/ledriving-monterings-kit-px-serien-heavy-duty\/#breadcrumb","itemListElement":[{"@type":"ListItem","position":1,"name":"Hem","item":"https:\/\/xenonkungen.com\/"},{"@type":"ListItem","position":2,"name":"Shop","item":"https:\/\/xenonkungen.com\/shop\/"},{"@type":"ListItem","position":3,"name":"LEDriving\u00ae Monterings Kit PX-serien Heavy Duty"}]},{"@type":"WebSite","@id":"https:\/\/xenonkungen.com\/#website","url":"https:\/\/xenonkungen.com\/","name":"Xenonkungen","description":"","potentialAction":[{"@type":"SearchAction","target":{"@type":"EntryPoint","urlTemplate":"https:\/\/xenonkungen.com\/?s={search_term_string}"},"query-input":{"@type":"PropertyValueSpecification","valueRequired":true,"valueName":"search_term_string"}}],"inLanguage":"fi"}]}},"taxonomy_info":{"product_brand":[{"value":108,"label":"OSRAM"}],"product_cat":[{"value":2841,"label":"Installation extraljus"},{"value":390,"label":"Installation"}]},"featured_image_src_large":["https:\/\/xenonkungen.com\/wp-content\/uploads\/2025\/04\/201830735-origpic-66cb53.jpg",900,900,false],"author_info":[],"comment_info":0,"_links":{"self":[{"href":"https:\/\/xenonkungen.com\/fi\/wp-json\/wp\/v2\/product\/7722","targetHints":{"allow":["GET"]}}],"collection":[{"href":"https:\/\/xenonkungen.com\/fi\/wp-json\/wp\/v2\/product"}],"about":[{"href":"https:\/\/xenonkungen.com\/fi\/wp-json\/wp\/v2\/types\/product"}],"replies":[{"embeddable":true,"href":"https:\/\/xenonkungen.com\/fi\/wp-json\/wp\/v2\/comments?post=7722"}],"wp:featuredmedia":[{"embeddable":true,"href":"https:\/\/xenonkungen.com\/fi\/wp-json\/wp\/v2\/media\/7723"}],"wp:attachment":[{"href":"https:\/\/xenonkungen.com\/fi\/wp-json\/wp\/v2\/media?parent=7722"}],"wp:term":[{"taxonomy":"anvandningsomrade","embeddable":true,"href":"https:\/\/xenonkungen.com\/fi\/wp-json\/wp\/v2\/anvandningsomrade?post=7722"},{"taxonomy":"bilmarken","embeddable":true,"href":"https:\/\/xenonkungen.com\/fi\/wp-json\/wp\/v2\/bilmarken?post=7722"},{"taxonomy":"product_brand","embeddable":true,"href":"https:\/\/xenonkungen.com\/fi\/wp-json\/wp\/v2\/product_brand?post=7722"},{"taxonomy":"product_cat","embeddable":true,"href":"https:\/\/xenonkungen.com\/fi\/wp-json\/wp\/v2\/product_cat?post=7722"},{"taxonomy":"product_tag","embeddable":true,"href":"https:\/\/xenonkungen.com\/fi\/wp-json\/wp\/v2\/product_tag?post=7722"}],"curies":[{"name":"wp","href":"https:\/\/api.w.org\/{rel}","templated":true}]}}