{"id":7727,"date":"2025-04-15T09:58:58","date_gmt":"2025-04-15T09:58:58","guid":{"rendered":"https:\/\/xenonkungen.com\/product\/ledriving-monterings-kit-px-serien\/"},"modified":"2026-04-24T17:42:41","modified_gmt":"2026-04-24T16:42:41","slug":"ledriving-asennussarja-px-sarja","status":"publish","type":"product","link":"https:\/\/xenonkungen.com\/fi\/tuote\/ledriving-asennussarja-px-sarja\/","title":{"rendered":"LEDriving\u00ae asennussarja PX-sarja"},"content":{"rendered":"<h1>OSRAM LEDriving Professional Series PX: Valaistusratkaisuja jokaiseen teht\u00e4v\u00e4\u00e4n<\/h1>\n<h2>Luo t\u00e4ydellinen ty\u00f6ymp\u00e4rist\u00f6 OSRAM-ty\u00f6valoilla<\/h2>\n<p>OSRAM LEDriving Professional Series PX -sarjan ty\u00f6valojen ansiosta sinulla on nyt mahdollisuus l\u00f6yt\u00e4\u00e4 juuri oikea valaistus monenlaisiin ammattiteht\u00e4viin ja sovelluksiin. Suorakiinnitysvaihtoehtojen, joustavien vakioasennusten ja eritt\u00e4in raskaaseen k\u00e4ytt\u00f6\u00f6n tarkoitettujen asennusvaihtoehtojen ansiosta n\u00e4m\u00e4 valot tarjoavat ratkaisuja jokaiseen tilanteeseen. Lis\u00e4ksi OSRAM on kehitt\u00e4nyt erityisesti suunnitellut asennussarjat ja DT-liit\u00e4nt\u00e4kaapelin helppoa asennusta varten.<\/p>\n<h2>LEDriving PX -kiinnityssarja eritt\u00e4in joustavaan asennukseen<\/h2>\n<p>LEDriving Mounting Kit PX on suunniteltu eritt\u00e4in joustavaan asennukseen ja se on yhteensopiva kaikkien OSRAM LEDriving -ty\u00f6valojen Professional Series PX -sarjan kanssa. Yhdell\u00e4 keskiruuvilla voit asentaa LEDriving-ty\u00f6valosi nopeasti ja helposti, mik\u00e4 tekee Professional Series PX -valaisimestasi entist\u00e4 k\u00e4yt\u00e4nn\u00f6llisemm\u00e4n. Kaikki asennussarjan osat on valmistettu ruostumattomasta ter\u00e4ksest\u00e4 ja niiden t\u00e4rin\u00e4nkest\u00e4vyys on v\u00e4hint\u00e4\u00e4n 8 g rms, joten ne sopivat erityisen hyvin p\u00e4ivitt\u00e4iseen k\u00e4ytt\u00f6\u00f6n ty\u00f6koneissa ja traktoreissa.<\/p>\n<h2>S\u00e4\u00e4d\u00e4 valaistusta haluamallasi tavalla<\/h2>\n<p>Jalustan s\u00e4\u00e4dett\u00e4v\u00e4n kallistuskulman (jopa +\/- 15 astetta) ja 360 asteen k\u00e4\u00e4ntymiskyvyn ansiosta voit suunnata ty\u00f6valosi juuri sinne, miss\u00e4 sit\u00e4 tarvitaan.<\/p>","protected":false},"excerpt":{"rendered":"<p>OSRAM LEDriving Professional Series PX: Belysningsl\u00f6sningar f\u00f6r Varje Arbetsuppgift Skapa den Perfekta Arbetsmilj\u00f6n med OSRAM Arbetsljus Tack vare arbetsljusen i serien OSRAM LEDriving Professional Series PX, har du nu m\u00f6jlighet att hitta exakt r\u00e4tt belysning f\u00f6r ett brett utbud av yrkesm\u00e4ssiga arbetsuppgifter och till\u00e4mpningar. Med alternativ f\u00f6r direktmontering, flexibel standardmontering och extra kraftig montering, erbjuder [&hellip;]<\/p>","protected":false},"featured_media":7728,"comment_status":"closed","ping_status":"open","template":"","meta":{"_acf_changed":false,"_smort_price_nok":"294","_smort_price_dkk":"187","_smort_price_eur":"25","_smort_sale_price_nok":"","_smort_sale_price_dkk":"","_smort_sale_price_eur":"","smort_restorder":"","shipmondo_restorder":"","_kad_blocks_custom_css":"","_kad_blocks_head_custom_js":"","_kad_blocks_body_custom_js":"","_kad_blocks_footer_custom_js":"","smort_custom_pricelist_1":"176","smort_custom_pricelist_2":"165","smort_custom_pricelist_3":"156.75","smort_custom_pricelist_4":"220","smort_custom_pricelist_5":"163.8"},"anvandningsomrade":[],"bilmarken":[],"product_brand":[108],"product_cat":[2841,390],"product_tag":[],"class_list":{"0":"post-7727","1":"product","2":"type-product","3":"status-publish","4":"has-post-thumbnail","6":"product_brand-osram","7":"product_cat-installation-extraljus","8":"product_cat-installation","10":"first","11":"onbackorder","12":"taxable","13":"shipping-taxable","14":"purchasable","15":"product-type-simple"},"bundled_by":[],"bundle_stock_status":"onbackorder","bundle_stock_quantity":0,"bundle_virtual":false,"bundle_layout":"","bundle_add_to_cart_form_location":"","bundle_editable_in_cart":false,"bundle_sold_individually_context":"","bundle_item_grouping":"","bundle_min_size":"","bundle_max_size":"","bundle_price":[],"bundled_items":[],"bundle_sell_ids":[],"acf":[],"yoast_head":"<!-- This site is optimized with the Yoast SEO plugin v27.0 - https:\/\/yoast.com\/product\/yoast-seo-wordpress\/ -->\n<title>LEDriving\u00ae Monterings Kit PX-serien - Xenonkungen<\/title>\n<meta name=\"robots\" content=\"index, follow, max-snippet:-1, max-image-preview:large, max-video-preview:-1\" \/>\n<link rel=\"canonical\" href=\"https:\/\/xenonkungen.com\/fi\/tuote\/ledriving-asennussarja-px-sarja\/\" \/>\n<meta property=\"og:locale\" content=\"fi_FI\" \/>\n<meta property=\"og:type\" content=\"article\" \/>\n<meta property=\"og:title\" content=\"LEDriving\u00ae Monterings Kit PX-serien - Xenonkungen\" \/>\n<meta property=\"og:description\" content=\"OSRAM LEDriving Professional Series PX: Belysningsl\u00f6sningar f\u00f6r Varje Arbetsuppgift Skapa den Perfekta Arbetsmilj\u00f6n med OSRAM Arbetsljus Tack vare arbetsljusen i serien OSRAM LEDriving Professional Series PX, har du nu m\u00f6jlighet att hitta exakt r\u00e4tt belysning f\u00f6r ett brett utbud av yrkesm\u00e4ssiga arbetsuppgifter och till\u00e4mpningar. Med alternativ f\u00f6r direktmontering, flexibel standardmontering och extra kraftig montering, erbjuder [&hellip;]\" \/>\n<meta property=\"og:url\" content=\"https:\/\/xenonkungen.com\/fi\/tuote\/ledriving-asennussarja-px-sarja\/\" \/>\n<meta property=\"og:site_name\" content=\"Xenonkungen\" \/>\n<meta property=\"article:modified_time\" content=\"2026-04-24T16:42:41+00:00\" \/>\n<meta property=\"og:image\" content=\"https:\/\/xenonkungen.com\/wp-content\/uploads\/2025\/04\/201830733-origpic-b7d57e.jpg\" \/>\n\t<meta property=\"og:image:width\" content=\"900\" \/>\n\t<meta property=\"og:image:height\" content=\"900\" \/>\n\t<meta property=\"og:image:type\" content=\"image\/jpeg\" \/>\n<meta name=\"twitter:card\" content=\"summary_large_image\" \/>\n<meta name=\"twitter:label1\" content=\"Arvioitu lukuaika\" \/>\n\t<meta name=\"twitter:data1\" content=\"1 minuutti\" \/>\n<script type=\"application\/ld+json\" class=\"yoast-schema-graph\">{\"@context\":\"https:\/\/schema.org\",\"@graph\":[{\"@type\":\"WebPage\",\"@id\":\"https:\/\/xenonkungen.com\/produkt\/ledriving-monterings-kit-px-serien\/\",\"url\":\"https:\/\/xenonkungen.com\/produkt\/ledriving-monterings-kit-px-serien\/\",\"name\":\"LEDriving\u00ae Monterings Kit PX-serien - Xenonkungen\",\"isPartOf\":{\"@id\":\"https:\/\/xenonkungen.com\/#website\"},\"primaryImageOfPage\":{\"@id\":\"https:\/\/xenonkungen.com\/produkt\/ledriving-monterings-kit-px-serien\/#primaryimage\"},\"image\":{\"@id\":\"https:\/\/xenonkungen.com\/produkt\/ledriving-monterings-kit-px-serien\/#primaryimage\"},\"thumbnailUrl\":\"https:\/\/xenonkungen.com\/wp-content\/uploads\/2025\/04\/201830733-origpic-b7d57e.jpg\",\"datePublished\":\"2025-04-15T09:58:58+00:00\",\"dateModified\":\"2026-04-24T16:42:41+00:00\",\"breadcrumb\":{\"@id\":\"https:\/\/xenonkungen.com\/produkt\/ledriving-monterings-kit-px-serien\/#breadcrumb\"},\"inLanguage\":\"fi\",\"potentialAction\":[{\"@type\":\"ReadAction\",\"target\":[\"https:\/\/xenonkungen.com\/produkt\/ledriving-monterings-kit-px-serien\/\"]}]},{\"@type\":\"ImageObject\",\"inLanguage\":\"fi\",\"@id\":\"https:\/\/xenonkungen.com\/produkt\/ledriving-monterings-kit-px-serien\/#primaryimage\",\"url\":\"https:\/\/xenonkungen.com\/wp-content\/uploads\/2025\/04\/201830733-origpic-b7d57e.jpg\",\"contentUrl\":\"https:\/\/xenonkungen.com\/wp-content\/uploads\/2025\/04\/201830733-origpic-b7d57e.jpg\",\"width\":900,\"height\":900},{\"@type\":\"BreadcrumbList\",\"@id\":\"https:\/\/xenonkungen.com\/produkt\/ledriving-monterings-kit-px-serien\/#breadcrumb\",\"itemListElement\":[{\"@type\":\"ListItem\",\"position\":1,\"name\":\"Hem\",\"item\":\"https:\/\/xenonkungen.com\/\"},{\"@type\":\"ListItem\",\"position\":2,\"name\":\"Shop\",\"item\":\"https:\/\/xenonkungen.com\/shop\/\"},{\"@type\":\"ListItem\",\"position\":3,\"name\":\"LEDriving\u00ae Monterings Kit PX-serien\"}]},{\"@type\":\"WebSite\",\"@id\":\"https:\/\/xenonkungen.com\/#website\",\"url\":\"https:\/\/xenonkungen.com\/\",\"name\":\"Xenonkungen\",\"description\":\"\",\"potentialAction\":[{\"@type\":\"SearchAction\",\"target\":{\"@type\":\"EntryPoint\",\"urlTemplate\":\"https:\/\/xenonkungen.com\/?s={search_term_string}\"},\"query-input\":{\"@type\":\"PropertyValueSpecification\",\"valueRequired\":true,\"valueName\":\"search_term_string\"}}],\"inLanguage\":\"fi\"}]}<\/script>\n<!-- \/ Yoast SEO plugin. -->","yoast_head_json":{"title":"LEDriving\u00ae PX-sarjan kiinnityssarja - Xenon King","robots":{"index":"index","follow":"follow","max-snippet":"max-snippet:-1","max-image-preview":"max-image-preview:large","max-video-preview":"max-video-preview:-1"},"canonical":"https:\/\/xenonkungen.com\/fi\/tuote\/ledriving-asennussarja-px-sarja\/","og_locale":"fi_FI","og_type":"article","og_title":"LEDriving\u00ae Monterings Kit PX-serien - Xenonkungen","og_description":"OSRAM LEDriving Professional Series PX: Belysningsl\u00f6sningar f\u00f6r Varje Arbetsuppgift Skapa den Perfekta Arbetsmilj\u00f6n med OSRAM Arbetsljus Tack vare arbetsljusen i serien OSRAM LEDriving Professional Series PX, har du nu m\u00f6jlighet att hitta exakt r\u00e4tt belysning f\u00f6r ett brett utbud av yrkesm\u00e4ssiga arbetsuppgifter och till\u00e4mpningar. Med alternativ f\u00f6r direktmontering, flexibel standardmontering och extra kraftig montering, erbjuder [&hellip;]","og_url":"https:\/\/xenonkungen.com\/fi\/tuote\/ledriving-asennussarja-px-sarja\/","og_site_name":"Xenonkungen","article_modified_time":"2026-04-24T16:42:41+00:00","og_image":[{"width":900,"height":900,"url":"https:\/\/xenonkungen.com\/wp-content\/uploads\/2025\/04\/201830733-origpic-b7d57e.jpg","type":"image\/jpeg"}],"twitter_card":"summary_large_image","twitter_misc":{"Arvioitu lukuaika":"1 minuutti"},"schema":{"@context":"https:\/\/schema.org","@graph":[{"@type":"WebPage","@id":"https:\/\/xenonkungen.com\/produkt\/ledriving-monterings-kit-px-serien\/","url":"https:\/\/xenonkungen.com\/produkt\/ledriving-monterings-kit-px-serien\/","name":"LEDriving\u00ae PX-sarjan kiinnityssarja - Xenon King","isPartOf":{"@id":"https:\/\/xenonkungen.com\/#website"},"primaryImageOfPage":{"@id":"https:\/\/xenonkungen.com\/produkt\/ledriving-monterings-kit-px-serien\/#primaryimage"},"image":{"@id":"https:\/\/xenonkungen.com\/produkt\/ledriving-monterings-kit-px-serien\/#primaryimage"},"thumbnailUrl":"https:\/\/xenonkungen.com\/wp-content\/uploads\/2025\/04\/201830733-origpic-b7d57e.jpg","datePublished":"2025-04-15T09:58:58+00:00","dateModified":"2026-04-24T16:42:41+00:00","breadcrumb":{"@id":"https:\/\/xenonkungen.com\/produkt\/ledriving-monterings-kit-px-serien\/#breadcrumb"},"inLanguage":"fi","potentialAction":[{"@type":"ReadAction","target":["https:\/\/xenonkungen.com\/produkt\/ledriving-monterings-kit-px-serien\/"]}]},{"@type":"ImageObject","inLanguage":"fi","@id":"https:\/\/xenonkungen.com\/produkt\/ledriving-monterings-kit-px-serien\/#primaryimage","url":"https:\/\/xenonkungen.com\/wp-content\/uploads\/2025\/04\/201830733-origpic-b7d57e.jpg","contentUrl":"https:\/\/xenonkungen.com\/wp-content\/uploads\/2025\/04\/201830733-origpic-b7d57e.jpg","width":900,"height":900},{"@type":"BreadcrumbList","@id":"https:\/\/xenonkungen.com\/produkt\/ledriving-monterings-kit-px-serien\/#breadcrumb","itemListElement":[{"@type":"ListItem","position":1,"name":"Hem","item":"https:\/\/xenonkungen.com\/"},{"@type":"ListItem","position":2,"name":"Shop","item":"https:\/\/xenonkungen.com\/shop\/"},{"@type":"ListItem","position":3,"name":"LEDriving\u00ae Monterings Kit PX-serien"}]},{"@type":"WebSite","@id":"https:\/\/xenonkungen.com\/#website","url":"https:\/\/xenonkungen.com\/","name":"Xenonkungen","description":"","potentialAction":[{"@type":"SearchAction","target":{"@type":"EntryPoint","urlTemplate":"https:\/\/xenonkungen.com\/?s={search_term_string}"},"query-input":{"@type":"PropertyValueSpecification","valueRequired":true,"valueName":"search_term_string"}}],"inLanguage":"fi"}]}},"taxonomy_info":{"product_brand":[{"value":108,"label":"OSRAM"}],"product_cat":[{"value":2841,"label":"Installation extraljus"},{"value":390,"label":"Installation"}]},"featured_image_src_large":["https:\/\/xenonkungen.com\/wp-content\/uploads\/2025\/04\/201830733-origpic-b7d57e.jpg",900,900,false],"author_info":[],"comment_info":0,"_links":{"self":[{"href":"https:\/\/xenonkungen.com\/fi\/wp-json\/wp\/v2\/product\/7727","targetHints":{"allow":["GET"]}}],"collection":[{"href":"https:\/\/xenonkungen.com\/fi\/wp-json\/wp\/v2\/product"}],"about":[{"href":"https:\/\/xenonkungen.com\/fi\/wp-json\/wp\/v2\/types\/product"}],"replies":[{"embeddable":true,"href":"https:\/\/xenonkungen.com\/fi\/wp-json\/wp\/v2\/comments?post=7727"}],"wp:featuredmedia":[{"embeddable":true,"href":"https:\/\/xenonkungen.com\/fi\/wp-json\/wp\/v2\/media\/7728"}],"wp:attachment":[{"href":"https:\/\/xenonkungen.com\/fi\/wp-json\/wp\/v2\/media?parent=7727"}],"wp:term":[{"taxonomy":"anvandningsomrade","embeddable":true,"href":"https:\/\/xenonkungen.com\/fi\/wp-json\/wp\/v2\/anvandningsomrade?post=7727"},{"taxonomy":"bilmarken","embeddable":true,"href":"https:\/\/xenonkungen.com\/fi\/wp-json\/wp\/v2\/bilmarken?post=7727"},{"taxonomy":"product_brand","embeddable":true,"href":"https:\/\/xenonkungen.com\/fi\/wp-json\/wp\/v2\/product_brand?post=7727"},{"taxonomy":"product_cat","embeddable":true,"href":"https:\/\/xenonkungen.com\/fi\/wp-json\/wp\/v2\/product_cat?post=7727"},{"taxonomy":"product_tag","embeddable":true,"href":"https:\/\/xenonkungen.com\/fi\/wp-json\/wp\/v2\/product_tag?post=7727"}],"curies":[{"name":"wp","href":"https:\/\/api.w.org\/{rel}","templated":true}]}}