{"id":7762,"date":"2025-04-15T09:59:25","date_gmt":"2025-04-15T09:59:25","guid":{"rendered":"https:\/\/xenonkungen.com\/product\/ledriving-arbetsljus-cube-px1500-ultra-wide\/"},"modified":"2025-12-10T14:49:21","modified_gmt":"2025-12-10T13:49:21","slug":"ledriving-tyovalo-cube-px1500-ultralevea","status":"publish","type":"product","link":"https:\/\/xenonkungen.com\/fi\/tuote\/ledriving-tyovalo-cube-px1500-ultralevea\/","title":{"rendered":"LEDriving\u00ae Cube PX1500 Ultra Wide ty\u00f6valo"},"content":{"rendered":"<h1>OSRAM LEDriving Professional -sarja PX: r\u00e4\u00e4t\u00e4l\u00f6ity ty\u00f6pistevalaistus ammattik\u00e4ytt\u00f6\u00f6n.<\/h1>\n<h2>R\u00e4\u00e4t\u00e4l\u00f6ity ty\u00f6tarpeisiisi<\/h2>\n<p>OSRAM LEDriving Professional Series PX -sarjan ty\u00f6valoista l\u00f6yd\u00e4t juuri oikean valaistuksen laajaan valikoimaan ammattimaisia teht\u00e4vi\u00e4 ja k\u00e4ytt\u00f6tarkoituksia. Modulaarinen sarja sis\u00e4lt\u00e4\u00e4 yhteens\u00e4 16 ty\u00f6valoa, joissa kaikissa on maksimaalinen optinen hy\u00f6tysuhde, vaikuttavuus ja tasainen valonjako. T\u00e4m\u00e4 sarja keskittyy ty\u00f6valojen t\u00e4rkeimpiin n\u00e4k\u00f6kohtiin: valaistukseen, suorituskykyyn, laatuun, muotoon, kest\u00e4vyyteen ja toimivuuteen, edist\u00e4en turvallisempia ty\u00f6olosuhteita sek\u00e4 sinulle ett\u00e4 muille.<\/p>\n<h2>Huipputehokas ja joustava<\/h2>\n<p>N\u00e4m\u00e4 tehokkaat valot tarjoavat t\u00e4ydellisen ja ajoneuvokohtaisen valaistuspaketin, joka voidaan r\u00e4\u00e4t\u00e4l\u00f6id\u00e4 yksil\u00f6llisiin tarpeisiisi. Ne sopivat sek\u00e4 12 V:n ett\u00e4 24 V:n ajoneuvoihin, ja niit\u00e4 on saatavana nelj\u00e4ll\u00e4 keilakuviolla (leve\u00e4, piste, laaja, ultralaaja) ja nelj\u00e4ll\u00e4 tehotasolla (1 500 lm, 2 500 lm, 3 500 lm, 4 500 lm) kullekin valolle. Lis\u00e4ksi saatavilla on kolme erilaista asennusvaihtoehtoa: suora asennus, joustava vakioasennus ja eritt\u00e4in vahva asennus.<\/p>\n<h2>Laadunvarmistus ja pitk\u00e4 k\u00e4ytt\u00f6ik\u00e4<\/h2>\n<p>OSRAM on kehitt\u00e4nyt erityisesti suunniteltuja asennussarjoja ja DT-liittimell\u00e4 varustetun kaapelin. Professional-sarja on validoitu korkeimpien IP- ja IK-suojausluokkien (IP6K8 ja IP6K9K) sek\u00e4 CISPR25-luokan 5 mukaisesti, ja se on suunniteltu t\u00e4ytt\u00e4m\u00e4\u00e4n autoteollisuuden korkeimmat alkuper\u00e4islaitestandardit ja -vaatimukset. OSRAMin 5 vuoden takuun ansiosta voit olla varma tuotteiden laadusta ja k\u00e4ytt\u00f6i\u00e4st\u00e4.<\/p>","protected":false},"excerpt":{"rendered":"<p>OSRAM LEDriving Professional Series PX tarjoaa optimaalisen valaistuksen erilaisiin ammattiteht\u00e4viin. Korkea suorituskyky, kest\u00e4vyys ja mukautuvuus luovat turvallisemmat ty\u00f6olosuhteet. N\u00e4m\u00e4 lamput sopivat sek\u00e4 12 V ett\u00e4 24 V ajoneuvoihin, ja niit\u00e4 on saatavana eri valokeiloilla ja tehotasoilla. OSRAM takaa korkean laadun ja tarjoaa 5 vuoden takuun.<\/p>","protected":false},"featured_media":7763,"comment_status":"closed","ping_status":"open","template":"","meta":{"_acf_changed":false,"_smort_price_nok":"1431","_smort_price_dkk":"909","_smort_price_eur":"121.81","_smort_sale_price_nok":"","_smort_sale_price_dkk":"","_smort_sale_price_eur":"","smort_restorder":"","shipmondo_restorder":"","_kad_blocks_custom_css":"","_kad_blocks_head_custom_js":"","_kad_blocks_body_custom_js":"","_kad_blocks_footer_custom_js":"","smort_custom_pricelist_1":"857.6","smort_custom_pricelist_2":"804","smort_custom_pricelist_3":"763.8","smort_custom_pricelist_4":"1072","smort_custom_pricelist_5":"798.13"},"anvandningsomrade":[],"bilmarken":[],"product_brand":[108],"product_cat":[2639,508],"product_tag":[],"class_list":{"0":"post-7762","1":"product","2":"type-product","3":"status-publish","4":"has-post-thumbnail","6":"product_brand-osram","7":"product_cat-osram-ledriving-arbetsbelysning","8":"product_cat-arbetsbelysning","9":"pa_fargtemperatur-1428","10":"pa_fuktskydd-varde-ipxx-ip6k8-ip6k9k","11":"pa_godkannande-ece-r10-cispr25-class-5-fcc-part-15b","12":"pa_lampsockel-kontakt-dt","13":"pa_led-chips-effekt-w-510","14":"pa_ljusbild-ultra-wide","15":"pa_storlek-mm-68x113x117","16":"pa_volt-v-12-24","18":"first","19":"onbackorder","20":"taxable","21":"shipping-taxable","22":"purchasable","23":"product-type-simple"},"bundled_by":[],"bundle_stock_status":"onbackorder","bundle_stock_quantity":0,"bundle_virtual":false,"bundle_layout":"","bundle_add_to_cart_form_location":"","bundle_editable_in_cart":false,"bundle_sold_individually_context":"","bundle_item_grouping":"","bundle_min_size":"","bundle_max_size":"","bundle_price":[],"bundled_items":[],"bundle_sell_ids":[],"acf":[],"yoast_head":"<!-- This site is optimized with the Yoast SEO plugin v27.0 - https:\/\/yoast.com\/product\/yoast-seo-wordpress\/ -->\n<title>LEDriving\u00ae Arbetsljus Cube PX1500 Ultra Wide - Xenonkungen<\/title>\n<meta name=\"robots\" content=\"index, follow, max-snippet:-1, max-image-preview:large, max-video-preview:-1\" \/>\n<link rel=\"canonical\" href=\"https:\/\/xenonkungen.com\/fi\/tuote\/ledriving-tyovalo-cube-px1500-ultralevea\/\" \/>\n<meta property=\"og:locale\" content=\"fi_FI\" \/>\n<meta property=\"og:type\" content=\"article\" \/>\n<meta property=\"og:title\" content=\"LEDriving\u00ae Arbetsljus Cube PX1500 Ultra Wide - Xenonkungen\" \/>\n<meta property=\"og:description\" content=\"OSRAM LEDriving Professional Series PX erbjuder optimal belysning f\u00f6r olika yrkesm\u00e4ssiga arbetsuppgifter. Med h\u00f6g prestanda, h\u00e5llbarhet och anpassningsbarhet skapas s\u00e4krare arbetsf\u00f6rh\u00e5llanden. Dessa lampor passar b\u00e5de 12 V- och 24 V-fordon och finns i olika str\u00e5lm\u00f6nster och effektniv\u00e5er. OSRAM garanterar h\u00f6g kvalitet och erbjuder 5 \u00e5rs garanti.\" \/>\n<meta property=\"og:url\" content=\"https:\/\/xenonkungen.com\/fi\/tuote\/ledriving-tyovalo-cube-px1500-ultralevea\/\" \/>\n<meta property=\"og:site_name\" content=\"Xenonkungen\" \/>\n<meta property=\"article:modified_time\" content=\"2025-12-10T13:49:21+00:00\" \/>\n<meta property=\"og:image\" content=\"https:\/\/xenonkungen.com\/wp-content\/uploads\/2025\/04\/201830725-origpic-b5d697.jpg\" \/>\n\t<meta property=\"og:image:width\" content=\"900\" \/>\n\t<meta property=\"og:image:height\" content=\"900\" \/>\n\t<meta property=\"og:image:type\" content=\"image\/jpeg\" \/>\n<meta name=\"twitter:card\" content=\"summary_large_image\" \/>\n<meta name=\"twitter:label1\" content=\"Arvioitu lukuaika\" \/>\n\t<meta name=\"twitter:data1\" content=\"1 minuutti\" \/>\n<script type=\"application\/ld+json\" class=\"yoast-schema-graph\">{\"@context\":\"https:\/\/schema.org\",\"@graph\":[{\"@type\":\"WebPage\",\"@id\":\"https:\/\/xenonkungen.com\/produkt\/ledriving-arbetsljus-cube-px1500-ultra-wide\/\",\"url\":\"https:\/\/xenonkungen.com\/produkt\/ledriving-arbetsljus-cube-px1500-ultra-wide\/\",\"name\":\"LEDriving\u00ae Arbetsljus Cube PX1500 Ultra Wide - Xenonkungen\",\"isPartOf\":{\"@id\":\"https:\/\/xenonkungen.com\/#website\"},\"primaryImageOfPage\":{\"@id\":\"https:\/\/xenonkungen.com\/produkt\/ledriving-arbetsljus-cube-px1500-ultra-wide\/#primaryimage\"},\"image\":{\"@id\":\"https:\/\/xenonkungen.com\/produkt\/ledriving-arbetsljus-cube-px1500-ultra-wide\/#primaryimage\"},\"thumbnailUrl\":\"https:\/\/xenonkungen.com\/wp-content\/uploads\/2025\/04\/201830725-origpic-b5d697.jpg\",\"datePublished\":\"2025-04-15T09:59:25+00:00\",\"dateModified\":\"2025-12-10T13:49:21+00:00\",\"breadcrumb\":{\"@id\":\"https:\/\/xenonkungen.com\/produkt\/ledriving-arbetsljus-cube-px1500-ultra-wide\/#breadcrumb\"},\"inLanguage\":\"fi\",\"potentialAction\":[{\"@type\":\"ReadAction\",\"target\":[\"https:\/\/xenonkungen.com\/produkt\/ledriving-arbetsljus-cube-px1500-ultra-wide\/\"]}]},{\"@type\":\"ImageObject\",\"inLanguage\":\"fi\",\"@id\":\"https:\/\/xenonkungen.com\/produkt\/ledriving-arbetsljus-cube-px1500-ultra-wide\/#primaryimage\",\"url\":\"https:\/\/xenonkungen.com\/wp-content\/uploads\/2025\/04\/201830725-origpic-b5d697.jpg\",\"contentUrl\":\"https:\/\/xenonkungen.com\/wp-content\/uploads\/2025\/04\/201830725-origpic-b5d697.jpg\",\"width\":900,\"height\":900},{\"@type\":\"BreadcrumbList\",\"@id\":\"https:\/\/xenonkungen.com\/produkt\/ledriving-arbetsljus-cube-px1500-ultra-wide\/#breadcrumb\",\"itemListElement\":[{\"@type\":\"ListItem\",\"position\":1,\"name\":\"Hem\",\"item\":\"https:\/\/xenonkungen.com\/\"},{\"@type\":\"ListItem\",\"position\":2,\"name\":\"Shop\",\"item\":\"https:\/\/xenonkungen.com\/shop\/\"},{\"@type\":\"ListItem\",\"position\":3,\"name\":\"LEDriving\u00ae Arbetsljus Cube PX1500 Ultra Wide\"}]},{\"@type\":\"WebSite\",\"@id\":\"https:\/\/xenonkungen.com\/#website\",\"url\":\"https:\/\/xenonkungen.com\/\",\"name\":\"Xenonkungen\",\"description\":\"\",\"potentialAction\":[{\"@type\":\"SearchAction\",\"target\":{\"@type\":\"EntryPoint\",\"urlTemplate\":\"https:\/\/xenonkungen.com\/?s={search_term_string}\"},\"query-input\":{\"@type\":\"PropertyValueSpecification\",\"valueRequired\":true,\"valueName\":\"search_term_string\"}}],\"inLanguage\":\"fi\"}]}<\/script>\n<!-- \/ Yoast SEO plugin. -->","yoast_head_json":{"title":"LEDriving\u00ae Work Light Cube PX1500 Ultra Wide - Xenon-valot","robots":{"index":"index","follow":"follow","max-snippet":"max-snippet:-1","max-image-preview":"max-image-preview:large","max-video-preview":"max-video-preview:-1"},"canonical":"https:\/\/xenonkungen.com\/fi\/tuote\/ledriving-tyovalo-cube-px1500-ultralevea\/","og_locale":"fi_FI","og_type":"article","og_title":"LEDriving\u00ae Arbetsljus Cube PX1500 Ultra Wide - Xenonkungen","og_description":"OSRAM LEDriving Professional Series PX erbjuder optimal belysning f\u00f6r olika yrkesm\u00e4ssiga arbetsuppgifter. Med h\u00f6g prestanda, h\u00e5llbarhet och anpassningsbarhet skapas s\u00e4krare arbetsf\u00f6rh\u00e5llanden. Dessa lampor passar b\u00e5de 12 V- och 24 V-fordon och finns i olika str\u00e5lm\u00f6nster och effektniv\u00e5er. OSRAM garanterar h\u00f6g kvalitet och erbjuder 5 \u00e5rs garanti.","og_url":"https:\/\/xenonkungen.com\/fi\/tuote\/ledriving-tyovalo-cube-px1500-ultralevea\/","og_site_name":"Xenonkungen","article_modified_time":"2025-12-10T13:49:21+00:00","og_image":[{"width":900,"height":900,"url":"https:\/\/xenonkungen.com\/wp-content\/uploads\/2025\/04\/201830725-origpic-b5d697.jpg","type":"image\/jpeg"}],"twitter_card":"summary_large_image","twitter_misc":{"Arvioitu lukuaika":"1 minuutti"},"schema":{"@context":"https:\/\/schema.org","@graph":[{"@type":"WebPage","@id":"https:\/\/xenonkungen.com\/produkt\/ledriving-arbetsljus-cube-px1500-ultra-wide\/","url":"https:\/\/xenonkungen.com\/produkt\/ledriving-arbetsljus-cube-px1500-ultra-wide\/","name":"LEDriving\u00ae Work Light Cube PX1500 Ultra Wide - Xenon-valot","isPartOf":{"@id":"https:\/\/xenonkungen.com\/#website"},"primaryImageOfPage":{"@id":"https:\/\/xenonkungen.com\/produkt\/ledriving-arbetsljus-cube-px1500-ultra-wide\/#primaryimage"},"image":{"@id":"https:\/\/xenonkungen.com\/produkt\/ledriving-arbetsljus-cube-px1500-ultra-wide\/#primaryimage"},"thumbnailUrl":"https:\/\/xenonkungen.com\/wp-content\/uploads\/2025\/04\/201830725-origpic-b5d697.jpg","datePublished":"2025-04-15T09:59:25+00:00","dateModified":"2025-12-10T13:49:21+00:00","breadcrumb":{"@id":"https:\/\/xenonkungen.com\/produkt\/ledriving-arbetsljus-cube-px1500-ultra-wide\/#breadcrumb"},"inLanguage":"fi","potentialAction":[{"@type":"ReadAction","target":["https:\/\/xenonkungen.com\/produkt\/ledriving-arbetsljus-cube-px1500-ultra-wide\/"]}]},{"@type":"ImageObject","inLanguage":"fi","@id":"https:\/\/xenonkungen.com\/produkt\/ledriving-arbetsljus-cube-px1500-ultra-wide\/#primaryimage","url":"https:\/\/xenonkungen.com\/wp-content\/uploads\/2025\/04\/201830725-origpic-b5d697.jpg","contentUrl":"https:\/\/xenonkungen.com\/wp-content\/uploads\/2025\/04\/201830725-origpic-b5d697.jpg","width":900,"height":900},{"@type":"BreadcrumbList","@id":"https:\/\/xenonkungen.com\/produkt\/ledriving-arbetsljus-cube-px1500-ultra-wide\/#breadcrumb","itemListElement":[{"@type":"ListItem","position":1,"name":"Hem","item":"https:\/\/xenonkungen.com\/"},{"@type":"ListItem","position":2,"name":"Shop","item":"https:\/\/xenonkungen.com\/shop\/"},{"@type":"ListItem","position":3,"name":"LEDriving\u00ae Arbetsljus Cube PX1500 Ultra Wide"}]},{"@type":"WebSite","@id":"https:\/\/xenonkungen.com\/#website","url":"https:\/\/xenonkungen.com\/","name":"Xenonkungen","description":"","potentialAction":[{"@type":"SearchAction","target":{"@type":"EntryPoint","urlTemplate":"https:\/\/xenonkungen.com\/?s={search_term_string}"},"query-input":{"@type":"PropertyValueSpecification","valueRequired":true,"valueName":"search_term_string"}}],"inLanguage":"fi"}]}},"taxonomy_info":{"product_brand":[{"value":108,"label":"OSRAM"}],"product_cat":[{"value":2639,"label":"OSRAM Ledriving"},{"value":508,"label":"Arbetsbelysning"}],"pa_fargtemperatur":[{"value":1428,"label":"6000"}],"pa_fuktskydd-varde-ipxx":[{"value":1996,"label":"IP6K8 IP6K9K"}],"pa_godkannande":[{"value":1997,"label":"ECE R10\/CISPR25\/CLASS 5\/FCC part 15b"}],"pa_lampsockel-kontakt":[{"value":329,"label":"DT"}],"pa_led-chips-effekt-w":[{"value":510,"label":"15"}],"pa_ljusbild":[{"value":1999,"label":"Ultra Wide"}],"pa_storlek-mm":[{"value":1995,"label":"68x113x117"}],"pa_volt-v":[{"value":348,"label":"12, 24"}]},"featured_image_src_large":["https:\/\/xenonkungen.com\/wp-content\/uploads\/2025\/04\/201830725-origpic-b5d697.jpg",900,900,false],"author_info":[],"comment_info":0,"_links":{"self":[{"href":"https:\/\/xenonkungen.com\/fi\/wp-json\/wp\/v2\/product\/7762","targetHints":{"allow":["GET"]}}],"collection":[{"href":"https:\/\/xenonkungen.com\/fi\/wp-json\/wp\/v2\/product"}],"about":[{"href":"https:\/\/xenonkungen.com\/fi\/wp-json\/wp\/v2\/types\/product"}],"replies":[{"embeddable":true,"href":"https:\/\/xenonkungen.com\/fi\/wp-json\/wp\/v2\/comments?post=7762"}],"wp:featuredmedia":[{"embeddable":true,"href":"https:\/\/xenonkungen.com\/fi\/wp-json\/wp\/v2\/media\/7763"}],"wp:attachment":[{"href":"https:\/\/xenonkungen.com\/fi\/wp-json\/wp\/v2\/media?parent=7762"}],"wp:term":[{"taxonomy":"anvandningsomrade","embeddable":true,"href":"https:\/\/xenonkungen.com\/fi\/wp-json\/wp\/v2\/anvandningsomrade?post=7762"},{"taxonomy":"bilmarken","embeddable":true,"href":"https:\/\/xenonkungen.com\/fi\/wp-json\/wp\/v2\/bilmarken?post=7762"},{"taxonomy":"product_brand","embeddable":true,"href":"https:\/\/xenonkungen.com\/fi\/wp-json\/wp\/v2\/product_brand?post=7762"},{"taxonomy":"product_cat","embeddable":true,"href":"https:\/\/xenonkungen.com\/fi\/wp-json\/wp\/v2\/product_cat?post=7762"},{"taxonomy":"product_tag","embeddable":true,"href":"https:\/\/xenonkungen.com\/fi\/wp-json\/wp\/v2\/product_tag?post=7762"}],"curies":[{"name":"wp","href":"https:\/\/api.w.org\/{rel}","templated":true}]}}