{"id":8032,"date":"2025-04-15T10:01:51","date_gmt":"2025-04-15T10:01:51","guid":{"rendered":"https:\/\/xenonkungen.com\/product\/ledinspect-wire-free-pro-600\/"},"modified":"2026-04-09T15:28:22","modified_gmt":"2026-04-09T14:28:22","slug":"ledinspect-langaton-pro-600","status":"publish","type":"product","link":"https:\/\/xenonkungen.com\/fi\/tuote\/ledinspect-langaton-pro-600\/","title":{"rendered":"LEDinspect WIRE-FREE PRO 600"},"content":{"rendered":"<section>\n<h2>LEDinspect WIRE-FREE PRO 600<\/h2>\n<p>Paras ratkaisu ammattilaisille, jotka arvostavat yksinkertaisuutta ja suorituskyky\u00e4. Langattomien tarkastusvalojemme avulla voit poistaa johtosotkun ja keskitty\u00e4 olennaiseen. Aseta valaisin vain innovatiiviselle magneettiselle latausalustalle, niin se latautuu nopeasti ja helposti ilman ylim\u00e4\u00e4r\u00e4isi\u00e4 vaiheita.<\/p>\n<p>T\u00e4m\u00e4 \u00e4lyk\u00e4s muotoilu varmistaa tehokkaan ja keskeytym\u00e4tt\u00f6m\u00e4n ty\u00f6p\u00e4iv\u00e4n. Koe mukavuus ja luotettavuus, jotka tekev\u00e4t ty\u00f6ss\u00e4si eron. <strong>LEDinspect WIRE-FREE PRO 600<\/strong> \u2013 jossa innovaatio kohtaa toiminnallisuuden ammattimaisen k\u00e4ytt\u00f6kokemuksen luomiseksi.<\/p>\n<p>","protected":false},"excerpt":{"rendered":"<p>LEDinspect WIRE-FREE PRO 600 on t\u00e4ydellinen tarkastusvalo ammattilaisille, jotka etsiv\u00e4t tehokkuutta ja yksinkertaisuutta. Langattoman latauksen magneettisen latausalustan kautta ansiosta se tarjoaa mukavuutta ja luotettavuutta, tehden ty\u00f6skentelyst\u00e4 sujuvaa ja keskeytym\u00e4t\u00f6nt\u00e4. Innovatiivinen teknologia kohtaa toiminnallisuuden.<\/p>","protected":false},"featured_media":8033,"comment_status":"closed","ping_status":"closed","template":"","meta":{"_acf_changed":false,"_smort_price_nok":"721","_smort_price_dkk":"607","_smort_price_eur":"81.36","_smort_sale_price_nok":"721","_smort_sale_price_dkk":"","_smort_sale_price_eur":"52.72","smort_restorder":"","shipmondo_restorder":"","_kad_blocks_custom_css":"","_kad_blocks_head_custom_js":"","_kad_blocks_body_custom_js":"","_kad_blocks_footer_custom_js":"","smort_custom_pricelist_1":"572.8","smort_custom_pricelist_2":"501.2","smort_custom_pricelist_3":"465.4","smort_custom_pricelist_4":"716","smort_custom_pricelist_5":"501.2"},"anvandningsomrade":[],"bilmarken":[],"product_brand":[108],"product_cat":[134,1402],"product_tag":[],"class_list":{"0":"post-8032","1":"product","2":"type-product","3":"status-publish","4":"has-post-thumbnail","6":"product_brand-osram","7":"product_cat-inspektionslampor","8":"product_cat-outlet","9":"pa_fargtemperatur-1459","10":"pa_godkannande-ce-emc-msds-rohs","11":"pa_led-chips-effekt-w-766","12":"pa_storlek-mm-45x205x55","13":"pa_volt-v-3-7","15":"first","16":"instock","17":"sale","18":"taxable","19":"shipping-taxable","20":"purchasable","21":"product-type-simple"},"bundled_by":[],"bundle_stock_status":"instock","bundle_stock_quantity":3,"bundle_virtual":false,"bundle_layout":"","bundle_add_to_cart_form_location":"","bundle_editable_in_cart":false,"bundle_sold_individually_context":"","bundle_item_grouping":"","bundle_min_size":"","bundle_max_size":"","bundle_price":[],"bundled_items":[],"bundle_sell_ids":[],"acf":[],"yoast_head":"<!-- This site is optimized with the Yoast SEO plugin v27.0 - https:\/\/yoast.com\/product\/yoast-seo-wordpress\/ -->\n<title>LEDinspect WIRE-FREE PRO 600 - Xenonkungen<\/title>\n<meta name=\"robots\" content=\"index, follow, max-snippet:-1, max-image-preview:large, max-video-preview:-1\" \/>\n<link rel=\"canonical\" href=\"https:\/\/xenonkungen.com\/fi\/tuote\/ledinspect-langaton-pro-600\/\" \/>\n<meta property=\"og:locale\" content=\"fi_FI\" \/>\n<meta property=\"og:type\" content=\"article\" \/>\n<meta property=\"og:title\" content=\"LEDinspect WIRE-FREE PRO 600 - Xenonkungen\" \/>\n<meta property=\"og:description\" content=\"LEDinspect WIRE-FREE PRO 600 \u00e4r den perfekta inspektionslampan f\u00f6r yrkespersoner som s\u00f6ker effektivitet och enkelhet. Med tr\u00e5dl\u00f6s laddning via en magnetisk laddningsplatta erbjuder den bekv\u00e4mlighet och p\u00e5litlighet, vilket g\u00f6r arbetet smidigt och oavbrutet. Innovativ teknik m\u00f6ter funktionalitet.\" \/>\n<meta property=\"og:url\" content=\"https:\/\/xenonkungen.com\/fi\/tuote\/ledinspect-langaton-pro-600\/\" \/>\n<meta property=\"og:site_name\" content=\"Xenonkungen\" \/>\n<meta property=\"article:modified_time\" content=\"2026-04-09T14:28:22+00:00\" \/>\n<meta property=\"og:image\" content=\"https:\/\/xenonkungen.com\/wp-content\/uploads\/2025\/04\/216174661-origpic-a4046a.jpg\" \/>\n\t<meta property=\"og:image:width\" content=\"1024\" \/>\n\t<meta property=\"og:image:height\" content=\"1024\" \/>\n\t<meta property=\"og:image:type\" content=\"image\/jpeg\" \/>\n<meta name=\"twitter:card\" content=\"summary_large_image\" \/>\n<script type=\"application\/ld+json\" class=\"yoast-schema-graph\">{\"@context\":\"https:\/\/schema.org\",\"@graph\":[{\"@type\":\"WebPage\",\"@id\":\"https:\/\/xenonkungen.com\/produkt\/ledinspect-wire-free-pro-600\/\",\"url\":\"https:\/\/xenonkungen.com\/produkt\/ledinspect-wire-free-pro-600\/\",\"name\":\"LEDinspect WIRE-FREE PRO 600 - Xenonkungen\",\"isPartOf\":{\"@id\":\"https:\/\/xenonkungen.com\/#website\"},\"primaryImageOfPage\":{\"@id\":\"https:\/\/xenonkungen.com\/produkt\/ledinspect-wire-free-pro-600\/#primaryimage\"},\"image\":{\"@id\":\"https:\/\/xenonkungen.com\/produkt\/ledinspect-wire-free-pro-600\/#primaryimage\"},\"thumbnailUrl\":\"https:\/\/xenonkungen.com\/wp-content\/uploads\/2025\/04\/216174661-origpic-a4046a.jpg\",\"datePublished\":\"2025-04-15T10:01:51+00:00\",\"dateModified\":\"2026-04-09T14:28:22+00:00\",\"breadcrumb\":{\"@id\":\"https:\/\/xenonkungen.com\/produkt\/ledinspect-wire-free-pro-600\/#breadcrumb\"},\"inLanguage\":\"fi\",\"potentialAction\":[{\"@type\":\"ReadAction\",\"target\":[\"https:\/\/xenonkungen.com\/produkt\/ledinspect-wire-free-pro-600\/\"]}]},{\"@type\":\"ImageObject\",\"inLanguage\":\"fi\",\"@id\":\"https:\/\/xenonkungen.com\/produkt\/ledinspect-wire-free-pro-600\/#primaryimage\",\"url\":\"https:\/\/xenonkungen.com\/wp-content\/uploads\/2025\/04\/216174661-origpic-a4046a.jpg\",\"contentUrl\":\"https:\/\/xenonkungen.com\/wp-content\/uploads\/2025\/04\/216174661-origpic-a4046a.jpg\",\"width\":1024,\"height\":1024},{\"@type\":\"BreadcrumbList\",\"@id\":\"https:\/\/xenonkungen.com\/produkt\/ledinspect-wire-free-pro-600\/#breadcrumb\",\"itemListElement\":[{\"@type\":\"ListItem\",\"position\":1,\"name\":\"Hem\",\"item\":\"https:\/\/xenonkungen.com\/\"},{\"@type\":\"ListItem\",\"position\":2,\"name\":\"Shop\",\"item\":\"https:\/\/xenonkungen.com\/shop\/\"},{\"@type\":\"ListItem\",\"position\":3,\"name\":\"LEDinspect WIRE-FREE PRO 600\"}]},{\"@type\":\"WebSite\",\"@id\":\"https:\/\/xenonkungen.com\/#website\",\"url\":\"https:\/\/xenonkungen.com\/\",\"name\":\"Xenonkungen\",\"description\":\"\",\"potentialAction\":[{\"@type\":\"SearchAction\",\"target\":{\"@type\":\"EntryPoint\",\"urlTemplate\":\"https:\/\/xenonkungen.com\/?s={search_term_string}\"},\"query-input\":{\"@type\":\"PropertyValueSpecification\",\"valueRequired\":true,\"valueName\":\"search_term_string\"}}],\"inLanguage\":\"fi\"}]}<\/script>\n<!-- \/ Yoast SEO plugin. -->","yoast_head_json":{"title":"LEDinspect WIRE-FREE PRO 600 - Ksenon-kuningas","robots":{"index":"index","follow":"follow","max-snippet":"max-snippet:-1","max-image-preview":"max-image-preview:large","max-video-preview":"max-video-preview:-1"},"canonical":"https:\/\/xenonkungen.com\/fi\/tuote\/ledinspect-langaton-pro-600\/","og_locale":"fi_FI","og_type":"article","og_title":"LEDinspect WIRE-FREE PRO 600 - Xenonkungen","og_description":"LEDinspect WIRE-FREE PRO 600 \u00e4r den perfekta inspektionslampan f\u00f6r yrkespersoner som s\u00f6ker effektivitet och enkelhet. Med tr\u00e5dl\u00f6s laddning via en magnetisk laddningsplatta erbjuder den bekv\u00e4mlighet och p\u00e5litlighet, vilket g\u00f6r arbetet smidigt och oavbrutet. Innovativ teknik m\u00f6ter funktionalitet.","og_url":"https:\/\/xenonkungen.com\/fi\/tuote\/ledinspect-langaton-pro-600\/","og_site_name":"Xenonkungen","article_modified_time":"2026-04-09T14:28:22+00:00","og_image":[{"width":1024,"height":1024,"url":"https:\/\/xenonkungen.com\/wp-content\/uploads\/2025\/04\/216174661-origpic-a4046a.jpg","type":"image\/jpeg"}],"twitter_card":"summary_large_image","schema":{"@context":"https:\/\/schema.org","@graph":[{"@type":"WebPage","@id":"https:\/\/xenonkungen.com\/produkt\/ledinspect-wire-free-pro-600\/","url":"https:\/\/xenonkungen.com\/produkt\/ledinspect-wire-free-pro-600\/","name":"LEDinspect WIRE-FREE PRO 600 - Ksenon-kuningas","isPartOf":{"@id":"https:\/\/xenonkungen.com\/#website"},"primaryImageOfPage":{"@id":"https:\/\/xenonkungen.com\/produkt\/ledinspect-wire-free-pro-600\/#primaryimage"},"image":{"@id":"https:\/\/xenonkungen.com\/produkt\/ledinspect-wire-free-pro-600\/#primaryimage"},"thumbnailUrl":"https:\/\/xenonkungen.com\/wp-content\/uploads\/2025\/04\/216174661-origpic-a4046a.jpg","datePublished":"2025-04-15T10:01:51+00:00","dateModified":"2026-04-09T14:28:22+00:00","breadcrumb":{"@id":"https:\/\/xenonkungen.com\/produkt\/ledinspect-wire-free-pro-600\/#breadcrumb"},"inLanguage":"fi","potentialAction":[{"@type":"ReadAction","target":["https:\/\/xenonkungen.com\/produkt\/ledinspect-wire-free-pro-600\/"]}]},{"@type":"ImageObject","inLanguage":"fi","@id":"https:\/\/xenonkungen.com\/produkt\/ledinspect-wire-free-pro-600\/#primaryimage","url":"https:\/\/xenonkungen.com\/wp-content\/uploads\/2025\/04\/216174661-origpic-a4046a.jpg","contentUrl":"https:\/\/xenonkungen.com\/wp-content\/uploads\/2025\/04\/216174661-origpic-a4046a.jpg","width":1024,"height":1024},{"@type":"BreadcrumbList","@id":"https:\/\/xenonkungen.com\/produkt\/ledinspect-wire-free-pro-600\/#breadcrumb","itemListElement":[{"@type":"ListItem","position":1,"name":"Hem","item":"https:\/\/xenonkungen.com\/"},{"@type":"ListItem","position":2,"name":"Shop","item":"https:\/\/xenonkungen.com\/shop\/"},{"@type":"ListItem","position":3,"name":"LEDinspect WIRE-FREE PRO 600"}]},{"@type":"WebSite","@id":"https:\/\/xenonkungen.com\/#website","url":"https:\/\/xenonkungen.com\/","name":"Xenonkungen","description":"","potentialAction":[{"@type":"SearchAction","target":{"@type":"EntryPoint","urlTemplate":"https:\/\/xenonkungen.com\/?s={search_term_string}"},"query-input":{"@type":"PropertyValueSpecification","valueRequired":true,"valueName":"search_term_string"}}],"inLanguage":"fi"}]}},"taxonomy_info":{"product_brand":[{"value":108,"label":"OSRAM"}],"product_cat":[{"value":134,"label":"Inspektionslampor"},{"value":1402,"label":"Outlet"}],"pa_fargtemperatur":[{"value":1459,"label":"5700"}],"pa_godkannande":[{"value":2011,"label":"CE , EMC , MSDS , ROHS"}],"pa_led-chips-effekt-w":[{"value":766,"label":"5"}],"pa_storlek-mm":[{"value":2017,"label":"45x205x55"}],"pa_volt-v":[{"value":2016,"label":"3.7"}]},"featured_image_src_large":["https:\/\/xenonkungen.com\/wp-content\/uploads\/2025\/04\/216174661-origpic-a4046a.jpg",1024,1024,false],"author_info":[],"comment_info":0,"_links":{"self":[{"href":"https:\/\/xenonkungen.com\/fi\/wp-json\/wp\/v2\/product\/8032","targetHints":{"allow":["GET"]}}],"collection":[{"href":"https:\/\/xenonkungen.com\/fi\/wp-json\/wp\/v2\/product"}],"about":[{"href":"https:\/\/xenonkungen.com\/fi\/wp-json\/wp\/v2\/types\/product"}],"replies":[{"embeddable":true,"href":"https:\/\/xenonkungen.com\/fi\/wp-json\/wp\/v2\/comments?post=8032"}],"wp:featuredmedia":[{"embeddable":true,"href":"https:\/\/xenonkungen.com\/fi\/wp-json\/wp\/v2\/media\/8033"}],"wp:attachment":[{"href":"https:\/\/xenonkungen.com\/fi\/wp-json\/wp\/v2\/media?parent=8032"}],"wp:term":[{"taxonomy":"anvandningsomrade","embeddable":true,"href":"https:\/\/xenonkungen.com\/fi\/wp-json\/wp\/v2\/anvandningsomrade?post=8032"},{"taxonomy":"bilmarken","embeddable":true,"href":"https:\/\/xenonkungen.com\/fi\/wp-json\/wp\/v2\/bilmarken?post=8032"},{"taxonomy":"product_brand","embeddable":true,"href":"https:\/\/xenonkungen.com\/fi\/wp-json\/wp\/v2\/product_brand?post=8032"},{"taxonomy":"product_cat","embeddable":true,"href":"https:\/\/xenonkungen.com\/fi\/wp-json\/wp\/v2\/product_cat?post=8032"},{"taxonomy":"product_tag","embeddable":true,"href":"https:\/\/xenonkungen.com\/fi\/wp-json\/wp\/v2\/product_tag?post=8032"}],"curies":[{"name":"wp","href":"https:\/\/api.w.org\/{rel}","templated":true}]}}