{"id":8046,"date":"2025-04-15T10:02:41","date_gmt":"2025-04-15T10:02:41","guid":{"rendered":"https:\/\/xenonkungen.com\/product\/ledinspect-rechargeable-underbonnet-light\/"},"modified":"2026-04-02T12:29:31","modified_gmt":"2026-04-02T11:29:31","slug":"ledinspect-ladattava-konepellin-alla-oleva-valo","status":"publish","type":"product","link":"https:\/\/xenonkungen.com\/fi\/tuote\/ledinspect-ladattava-konepellin-alla-oleva-valo\/","title":{"rendered":"LEDinspect UUDELLEENLAADITTAVA ALASVALAISIN"},"content":{"rendered":"<h1>Monipuolinen ja tehokas valaistus kaikkiin tarpeisiin<\/h1>\n<p>Tutustu <strong>LEDinspect ladattava konepellin alla oleva valo<\/strong> OSRAMilta - t\u00e4ydellinen ladattava lamppu sek\u00e4 ammattik\u00e4ytt\u00f6\u00f6n ett\u00e4 yksityisk\u00e4ytt\u00f6\u00f6n. T\u00e4ss\u00e4 lampussa on kaksi valotilaa, korkea (1200 lm) ja matala (600 lm), sek\u00e4 k\u00e4\u00e4ntyv\u00e4 valonauha, jota voidaan s\u00e4\u00e4t\u00e4\u00e4 jopa 360\u00ba, joten se tarjoaa maksimaalisen joustavuuden ja helppok\u00e4ytt\u00f6isyyden. Riippumatta siit\u00e4, ty\u00f6skenteletk\u00f6 ty\u00f6pajassa vai tarvitsetko lis\u00e4valoa kotona, t\u00e4ss\u00e4 lampussa on kaikki tarvitsemasi.<\/p>\n<h2>Ominaisuudet, jotka tekev\u00e4t vaikutuksen:<\/h2>\n<ul>\n<li><strong>Joustava k\u00e4ytt\u00f6:<\/strong> Pituutta voidaan s\u00e4\u00e4t\u00e4\u00e4 jopa 1,80 metriin, jotta eri ajoneuvojen moottoritilat voidaan valaista optimaalisesti.<\/li>\n<li><strong>Tehokas toiminta:<\/strong> Ladattava akku tarjoaa jopa <strong>2 tuntia valoa suurella teholla<\/strong> ja <strong>4,5 tuntia alhaisella teholla<\/strong>. Latautuu nopeasti noin <strong>3 tuntia<\/strong> mukana toimitetulla USB-C-kaapelilla (1,2 m).<\/li>\n<li><strong>Kest\u00e4v\u00e4 suunnittelu:<\/strong> Luokittelu <strong>IP65<\/strong> kest\u00e4m\u00e4\u00e4n p\u00f6ly\u00e4 ja vesiroiskeita ja <strong>IK07 taistelu kaupunki<\/strong> vankkaan k\u00e4ytt\u00f6\u00f6n.<\/li>\n<li><strong>Hell\u00e4varainen kokoonpano:<\/strong> Vain 840 g, pehme\u00e4t tyynyt suojaavat konepelti\u00e4 naarmuilta ja vaurioilta.<\/li>\n<\/ul>\n<p>T\u00e4m\u00e4 valaisin ei ole pelk\u00e4st\u00e4\u00e4n toimiva, vaan se on my\u00f6s suunniteltu t\u00e4ytt\u00e4m\u00e4\u00e4n ammattimaisten ty\u00f6pajojen kovimmat vaatimukset. Lis\u00e4ksi OSRAM antaa sinulle mielenrauhaa seuraavilla ominaisuuksilla <strong>2 vuoden takuu*<\/strong> tuotteesta.<\/p>\n<p>Anna itsellesi ja ty\u00f6llesi valoa t\u00e4m\u00e4n \u00e4lykk\u00e4\u00e4n ja tehokkaan ratkaisun avulla, joka sopii erinomaisesti kaikenlaisiin ajoneuvoihin, niin suuriin kuin pieniinkin.<\/p>\n<p class=\"font-headline-text-bold grey\"><strong>Takuu:<br \/>\n<\/strong>- 2 vuotta<\/p>\n<p class=\"font-headline-text-bold grey\"><img loading=\"lazy\" decoding=\"async\" src=\"https:\/\/cdn.abicart.com\/shop\/4404\/files\/Produkter\/Osram\/LEDIL415\/Web%20publishing-AM_Icon_Rechargeable_pos_021.webp\" alt=\"\" width=\"84\" height=\"84\" \/> \u00a0 \u00a0 <img loading=\"lazy\" decoding=\"async\" src=\"https:\/\/cdn.abicart.com\/shop\/4404\/files\/Produkter\/Osram\/LEDIL415\/Web%20publishing-AM_Icon_1200lm_High_600lm_Low_neg_k.webp\" alt=\"\" width=\"84\" height=\"84\" \/> \u00a0 \u00a0 <img loading=\"lazy\" decoding=\"async\" src=\"https:\/\/cdn.abicart.com\/shop\/4404\/files\/Produkter\/Osram\/LEDIL415\/Web%20publishing-AM_Icon_Extendable_Up_to_1-8m_k_neg.webp\" alt=\"\" width=\"84\" height=\"84\" \/> \u00a0 \u00a0 <img loading=\"lazy\" decoding=\"async\" src=\"https:\/\/cdn.abicart.com\/shop\/4404\/files\/Produkter\/Osram\/LEDIL415\/PICTO-2-YEAR-OSRAM-GUARANTEE-Automotive-LED.webp\" alt=\"\" width=\"84\" height=\"84\" \/><\/p>","protected":false},"excerpt":{"rendered":"<p>M\u00e5ngsidig och kraftfull belysning f\u00f6r alla behov Uppt\u00e4ck LEDinspect Rechargeable Underbonnet Light fr\u00e5n OSRAM \u2013 den perfekta laddningsbara lampan f\u00f6r b\u00e5de professionellt och privat bruk. Med tv\u00e5 ljusl\u00e4gen, h\u00f6g (1 200 lm) och l\u00e5g (600 lm), samt en vridbar ljuslist som kan justeras upp till 360\u00ba, erbjuder denna lampa maximal flexibilitet och anv\u00e4ndarv\u00e4nlighet. Oavsett om [&hellip;]<\/p>","protected":false},"featured_media":8047,"comment_status":"closed","ping_status":"closed","template":"","meta":{"_acf_changed":false,"_smort_price_nok":"601","_smort_price_dkk":"1082","_smort_price_eur":"144.99","_smort_sale_price_nok":"601","_smort_sale_price_dkk":"","_smort_sale_price_eur":"106.5","smort_restorder":"","shipmondo_restorder":"","_kad_blocks_custom_css":"","_kad_blocks_head_custom_js":"","_kad_blocks_body_custom_js":"","_kad_blocks_footer_custom_js":"","smort_custom_pricelist_1":"1020.8","smort_custom_pricelist_2":"893.2","smort_custom_pricelist_3":"829.4","smort_custom_pricelist_4":"1276","smort_custom_pricelist_5":"893.2"},"anvandningsomrade":[],"bilmarken":[],"product_brand":[108],"product_cat":[134],"product_tag":[],"class_list":{"0":"post-8046","1":"product","2":"type-product","3":"status-publish","4":"has-post-thumbnail","6":"product_brand-osram","7":"product_cat-inspektionslampor","8":"pa_fargtemperatur-2019","9":"pa_godkannande-ce-emc-msds-rohs-ukca","10":"pa_led-chips-effekt-w-775","11":"pa_storlek-mm-1153x80x67","12":"pa_volt-v-3-7","14":"first","15":"onbackorder","16":"taxable","17":"shipping-taxable","18":"purchasable","19":"product-type-simple"},"bundled_by":[],"bundle_stock_status":"onbackorder","bundle_stock_quantity":0,"bundle_virtual":false,"bundle_layout":"","bundle_add_to_cart_form_location":"","bundle_editable_in_cart":false,"bundle_sold_individually_context":"","bundle_item_grouping":"","bundle_min_size":"","bundle_max_size":"","bundle_price":[],"bundled_items":[],"bundle_sell_ids":[],"acf":[],"yoast_head":"<!-- This site is optimized with the Yoast SEO plugin v27.0 - https:\/\/yoast.com\/product\/yoast-seo-wordpress\/ -->\n<title>LEDinspect RECHARGEABLE UNDERBONNET LIGHT - Xenonkungen<\/title>\n<meta name=\"robots\" content=\"index, follow, max-snippet:-1, max-image-preview:large, max-video-preview:-1\" \/>\n<link rel=\"canonical\" href=\"https:\/\/xenonkungen.com\/fi\/tuote\/ledinspect-ladattava-konepellin-alla-oleva-valo\/\" \/>\n<meta property=\"og:locale\" content=\"fi_FI\" \/>\n<meta property=\"og:type\" content=\"article\" \/>\n<meta property=\"og:title\" content=\"LEDinspect RECHARGEABLE UNDERBONNET LIGHT - Xenonkungen\" \/>\n<meta property=\"og:description\" content=\"M\u00e5ngsidig och kraftfull belysning f\u00f6r alla behov Uppt\u00e4ck LEDinspect Rechargeable Underbonnet Light fr\u00e5n OSRAM \u2013 den perfekta laddningsbara lampan f\u00f6r b\u00e5de professionellt och privat bruk. Med tv\u00e5 ljusl\u00e4gen, h\u00f6g (1 200 lm) och l\u00e5g (600 lm), samt en vridbar ljuslist som kan justeras upp till 360\u00ba, erbjuder denna lampa maximal flexibilitet och anv\u00e4ndarv\u00e4nlighet. Oavsett om [&hellip;]\" \/>\n<meta property=\"og:url\" content=\"https:\/\/xenonkungen.com\/fi\/tuote\/ledinspect-ladattava-konepellin-alla-oleva-valo\/\" \/>\n<meta property=\"og:site_name\" content=\"Xenonkungen\" \/>\n<meta property=\"article:modified_time\" content=\"2026-04-02T11:29:31+00:00\" \/>\n<meta property=\"og:image\" content=\"https:\/\/xenonkungen.com\/wp-content\/uploads\/2025\/04\/216691211-origpic-13593d.jpg\" \/>\n\t<meta property=\"og:image:width\" content=\"1024\" \/>\n\t<meta property=\"og:image:height\" content=\"1024\" \/>\n\t<meta property=\"og:image:type\" content=\"image\/jpeg\" \/>\n<meta name=\"twitter:card\" content=\"summary_large_image\" \/>\n<meta name=\"twitter:label1\" content=\"Arvioitu lukuaika\" \/>\n\t<meta name=\"twitter:data1\" content=\"3 minuuttia\" \/>\n<script type=\"application\/ld+json\" class=\"yoast-schema-graph\">{\"@context\":\"https:\/\/schema.org\",\"@graph\":[{\"@type\":\"WebPage\",\"@id\":\"https:\/\/xenonkungen.com\/produkt\/ledinspect-rechargeable-underbonnet-light\/\",\"url\":\"https:\/\/xenonkungen.com\/produkt\/ledinspect-rechargeable-underbonnet-light\/\",\"name\":\"LEDinspect RECHARGEABLE UNDERBONNET LIGHT - Xenonkungen\",\"isPartOf\":{\"@id\":\"https:\/\/xenonkungen.com\/#website\"},\"primaryImageOfPage\":{\"@id\":\"https:\/\/xenonkungen.com\/produkt\/ledinspect-rechargeable-underbonnet-light\/#primaryimage\"},\"image\":{\"@id\":\"https:\/\/xenonkungen.com\/produkt\/ledinspect-rechargeable-underbonnet-light\/#primaryimage\"},\"thumbnailUrl\":\"https:\/\/xenonkungen.com\/wp-content\/uploads\/2025\/04\/216691211-origpic-13593d.jpg\",\"datePublished\":\"2025-04-15T10:02:41+00:00\",\"dateModified\":\"2026-04-02T11:29:31+00:00\",\"breadcrumb\":{\"@id\":\"https:\/\/xenonkungen.com\/produkt\/ledinspect-rechargeable-underbonnet-light\/#breadcrumb\"},\"inLanguage\":\"fi\",\"potentialAction\":[{\"@type\":\"ReadAction\",\"target\":[\"https:\/\/xenonkungen.com\/produkt\/ledinspect-rechargeable-underbonnet-light\/\"]}]},{\"@type\":\"ImageObject\",\"inLanguage\":\"fi\",\"@id\":\"https:\/\/xenonkungen.com\/produkt\/ledinspect-rechargeable-underbonnet-light\/#primaryimage\",\"url\":\"https:\/\/xenonkungen.com\/wp-content\/uploads\/2025\/04\/216691211-origpic-13593d.jpg\",\"contentUrl\":\"https:\/\/xenonkungen.com\/wp-content\/uploads\/2025\/04\/216691211-origpic-13593d.jpg\",\"width\":1024,\"height\":1024},{\"@type\":\"BreadcrumbList\",\"@id\":\"https:\/\/xenonkungen.com\/produkt\/ledinspect-rechargeable-underbonnet-light\/#breadcrumb\",\"itemListElement\":[{\"@type\":\"ListItem\",\"position\":1,\"name\":\"Hem\",\"item\":\"https:\/\/xenonkungen.com\/\"},{\"@type\":\"ListItem\",\"position\":2,\"name\":\"Shop\",\"item\":\"https:\/\/xenonkungen.com\/shop\/\"},{\"@type\":\"ListItem\",\"position\":3,\"name\":\"LEDinspect RECHARGEABLE UNDERBONNET LIGHT\"}]},{\"@type\":\"WebSite\",\"@id\":\"https:\/\/xenonkungen.com\/#website\",\"url\":\"https:\/\/xenonkungen.com\/\",\"name\":\"Xenonkungen\",\"description\":\"\",\"potentialAction\":[{\"@type\":\"SearchAction\",\"target\":{\"@type\":\"EntryPoint\",\"urlTemplate\":\"https:\/\/xenonkungen.com\/?s={search_term_string}\"},\"query-input\":{\"@type\":\"PropertyValueSpecification\",\"valueRequired\":true,\"valueName\":\"search_term_string\"}}],\"inLanguage\":\"fi\"}]}<\/script>\n<!-- \/ Yoast SEO plugin. -->","yoast_head_json":{"title":"LEDinspect LADATTAVA KONEPELLIN ALUSVALO - Xenon-kuningas","robots":{"index":"index","follow":"follow","max-snippet":"max-snippet:-1","max-image-preview":"max-image-preview:large","max-video-preview":"max-video-preview:-1"},"canonical":"https:\/\/xenonkungen.com\/fi\/tuote\/ledinspect-ladattava-konepellin-alla-oleva-valo\/","og_locale":"fi_FI","og_type":"article","og_title":"LEDinspect RECHARGEABLE UNDERBONNET LIGHT - Xenonkungen","og_description":"M\u00e5ngsidig och kraftfull belysning f\u00f6r alla behov Uppt\u00e4ck LEDinspect Rechargeable Underbonnet Light fr\u00e5n OSRAM \u2013 den perfekta laddningsbara lampan f\u00f6r b\u00e5de professionellt och privat bruk. Med tv\u00e5 ljusl\u00e4gen, h\u00f6g (1 200 lm) och l\u00e5g (600 lm), samt en vridbar ljuslist som kan justeras upp till 360\u00ba, erbjuder denna lampa maximal flexibilitet och anv\u00e4ndarv\u00e4nlighet. Oavsett om [&hellip;]","og_url":"https:\/\/xenonkungen.com\/fi\/tuote\/ledinspect-ladattava-konepellin-alla-oleva-valo\/","og_site_name":"Xenonkungen","article_modified_time":"2026-04-02T11:29:31+00:00","og_image":[{"width":1024,"height":1024,"url":"https:\/\/xenonkungen.com\/wp-content\/uploads\/2025\/04\/216691211-origpic-13593d.jpg","type":"image\/jpeg"}],"twitter_card":"summary_large_image","twitter_misc":{"Arvioitu lukuaika":"3 minuuttia"},"schema":{"@context":"https:\/\/schema.org","@graph":[{"@type":"WebPage","@id":"https:\/\/xenonkungen.com\/produkt\/ledinspect-rechargeable-underbonnet-light\/","url":"https:\/\/xenonkungen.com\/produkt\/ledinspect-rechargeable-underbonnet-light\/","name":"LEDinspect LADATTAVA KONEPELLIN ALUSVALO - Xenon-kuningas","isPartOf":{"@id":"https:\/\/xenonkungen.com\/#website"},"primaryImageOfPage":{"@id":"https:\/\/xenonkungen.com\/produkt\/ledinspect-rechargeable-underbonnet-light\/#primaryimage"},"image":{"@id":"https:\/\/xenonkungen.com\/produkt\/ledinspect-rechargeable-underbonnet-light\/#primaryimage"},"thumbnailUrl":"https:\/\/xenonkungen.com\/wp-content\/uploads\/2025\/04\/216691211-origpic-13593d.jpg","datePublished":"2025-04-15T10:02:41+00:00","dateModified":"2026-04-02T11:29:31+00:00","breadcrumb":{"@id":"https:\/\/xenonkungen.com\/produkt\/ledinspect-rechargeable-underbonnet-light\/#breadcrumb"},"inLanguage":"fi","potentialAction":[{"@type":"ReadAction","target":["https:\/\/xenonkungen.com\/produkt\/ledinspect-rechargeable-underbonnet-light\/"]}]},{"@type":"ImageObject","inLanguage":"fi","@id":"https:\/\/xenonkungen.com\/produkt\/ledinspect-rechargeable-underbonnet-light\/#primaryimage","url":"https:\/\/xenonkungen.com\/wp-content\/uploads\/2025\/04\/216691211-origpic-13593d.jpg","contentUrl":"https:\/\/xenonkungen.com\/wp-content\/uploads\/2025\/04\/216691211-origpic-13593d.jpg","width":1024,"height":1024},{"@type":"BreadcrumbList","@id":"https:\/\/xenonkungen.com\/produkt\/ledinspect-rechargeable-underbonnet-light\/#breadcrumb","itemListElement":[{"@type":"ListItem","position":1,"name":"Hem","item":"https:\/\/xenonkungen.com\/"},{"@type":"ListItem","position":2,"name":"Shop","item":"https:\/\/xenonkungen.com\/shop\/"},{"@type":"ListItem","position":3,"name":"LEDinspect RECHARGEABLE UNDERBONNET LIGHT"}]},{"@type":"WebSite","@id":"https:\/\/xenonkungen.com\/#website","url":"https:\/\/xenonkungen.com\/","name":"Xenonkungen","description":"","potentialAction":[{"@type":"SearchAction","target":{"@type":"EntryPoint","urlTemplate":"https:\/\/xenonkungen.com\/?s={search_term_string}"},"query-input":{"@type":"PropertyValueSpecification","valueRequired":true,"valueName":"search_term_string"}}],"inLanguage":"fi"}]}},"taxonomy_info":{"product_brand":[{"value":108,"label":"OSRAM"}],"product_cat":[{"value":134,"label":"Inspektionslampor"}],"pa_fargtemperatur":[{"value":2019,"label":"6500"}],"pa_godkannande":[{"value":2020,"label":"CE , EMC , MSDS , ROHS , UKCA"}],"pa_led-chips-effekt-w":[{"value":775,"label":"16"}],"pa_storlek-mm":[{"value":2018,"label":"1153x80x67"}],"pa_volt-v":[{"value":2016,"label":"3.7"}]},"featured_image_src_large":["https:\/\/xenonkungen.com\/wp-content\/uploads\/2025\/04\/216691211-origpic-13593d.jpg",1024,1024,false],"author_info":[],"comment_info":0,"_links":{"self":[{"href":"https:\/\/xenonkungen.com\/fi\/wp-json\/wp\/v2\/product\/8046","targetHints":{"allow":["GET"]}}],"collection":[{"href":"https:\/\/xenonkungen.com\/fi\/wp-json\/wp\/v2\/product"}],"about":[{"href":"https:\/\/xenonkungen.com\/fi\/wp-json\/wp\/v2\/types\/product"}],"replies":[{"embeddable":true,"href":"https:\/\/xenonkungen.com\/fi\/wp-json\/wp\/v2\/comments?post=8046"}],"wp:featuredmedia":[{"embeddable":true,"href":"https:\/\/xenonkungen.com\/fi\/wp-json\/wp\/v2\/media\/8047"}],"wp:attachment":[{"href":"https:\/\/xenonkungen.com\/fi\/wp-json\/wp\/v2\/media?parent=8046"}],"wp:term":[{"taxonomy":"anvandningsomrade","embeddable":true,"href":"https:\/\/xenonkungen.com\/fi\/wp-json\/wp\/v2\/anvandningsomrade?post=8046"},{"taxonomy":"bilmarken","embeddable":true,"href":"https:\/\/xenonkungen.com\/fi\/wp-json\/wp\/v2\/bilmarken?post=8046"},{"taxonomy":"product_brand","embeddable":true,"href":"https:\/\/xenonkungen.com\/fi\/wp-json\/wp\/v2\/product_brand?post=8046"},{"taxonomy":"product_cat","embeddable":true,"href":"https:\/\/xenonkungen.com\/fi\/wp-json\/wp\/v2\/product_cat?post=8046"},{"taxonomy":"product_tag","embeddable":true,"href":"https:\/\/xenonkungen.com\/fi\/wp-json\/wp\/v2\/product_tag?post=8046"}],"curies":[{"name":"wp","href":"https:\/\/api.w.org\/{rel}","templated":true}]}}