{"id":8057,"date":"2025-04-15T10:02:41","date_gmt":"2025-04-15T10:02:41","guid":{"rendered":"https:\/\/xenonkungen.com\/product\/ledinspect-flexible-head-torch\/"},"modified":"2026-05-13T10:03:34","modified_gmt":"2026-05-13T09:03:34","slug":"ledinspect-joustava-otsalamppu","status":"publish","type":"product","link":"https:\/\/xenonkungen.com\/fi\/tuote\/ledinspect-joustava-otsalamppu\/","title":{"rendered":"LEDinspect Joustava p\u00e4\u00e4polttimo"},"content":{"rendered":"<h3><strong>Monipuolinen ja joustava otsalamppu \u2013 OSRAM LEDinspect joustava otsalamppu<\/strong><\/h3>\n<p>Koe t\u00e4ydellinen yhdistelm\u00e4 joustavuutta ja suorituskyky\u00e4 OSRAM LEDinspect Flexible Head Torch -otsalampun avulla! T\u00e4m\u00e4 korkealaatuinen otsalamppu sopii t\u00e4ydellisesti sek\u00e4 ammatti- ett\u00e4 yksityisk\u00e4ytt\u00f6\u00f6n. Kolmen valotilan \u2013 kirkas valo jopa 115 lumenia, himme\u00e4 valo 50 lumenia ja punainen vilkkuva valo takana \u2013 ansiosta t\u00e4m\u00e4 lamppu tarjoaa monipuolisen ratkaisun mihin tahansa teht\u00e4v\u00e4\u00e4n, ty\u00f6skentelitp\u00e4 sitten pimeiss\u00e4 tiloissa tai haluat n\u00e4ky\u00e4 paremmin.<\/p>\n<p>Ainutlaatuinen muotoilu ja s\u00e4\u00e4dett\u00e4v\u00e4 valonl\u00e4hde suoraan joustavassa p\u00e4\u00e4pannassa takaavat laajan ja tasaisen valonjaon, mik\u00e4 parantaa n\u00e4kyvyytt\u00e4 ty\u00f6alueella. Lis\u00e4ksi ladattava akku tarjoaa jopa 4,5 tuntia k\u00e4ytt\u00f6aikaa t\u00e4ydell\u00e4 teholla ja latautuu vain 1,5 tunnissa, joten olet aina valmis jatkamaan ty\u00f6skentely\u00e4si.<\/p>\n<p>Vain 62 g painava pehme\u00e4t sis\u00e4tyynyt ja s\u00e4\u00e4dett\u00e4v\u00e4 hihna takaavat maksimaalisen k\u00e4ytt\u00f6mukavuuden. Taittuva muotoilu tekee valaisimesta helpon s\u00e4ilytt\u00e4\u00e4 ja kuljettaa \u2013 t\u00e4ydellinen kaikkeen askartelusta ja auton korjauksista jokap\u00e4iv\u00e4iseen k\u00e4ytt\u00f6\u00f6n. IP42-suojausluokka varmistaa p\u00f6lyn- ja roiskevedenkest\u00e4vyyden.<\/p>\n<h3>","protected":false},"excerpt":{"rendered":"<p>Monipuolinen ja joustava OSRAM LEDinspect Flexible -otsalamppu sopii t\u00e4ydellisesti sek\u00e4 ammatti- ett\u00e4 yksityisk\u00e4ytt\u00f6\u00f6n. Kolmen valotilan, s\u00e4\u00e4dett\u00e4v\u00e4n p\u00e4\u00e4pannan ja ladattavan akun ansiosta se sopii ihanteellisesti kaikkeen askartelusta autonkorjauksiin ja jokap\u00e4iv\u00e4iseen k\u00e4ytt\u00f6\u00f6n.<\/p>","protected":false},"featured_media":8058,"comment_status":"closed","ping_status":"closed","template":"","meta":{"_acf_changed":false,"_smort_price_nok":"208","_smort_price_dkk":"200","_smort_price_eur":"26.82","_smort_sale_price_nok":"208","_smort_sale_price_dkk":"","_smort_sale_price_eur":"","smort_restorder":"","shipmondo_restorder":"","_kad_blocks_custom_css":"","_kad_blocks_head_custom_js":"","_kad_blocks_body_custom_js":"","_kad_blocks_footer_custom_js":"","smort_custom_pricelist_1":"188.8","smort_custom_pricelist_2":"165.2","smort_custom_pricelist_3":"153.4","smort_custom_pricelist_4":"236","smort_custom_pricelist_5":"165.2"},"anvandningsomrade":[237],"bilmarken":[],"product_brand":[108],"product_cat":[1402,1277],"product_tag":[],"class_list":{"0":"post-8057","1":"product","2":"type-product","3":"status-publish","4":"has-post-thumbnail","6":"anvandningsomrade-fritid","7":"product_brand-osram","8":"product_cat-outlet","9":"product_cat-pannlampor","10":"pa_fargtemperatur-1428","11":"pa_godkannande-ce-emc-msds-rohs-ukca","12":"pa_led-chips-effekt-w-2022","13":"pa_storlek-mm-25x245x25","14":"pa_volt-v-3-7","16":"first","17":"instock","18":"sale","19":"taxable","20":"shipping-taxable","21":"purchasable","22":"product-type-simple"},"bundled_by":[],"bundle_stock_status":"instock","bundle_stock_quantity":5,"bundle_virtual":false,"bundle_layout":"","bundle_add_to_cart_form_location":"","bundle_editable_in_cart":false,"bundle_sold_individually_context":"","bundle_item_grouping":"","bundle_min_size":"","bundle_max_size":"","bundle_price":[],"bundled_items":[],"bundle_sell_ids":[],"acf":[],"yoast_head":"<!-- This site is optimized with the Yoast SEO plugin v27.0 - https:\/\/yoast.com\/product\/yoast-seo-wordpress\/ -->\n<title>LEDinspect Flexible Head Torch - Xenonkungen<\/title>\n<meta name=\"robots\" content=\"index, follow, max-snippet:-1, max-image-preview:large, max-video-preview:-1\" \/>\n<link rel=\"canonical\" href=\"https:\/\/xenonkungen.com\/fi\/tuote\/ledinspect-joustava-otsalamppu\/\" \/>\n<meta property=\"og:locale\" content=\"fi_FI\" \/>\n<meta property=\"og:type\" content=\"article\" \/>\n<meta property=\"og:title\" content=\"LEDinspect Flexible Head Torch - Xenonkungen\" \/>\n<meta property=\"og:description\" content=\"Den m\u00e5ngsidiga och flexibla OSRAM LEDinspect Flexible Head Torch \u00e4r perfekt f\u00f6r b\u00e5de professionellt och privat bruk. Med tre ljusl\u00e4gen, justerbart pannband och laddningsbart batteri \u00e4r den idealisk f\u00f6r allt fr\u00e5n hantverksarbete till bilreparationer och vardagligt bruk.\" \/>\n<meta property=\"og:url\" content=\"https:\/\/xenonkungen.com\/fi\/tuote\/ledinspect-joustava-otsalamppu\/\" \/>\n<meta property=\"og:site_name\" content=\"Xenonkungen\" \/>\n<meta property=\"article:modified_time\" content=\"2026-05-13T09:03:34+00:00\" \/>\n<meta property=\"og:image\" content=\"https:\/\/xenonkungen.com\/wp-content\/uploads\/2025\/04\/215782247-origpic-36b04f.jpg\" \/>\n\t<meta property=\"og:image:width\" content=\"915\" \/>\n\t<meta property=\"og:image:height\" content=\"916\" \/>\n\t<meta property=\"og:image:type\" content=\"image\/jpeg\" \/>\n<meta name=\"twitter:card\" content=\"summary_large_image\" \/>\n<meta name=\"twitter:label1\" content=\"Arvioitu lukuaika\" \/>\n\t<meta name=\"twitter:data1\" content=\"1 minuutti\" \/>\n<script type=\"application\/ld+json\" class=\"yoast-schema-graph\">{\"@context\":\"https:\/\/schema.org\",\"@graph\":[{\"@type\":\"WebPage\",\"@id\":\"https:\/\/xenonkungen.com\/produkt\/ledinspect-flexible-head-torch\/\",\"url\":\"https:\/\/xenonkungen.com\/produkt\/ledinspect-flexible-head-torch\/\",\"name\":\"LEDinspect Flexible Head Torch - Xenonkungen\",\"isPartOf\":{\"@id\":\"https:\/\/xenonkungen.com\/#website\"},\"primaryImageOfPage\":{\"@id\":\"https:\/\/xenonkungen.com\/produkt\/ledinspect-flexible-head-torch\/#primaryimage\"},\"image\":{\"@id\":\"https:\/\/xenonkungen.com\/produkt\/ledinspect-flexible-head-torch\/#primaryimage\"},\"thumbnailUrl\":\"https:\/\/xenonkungen.com\/wp-content\/uploads\/2025\/04\/215782247-origpic-36b04f.jpg\",\"datePublished\":\"2025-04-15T10:02:41+00:00\",\"dateModified\":\"2026-05-13T09:03:34+00:00\",\"breadcrumb\":{\"@id\":\"https:\/\/xenonkungen.com\/produkt\/ledinspect-flexible-head-torch\/#breadcrumb\"},\"inLanguage\":\"fi\",\"potentialAction\":[{\"@type\":\"ReadAction\",\"target\":[\"https:\/\/xenonkungen.com\/produkt\/ledinspect-flexible-head-torch\/\"]}]},{\"@type\":\"ImageObject\",\"inLanguage\":\"fi\",\"@id\":\"https:\/\/xenonkungen.com\/produkt\/ledinspect-flexible-head-torch\/#primaryimage\",\"url\":\"https:\/\/xenonkungen.com\/wp-content\/uploads\/2025\/04\/215782247-origpic-36b04f.jpg\",\"contentUrl\":\"https:\/\/xenonkungen.com\/wp-content\/uploads\/2025\/04\/215782247-origpic-36b04f.jpg\",\"width\":915,\"height\":916},{\"@type\":\"BreadcrumbList\",\"@id\":\"https:\/\/xenonkungen.com\/produkt\/ledinspect-flexible-head-torch\/#breadcrumb\",\"itemListElement\":[{\"@type\":\"ListItem\",\"position\":1,\"name\":\"Hem\",\"item\":\"https:\/\/xenonkungen.com\/\"},{\"@type\":\"ListItem\",\"position\":2,\"name\":\"Shop\",\"item\":\"https:\/\/xenonkungen.com\/shop\/\"},{\"@type\":\"ListItem\",\"position\":3,\"name\":\"LEDinspect Flexible Head Torch\"}]},{\"@type\":\"WebSite\",\"@id\":\"https:\/\/xenonkungen.com\/#website\",\"url\":\"https:\/\/xenonkungen.com\/\",\"name\":\"Xenonkungen\",\"description\":\"\",\"potentialAction\":[{\"@type\":\"SearchAction\",\"target\":{\"@type\":\"EntryPoint\",\"urlTemplate\":\"https:\/\/xenonkungen.com\/?s={search_term_string}\"},\"query-input\":{\"@type\":\"PropertyValueSpecification\",\"valueRequired\":true,\"valueName\":\"search_term_string\"}}],\"inLanguage\":\"fi\"}]}<\/script>\n<!-- \/ Yoast SEO plugin. -->","yoast_head_json":{"title":"LEDinspect Joustava otsalamppu - Xenon-kuningas","robots":{"index":"index","follow":"follow","max-snippet":"max-snippet:-1","max-image-preview":"max-image-preview:large","max-video-preview":"max-video-preview:-1"},"canonical":"https:\/\/xenonkungen.com\/fi\/tuote\/ledinspect-joustava-otsalamppu\/","og_locale":"fi_FI","og_type":"article","og_title":"LEDinspect Flexible Head Torch - Xenonkungen","og_description":"Den m\u00e5ngsidiga och flexibla OSRAM LEDinspect Flexible Head Torch \u00e4r perfekt f\u00f6r b\u00e5de professionellt och privat bruk. Med tre ljusl\u00e4gen, justerbart pannband och laddningsbart batteri \u00e4r den idealisk f\u00f6r allt fr\u00e5n hantverksarbete till bilreparationer och vardagligt bruk.","og_url":"https:\/\/xenonkungen.com\/fi\/tuote\/ledinspect-joustava-otsalamppu\/","og_site_name":"Xenonkungen","article_modified_time":"2026-05-13T09:03:34+00:00","og_image":[{"width":915,"height":916,"url":"https:\/\/xenonkungen.com\/wp-content\/uploads\/2025\/04\/215782247-origpic-36b04f.jpg","type":"image\/jpeg"}],"twitter_card":"summary_large_image","twitter_misc":{"Arvioitu lukuaika":"1 minuutti"},"schema":{"@context":"https:\/\/schema.org","@graph":[{"@type":"WebPage","@id":"https:\/\/xenonkungen.com\/produkt\/ledinspect-flexible-head-torch\/","url":"https:\/\/xenonkungen.com\/produkt\/ledinspect-flexible-head-torch\/","name":"LEDinspect Joustava otsalamppu - Xenon-kuningas","isPartOf":{"@id":"https:\/\/xenonkungen.com\/#website"},"primaryImageOfPage":{"@id":"https:\/\/xenonkungen.com\/produkt\/ledinspect-flexible-head-torch\/#primaryimage"},"image":{"@id":"https:\/\/xenonkungen.com\/produkt\/ledinspect-flexible-head-torch\/#primaryimage"},"thumbnailUrl":"https:\/\/xenonkungen.com\/wp-content\/uploads\/2025\/04\/215782247-origpic-36b04f.jpg","datePublished":"2025-04-15T10:02:41+00:00","dateModified":"2026-05-13T09:03:34+00:00","breadcrumb":{"@id":"https:\/\/xenonkungen.com\/produkt\/ledinspect-flexible-head-torch\/#breadcrumb"},"inLanguage":"fi","potentialAction":[{"@type":"ReadAction","target":["https:\/\/xenonkungen.com\/produkt\/ledinspect-flexible-head-torch\/"]}]},{"@type":"ImageObject","inLanguage":"fi","@id":"https:\/\/xenonkungen.com\/produkt\/ledinspect-flexible-head-torch\/#primaryimage","url":"https:\/\/xenonkungen.com\/wp-content\/uploads\/2025\/04\/215782247-origpic-36b04f.jpg","contentUrl":"https:\/\/xenonkungen.com\/wp-content\/uploads\/2025\/04\/215782247-origpic-36b04f.jpg","width":915,"height":916},{"@type":"BreadcrumbList","@id":"https:\/\/xenonkungen.com\/produkt\/ledinspect-flexible-head-torch\/#breadcrumb","itemListElement":[{"@type":"ListItem","position":1,"name":"Hem","item":"https:\/\/xenonkungen.com\/"},{"@type":"ListItem","position":2,"name":"Shop","item":"https:\/\/xenonkungen.com\/shop\/"},{"@type":"ListItem","position":3,"name":"LEDinspect Flexible Head Torch"}]},{"@type":"WebSite","@id":"https:\/\/xenonkungen.com\/#website","url":"https:\/\/xenonkungen.com\/","name":"Xenonkungen","description":"","potentialAction":[{"@type":"SearchAction","target":{"@type":"EntryPoint","urlTemplate":"https:\/\/xenonkungen.com\/?s={search_term_string}"},"query-input":{"@type":"PropertyValueSpecification","valueRequired":true,"valueName":"search_term_string"}}],"inLanguage":"fi"}]}},"taxonomy_info":{"anvandningsomrade":[{"value":237,"label":"Fritid"}],"product_brand":[{"value":108,"label":"OSRAM"}],"product_cat":[{"value":1402,"label":"Outlet"},{"value":1277,"label":"Pannlampor"}],"pa_fargtemperatur":[{"value":1428,"label":"6000"}],"pa_godkannande":[{"value":2020,"label":"CE , EMC , MSDS , ROHS , UKCA"}],"pa_led-chips-effekt-w":[{"value":2022,"label":"3"}],"pa_storlek-mm":[{"value":2021,"label":"25x245x25"}],"pa_volt-v":[{"value":2016,"label":"3.7"}]},"featured_image_src_large":["https:\/\/xenonkungen.com\/wp-content\/uploads\/2025\/04\/215782247-origpic-36b04f.jpg",915,916,false],"author_info":[],"comment_info":2,"_links":{"self":[{"href":"https:\/\/xenonkungen.com\/fi\/wp-json\/wp\/v2\/product\/8057","targetHints":{"allow":["GET"]}}],"collection":[{"href":"https:\/\/xenonkungen.com\/fi\/wp-json\/wp\/v2\/product"}],"about":[{"href":"https:\/\/xenonkungen.com\/fi\/wp-json\/wp\/v2\/types\/product"}],"replies":[{"embeddable":true,"href":"https:\/\/xenonkungen.com\/fi\/wp-json\/wp\/v2\/comments?post=8057"}],"wp:featuredmedia":[{"embeddable":true,"href":"https:\/\/xenonkungen.com\/fi\/wp-json\/wp\/v2\/media\/8058"}],"wp:attachment":[{"href":"https:\/\/xenonkungen.com\/fi\/wp-json\/wp\/v2\/media?parent=8057"}],"wp:term":[{"taxonomy":"anvandningsomrade","embeddable":true,"href":"https:\/\/xenonkungen.com\/fi\/wp-json\/wp\/v2\/anvandningsomrade?post=8057"},{"taxonomy":"bilmarken","embeddable":true,"href":"https:\/\/xenonkungen.com\/fi\/wp-json\/wp\/v2\/bilmarken?post=8057"},{"taxonomy":"product_brand","embeddable":true,"href":"https:\/\/xenonkungen.com\/fi\/wp-json\/wp\/v2\/product_brand?post=8057"},{"taxonomy":"product_cat","embeddable":true,"href":"https:\/\/xenonkungen.com\/fi\/wp-json\/wp\/v2\/product_cat?post=8057"},{"taxonomy":"product_tag","embeddable":true,"href":"https:\/\/xenonkungen.com\/fi\/wp-json\/wp\/v2\/product_tag?post=8057"}],"curies":[{"name":"wp","href":"https:\/\/api.w.org\/{rel}","templated":true}]}}