{"id":8073,"date":"2025-04-15T10:02:41","date_gmt":"2025-04-15T10:02:41","guid":{"rendered":"https:\/\/xenonkungen.com\/product\/ledinspect-headtorch-250-6x1\/"},"modified":"2026-04-11T01:32:36","modified_gmt":"2026-04-11T00:32:36","slug":"ledinspect-otsalamppu-250-6x1","status":"publish","type":"product","link":"https:\/\/xenonkungen.com\/fi\/tuote\/ledinspect-otsalamppu-250-6x1\/","title":{"rendered":"LEDinspect Otsalamppu 250 6\u00d71"},"content":{"rendered":"<h3><strong>Monipuolinen ja luotettava valaistus \u2013 OSRAM LEDinspect HEADTORCH 250<\/strong><\/h3>\n<p>L\u00f6yd\u00e4 t\u00e4ydellinen otsalamppu sek\u00e4 ammatti- ett\u00e4 yksityisk\u00e4ytt\u00f6\u00f6n! OSRAM LEDinspect HEADTORCH 250 tarjoaa kaksi tehokasta valotilaa \u2013 kirkkaan valon jopa 250 lumenia ja energians\u00e4\u00e4st\u00f6tilan 140 lumenia. T\u00e4ydellinen kaikkeen yksityiskohtaisesta ty\u00f6st\u00e4 laajempiin valaistustarpeisiin.<\/p>\n<p>\u00c4lyk\u00e4s liiketunnistin helpottaa ty\u00f6skentely\u00e4 ilman k\u00e4si\u00e4, ja 60 asteen kallistuskulman ansiosta voit aina suunnata valon juuri sinne, miss\u00e4 sit\u00e4 tarvitset. Ladattava akku tarjoaa pitk\u00e4n k\u00e4ytt\u00f6ajan \u2013 jopa 3,5 tuntia t\u00e4ydell\u00e4 teholla ja t\u00e4ydet 6 tuntia energians\u00e4\u00e4st\u00f6tilassa. Mukana tulevat USB Type-C -latauskaapeli ja virtal\u00e4hde, joten olet aina valmiina.<\/p>\n<p>Otsavalaisimella on IP54-luokitus, joka kest\u00e4\u00e4 p\u00f6ly\u00e4 ja roiskeita, ja se on rakennettu kest\u00e4v\u00e4sti IK08-standardien mukaisesti kest\u00e4m\u00e4\u00e4n iskuja ja kolhuja. Pehme\u00e4sti pehmustettu sis\u00e4puoli ja s\u00e4\u00e4dett\u00e4v\u00e4 hihna takaavat maksimaalisen mukavuuden pitk\u00e4aikaisessa k\u00e4yt\u00f6ss\u00e4 \u2013 olitpa sitten korjaamassa autoa, tekem\u00e4ss\u00e4 askartelua tai tarvitset vain lis\u00e4valoa arkeen.<\/p>\n<p>Mukana my\u00f6s <strong>2 vuoden takuu<\/strong> \u2013 laatutakuusi.<\/p>","protected":false},"excerpt":{"rendered":"<p>Monipuolinen OSRAM LEDinspect HEADTORCH 250 on t\u00e4ydellinen otsalamppu sek\u00e4 ammatti- ett\u00e4 yksityisk\u00e4ytt\u00f6\u00f6n. Kahden valotilan, liiketunnistimen ja pitk\u00e4n akunkeston ansiosta se sopii ihanteellisesti kaikkeen autonkorjauksista askarteluun. Kest\u00e4v\u00e4 ja mukava, ja IP54-luokitus on k\u00e4yt\u00f6ss\u00e4.<\/p>","protected":false},"featured_media":8074,"comment_status":"closed","ping_status":"open","template":"","meta":{"_acf_changed":false,"_smort_price_nok":"481","_smort_price_dkk":"404","_smort_price_eur":"54.09","_smort_sale_price_nok":"481","_smort_sale_price_dkk":"","_smort_sale_price_eur":"","smort_restorder":"","shipmondo_restorder":"","_kad_blocks_custom_css":"","_kad_blocks_head_custom_js":"","_kad_blocks_body_custom_js":"","_kad_blocks_footer_custom_js":"","smort_custom_pricelist_1":"380.8","smort_custom_pricelist_2":"333.2","smort_custom_pricelist_3":"309.4","smort_custom_pricelist_4":"476","smort_custom_pricelist_5":"333.2"},"anvandningsomrade":[237],"bilmarken":[],"product_brand":[108],"product_cat":[1402,1277],"product_tag":[],"class_list":{"0":"post-8073","1":"product","2":"type-product","3":"status-publish","4":"has-post-thumbnail","6":"anvandningsomrade-fritid","7":"product_brand-osram","8":"product_cat-outlet","9":"product_cat-pannlampor","10":"pa_fargtemperatur-1459","11":"pa_godkannande-ce-emc-msds-rohs","12":"pa_led-chips-effekt-w-766","13":"pa_storlek-mm-42x67x45","14":"pa_volt-v-3-7","16":"first","17":"onbackorder","18":"sale","19":"taxable","20":"shipping-taxable","21":"purchasable","22":"product-type-simple"},"bundled_by":[],"bundle_stock_status":"onbackorder","bundle_stock_quantity":0,"bundle_virtual":false,"bundle_layout":"","bundle_add_to_cart_form_location":"","bundle_editable_in_cart":false,"bundle_sold_individually_context":"","bundle_item_grouping":"","bundle_min_size":"","bundle_max_size":"","bundle_price":[],"bundled_items":[],"bundle_sell_ids":[],"acf":[],"yoast_head":"<!-- This site is optimized with the Yoast SEO plugin v27.0 - https:\/\/yoast.com\/product\/yoast-seo-wordpress\/ -->\n<title>LEDinspect Headtorch 250 6x1 - Xenonkungen<\/title>\n<meta name=\"robots\" content=\"index, follow, max-snippet:-1, max-image-preview:large, max-video-preview:-1\" \/>\n<link rel=\"canonical\" href=\"https:\/\/xenonkungen.com\/fi\/tuote\/ledinspect-otsalamppu-250-6x1\/\" \/>\n<meta property=\"og:locale\" content=\"fi_FI\" \/>\n<meta property=\"og:type\" content=\"article\" \/>\n<meta property=\"og:title\" content=\"LEDinspect Headtorch 250 6x1 - Xenonkungen\" \/>\n<meta property=\"og:description\" content=\"Den m\u00e5ngsidiga OSRAM LEDinspect HEADTORCH 250 \u00e4r den perfekta pannlampan f\u00f6r b\u00e5de professionellt och privat bruk. Med tv\u00e5 ljusl\u00e4gen, r\u00f6relsesensor och l\u00e5ng batteritid \u00e4r den idealisk f\u00f6r allt fr\u00e5n bilreparationer till hantverksarbeten. Robust och bekv\u00e4m med IP54-klassning.\" \/>\n<meta property=\"og:url\" content=\"https:\/\/xenonkungen.com\/fi\/tuote\/ledinspect-otsalamppu-250-6x1\/\" \/>\n<meta property=\"og:site_name\" content=\"Xenonkungen\" \/>\n<meta property=\"article:modified_time\" content=\"2026-04-11T00:32:36+00:00\" \/>\n<meta property=\"og:image\" content=\"https:\/\/xenonkungen.com\/wp-content\/uploads\/2025\/04\/215781251-origpic-d8bb6b.jpg\" \/>\n\t<meta property=\"og:image:width\" content=\"915\" \/>\n\t<meta property=\"og:image:height\" content=\"915\" \/>\n\t<meta property=\"og:image:type\" content=\"image\/jpeg\" \/>\n<meta name=\"twitter:card\" content=\"summary_large_image\" \/>\n<meta name=\"twitter:label1\" content=\"Arvioitu lukuaika\" \/>\n\t<meta name=\"twitter:data1\" content=\"1 minuutti\" \/>\n<script type=\"application\/ld+json\" class=\"yoast-schema-graph\">{\"@context\":\"https:\/\/schema.org\",\"@graph\":[{\"@type\":\"WebPage\",\"@id\":\"https:\/\/xenonkungen.com\/produkt\/ledinspect-headtorch-250-6x1\/\",\"url\":\"https:\/\/xenonkungen.com\/produkt\/ledinspect-headtorch-250-6x1\/\",\"name\":\"LEDinspect Headtorch 250 6x1 - Xenonkungen\",\"isPartOf\":{\"@id\":\"https:\/\/xenonkungen.com\/#website\"},\"primaryImageOfPage\":{\"@id\":\"https:\/\/xenonkungen.com\/produkt\/ledinspect-headtorch-250-6x1\/#primaryimage\"},\"image\":{\"@id\":\"https:\/\/xenonkungen.com\/produkt\/ledinspect-headtorch-250-6x1\/#primaryimage\"},\"thumbnailUrl\":\"https:\/\/xenonkungen.com\/wp-content\/uploads\/2025\/04\/215781251-origpic-d8bb6b.jpg\",\"datePublished\":\"2025-04-15T10:02:41+00:00\",\"dateModified\":\"2026-04-11T00:32:36+00:00\",\"breadcrumb\":{\"@id\":\"https:\/\/xenonkungen.com\/produkt\/ledinspect-headtorch-250-6x1\/#breadcrumb\"},\"inLanguage\":\"fi\",\"potentialAction\":[{\"@type\":\"ReadAction\",\"target\":[\"https:\/\/xenonkungen.com\/produkt\/ledinspect-headtorch-250-6x1\/\"]}]},{\"@type\":\"ImageObject\",\"inLanguage\":\"fi\",\"@id\":\"https:\/\/xenonkungen.com\/produkt\/ledinspect-headtorch-250-6x1\/#primaryimage\",\"url\":\"https:\/\/xenonkungen.com\/wp-content\/uploads\/2025\/04\/215781251-origpic-d8bb6b.jpg\",\"contentUrl\":\"https:\/\/xenonkungen.com\/wp-content\/uploads\/2025\/04\/215781251-origpic-d8bb6b.jpg\",\"width\":915,\"height\":915},{\"@type\":\"BreadcrumbList\",\"@id\":\"https:\/\/xenonkungen.com\/produkt\/ledinspect-headtorch-250-6x1\/#breadcrumb\",\"itemListElement\":[{\"@type\":\"ListItem\",\"position\":1,\"name\":\"Hem\",\"item\":\"https:\/\/xenonkungen.com\/\"},{\"@type\":\"ListItem\",\"position\":2,\"name\":\"Shop\",\"item\":\"https:\/\/xenonkungen.com\/shop\/\"},{\"@type\":\"ListItem\",\"position\":3,\"name\":\"LEDinspect Headtorch 250 6&#215;1\"}]},{\"@type\":\"WebSite\",\"@id\":\"https:\/\/xenonkungen.com\/#website\",\"url\":\"https:\/\/xenonkungen.com\/\",\"name\":\"Xenonkungen\",\"description\":\"\",\"potentialAction\":[{\"@type\":\"SearchAction\",\"target\":{\"@type\":\"EntryPoint\",\"urlTemplate\":\"https:\/\/xenonkungen.com\/?s={search_term_string}\"},\"query-input\":{\"@type\":\"PropertyValueSpecification\",\"valueRequired\":true,\"valueName\":\"search_term_string\"}}],\"inLanguage\":\"fi\"}]}<\/script>\n<!-- \/ Yoast SEO plugin. -->","yoast_head_json":{"title":"LEDinspect Headtorch 250 6x1 - Ksenonkuningas","robots":{"index":"index","follow":"follow","max-snippet":"max-snippet:-1","max-image-preview":"max-image-preview:large","max-video-preview":"max-video-preview:-1"},"canonical":"https:\/\/xenonkungen.com\/fi\/tuote\/ledinspect-otsalamppu-250-6x1\/","og_locale":"fi_FI","og_type":"article","og_title":"LEDinspect Headtorch 250 6x1 - Xenonkungen","og_description":"Den m\u00e5ngsidiga OSRAM LEDinspect HEADTORCH 250 \u00e4r den perfekta pannlampan f\u00f6r b\u00e5de professionellt och privat bruk. Med tv\u00e5 ljusl\u00e4gen, r\u00f6relsesensor och l\u00e5ng batteritid \u00e4r den idealisk f\u00f6r allt fr\u00e5n bilreparationer till hantverksarbeten. Robust och bekv\u00e4m med IP54-klassning.","og_url":"https:\/\/xenonkungen.com\/fi\/tuote\/ledinspect-otsalamppu-250-6x1\/","og_site_name":"Xenonkungen","article_modified_time":"2026-04-11T00:32:36+00:00","og_image":[{"width":915,"height":915,"url":"https:\/\/xenonkungen.com\/wp-content\/uploads\/2025\/04\/215781251-origpic-d8bb6b.jpg","type":"image\/jpeg"}],"twitter_card":"summary_large_image","twitter_misc":{"Arvioitu lukuaika":"1 minuutti"},"schema":{"@context":"https:\/\/schema.org","@graph":[{"@type":"WebPage","@id":"https:\/\/xenonkungen.com\/produkt\/ledinspect-headtorch-250-6x1\/","url":"https:\/\/xenonkungen.com\/produkt\/ledinspect-headtorch-250-6x1\/","name":"LEDinspect Headtorch 250 6x1 - Ksenonkuningas","isPartOf":{"@id":"https:\/\/xenonkungen.com\/#website"},"primaryImageOfPage":{"@id":"https:\/\/xenonkungen.com\/produkt\/ledinspect-headtorch-250-6x1\/#primaryimage"},"image":{"@id":"https:\/\/xenonkungen.com\/produkt\/ledinspect-headtorch-250-6x1\/#primaryimage"},"thumbnailUrl":"https:\/\/xenonkungen.com\/wp-content\/uploads\/2025\/04\/215781251-origpic-d8bb6b.jpg","datePublished":"2025-04-15T10:02:41+00:00","dateModified":"2026-04-11T00:32:36+00:00","breadcrumb":{"@id":"https:\/\/xenonkungen.com\/produkt\/ledinspect-headtorch-250-6x1\/#breadcrumb"},"inLanguage":"fi","potentialAction":[{"@type":"ReadAction","target":["https:\/\/xenonkungen.com\/produkt\/ledinspect-headtorch-250-6x1\/"]}]},{"@type":"ImageObject","inLanguage":"fi","@id":"https:\/\/xenonkungen.com\/produkt\/ledinspect-headtorch-250-6x1\/#primaryimage","url":"https:\/\/xenonkungen.com\/wp-content\/uploads\/2025\/04\/215781251-origpic-d8bb6b.jpg","contentUrl":"https:\/\/xenonkungen.com\/wp-content\/uploads\/2025\/04\/215781251-origpic-d8bb6b.jpg","width":915,"height":915},{"@type":"BreadcrumbList","@id":"https:\/\/xenonkungen.com\/produkt\/ledinspect-headtorch-250-6x1\/#breadcrumb","itemListElement":[{"@type":"ListItem","position":1,"name":"Hem","item":"https:\/\/xenonkungen.com\/"},{"@type":"ListItem","position":2,"name":"Shop","item":"https:\/\/xenonkungen.com\/shop\/"},{"@type":"ListItem","position":3,"name":"LEDinspect Headtorch 250 6&#215;1"}]},{"@type":"WebSite","@id":"https:\/\/xenonkungen.com\/#website","url":"https:\/\/xenonkungen.com\/","name":"Xenonkungen","description":"","potentialAction":[{"@type":"SearchAction","target":{"@type":"EntryPoint","urlTemplate":"https:\/\/xenonkungen.com\/?s={search_term_string}"},"query-input":{"@type":"PropertyValueSpecification","valueRequired":true,"valueName":"search_term_string"}}],"inLanguage":"fi"}]}},"taxonomy_info":{"anvandningsomrade":[{"value":237,"label":"Fritid"}],"product_brand":[{"value":108,"label":"OSRAM"}],"product_cat":[{"value":1402,"label":"Outlet"},{"value":1277,"label":"Pannlampor"}],"pa_fargtemperatur":[{"value":1459,"label":"5700"}],"pa_godkannande":[{"value":2011,"label":"CE , EMC , MSDS , ROHS"}],"pa_led-chips-effekt-w":[{"value":766,"label":"5"}],"pa_storlek-mm":[{"value":2025,"label":"42x67x45"}],"pa_volt-v":[{"value":2016,"label":"3.7"}]},"featured_image_src_large":["https:\/\/xenonkungen.com\/wp-content\/uploads\/2025\/04\/215781251-origpic-d8bb6b.jpg",915,915,false],"author_info":[],"comment_info":0,"_links":{"self":[{"href":"https:\/\/xenonkungen.com\/fi\/wp-json\/wp\/v2\/product\/8073","targetHints":{"allow":["GET"]}}],"collection":[{"href":"https:\/\/xenonkungen.com\/fi\/wp-json\/wp\/v2\/product"}],"about":[{"href":"https:\/\/xenonkungen.com\/fi\/wp-json\/wp\/v2\/types\/product"}],"replies":[{"embeddable":true,"href":"https:\/\/xenonkungen.com\/fi\/wp-json\/wp\/v2\/comments?post=8073"}],"wp:featuredmedia":[{"embeddable":true,"href":"https:\/\/xenonkungen.com\/fi\/wp-json\/wp\/v2\/media\/8074"}],"wp:attachment":[{"href":"https:\/\/xenonkungen.com\/fi\/wp-json\/wp\/v2\/media?parent=8073"}],"wp:term":[{"taxonomy":"anvandningsomrade","embeddable":true,"href":"https:\/\/xenonkungen.com\/fi\/wp-json\/wp\/v2\/anvandningsomrade?post=8073"},{"taxonomy":"bilmarken","embeddable":true,"href":"https:\/\/xenonkungen.com\/fi\/wp-json\/wp\/v2\/bilmarken?post=8073"},{"taxonomy":"product_brand","embeddable":true,"href":"https:\/\/xenonkungen.com\/fi\/wp-json\/wp\/v2\/product_brand?post=8073"},{"taxonomy":"product_cat","embeddable":true,"href":"https:\/\/xenonkungen.com\/fi\/wp-json\/wp\/v2\/product_cat?post=8073"},{"taxonomy":"product_tag","embeddable":true,"href":"https:\/\/xenonkungen.com\/fi\/wp-json\/wp\/v2\/product_tag?post=8073"}],"curies":[{"name":"wp","href":"https:\/\/api.w.org\/{rel}","templated":true}]}}