{"id":8131,"date":"2025-04-15T10:03:44","date_gmt":"2025-04-15T10:03:44","guid":{"rendered":"https:\/\/xenonkungen.com\/product\/ledriving-dynamiska-spegelblinkers-vw-golf-vi-white-edition\/"},"modified":"2026-04-11T01:32:02","modified_gmt":"2026-04-11T00:32:02","slug":"ledriving-dynamic-peilin-vilkut-vw-golf-vi-valkoinen-versio","status":"publish","type":"product","link":"https:\/\/xenonkungen.com\/fi\/tuote\/ledriving-dynamic-peilin-vilkut-vw-golf-vi-valkoinen-versio\/","title":{"rendered":"LEDriving\u00ae Dynaamiset peilien suuntavilkut - VW Golf VI - White Edition - Valkoinen painos"},"content":{"rendered":"<p>OSRAM LEDriving dynaamiset ulkopeilien vilkut <\/p>\n<p><strong>Innovatiivinen ja ajan tasalla<\/strong><\/p>\n<p>Pyrkimyksemme innovointiin ja laatuun ohjaa meit\u00e4 m\u00e4\u00e4rittelem\u00e4\u00e4n uudelleen OSRAMin autovalaistuksen. Yhdess\u00e4 LEDriving-dynaamisten peilivalojen kanssa OSRAMin laaja LED-valikoima on saanut uuden p\u00e4ivityksen. N\u00e4m\u00e4 t\u00e4ysin dynaamiset LED-peilimerkkivalot tarjoavat innovatiivisen muotoilun, joka t\u00e4ydent\u00e4\u00e4 n\u00e4ytt\u00e4v\u00e4sti yksil\u00f6llist\u00e4 ulkon\u00e4k\u00f6\u00e4si. Ne pisteet perustuvat innovatiivisiin korkean suorituskyvyn LEDeihin, joiden kirkkaus on jopa 200% suurempi) ja joiden kontrasti on vaikuttavan korkea p\u00e4iv\u00e4ll\u00e4 ja y\u00f6ll\u00e4 voimakkaan keltaisen LED-valon ansiosta). <\/p>\n<p>Viimeisimm\u00e4n valonohjaustekniikan ansiosta ne tarjoavat my\u00f6s tasaisen valon jakautumisen valaistavalle pinnalle. Kaikkien n\u00e4iden seikkojen ansiosta vastaantuleva liikenne voi havaita ajoneuvosi paremmin ja siten lis\u00e4t\u00e4 turvallisuutta tieliikenteess\u00e4. (Lis\u00e4ksi OSRAM my\u00f6nt\u00e4\u00e4 5 vuoden takuun3).<\/p>\n<p><strong>Korkea yhteensopivuus ja r\u00e4\u00e4t\u00e4l\u00f6ity suunnittelu<\/strong><\/p>\n<p>Dynaamisille LED-peilimittareille on ominaista paitsi innovatiivinen valaistustekniikka my\u00f6s korkea yhteensopivuus. Ne ovat siis yhteensopivia useiden eri ajoneuvomallien kanssa. Valittavana on my\u00f6s kaksi vaihtoehtoa: BLACK EDITION tai WHITE EDITION - molemmat on suunniteltu tuomaan tehokkaasti esiin monien ajoneuvojen yksil\u00f6llist\u00e4 tyyli\u00e4. BLACK edition tekee vaikutuksen s\u00e4vytetyll\u00e4, mustalla muotoilulla, kun taas WHITE editionissa on kirkas ja valkoinen muotoilu. Kahden eri version ansiosta dynaamiset LED-peilimerkkivalot sopivat t\u00e4ydellisesti monenlaisten ajoneuvojen ulkoasuun.<\/p>\n<p><strong>ECE-sertifioitu ja suoraviivainen muuntaminen<\/strong><\/p>\n<p>Ajoneuvon korostaminen t\u00e4ysin laillisesti, yksinkertaisesti ja eritt\u00e4in tyylikk\u00e4\u00e4sti huomiota her\u00e4tt\u00e4vill\u00e4 korostuksilla on nyt eritt\u00e4in helppoa OSRAMin uusimpien innovaatioiden avulla. ECE:n ohjeiden mukaisesti LEDrivingin dynaamisille peilimerkkivaloille on suoritettu tarvittavat testit ja hyv\u00e4ksynn\u00e4t, mik\u00e4 tarkoittaa, ett\u00e4 ne ovat t\u00e4ysin laillisia tieliikenteess\u00e4 eik\u00e4 niit\u00e4 tarvitse rekister\u00f6id\u00e4 ajoneuvon asiakirjoihin. ECE-sertifioitu ECE R6\/R10 -standardin mukaisesti.<br \/>Plug &amp; Play -tekniikka takaa nopean ja mutkattoman LEDriving-dynaamisten peilimittareiden asennuksen, eik\u00e4 olemassa olevia kaapeleita tarvitse vaihtaa tai vahingoittaa.<br \/>Testattu OSRAM-laatu DIN EN ISO \/ IEC 17025:n mukaisesti.<\/p>\n<p>Dynaaminen LEDriving-peilimittari on testattu DIN-sertifioidussa ymp\u00e4rist\u00f6simulointilaboratoriossamme \u00e4\u00e4rimm\u00e4isten ulkoisten vaikutusten varalta veden, p\u00f6lyn, kylmien ja kuumien l\u00e4mp\u00f6tilojen, UV-valon ja jatkuvan t\u00e4rin\u00e4n osalta, ja se on validoitu IP-suojausluokkaan IP6K9K.<\/p>\n<p><strong>Kytke WOW p\u00e4\u00e4lle OSRAM LEDrivingin dynaamisten peilimerkkien avulla.<\/strong><\/p>\n<p><strong>Sopii<\/strong><br \/>VW Golf VI (10\/2008-08\/2012)<br \/>VW Touran I (5\/2010-05\/2015)<\/p>\n<p>Osramin osanumero: LEDDMI 5K0 WT S<\/p>\n<p><strong>Valkoinen painos<\/p>\n<p>Takuu 5 vuotta<\/strong><\/p>\n<p><iframe loading=\"lazy\" frameborder=\"0\" height=\"315\" allow=\"accelerometer; autoplay; encrypted-media; gyroscope; picture-in-picture\" src=\"https:\/\/www.youtube.com\/embed\/TCTduuw_ffc\" width=\"560\" allowfullscreen=\"allowfullscreen\"><\/iframe><\/p>","protected":false},"excerpt":{"rendered":"<p>Osramin dynaaminen peilin suuntavilkku! Antaa autollesi hienomman ilmeen ja lis\u00e4\u00e4 samalla turvallisuutta liikenteess\u00e4!<\/p>","protected":false},"featured_media":8132,"comment_status":"closed","ping_status":"closed","template":"","meta":{"_acf_changed":false,"_smort_price_nok":"1976","_smort_price_dkk":"1255","_smort_price_eur":"168.17","_smort_sale_price_nok":"","_smort_sale_price_dkk":"","_smort_sale_price_eur":"","smort_restorder":"","shipmondo_restorder":"","_kad_blocks_custom_css":"","_kad_blocks_head_custom_js":"","_kad_blocks_body_custom_js":"","_kad_blocks_footer_custom_js":"","smort_custom_pricelist_1":"1184","smort_custom_pricelist_2":"1184","smort_custom_pricelist_3":"1124.8","smort_custom_pricelist_4":"1480","smort_custom_pricelist_5":"1184"},"anvandningsomrade":[],"bilmarken":[],"product_brand":[108],"product_cat":[2644,338],"product_tag":[],"class_list":{"0":"post-8131","1":"product","2":"type-product","3":"status-publish","4":"has-post-thumbnail","6":"product_brand-osram","7":"product_cat-dynamiska-spegelblinkers","8":"product_cat-diodlampor","9":"pa_fuktskydd-varde-ipxx-ip69","10":"pa_godkannande-ece-r7-ece-r10","11":"pa_lampsockel-kontakt-plug-and-play-pnp","12":"pa_volt-v-159","14":"first","15":"instock","16":"taxable","17":"shipping-taxable","18":"purchasable","19":"product-type-simple"},"bundled_by":[],"bundle_stock_status":"instock","bundle_stock_quantity":1,"bundle_virtual":false,"bundle_layout":"","bundle_add_to_cart_form_location":"","bundle_editable_in_cart":false,"bundle_sold_individually_context":"","bundle_item_grouping":"","bundle_min_size":"","bundle_max_size":"","bundle_price":[],"bundled_items":[],"bundle_sell_ids":[],"acf":[],"yoast_head":"<!-- This site is optimized with the Yoast SEO plugin v27.0 - https:\/\/yoast.com\/product\/yoast-seo-wordpress\/ -->\n<title>LEDriving\u00ae Dynamiska spegelblinkers - VW Golf VI - White Edition - Xenonkungen<\/title>\n<meta name=\"robots\" content=\"index, follow, max-snippet:-1, max-image-preview:large, max-video-preview:-1\" \/>\n<link rel=\"canonical\" href=\"https:\/\/xenonkungen.com\/fi\/tuote\/ledriving-dynamic-peilin-vilkut-vw-golf-vi-valkoinen-versio\/\" \/>\n<meta property=\"og:locale\" content=\"fi_FI\" \/>\n<meta property=\"og:type\" content=\"article\" \/>\n<meta property=\"og:title\" content=\"LEDriving\u00ae Dynamiska spegelblinkers - VW Golf VI - White Edition - Xenonkungen\" \/>\n<meta property=\"og:description\" content=\"Dynamisk Spegelblinkers ifr\u00e5n Osram! Ger er bil ett snyggare utseende, samtidigt som det h\u00f6jer s\u00e4kerheten i trafiken!\" \/>\n<meta property=\"og:url\" content=\"https:\/\/xenonkungen.com\/fi\/tuote\/ledriving-dynamic-peilin-vilkut-vw-golf-vi-valkoinen-versio\/\" \/>\n<meta property=\"og:site_name\" content=\"Xenonkungen\" \/>\n<meta property=\"article:modified_time\" content=\"2026-04-11T00:32:02+00:00\" \/>\n<meta property=\"og:image\" content=\"https:\/\/xenonkungen.com\/wp-content\/uploads\/2025\/04\/178098027-origpic-89e1dd.jpg\" \/>\n\t<meta property=\"og:image:width\" content=\"900\" \/>\n\t<meta property=\"og:image:height\" content=\"900\" \/>\n\t<meta property=\"og:image:type\" content=\"image\/jpeg\" \/>\n<meta name=\"twitter:card\" content=\"summary_large_image\" \/>\n<meta name=\"twitter:label1\" content=\"Arvioitu lukuaika\" \/>\n\t<meta name=\"twitter:data1\" content=\"2 minuuttia\" \/>\n<script type=\"application\/ld+json\" class=\"yoast-schema-graph\">{\"@context\":\"https:\/\/schema.org\",\"@graph\":[{\"@type\":\"WebPage\",\"@id\":\"https:\/\/xenonkungen.com\/produkt\/ledriving-dynamiska-spegelblinkers-vw-golf-vi-white-edition\/\",\"url\":\"https:\/\/xenonkungen.com\/produkt\/ledriving-dynamiska-spegelblinkers-vw-golf-vi-white-edition\/\",\"name\":\"LEDriving\u00ae Dynamiska spegelblinkers - VW Golf VI - White Edition - Xenonkungen\",\"isPartOf\":{\"@id\":\"https:\/\/xenonkungen.com\/#website\"},\"primaryImageOfPage\":{\"@id\":\"https:\/\/xenonkungen.com\/produkt\/ledriving-dynamiska-spegelblinkers-vw-golf-vi-white-edition\/#primaryimage\"},\"image\":{\"@id\":\"https:\/\/xenonkungen.com\/produkt\/ledriving-dynamiska-spegelblinkers-vw-golf-vi-white-edition\/#primaryimage\"},\"thumbnailUrl\":\"https:\/\/xenonkungen.com\/wp-content\/uploads\/2025\/04\/178098027-origpic-89e1dd.jpg\",\"datePublished\":\"2025-04-15T10:03:44+00:00\",\"dateModified\":\"2026-04-11T00:32:02+00:00\",\"breadcrumb\":{\"@id\":\"https:\/\/xenonkungen.com\/produkt\/ledriving-dynamiska-spegelblinkers-vw-golf-vi-white-edition\/#breadcrumb\"},\"inLanguage\":\"fi\",\"potentialAction\":[{\"@type\":\"ReadAction\",\"target\":[\"https:\/\/xenonkungen.com\/produkt\/ledriving-dynamiska-spegelblinkers-vw-golf-vi-white-edition\/\"]}]},{\"@type\":\"ImageObject\",\"inLanguage\":\"fi\",\"@id\":\"https:\/\/xenonkungen.com\/produkt\/ledriving-dynamiska-spegelblinkers-vw-golf-vi-white-edition\/#primaryimage\",\"url\":\"https:\/\/xenonkungen.com\/wp-content\/uploads\/2025\/04\/178098027-origpic-89e1dd.jpg\",\"contentUrl\":\"https:\/\/xenonkungen.com\/wp-content\/uploads\/2025\/04\/178098027-origpic-89e1dd.jpg\",\"width\":900,\"height\":900},{\"@type\":\"BreadcrumbList\",\"@id\":\"https:\/\/xenonkungen.com\/produkt\/ledriving-dynamiska-spegelblinkers-vw-golf-vi-white-edition\/#breadcrumb\",\"itemListElement\":[{\"@type\":\"ListItem\",\"position\":1,\"name\":\"Hem\",\"item\":\"https:\/\/xenonkungen.com\/\"},{\"@type\":\"ListItem\",\"position\":2,\"name\":\"Shop\",\"item\":\"https:\/\/xenonkungen.com\/shop\/\"},{\"@type\":\"ListItem\",\"position\":3,\"name\":\"LEDriving\u00ae Dynamiska spegelblinkers &#8211; VW Golf VI &#8211; White Edition\"}]},{\"@type\":\"WebSite\",\"@id\":\"https:\/\/xenonkungen.com\/#website\",\"url\":\"https:\/\/xenonkungen.com\/\",\"name\":\"Xenonkungen\",\"description\":\"\",\"potentialAction\":[{\"@type\":\"SearchAction\",\"target\":{\"@type\":\"EntryPoint\",\"urlTemplate\":\"https:\/\/xenonkungen.com\/?s={search_term_string}\"},\"query-input\":{\"@type\":\"PropertyValueSpecification\",\"valueRequired\":true,\"valueName\":\"search_term_string\"}}],\"inLanguage\":\"fi\"}]}<\/script>\n<!-- \/ Yoast SEO plugin. -->","yoast_head_json":{"title":"LEDriving\u00ae Dynaamiset peilivilkut - VW Golf VI - Valkoinen versio - Ksenonvalot","robots":{"index":"index","follow":"follow","max-snippet":"max-snippet:-1","max-image-preview":"max-image-preview:large","max-video-preview":"max-video-preview:-1"},"canonical":"https:\/\/xenonkungen.com\/fi\/tuote\/ledriving-dynamic-peilin-vilkut-vw-golf-vi-valkoinen-versio\/","og_locale":"fi_FI","og_type":"article","og_title":"LEDriving\u00ae Dynamiska spegelblinkers - VW Golf VI - White Edition - Xenonkungen","og_description":"Dynamisk Spegelblinkers ifr\u00e5n Osram! Ger er bil ett snyggare utseende, samtidigt som det h\u00f6jer s\u00e4kerheten i trafiken!","og_url":"https:\/\/xenonkungen.com\/fi\/tuote\/ledriving-dynamic-peilin-vilkut-vw-golf-vi-valkoinen-versio\/","og_site_name":"Xenonkungen","article_modified_time":"2026-04-11T00:32:02+00:00","og_image":[{"width":900,"height":900,"url":"https:\/\/xenonkungen.com\/wp-content\/uploads\/2025\/04\/178098027-origpic-89e1dd.jpg","type":"image\/jpeg"}],"twitter_card":"summary_large_image","twitter_misc":{"Arvioitu lukuaika":"2 minuuttia"},"schema":{"@context":"https:\/\/schema.org","@graph":[{"@type":"WebPage","@id":"https:\/\/xenonkungen.com\/produkt\/ledriving-dynamiska-spegelblinkers-vw-golf-vi-white-edition\/","url":"https:\/\/xenonkungen.com\/produkt\/ledriving-dynamiska-spegelblinkers-vw-golf-vi-white-edition\/","name":"LEDriving\u00ae Dynaamiset peilivilkut - VW Golf VI - Valkoinen versio - Ksenonvalot","isPartOf":{"@id":"https:\/\/xenonkungen.com\/#website"},"primaryImageOfPage":{"@id":"https:\/\/xenonkungen.com\/produkt\/ledriving-dynamiska-spegelblinkers-vw-golf-vi-white-edition\/#primaryimage"},"image":{"@id":"https:\/\/xenonkungen.com\/produkt\/ledriving-dynamiska-spegelblinkers-vw-golf-vi-white-edition\/#primaryimage"},"thumbnailUrl":"https:\/\/xenonkungen.com\/wp-content\/uploads\/2025\/04\/178098027-origpic-89e1dd.jpg","datePublished":"2025-04-15T10:03:44+00:00","dateModified":"2026-04-11T00:32:02+00:00","breadcrumb":{"@id":"https:\/\/xenonkungen.com\/produkt\/ledriving-dynamiska-spegelblinkers-vw-golf-vi-white-edition\/#breadcrumb"},"inLanguage":"fi","potentialAction":[{"@type":"ReadAction","target":["https:\/\/xenonkungen.com\/produkt\/ledriving-dynamiska-spegelblinkers-vw-golf-vi-white-edition\/"]}]},{"@type":"ImageObject","inLanguage":"fi","@id":"https:\/\/xenonkungen.com\/produkt\/ledriving-dynamiska-spegelblinkers-vw-golf-vi-white-edition\/#primaryimage","url":"https:\/\/xenonkungen.com\/wp-content\/uploads\/2025\/04\/178098027-origpic-89e1dd.jpg","contentUrl":"https:\/\/xenonkungen.com\/wp-content\/uploads\/2025\/04\/178098027-origpic-89e1dd.jpg","width":900,"height":900},{"@type":"BreadcrumbList","@id":"https:\/\/xenonkungen.com\/produkt\/ledriving-dynamiska-spegelblinkers-vw-golf-vi-white-edition\/#breadcrumb","itemListElement":[{"@type":"ListItem","position":1,"name":"Hem","item":"https:\/\/xenonkungen.com\/"},{"@type":"ListItem","position":2,"name":"Shop","item":"https:\/\/xenonkungen.com\/shop\/"},{"@type":"ListItem","position":3,"name":"LEDriving\u00ae Dynamiska spegelblinkers &#8211; VW Golf VI &#8211; White Edition"}]},{"@type":"WebSite","@id":"https:\/\/xenonkungen.com\/#website","url":"https:\/\/xenonkungen.com\/","name":"Xenonkungen","description":"","potentialAction":[{"@type":"SearchAction","target":{"@type":"EntryPoint","urlTemplate":"https:\/\/xenonkungen.com\/?s={search_term_string}"},"query-input":{"@type":"PropertyValueSpecification","valueRequired":true,"valueName":"search_term_string"}}],"inLanguage":"fi"}]}},"taxonomy_info":{"product_brand":[{"value":108,"label":"OSRAM"}],"product_cat":[{"value":2644,"label":"Dynamiska spegelblinkers"},{"value":338,"label":"Diodlampor"}],"pa_fuktskydd-varde-ipxx":[{"value":960,"label":"IP69"}],"pa_godkannande":[{"value":2033,"label":"ECE R7 , ECE R10"}],"pa_lampsockel-kontakt":[{"value":2032,"label":"Plug and Play (PnP)"}],"pa_volt-v":[{"value":159,"label":"12"}]},"featured_image_src_large":["https:\/\/xenonkungen.com\/wp-content\/uploads\/2025\/04\/178098027-origpic-89e1dd.jpg",900,900,false],"author_info":[],"comment_info":0,"_links":{"self":[{"href":"https:\/\/xenonkungen.com\/fi\/wp-json\/wp\/v2\/product\/8131","targetHints":{"allow":["GET"]}}],"collection":[{"href":"https:\/\/xenonkungen.com\/fi\/wp-json\/wp\/v2\/product"}],"about":[{"href":"https:\/\/xenonkungen.com\/fi\/wp-json\/wp\/v2\/types\/product"}],"replies":[{"embeddable":true,"href":"https:\/\/xenonkungen.com\/fi\/wp-json\/wp\/v2\/comments?post=8131"}],"wp:featuredmedia":[{"embeddable":true,"href":"https:\/\/xenonkungen.com\/fi\/wp-json\/wp\/v2\/media\/8132"}],"wp:attachment":[{"href":"https:\/\/xenonkungen.com\/fi\/wp-json\/wp\/v2\/media?parent=8131"}],"wp:term":[{"taxonomy":"anvandningsomrade","embeddable":true,"href":"https:\/\/xenonkungen.com\/fi\/wp-json\/wp\/v2\/anvandningsomrade?post=8131"},{"taxonomy":"bilmarken","embeddable":true,"href":"https:\/\/xenonkungen.com\/fi\/wp-json\/wp\/v2\/bilmarken?post=8131"},{"taxonomy":"product_brand","embeddable":true,"href":"https:\/\/xenonkungen.com\/fi\/wp-json\/wp\/v2\/product_brand?post=8131"},{"taxonomy":"product_cat","embeddable":true,"href":"https:\/\/xenonkungen.com\/fi\/wp-json\/wp\/v2\/product_cat?post=8131"},{"taxonomy":"product_tag","embeddable":true,"href":"https:\/\/xenonkungen.com\/fi\/wp-json\/wp\/v2\/product_tag?post=8131"}],"curies":[{"name":"wp","href":"https:\/\/api.w.org\/{rel}","templated":true}]}}