{"id":8160,"date":"2025-04-15T10:03:59","date_gmt":"2025-04-15T10:03:59","guid":{"rendered":"https:\/\/xenonkungen.com\/product\/ledriving-dynamiska-spegelblinkers-audi-a3-8v-black-edition\/"},"modified":"2026-04-11T01:31:52","modified_gmt":"2026-04-11T00:31:52","slug":"ledriving-dynamic-peilin-vilkut-audi-a3-8v-musta-versio","status":"publish","type":"product","link":"https:\/\/xenonkungen.com\/fi\/tuote\/ledriving-dynamic-peilin-vilkut-audi-a3-8v-musta-versio\/","title":{"rendered":"LEDriving\u00ae Dynaamiset peilien suuntavilkut - Audi A3 8V - Black Edition - musta painos"},"content":{"rendered":"<p>L\u00e4mmitt\u00e4\u00e4ksesi vau-efektin OSRAM LEDriving dynaamisilla ulkopeilivilkuilla<\/p>\n<p>Innovatiivinen ja ajan tasalla<\/p>\n<p>Sitoutumisemme innovaatioihin ja laatuun ohjaa meit\u00e4 m\u00e4\u00e4rittelem\u00e4\u00e4n OSRAMin autovalaistuksen uudelleen. Yhdess\u00e4 LEDriving-dynaamisten peilivilkkuvalojen kanssa OSRAMin laaja LED-valikoima on p\u00e4ivitetty entisest\u00e4\u00e4n. N\u00e4m\u00e4 t\u00e4ysin dynaamiset LED-peilivilkut tarjoavat innovatiivisen muotoilun, joka t\u00e4ydent\u00e4\u00e4 vaikuttavasti yksil\u00f6llist\u00e4 tyyli\u00e4si. Ne saavat pisteit\u00e4 innovatiivisten, tehokkaiden LEDien ansiosta, joilla on jopa 200% enemm\u00e4n kirkkautta ja vaikuttava kontrasti sek\u00e4 p\u00e4iv\u00e4ll\u00e4 ett\u00e4 y\u00f6ll\u00e4 voimakkaan keltaisen LED-valon ansiosta.<\/p>\n<p>Uusimman valonohjaustekniikan ansiosta ne tarjoavat my\u00f6s tasaisen valonjaon valaistavalla alueella. Kaikkien n\u00e4iden ominaisuuksien ansiosta ajoneuvosi havaitseminen vastaantulevasta liikenteest\u00e4 voi parantua ja siten lis\u00e4t\u00e4 liikenneturvallisuutta. (Lis\u00e4ksi OSRAM tarjoaa 5 vuoden takuun.)<\/p>\n<p>Korkea yhteensopivuus ja r\u00e4\u00e4t\u00e4l\u00f6ity suunnittelu<\/p>\n<p>Dynaamisille LED-peilimittareille on ominaista paitsi innovatiivinen valaistustekniikka my\u00f6s korkea yhteensopivuus. Ne ovat siis yhteensopivia useiden eri ajoneuvomallien kanssa. Valittavana on my\u00f6s kaksi vaihtoehtoa: BLACK EDITION tai WHITE EDITION - molemmat on suunniteltu tuomaan tehokkaasti esiin monien ajoneuvojen yksil\u00f6llist\u00e4 tyyli\u00e4. BLACK edition tekee vaikutuksen s\u00e4vytetyll\u00e4, mustalla muotoilulla, kun taas WHITE editionissa on kirkas ja valkoinen muotoilu. Kahden eri version ansiosta dynaamiset LED-peilimerkkivalot sopivat t\u00e4ydellisesti monenlaisten ajoneuvojen ulkoasuun.<\/p>\n<p>ECE-sertifioitu ja suoraviivainen muuntaminen<br \/>Ajoneuvon korostaminen t\u00e4ysin laillisesti, yksinkertaisesti ja eritt\u00e4in tyylikk\u00e4\u00e4sti huomiota her\u00e4tt\u00e4vill\u00e4 korostuksilla on nyt eritt\u00e4in helppoa OSRAMin uusimpien innovaatioiden avulla. ECE:n ohjeiden mukaisesti LEDrivingin dynaamisille peilimerkkivaloille on suoritettu tarvittavat testit ja hyv\u00e4ksynn\u00e4t, mik\u00e4 tarkoittaa, ett\u00e4 ne ovat t\u00e4ysin laillisia tieliikenteess\u00e4 eik\u00e4 niit\u00e4 tarvitse rekister\u00f6id\u00e4 ajoneuvon asiakirjoihin. ECE-sertifioitu ECE R6\/R10 -standardin mukaisesti.<\/p>\n<p>Plug &amp; Play -tekniikka takaa nopean ja mutkattoman LEDriving-dynaamisten peilimittareiden asennuksen, eik\u00e4 olemassa olevia kaapeleita tarvitse vaihtaa tai vahingoittaa.<\/p>\n<p>Testattu OSRAM-laatu DIN EN ISO \/ IEC 17025:n mukaisesti.<\/p>\n<p>LEDrivingin dynaaminen peilivilkku on testattu DIN-sertifioidussa ymp\u00e4rist\u00f6simulaatiolaboratoriossamme \u00e4\u00e4rimm\u00e4isten ulkoisten vaikutusten, kuten veden, p\u00f6lyn, kylmyyden ja kuumuuden, UV-valon sek\u00e4 jatkuvien t\u00e4rin\u00f6iden ja iskujen, varalta ja validoitu IP-suojausluokan IP6K9K mukaisesti.<\/p>\n<p>Kytke WOW p\u00e4\u00e4lle OSRAM LEDrivingin dynaamisten peilimerkkien avulla.<\/p>\n<p><strong> Black Edition | Takuu 5 vuotta | 12V | IP69 | R6, R10 | R6, R10 <\/strong><\/p>\n<p><strong> Koskee: <\/strong><br \/>Audi A3 8V (08\/2012)<br \/>Audi S3 8V (5\/2013)<br \/>Audi RS3 8VA (4\/2015)<\/p>\n<p><iframe loading=\"lazy\" frameborder=\"0\" height=\"315\" allow=\"accelerometer; autoplay; encrypted-media; gyroscope; picture-in-picture\" src=\"https:\/\/www.youtube.com\/embed\/Q8ny4ARAyeA\" width=\"560\" allowfullscreen=\"allowfullscreen\"><\/iframe><\/p>","protected":false},"excerpt":{"rendered":"<p>Dynaamiset vilkut autoosi maailman johtavalta Osramilta! Paranna autosi ulkon\u00e4k\u00f6\u00e4 ja tee ajoneuvostasi turvallisempi liikenteess\u00e4!<\/p>","protected":false},"featured_media":8161,"comment_status":"closed","ping_status":"closed","template":"","meta":{"_acf_changed":false,"_smort_price_nok":"2446","_smort_price_dkk":"1554","_smort_price_eur":"208.17","_smort_sale_price_nok":"","_smort_sale_price_dkk":"","_smort_sale_price_eur":"","smort_restorder":"","shipmondo_restorder":"","_kad_blocks_custom_css":"","_kad_blocks_head_custom_js":"","_kad_blocks_body_custom_js":"","_kad_blocks_footer_custom_js":"","smort_custom_pricelist_1":"1465.6","smort_custom_pricelist_2":"1465.6","smort_custom_pricelist_3":"1392.32","smort_custom_pricelist_4":"1832","smort_custom_pricelist_5":"1465.6"},"anvandningsomrade":[],"bilmarken":[],"product_brand":[108],"product_cat":[2644,338],"product_tag":[],"class_list":{"0":"post-8160","1":"product","2":"type-product","3":"status-publish","4":"has-post-thumbnail","6":"product_brand-osram","7":"product_cat-dynamiska-spegelblinkers","8":"product_cat-diodlampor","9":"pa_fuktskydd-varde-ipxx-ip69","10":"pa_godkannande-ece-r7-ece-r10","11":"pa_lampsockel-kontakt-plug-and-play-pnp","12":"pa_volt-v-159","14":"first","15":"instock","16":"taxable","17":"shipping-taxable","18":"purchasable","19":"product-type-simple"},"bundled_by":[],"bundle_stock_status":"instock","bundle_stock_quantity":1,"bundle_virtual":false,"bundle_layout":"","bundle_add_to_cart_form_location":"","bundle_editable_in_cart":false,"bundle_sold_individually_context":"","bundle_item_grouping":"","bundle_min_size":"","bundle_max_size":"","bundle_price":[],"bundled_items":[],"bundle_sell_ids":[],"acf":[],"yoast_head":"<!-- This site is optimized with the Yoast SEO plugin v27.0 - https:\/\/yoast.com\/product\/yoast-seo-wordpress\/ -->\n<title>LEDriving\u00ae Dynamiska spegelblinkers - Audi A3 8V - Black Edition - Xenonkungen<\/title>\n<meta name=\"robots\" content=\"index, follow, max-snippet:-1, max-image-preview:large, max-video-preview:-1\" \/>\n<link rel=\"canonical\" href=\"https:\/\/xenonkungen.com\/fi\/tuote\/ledriving-dynamic-peilin-vilkut-audi-a3-8v-musta-versio\/\" \/>\n<meta property=\"og:locale\" content=\"fi_FI\" \/>\n<meta property=\"og:type\" content=\"article\" \/>\n<meta property=\"og:title\" content=\"LEDriving\u00ae Dynamiska spegelblinkers - Audi A3 8V - Black Edition - Xenonkungen\" \/>\n<meta property=\"og:description\" content=\"Dynamisk blinker till din bil fr\u00e5n v\u00e4rldsledaren Osram! Lyfter utseendet p\u00e5 er bil, samtidigt som den g\u00f6r ert fordon s\u00e4krare i trafiken!\" \/>\n<meta property=\"og:url\" content=\"https:\/\/xenonkungen.com\/fi\/tuote\/ledriving-dynamic-peilin-vilkut-audi-a3-8v-musta-versio\/\" \/>\n<meta property=\"og:site_name\" content=\"Xenonkungen\" \/>\n<meta property=\"article:modified_time\" content=\"2026-04-11T00:31:52+00:00\" \/>\n<meta property=\"og:image\" content=\"https:\/\/xenonkungen.com\/wp-content\/uploads\/2025\/04\/178097919-origpic-e90efd.jpg\" \/>\n\t<meta property=\"og:image:width\" content=\"900\" \/>\n\t<meta property=\"og:image:height\" content=\"900\" \/>\n\t<meta property=\"og:image:type\" content=\"image\/jpeg\" \/>\n<meta name=\"twitter:card\" content=\"summary_large_image\" \/>\n<meta name=\"twitter:label1\" content=\"Arvioitu lukuaika\" \/>\n\t<meta name=\"twitter:data1\" content=\"2 minuuttia\" \/>\n<script type=\"application\/ld+json\" class=\"yoast-schema-graph\">{\"@context\":\"https:\/\/schema.org\",\"@graph\":[{\"@type\":\"WebPage\",\"@id\":\"https:\/\/xenonkungen.com\/produkt\/ledriving-dynamiska-spegelblinkers-audi-a3-8v-black-edition\/\",\"url\":\"https:\/\/xenonkungen.com\/produkt\/ledriving-dynamiska-spegelblinkers-audi-a3-8v-black-edition\/\",\"name\":\"LEDriving\u00ae Dynamiska spegelblinkers - Audi A3 8V - Black Edition - Xenonkungen\",\"isPartOf\":{\"@id\":\"https:\/\/xenonkungen.com\/#website\"},\"primaryImageOfPage\":{\"@id\":\"https:\/\/xenonkungen.com\/produkt\/ledriving-dynamiska-spegelblinkers-audi-a3-8v-black-edition\/#primaryimage\"},\"image\":{\"@id\":\"https:\/\/xenonkungen.com\/produkt\/ledriving-dynamiska-spegelblinkers-audi-a3-8v-black-edition\/#primaryimage\"},\"thumbnailUrl\":\"https:\/\/xenonkungen.com\/wp-content\/uploads\/2025\/04\/178097919-origpic-e90efd.jpg\",\"datePublished\":\"2025-04-15T10:03:59+00:00\",\"dateModified\":\"2026-04-11T00:31:52+00:00\",\"breadcrumb\":{\"@id\":\"https:\/\/xenonkungen.com\/produkt\/ledriving-dynamiska-spegelblinkers-audi-a3-8v-black-edition\/#breadcrumb\"},\"inLanguage\":\"fi\",\"potentialAction\":[{\"@type\":\"ReadAction\",\"target\":[\"https:\/\/xenonkungen.com\/produkt\/ledriving-dynamiska-spegelblinkers-audi-a3-8v-black-edition\/\"]}]},{\"@type\":\"ImageObject\",\"inLanguage\":\"fi\",\"@id\":\"https:\/\/xenonkungen.com\/produkt\/ledriving-dynamiska-spegelblinkers-audi-a3-8v-black-edition\/#primaryimage\",\"url\":\"https:\/\/xenonkungen.com\/wp-content\/uploads\/2025\/04\/178097919-origpic-e90efd.jpg\",\"contentUrl\":\"https:\/\/xenonkungen.com\/wp-content\/uploads\/2025\/04\/178097919-origpic-e90efd.jpg\",\"width\":900,\"height\":900},{\"@type\":\"BreadcrumbList\",\"@id\":\"https:\/\/xenonkungen.com\/produkt\/ledriving-dynamiska-spegelblinkers-audi-a3-8v-black-edition\/#breadcrumb\",\"itemListElement\":[{\"@type\":\"ListItem\",\"position\":1,\"name\":\"Hem\",\"item\":\"https:\/\/xenonkungen.com\/\"},{\"@type\":\"ListItem\",\"position\":2,\"name\":\"Shop\",\"item\":\"https:\/\/xenonkungen.com\/shop\/\"},{\"@type\":\"ListItem\",\"position\":3,\"name\":\"LEDriving\u00ae Dynamiska spegelblinkers &#8211; Audi A3 8V &#8211; Black Edition\"}]},{\"@type\":\"WebSite\",\"@id\":\"https:\/\/xenonkungen.com\/#website\",\"url\":\"https:\/\/xenonkungen.com\/\",\"name\":\"Xenonkungen\",\"description\":\"\",\"potentialAction\":[{\"@type\":\"SearchAction\",\"target\":{\"@type\":\"EntryPoint\",\"urlTemplate\":\"https:\/\/xenonkungen.com\/?s={search_term_string}\"},\"query-input\":{\"@type\":\"PropertyValueSpecification\",\"valueRequired\":true,\"valueName\":\"search_term_string\"}}],\"inLanguage\":\"fi\"}]}<\/script>\n<!-- \/ Yoast SEO plugin. -->","yoast_head_json":{"title":"LEDriving\u00ae Dynaamiset peilivilkut - Audi A3 8V - Musta versio - Ksenonvalot","robots":{"index":"index","follow":"follow","max-snippet":"max-snippet:-1","max-image-preview":"max-image-preview:large","max-video-preview":"max-video-preview:-1"},"canonical":"https:\/\/xenonkungen.com\/fi\/tuote\/ledriving-dynamic-peilin-vilkut-audi-a3-8v-musta-versio\/","og_locale":"fi_FI","og_type":"article","og_title":"LEDriving\u00ae Dynamiska spegelblinkers - Audi A3 8V - Black Edition - Xenonkungen","og_description":"Dynamisk blinker till din bil fr\u00e5n v\u00e4rldsledaren Osram! Lyfter utseendet p\u00e5 er bil, samtidigt som den g\u00f6r ert fordon s\u00e4krare i trafiken!","og_url":"https:\/\/xenonkungen.com\/fi\/tuote\/ledriving-dynamic-peilin-vilkut-audi-a3-8v-musta-versio\/","og_site_name":"Xenonkungen","article_modified_time":"2026-04-11T00:31:52+00:00","og_image":[{"width":900,"height":900,"url":"https:\/\/xenonkungen.com\/wp-content\/uploads\/2025\/04\/178097919-origpic-e90efd.jpg","type":"image\/jpeg"}],"twitter_card":"summary_large_image","twitter_misc":{"Arvioitu lukuaika":"2 minuuttia"},"schema":{"@context":"https:\/\/schema.org","@graph":[{"@type":"WebPage","@id":"https:\/\/xenonkungen.com\/produkt\/ledriving-dynamiska-spegelblinkers-audi-a3-8v-black-edition\/","url":"https:\/\/xenonkungen.com\/produkt\/ledriving-dynamiska-spegelblinkers-audi-a3-8v-black-edition\/","name":"LEDriving\u00ae Dynaamiset peilivilkut - Audi A3 8V - Musta versio - Ksenonvalot","isPartOf":{"@id":"https:\/\/xenonkungen.com\/#website"},"primaryImageOfPage":{"@id":"https:\/\/xenonkungen.com\/produkt\/ledriving-dynamiska-spegelblinkers-audi-a3-8v-black-edition\/#primaryimage"},"image":{"@id":"https:\/\/xenonkungen.com\/produkt\/ledriving-dynamiska-spegelblinkers-audi-a3-8v-black-edition\/#primaryimage"},"thumbnailUrl":"https:\/\/xenonkungen.com\/wp-content\/uploads\/2025\/04\/178097919-origpic-e90efd.jpg","datePublished":"2025-04-15T10:03:59+00:00","dateModified":"2026-04-11T00:31:52+00:00","breadcrumb":{"@id":"https:\/\/xenonkungen.com\/produkt\/ledriving-dynamiska-spegelblinkers-audi-a3-8v-black-edition\/#breadcrumb"},"inLanguage":"fi","potentialAction":[{"@type":"ReadAction","target":["https:\/\/xenonkungen.com\/produkt\/ledriving-dynamiska-spegelblinkers-audi-a3-8v-black-edition\/"]}]},{"@type":"ImageObject","inLanguage":"fi","@id":"https:\/\/xenonkungen.com\/produkt\/ledriving-dynamiska-spegelblinkers-audi-a3-8v-black-edition\/#primaryimage","url":"https:\/\/xenonkungen.com\/wp-content\/uploads\/2025\/04\/178097919-origpic-e90efd.jpg","contentUrl":"https:\/\/xenonkungen.com\/wp-content\/uploads\/2025\/04\/178097919-origpic-e90efd.jpg","width":900,"height":900},{"@type":"BreadcrumbList","@id":"https:\/\/xenonkungen.com\/produkt\/ledriving-dynamiska-spegelblinkers-audi-a3-8v-black-edition\/#breadcrumb","itemListElement":[{"@type":"ListItem","position":1,"name":"Hem","item":"https:\/\/xenonkungen.com\/"},{"@type":"ListItem","position":2,"name":"Shop","item":"https:\/\/xenonkungen.com\/shop\/"},{"@type":"ListItem","position":3,"name":"LEDriving\u00ae Dynamiska spegelblinkers &#8211; Audi A3 8V &#8211; Black Edition"}]},{"@type":"WebSite","@id":"https:\/\/xenonkungen.com\/#website","url":"https:\/\/xenonkungen.com\/","name":"Xenonkungen","description":"","potentialAction":[{"@type":"SearchAction","target":{"@type":"EntryPoint","urlTemplate":"https:\/\/xenonkungen.com\/?s={search_term_string}"},"query-input":{"@type":"PropertyValueSpecification","valueRequired":true,"valueName":"search_term_string"}}],"inLanguage":"fi"}]}},"taxonomy_info":{"product_brand":[{"value":108,"label":"OSRAM"}],"product_cat":[{"value":2644,"label":"Dynamiska spegelblinkers"},{"value":338,"label":"Diodlampor"}],"pa_fuktskydd-varde-ipxx":[{"value":960,"label":"IP69"}],"pa_godkannande":[{"value":2033,"label":"ECE R7 , ECE R10"}],"pa_lampsockel-kontakt":[{"value":2032,"label":"Plug and Play (PnP)"}],"pa_volt-v":[{"value":159,"label":"12"}]},"featured_image_src_large":["https:\/\/xenonkungen.com\/wp-content\/uploads\/2025\/04\/178097919-origpic-e90efd.jpg",900,900,false],"author_info":[],"comment_info":0,"_links":{"self":[{"href":"https:\/\/xenonkungen.com\/fi\/wp-json\/wp\/v2\/product\/8160","targetHints":{"allow":["GET"]}}],"collection":[{"href":"https:\/\/xenonkungen.com\/fi\/wp-json\/wp\/v2\/product"}],"about":[{"href":"https:\/\/xenonkungen.com\/fi\/wp-json\/wp\/v2\/types\/product"}],"replies":[{"embeddable":true,"href":"https:\/\/xenonkungen.com\/fi\/wp-json\/wp\/v2\/comments?post=8160"}],"wp:featuredmedia":[{"embeddable":true,"href":"https:\/\/xenonkungen.com\/fi\/wp-json\/wp\/v2\/media\/8161"}],"wp:attachment":[{"href":"https:\/\/xenonkungen.com\/fi\/wp-json\/wp\/v2\/media?parent=8160"}],"wp:term":[{"taxonomy":"anvandningsomrade","embeddable":true,"href":"https:\/\/xenonkungen.com\/fi\/wp-json\/wp\/v2\/anvandningsomrade?post=8160"},{"taxonomy":"bilmarken","embeddable":true,"href":"https:\/\/xenonkungen.com\/fi\/wp-json\/wp\/v2\/bilmarken?post=8160"},{"taxonomy":"product_brand","embeddable":true,"href":"https:\/\/xenonkungen.com\/fi\/wp-json\/wp\/v2\/product_brand?post=8160"},{"taxonomy":"product_cat","embeddable":true,"href":"https:\/\/xenonkungen.com\/fi\/wp-json\/wp\/v2\/product_cat?post=8160"},{"taxonomy":"product_tag","embeddable":true,"href":"https:\/\/xenonkungen.com\/fi\/wp-json\/wp\/v2\/product_tag?post=8160"}],"curies":[{"name":"wp","href":"https:\/\/api.w.org\/{rel}","templated":true}]}}