{"id":8174,"date":"2025-04-15T10:04:26","date_gmt":"2025-04-15T10:04:26","guid":{"rendered":"https:\/\/xenonkungen.com\/product\/ledriving-curved-ledbar-vx100-cb-sr-sm\/"},"modified":"2026-04-11T01:31:42","modified_gmt":"2026-04-11T00:31:42","slug":"ledriving-kaareva-led-palkki-vx100-cb-sr-sm","status":"publish","type":"product","link":"https:\/\/xenonkungen.com\/fi\/tuote\/ledriving-kaareva-led-palkki-vx100-cb-sr-sm\/","title":{"rendered":"LEDriving\u00ae kaareva ledbar VX1000-CB SR-SM"},"content":{"rendered":"<h1>Tutustu OSRAM LEDriving Curved Lightbar VX1000-CB SR SM:n tehoon.<\/h1>\n<p>T\u00e4ydellinen yhdistelm\u00e4 <strong>tarkkuutta, voimaa ja tyyli\u00e4<\/strong>! Kehittyneen LED-tekniikan ja tyylikk\u00e4\u00e4n, kaarevan muotoilun ansiosta t\u00e4m\u00e4 valopalkki tarjoaa seuraavat ominaisuudet <strong>erinomainen n\u00e4kyvyys ja moderni ulkon\u00e4k\u00f6<\/strong>. Ajoitpa sitten tiell\u00e4, maastossa tai vaativissa s\u00e4\u00e4olosuhteissa, OSRAM LEDriving Curved Lightbar <strong>poikkeuksellinen suorituskyky ja turvallisuus<\/strong>.<\/p>\n<h2>Miksi valita OSRAM LEDriving Curved Lightbar?<\/h2>\n<ul>\n<li><strong>Erinomainen kirkkaus<\/strong> - Kokemus <strong>7 650 tehokasta lumenia<\/strong> osoitteesta <strong>36 suorituskykyist\u00e4 OSRAM LED -lamppua<\/strong>. Toimintas\u00e4de on jopa <strong>525 metri\u00e4<\/strong> saat tehokkaan valaistuksen sek\u00e4 lyhyell\u00e4 ett\u00e4 pitk\u00e4ll\u00e4 et\u00e4isyydell\u00e4.<\/li>\n<li><strong>P\u00e4iv\u00e4nvalon kaltainen valo<\/strong> - V\u00e4ril\u00e4mp\u00f6tila on <strong>6 000 Kelvin<\/strong> valoramppi luo <strong>selke\u00e4 ja luonnollinen valaistus<\/strong> mik\u00e4 parantaa n\u00e4kyvyytt\u00e4 ja v\u00e4hent\u00e4\u00e4 silmien v\u00e4symist\u00e4.<\/li>\n<li><strong>Tukeva ja s\u00e4\u00e4nkest\u00e4v\u00e4<\/strong> - Rakennettu koviin olosuhteisiin! Jossa on <strong>IP6K8 &amp; IP6K9K sertifiointi<\/strong> on <strong>vesitiivis ja p\u00f6lytiivis<\/strong>, kun taas se <strong>valettu alumiinikotelo<\/strong> takaa kest\u00e4vyyden ja pitk\u00e4ik\u00e4isyyden.<\/li>\n<li><strong>Helppo asennus ja joustava kiinnitys<\/strong> - Kiitos <strong>s\u00e4\u00e4detyt suluissa<\/strong> valaisinpalkki voidaan asentaa ajoneuvon eri osiin, mukaan lukien <strong>puskurit, ritil\u00e4t ja tuulilasit<\/strong>jopa kaarevilla pinnoilla.<\/li>\n<li><strong>Tyylik\u00e4s ja aerodynaaminen muotoilu<\/strong> - Kaareva muoto noudattaa ajoneuvon linjoja ja antaa ajoneuvolle <strong>virtaviivainen ja moderni ulkoasu<\/strong> jossa yhdistyv\u00e4t toiminta ja tyyli.<\/li>\n<li><strong>Todistettu laatu ja OSRAM-takuu<\/strong> - Med <strong>ECE R149 -sertifiointi<\/strong> ja <strong>2 vuoden takuu<\/strong> saat valopalkin, joka tuottaa <strong>luotettava suorituskyky ja pitk\u00e4aikainen turvallisuus<\/strong>.<\/li>\n<\/ul>\n<p><strong>Haluatko kokea markkinoiden parhaan valaistusratkaisun?<\/strong><br \/>\nValitse <strong>OSRAM LEDriving kaareva valopalkki VX1000-CB SR SM<\/strong> - sill\u00e4 <strong>maksimaalinen n\u00e4kyvyys, huippulaatu ja moderni ulkon\u00e4k\u00f6<\/strong>.<\/p>\n<p><img loading=\"lazy\" decoding=\"async\" src=\"https:\/\/cdn.abicart.com\/shop\/4404\/files\/Produkter\/Osram\/-LEDDL135-CB-SR\/LEDriving-single-mount-black.webp\" alt=\"\" width=\"84\" height=\"84\" \/> \u00a0 \u00a0 <img loading=\"lazy\" decoding=\"async\" src=\"https:\/\/cdn.abicart.com\/shop\/4404\/files\/Produkter\/Osram\/-LEDDL135-CB-SR\/up-to-525m.webp\" alt=\"\" width=\"84\" height=\"84\" \/> \u00a0 \u00a0 <img loading=\"lazy\" decoding=\"async\" src=\"https:\/\/cdn.abicart.com\/shop\/4404\/files\/Produkter\/Osram\/-LEDDL135-CB-SR\/LEDriving-combo-beam-original.webp\" alt=\"\" width=\"84\" height=\"84\" \/> \u00a0 \u00a0 <img loading=\"lazy\" decoding=\"async\" src=\"https:\/\/cdn.abicart.com\/shop\/4404\/files\/Produkter\/Osram\/-LEDDL135-CB-SR\/Curved-Design-Pictos.webp\" alt=\"\" width=\"84\" height=\"84\" \/><\/p>","protected":false},"excerpt":{"rendered":"<p>Combo-s\u00e4dekuvio | 12\/24V | 10100 lm | 6000K<\/p>","protected":false},"featured_media":8175,"comment_status":"closed","ping_status":"closed","template":"","meta":{"_acf_changed":false,"_smort_price_nok":"4267","_smort_price_dkk":"2711","_smort_price_eur":"363.17","_smort_sale_price_nok":"","_smort_sale_price_dkk":"","_smort_sale_price_eur":"","smort_restorder":"","shipmondo_restorder":"","_kad_blocks_custom_css":"","_kad_blocks_head_custom_js":"","_kad_blocks_body_custom_js":"","_kad_blocks_footer_custom_js":"","smort_custom_pricelist_1":"2556.8","smort_custom_pricelist_2":"2237.2","smort_custom_pricelist_3":"2077.4","smort_custom_pricelist_4":"3196","smort_custom_pricelist_5":"2556.8"},"anvandningsomrade":[],"bilmarken":[],"product_brand":[108],"product_cat":[2967,2539,2640,2183],"product_tag":[],"class_list":{"0":"post-8174","1":"product","2":"type-product","3":"status-publish","4":"has-post-thumbnail","6":"product_brand-osram","7":"product_cat-ledramp-curved","8":"product_cat-ledramper","9":"product_cat-osram-ledriving-ledramper","10":"product_cat-osram-ledriving","11":"pa_fargtemperatur-1428","12":"pa_fuktskydd-varde-ipxx-ip6k8-ip6k9k","13":"pa_godkannande-e57-ece-r149","14":"pa_led-chips-effekt-w-400","15":"pa_storlek-mm-67x35x1109","16":"pa_volt-v-13-2","18":"first","19":"instock","20":"taxable","21":"shipping-taxable","22":"purchasable","23":"product-type-simple"},"bundled_by":[],"bundle_stock_status":"instock","bundle_stock_quantity":3,"bundle_virtual":false,"bundle_layout":"","bundle_add_to_cart_form_location":"","bundle_editable_in_cart":false,"bundle_sold_individually_context":"","bundle_item_grouping":"","bundle_min_size":"","bundle_max_size":"","bundle_price":[],"bundled_items":[],"bundle_sell_ids":[],"acf":[],"yoast_head":"<!-- This site is optimized with the Yoast SEO plugin v27.0 - https:\/\/yoast.com\/product\/yoast-seo-wordpress\/ -->\n<title>LEDriving\u00ae Curved Ledbar VX1000-CB SR-SM - Xenonkungen<\/title>\n<meta name=\"robots\" content=\"index, follow, max-snippet:-1, max-image-preview:large, max-video-preview:-1\" \/>\n<link rel=\"canonical\" href=\"https:\/\/xenonkungen.com\/fi\/tuote\/ledriving-kaareva-led-palkki-vx100-cb-sr-sm\/\" \/>\n<meta property=\"og:locale\" content=\"fi_FI\" \/>\n<meta property=\"og:type\" content=\"article\" \/>\n<meta property=\"og:title\" content=\"LEDriving\u00ae Curved Ledbar VX1000-CB SR-SM - Xenonkungen\" \/>\n<meta property=\"og:description\" content=\"Combo beam pattern | 12\/24V | 10100 lm | 6000K\" \/>\n<meta property=\"og:url\" content=\"https:\/\/xenonkungen.com\/fi\/tuote\/ledriving-kaareva-led-palkki-vx100-cb-sr-sm\/\" \/>\n<meta property=\"og:site_name\" content=\"Xenonkungen\" \/>\n<meta property=\"article:modified_time\" content=\"2026-04-11T00:31:42+00:00\" \/>\n<meta property=\"og:image\" content=\"https:\/\/xenonkungen.com\/wp-content\/uploads\/2025\/04\/218646707-origpic-fa741f.jpg\" \/>\n\t<meta property=\"og:image:width\" content=\"1024\" \/>\n\t<meta property=\"og:image:height\" content=\"1024\" \/>\n\t<meta property=\"og:image:type\" content=\"image\/jpeg\" \/>\n<meta name=\"twitter:card\" content=\"summary_large_image\" \/>\n<meta name=\"twitter:label1\" content=\"Arvioitu lukuaika\" \/>\n\t<meta name=\"twitter:data1\" content=\"3 minuuttia\" \/>\n<script type=\"application\/ld+json\" class=\"yoast-schema-graph\">{\"@context\":\"https:\/\/schema.org\",\"@graph\":[{\"@type\":\"WebPage\",\"@id\":\"https:\/\/xenonkungen.com\/produkt\/ledriving-curved-ledbar-vx100-cb-sr-sm\/\",\"url\":\"https:\/\/xenonkungen.com\/produkt\/ledriving-curved-ledbar-vx100-cb-sr-sm\/\",\"name\":\"LEDriving\u00ae Curved Ledbar VX1000-CB SR-SM - Xenonkungen\",\"isPartOf\":{\"@id\":\"https:\/\/xenonkungen.com\/#website\"},\"primaryImageOfPage\":{\"@id\":\"https:\/\/xenonkungen.com\/produkt\/ledriving-curved-ledbar-vx100-cb-sr-sm\/#primaryimage\"},\"image\":{\"@id\":\"https:\/\/xenonkungen.com\/produkt\/ledriving-curved-ledbar-vx100-cb-sr-sm\/#primaryimage\"},\"thumbnailUrl\":\"https:\/\/xenonkungen.com\/wp-content\/uploads\/2025\/04\/218646707-origpic-fa741f.jpg\",\"datePublished\":\"2025-04-15T10:04:26+00:00\",\"dateModified\":\"2026-04-11T00:31:42+00:00\",\"breadcrumb\":{\"@id\":\"https:\/\/xenonkungen.com\/produkt\/ledriving-curved-ledbar-vx100-cb-sr-sm\/#breadcrumb\"},\"inLanguage\":\"fi\",\"potentialAction\":[{\"@type\":\"ReadAction\",\"target\":[\"https:\/\/xenonkungen.com\/produkt\/ledriving-curved-ledbar-vx100-cb-sr-sm\/\"]}]},{\"@type\":\"ImageObject\",\"inLanguage\":\"fi\",\"@id\":\"https:\/\/xenonkungen.com\/produkt\/ledriving-curved-ledbar-vx100-cb-sr-sm\/#primaryimage\",\"url\":\"https:\/\/xenonkungen.com\/wp-content\/uploads\/2025\/04\/218646707-origpic-fa741f.jpg\",\"contentUrl\":\"https:\/\/xenonkungen.com\/wp-content\/uploads\/2025\/04\/218646707-origpic-fa741f.jpg\",\"width\":1024,\"height\":1024},{\"@type\":\"BreadcrumbList\",\"@id\":\"https:\/\/xenonkungen.com\/produkt\/ledriving-curved-ledbar-vx100-cb-sr-sm\/#breadcrumb\",\"itemListElement\":[{\"@type\":\"ListItem\",\"position\":1,\"name\":\"Hem\",\"item\":\"https:\/\/xenonkungen.com\/\"},{\"@type\":\"ListItem\",\"position\":2,\"name\":\"Shop\",\"item\":\"https:\/\/xenonkungen.com\/shop\/\"},{\"@type\":\"ListItem\",\"position\":3,\"name\":\"LEDriving\u00ae Curved Ledbar VX1000-CB SR-SM\"}]},{\"@type\":\"WebSite\",\"@id\":\"https:\/\/xenonkungen.com\/#website\",\"url\":\"https:\/\/xenonkungen.com\/\",\"name\":\"Xenonkungen\",\"description\":\"\",\"potentialAction\":[{\"@type\":\"SearchAction\",\"target\":{\"@type\":\"EntryPoint\",\"urlTemplate\":\"https:\/\/xenonkungen.com\/?s={search_term_string}\"},\"query-input\":{\"@type\":\"PropertyValueSpecification\",\"valueRequired\":true,\"valueName\":\"search_term_string\"}}],\"inLanguage\":\"fi\"}]}<\/script>\n<!-- \/ Yoast SEO plugin. -->","yoast_head_json":{"title":"LEDriving\u00ae Curved Ledbar VX1000-CB SR-SM - Ksenonkuningas","robots":{"index":"index","follow":"follow","max-snippet":"max-snippet:-1","max-image-preview":"max-image-preview:large","max-video-preview":"max-video-preview:-1"},"canonical":"https:\/\/xenonkungen.com\/fi\/tuote\/ledriving-kaareva-led-palkki-vx100-cb-sr-sm\/","og_locale":"fi_FI","og_type":"article","og_title":"LEDriving\u00ae Curved Ledbar VX1000-CB SR-SM - Xenonkungen","og_description":"Combo beam pattern | 12\/24V | 10100 lm | 6000K","og_url":"https:\/\/xenonkungen.com\/fi\/tuote\/ledriving-kaareva-led-palkki-vx100-cb-sr-sm\/","og_site_name":"Xenonkungen","article_modified_time":"2026-04-11T00:31:42+00:00","og_image":[{"width":1024,"height":1024,"url":"https:\/\/xenonkungen.com\/wp-content\/uploads\/2025\/04\/218646707-origpic-fa741f.jpg","type":"image\/jpeg"}],"twitter_card":"summary_large_image","twitter_misc":{"Arvioitu lukuaika":"3 minuuttia"},"schema":{"@context":"https:\/\/schema.org","@graph":[{"@type":"WebPage","@id":"https:\/\/xenonkungen.com\/produkt\/ledriving-curved-ledbar-vx100-cb-sr-sm\/","url":"https:\/\/xenonkungen.com\/produkt\/ledriving-curved-ledbar-vx100-cb-sr-sm\/","name":"LEDriving\u00ae Curved Ledbar VX1000-CB SR-SM - Ksenonkuningas","isPartOf":{"@id":"https:\/\/xenonkungen.com\/#website"},"primaryImageOfPage":{"@id":"https:\/\/xenonkungen.com\/produkt\/ledriving-curved-ledbar-vx100-cb-sr-sm\/#primaryimage"},"image":{"@id":"https:\/\/xenonkungen.com\/produkt\/ledriving-curved-ledbar-vx100-cb-sr-sm\/#primaryimage"},"thumbnailUrl":"https:\/\/xenonkungen.com\/wp-content\/uploads\/2025\/04\/218646707-origpic-fa741f.jpg","datePublished":"2025-04-15T10:04:26+00:00","dateModified":"2026-04-11T00:31:42+00:00","breadcrumb":{"@id":"https:\/\/xenonkungen.com\/produkt\/ledriving-curved-ledbar-vx100-cb-sr-sm\/#breadcrumb"},"inLanguage":"fi","potentialAction":[{"@type":"ReadAction","target":["https:\/\/xenonkungen.com\/produkt\/ledriving-curved-ledbar-vx100-cb-sr-sm\/"]}]},{"@type":"ImageObject","inLanguage":"fi","@id":"https:\/\/xenonkungen.com\/produkt\/ledriving-curved-ledbar-vx100-cb-sr-sm\/#primaryimage","url":"https:\/\/xenonkungen.com\/wp-content\/uploads\/2025\/04\/218646707-origpic-fa741f.jpg","contentUrl":"https:\/\/xenonkungen.com\/wp-content\/uploads\/2025\/04\/218646707-origpic-fa741f.jpg","width":1024,"height":1024},{"@type":"BreadcrumbList","@id":"https:\/\/xenonkungen.com\/produkt\/ledriving-curved-ledbar-vx100-cb-sr-sm\/#breadcrumb","itemListElement":[{"@type":"ListItem","position":1,"name":"Hem","item":"https:\/\/xenonkungen.com\/"},{"@type":"ListItem","position":2,"name":"Shop","item":"https:\/\/xenonkungen.com\/shop\/"},{"@type":"ListItem","position":3,"name":"LEDriving\u00ae Curved Ledbar VX1000-CB SR-SM"}]},{"@type":"WebSite","@id":"https:\/\/xenonkungen.com\/#website","url":"https:\/\/xenonkungen.com\/","name":"Xenonkungen","description":"","potentialAction":[{"@type":"SearchAction","target":{"@type":"EntryPoint","urlTemplate":"https:\/\/xenonkungen.com\/?s={search_term_string}"},"query-input":{"@type":"PropertyValueSpecification","valueRequired":true,"valueName":"search_term_string"}}],"inLanguage":"fi"}]}},"taxonomy_info":{"product_brand":[{"value":108,"label":"OSRAM"}],"product_cat":[{"value":2967,"label":"Ledramp Curved"},{"value":2539,"label":"LEDRAMPER"},{"value":2640,"label":"OSRAM Ledriving"},{"value":2183,"label":"OSRAM LEDriving\u00ae"}],"pa_fargtemperatur":[{"value":1428,"label":"6000"}],"pa_fuktskydd-varde-ipxx":[{"value":1996,"label":"IP6K8 IP6K9K"}],"pa_godkannande":[{"value":2039,"label":"E57 , ECE R149"}],"pa_led-chips-effekt-w":[{"value":400,"label":"108"}],"pa_storlek-mm":[{"value":2037,"label":"67x35x1109"}],"pa_volt-v":[{"value":2038,"label":"13.2"}]},"featured_image_src_large":["https:\/\/xenonkungen.com\/wp-content\/uploads\/2025\/04\/218646707-origpic-fa741f.jpg",1024,1024,false],"author_info":[],"comment_info":0,"_links":{"self":[{"href":"https:\/\/xenonkungen.com\/fi\/wp-json\/wp\/v2\/product\/8174","targetHints":{"allow":["GET"]}}],"collection":[{"href":"https:\/\/xenonkungen.com\/fi\/wp-json\/wp\/v2\/product"}],"about":[{"href":"https:\/\/xenonkungen.com\/fi\/wp-json\/wp\/v2\/types\/product"}],"replies":[{"embeddable":true,"href":"https:\/\/xenonkungen.com\/fi\/wp-json\/wp\/v2\/comments?post=8174"}],"wp:featuredmedia":[{"embeddable":true,"href":"https:\/\/xenonkungen.com\/fi\/wp-json\/wp\/v2\/media\/8175"}],"wp:attachment":[{"href":"https:\/\/xenonkungen.com\/fi\/wp-json\/wp\/v2\/media?parent=8174"}],"wp:term":[{"taxonomy":"anvandningsomrade","embeddable":true,"href":"https:\/\/xenonkungen.com\/fi\/wp-json\/wp\/v2\/anvandningsomrade?post=8174"},{"taxonomy":"bilmarken","embeddable":true,"href":"https:\/\/xenonkungen.com\/fi\/wp-json\/wp\/v2\/bilmarken?post=8174"},{"taxonomy":"product_brand","embeddable":true,"href":"https:\/\/xenonkungen.com\/fi\/wp-json\/wp\/v2\/product_brand?post=8174"},{"taxonomy":"product_cat","embeddable":true,"href":"https:\/\/xenonkungen.com\/fi\/wp-json\/wp\/v2\/product_cat?post=8174"},{"taxonomy":"product_tag","embeddable":true,"href":"https:\/\/xenonkungen.com\/fi\/wp-json\/wp\/v2\/product_tag?post=8174"}],"curies":[{"name":"wp","href":"https:\/\/api.w.org\/{rel}","templated":true}]}}